{"id":15001,"date":"2024-11-29T10:40:59","date_gmt":"2024-11-29T08:40:59","guid":{"rendered":"https:\/\/skaitytaknyga.lt\/?post_type=product&#038;p=15001"},"modified":"2025-09-21T12:47:11","modified_gmt":"2025-09-21T09:47:11","slug":"moters-sveikatos-ir-grozio-enciklopedija","status":"publish","type":"product","link":"https:\/\/skaitytaknyga.lt\/en\/produktas\/moters-sveikatos-ir-grozio-enciklopedija\/","title":{"rendered":"Moters sveikatos ir gro\u017eio enciklopedija"},"content":{"rendered":"<p>\u017dinomiausi\u0173 m\u016bs\u0173 \u0161alies gydytoj\u0173 rekomendacijos J\u016bs\u0173 sveikatai ir gro\u017eiui viename rinkinyje!<\/p>\n<p>I\u0161likite sveika ir gra\u017ei! Jauskit\u0117s ypatingai!<\/p>\n<p>\u201eMoters sveikatos ir gro\u017eio enciklopedija\u201c \u2013 tai didel\u0117s apimties (400 p.) gausiai iliustruotas leidinys, apimantis \u012fvairi\u0105 moters sveikatos ir gyvensenos tematik\u0105 \u2013 da\u017eniausiai pasitaikan\u010dias ligas, negalavimus, j\u0173 pagrindinius simptomus, profilaktik\u0105 ir gydymo metodus, sveikos gyvensenos bei mitybos principus, intymaus gyvenimo, n\u0117\u0161tumo, gimdymo, menopauz\u0117s ir kit\u0173 moters gyvenimo tarpsni\u0173 sveikatos specifik\u0105.<\/p>\n<p>\u0160i\u0105 enciklopedij\u0105 reng\u0117 gerai visuomen\u0117je \u017einomi m\u016bs\u0173 \u0161alies gydytojai, remdamiesi naujausiomis medicinos mokslo \u017einiomis ir daugiamete praktine patirtimi.<\/p>\n<p>Skaitytoj\u0173 pageidavimu enciklopedija papildyta kosmetologijos ir kitomis \u0161iuolaiki\u0161komis moters gro\u017eio i\u0161saugojimo technologijomis.<\/p>\n<p>\u017dini\u0173 apie \u012fvairius negalavimus, patarim\u0173 bei rekomendacij\u0173 \u0161ioje knygoje ras \u012fvairaus am\u017eiaus moterys ir merginos. Leidinys skirtas moters sveikatingumui ir gyvenimo kokybei gerinti.<\/p>\n<p>\u010cia kiekviena ras sau tinkam\u0105 ir reikiam\u0105 patarim\u0105, kaip i\u0161saugoti sveikat\u0105 ir gro\u017e\u012f bei jaustis ypatinga.<\/p>\n<ul class=\"about-product d-none d-xl-block mt-4\">\n<li><strong>Autorius:<\/strong>\u00a0Gra\u017eina Dr\u0105sutien\u0117<\/li>\n<li><strong>Leid\u0117jas:<\/strong>\u00a0\u0160viesa<\/li>\n<li><strong>Metai:<\/strong>\u00a02009<\/li>\n<li><strong>Puslapiai:<\/strong>\u00a0432<\/li>\n<li class=\"toggleable type-new-formats \"><strong>ISBN:<\/strong>\u00a09785430054786<\/li>\n<li><strong>Versijos kodas:<\/strong>\u00a0PT.<\/li>\n<li class=\"toggleable type-new-formats \"><strong>Formatas:<\/strong>\u00a020,5 x 26,5 cm, kieti vir\u0161eliai<\/li>\n<li><strong>Kalba:<\/strong>\u00a0Lietuvi\u0173<\/li>\n<\/ul>\n","protected":false},"excerpt":{"rendered":"<p>\u017dinomiausi\u0173 m\u016bs\u0173 \u0161alies gydytoj\u0173 rekomendacijos J\u016bs\u0173 sveikatai ir gro\u017eiui viename rinkinyje! I\u0161likite sveika ir gra\u017ei! Jauskit\u0117s ypatingai! \u201eMoters sveikatos ir gro\u017eio enciklopedija\u201c \u2013 tai didel\u0117s apimties (400 p.) gausiai iliustruotas leidinys, apimantis \u012fvairi\u0105 moters sveikatos ir gyvensenos tematik\u0105 \u2013 da\u017eniausiai pasitaikan\u010dias ligas, negalavimus, j\u0173 pagrindinius simptomus, profilaktik\u0105 ir gydymo metodus, sveikos gyvensenos bei mitybos principus, intymaus gyvenimo, n\u0117\u0161tumo, gimdymo, menopauz\u0117s ir kit\u0173 moters gyvenimo tarpsni\u0173 sveikatos specifik\u0105. \u0160i\u0105 enciklopedij\u0105 reng\u0117 gerai visuomen\u0117je \u017einomi m\u016bs\u0173 \u0161alies gydytojai, remdamiesi naujausiomis medicinos mokslo \u017einiomis ir daugiamete praktine patirtimi. Skaitytoj\u0173 pageidavimu enciklopedija papildyta kosmetologijos ir kitomis \u0161iuolaiki\u0161komis moters gro\u017eio i\u0161saugojimo technologijomis. \u017dini\u0173 apie \u012fvairius negalavimus, patarim\u0173 bei rekomendacij\u0173 \u0161ioje knygoje ras \u012fvairaus am\u017eiaus moterys ir merginos. Leidinys skirtas moters sveikatingumui ir gyvenimo kokybei gerinti. \u010cia kiekviena ras sau tinkam\u0105 ir reikiam\u0105 patarim\u0105, kaip i\u0161saugoti sveikat\u0105 ir gro\u017e\u012f bei jaustis ypatinga. Autorius:\u00a0Gra\u017eina Dr\u0105sutien\u0117 Leid\u0117jas:\u00a0\u0160viesa Metai:\u00a02009 Puslapiai:\u00a0432 ISBN:\u00a09785430054786 Versijos kodas:\u00a0PT. Formatas:\u00a020,5 x 26,5 cm, kieti vir\u0161eliai Kalba:\u00a0Lietuvi\u0173<\/p>\n","protected":false},"featured_media":15027,"comment_status":"open","ping_status":"closed","template":"","meta":{"_acf_changed":false,"site-sidebar-layout":"default","site-content-layout":"","ast-site-content-layout":"default","site-content-style":"default","site-sidebar-style":"default","ast-global-header-display":"","ast-banner-title-visibility":"","ast-main-header-display":"","ast-hfb-above-header-display":"","ast-hfb-below-header-display":"","ast-hfb-mobile-header-display":"","site-post-title":"","ast-breadcrumbs-content":"","ast-featured-img":"","footer-sml-layout":"","ast-disable-related-posts":"","theme-transparent-header-meta":"default","adv-header-id-meta":"","stick-header-meta":"","header-above-stick-meta":"","header-main-stick-meta":"","header-below-stick-meta":"","astra-migrate-meta-layouts":"set","ast-page-background-enabled":"default","ast-page-background-meta":{"desktop":{"background-color":"","background-image":"","background-repeat":"repeat","background-position":"center center","background-size":"auto","background-attachment":"scroll","background-type":"","background-media":"","overlay-type":"","overlay-color":"","overlay-opacity":"","overlay-gradient":""},"tablet":{"background-color":"","background-image":"","background-repeat":"repeat","background-position":"center center","background-size":"auto","background-attachment":"scroll","background-type":"","background-media":"","overlay-type":"","overlay-color":"","overlay-opacity":"","overlay-gradient":""},"mobile":{"background-color":"","background-image":"","background-repeat":"repeat","background-position":"center center","background-size":"auto","background-attachment":"scroll","background-type":"","background-media":"","overlay-type":"","overlay-color":"","overlay-opacity":"","overlay-gradient":""}},"ast-content-background-meta":{"desktop":{"background-color":"var(--ast-global-color-4)","background-image":"","background-repeat":"repeat","background-position":"center center","background-size":"auto","background-attachment":"scroll","background-type":"","background-media":"","overlay-type":"","overlay-color":"","overlay-opacity":"","overlay-gradient":""},"tablet":{"background-color":"var(--ast-global-color-4)","background-image":"","background-repeat":"repeat","background-position":"center center","background-size":"auto","background-attachment":"scroll","background-type":"","background-media":"","overlay-type":"","overlay-color":"","overlay-opacity":"","overlay-gradient":""},"mobile":{"background-color":"var(--ast-global-color-4)","background-image":"","background-repeat":"repeat","background-position":"center center","background-size":"auto","background-attachment":"scroll","background-type":"","background-media":"","overlay-type":"","overlay-color":"","overlay-opacity":"","overlay-gradient":""}}},"product_brand":[],"product_cat":[15],"product_tag":[],"class_list":{"0":"post-15001","1":"product","2":"type-product","3":"status-publish","4":"has-post-thumbnail","6":"product_cat-uncategorized","7":"desktop-align-left","8":"tablet-align-left","9":"mobile-align-left","11":"first","12":"outofstock","13":"shipping-taxable","14":"purchasable","15":"product-type-simple"},"acf":[],"yoast_head":"<!-- This site is optimized with the Yoast SEO plugin v27.0 - https:\/\/yoast.com\/product\/yoast-seo-wordpress\/ -->\n<title>Moters sveikatos ir gro\u017eio enciklopedija<\/title>\n<meta name=\"description\" content=\"\u017dinomiausi\u0173 m\u016bs\u0173 \u0161alies gydytoj\u0173 rekomendacijos J\u016bs\u0173 sveikatai ir gro\u017eiui viename rinkinyje! I\u0161likite sveika ir gra\u017ei! Jauskit\u0117s ypatingai! \u201eMoters\" \/>\n<meta name=\"robots\" content=\"index, follow, max-snippet:-1, max-image-preview:large, max-video-preview:-1\" \/>\n<link rel=\"canonical\" href=\"https:\/\/skaitytaknyga.lt\/en\/produktas\/moters-sveikatos-ir-grozio-enciklopedija\/\" \/>\n<meta property=\"og:locale\" content=\"en_GB\" \/>\n<meta property=\"og:locale:alternate\" content=\"lt_LT\" \/>\n<meta property=\"og:type\" content=\"article\" \/>\n<meta property=\"og:title\" content=\"Moters sveikatos ir gro\u017eio enciklopedija\" \/>\n<meta property=\"og:description\" content=\"\u017dinomiausi\u0173 m\u016bs\u0173 \u0161alies gydytoj\u0173 rekomendacijos J\u016bs\u0173 sveikatai ir gro\u017eiui viename rinkinyje! I\u0161likite sveika ir gra\u017ei! Jauskit\u0117s ypatingai! \u201eMoters\" \/>\n<meta property=\"og:url\" content=\"https:\/\/skaitytaknyga.lt\/en\/produktas\/moters-sveikatos-ir-grozio-enciklopedija\/\" \/>\n<meta property=\"og:site_name\" content=\"Skaitytaknyga\" \/>\n<meta property=\"article:publisher\" content=\"https:\/\/www.facebook.com\/skaitytaknyga\/\" \/>\n<meta property=\"article:modified_time\" content=\"2025-09-21T09:47:11+00:00\" \/>\n<meta property=\"og:image\" content=\"https:\/\/skaitytaknyga.lt\/wp-content\/uploads\/2024\/11\/Moters-sveikatos-ir-grozio-enciklopedija.webp\" \/>\n\t<meta property=\"og:image:width\" content=\"564\" \/>\n\t<meta property=\"og:image:height\" content=\"745\" \/>\n\t<meta property=\"og:image:type\" content=\"image\/webp\" \/>\n<meta name=\"twitter:card\" content=\"summary_large_image\" \/>\n<meta name=\"twitter:label1\" content=\"Estimated reading time\" \/>\n\t<meta name=\"twitter:data1\" content=\"2 minutes\" \/>\n<script type=\"application\/ld+json\" class=\"yoast-schema-graph\">{\"@context\":\"https:\/\/schema.org\",\"@graph\":[{\"@type\":\"WebPage\",\"@id\":\"https:\/\/skaitytaknyga.lt\/produktas\/moters-sveikatos-ir-grozio-enciklopedija\/\",\"url\":\"https:\/\/skaitytaknyga.lt\/produktas\/moters-sveikatos-ir-grozio-enciklopedija\/\",\"name\":\"Moters sveikatos ir gro\u017eio enciklopedija\",\"isPartOf\":{\"@id\":\"https:\/\/skaitytaknyga.lt\/#website\"},\"primaryImageOfPage\":{\"@id\":\"https:\/\/skaitytaknyga.lt\/produktas\/moters-sveikatos-ir-grozio-enciklopedija\/#primaryimage\"},\"image\":{\"@id\":\"https:\/\/skaitytaknyga.lt\/produktas\/moters-sveikatos-ir-grozio-enciklopedija\/#primaryimage\"},\"thumbnailUrl\":\"https:\/\/skaitytaknyga.lt\/wp-content\/uploads\/2024\/11\/Moters-sveikatos-ir-grozio-enciklopedija.webp\",\"datePublished\":\"2024-11-29T08:40:59+00:00\",\"dateModified\":\"2025-09-21T09:47:11+00:00\",\"description\":\"\u017dinomiausi\u0173 m\u016bs\u0173 \u0161alies gydytoj\u0173 rekomendacijos J\u016bs\u0173 sveikatai ir gro\u017eiui viename rinkinyje! I\u0161likite sveika ir gra\u017ei! Jauskit\u0117s ypatingai! \u201eMoters\",\"breadcrumb\":{\"@id\":\"https:\/\/skaitytaknyga.lt\/produktas\/moters-sveikatos-ir-grozio-enciklopedija\/#breadcrumb\"},\"inLanguage\":\"en-GB\",\"potentialAction\":[{\"@type\":\"ReadAction\",\"target\":[\"https:\/\/skaitytaknyga.lt\/produktas\/moters-sveikatos-ir-grozio-enciklopedija\/\"]}]},{\"@type\":\"ImageObject\",\"inLanguage\":\"en-GB\",\"@id\":\"https:\/\/skaitytaknyga.lt\/produktas\/moters-sveikatos-ir-grozio-enciklopedija\/#primaryimage\",\"url\":\"https:\/\/skaitytaknyga.lt\/wp-content\/uploads\/2024\/11\/Moters-sveikatos-ir-grozio-enciklopedija.webp\",\"contentUrl\":\"https:\/\/skaitytaknyga.lt\/wp-content\/uploads\/2024\/11\/Moters-sveikatos-ir-grozio-enciklopedija.webp\",\"width\":564,\"height\":745},{\"@type\":\"BreadcrumbList\",\"@id\":\"https:\/\/skaitytaknyga.lt\/produktas\/moters-sveikatos-ir-grozio-enciklopedija\/#breadcrumb\",\"itemListElement\":[{\"@type\":\"ListItem\",\"position\":1,\"name\":\"Home\",\"item\":\"https:\/\/skaitytaknyga.lt\/\"},{\"@type\":\"ListItem\",\"position\":2,\"name\":\"Parduotuv\u0117\",\"item\":\"https:\/\/skaitytaknyga.lt\/knygu-parduotuve\/\"},{\"@type\":\"ListItem\",\"position\":3,\"name\":\"Moters sveikatos ir gro\u017eio enciklopedija\"}]},{\"@type\":\"WebSite\",\"@id\":\"https:\/\/skaitytaknyga.lt\/#website\",\"url\":\"https:\/\/skaitytaknyga.lt\/\",\"name\":\"skaitytaknyga.lt\",\"description\":\"Skaitytaknyga.lt \u2013 tai ma\u017eas \u0161eimos verslas, kuris prasid\u0117jo nuo meil\u0117s knygoms ir siekio i\u0161gelb\u0117ti knygas nuo likimo prie konteinerio. Kas vienam nereikalingas daiktas \u2013 kitam lobis, o mes esame tarpininkai, kurie padeda abiems tapti laimingesniems ???? \u017dinome kaip nelengva i\u0161gyventi ma\u017eiems verslams, tad nuo \u0161iol, \u010dia rasite ir kit\u0173, ma\u017e\u0173 \u0161eim\u0173 versl\u0173, rank\u0173 darbo, dovan\u0173 sau ir artimiesiems.\",\"publisher\":{\"@id\":\"https:\/\/skaitytaknyga.lt\/#organization\"},\"potentialAction\":[{\"@type\":\"SearchAction\",\"target\":{\"@type\":\"EntryPoint\",\"urlTemplate\":\"https:\/\/skaitytaknyga.lt\/?s={search_term_string}\"},\"query-input\":{\"@type\":\"PropertyValueSpecification\",\"valueRequired\":true,\"valueName\":\"search_term_string\"}}],\"inLanguage\":\"en-GB\"},{\"@type\":\"Organization\",\"@id\":\"https:\/\/skaitytaknyga.lt\/#organization\",\"name\":\"skaitytaknyga.lt\",\"url\":\"https:\/\/skaitytaknyga.lt\/\",\"logo\":{\"@type\":\"ImageObject\",\"inLanguage\":\"en-GB\",\"@id\":\"https:\/\/skaitytaknyga.lt\/#\/schema\/logo\/image\/\",\"url\":\"https:\/\/skaitytaknyga.lt\/wp-content\/uploads\/2024\/05\/cropped-cropped-cropped-02_00843_jt3bggkj1j3HLc7SyY6rEUpg.jpeg\",\"contentUrl\":\"https:\/\/skaitytaknyga.lt\/wp-content\/uploads\/2024\/05\/cropped-cropped-cropped-02_00843_jt3bggkj1j3HLc7SyY6rEUpg.jpeg\",\"width\":1600,\"height\":1600,\"caption\":\"skaitytaknyga.lt\"},\"image\":{\"@id\":\"https:\/\/skaitytaknyga.lt\/#\/schema\/logo\/image\/\"},\"sameAs\":[\"https:\/\/www.facebook.com\/skaitytaknyga\/\"]}]}<\/script>\n<!-- \/ Yoast SEO plugin. -->","yoast_head_json":{"title":"Moters sveikatos ir gro\u017eio enciklopedija","description":"\u017dinomiausi\u0173 m\u016bs\u0173 \u0161alies gydytoj\u0173 rekomendacijos J\u016bs\u0173 sveikatai ir gro\u017eiui viename rinkinyje! I\u0161likite sveika ir gra\u017ei! Jauskit\u0117s ypatingai! \u201eMoters","robots":{"index":"index","follow":"follow","max-snippet":"max-snippet:-1","max-image-preview":"max-image-preview:large","max-video-preview":"max-video-preview:-1"},"canonical":"https:\/\/skaitytaknyga.lt\/en\/produktas\/moters-sveikatos-ir-grozio-enciklopedija\/","og_locale":"en_GB","og_type":"article","og_title":"[:lt]Moters sveikatos ir gro\u017eio enciklopedija[:] - Skaitytaknyga","og_description":"\u017dinomiausi\u0173 m\u016bs\u0173 \u0161alies gydytoj\u0173 rekomendacijos J\u016bs\u0173 sveikatai ir gro\u017eiui viename rinkinyje! I\u0161likite sveika ir gra\u017ei! Jauskit\u0117s ypatingai! \u201eMoters","og_url":"https:\/\/skaitytaknyga.lt\/en\/produktas\/moters-sveikatos-ir-grozio-enciklopedija\/","og_site_name":"Skaitytaknyga","article_publisher":"https:\/\/www.facebook.com\/skaitytaknyga\/","article_modified_time":"2025-09-21T09:47:11+00:00","og_image":[{"width":564,"height":745,"url":"https:\/\/skaitytaknyga.lt\/wp-content\/uploads\/2024\/11\/Moters-sveikatos-ir-grozio-enciklopedija.webp","type":"image\/webp"}],"twitter_card":"summary_large_image","twitter_misc":{"Estimated reading time":"2 minutes"},"schema":{"@context":"https:\/\/schema.org","@graph":[{"@type":"WebPage","@id":"https:\/\/skaitytaknyga.lt\/produktas\/moters-sveikatos-ir-grozio-enciklopedija\/","url":"https:\/\/skaitytaknyga.lt\/produktas\/moters-sveikatos-ir-grozio-enciklopedija\/","name":"Moters sveikatos ir gro\u017eio enciklopedija","isPartOf":{"@id":"https:\/\/skaitytaknyga.lt\/#website"},"primaryImageOfPage":{"@id":"https:\/\/skaitytaknyga.lt\/produktas\/moters-sveikatos-ir-grozio-enciklopedija\/#primaryimage"},"image":{"@id":"https:\/\/skaitytaknyga.lt\/produktas\/moters-sveikatos-ir-grozio-enciklopedija\/#primaryimage"},"thumbnailUrl":"https:\/\/skaitytaknyga.lt\/wp-content\/uploads\/2024\/11\/Moters-sveikatos-ir-grozio-enciklopedija.webp","datePublished":"2024-11-29T08:40:59+00:00","dateModified":"2025-09-21T09:47:11+00:00","description":"\u017dinomiausi\u0173 m\u016bs\u0173 \u0161alies gydytoj\u0173 rekomendacijos J\u016bs\u0173 sveikatai ir gro\u017eiui viename rinkinyje! I\u0161likite sveika ir gra\u017ei! Jauskit\u0117s ypatingai! \u201eMoters","breadcrumb":{"@id":"https:\/\/skaitytaknyga.lt\/produktas\/moters-sveikatos-ir-grozio-enciklopedija\/#breadcrumb"},"inLanguage":"en-GB","potentialAction":[{"@type":"ReadAction","target":["https:\/\/skaitytaknyga.lt\/produktas\/moters-sveikatos-ir-grozio-enciklopedija\/"]}]},{"@type":"ImageObject","inLanguage":"en-GB","@id":"https:\/\/skaitytaknyga.lt\/produktas\/moters-sveikatos-ir-grozio-enciklopedija\/#primaryimage","url":"https:\/\/skaitytaknyga.lt\/wp-content\/uploads\/2024\/11\/Moters-sveikatos-ir-grozio-enciklopedija.webp","contentUrl":"https:\/\/skaitytaknyga.lt\/wp-content\/uploads\/2024\/11\/Moters-sveikatos-ir-grozio-enciklopedija.webp","width":564,"height":745},{"@type":"BreadcrumbList","@id":"https:\/\/skaitytaknyga.lt\/produktas\/moters-sveikatos-ir-grozio-enciklopedija\/#breadcrumb","itemListElement":[{"@type":"ListItem","position":1,"name":"Home","item":"https:\/\/skaitytaknyga.lt\/"},{"@type":"ListItem","position":2,"name":"Parduotuv\u0117","item":"https:\/\/skaitytaknyga.lt\/knygu-parduotuve\/"},{"@type":"ListItem","position":3,"name":"Moters sveikatos ir gro\u017eio enciklopedija"}]},{"@type":"WebSite","@id":"https:\/\/skaitytaknyga.lt\/#website","url":"https:\/\/skaitytaknyga.lt\/","name":"skaitytaknyga.lt","description":"Skaitytaknyga.lt \u2013 tai ma\u017eas \u0161eimos verslas, kuris prasid\u0117jo nuo meil\u0117s knygoms ir siekio i\u0161gelb\u0117ti knygas nuo likimo prie konteinerio. Kas vienam nereikalingas daiktas \u2013 kitam lobis, o mes esame tarpininkai, kurie padeda abiems tapti laimingesniems ???? \u017dinome kaip nelengva i\u0161gyventi ma\u017eiems verslams, tad nuo \u0161iol, \u010dia rasite ir kit\u0173, ma\u017e\u0173 \u0161eim\u0173 versl\u0173, rank\u0173 darbo, dovan\u0173 sau ir artimiesiems.","publisher":{"@id":"https:\/\/skaitytaknyga.lt\/#organization"},"potentialAction":[{"@type":"SearchAction","target":{"@type":"EntryPoint","urlTemplate":"https:\/\/skaitytaknyga.lt\/?s={search_term_string}"},"query-input":{"@type":"PropertyValueSpecification","valueRequired":true,"valueName":"search_term_string"}}],"inLanguage":"en-GB"},{"@type":"Organization","@id":"https:\/\/skaitytaknyga.lt\/#organization","name":"skaitytaknyga.lt","url":"https:\/\/skaitytaknyga.lt\/","logo":{"@type":"ImageObject","inLanguage":"en-GB","@id":"https:\/\/skaitytaknyga.lt\/#\/schema\/logo\/image\/","url":"https:\/\/skaitytaknyga.lt\/wp-content\/uploads\/2024\/05\/cropped-cropped-cropped-02_00843_jt3bggkj1j3HLc7SyY6rEUpg.jpeg","contentUrl":"https:\/\/skaitytaknyga.lt\/wp-content\/uploads\/2024\/05\/cropped-cropped-cropped-02_00843_jt3bggkj1j3HLc7SyY6rEUpg.jpeg","width":1600,"height":1600,"caption":"skaitytaknyga.lt"},"image":{"@id":"https:\/\/skaitytaknyga.lt\/#\/schema\/logo\/image\/"},"sameAs":["https:\/\/www.facebook.com\/skaitytaknyga\/"]}]}},"_links":{"self":[{"href":"https:\/\/skaitytaknyga.lt\/en\/wp-json\/wp\/v2\/product\/15001","targetHints":{"allow":["GET"]}}],"collection":[{"href":"https:\/\/skaitytaknyga.lt\/en\/wp-json\/wp\/v2\/product"}],"about":[{"href":"https:\/\/skaitytaknyga.lt\/en\/wp-json\/wp\/v2\/types\/product"}],"replies":[{"embeddable":true,"href":"https:\/\/skaitytaknyga.lt\/en\/wp-json\/wp\/v2\/comments?post=15001"}],"wp:featuredmedia":[{"embeddable":true,"href":"https:\/\/skaitytaknyga.lt\/en\/wp-json\/wp\/v2\/media\/15027"}],"wp:attachment":[{"href":"https:\/\/skaitytaknyga.lt\/en\/wp-json\/wp\/v2\/media?parent=15001"}],"wp:term":[{"taxonomy":"product_brand","embeddable":true,"href":"https:\/\/skaitytaknyga.lt\/en\/wp-json\/wp\/v2\/product_brand?post=15001"},{"taxonomy":"product_cat","embeddable":true,"href":"https:\/\/skaitytaknyga.lt\/en\/wp-json\/wp\/v2\/product_cat?post=15001"},{"taxonomy":"product_tag","embeddable":true,"href":"https:\/\/skaitytaknyga.lt\/en\/wp-json\/wp\/v2\/product_tag?post=15001"}],"curies":[{"name":"wp","href":"https:\/\/api.w.org\/{rel}","templated":true}]}}