{"id":14999,"date":"2024-11-29T10:40:59","date_gmt":"2024-11-29T08:40:59","guid":{"rendered":"https:\/\/skaitytaknyga.lt\/?post_type=product&#038;p=14999"},"modified":"2026-03-05T11:04:37","modified_gmt":"2026-03-05T09:04:37","slug":"silva-rerum-ii","status":"publish","type":"product","link":"https:\/\/skaitytaknyga.lt\/en\/produktas\/silva-rerum-ii\/","title":{"rendered":"Silva Rerum II"},"content":{"rendered":"<p>Menotyros moksl\u0173 daktar\u0117, \u017eurnalist\u0117 Kristina Sabaliauskait\u0117 2008-aisiais debiutavo istoriniu romanu \u201eSilva Rerum\u201c (\u201eBaltos lankos\u201c). K\u016brinys tapo tikru literat\u016briniu \u012fvykiu Lietuvoje. \u012evertintas kritik\u0173 ir kult\u016bros istorijos specialist\u0173, skaitytojus jis paverg\u0117 vaizdingumu ir sodria, turtinga kalba, pasakojan\u010dia apie autenti\u0161k\u0105 XVII am\u017eiaus (1659\u20131667 met\u0173) atmosfer\u0105 ir \u012fvykius. \u0160maik\u0161ti publicist\u0117s plunksna, gro\u017eiui ir detal\u0117ms atidi menotyrinink\u0117s akis ir humanitar\u0117s d\u0117mesys epochos dvasinei istorijai \u2013 tai su niekuo nesupainiojamo autor\u0117s stiliaus d\u0117menys, teikiantys daugiasluoksnio skaitymo malonum\u0105.<\/p>\n<p>2008-aisiais romanas \u201eSilva Rerum\u201c peln\u0117 Jurgos Ivanauskait\u0117s premij\u0105 ir buvo \u012ftrauktas \u012f Lietuvi\u0173 literat\u016bros instituto k\u016brybi\u0161kiausi\u0173 knyg\u0173 dvyliktuk\u0105, o 2009-aisiais skaitytoj\u0173 i\u0161rinktas Lietuvos Met\u0173 knyga ir kritik\u0173 oficialiai pavadintas viena \u012fsimintiniausi\u0173 de\u0161imtme\u010dio knyg\u0173.<\/p>\n<p>\u201eSilva Rerum II\u201c \u2013 antrasis \u0161ios autor\u0117s romanas, t\u0119siantis Norvai\u0161\u0173 \u0161eimos istorij\u0105. Tai pasakojimas apie 1707\u20131710 metus. Karas, maras, badas, besaik\u0117 prabanga ir mirtinas alkis, \u0161ved\u0173 ir rus\u0173 kareiviai, \u017eydai gydytojai, olandai kortuotojai, turk\u0117s sugulov\u0117s, pranc\u016bz\u0117s damos, u\u017esispyr\u0119 \u017eemai\u010diai ir ironi\u0161ki vilnie\u010diai, bevardis vienuolis, palaidoj\u0119s daugiau nei dvide\u0161imt t\u016bkstan\u010di\u0173 maro auk\u0173, ir, \u017einoma, dar viena bajori\u0161kos Norvai\u0161\u0173 gimin\u0117s karta. Tai \u2013 tarsi tikras \u201eatminties detektyvas\u201c, i\u0161 kurio bus galima su\u017einoti, kaip susiklost\u0117 ankstesn\u0117s kartos nari\u0173 likimai, nors kai kurie j\u0173 yra tokie, kad panorus juos \u012fra\u0161yti \u012f silva rerum \u2013 i\u0161 kartos \u012f kart\u0105 perduodam\u0105 bajor\u0173 \u201e\u0161eimos knyg\u0105\u201c \u2013 ima dreb\u0117ti ranka&#8230; Ar toks buvo visagalio Vie\u0161paties planas? O gal visagalis t\u0117ra aklas atsitiktinumas?<\/p>\n<p>Antroji Silva rerum kitokia negu pirmoji \u2013 ta\u010diau autor\u0117 v\u0117l keri jau pa\u017e\u012fstama takaus, \u012ftraukian\u010dio pasakojimo magija, ry\u0161kiais heroj\u0173 paveikslais, sumaniai suaustomis siu\u017eeto gijomis ir ta nepakartojama nuodugniai dalyk\u0105 i\u0161manan\u010dio, protingo \u017emogaus intonacija, kuri suteikia Kristinos Sabaliauskait\u0117s romanams reto \u017eavesio.<\/p>\n<ul class=\"about-product d-none d-xl-block mt-4\">\n<li><strong>Autorius:<\/strong>\u00a0Kristina Sabaliauskait\u0117<\/li>\n<li><strong>Leid\u0117jas:<\/strong>\u00a0Baltos lankos<\/li>\n<li><strong>Metai:<\/strong>\u00a02011<\/li>\n<li><strong>Puslapiai:<\/strong>\u00a0292<\/li>\n<li class=\"toggleable type-new-formats \"><strong>ISBN:<\/strong>\u00a09789955234258<\/li>\n<li class=\"toggleable type-new-formats \"><strong>Formatas:<\/strong>\u00a015 x 22,2 cm, kieti vir\u0161eliai<\/li>\n<li><strong>Kalba:<\/strong>\u00a0Lietuvi\u0173<\/li>\n<li><strong>Knyg\u0173 serija:<\/strong>\u00a0Silva rerum<\/li>\n<\/ul>\n","protected":false},"excerpt":{"rendered":"<p>Menotyros moksl\u0173 daktar\u0117, \u017eurnalist\u0117 Kristina Sabaliauskait\u0117 2008-aisiais debiutavo istoriniu romanu \u201eSilva Rerum\u201c (\u201eBaltos lankos\u201c). K\u016brinys tapo tikru literat\u016briniu \u012fvykiu Lietuvoje. \u012evertintas kritik\u0173 ir kult\u016bros istorijos specialist\u0173, skaitytojus jis paverg\u0117 vaizdingumu ir sodria, turtinga kalba, pasakojan\u010dia apie autenti\u0161k\u0105 XVII am\u017eiaus (1659\u20131667 met\u0173) atmosfer\u0105 ir \u012fvykius. \u0160maik\u0161ti publicist\u0117s plunksna, gro\u017eiui ir detal\u0117ms atidi menotyrinink\u0117s akis ir humanitar\u0117s d\u0117mesys epochos dvasinei istorijai \u2013 tai su niekuo nesupainiojamo autor\u0117s stiliaus d\u0117menys, teikiantys daugiasluoksnio skaitymo malonum\u0105. 2008-aisiais romanas \u201eSilva Rerum\u201c peln\u0117 Jurgos Ivanauskait\u0117s premij\u0105 ir buvo \u012ftrauktas \u012f Lietuvi\u0173 literat\u016bros instituto k\u016brybi\u0161kiausi\u0173 knyg\u0173 dvyliktuk\u0105, o 2009-aisiais skaitytoj\u0173 i\u0161rinktas Lietuvos Met\u0173 knyga ir kritik\u0173 oficialiai pavadintas viena \u012fsimintiniausi\u0173 de\u0161imtme\u010dio knyg\u0173. \u201eSilva Rerum II\u201c \u2013 antrasis \u0161ios autor\u0117s romanas, t\u0119siantis Norvai\u0161\u0173 \u0161eimos istorij\u0105. Tai pasakojimas apie 1707\u20131710 metus. Karas, maras, badas, besaik\u0117 prabanga ir mirtinas alkis, \u0161ved\u0173 ir rus\u0173 kareiviai, \u017eydai gydytojai, olandai kortuotojai, turk\u0117s sugulov\u0117s, pranc\u016bz\u0117s damos, u\u017esispyr\u0119 \u017eemai\u010diai ir ironi\u0161ki vilnie\u010diai, bevardis vienuolis, palaidoj\u0119s daugiau nei dvide\u0161imt t\u016bkstan\u010di\u0173 maro auk\u0173, ir, \u017einoma, dar viena bajori\u0161kos Norvai\u0161\u0173 gimin\u0117s karta. Tai \u2013 tarsi tikras \u201eatminties detektyvas\u201c, i\u0161 kurio bus galima su\u017einoti, kaip susiklost\u0117 ankstesn\u0117s kartos nari\u0173 likimai, nors kai kurie j\u0173 yra tokie, kad panorus juos \u012fra\u0161yti \u012f silva rerum \u2013 i\u0161 kartos \u012f kart\u0105 perduodam\u0105 bajor\u0173 \u201e\u0161eimos knyg\u0105\u201c \u2013 ima dreb\u0117ti ranka&#8230; Ar toks buvo visagalio Vie\u0161paties planas? O gal visagalis t\u0117ra aklas atsitiktinumas? Antroji Silva rerum kitokia negu pirmoji \u2013 ta\u010diau autor\u0117 v\u0117l keri jau pa\u017e\u012fstama takaus, \u012ftraukian\u010dio pasakojimo magija, ry\u0161kiais heroj\u0173 paveikslais, sumaniai suaustomis siu\u017eeto gijomis ir ta nepakartojama nuodugniai dalyk\u0105 i\u0161manan\u010dio, protingo \u017emogaus intonacija, kuri suteikia Kristinos Sabaliauskait\u0117s romanams reto \u017eavesio. Autorius:\u00a0Kristina Sabaliauskait\u0117 Leid\u0117jas:\u00a0Baltos lankos Metai:\u00a02011 Puslapiai:\u00a0292 ISBN:\u00a09789955234258 Formatas:\u00a015 x 22,2 cm, kieti vir\u0161eliai Kalba:\u00a0Lietuvi\u0173 Knyg\u0173 serija:\u00a0Silva rerum<\/p>\n","protected":false},"featured_media":15236,"comment_status":"open","ping_status":"closed","template":"","meta":{"_acf_changed":false,"site-sidebar-layout":"default","site-content-layout":"","ast-site-content-layout":"default","site-content-style":"default","site-sidebar-style":"default","ast-global-header-display":"","ast-banner-title-visibility":"","ast-main-header-display":"","ast-hfb-above-header-display":"","ast-hfb-below-header-display":"","ast-hfb-mobile-header-display":"","site-post-title":"","ast-breadcrumbs-content":"","ast-featured-img":"","footer-sml-layout":"","ast-disable-related-posts":"","theme-transparent-header-meta":"default","adv-header-id-meta":"","stick-header-meta":"","header-above-stick-meta":"","header-main-stick-meta":"","header-below-stick-meta":"","astra-migrate-meta-layouts":"set","ast-page-background-enabled":"default","ast-page-background-meta":{"desktop":{"background-color":"","background-image":"","background-repeat":"repeat","background-position":"center center","background-size":"auto","background-attachment":"scroll","background-type":"","background-media":"","overlay-type":"","overlay-color":"","overlay-opacity":"","overlay-gradient":""},"tablet":{"background-color":"","background-image":"","background-repeat":"repeat","background-position":"center center","background-size":"auto","background-attachment":"scroll","background-type":"","background-media":"","overlay-type":"","overlay-color":"","overlay-opacity":"","overlay-gradient":""},"mobile":{"background-color":"","background-image":"","background-repeat":"repeat","background-position":"center center","background-size":"auto","background-attachment":"scroll","background-type":"","background-media":"","overlay-type":"","overlay-color":"","overlay-opacity":"","overlay-gradient":""}},"ast-content-background-meta":{"desktop":{"background-color":"var(--ast-global-color-4)","background-image":"","background-repeat":"repeat","background-position":"center center","background-size":"auto","background-attachment":"scroll","background-type":"","background-media":"","overlay-type":"","overlay-color":"","overlay-opacity":"","overlay-gradient":""},"tablet":{"background-color":"var(--ast-global-color-4)","background-image":"","background-repeat":"repeat","background-position":"center center","background-size":"auto","background-attachment":"scroll","background-type":"","background-media":"","overlay-type":"","overlay-color":"","overlay-opacity":"","overlay-gradient":""},"mobile":{"background-color":"var(--ast-global-color-4)","background-image":"","background-repeat":"repeat","background-position":"center center","background-size":"auto","background-attachment":"scroll","background-type":"","background-media":"","overlay-type":"","overlay-color":"","overlay-opacity":"","overlay-gradient":""}}},"product_brand":[],"product_cat":[9590],"product_tag":[4497],"class_list":{"0":"post-14999","1":"product","2":"type-product","3":"status-publish","4":"has-post-thumbnail","6":"product_cat-lietuviu-literatura","7":"product_tag-kristina-sabaliauskaite","8":"desktop-align-left","9":"tablet-align-left","10":"mobile-align-left","12":"first","13":"outofstock","14":"shipping-taxable","15":"purchasable","16":"product-type-simple"},"acf":[],"yoast_head":"<!-- This site is optimized with the Yoast SEO plugin v27.0 - https:\/\/yoast.com\/product\/yoast-seo-wordpress\/ -->\n<title>Silva Rerum II<\/title>\n<meta name=\"description\" content=\"Menotyros moksl\u0173 daktar\u0117, \u017eurnalist\u0117 Kristina Sabaliauskait\u0117 2008-aisiais debiutavo istoriniu romanu \u201eSilva Rerum\u201c (\u201eBaltos lankos\u201c). K\u016brinys tapo tikru\" \/>\n<meta name=\"robots\" content=\"index, follow, max-snippet:-1, max-image-preview:large, max-video-preview:-1\" \/>\n<link rel=\"canonical\" href=\"https:\/\/skaitytaknyga.lt\/en\/produktas\/silva-rerum-ii\/\" \/>\n<meta property=\"og:locale\" content=\"en_GB\" \/>\n<meta property=\"og:locale:alternate\" content=\"lt_LT\" \/>\n<meta property=\"og:type\" content=\"article\" \/>\n<meta property=\"og:title\" content=\"Silva Rerum II\" \/>\n<meta property=\"og:description\" content=\"Menotyros moksl\u0173 daktar\u0117, \u017eurnalist\u0117 Kristina Sabaliauskait\u0117 2008-aisiais debiutavo istoriniu romanu \u201eSilva Rerum\u201c (\u201eBaltos lankos\u201c). K\u016brinys tapo tikru\" \/>\n<meta property=\"og:url\" content=\"https:\/\/skaitytaknyga.lt\/en\/produktas\/silva-rerum-ii\/\" \/>\n<meta property=\"og:site_name\" content=\"Skaitytaknyga\" \/>\n<meta property=\"article:publisher\" content=\"https:\/\/www.facebook.com\/skaitytaknyga\/\" \/>\n<meta property=\"article:modified_time\" content=\"2026-03-05T09:04:37+00:00\" \/>\n<meta property=\"og:image\" content=\"https:\/\/skaitytaknyga.lt\/wp-content\/uploads\/2024\/11\/Silva-Rerum-2.webp\" \/>\n\t<meta property=\"og:image:width\" content=\"398\" \/>\n\t<meta property=\"og:image:height\" content=\"600\" \/>\n\t<meta property=\"og:image:type\" content=\"image\/webp\" \/>\n<meta name=\"twitter:card\" content=\"summary_large_image\" \/>\n<meta name=\"twitter:label1\" content=\"Estimated reading time\" \/>\n\t<meta name=\"twitter:data1\" content=\"2 minutes\" \/>\n<script type=\"application\/ld+json\" class=\"yoast-schema-graph\">{\"@context\":\"https:\/\/schema.org\",\"@graph\":[{\"@type\":\"WebPage\",\"@id\":\"https:\/\/skaitytaknyga.lt\/produktas\/silva-rerum-ii\/\",\"url\":\"https:\/\/skaitytaknyga.lt\/produktas\/silva-rerum-ii\/\",\"name\":\"Silva Rerum II\",\"isPartOf\":{\"@id\":\"https:\/\/skaitytaknyga.lt\/#website\"},\"primaryImageOfPage\":{\"@id\":\"https:\/\/skaitytaknyga.lt\/produktas\/silva-rerum-ii\/#primaryimage\"},\"image\":{\"@id\":\"https:\/\/skaitytaknyga.lt\/produktas\/silva-rerum-ii\/#primaryimage\"},\"thumbnailUrl\":\"https:\/\/skaitytaknyga.lt\/wp-content\/uploads\/2024\/11\/Silva-Rerum-2.webp\",\"datePublished\":\"2024-11-29T08:40:59+00:00\",\"dateModified\":\"2026-03-05T09:04:37+00:00\",\"description\":\"Menotyros moksl\u0173 daktar\u0117, \u017eurnalist\u0117 Kristina Sabaliauskait\u0117 2008-aisiais debiutavo istoriniu romanu \u201eSilva Rerum\u201c (\u201eBaltos lankos\u201c). K\u016brinys tapo tikru\",\"breadcrumb\":{\"@id\":\"https:\/\/skaitytaknyga.lt\/produktas\/silva-rerum-ii\/#breadcrumb\"},\"inLanguage\":\"en-GB\",\"potentialAction\":[{\"@type\":\"ReadAction\",\"target\":[\"https:\/\/skaitytaknyga.lt\/produktas\/silva-rerum-ii\/\"]}]},{\"@type\":\"ImageObject\",\"inLanguage\":\"en-GB\",\"@id\":\"https:\/\/skaitytaknyga.lt\/produktas\/silva-rerum-ii\/#primaryimage\",\"url\":\"https:\/\/skaitytaknyga.lt\/wp-content\/uploads\/2024\/11\/Silva-Rerum-2.webp\",\"contentUrl\":\"https:\/\/skaitytaknyga.lt\/wp-content\/uploads\/2024\/11\/Silva-Rerum-2.webp\",\"width\":398,\"height\":600},{\"@type\":\"BreadcrumbList\",\"@id\":\"https:\/\/skaitytaknyga.lt\/produktas\/silva-rerum-ii\/#breadcrumb\",\"itemListElement\":[{\"@type\":\"ListItem\",\"position\":1,\"name\":\"Home\",\"item\":\"https:\/\/skaitytaknyga.lt\/\"},{\"@type\":\"ListItem\",\"position\":2,\"name\":\"Parduotuv\u0117\",\"item\":\"https:\/\/skaitytaknyga.lt\/knygu-parduotuve\/\"},{\"@type\":\"ListItem\",\"position\":3,\"name\":\"Silva Rerum II\"}]},{\"@type\":\"WebSite\",\"@id\":\"https:\/\/skaitytaknyga.lt\/#website\",\"url\":\"https:\/\/skaitytaknyga.lt\/\",\"name\":\"skaitytaknyga.lt\",\"description\":\"Skaitytaknyga.lt \u2013 tai ma\u017eas \u0161eimos verslas, kuris prasid\u0117jo nuo meil\u0117s knygoms ir siekio i\u0161gelb\u0117ti knygas nuo likimo prie konteinerio. Kas vienam nereikalingas daiktas \u2013 kitam lobis, o mes esame tarpininkai, kurie padeda abiems tapti laimingesniems ???? \u017dinome kaip nelengva i\u0161gyventi ma\u017eiems verslams, tad nuo \u0161iol, \u010dia rasite ir kit\u0173, ma\u017e\u0173 \u0161eim\u0173 versl\u0173, rank\u0173 darbo, dovan\u0173 sau ir artimiesiems.\",\"publisher\":{\"@id\":\"https:\/\/skaitytaknyga.lt\/#organization\"},\"potentialAction\":[{\"@type\":\"SearchAction\",\"target\":{\"@type\":\"EntryPoint\",\"urlTemplate\":\"https:\/\/skaitytaknyga.lt\/?s={search_term_string}\"},\"query-input\":{\"@type\":\"PropertyValueSpecification\",\"valueRequired\":true,\"valueName\":\"search_term_string\"}}],\"inLanguage\":\"en-GB\"},{\"@type\":\"Organization\",\"@id\":\"https:\/\/skaitytaknyga.lt\/#organization\",\"name\":\"skaitytaknyga.lt\",\"url\":\"https:\/\/skaitytaknyga.lt\/\",\"logo\":{\"@type\":\"ImageObject\",\"inLanguage\":\"en-GB\",\"@id\":\"https:\/\/skaitytaknyga.lt\/#\/schema\/logo\/image\/\",\"url\":\"https:\/\/skaitytaknyga.lt\/wp-content\/uploads\/2024\/05\/cropped-cropped-cropped-02_00843_jt3bggkj1j3HLc7SyY6rEUpg.jpeg\",\"contentUrl\":\"https:\/\/skaitytaknyga.lt\/wp-content\/uploads\/2024\/05\/cropped-cropped-cropped-02_00843_jt3bggkj1j3HLc7SyY6rEUpg.jpeg\",\"width\":1600,\"height\":1600,\"caption\":\"skaitytaknyga.lt\"},\"image\":{\"@id\":\"https:\/\/skaitytaknyga.lt\/#\/schema\/logo\/image\/\"},\"sameAs\":[\"https:\/\/www.facebook.com\/skaitytaknyga\/\"]}]}<\/script>\n<!-- \/ Yoast SEO plugin. -->","yoast_head_json":{"title":"Silva Rerum II","description":"Menotyros moksl\u0173 daktar\u0117, \u017eurnalist\u0117 Kristina Sabaliauskait\u0117 2008-aisiais debiutavo istoriniu romanu \u201eSilva Rerum\u201c (\u201eBaltos lankos\u201c). K\u016brinys tapo tikru","robots":{"index":"index","follow":"follow","max-snippet":"max-snippet:-1","max-image-preview":"max-image-preview:large","max-video-preview":"max-video-preview:-1"},"canonical":"https:\/\/skaitytaknyga.lt\/en\/produktas\/silva-rerum-ii\/","og_locale":"en_GB","og_type":"article","og_title":"[:lt]Silva Rerum II[:] - Skaitytaknyga","og_description":"Menotyros moksl\u0173 daktar\u0117, \u017eurnalist\u0117 Kristina Sabaliauskait\u0117 2008-aisiais debiutavo istoriniu romanu \u201eSilva Rerum\u201c (\u201eBaltos lankos\u201c). K\u016brinys tapo tikru","og_url":"https:\/\/skaitytaknyga.lt\/en\/produktas\/silva-rerum-ii\/","og_site_name":"Skaitytaknyga","article_publisher":"https:\/\/www.facebook.com\/skaitytaknyga\/","article_modified_time":"2026-03-05T09:04:37+00:00","og_image":[{"width":398,"height":600,"url":"https:\/\/skaitytaknyga.lt\/wp-content\/uploads\/2024\/11\/Silva-Rerum-2.webp","type":"image\/webp"}],"twitter_card":"summary_large_image","twitter_misc":{"Estimated reading time":"2 minutes"},"schema":{"@context":"https:\/\/schema.org","@graph":[{"@type":"WebPage","@id":"https:\/\/skaitytaknyga.lt\/produktas\/silva-rerum-ii\/","url":"https:\/\/skaitytaknyga.lt\/produktas\/silva-rerum-ii\/","name":"Silva Rerum II","isPartOf":{"@id":"https:\/\/skaitytaknyga.lt\/#website"},"primaryImageOfPage":{"@id":"https:\/\/skaitytaknyga.lt\/produktas\/silva-rerum-ii\/#primaryimage"},"image":{"@id":"https:\/\/skaitytaknyga.lt\/produktas\/silva-rerum-ii\/#primaryimage"},"thumbnailUrl":"https:\/\/skaitytaknyga.lt\/wp-content\/uploads\/2024\/11\/Silva-Rerum-2.webp","datePublished":"2024-11-29T08:40:59+00:00","dateModified":"2026-03-05T09:04:37+00:00","description":"Menotyros moksl\u0173 daktar\u0117, \u017eurnalist\u0117 Kristina Sabaliauskait\u0117 2008-aisiais debiutavo istoriniu romanu \u201eSilva Rerum\u201c (\u201eBaltos lankos\u201c). K\u016brinys tapo tikru","breadcrumb":{"@id":"https:\/\/skaitytaknyga.lt\/produktas\/silva-rerum-ii\/#breadcrumb"},"inLanguage":"en-GB","potentialAction":[{"@type":"ReadAction","target":["https:\/\/skaitytaknyga.lt\/produktas\/silva-rerum-ii\/"]}]},{"@type":"ImageObject","inLanguage":"en-GB","@id":"https:\/\/skaitytaknyga.lt\/produktas\/silva-rerum-ii\/#primaryimage","url":"https:\/\/skaitytaknyga.lt\/wp-content\/uploads\/2024\/11\/Silva-Rerum-2.webp","contentUrl":"https:\/\/skaitytaknyga.lt\/wp-content\/uploads\/2024\/11\/Silva-Rerum-2.webp","width":398,"height":600},{"@type":"BreadcrumbList","@id":"https:\/\/skaitytaknyga.lt\/produktas\/silva-rerum-ii\/#breadcrumb","itemListElement":[{"@type":"ListItem","position":1,"name":"Home","item":"https:\/\/skaitytaknyga.lt\/"},{"@type":"ListItem","position":2,"name":"Parduotuv\u0117","item":"https:\/\/skaitytaknyga.lt\/knygu-parduotuve\/"},{"@type":"ListItem","position":3,"name":"Silva Rerum II"}]},{"@type":"WebSite","@id":"https:\/\/skaitytaknyga.lt\/#website","url":"https:\/\/skaitytaknyga.lt\/","name":"skaitytaknyga.lt","description":"Skaitytaknyga.lt \u2013 tai ma\u017eas \u0161eimos verslas, kuris prasid\u0117jo nuo meil\u0117s knygoms ir siekio i\u0161gelb\u0117ti knygas nuo likimo prie konteinerio. Kas vienam nereikalingas daiktas \u2013 kitam lobis, o mes esame tarpininkai, kurie padeda abiems tapti laimingesniems ???? \u017dinome kaip nelengva i\u0161gyventi ma\u017eiems verslams, tad nuo \u0161iol, \u010dia rasite ir kit\u0173, ma\u017e\u0173 \u0161eim\u0173 versl\u0173, rank\u0173 darbo, dovan\u0173 sau ir artimiesiems.","publisher":{"@id":"https:\/\/skaitytaknyga.lt\/#organization"},"potentialAction":[{"@type":"SearchAction","target":{"@type":"EntryPoint","urlTemplate":"https:\/\/skaitytaknyga.lt\/?s={search_term_string}"},"query-input":{"@type":"PropertyValueSpecification","valueRequired":true,"valueName":"search_term_string"}}],"inLanguage":"en-GB"},{"@type":"Organization","@id":"https:\/\/skaitytaknyga.lt\/#organization","name":"skaitytaknyga.lt","url":"https:\/\/skaitytaknyga.lt\/","logo":{"@type":"ImageObject","inLanguage":"en-GB","@id":"https:\/\/skaitytaknyga.lt\/#\/schema\/logo\/image\/","url":"https:\/\/skaitytaknyga.lt\/wp-content\/uploads\/2024\/05\/cropped-cropped-cropped-02_00843_jt3bggkj1j3HLc7SyY6rEUpg.jpeg","contentUrl":"https:\/\/skaitytaknyga.lt\/wp-content\/uploads\/2024\/05\/cropped-cropped-cropped-02_00843_jt3bggkj1j3HLc7SyY6rEUpg.jpeg","width":1600,"height":1600,"caption":"skaitytaknyga.lt"},"image":{"@id":"https:\/\/skaitytaknyga.lt\/#\/schema\/logo\/image\/"},"sameAs":["https:\/\/www.facebook.com\/skaitytaknyga\/"]}]}},"_links":{"self":[{"href":"https:\/\/skaitytaknyga.lt\/en\/wp-json\/wp\/v2\/product\/14999","targetHints":{"allow":["GET"]}}],"collection":[{"href":"https:\/\/skaitytaknyga.lt\/en\/wp-json\/wp\/v2\/product"}],"about":[{"href":"https:\/\/skaitytaknyga.lt\/en\/wp-json\/wp\/v2\/types\/product"}],"replies":[{"embeddable":true,"href":"https:\/\/skaitytaknyga.lt\/en\/wp-json\/wp\/v2\/comments?post=14999"}],"wp:featuredmedia":[{"embeddable":true,"href":"https:\/\/skaitytaknyga.lt\/en\/wp-json\/wp\/v2\/media\/15236"}],"wp:attachment":[{"href":"https:\/\/skaitytaknyga.lt\/en\/wp-json\/wp\/v2\/media?parent=14999"}],"wp:term":[{"taxonomy":"product_brand","embeddable":true,"href":"https:\/\/skaitytaknyga.lt\/en\/wp-json\/wp\/v2\/product_brand?post=14999"},{"taxonomy":"product_cat","embeddable":true,"href":"https:\/\/skaitytaknyga.lt\/en\/wp-json\/wp\/v2\/product_cat?post=14999"},{"taxonomy":"product_tag","embeddable":true,"href":"https:\/\/skaitytaknyga.lt\/en\/wp-json\/wp\/v2\/product_tag?post=14999"}],"curies":[{"name":"wp","href":"https:\/\/api.w.org\/{rel}","templated":true}]}}