{"id":14991,"date":"2024-11-29T10:38:20","date_gmt":"2024-11-29T08:38:20","guid":{"rendered":"https:\/\/skaitytaknyga.lt\/?post_type=product&#038;p=14991"},"modified":"2024-11-29T10:39:53","modified_gmt":"2024-11-29T08:39:53","slug":"wielka-wojna-z-zakonem-krzyzackim-w-latach-1409-1411","status":"publish","type":"product","link":"https:\/\/skaitytaknyga.lt\/en\/produktas\/wielka-wojna-z-zakonem-krzyzackim-w-latach-1409-1411\/","title":{"rendered":"Wielka wojna z zakonem krzy\u017cackim w latach 1409-1411"},"content":{"rendered":"<p>&#8220;Wielkie dzie\u0142a, kt\u00f3rych nar\u00f3d dokona\u0142 w czasach nieraz bardzo zamierzch\u0142ych, opromienione legend\u0105 trwaj\u0105 w \u017cyciu duchowym narodu jako mocne tw\u00f3rcze i drogie s\u0105 sercu wszystkich jego syn\u00f3w. W dziejach Polski do takich wielkich dni zaliczano od dawna i bezspornie zwyci\u0119stwo pod Grunwaldem, odniesione przez po\u0142\u0105czone, pod dow\u00f3dztwem W\u0142adys\u0142awa Jagie\u0142\u0142y, wojska polskie, litewskie, ruskie i zaci\u0119\u017cne oddzia\u0142y czeskie nad si\u0142ami krzy\u017cacko-niemieckimi w dniu 15 lipca 1410 roku. Nie chodzi\u0142o w tym przypadku tylko o triumf or\u0119\u017cny. Miewali\u015bmy wszak niejednokrotnie sukcesy bitewne, kt\u00f3re s\u0142aw\u0119 polskiego imienia roznosi\u0142y na ca\u0142y \u015bwiat \u00f3wczesny &#8211; do\u015b\u0107 wspomnie\u0107 Kircholm, Chocim czy odsiecz Wiednia &#8211; ale przewa\u017cnie i na tej s\u0142awie si\u0119 ko\u0144czy\u0142o, a korzy\u015bci istotne uzyskiwa\u0142 kto inny. Zwyci\u0119stwo grunwaldzkie da\u0142o polityczne wyniki bezpo\u015brednie te\u017c nik\u0142e, niewsp\u00f3\u0142mierne do kl\u0119ski poniesionej przez Krzy\u017cak\u00f3w, ale w istocie z\u0142ama\u0142o raz na zawsze pot\u0119g\u0119 i wiar\u0119 w t\u0119 pot\u0119g\u0119 zakonu&#8221;<\/p>\n","protected":false},"excerpt":{"rendered":"<p>&#8220;Wielkie dzie\u0142a, kt\u00f3rych nar\u00f3d dokona\u0142 w czasach nieraz bardzo zamierzch\u0142ych, opromienione legend\u0105 trwaj\u0105 w \u017cyciu duchowym narodu jako mocne tw\u00f3rcze i drogie s\u0105 sercu wszystkich jego syn\u00f3w. W dziejach Polski do takich wielkich dni zaliczano od dawna i bezspornie zwyci\u0119stwo pod Grunwaldem, odniesione przez po\u0142\u0105czone, pod dow\u00f3dztwem W\u0142adys\u0142awa Jagie\u0142\u0142y, wojska polskie, litewskie, ruskie i zaci\u0119\u017cne oddzia\u0142y czeskie nad si\u0142ami krzy\u017cacko-niemieckimi w dniu 15 lipca 1410 roku. Nie chodzi\u0142o w tym przypadku tylko o triumf or\u0119\u017cny. Miewali\u015bmy wszak niejednokrotnie sukcesy bitewne, kt\u00f3re s\u0142aw\u0119 polskiego imienia roznosi\u0142y na ca\u0142y \u015bwiat \u00f3wczesny &#8211; do\u015b\u0107 wspomnie\u0107 Kircholm, Chocim czy odsiecz Wiednia &#8211; ale przewa\u017cnie i na tej s\u0142awie si\u0119 ko\u0144czy\u0142o, a korzy\u015bci istotne uzyskiwa\u0142 kto inny. Zwyci\u0119stwo grunwaldzkie da\u0142o polityczne wyniki bezpo\u015brednie te\u017c nik\u0142e, niewsp\u00f3\u0142mierne do kl\u0119ski poniesionej przez Krzy\u017cak\u00f3w, ale w istocie z\u0142ama\u0142o raz na zawsze pot\u0119g\u0119 i wiar\u0119 w t\u0119 pot\u0119g\u0119 zakonu&#8221;<\/p>\n","protected":false},"featured_media":14992,"comment_status":"open","ping_status":"closed","template":"","meta":{"_acf_changed":false,"site-sidebar-layout":"default","site-content-layout":"","ast-site-content-layout":"default","site-content-style":"default","site-sidebar-style":"default","ast-global-header-display":"","ast-banner-title-visibility":"","ast-main-header-display":"","ast-hfb-above-header-display":"","ast-hfb-below-header-display":"","ast-hfb-mobile-header-display":"","site-post-title":"","ast-breadcrumbs-content":"","ast-featured-img":"","footer-sml-layout":"","ast-disable-related-posts":"","theme-transparent-header-meta":"default","adv-header-id-meta":"","stick-header-meta":"","header-above-stick-meta":"","header-main-stick-meta":"","header-below-stick-meta":"","astra-migrate-meta-layouts":"set","ast-page-background-enabled":"default","ast-page-background-meta":{"desktop":{"background-color":"","background-image":"","background-repeat":"repeat","background-position":"center center","background-size":"auto","background-attachment":"scroll","background-type":"","background-media":"","overlay-type":"","overlay-color":"","overlay-opacity":"","overlay-gradient":""},"tablet":{"background-color":"","background-image":"","background-repeat":"repeat","background-position":"center center","background-size":"auto","background-attachment":"scroll","background-type":"","background-media":"","overlay-type":"","overlay-color":"","overlay-opacity":"","overlay-gradient":""},"mobile":{"background-color":"","background-image":"","background-repeat":"repeat","background-position":"center center","background-size":"auto","background-attachment":"scroll","background-type":"","background-media":"","overlay-type":"","overlay-color":"","overlay-opacity":"","overlay-gradient":""}},"ast-content-background-meta":{"desktop":{"background-color":"var(--ast-global-color-4)","background-image":"","background-repeat":"repeat","background-position":"center center","background-size":"auto","background-attachment":"scroll","background-type":"","background-media":"","overlay-type":"","overlay-color":"","overlay-opacity":"","overlay-gradient":""},"tablet":{"background-color":"var(--ast-global-color-4)","background-image":"","background-repeat":"repeat","background-position":"center center","background-size":"auto","background-attachment":"scroll","background-type":"","background-media":"","overlay-type":"","overlay-color":"","overlay-opacity":"","overlay-gradient":""},"mobile":{"background-color":"var(--ast-global-color-4)","background-image":"","background-repeat":"repeat","background-position":"center center","background-size":"auto","background-attachment":"scroll","background-type":"","background-media":"","overlay-type":"","overlay-color":"","overlay-opacity":"","overlay-gradient":""}}},"product_brand":[],"product_cat":[174,15],"product_tag":[],"class_list":{"0":"post-14991","1":"product","2":"type-product","3":"status-publish","4":"has-post-thumbnail","6":"product_cat-istorija-ir-politologija","7":"product_cat-uncategorized","8":"desktop-align-left","9":"tablet-align-left","10":"mobile-align-left","12":"first","13":"instock","14":"shipping-taxable","15":"purchasable","16":"product-type-simple"},"acf":[],"yoast_head":"<!-- This site is optimized with the Yoast SEO plugin v27.0 - https:\/\/yoast.com\/product\/yoast-seo-wordpress\/ -->\n<title>Wielka wojna z zakonem krzy\u017cackim w latach 1409-1411<\/title>\n<meta name=\"description\" content=\"&quot;Wielkie dzie\u0142a, kt\u00f3rych nar\u00f3d dokona\u0142 w czasach nieraz bardzo zamierzch\u0142ych, opromienione legend\u0105 trwaj\u0105 w \u017cyciu duchowym narodu jako mocne tw\u00f3rcze i\" \/>\n<meta name=\"robots\" content=\"index, follow, max-snippet:-1, max-image-preview:large, max-video-preview:-1\" \/>\n<link rel=\"canonical\" href=\"https:\/\/skaitytaknyga.lt\/en\/produktas\/wielka-wojna-z-zakonem-krzyzackim-w-latach-1409-1411\/\" \/>\n<meta property=\"og:locale\" content=\"en_GB\" \/>\n<meta property=\"og:locale:alternate\" content=\"lt_LT\" \/>\n<meta property=\"og:type\" content=\"article\" \/>\n<meta property=\"og:title\" content=\"Wielka wojna z zakonem krzy\u017cackim w latach 1409-1411\" \/>\n<meta property=\"og:description\" content=\"&quot;Wielkie dzie\u0142a, kt\u00f3rych nar\u00f3d dokona\u0142 w czasach nieraz bardzo zamierzch\u0142ych, opromienione legend\u0105 trwaj\u0105 w \u017cyciu duchowym narodu jako mocne tw\u00f3rcze i\" \/>\n<meta property=\"og:url\" content=\"https:\/\/skaitytaknyga.lt\/en\/produktas\/wielka-wojna-z-zakonem-krzyzackim-w-latach-1409-1411\/\" \/>\n<meta property=\"og:site_name\" content=\"Skaitytaknyga\" \/>\n<meta property=\"article:publisher\" content=\"https:\/\/www.facebook.com\/skaitytaknyga\/\" \/>\n<meta property=\"article:modified_time\" content=\"2024-11-29T08:39:53+00:00\" \/>\n<meta property=\"og:image\" content=\"https:\/\/skaitytaknyga.lt\/wp-content\/uploads\/2024\/11\/Wielka-wojna-z-zakonem-krzyzackim-w-latach-1409-1411.jpeg\" \/>\n\t<meta property=\"og:image:width\" content=\"320\" \/>\n\t<meta property=\"og:image:height\" content=\"480\" \/>\n\t<meta property=\"og:image:type\" content=\"image\/jpeg\" \/>\n<meta name=\"twitter:card\" content=\"summary_large_image\" \/>\n<meta name=\"twitter:label1\" content=\"Estimated reading time\" \/>\n\t<meta name=\"twitter:data1\" content=\"1 minute\" \/>\n<script type=\"application\/ld+json\" class=\"yoast-schema-graph\">{\"@context\":\"https:\/\/schema.org\",\"@graph\":[{\"@type\":\"WebPage\",\"@id\":\"https:\/\/skaitytaknyga.lt\/produktas\/wielka-wojna-z-zakonem-krzyzackim-w-latach-1409-1411\/\",\"url\":\"https:\/\/skaitytaknyga.lt\/produktas\/wielka-wojna-z-zakonem-krzyzackim-w-latach-1409-1411\/\",\"name\":\"Wielka wojna z zakonem krzy\u017cackim w latach 1409-1411\",\"isPartOf\":{\"@id\":\"https:\/\/skaitytaknyga.lt\/#website\"},\"primaryImageOfPage\":{\"@id\":\"https:\/\/skaitytaknyga.lt\/produktas\/wielka-wojna-z-zakonem-krzyzackim-w-latach-1409-1411\/#primaryimage\"},\"image\":{\"@id\":\"https:\/\/skaitytaknyga.lt\/produktas\/wielka-wojna-z-zakonem-krzyzackim-w-latach-1409-1411\/#primaryimage\"},\"thumbnailUrl\":\"https:\/\/skaitytaknyga.lt\/wp-content\/uploads\/2024\/11\/Wielka-wojna-z-zakonem-krzyzackim-w-latach-1409-1411.jpeg\",\"datePublished\":\"2024-11-29T08:38:20+00:00\",\"dateModified\":\"2024-11-29T08:39:53+00:00\",\"description\":\"\\\"Wielkie dzie\u0142a, kt\u00f3rych nar\u00f3d dokona\u0142 w czasach nieraz bardzo zamierzch\u0142ych, opromienione legend\u0105 trwaj\u0105 w \u017cyciu duchowym narodu jako mocne tw\u00f3rcze i\",\"breadcrumb\":{\"@id\":\"https:\/\/skaitytaknyga.lt\/produktas\/wielka-wojna-z-zakonem-krzyzackim-w-latach-1409-1411\/#breadcrumb\"},\"inLanguage\":\"en-GB\",\"potentialAction\":[{\"@type\":\"ReadAction\",\"target\":[\"https:\/\/skaitytaknyga.lt\/produktas\/wielka-wojna-z-zakonem-krzyzackim-w-latach-1409-1411\/\"]}]},{\"@type\":\"ImageObject\",\"inLanguage\":\"en-GB\",\"@id\":\"https:\/\/skaitytaknyga.lt\/produktas\/wielka-wojna-z-zakonem-krzyzackim-w-latach-1409-1411\/#primaryimage\",\"url\":\"https:\/\/skaitytaknyga.lt\/wp-content\/uploads\/2024\/11\/Wielka-wojna-z-zakonem-krzyzackim-w-latach-1409-1411.jpeg\",\"contentUrl\":\"https:\/\/skaitytaknyga.lt\/wp-content\/uploads\/2024\/11\/Wielka-wojna-z-zakonem-krzyzackim-w-latach-1409-1411.jpeg\",\"width\":320,\"height\":480,\"caption\":\"z zakonem krzy\u017cackim w latach 1409-1411\"},{\"@type\":\"BreadcrumbList\",\"@id\":\"https:\/\/skaitytaknyga.lt\/produktas\/wielka-wojna-z-zakonem-krzyzackim-w-latach-1409-1411\/#breadcrumb\",\"itemListElement\":[{\"@type\":\"ListItem\",\"position\":1,\"name\":\"Home\",\"item\":\"https:\/\/skaitytaknyga.lt\/\"},{\"@type\":\"ListItem\",\"position\":2,\"name\":\"Parduotuv\u0117\",\"item\":\"https:\/\/skaitytaknyga.lt\/knygu-parduotuve\/\"},{\"@type\":\"ListItem\",\"position\":3,\"name\":\"Wielka wojna z zakonem krzy\u017cackim w latach 1409-1411\"}]},{\"@type\":\"WebSite\",\"@id\":\"https:\/\/skaitytaknyga.lt\/#website\",\"url\":\"https:\/\/skaitytaknyga.lt\/\",\"name\":\"skaitytaknyga.lt\",\"description\":\"Skaitytaknyga.lt \u2013 tai ma\u017eas \u0161eimos verslas, kuris prasid\u0117jo nuo meil\u0117s knygoms ir siekio i\u0161gelb\u0117ti knygas nuo likimo prie konteinerio. Kas vienam nereikalingas daiktas \u2013 kitam lobis, o mes esame tarpininkai, kurie padeda abiems tapti laimingesniems ???? \u017dinome kaip nelengva i\u0161gyventi ma\u017eiems verslams, tad nuo \u0161iol, \u010dia rasite ir kit\u0173, ma\u017e\u0173 \u0161eim\u0173 versl\u0173, rank\u0173 darbo, dovan\u0173 sau ir artimiesiems.\",\"publisher\":{\"@id\":\"https:\/\/skaitytaknyga.lt\/#organization\"},\"potentialAction\":[{\"@type\":\"SearchAction\",\"target\":{\"@type\":\"EntryPoint\",\"urlTemplate\":\"https:\/\/skaitytaknyga.lt\/?s={search_term_string}\"},\"query-input\":{\"@type\":\"PropertyValueSpecification\",\"valueRequired\":true,\"valueName\":\"search_term_string\"}}],\"inLanguage\":\"en-GB\"},{\"@type\":\"Organization\",\"@id\":\"https:\/\/skaitytaknyga.lt\/#organization\",\"name\":\"skaitytaknyga.lt\",\"url\":\"https:\/\/skaitytaknyga.lt\/\",\"logo\":{\"@type\":\"ImageObject\",\"inLanguage\":\"en-GB\",\"@id\":\"https:\/\/skaitytaknyga.lt\/#\/schema\/logo\/image\/\",\"url\":\"https:\/\/skaitytaknyga.lt\/wp-content\/uploads\/2024\/05\/cropped-cropped-cropped-02_00843_jt3bggkj1j3HLc7SyY6rEUpg.jpeg\",\"contentUrl\":\"https:\/\/skaitytaknyga.lt\/wp-content\/uploads\/2024\/05\/cropped-cropped-cropped-02_00843_jt3bggkj1j3HLc7SyY6rEUpg.jpeg\",\"width\":1600,\"height\":1600,\"caption\":\"skaitytaknyga.lt\"},\"image\":{\"@id\":\"https:\/\/skaitytaknyga.lt\/#\/schema\/logo\/image\/\"},\"sameAs\":[\"https:\/\/www.facebook.com\/skaitytaknyga\/\"]}]}<\/script>\n<!-- \/ Yoast SEO plugin. -->","yoast_head_json":{"title":"Wielka wojna z zakonem krzy\u017cackim w latach 1409-1411","description":"\"Wielkie dzie\u0142a, kt\u00f3rych nar\u00f3d dokona\u0142 w czasach nieraz bardzo zamierzch\u0142ych, opromienione legend\u0105 trwaj\u0105 w \u017cyciu duchowym narodu jako mocne tw\u00f3rcze i","robots":{"index":"index","follow":"follow","max-snippet":"max-snippet:-1","max-image-preview":"max-image-preview:large","max-video-preview":"max-video-preview:-1"},"canonical":"https:\/\/skaitytaknyga.lt\/en\/produktas\/wielka-wojna-z-zakonem-krzyzackim-w-latach-1409-1411\/","og_locale":"en_GB","og_type":"article","og_title":"[:lt]Wielka wojna z zakonem krzy\u017cackim w latach 1409-1411[:] - Skaitytaknyga","og_description":"\"Wielkie dzie\u0142a, kt\u00f3rych nar\u00f3d dokona\u0142 w czasach nieraz bardzo zamierzch\u0142ych, opromienione legend\u0105 trwaj\u0105 w \u017cyciu duchowym narodu jako mocne tw\u00f3rcze i","og_url":"https:\/\/skaitytaknyga.lt\/en\/produktas\/wielka-wojna-z-zakonem-krzyzackim-w-latach-1409-1411\/","og_site_name":"Skaitytaknyga","article_publisher":"https:\/\/www.facebook.com\/skaitytaknyga\/","article_modified_time":"2024-11-29T08:39:53+00:00","og_image":[{"width":320,"height":480,"url":"https:\/\/skaitytaknyga.lt\/wp-content\/uploads\/2024\/11\/Wielka-wojna-z-zakonem-krzyzackim-w-latach-1409-1411.jpeg","type":"image\/jpeg"}],"twitter_card":"summary_large_image","twitter_misc":{"Estimated reading time":"1 minute"},"schema":{"@context":"https:\/\/schema.org","@graph":[{"@type":"WebPage","@id":"https:\/\/skaitytaknyga.lt\/produktas\/wielka-wojna-z-zakonem-krzyzackim-w-latach-1409-1411\/","url":"https:\/\/skaitytaknyga.lt\/produktas\/wielka-wojna-z-zakonem-krzyzackim-w-latach-1409-1411\/","name":"Wielka wojna z zakonem krzy\u017cackim w latach 1409-1411","isPartOf":{"@id":"https:\/\/skaitytaknyga.lt\/#website"},"primaryImageOfPage":{"@id":"https:\/\/skaitytaknyga.lt\/produktas\/wielka-wojna-z-zakonem-krzyzackim-w-latach-1409-1411\/#primaryimage"},"image":{"@id":"https:\/\/skaitytaknyga.lt\/produktas\/wielka-wojna-z-zakonem-krzyzackim-w-latach-1409-1411\/#primaryimage"},"thumbnailUrl":"https:\/\/skaitytaknyga.lt\/wp-content\/uploads\/2024\/11\/Wielka-wojna-z-zakonem-krzyzackim-w-latach-1409-1411.jpeg","datePublished":"2024-11-29T08:38:20+00:00","dateModified":"2024-11-29T08:39:53+00:00","description":"\"Wielkie dzie\u0142a, kt\u00f3rych nar\u00f3d dokona\u0142 w czasach nieraz bardzo zamierzch\u0142ych, opromienione legend\u0105 trwaj\u0105 w \u017cyciu duchowym narodu jako mocne tw\u00f3rcze i","breadcrumb":{"@id":"https:\/\/skaitytaknyga.lt\/produktas\/wielka-wojna-z-zakonem-krzyzackim-w-latach-1409-1411\/#breadcrumb"},"inLanguage":"en-GB","potentialAction":[{"@type":"ReadAction","target":["https:\/\/skaitytaknyga.lt\/produktas\/wielka-wojna-z-zakonem-krzyzackim-w-latach-1409-1411\/"]}]},{"@type":"ImageObject","inLanguage":"en-GB","@id":"https:\/\/skaitytaknyga.lt\/produktas\/wielka-wojna-z-zakonem-krzyzackim-w-latach-1409-1411\/#primaryimage","url":"https:\/\/skaitytaknyga.lt\/wp-content\/uploads\/2024\/11\/Wielka-wojna-z-zakonem-krzyzackim-w-latach-1409-1411.jpeg","contentUrl":"https:\/\/skaitytaknyga.lt\/wp-content\/uploads\/2024\/11\/Wielka-wojna-z-zakonem-krzyzackim-w-latach-1409-1411.jpeg","width":320,"height":480,"caption":"z zakonem krzy\u017cackim w latach 1409-1411"},{"@type":"BreadcrumbList","@id":"https:\/\/skaitytaknyga.lt\/produktas\/wielka-wojna-z-zakonem-krzyzackim-w-latach-1409-1411\/#breadcrumb","itemListElement":[{"@type":"ListItem","position":1,"name":"Home","item":"https:\/\/skaitytaknyga.lt\/"},{"@type":"ListItem","position":2,"name":"Parduotuv\u0117","item":"https:\/\/skaitytaknyga.lt\/knygu-parduotuve\/"},{"@type":"ListItem","position":3,"name":"Wielka wojna z zakonem krzy\u017cackim w latach 1409-1411"}]},{"@type":"WebSite","@id":"https:\/\/skaitytaknyga.lt\/#website","url":"https:\/\/skaitytaknyga.lt\/","name":"skaitytaknyga.lt","description":"Skaitytaknyga.lt \u2013 tai ma\u017eas \u0161eimos verslas, kuris prasid\u0117jo nuo meil\u0117s knygoms ir siekio i\u0161gelb\u0117ti knygas nuo likimo prie konteinerio. Kas vienam nereikalingas daiktas \u2013 kitam lobis, o mes esame tarpininkai, kurie padeda abiems tapti laimingesniems ???? \u017dinome kaip nelengva i\u0161gyventi ma\u017eiems verslams, tad nuo \u0161iol, \u010dia rasite ir kit\u0173, ma\u017e\u0173 \u0161eim\u0173 versl\u0173, rank\u0173 darbo, dovan\u0173 sau ir artimiesiems.","publisher":{"@id":"https:\/\/skaitytaknyga.lt\/#organization"},"potentialAction":[{"@type":"SearchAction","target":{"@type":"EntryPoint","urlTemplate":"https:\/\/skaitytaknyga.lt\/?s={search_term_string}"},"query-input":{"@type":"PropertyValueSpecification","valueRequired":true,"valueName":"search_term_string"}}],"inLanguage":"en-GB"},{"@type":"Organization","@id":"https:\/\/skaitytaknyga.lt\/#organization","name":"skaitytaknyga.lt","url":"https:\/\/skaitytaknyga.lt\/","logo":{"@type":"ImageObject","inLanguage":"en-GB","@id":"https:\/\/skaitytaknyga.lt\/#\/schema\/logo\/image\/","url":"https:\/\/skaitytaknyga.lt\/wp-content\/uploads\/2024\/05\/cropped-cropped-cropped-02_00843_jt3bggkj1j3HLc7SyY6rEUpg.jpeg","contentUrl":"https:\/\/skaitytaknyga.lt\/wp-content\/uploads\/2024\/05\/cropped-cropped-cropped-02_00843_jt3bggkj1j3HLc7SyY6rEUpg.jpeg","width":1600,"height":1600,"caption":"skaitytaknyga.lt"},"image":{"@id":"https:\/\/skaitytaknyga.lt\/#\/schema\/logo\/image\/"},"sameAs":["https:\/\/www.facebook.com\/skaitytaknyga\/"]}]}},"_links":{"self":[{"href":"https:\/\/skaitytaknyga.lt\/en\/wp-json\/wp\/v2\/product\/14991","targetHints":{"allow":["GET"]}}],"collection":[{"href":"https:\/\/skaitytaknyga.lt\/en\/wp-json\/wp\/v2\/product"}],"about":[{"href":"https:\/\/skaitytaknyga.lt\/en\/wp-json\/wp\/v2\/types\/product"}],"replies":[{"embeddable":true,"href":"https:\/\/skaitytaknyga.lt\/en\/wp-json\/wp\/v2\/comments?post=14991"}],"wp:featuredmedia":[{"embeddable":true,"href":"https:\/\/skaitytaknyga.lt\/en\/wp-json\/wp\/v2\/media\/14992"}],"wp:attachment":[{"href":"https:\/\/skaitytaknyga.lt\/en\/wp-json\/wp\/v2\/media?parent=14991"}],"wp:term":[{"taxonomy":"product_brand","embeddable":true,"href":"https:\/\/skaitytaknyga.lt\/en\/wp-json\/wp\/v2\/product_brand?post=14991"},{"taxonomy":"product_cat","embeddable":true,"href":"https:\/\/skaitytaknyga.lt\/en\/wp-json\/wp\/v2\/product_cat?post=14991"},{"taxonomy":"product_tag","embeddable":true,"href":"https:\/\/skaitytaknyga.lt\/en\/wp-json\/wp\/v2\/product_tag?post=14991"}],"curies":[{"name":"wp","href":"https:\/\/api.w.org\/{rel}","templated":true}]}}