{"id":14966,"date":"2024-11-26T13:28:48","date_gmt":"2024-11-26T11:28:48","guid":{"rendered":"https:\/\/skaitytaknyga.lt\/?post_type=product&#038;p=14966"},"modified":"2024-12-09T14:59:54","modified_gmt":"2024-12-09T12:59:54","slug":"sakyk-kodel","status":"publish","type":"product","link":"https:\/\/skaitytaknyga.lt\/en\/produktas\/sakyk-kodel\/","title":{"rendered":"Sakyk, kod\u0117l?"},"content":{"rendered":"<p>Vaikai da\u017enai u\u017eduoda sunki\u0173 klausim\u0173, ir mes ne visada \u017einome, kaip tinkamai \u012f juos atsakyti&#8230;<\/p>\n<p>Ar t\u0117vai vienodai myli visus savo vaikus?<br \/>\nKod\u0117l negaliu visada daryti to, ko noriu?<br \/>\nKur a\u0161 buvau prie\u0161 gimdamas?<br \/>\nAr reikia myl\u0117ti visus?<br \/>\nAr gyv\u016bnai supranta visk\u0105, kas jiems sakoma?<br \/>\n\u0160i knyga pad\u0117s vaikams ir j\u0173 t\u0117vams apm\u0105styti svarbius klausimus ir rasti \u012f juos atsakymus.<\/p>\n<p>\u0160tai ai\u0161k\u016bs, ties\u016bs atsakymai, pad\u0117siantys jiems galvoti ir suprasti pasaul\u012f.<\/p>\n<p>Autorius: Charlotte Grosset\u00eate<br \/>\nLeid\u0117jas: Salybus<br \/>\nMetai: 2017<br \/>\nPuslapiai: 128<br \/>\nISBN: 9786098059083<br \/>\nFormatas: 20 x 24 x 1,5 cm, kieti vir\u0161eliai<br \/>\nKalba: Lietuvi\u0173<\/p>\n","protected":false},"excerpt":{"rendered":"<p>Vaikai da\u017enai u\u017eduoda sunki\u0173 klausim\u0173, ir mes ne visada \u017einome, kaip tinkamai \u012f juos atsakyti&#8230; Ar t\u0117vai vienodai myli visus savo vaikus? Kod\u0117l negaliu visada daryti to, ko noriu? Kur a\u0161 buvau prie\u0161 gimdamas? Ar reikia myl\u0117ti visus? Ar gyv\u016bnai supranta visk\u0105, kas jiems sakoma? \u0160i knyga pad\u0117s vaikams ir j\u0173 t\u0117vams apm\u0105styti svarbius klausimus ir rasti \u012f juos atsakymus. \u0160tai ai\u0161k\u016bs, ties\u016bs atsakymai, pad\u0117siantys jiems galvoti ir suprasti pasaul\u012f. Autorius: Charlotte Grosset\u00eate Leid\u0117jas: Salybus Metai: 2017 Puslapiai: 128 ISBN: 9786098059083 Formatas: 20 x 24 x 1,5 cm, kieti vir\u0161eliai Kalba: Lietuvi\u0173<\/p>\n","protected":false},"featured_media":15251,"comment_status":"open","ping_status":"closed","template":"","meta":{"_acf_changed":false,"site-sidebar-layout":"default","site-content-layout":"","ast-site-content-layout":"default","site-content-style":"default","site-sidebar-style":"default","ast-global-header-display":"","ast-banner-title-visibility":"","ast-main-header-display":"","ast-hfb-above-header-display":"","ast-hfb-below-header-display":"","ast-hfb-mobile-header-display":"","site-post-title":"","ast-breadcrumbs-content":"","ast-featured-img":"","footer-sml-layout":"","ast-disable-related-posts":"","theme-transparent-header-meta":"default","adv-header-id-meta":"","stick-header-meta":"","header-above-stick-meta":"","header-main-stick-meta":"","header-below-stick-meta":"","astra-migrate-meta-layouts":"set","ast-page-background-enabled":"default","ast-page-background-meta":{"desktop":{"background-color":"","background-image":"","background-repeat":"repeat","background-position":"center center","background-size":"auto","background-attachment":"scroll","background-type":"","background-media":"","overlay-type":"","overlay-color":"","overlay-opacity":"","overlay-gradient":""},"tablet":{"background-color":"","background-image":"","background-repeat":"repeat","background-position":"center center","background-size":"auto","background-attachment":"scroll","background-type":"","background-media":"","overlay-type":"","overlay-color":"","overlay-opacity":"","overlay-gradient":""},"mobile":{"background-color":"","background-image":"","background-repeat":"repeat","background-position":"center center","background-size":"auto","background-attachment":"scroll","background-type":"","background-media":"","overlay-type":"","overlay-color":"","overlay-opacity":"","overlay-gradient":""}},"ast-content-background-meta":{"desktop":{"background-color":"var(--ast-global-color-4)","background-image":"","background-repeat":"repeat","background-position":"center center","background-size":"auto","background-attachment":"scroll","background-type":"","background-media":"","overlay-type":"","overlay-color":"","overlay-opacity":"","overlay-gradient":""},"tablet":{"background-color":"var(--ast-global-color-4)","background-image":"","background-repeat":"repeat","background-position":"center center","background-size":"auto","background-attachment":"scroll","background-type":"","background-media":"","overlay-type":"","overlay-color":"","overlay-opacity":"","overlay-gradient":""},"mobile":{"background-color":"var(--ast-global-color-4)","background-image":"","background-repeat":"repeat","background-position":"center center","background-size":"auto","background-attachment":"scroll","background-type":"","background-media":"","overlay-type":"","overlay-color":"","overlay-opacity":"","overlay-gradient":""}}},"product_brand":[],"product_cat":[15,35],"product_tag":[],"class_list":{"0":"post-14966","1":"product","2":"type-product","3":"status-publish","4":"has-post-thumbnail","6":"product_cat-uncategorized","7":"product_cat-vaikams-ir-paaugliams","8":"desktop-align-left","9":"tablet-align-left","10":"mobile-align-left","12":"first","13":"instock","14":"shipping-taxable","15":"purchasable","16":"product-type-simple"},"acf":[],"yoast_head":"<!-- This site is optimized with the Yoast SEO plugin v27.0 - https:\/\/yoast.com\/product\/yoast-seo-wordpress\/ -->\n<title>Sakyk, kod\u0117l?<\/title>\n<meta name=\"description\" content=\"Vaikai da\u017enai u\u017eduoda sunki\u0173 klausim\u0173, ir mes ne visada \u017einome, kaip tinkamai \u012f juos atsakyti... Ar t\u0117vai vienodai myli visus savo vaikus? Kod\u0117l negaliu\" \/>\n<meta name=\"robots\" content=\"index, follow, max-snippet:-1, max-image-preview:large, max-video-preview:-1\" \/>\n<link rel=\"canonical\" href=\"https:\/\/skaitytaknyga.lt\/en\/produktas\/sakyk-kodel\/\" \/>\n<meta property=\"og:locale\" content=\"en_GB\" \/>\n<meta property=\"og:locale:alternate\" content=\"lt_LT\" \/>\n<meta property=\"og:type\" content=\"article\" \/>\n<meta property=\"og:title\" content=\"Sakyk, kod\u0117l?\" \/>\n<meta property=\"og:description\" content=\"Vaikai da\u017enai u\u017eduoda sunki\u0173 klausim\u0173, ir mes ne visada \u017einome, kaip tinkamai \u012f juos atsakyti... Ar t\u0117vai vienodai myli visus savo vaikus? Kod\u0117l negaliu\" \/>\n<meta property=\"og:url\" content=\"https:\/\/skaitytaknyga.lt\/en\/produktas\/sakyk-kodel\/\" \/>\n<meta property=\"og:site_name\" content=\"Skaitytaknyga\" \/>\n<meta property=\"article:publisher\" content=\"https:\/\/www.facebook.com\/skaitytaknyga\/\" \/>\n<meta property=\"article:modified_time\" content=\"2024-12-09T12:59:54+00:00\" \/>\n<meta property=\"og:image\" content=\"https:\/\/skaitytaknyga.lt\/wp-content\/uploads\/2024\/11\/Sakyk-kodel-1.webp\" \/>\n\t<meta property=\"og:image:width\" content=\"668\" \/>\n\t<meta property=\"og:image:height\" content=\"799\" \/>\n\t<meta property=\"og:image:type\" content=\"image\/webp\" \/>\n<meta name=\"twitter:card\" content=\"summary_large_image\" \/>\n<meta name=\"twitter:label1\" content=\"Estimated reading time\" \/>\n\t<meta name=\"twitter:data1\" content=\"1 minute\" \/>\n<script type=\"application\/ld+json\" class=\"yoast-schema-graph\">{\"@context\":\"https:\/\/schema.org\",\"@graph\":[{\"@type\":\"WebPage\",\"@id\":\"https:\/\/skaitytaknyga.lt\/produktas\/sakyk-kodel\/\",\"url\":\"https:\/\/skaitytaknyga.lt\/produktas\/sakyk-kodel\/\",\"name\":\"Sakyk, kod\u0117l?\",\"isPartOf\":{\"@id\":\"https:\/\/skaitytaknyga.lt\/#website\"},\"primaryImageOfPage\":{\"@id\":\"https:\/\/skaitytaknyga.lt\/produktas\/sakyk-kodel\/#primaryimage\"},\"image\":{\"@id\":\"https:\/\/skaitytaknyga.lt\/produktas\/sakyk-kodel\/#primaryimage\"},\"thumbnailUrl\":\"https:\/\/skaitytaknyga.lt\/wp-content\/uploads\/2024\/11\/Sakyk-kodel-1.webp\",\"datePublished\":\"2024-11-26T11:28:48+00:00\",\"dateModified\":\"2024-12-09T12:59:54+00:00\",\"description\":\"Vaikai da\u017enai u\u017eduoda sunki\u0173 klausim\u0173, ir mes ne visada \u017einome, kaip tinkamai \u012f juos atsakyti... Ar t\u0117vai vienodai myli visus savo vaikus? Kod\u0117l negaliu\",\"breadcrumb\":{\"@id\":\"https:\/\/skaitytaknyga.lt\/produktas\/sakyk-kodel\/#breadcrumb\"},\"inLanguage\":\"en-GB\",\"potentialAction\":[{\"@type\":\"ReadAction\",\"target\":[\"https:\/\/skaitytaknyga.lt\/produktas\/sakyk-kodel\/\"]}]},{\"@type\":\"ImageObject\",\"inLanguage\":\"en-GB\",\"@id\":\"https:\/\/skaitytaknyga.lt\/produktas\/sakyk-kodel\/#primaryimage\",\"url\":\"https:\/\/skaitytaknyga.lt\/wp-content\/uploads\/2024\/11\/Sakyk-kodel-1.webp\",\"contentUrl\":\"https:\/\/skaitytaknyga.lt\/wp-content\/uploads\/2024\/11\/Sakyk-kodel-1.webp\",\"width\":668,\"height\":799,\"caption\":\"Sakyk, kod\u0117l?\"},{\"@type\":\"BreadcrumbList\",\"@id\":\"https:\/\/skaitytaknyga.lt\/produktas\/sakyk-kodel\/#breadcrumb\",\"itemListElement\":[{\"@type\":\"ListItem\",\"position\":1,\"name\":\"Home\",\"item\":\"https:\/\/skaitytaknyga.lt\/\"},{\"@type\":\"ListItem\",\"position\":2,\"name\":\"Parduotuv\u0117\",\"item\":\"https:\/\/skaitytaknyga.lt\/knygu-parduotuve\/\"},{\"@type\":\"ListItem\",\"position\":3,\"name\":\"Sakyk, kod\u0117l?\"}]},{\"@type\":\"WebSite\",\"@id\":\"https:\/\/skaitytaknyga.lt\/#website\",\"url\":\"https:\/\/skaitytaknyga.lt\/\",\"name\":\"skaitytaknyga.lt\",\"description\":\"Skaitytaknyga.lt \u2013 tai ma\u017eas \u0161eimos verslas, kuris prasid\u0117jo nuo meil\u0117s knygoms ir siekio i\u0161gelb\u0117ti knygas nuo likimo prie konteinerio. Kas vienam nereikalingas daiktas \u2013 kitam lobis, o mes esame tarpininkai, kurie padeda abiems tapti laimingesniems ???? \u017dinome kaip nelengva i\u0161gyventi ma\u017eiems verslams, tad nuo \u0161iol, \u010dia rasite ir kit\u0173, ma\u017e\u0173 \u0161eim\u0173 versl\u0173, rank\u0173 darbo, dovan\u0173 sau ir artimiesiems.\",\"publisher\":{\"@id\":\"https:\/\/skaitytaknyga.lt\/#organization\"},\"potentialAction\":[{\"@type\":\"SearchAction\",\"target\":{\"@type\":\"EntryPoint\",\"urlTemplate\":\"https:\/\/skaitytaknyga.lt\/?s={search_term_string}\"},\"query-input\":{\"@type\":\"PropertyValueSpecification\",\"valueRequired\":true,\"valueName\":\"search_term_string\"}}],\"inLanguage\":\"en-GB\"},{\"@type\":\"Organization\",\"@id\":\"https:\/\/skaitytaknyga.lt\/#organization\",\"name\":\"skaitytaknyga.lt\",\"url\":\"https:\/\/skaitytaknyga.lt\/\",\"logo\":{\"@type\":\"ImageObject\",\"inLanguage\":\"en-GB\",\"@id\":\"https:\/\/skaitytaknyga.lt\/#\/schema\/logo\/image\/\",\"url\":\"https:\/\/skaitytaknyga.lt\/wp-content\/uploads\/2024\/05\/cropped-cropped-cropped-02_00843_jt3bggkj1j3HLc7SyY6rEUpg.jpeg\",\"contentUrl\":\"https:\/\/skaitytaknyga.lt\/wp-content\/uploads\/2024\/05\/cropped-cropped-cropped-02_00843_jt3bggkj1j3HLc7SyY6rEUpg.jpeg\",\"width\":1600,\"height\":1600,\"caption\":\"skaitytaknyga.lt\"},\"image\":{\"@id\":\"https:\/\/skaitytaknyga.lt\/#\/schema\/logo\/image\/\"},\"sameAs\":[\"https:\/\/www.facebook.com\/skaitytaknyga\/\"]}]}<\/script>\n<!-- \/ Yoast SEO plugin. -->","yoast_head_json":{"title":"Sakyk, kod\u0117l?","description":"Vaikai da\u017enai u\u017eduoda sunki\u0173 klausim\u0173, ir mes ne visada \u017einome, kaip tinkamai \u012f juos atsakyti... Ar t\u0117vai vienodai myli visus savo vaikus? Kod\u0117l negaliu","robots":{"index":"index","follow":"follow","max-snippet":"max-snippet:-1","max-image-preview":"max-image-preview:large","max-video-preview":"max-video-preview:-1"},"canonical":"https:\/\/skaitytaknyga.lt\/en\/produktas\/sakyk-kodel\/","og_locale":"en_GB","og_type":"article","og_title":"[:lt]Sakyk, kod\u0117l?[:] - Skaitytaknyga","og_description":"Vaikai da\u017enai u\u017eduoda sunki\u0173 klausim\u0173, ir mes ne visada \u017einome, kaip tinkamai \u012f juos atsakyti... Ar t\u0117vai vienodai myli visus savo vaikus? Kod\u0117l negaliu","og_url":"https:\/\/skaitytaknyga.lt\/en\/produktas\/sakyk-kodel\/","og_site_name":"Skaitytaknyga","article_publisher":"https:\/\/www.facebook.com\/skaitytaknyga\/","article_modified_time":"2024-12-09T12:59:54+00:00","og_image":[{"width":668,"height":799,"url":"https:\/\/skaitytaknyga.lt\/wp-content\/uploads\/2024\/11\/Sakyk-kodel-1.webp","type":"image\/webp"}],"twitter_card":"summary_large_image","twitter_misc":{"Estimated reading time":"1 minute"},"schema":{"@context":"https:\/\/schema.org","@graph":[{"@type":"WebPage","@id":"https:\/\/skaitytaknyga.lt\/produktas\/sakyk-kodel\/","url":"https:\/\/skaitytaknyga.lt\/produktas\/sakyk-kodel\/","name":"Sakyk, kod\u0117l?","isPartOf":{"@id":"https:\/\/skaitytaknyga.lt\/#website"},"primaryImageOfPage":{"@id":"https:\/\/skaitytaknyga.lt\/produktas\/sakyk-kodel\/#primaryimage"},"image":{"@id":"https:\/\/skaitytaknyga.lt\/produktas\/sakyk-kodel\/#primaryimage"},"thumbnailUrl":"https:\/\/skaitytaknyga.lt\/wp-content\/uploads\/2024\/11\/Sakyk-kodel-1.webp","datePublished":"2024-11-26T11:28:48+00:00","dateModified":"2024-12-09T12:59:54+00:00","description":"Vaikai da\u017enai u\u017eduoda sunki\u0173 klausim\u0173, ir mes ne visada \u017einome, kaip tinkamai \u012f juos atsakyti... Ar t\u0117vai vienodai myli visus savo vaikus? Kod\u0117l negaliu","breadcrumb":{"@id":"https:\/\/skaitytaknyga.lt\/produktas\/sakyk-kodel\/#breadcrumb"},"inLanguage":"en-GB","potentialAction":[{"@type":"ReadAction","target":["https:\/\/skaitytaknyga.lt\/produktas\/sakyk-kodel\/"]}]},{"@type":"ImageObject","inLanguage":"en-GB","@id":"https:\/\/skaitytaknyga.lt\/produktas\/sakyk-kodel\/#primaryimage","url":"https:\/\/skaitytaknyga.lt\/wp-content\/uploads\/2024\/11\/Sakyk-kodel-1.webp","contentUrl":"https:\/\/skaitytaknyga.lt\/wp-content\/uploads\/2024\/11\/Sakyk-kodel-1.webp","width":668,"height":799,"caption":"Sakyk, kod\u0117l?"},{"@type":"BreadcrumbList","@id":"https:\/\/skaitytaknyga.lt\/produktas\/sakyk-kodel\/#breadcrumb","itemListElement":[{"@type":"ListItem","position":1,"name":"Home","item":"https:\/\/skaitytaknyga.lt\/"},{"@type":"ListItem","position":2,"name":"Parduotuv\u0117","item":"https:\/\/skaitytaknyga.lt\/knygu-parduotuve\/"},{"@type":"ListItem","position":3,"name":"Sakyk, kod\u0117l?"}]},{"@type":"WebSite","@id":"https:\/\/skaitytaknyga.lt\/#website","url":"https:\/\/skaitytaknyga.lt\/","name":"skaitytaknyga.lt","description":"Skaitytaknyga.lt \u2013 tai ma\u017eas \u0161eimos verslas, kuris prasid\u0117jo nuo meil\u0117s knygoms ir siekio i\u0161gelb\u0117ti knygas nuo likimo prie konteinerio. Kas vienam nereikalingas daiktas \u2013 kitam lobis, o mes esame tarpininkai, kurie padeda abiems tapti laimingesniems ???? \u017dinome kaip nelengva i\u0161gyventi ma\u017eiems verslams, tad nuo \u0161iol, \u010dia rasite ir kit\u0173, ma\u017e\u0173 \u0161eim\u0173 versl\u0173, rank\u0173 darbo, dovan\u0173 sau ir artimiesiems.","publisher":{"@id":"https:\/\/skaitytaknyga.lt\/#organization"},"potentialAction":[{"@type":"SearchAction","target":{"@type":"EntryPoint","urlTemplate":"https:\/\/skaitytaknyga.lt\/?s={search_term_string}"},"query-input":{"@type":"PropertyValueSpecification","valueRequired":true,"valueName":"search_term_string"}}],"inLanguage":"en-GB"},{"@type":"Organization","@id":"https:\/\/skaitytaknyga.lt\/#organization","name":"skaitytaknyga.lt","url":"https:\/\/skaitytaknyga.lt\/","logo":{"@type":"ImageObject","inLanguage":"en-GB","@id":"https:\/\/skaitytaknyga.lt\/#\/schema\/logo\/image\/","url":"https:\/\/skaitytaknyga.lt\/wp-content\/uploads\/2024\/05\/cropped-cropped-cropped-02_00843_jt3bggkj1j3HLc7SyY6rEUpg.jpeg","contentUrl":"https:\/\/skaitytaknyga.lt\/wp-content\/uploads\/2024\/05\/cropped-cropped-cropped-02_00843_jt3bggkj1j3HLc7SyY6rEUpg.jpeg","width":1600,"height":1600,"caption":"skaitytaknyga.lt"},"image":{"@id":"https:\/\/skaitytaknyga.lt\/#\/schema\/logo\/image\/"},"sameAs":["https:\/\/www.facebook.com\/skaitytaknyga\/"]}]}},"_links":{"self":[{"href":"https:\/\/skaitytaknyga.lt\/en\/wp-json\/wp\/v2\/product\/14966","targetHints":{"allow":["GET"]}}],"collection":[{"href":"https:\/\/skaitytaknyga.lt\/en\/wp-json\/wp\/v2\/product"}],"about":[{"href":"https:\/\/skaitytaknyga.lt\/en\/wp-json\/wp\/v2\/types\/product"}],"replies":[{"embeddable":true,"href":"https:\/\/skaitytaknyga.lt\/en\/wp-json\/wp\/v2\/comments?post=14966"}],"wp:featuredmedia":[{"embeddable":true,"href":"https:\/\/skaitytaknyga.lt\/en\/wp-json\/wp\/v2\/media\/15251"}],"wp:attachment":[{"href":"https:\/\/skaitytaknyga.lt\/en\/wp-json\/wp\/v2\/media?parent=14966"}],"wp:term":[{"taxonomy":"product_brand","embeddable":true,"href":"https:\/\/skaitytaknyga.lt\/en\/wp-json\/wp\/v2\/product_brand?post=14966"},{"taxonomy":"product_cat","embeddable":true,"href":"https:\/\/skaitytaknyga.lt\/en\/wp-json\/wp\/v2\/product_cat?post=14966"},{"taxonomy":"product_tag","embeddable":true,"href":"https:\/\/skaitytaknyga.lt\/en\/wp-json\/wp\/v2\/product_tag?post=14966"}],"curies":[{"name":"wp","href":"https:\/\/api.w.org\/{rel}","templated":true}]}}