{"id":14964,"date":"2023-11-26T13:28:48","date_gmt":"2023-11-26T11:28:48","guid":{"rendered":"https:\/\/skaitytaknyga.lt\/?post_type=product&#038;p=14964"},"modified":"2024-11-26T15:12:49","modified_gmt":"2024-11-26T13:12:49","slug":"juozas-gruodis","status":"publish","type":"product","link":"https:\/\/skaitytaknyga.lt\/en\/produktas\/juozas-gruodis\/","title":{"rendered":"Juozas Gruodis"},"content":{"rendered":"<p>\u0160iame leidinyje-albume remiamasi A.Ambrazo sukaupta faktologine med\u017eiaga. Leidinio tikslas-supa\u017eindinti skaitytojus su J.Gruod\u017eio gyvenimu ir k\u016bryba, pasitelkiant ikonografin\u0119 med\u017eiag\u0105, autenti\u0161kas paties kompozitoriaus bei jo am\u017einink\u0173 mintis. Leidin\u012f sudaro \u012fvadinis straipsnis ir keturi skyriai, kuri\u0173 pavadinimai parinkti i\u0161 J.Gruod\u017eio pasisakym\u0173. Pirmas skyrius &#8220;A\u0161 t\u0105 kra\u0161t\u0105 visa \u0161irdim myliu&#8221; skirtas J.Gruod\u017eio jaunyst\u0117s metams, praleistiems Lietuvoje (1884-1914). Antras skyrius &#8220;Garsais u\u017evaldysiu pasaul\u012f&#8221; apima kompozitoriaus mokslo metus Maskvoje ir Leipcige (1914-1924). Tre\u010diame skyriuje ap\u017evelgiama J.Gruod\u017eio k\u016bryba bei muzikin\u0117 veikla Lietuvoje, sugr\u012f\u017eus i\u0161 studij\u0173, iki jo mirties (1924-1948). Ketvirtas skyrius &#8220;Mano darbas turb\u016bt reikalingas&#8221;-tai J.Gruod\u017eio palikimas m\u016bs\u0173 dienomis; pateikiamas jo buvusi\u0173 mokini\u0173, \u0161iandien \u017eymi\u0173 muzik\u0173, mintys apie savo mokytoj\u0105, pristatomi aktyviausieji jo k\u016brybos atlik\u0117jai, taip pat jo k\u016brybos tyrin\u0117tojai. Leidinys gausiai iliustruotas.<\/p>\n","protected":false},"excerpt":{"rendered":"<p>\u0160iame leidinyje-albume remiamasi A.Ambrazo sukaupta faktologine med\u017eiaga. Leidinio tikslas-supa\u017eindinti skaitytojus su J.Gruod\u017eio gyvenimu ir k\u016bryba, pasitelkiant ikonografin\u0119 med\u017eiag\u0105, autenti\u0161kas paties kompozitoriaus bei jo am\u017einink\u0173 mintis. Leidin\u012f sudaro \u012fvadinis straipsnis ir keturi skyriai, kuri\u0173 pavadinimai parinkti i\u0161 J.Gruod\u017eio pasisakym\u0173. Pirmas skyrius &#8220;A\u0161 t\u0105 kra\u0161t\u0105 visa \u0161irdim myliu&#8221; skirtas J.Gruod\u017eio jaunyst\u0117s metams, praleistiems Lietuvoje (1884-1914). Antras skyrius &#8220;Garsais u\u017evaldysiu pasaul\u012f&#8221; apima kompozitoriaus mokslo metus Maskvoje ir Leipcige (1914-1924). Tre\u010diame skyriuje ap\u017evelgiama J.Gruod\u017eio k\u016bryba bei muzikin\u0117 veikla Lietuvoje, sugr\u012f\u017eus i\u0161 studij\u0173, iki jo mirties (1924-1948). Ketvirtas skyrius &#8220;Mano darbas turb\u016bt reikalingas&#8221;-tai J.Gruod\u017eio palikimas m\u016bs\u0173 dienomis; pateikiamas jo buvusi\u0173 mokini\u0173, \u0161iandien \u017eymi\u0173 muzik\u0173, mintys apie savo mokytoj\u0105, pristatomi aktyviausieji jo k\u016brybos atlik\u0117jai, taip pat jo k\u016brybos tyrin\u0117tojai. Leidinys gausiai iliustruotas.<\/p>\n","protected":false},"featured_media":14970,"comment_status":"open","ping_status":"closed","template":"","meta":{"_acf_changed":false,"site-sidebar-layout":"default","site-content-layout":"","ast-site-content-layout":"default","site-content-style":"default","site-sidebar-style":"default","ast-global-header-display":"","ast-banner-title-visibility":"","ast-main-header-display":"","ast-hfb-above-header-display":"","ast-hfb-below-header-display":"","ast-hfb-mobile-header-display":"","site-post-title":"","ast-breadcrumbs-content":"","ast-featured-img":"","footer-sml-layout":"","ast-disable-related-posts":"","theme-transparent-header-meta":"default","adv-header-id-meta":"","stick-header-meta":"","header-above-stick-meta":"","header-main-stick-meta":"","header-below-stick-meta":"","astra-migrate-meta-layouts":"set","ast-page-background-enabled":"default","ast-page-background-meta":{"desktop":{"background-color":"","background-image":"","background-repeat":"repeat","background-position":"center center","background-size":"auto","background-attachment":"scroll","background-type":"","background-media":"","overlay-type":"","overlay-color":"","overlay-opacity":"","overlay-gradient":""},"tablet":{"background-color":"","background-image":"","background-repeat":"repeat","background-position":"center center","background-size":"auto","background-attachment":"scroll","background-type":"","background-media":"","overlay-type":"","overlay-color":"","overlay-opacity":"","overlay-gradient":""},"mobile":{"background-color":"","background-image":"","background-repeat":"repeat","background-position":"center center","background-size":"auto","background-attachment":"scroll","background-type":"","background-media":"","overlay-type":"","overlay-color":"","overlay-opacity":"","overlay-gradient":""}},"ast-content-background-meta":{"desktop":{"background-color":"var(--ast-global-color-4)","background-image":"","background-repeat":"repeat","background-position":"center center","background-size":"auto","background-attachment":"scroll","background-type":"","background-media":"","overlay-type":"","overlay-color":"","overlay-opacity":"","overlay-gradient":""},"tablet":{"background-color":"var(--ast-global-color-4)","background-image":"","background-repeat":"repeat","background-position":"center center","background-size":"auto","background-attachment":"scroll","background-type":"","background-media":"","overlay-type":"","overlay-color":"","overlay-opacity":"","overlay-gradient":""},"mobile":{"background-color":"var(--ast-global-color-4)","background-image":"","background-repeat":"repeat","background-position":"center center","background-size":"auto","background-attachment":"scroll","background-type":"","background-media":"","overlay-type":"","overlay-color":"","overlay-opacity":"","overlay-gradient":""}}},"product_brand":[],"product_cat":[15],"product_tag":[],"class_list":{"0":"post-14964","1":"product","2":"type-product","3":"status-publish","4":"has-post-thumbnail","6":"product_cat-uncategorized","7":"desktop-align-left","8":"tablet-align-left","9":"mobile-align-left","11":"first","12":"instock","13":"shipping-taxable","14":"purchasable","15":"product-type-simple"},"acf":[],"yoast_head":"<!-- This site is optimized with the Yoast SEO plugin v27.0 - https:\/\/yoast.com\/product\/yoast-seo-wordpress\/ -->\n<title>Juozas Gruodis<\/title>\n<meta name=\"description\" content=\"\u0160iame leidinyje-albume remiamasi A.Ambrazo sukaupta faktologine med\u017eiaga. Leidinio tikslas-supa\u017eindinti skaitytojus su J.Gruod\u017eio gyvenimu ir k\u016bryba,\" \/>\n<meta name=\"robots\" content=\"index, follow, max-snippet:-1, max-image-preview:large, max-video-preview:-1\" \/>\n<link rel=\"canonical\" href=\"https:\/\/skaitytaknyga.lt\/en\/produktas\/juozas-gruodis\/\" \/>\n<meta property=\"og:locale\" content=\"en_GB\" \/>\n<meta property=\"og:locale:alternate\" content=\"lt_LT\" \/>\n<meta property=\"og:type\" content=\"article\" \/>\n<meta property=\"og:title\" content=\"Juozas Gruodis\" \/>\n<meta property=\"og:description\" content=\"\u0160iame leidinyje-albume remiamasi A.Ambrazo sukaupta faktologine med\u017eiaga. Leidinio tikslas-supa\u017eindinti skaitytojus su J.Gruod\u017eio gyvenimu ir k\u016bryba,\" \/>\n<meta property=\"og:url\" content=\"https:\/\/skaitytaknyga.lt\/en\/produktas\/juozas-gruodis\/\" \/>\n<meta property=\"og:site_name\" content=\"Skaitytaknyga\" \/>\n<meta property=\"article:publisher\" content=\"https:\/\/www.facebook.com\/skaitytaknyga\/\" \/>\n<meta property=\"article:modified_time\" content=\"2024-11-26T13:12:49+00:00\" \/>\n<meta property=\"og:image\" content=\"https:\/\/skaitytaknyga.lt\/wp-content\/uploads\/2024\/11\/Juozas-Gruodis.jpg\" \/>\n\t<meta property=\"og:image:width\" content=\"426\" \/>\n\t<meta property=\"og:image:height\" content=\"575\" \/>\n\t<meta property=\"og:image:type\" content=\"image\/jpeg\" \/>\n<meta name=\"twitter:card\" content=\"summary_large_image\" \/>\n<meta name=\"twitter:label1\" content=\"Estimated reading time\" \/>\n\t<meta name=\"twitter:data1\" content=\"1 minute\" \/>\n<script type=\"application\/ld+json\" class=\"yoast-schema-graph\">{\"@context\":\"https:\/\/schema.org\",\"@graph\":[{\"@type\":\"WebPage\",\"@id\":\"https:\/\/skaitytaknyga.lt\/produktas\/juozas-gruodis\/\",\"url\":\"https:\/\/skaitytaknyga.lt\/produktas\/juozas-gruodis\/\",\"name\":\"Juozas Gruodis\",\"isPartOf\":{\"@id\":\"https:\/\/skaitytaknyga.lt\/#website\"},\"primaryImageOfPage\":{\"@id\":\"https:\/\/skaitytaknyga.lt\/produktas\/juozas-gruodis\/#primaryimage\"},\"image\":{\"@id\":\"https:\/\/skaitytaknyga.lt\/produktas\/juozas-gruodis\/#primaryimage\"},\"thumbnailUrl\":\"https:\/\/skaitytaknyga.lt\/wp-content\/uploads\/2024\/11\/Juozas-Gruodis.jpg\",\"datePublished\":\"2023-11-26T11:28:48+00:00\",\"dateModified\":\"2024-11-26T13:12:49+00:00\",\"description\":\"\u0160iame leidinyje-albume remiamasi A.Ambrazo sukaupta faktologine med\u017eiaga. Leidinio tikslas-supa\u017eindinti skaitytojus su J.Gruod\u017eio gyvenimu ir k\u016bryba,\",\"breadcrumb\":{\"@id\":\"https:\/\/skaitytaknyga.lt\/produktas\/juozas-gruodis\/#breadcrumb\"},\"inLanguage\":\"en-GB\",\"potentialAction\":[{\"@type\":\"ReadAction\",\"target\":[\"https:\/\/skaitytaknyga.lt\/produktas\/juozas-gruodis\/\"]}]},{\"@type\":\"ImageObject\",\"inLanguage\":\"en-GB\",\"@id\":\"https:\/\/skaitytaknyga.lt\/produktas\/juozas-gruodis\/#primaryimage\",\"url\":\"https:\/\/skaitytaknyga.lt\/wp-content\/uploads\/2024\/11\/Juozas-Gruodis.jpg\",\"contentUrl\":\"https:\/\/skaitytaknyga.lt\/wp-content\/uploads\/2024\/11\/Juozas-Gruodis.jpg\",\"width\":426,\"height\":575,\"caption\":\"Juozas Gruodis\"},{\"@type\":\"BreadcrumbList\",\"@id\":\"https:\/\/skaitytaknyga.lt\/produktas\/juozas-gruodis\/#breadcrumb\",\"itemListElement\":[{\"@type\":\"ListItem\",\"position\":1,\"name\":\"Home\",\"item\":\"https:\/\/skaitytaknyga.lt\/\"},{\"@type\":\"ListItem\",\"position\":2,\"name\":\"Parduotuv\u0117\",\"item\":\"https:\/\/skaitytaknyga.lt\/knygu-parduotuve\/\"},{\"@type\":\"ListItem\",\"position\":3,\"name\":\"Juozas Gruodis\"}]},{\"@type\":\"WebSite\",\"@id\":\"https:\/\/skaitytaknyga.lt\/#website\",\"url\":\"https:\/\/skaitytaknyga.lt\/\",\"name\":\"skaitytaknyga.lt\",\"description\":\"Skaitytaknyga.lt \u2013 tai ma\u017eas \u0161eimos verslas, kuris prasid\u0117jo nuo meil\u0117s knygoms ir siekio i\u0161gelb\u0117ti knygas nuo likimo prie konteinerio. Kas vienam nereikalingas daiktas \u2013 kitam lobis, o mes esame tarpininkai, kurie padeda abiems tapti laimingesniems ???? \u017dinome kaip nelengva i\u0161gyventi ma\u017eiems verslams, tad nuo \u0161iol, \u010dia rasite ir kit\u0173, ma\u017e\u0173 \u0161eim\u0173 versl\u0173, rank\u0173 darbo, dovan\u0173 sau ir artimiesiems.\",\"publisher\":{\"@id\":\"https:\/\/skaitytaknyga.lt\/#organization\"},\"potentialAction\":[{\"@type\":\"SearchAction\",\"target\":{\"@type\":\"EntryPoint\",\"urlTemplate\":\"https:\/\/skaitytaknyga.lt\/?s={search_term_string}\"},\"query-input\":{\"@type\":\"PropertyValueSpecification\",\"valueRequired\":true,\"valueName\":\"search_term_string\"}}],\"inLanguage\":\"en-GB\"},{\"@type\":\"Organization\",\"@id\":\"https:\/\/skaitytaknyga.lt\/#organization\",\"name\":\"skaitytaknyga.lt\",\"url\":\"https:\/\/skaitytaknyga.lt\/\",\"logo\":{\"@type\":\"ImageObject\",\"inLanguage\":\"en-GB\",\"@id\":\"https:\/\/skaitytaknyga.lt\/#\/schema\/logo\/image\/\",\"url\":\"https:\/\/skaitytaknyga.lt\/wp-content\/uploads\/2024\/05\/cropped-cropped-cropped-02_00843_jt3bggkj1j3HLc7SyY6rEUpg.jpeg\",\"contentUrl\":\"https:\/\/skaitytaknyga.lt\/wp-content\/uploads\/2024\/05\/cropped-cropped-cropped-02_00843_jt3bggkj1j3HLc7SyY6rEUpg.jpeg\",\"width\":1600,\"height\":1600,\"caption\":\"skaitytaknyga.lt\"},\"image\":{\"@id\":\"https:\/\/skaitytaknyga.lt\/#\/schema\/logo\/image\/\"},\"sameAs\":[\"https:\/\/www.facebook.com\/skaitytaknyga\/\"]}]}<\/script>\n<!-- \/ Yoast SEO plugin. -->","yoast_head_json":{"title":"Juozas Gruodis","description":"\u0160iame leidinyje-albume remiamasi A.Ambrazo sukaupta faktologine med\u017eiaga. Leidinio tikslas-supa\u017eindinti skaitytojus su J.Gruod\u017eio gyvenimu ir k\u016bryba,","robots":{"index":"index","follow":"follow","max-snippet":"max-snippet:-1","max-image-preview":"max-image-preview:large","max-video-preview":"max-video-preview:-1"},"canonical":"https:\/\/skaitytaknyga.lt\/en\/produktas\/juozas-gruodis\/","og_locale":"en_GB","og_type":"article","og_title":"[:lt]Juozas Gruodis[:] - Skaitytaknyga","og_description":"\u0160iame leidinyje-albume remiamasi A.Ambrazo sukaupta faktologine med\u017eiaga. Leidinio tikslas-supa\u017eindinti skaitytojus su J.Gruod\u017eio gyvenimu ir k\u016bryba,","og_url":"https:\/\/skaitytaknyga.lt\/en\/produktas\/juozas-gruodis\/","og_site_name":"Skaitytaknyga","article_publisher":"https:\/\/www.facebook.com\/skaitytaknyga\/","article_modified_time":"2024-11-26T13:12:49+00:00","og_image":[{"width":426,"height":575,"url":"https:\/\/skaitytaknyga.lt\/wp-content\/uploads\/2024\/11\/Juozas-Gruodis.jpg","type":"image\/jpeg"}],"twitter_card":"summary_large_image","twitter_misc":{"Estimated reading time":"1 minute"},"schema":{"@context":"https:\/\/schema.org","@graph":[{"@type":"WebPage","@id":"https:\/\/skaitytaknyga.lt\/produktas\/juozas-gruodis\/","url":"https:\/\/skaitytaknyga.lt\/produktas\/juozas-gruodis\/","name":"Juozas Gruodis","isPartOf":{"@id":"https:\/\/skaitytaknyga.lt\/#website"},"primaryImageOfPage":{"@id":"https:\/\/skaitytaknyga.lt\/produktas\/juozas-gruodis\/#primaryimage"},"image":{"@id":"https:\/\/skaitytaknyga.lt\/produktas\/juozas-gruodis\/#primaryimage"},"thumbnailUrl":"https:\/\/skaitytaknyga.lt\/wp-content\/uploads\/2024\/11\/Juozas-Gruodis.jpg","datePublished":"2023-11-26T11:28:48+00:00","dateModified":"2024-11-26T13:12:49+00:00","description":"\u0160iame leidinyje-albume remiamasi A.Ambrazo sukaupta faktologine med\u017eiaga. Leidinio tikslas-supa\u017eindinti skaitytojus su J.Gruod\u017eio gyvenimu ir k\u016bryba,","breadcrumb":{"@id":"https:\/\/skaitytaknyga.lt\/produktas\/juozas-gruodis\/#breadcrumb"},"inLanguage":"en-GB","potentialAction":[{"@type":"ReadAction","target":["https:\/\/skaitytaknyga.lt\/produktas\/juozas-gruodis\/"]}]},{"@type":"ImageObject","inLanguage":"en-GB","@id":"https:\/\/skaitytaknyga.lt\/produktas\/juozas-gruodis\/#primaryimage","url":"https:\/\/skaitytaknyga.lt\/wp-content\/uploads\/2024\/11\/Juozas-Gruodis.jpg","contentUrl":"https:\/\/skaitytaknyga.lt\/wp-content\/uploads\/2024\/11\/Juozas-Gruodis.jpg","width":426,"height":575,"caption":"Juozas Gruodis"},{"@type":"BreadcrumbList","@id":"https:\/\/skaitytaknyga.lt\/produktas\/juozas-gruodis\/#breadcrumb","itemListElement":[{"@type":"ListItem","position":1,"name":"Home","item":"https:\/\/skaitytaknyga.lt\/"},{"@type":"ListItem","position":2,"name":"Parduotuv\u0117","item":"https:\/\/skaitytaknyga.lt\/knygu-parduotuve\/"},{"@type":"ListItem","position":3,"name":"Juozas Gruodis"}]},{"@type":"WebSite","@id":"https:\/\/skaitytaknyga.lt\/#website","url":"https:\/\/skaitytaknyga.lt\/","name":"skaitytaknyga.lt","description":"Skaitytaknyga.lt \u2013 tai ma\u017eas \u0161eimos verslas, kuris prasid\u0117jo nuo meil\u0117s knygoms ir siekio i\u0161gelb\u0117ti knygas nuo likimo prie konteinerio. Kas vienam nereikalingas daiktas \u2013 kitam lobis, o mes esame tarpininkai, kurie padeda abiems tapti laimingesniems ???? \u017dinome kaip nelengva i\u0161gyventi ma\u017eiems verslams, tad nuo \u0161iol, \u010dia rasite ir kit\u0173, ma\u017e\u0173 \u0161eim\u0173 versl\u0173, rank\u0173 darbo, dovan\u0173 sau ir artimiesiems.","publisher":{"@id":"https:\/\/skaitytaknyga.lt\/#organization"},"potentialAction":[{"@type":"SearchAction","target":{"@type":"EntryPoint","urlTemplate":"https:\/\/skaitytaknyga.lt\/?s={search_term_string}"},"query-input":{"@type":"PropertyValueSpecification","valueRequired":true,"valueName":"search_term_string"}}],"inLanguage":"en-GB"},{"@type":"Organization","@id":"https:\/\/skaitytaknyga.lt\/#organization","name":"skaitytaknyga.lt","url":"https:\/\/skaitytaknyga.lt\/","logo":{"@type":"ImageObject","inLanguage":"en-GB","@id":"https:\/\/skaitytaknyga.lt\/#\/schema\/logo\/image\/","url":"https:\/\/skaitytaknyga.lt\/wp-content\/uploads\/2024\/05\/cropped-cropped-cropped-02_00843_jt3bggkj1j3HLc7SyY6rEUpg.jpeg","contentUrl":"https:\/\/skaitytaknyga.lt\/wp-content\/uploads\/2024\/05\/cropped-cropped-cropped-02_00843_jt3bggkj1j3HLc7SyY6rEUpg.jpeg","width":1600,"height":1600,"caption":"skaitytaknyga.lt"},"image":{"@id":"https:\/\/skaitytaknyga.lt\/#\/schema\/logo\/image\/"},"sameAs":["https:\/\/www.facebook.com\/skaitytaknyga\/"]}]}},"_links":{"self":[{"href":"https:\/\/skaitytaknyga.lt\/en\/wp-json\/wp\/v2\/product\/14964","targetHints":{"allow":["GET"]}}],"collection":[{"href":"https:\/\/skaitytaknyga.lt\/en\/wp-json\/wp\/v2\/product"}],"about":[{"href":"https:\/\/skaitytaknyga.lt\/en\/wp-json\/wp\/v2\/types\/product"}],"replies":[{"embeddable":true,"href":"https:\/\/skaitytaknyga.lt\/en\/wp-json\/wp\/v2\/comments?post=14964"}],"wp:featuredmedia":[{"embeddable":true,"href":"https:\/\/skaitytaknyga.lt\/en\/wp-json\/wp\/v2\/media\/14970"}],"wp:attachment":[{"href":"https:\/\/skaitytaknyga.lt\/en\/wp-json\/wp\/v2\/media?parent=14964"}],"wp:term":[{"taxonomy":"product_brand","embeddable":true,"href":"https:\/\/skaitytaknyga.lt\/en\/wp-json\/wp\/v2\/product_brand?post=14964"},{"taxonomy":"product_cat","embeddable":true,"href":"https:\/\/skaitytaknyga.lt\/en\/wp-json\/wp\/v2\/product_cat?post=14964"},{"taxonomy":"product_tag","embeddable":true,"href":"https:\/\/skaitytaknyga.lt\/en\/wp-json\/wp\/v2\/product_tag?post=14964"}],"curies":[{"name":"wp","href":"https:\/\/api.w.org\/{rel}","templated":true}]}}