{"id":14963,"date":"2024-11-26T13:28:48","date_gmt":"2024-11-26T11:28:48","guid":{"rendered":"https:\/\/skaitytaknyga.lt\/?post_type=product&#038;p=14963"},"modified":"2024-12-11T08:20:15","modified_gmt":"2024-12-11T06:20:15","slug":"kelmes-rajono-kulturos-paveldas","status":"publish","type":"product","link":"https:\/\/skaitytaknyga.lt\/en\/produktas\/kelmes-rajono-kulturos-paveldas\/","title":{"rendered":"Kelm\u0117s rajono kult\u016bros paveldas"},"content":{"rendered":"<p>Leidin\u012f sudaro keli skyriai: \u201eKelm\u0117s rajono kult\u016bros paveldas\u201c, \u201ePrie\u0161istor\u0117s kult\u016bros paveldo vertyb\u0117s\u201c, \u201eSakralinio kult\u016bros paveldo vertyb\u0117s\u201c, \u201eDvarai\u201c, \u201eKelm\u0117s rajono istorinius \u012fvykius menantis kult\u016bros paveldo objektai\u201c, \u201eKult\u016bros paveldo vertybes, primenan\u010dios \u012f\u017eymius \u017emones\u201c, \u201eParkai\u201c. Kiekvienam skyriui yra skirtas specialus \u017eem\u0117lapis. Iki \u0161iol pas mus i\u0161leistos knygos, albumai b\u016bdavo baigiami trumpa angl\u0173 kalba para\u0161yta santrauka. \u0160\u012f kart\u0105 kiekvieno skyriaus visas lietuvi\u0161kas tekstas i\u0161verstas \u012f angl\u0173 kalb\u0105. Juos vert\u0117 A. Kazlausko vadovaujamo skyriaus vyr. specialistas, kuruojantis turizm\u0105 ir tarptautinius ry\u0161ius, Vilmantas Kizis. Tad kiekvienos \u0161alies atstovas, mokantis angl\u0173 kalb\u0105, gaus i\u0161sami\u0105 informacij\u0105. \u017dinoma, buvo galima \u012f angl\u0173 kalb\u0105 i\u0161versti ir nuotrauk\u0173 pavadinimus. Gaila, kad nurodytos ne vis\u0173 kult\u016bros paveldo objekt\u0173 vietov\u0117s. Kai kurias nelengva atpa\u017einti ir gerai rajon\u0105 pa\u017e\u012fstantiems \u017emon\u0117ms.<\/p>\n","protected":false},"excerpt":{"rendered":"<p>Leidin\u012f sudaro keli skyriai: \u201eKelm\u0117s rajono kult\u016bros paveldas\u201c, \u201ePrie\u0161istor\u0117s kult\u016bros paveldo vertyb\u0117s\u201c, \u201eSakralinio kult\u016bros paveldo vertyb\u0117s\u201c, \u201eDvarai\u201c, \u201eKelm\u0117s rajono istorinius \u012fvykius menantis kult\u016bros paveldo objektai\u201c, \u201eKult\u016bros paveldo vertybes, primenan\u010dios \u012f\u017eymius \u017emones\u201c, \u201eParkai\u201c. Kiekvienam skyriui yra skirtas specialus \u017eem\u0117lapis. Iki \u0161iol pas mus i\u0161leistos knygos, albumai b\u016bdavo baigiami trumpa angl\u0173 kalba para\u0161yta santrauka. \u0160\u012f kart\u0105 kiekvieno skyriaus visas lietuvi\u0161kas tekstas i\u0161verstas \u012f angl\u0173 kalb\u0105. Juos vert\u0117 A. Kazlausko vadovaujamo skyriaus vyr. specialistas, kuruojantis turizm\u0105 ir tarptautinius ry\u0161ius, Vilmantas Kizis. Tad kiekvienos \u0161alies atstovas, mokantis angl\u0173 kalb\u0105, gaus i\u0161sami\u0105 informacij\u0105. \u017dinoma, buvo galima \u012f angl\u0173 kalb\u0105 i\u0161versti ir nuotrauk\u0173 pavadinimus. Gaila, kad nurodytos ne vis\u0173 kult\u016bros paveldo objekt\u0173 vietov\u0117s. Kai kurias nelengva atpa\u017einti ir gerai rajon\u0105 pa\u017e\u012fstantiems \u017emon\u0117ms.<\/p>\n","protected":false},"featured_media":15322,"comment_status":"open","ping_status":"closed","template":"","meta":{"_acf_changed":false,"site-sidebar-layout":"default","site-content-layout":"","ast-site-content-layout":"default","site-content-style":"default","site-sidebar-style":"default","ast-global-header-display":"","ast-banner-title-visibility":"","ast-main-header-display":"","ast-hfb-above-header-display":"","ast-hfb-below-header-display":"","ast-hfb-mobile-header-display":"","site-post-title":"","ast-breadcrumbs-content":"","ast-featured-img":"","footer-sml-layout":"","ast-disable-related-posts":"","theme-transparent-header-meta":"default","adv-header-id-meta":"","stick-header-meta":"","header-above-stick-meta":"","header-main-stick-meta":"","header-below-stick-meta":"","astra-migrate-meta-layouts":"set","ast-page-background-enabled":"default","ast-page-background-meta":{"desktop":{"background-color":"","background-image":"","background-repeat":"repeat","background-position":"center center","background-size":"auto","background-attachment":"scroll","background-type":"","background-media":"","overlay-type":"","overlay-color":"","overlay-opacity":"","overlay-gradient":""},"tablet":{"background-color":"","background-image":"","background-repeat":"repeat","background-position":"center center","background-size":"auto","background-attachment":"scroll","background-type":"","background-media":"","overlay-type":"","overlay-color":"","overlay-opacity":"","overlay-gradient":""},"mobile":{"background-color":"","background-image":"","background-repeat":"repeat","background-position":"center center","background-size":"auto","background-attachment":"scroll","background-type":"","background-media":"","overlay-type":"","overlay-color":"","overlay-opacity":"","overlay-gradient":""}},"ast-content-background-meta":{"desktop":{"background-color":"var(--ast-global-color-4)","background-image":"","background-repeat":"repeat","background-position":"center center","background-size":"auto","background-attachment":"scroll","background-type":"","background-media":"","overlay-type":"","overlay-color":"","overlay-opacity":"","overlay-gradient":""},"tablet":{"background-color":"var(--ast-global-color-4)","background-image":"","background-repeat":"repeat","background-position":"center center","background-size":"auto","background-attachment":"scroll","background-type":"","background-media":"","overlay-type":"","overlay-color":"","overlay-opacity":"","overlay-gradient":""},"mobile":{"background-color":"var(--ast-global-color-4)","background-image":"","background-repeat":"repeat","background-position":"center center","background-size":"auto","background-attachment":"scroll","background-type":"","background-media":"","overlay-type":"","overlay-color":"","overlay-opacity":"","overlay-gradient":""}}},"product_brand":[],"product_cat":[174,15],"product_tag":[],"class_list":{"0":"post-14963","1":"product","2":"type-product","3":"status-publish","4":"has-post-thumbnail","6":"product_cat-istorija-ir-politologija","7":"product_cat-uncategorized","8":"desktop-align-left","9":"tablet-align-left","10":"mobile-align-left","12":"first","13":"instock","14":"shipping-taxable","15":"purchasable","16":"product-type-simple"},"acf":[],"yoast_head":"<!-- This site is optimized with the Yoast SEO plugin v27.0 - https:\/\/yoast.com\/product\/yoast-seo-wordpress\/ -->\n<title>Kelm\u0117s rajono kult\u016bros paveldas<\/title>\n<meta name=\"description\" content=\"Leidin\u012f sudaro keli skyriai: \u201eKelm\u0117s rajono kult\u016bros paveldas\u201c, \u201ePrie\u0161istor\u0117s kult\u016bros paveldo vertyb\u0117s\u201c, \u201eSakralinio kult\u016bros paveldo vertyb\u0117s\u201c,\" \/>\n<meta name=\"robots\" content=\"index, follow, max-snippet:-1, max-image-preview:large, max-video-preview:-1\" \/>\n<link rel=\"canonical\" href=\"https:\/\/skaitytaknyga.lt\/en\/produktas\/kelmes-rajono-kulturos-paveldas\/\" \/>\n<meta property=\"og:locale\" content=\"en_GB\" \/>\n<meta property=\"og:locale:alternate\" content=\"lt_LT\" \/>\n<meta property=\"og:type\" content=\"article\" \/>\n<meta property=\"og:title\" content=\"Kelm\u0117s rajono kult\u016bros paveldas\" \/>\n<meta property=\"og:description\" content=\"Leidin\u012f sudaro keli skyriai: \u201eKelm\u0117s rajono kult\u016bros paveldas\u201c, \u201ePrie\u0161istor\u0117s kult\u016bros paveldo vertyb\u0117s\u201c, \u201eSakralinio kult\u016bros paveldo vertyb\u0117s\u201c,\" \/>\n<meta property=\"og:url\" content=\"https:\/\/skaitytaknyga.lt\/en\/produktas\/kelmes-rajono-kulturos-paveldas\/\" \/>\n<meta property=\"og:site_name\" content=\"Skaitytaknyga\" \/>\n<meta property=\"article:publisher\" content=\"https:\/\/www.facebook.com\/skaitytaknyga\/\" \/>\n<meta property=\"article:modified_time\" content=\"2024-12-11T06:20:15+00:00\" \/>\n<meta property=\"og:image\" content=\"https:\/\/skaitytaknyga.lt\/wp-content\/uploads\/2024\/11\/Kelmes-rajono-kulturos-paveldas.jpg\" \/>\n\t<meta property=\"og:image:width\" content=\"1500\" \/>\n\t<meta property=\"og:image:height\" content=\"2065\" \/>\n\t<meta property=\"og:image:type\" content=\"image\/jpeg\" \/>\n<meta name=\"twitter:card\" content=\"summary_large_image\" \/>\n<meta name=\"twitter:label1\" content=\"Estimated reading time\" \/>\n\t<meta name=\"twitter:data1\" content=\"1 minute\" \/>\n<script type=\"application\/ld+json\" class=\"yoast-schema-graph\">{\"@context\":\"https:\/\/schema.org\",\"@graph\":[{\"@type\":\"WebPage\",\"@id\":\"https:\/\/skaitytaknyga.lt\/produktas\/kelmes-rajono-kulturos-paveldas\/\",\"url\":\"https:\/\/skaitytaknyga.lt\/produktas\/kelmes-rajono-kulturos-paveldas\/\",\"name\":\"Kelm\u0117s rajono kult\u016bros paveldas\",\"isPartOf\":{\"@id\":\"https:\/\/skaitytaknyga.lt\/#website\"},\"primaryImageOfPage\":{\"@id\":\"https:\/\/skaitytaknyga.lt\/produktas\/kelmes-rajono-kulturos-paveldas\/#primaryimage\"},\"image\":{\"@id\":\"https:\/\/skaitytaknyga.lt\/produktas\/kelmes-rajono-kulturos-paveldas\/#primaryimage\"},\"thumbnailUrl\":\"https:\/\/skaitytaknyga.lt\/wp-content\/uploads\/2024\/11\/Kelmes-rajono-kulturos-paveldas.jpg\",\"datePublished\":\"2024-11-26T11:28:48+00:00\",\"dateModified\":\"2024-12-11T06:20:15+00:00\",\"description\":\"Leidin\u012f sudaro keli skyriai: \u201eKelm\u0117s rajono kult\u016bros paveldas\u201c, \u201ePrie\u0161istor\u0117s kult\u016bros paveldo vertyb\u0117s\u201c, \u201eSakralinio kult\u016bros paveldo vertyb\u0117s\u201c,\",\"breadcrumb\":{\"@id\":\"https:\/\/skaitytaknyga.lt\/produktas\/kelmes-rajono-kulturos-paveldas\/#breadcrumb\"},\"inLanguage\":\"en-GB\",\"potentialAction\":[{\"@type\":\"ReadAction\",\"target\":[\"https:\/\/skaitytaknyga.lt\/produktas\/kelmes-rajono-kulturos-paveldas\/\"]}]},{\"@type\":\"ImageObject\",\"inLanguage\":\"en-GB\",\"@id\":\"https:\/\/skaitytaknyga.lt\/produktas\/kelmes-rajono-kulturos-paveldas\/#primaryimage\",\"url\":\"https:\/\/skaitytaknyga.lt\/wp-content\/uploads\/2024\/11\/Kelmes-rajono-kulturos-paveldas.jpg\",\"contentUrl\":\"https:\/\/skaitytaknyga.lt\/wp-content\/uploads\/2024\/11\/Kelmes-rajono-kulturos-paveldas.jpg\",\"width\":1500,\"height\":2065,\"caption\":\"Kelm\u0117s rajono kult\u016bros paveldas\"},{\"@type\":\"BreadcrumbList\",\"@id\":\"https:\/\/skaitytaknyga.lt\/produktas\/kelmes-rajono-kulturos-paveldas\/#breadcrumb\",\"itemListElement\":[{\"@type\":\"ListItem\",\"position\":1,\"name\":\"Home\",\"item\":\"https:\/\/skaitytaknyga.lt\/\"},{\"@type\":\"ListItem\",\"position\":2,\"name\":\"Parduotuv\u0117\",\"item\":\"https:\/\/skaitytaknyga.lt\/knygu-parduotuve\/\"},{\"@type\":\"ListItem\",\"position\":3,\"name\":\"Kelm\u0117s rajono kult\u016bros paveldas\"}]},{\"@type\":\"WebSite\",\"@id\":\"https:\/\/skaitytaknyga.lt\/#website\",\"url\":\"https:\/\/skaitytaknyga.lt\/\",\"name\":\"skaitytaknyga.lt\",\"description\":\"Skaitytaknyga.lt \u2013 tai ma\u017eas \u0161eimos verslas, kuris prasid\u0117jo nuo meil\u0117s knygoms ir siekio i\u0161gelb\u0117ti knygas nuo likimo prie konteinerio. Kas vienam nereikalingas daiktas \u2013 kitam lobis, o mes esame tarpininkai, kurie padeda abiems tapti laimingesniems ???? \u017dinome kaip nelengva i\u0161gyventi ma\u017eiems verslams, tad nuo \u0161iol, \u010dia rasite ir kit\u0173, ma\u017e\u0173 \u0161eim\u0173 versl\u0173, rank\u0173 darbo, dovan\u0173 sau ir artimiesiems.\",\"publisher\":{\"@id\":\"https:\/\/skaitytaknyga.lt\/#organization\"},\"potentialAction\":[{\"@type\":\"SearchAction\",\"target\":{\"@type\":\"EntryPoint\",\"urlTemplate\":\"https:\/\/skaitytaknyga.lt\/?s={search_term_string}\"},\"query-input\":{\"@type\":\"PropertyValueSpecification\",\"valueRequired\":true,\"valueName\":\"search_term_string\"}}],\"inLanguage\":\"en-GB\"},{\"@type\":\"Organization\",\"@id\":\"https:\/\/skaitytaknyga.lt\/#organization\",\"name\":\"skaitytaknyga.lt\",\"url\":\"https:\/\/skaitytaknyga.lt\/\",\"logo\":{\"@type\":\"ImageObject\",\"inLanguage\":\"en-GB\",\"@id\":\"https:\/\/skaitytaknyga.lt\/#\/schema\/logo\/image\/\",\"url\":\"https:\/\/skaitytaknyga.lt\/wp-content\/uploads\/2024\/05\/cropped-cropped-cropped-02_00843_jt3bggkj1j3HLc7SyY6rEUpg.jpeg\",\"contentUrl\":\"https:\/\/skaitytaknyga.lt\/wp-content\/uploads\/2024\/05\/cropped-cropped-cropped-02_00843_jt3bggkj1j3HLc7SyY6rEUpg.jpeg\",\"width\":1600,\"height\":1600,\"caption\":\"skaitytaknyga.lt\"},\"image\":{\"@id\":\"https:\/\/skaitytaknyga.lt\/#\/schema\/logo\/image\/\"},\"sameAs\":[\"https:\/\/www.facebook.com\/skaitytaknyga\/\"]}]}<\/script>\n<!-- \/ Yoast SEO plugin. -->","yoast_head_json":{"title":"Kelm\u0117s rajono kult\u016bros paveldas","description":"Leidin\u012f sudaro keli skyriai: \u201eKelm\u0117s rajono kult\u016bros paveldas\u201c, \u201ePrie\u0161istor\u0117s kult\u016bros paveldo vertyb\u0117s\u201c, \u201eSakralinio kult\u016bros paveldo vertyb\u0117s\u201c,","robots":{"index":"index","follow":"follow","max-snippet":"max-snippet:-1","max-image-preview":"max-image-preview:large","max-video-preview":"max-video-preview:-1"},"canonical":"https:\/\/skaitytaknyga.lt\/en\/produktas\/kelmes-rajono-kulturos-paveldas\/","og_locale":"en_GB","og_type":"article","og_title":"[:lt]Kelm\u0117s rajono kult\u016bros paveldas[:] - Skaitytaknyga","og_description":"Leidin\u012f sudaro keli skyriai: \u201eKelm\u0117s rajono kult\u016bros paveldas\u201c, \u201ePrie\u0161istor\u0117s kult\u016bros paveldo vertyb\u0117s\u201c, \u201eSakralinio kult\u016bros paveldo vertyb\u0117s\u201c,","og_url":"https:\/\/skaitytaknyga.lt\/en\/produktas\/kelmes-rajono-kulturos-paveldas\/","og_site_name":"Skaitytaknyga","article_publisher":"https:\/\/www.facebook.com\/skaitytaknyga\/","article_modified_time":"2024-12-11T06:20:15+00:00","og_image":[{"width":1500,"height":2065,"url":"https:\/\/skaitytaknyga.lt\/wp-content\/uploads\/2024\/11\/Kelmes-rajono-kulturos-paveldas.jpg","type":"image\/jpeg"}],"twitter_card":"summary_large_image","twitter_misc":{"Estimated reading time":"1 minute"},"schema":{"@context":"https:\/\/schema.org","@graph":[{"@type":"WebPage","@id":"https:\/\/skaitytaknyga.lt\/produktas\/kelmes-rajono-kulturos-paveldas\/","url":"https:\/\/skaitytaknyga.lt\/produktas\/kelmes-rajono-kulturos-paveldas\/","name":"Kelm\u0117s rajono kult\u016bros paveldas","isPartOf":{"@id":"https:\/\/skaitytaknyga.lt\/#website"},"primaryImageOfPage":{"@id":"https:\/\/skaitytaknyga.lt\/produktas\/kelmes-rajono-kulturos-paveldas\/#primaryimage"},"image":{"@id":"https:\/\/skaitytaknyga.lt\/produktas\/kelmes-rajono-kulturos-paveldas\/#primaryimage"},"thumbnailUrl":"https:\/\/skaitytaknyga.lt\/wp-content\/uploads\/2024\/11\/Kelmes-rajono-kulturos-paveldas.jpg","datePublished":"2024-11-26T11:28:48+00:00","dateModified":"2024-12-11T06:20:15+00:00","description":"Leidin\u012f sudaro keli skyriai: \u201eKelm\u0117s rajono kult\u016bros paveldas\u201c, \u201ePrie\u0161istor\u0117s kult\u016bros paveldo vertyb\u0117s\u201c, \u201eSakralinio kult\u016bros paveldo vertyb\u0117s\u201c,","breadcrumb":{"@id":"https:\/\/skaitytaknyga.lt\/produktas\/kelmes-rajono-kulturos-paveldas\/#breadcrumb"},"inLanguage":"en-GB","potentialAction":[{"@type":"ReadAction","target":["https:\/\/skaitytaknyga.lt\/produktas\/kelmes-rajono-kulturos-paveldas\/"]}]},{"@type":"ImageObject","inLanguage":"en-GB","@id":"https:\/\/skaitytaknyga.lt\/produktas\/kelmes-rajono-kulturos-paveldas\/#primaryimage","url":"https:\/\/skaitytaknyga.lt\/wp-content\/uploads\/2024\/11\/Kelmes-rajono-kulturos-paveldas.jpg","contentUrl":"https:\/\/skaitytaknyga.lt\/wp-content\/uploads\/2024\/11\/Kelmes-rajono-kulturos-paveldas.jpg","width":1500,"height":2065,"caption":"Kelm\u0117s rajono kult\u016bros paveldas"},{"@type":"BreadcrumbList","@id":"https:\/\/skaitytaknyga.lt\/produktas\/kelmes-rajono-kulturos-paveldas\/#breadcrumb","itemListElement":[{"@type":"ListItem","position":1,"name":"Home","item":"https:\/\/skaitytaknyga.lt\/"},{"@type":"ListItem","position":2,"name":"Parduotuv\u0117","item":"https:\/\/skaitytaknyga.lt\/knygu-parduotuve\/"},{"@type":"ListItem","position":3,"name":"Kelm\u0117s rajono kult\u016bros paveldas"}]},{"@type":"WebSite","@id":"https:\/\/skaitytaknyga.lt\/#website","url":"https:\/\/skaitytaknyga.lt\/","name":"skaitytaknyga.lt","description":"Skaitytaknyga.lt \u2013 tai ma\u017eas \u0161eimos verslas, kuris prasid\u0117jo nuo meil\u0117s knygoms ir siekio i\u0161gelb\u0117ti knygas nuo likimo prie konteinerio. Kas vienam nereikalingas daiktas \u2013 kitam lobis, o mes esame tarpininkai, kurie padeda abiems tapti laimingesniems ???? \u017dinome kaip nelengva i\u0161gyventi ma\u017eiems verslams, tad nuo \u0161iol, \u010dia rasite ir kit\u0173, ma\u017e\u0173 \u0161eim\u0173 versl\u0173, rank\u0173 darbo, dovan\u0173 sau ir artimiesiems.","publisher":{"@id":"https:\/\/skaitytaknyga.lt\/#organization"},"potentialAction":[{"@type":"SearchAction","target":{"@type":"EntryPoint","urlTemplate":"https:\/\/skaitytaknyga.lt\/?s={search_term_string}"},"query-input":{"@type":"PropertyValueSpecification","valueRequired":true,"valueName":"search_term_string"}}],"inLanguage":"en-GB"},{"@type":"Organization","@id":"https:\/\/skaitytaknyga.lt\/#organization","name":"skaitytaknyga.lt","url":"https:\/\/skaitytaknyga.lt\/","logo":{"@type":"ImageObject","inLanguage":"en-GB","@id":"https:\/\/skaitytaknyga.lt\/#\/schema\/logo\/image\/","url":"https:\/\/skaitytaknyga.lt\/wp-content\/uploads\/2024\/05\/cropped-cropped-cropped-02_00843_jt3bggkj1j3HLc7SyY6rEUpg.jpeg","contentUrl":"https:\/\/skaitytaknyga.lt\/wp-content\/uploads\/2024\/05\/cropped-cropped-cropped-02_00843_jt3bggkj1j3HLc7SyY6rEUpg.jpeg","width":1600,"height":1600,"caption":"skaitytaknyga.lt"},"image":{"@id":"https:\/\/skaitytaknyga.lt\/#\/schema\/logo\/image\/"},"sameAs":["https:\/\/www.facebook.com\/skaitytaknyga\/"]}]}},"_links":{"self":[{"href":"https:\/\/skaitytaknyga.lt\/en\/wp-json\/wp\/v2\/product\/14963","targetHints":{"allow":["GET"]}}],"collection":[{"href":"https:\/\/skaitytaknyga.lt\/en\/wp-json\/wp\/v2\/product"}],"about":[{"href":"https:\/\/skaitytaknyga.lt\/en\/wp-json\/wp\/v2\/types\/product"}],"replies":[{"embeddable":true,"href":"https:\/\/skaitytaknyga.lt\/en\/wp-json\/wp\/v2\/comments?post=14963"}],"wp:featuredmedia":[{"embeddable":true,"href":"https:\/\/skaitytaknyga.lt\/en\/wp-json\/wp\/v2\/media\/15322"}],"wp:attachment":[{"href":"https:\/\/skaitytaknyga.lt\/en\/wp-json\/wp\/v2\/media?parent=14963"}],"wp:term":[{"taxonomy":"product_brand","embeddable":true,"href":"https:\/\/skaitytaknyga.lt\/en\/wp-json\/wp\/v2\/product_brand?post=14963"},{"taxonomy":"product_cat","embeddable":true,"href":"https:\/\/skaitytaknyga.lt\/en\/wp-json\/wp\/v2\/product_cat?post=14963"},{"taxonomy":"product_tag","embeddable":true,"href":"https:\/\/skaitytaknyga.lt\/en\/wp-json\/wp\/v2\/product_tag?post=14963"}],"curies":[{"name":"wp","href":"https:\/\/api.w.org\/{rel}","templated":true}]}}