{"id":14960,"date":"2024-11-26T13:28:47","date_gmt":"2024-11-26T11:28:47","guid":{"rendered":"https:\/\/skaitytaknyga.lt\/?post_type=product&#038;p=14960"},"modified":"2024-11-26T15:11:54","modified_gmt":"2024-11-26T13:11:54","slug":"didzioji-medziokles-knyga-ii-dalis","status":"publish","type":"product","link":"https:\/\/skaitytaknyga.lt\/en\/produktas\/didzioji-medziokles-knyga-ii-dalis\/","title":{"rendered":"Did\u017eioji med\u017eiokl\u0117s knyga II dalis"},"content":{"rendered":"<p>\u0160i knyga skirta med\u017eioklei, kaip m\u016bs\u0173 kult\u016bros daliai. Knygoje pristatoma med\u017eiokl\u0117: istorin\u0117s i\u0161takos, kult\u016briniai ir estetiniai aspektai, \u0161i\u0173 dien\u0173 etin\u0117s ir ekologin\u0117s med\u017eiokl\u0117s problemos. Knygai parengti sutelkti geriausi Lietuvos specialistai, fotografai. Ypatingas d\u0117mesys knygoje skiriamas kult\u016brinei med\u017eiokl\u0117s, kaip rei\u0161kinio, pusei. Leidinyje gausu iliustracij\u0173, kurios manytume, turi suformuoti estetin\u012f ir \u0161iuolaiki\u0161k\u0105 po\u017ei\u016br\u012f \u012f gamtos turt\u0173 naudojim\u0105.<\/p>\n<div>\n<p class=\"mb-2 h5\"><strong>Autorius:<\/strong>\u00a0Autori\u0173 kolektyvas<\/p>\n<\/div>\n<div class=\"mb-1\"><strong>ISBN kodas:<\/strong>\u00a09789955975601<\/div>\n<div class=\"mb-1\"><strong>I\u0161leidimo metai:<\/strong>\u00a02005<\/div>\n<div class=\"mb-1\"><strong>Puslapi\u0173 skai\u010dius:<\/strong>\u00a0270<\/div>\n<div class=\"mb-1\"><strong>Kalba:<\/strong>\u00a0Lietuvi\u0173<\/div>\n<div class=\"mb-1\"><strong>Vir\u0161elis:<\/strong>\u00a0Kietas<\/div>\n","protected":false},"excerpt":{"rendered":"<p>\u0160i knyga skirta med\u017eioklei, kaip m\u016bs\u0173 kult\u016bros daliai. Knygoje pristatoma med\u017eiokl\u0117: istorin\u0117s i\u0161takos, kult\u016briniai ir estetiniai aspektai, \u0161i\u0173 dien\u0173 etin\u0117s ir ekologin\u0117s med\u017eiokl\u0117s problemos. Knygai parengti sutelkti geriausi Lietuvos specialistai, fotografai. Ypatingas d\u0117mesys knygoje skiriamas kult\u016brinei med\u017eiokl\u0117s, kaip rei\u0161kinio, pusei. Leidinyje gausu iliustracij\u0173, kurios manytume, turi suformuoti estetin\u012f ir \u0161iuolaiki\u0161k\u0105 po\u017ei\u016br\u012f \u012f gamtos turt\u0173 naudojim\u0105. Autorius:\u00a0Autori\u0173 kolektyvas ISBN kodas:\u00a09789955975601 I\u0161leidimo metai:\u00a02005 Puslapi\u0173 skai\u010dius:\u00a0270 Kalba:\u00a0Lietuvi\u0173 Vir\u0161elis:\u00a0Kietas<\/p>\n","protected":false},"featured_media":14973,"comment_status":"open","ping_status":"closed","template":"","meta":{"_acf_changed":false,"site-sidebar-layout":"default","site-content-layout":"","ast-site-content-layout":"default","site-content-style":"default","site-sidebar-style":"default","ast-global-header-display":"","ast-banner-title-visibility":"","ast-main-header-display":"","ast-hfb-above-header-display":"","ast-hfb-below-header-display":"","ast-hfb-mobile-header-display":"","site-post-title":"","ast-breadcrumbs-content":"","ast-featured-img":"","footer-sml-layout":"","ast-disable-related-posts":"","theme-transparent-header-meta":"default","adv-header-id-meta":"","stick-header-meta":"","header-above-stick-meta":"","header-main-stick-meta":"","header-below-stick-meta":"","astra-migrate-meta-layouts":"set","ast-page-background-enabled":"default","ast-page-background-meta":{"desktop":{"background-color":"","background-image":"","background-repeat":"repeat","background-position":"center center","background-size":"auto","background-attachment":"scroll","background-type":"","background-media":"","overlay-type":"","overlay-color":"","overlay-opacity":"","overlay-gradient":""},"tablet":{"background-color":"","background-image":"","background-repeat":"repeat","background-position":"center center","background-size":"auto","background-attachment":"scroll","background-type":"","background-media":"","overlay-type":"","overlay-color":"","overlay-opacity":"","overlay-gradient":""},"mobile":{"background-color":"","background-image":"","background-repeat":"repeat","background-position":"center center","background-size":"auto","background-attachment":"scroll","background-type":"","background-media":"","overlay-type":"","overlay-color":"","overlay-opacity":"","overlay-gradient":""}},"ast-content-background-meta":{"desktop":{"background-color":"var(--ast-global-color-4)","background-image":"","background-repeat":"repeat","background-position":"center center","background-size":"auto","background-attachment":"scroll","background-type":"","background-media":"","overlay-type":"","overlay-color":"","overlay-opacity":"","overlay-gradient":""},"tablet":{"background-color":"var(--ast-global-color-4)","background-image":"","background-repeat":"repeat","background-position":"center center","background-size":"auto","background-attachment":"scroll","background-type":"","background-media":"","overlay-type":"","overlay-color":"","overlay-opacity":"","overlay-gradient":""},"mobile":{"background-color":"var(--ast-global-color-4)","background-image":"","background-repeat":"repeat","background-position":"center center","background-size":"auto","background-attachment":"scroll","background-type":"","background-media":"","overlay-type":"","overlay-color":"","overlay-opacity":"","overlay-gradient":""}}},"product_brand":[],"product_cat":[15],"product_tag":[],"class_list":{"0":"post-14960","1":"product","2":"type-product","3":"status-publish","4":"has-post-thumbnail","6":"product_cat-uncategorized","7":"desktop-align-left","8":"tablet-align-left","9":"mobile-align-left","11":"first","12":"instock","13":"shipping-taxable","14":"purchasable","15":"product-type-simple"},"acf":[],"yoast_head":"<!-- This site is optimized with the Yoast SEO plugin v27.0 - https:\/\/yoast.com\/product\/yoast-seo-wordpress\/ -->\n<title>Did\u017eioji med\u017eiokl\u0117s knyga II dalis<\/title>\n<meta name=\"description\" content=\"\u0160i knyga skirta med\u017eioklei, kaip m\u016bs\u0173 kult\u016bros daliai. Knygoje pristatoma med\u017eiokl\u0117: istorin\u0117s i\u0161takos, kult\u016briniai ir estetiniai aspektai, \u0161i\u0173 dien\u0173\" \/>\n<meta name=\"robots\" content=\"index, follow, max-snippet:-1, max-image-preview:large, max-video-preview:-1\" \/>\n<link rel=\"canonical\" href=\"https:\/\/skaitytaknyga.lt\/en\/produktas\/didzioji-medziokles-knyga-ii-dalis\/\" \/>\n<meta property=\"og:locale\" content=\"en_GB\" \/>\n<meta property=\"og:locale:alternate\" content=\"lt_LT\" \/>\n<meta property=\"og:type\" content=\"article\" \/>\n<meta property=\"og:title\" content=\"Did\u017eioji med\u017eiokl\u0117s knyga II dalis\" \/>\n<meta property=\"og:description\" content=\"\u0160i knyga skirta med\u017eioklei, kaip m\u016bs\u0173 kult\u016bros daliai. Knygoje pristatoma med\u017eiokl\u0117: istorin\u0117s i\u0161takos, kult\u016briniai ir estetiniai aspektai, \u0161i\u0173 dien\u0173\" \/>\n<meta property=\"og:url\" content=\"https:\/\/skaitytaknyga.lt\/en\/produktas\/didzioji-medziokles-knyga-ii-dalis\/\" \/>\n<meta property=\"og:site_name\" content=\"Skaitytaknyga\" \/>\n<meta property=\"article:publisher\" content=\"https:\/\/www.facebook.com\/skaitytaknyga\/\" \/>\n<meta property=\"article:modified_time\" content=\"2024-11-26T13:11:54+00:00\" \/>\n<meta property=\"og:image\" content=\"https:\/\/skaitytaknyga.lt\/wp-content\/uploads\/2024\/11\/medziokle-e1732626703679.jpg\" \/>\n\t<meta property=\"og:image:width\" content=\"360\" \/>\n\t<meta property=\"og:image:height\" content=\"513\" \/>\n\t<meta property=\"og:image:type\" content=\"image\/jpeg\" \/>\n<meta name=\"twitter:card\" content=\"summary_large_image\" \/>\n<meta name=\"twitter:label1\" content=\"Estimated reading time\" \/>\n\t<meta name=\"twitter:data1\" content=\"1 minute\" \/>\n<script type=\"application\/ld+json\" class=\"yoast-schema-graph\">{\"@context\":\"https:\/\/schema.org\",\"@graph\":[{\"@type\":\"WebPage\",\"@id\":\"https:\/\/skaitytaknyga.lt\/produktas\/didzioji-medziokles-knyga-ii-dalis\/\",\"url\":\"https:\/\/skaitytaknyga.lt\/produktas\/didzioji-medziokles-knyga-ii-dalis\/\",\"name\":\"Did\u017eioji med\u017eiokl\u0117s knyga II dalis\",\"isPartOf\":{\"@id\":\"https:\/\/skaitytaknyga.lt\/#website\"},\"primaryImageOfPage\":{\"@id\":\"https:\/\/skaitytaknyga.lt\/produktas\/didzioji-medziokles-knyga-ii-dalis\/#primaryimage\"},\"image\":{\"@id\":\"https:\/\/skaitytaknyga.lt\/produktas\/didzioji-medziokles-knyga-ii-dalis\/#primaryimage\"},\"thumbnailUrl\":\"https:\/\/skaitytaknyga.lt\/wp-content\/uploads\/2024\/11\/medziokle-e1732626703679.jpg\",\"datePublished\":\"2024-11-26T11:28:47+00:00\",\"dateModified\":\"2024-11-26T13:11:54+00:00\",\"description\":\"\u0160i knyga skirta med\u017eioklei, kaip m\u016bs\u0173 kult\u016bros daliai. Knygoje pristatoma med\u017eiokl\u0117: istorin\u0117s i\u0161takos, kult\u016briniai ir estetiniai aspektai, \u0161i\u0173 dien\u0173\",\"breadcrumb\":{\"@id\":\"https:\/\/skaitytaknyga.lt\/produktas\/didzioji-medziokles-knyga-ii-dalis\/#breadcrumb\"},\"inLanguage\":\"en-GB\",\"potentialAction\":[{\"@type\":\"ReadAction\",\"target\":[\"https:\/\/skaitytaknyga.lt\/produktas\/didzioji-medziokles-knyga-ii-dalis\/\"]}]},{\"@type\":\"ImageObject\",\"inLanguage\":\"en-GB\",\"@id\":\"https:\/\/skaitytaknyga.lt\/produktas\/didzioji-medziokles-knyga-ii-dalis\/#primaryimage\",\"url\":\"https:\/\/skaitytaknyga.lt\/wp-content\/uploads\/2024\/11\/medziokle-e1732626703679.jpg\",\"contentUrl\":\"https:\/\/skaitytaknyga.lt\/wp-content\/uploads\/2024\/11\/medziokle-e1732626703679.jpg\",\"width\":360,\"height\":513,\"caption\":\"Did\u017eioji med\u017eiokl\u0117s knyga II dalis\"},{\"@type\":\"BreadcrumbList\",\"@id\":\"https:\/\/skaitytaknyga.lt\/produktas\/didzioji-medziokles-knyga-ii-dalis\/#breadcrumb\",\"itemListElement\":[{\"@type\":\"ListItem\",\"position\":1,\"name\":\"Home\",\"item\":\"https:\/\/skaitytaknyga.lt\/\"},{\"@type\":\"ListItem\",\"position\":2,\"name\":\"Parduotuv\u0117\",\"item\":\"https:\/\/skaitytaknyga.lt\/knygu-parduotuve\/\"},{\"@type\":\"ListItem\",\"position\":3,\"name\":\"Did\u017eioji med\u017eiokl\u0117s knyga II dalis\"}]},{\"@type\":\"WebSite\",\"@id\":\"https:\/\/skaitytaknyga.lt\/#website\",\"url\":\"https:\/\/skaitytaknyga.lt\/\",\"name\":\"skaitytaknyga.lt\",\"description\":\"Skaitytaknyga.lt \u2013 tai ma\u017eas \u0161eimos verslas, kuris prasid\u0117jo nuo meil\u0117s knygoms ir siekio i\u0161gelb\u0117ti knygas nuo likimo prie konteinerio. Kas vienam nereikalingas daiktas \u2013 kitam lobis, o mes esame tarpininkai, kurie padeda abiems tapti laimingesniems ???? \u017dinome kaip nelengva i\u0161gyventi ma\u017eiems verslams, tad nuo \u0161iol, \u010dia rasite ir kit\u0173, ma\u017e\u0173 \u0161eim\u0173 versl\u0173, rank\u0173 darbo, dovan\u0173 sau ir artimiesiems.\",\"publisher\":{\"@id\":\"https:\/\/skaitytaknyga.lt\/#organization\"},\"potentialAction\":[{\"@type\":\"SearchAction\",\"target\":{\"@type\":\"EntryPoint\",\"urlTemplate\":\"https:\/\/skaitytaknyga.lt\/?s={search_term_string}\"},\"query-input\":{\"@type\":\"PropertyValueSpecification\",\"valueRequired\":true,\"valueName\":\"search_term_string\"}}],\"inLanguage\":\"en-GB\"},{\"@type\":\"Organization\",\"@id\":\"https:\/\/skaitytaknyga.lt\/#organization\",\"name\":\"skaitytaknyga.lt\",\"url\":\"https:\/\/skaitytaknyga.lt\/\",\"logo\":{\"@type\":\"ImageObject\",\"inLanguage\":\"en-GB\",\"@id\":\"https:\/\/skaitytaknyga.lt\/#\/schema\/logo\/image\/\",\"url\":\"https:\/\/skaitytaknyga.lt\/wp-content\/uploads\/2024\/05\/cropped-cropped-cropped-02_00843_jt3bggkj1j3HLc7SyY6rEUpg.jpeg\",\"contentUrl\":\"https:\/\/skaitytaknyga.lt\/wp-content\/uploads\/2024\/05\/cropped-cropped-cropped-02_00843_jt3bggkj1j3HLc7SyY6rEUpg.jpeg\",\"width\":1600,\"height\":1600,\"caption\":\"skaitytaknyga.lt\"},\"image\":{\"@id\":\"https:\/\/skaitytaknyga.lt\/#\/schema\/logo\/image\/\"},\"sameAs\":[\"https:\/\/www.facebook.com\/skaitytaknyga\/\"]}]}<\/script>\n<!-- \/ Yoast SEO plugin. -->","yoast_head_json":{"title":"Did\u017eioji med\u017eiokl\u0117s knyga II dalis","description":"\u0160i knyga skirta med\u017eioklei, kaip m\u016bs\u0173 kult\u016bros daliai. Knygoje pristatoma med\u017eiokl\u0117: istorin\u0117s i\u0161takos, kult\u016briniai ir estetiniai aspektai, \u0161i\u0173 dien\u0173","robots":{"index":"index","follow":"follow","max-snippet":"max-snippet:-1","max-image-preview":"max-image-preview:large","max-video-preview":"max-video-preview:-1"},"canonical":"https:\/\/skaitytaknyga.lt\/en\/produktas\/didzioji-medziokles-knyga-ii-dalis\/","og_locale":"en_GB","og_type":"article","og_title":"[:lt]Did\u017eioji med\u017eiokl\u0117s knyga II dalis[:] - Skaitytaknyga","og_description":"\u0160i knyga skirta med\u017eioklei, kaip m\u016bs\u0173 kult\u016bros daliai. Knygoje pristatoma med\u017eiokl\u0117: istorin\u0117s i\u0161takos, kult\u016briniai ir estetiniai aspektai, \u0161i\u0173 dien\u0173","og_url":"https:\/\/skaitytaknyga.lt\/en\/produktas\/didzioji-medziokles-knyga-ii-dalis\/","og_site_name":"Skaitytaknyga","article_publisher":"https:\/\/www.facebook.com\/skaitytaknyga\/","article_modified_time":"2024-11-26T13:11:54+00:00","og_image":[{"width":360,"height":513,"url":"https:\/\/skaitytaknyga.lt\/wp-content\/uploads\/2024\/11\/medziokle-e1732626703679.jpg","type":"image\/jpeg"}],"twitter_card":"summary_large_image","twitter_misc":{"Estimated reading time":"1 minute"},"schema":{"@context":"https:\/\/schema.org","@graph":[{"@type":"WebPage","@id":"https:\/\/skaitytaknyga.lt\/produktas\/didzioji-medziokles-knyga-ii-dalis\/","url":"https:\/\/skaitytaknyga.lt\/produktas\/didzioji-medziokles-knyga-ii-dalis\/","name":"Did\u017eioji med\u017eiokl\u0117s knyga II dalis","isPartOf":{"@id":"https:\/\/skaitytaknyga.lt\/#website"},"primaryImageOfPage":{"@id":"https:\/\/skaitytaknyga.lt\/produktas\/didzioji-medziokles-knyga-ii-dalis\/#primaryimage"},"image":{"@id":"https:\/\/skaitytaknyga.lt\/produktas\/didzioji-medziokles-knyga-ii-dalis\/#primaryimage"},"thumbnailUrl":"https:\/\/skaitytaknyga.lt\/wp-content\/uploads\/2024\/11\/medziokle-e1732626703679.jpg","datePublished":"2024-11-26T11:28:47+00:00","dateModified":"2024-11-26T13:11:54+00:00","description":"\u0160i knyga skirta med\u017eioklei, kaip m\u016bs\u0173 kult\u016bros daliai. Knygoje pristatoma med\u017eiokl\u0117: istorin\u0117s i\u0161takos, kult\u016briniai ir estetiniai aspektai, \u0161i\u0173 dien\u0173","breadcrumb":{"@id":"https:\/\/skaitytaknyga.lt\/produktas\/didzioji-medziokles-knyga-ii-dalis\/#breadcrumb"},"inLanguage":"en-GB","potentialAction":[{"@type":"ReadAction","target":["https:\/\/skaitytaknyga.lt\/produktas\/didzioji-medziokles-knyga-ii-dalis\/"]}]},{"@type":"ImageObject","inLanguage":"en-GB","@id":"https:\/\/skaitytaknyga.lt\/produktas\/didzioji-medziokles-knyga-ii-dalis\/#primaryimage","url":"https:\/\/skaitytaknyga.lt\/wp-content\/uploads\/2024\/11\/medziokle-e1732626703679.jpg","contentUrl":"https:\/\/skaitytaknyga.lt\/wp-content\/uploads\/2024\/11\/medziokle-e1732626703679.jpg","width":360,"height":513,"caption":"Did\u017eioji med\u017eiokl\u0117s knyga II dalis"},{"@type":"BreadcrumbList","@id":"https:\/\/skaitytaknyga.lt\/produktas\/didzioji-medziokles-knyga-ii-dalis\/#breadcrumb","itemListElement":[{"@type":"ListItem","position":1,"name":"Home","item":"https:\/\/skaitytaknyga.lt\/"},{"@type":"ListItem","position":2,"name":"Parduotuv\u0117","item":"https:\/\/skaitytaknyga.lt\/knygu-parduotuve\/"},{"@type":"ListItem","position":3,"name":"Did\u017eioji med\u017eiokl\u0117s knyga II dalis"}]},{"@type":"WebSite","@id":"https:\/\/skaitytaknyga.lt\/#website","url":"https:\/\/skaitytaknyga.lt\/","name":"skaitytaknyga.lt","description":"Skaitytaknyga.lt \u2013 tai ma\u017eas \u0161eimos verslas, kuris prasid\u0117jo nuo meil\u0117s knygoms ir siekio i\u0161gelb\u0117ti knygas nuo likimo prie konteinerio. Kas vienam nereikalingas daiktas \u2013 kitam lobis, o mes esame tarpininkai, kurie padeda abiems tapti laimingesniems ???? \u017dinome kaip nelengva i\u0161gyventi ma\u017eiems verslams, tad nuo \u0161iol, \u010dia rasite ir kit\u0173, ma\u017e\u0173 \u0161eim\u0173 versl\u0173, rank\u0173 darbo, dovan\u0173 sau ir artimiesiems.","publisher":{"@id":"https:\/\/skaitytaknyga.lt\/#organization"},"potentialAction":[{"@type":"SearchAction","target":{"@type":"EntryPoint","urlTemplate":"https:\/\/skaitytaknyga.lt\/?s={search_term_string}"},"query-input":{"@type":"PropertyValueSpecification","valueRequired":true,"valueName":"search_term_string"}}],"inLanguage":"en-GB"},{"@type":"Organization","@id":"https:\/\/skaitytaknyga.lt\/#organization","name":"skaitytaknyga.lt","url":"https:\/\/skaitytaknyga.lt\/","logo":{"@type":"ImageObject","inLanguage":"en-GB","@id":"https:\/\/skaitytaknyga.lt\/#\/schema\/logo\/image\/","url":"https:\/\/skaitytaknyga.lt\/wp-content\/uploads\/2024\/05\/cropped-cropped-cropped-02_00843_jt3bggkj1j3HLc7SyY6rEUpg.jpeg","contentUrl":"https:\/\/skaitytaknyga.lt\/wp-content\/uploads\/2024\/05\/cropped-cropped-cropped-02_00843_jt3bggkj1j3HLc7SyY6rEUpg.jpeg","width":1600,"height":1600,"caption":"skaitytaknyga.lt"},"image":{"@id":"https:\/\/skaitytaknyga.lt\/#\/schema\/logo\/image\/"},"sameAs":["https:\/\/www.facebook.com\/skaitytaknyga\/"]}]}},"_links":{"self":[{"href":"https:\/\/skaitytaknyga.lt\/en\/wp-json\/wp\/v2\/product\/14960","targetHints":{"allow":["GET"]}}],"collection":[{"href":"https:\/\/skaitytaknyga.lt\/en\/wp-json\/wp\/v2\/product"}],"about":[{"href":"https:\/\/skaitytaknyga.lt\/en\/wp-json\/wp\/v2\/types\/product"}],"replies":[{"embeddable":true,"href":"https:\/\/skaitytaknyga.lt\/en\/wp-json\/wp\/v2\/comments?post=14960"}],"wp:featuredmedia":[{"embeddable":true,"href":"https:\/\/skaitytaknyga.lt\/en\/wp-json\/wp\/v2\/media\/14973"}],"wp:attachment":[{"href":"https:\/\/skaitytaknyga.lt\/en\/wp-json\/wp\/v2\/media?parent=14960"}],"wp:term":[{"taxonomy":"product_brand","embeddable":true,"href":"https:\/\/skaitytaknyga.lt\/en\/wp-json\/wp\/v2\/product_brand?post=14960"},{"taxonomy":"product_cat","embeddable":true,"href":"https:\/\/skaitytaknyga.lt\/en\/wp-json\/wp\/v2\/product_cat?post=14960"},{"taxonomy":"product_tag","embeddable":true,"href":"https:\/\/skaitytaknyga.lt\/en\/wp-json\/wp\/v2\/product_tag?post=14960"}],"curies":[{"name":"wp","href":"https:\/\/api.w.org\/{rel}","templated":true}]}}