{"id":14959,"date":"2024-11-26T13:28:47","date_gmt":"2024-11-26T11:28:47","guid":{"rendered":"https:\/\/skaitytaknyga.lt\/?post_type=product&#038;p=14959"},"modified":"2024-11-26T15:12:16","modified_gmt":"2024-11-26T13:12:16","slug":"nuo-dainu-dienos-iki-tautos-sventes","status":"publish","type":"product","link":"https:\/\/skaitytaknyga.lt\/en\/produktas\/nuo-dainu-dienos-iki-tautos-sventes\/","title":{"rendered":"Nuo Dain\u0173 dienos iki tautos \u0161vent\u0117s"},"content":{"rendered":"<p>Monografijoje nagrin\u0117jama Lietuvos dain\u0173 \u0161ven\u010di\u0173 prasmi\u0173 vizija, istorinis jos formavimosi ir pl\u0117tros procesas. Tiriamasis darbas remiasi istorine, menotyros, sociologine, gausia pokalbi\u0173 su i\u0161kiliais kult\u016bros veik\u0117jais ir Dain\u0173 \u0161ven\u010di\u0173 dirigentais med\u017eiaga. Knyga skiriama Dain\u0173 \u0161ven\u010di\u0173 reng\u0117jams, joje dalyvaujan\u010di\u0173 kolektyv\u0173 nariams ir pla\u010diajai visuomenei.<\/p>\n<p>Knygos autorius dr. Regimantas Gudelis (g. 1944) yra ilgametis Dain\u0173 \u0161ven\u010di\u0173 dalyvis, moksl\u0173 daktaras chorinio meno tyrin\u0117tojas, dirbo pedagogin\u012f, chormeisterio darbo, dainuoja choruose.<\/p>\n<p>R. Gudelio darbai &#8211; chorin\u0117s literat\u016bros vadov\u0117liai auk\u0161tosioms mokykloms, monografijos ir straipsniai mokslo leidiniuose Lietuvos chorinio meno istorijos klausimais.<\/p>\n","protected":false},"excerpt":{"rendered":"<p>Monografijoje nagrin\u0117jama Lietuvos dain\u0173 \u0161ven\u010di\u0173 prasmi\u0173 vizija, istorinis jos formavimosi ir pl\u0117tros procesas. Tiriamasis darbas remiasi istorine, menotyros, sociologine, gausia pokalbi\u0173 su i\u0161kiliais kult\u016bros veik\u0117jais ir Dain\u0173 \u0161ven\u010di\u0173 dirigentais med\u017eiaga. Knyga skiriama Dain\u0173 \u0161ven\u010di\u0173 reng\u0117jams, joje dalyvaujan\u010di\u0173 kolektyv\u0173 nariams ir pla\u010diajai visuomenei. Knygos autorius dr. Regimantas Gudelis (g. 1944) yra ilgametis Dain\u0173 \u0161ven\u010di\u0173 dalyvis, moksl\u0173 daktaras chorinio meno tyrin\u0117tojas, dirbo pedagogin\u012f, chormeisterio darbo, dainuoja choruose. R. Gudelio darbai &#8211; chorin\u0117s literat\u016bros vadov\u0117liai auk\u0161tosioms mokykloms, monografijos ir straipsniai mokslo leidiniuose Lietuvos chorinio meno istorijos klausimais.<\/p>\n","protected":false},"featured_media":14974,"comment_status":"open","ping_status":"closed","template":"","meta":{"_acf_changed":false,"site-sidebar-layout":"default","site-content-layout":"","ast-site-content-layout":"default","site-content-style":"default","site-sidebar-style":"default","ast-global-header-display":"","ast-banner-title-visibility":"","ast-main-header-display":"","ast-hfb-above-header-display":"","ast-hfb-below-header-display":"","ast-hfb-mobile-header-display":"","site-post-title":"","ast-breadcrumbs-content":"","ast-featured-img":"","footer-sml-layout":"","ast-disable-related-posts":"","theme-transparent-header-meta":"default","adv-header-id-meta":"","stick-header-meta":"","header-above-stick-meta":"","header-main-stick-meta":"","header-below-stick-meta":"","astra-migrate-meta-layouts":"set","ast-page-background-enabled":"default","ast-page-background-meta":{"desktop":{"background-color":"","background-image":"","background-repeat":"repeat","background-position":"center center","background-size":"auto","background-attachment":"scroll","background-type":"","background-media":"","overlay-type":"","overlay-color":"","overlay-opacity":"","overlay-gradient":""},"tablet":{"background-color":"","background-image":"","background-repeat":"repeat","background-position":"center center","background-size":"auto","background-attachment":"scroll","background-type":"","background-media":"","overlay-type":"","overlay-color":"","overlay-opacity":"","overlay-gradient":""},"mobile":{"background-color":"","background-image":"","background-repeat":"repeat","background-position":"center center","background-size":"auto","background-attachment":"scroll","background-type":"","background-media":"","overlay-type":"","overlay-color":"","overlay-opacity":"","overlay-gradient":""}},"ast-content-background-meta":{"desktop":{"background-color":"var(--ast-global-color-4)","background-image":"","background-repeat":"repeat","background-position":"center center","background-size":"auto","background-attachment":"scroll","background-type":"","background-media":"","overlay-type":"","overlay-color":"","overlay-opacity":"","overlay-gradient":""},"tablet":{"background-color":"var(--ast-global-color-4)","background-image":"","background-repeat":"repeat","background-position":"center center","background-size":"auto","background-attachment":"scroll","background-type":"","background-media":"","overlay-type":"","overlay-color":"","overlay-opacity":"","overlay-gradient":""},"mobile":{"background-color":"var(--ast-global-color-4)","background-image":"","background-repeat":"repeat","background-position":"center center","background-size":"auto","background-attachment":"scroll","background-type":"","background-media":"","overlay-type":"","overlay-color":"","overlay-opacity":"","overlay-gradient":""}}},"product_brand":[],"product_cat":[15,57],"product_tag":[],"class_list":{"0":"post-14959","1":"product","2":"type-product","3":"status-publish","4":"has-post-thumbnail","6":"product_cat-uncategorized","7":"product_cat-menas-ir-albumai","8":"desktop-align-left","9":"tablet-align-left","10":"mobile-align-left","12":"first","13":"instock","14":"shipping-taxable","15":"purchasable","16":"product-type-simple"},"acf":[],"yoast_head":"<!-- This site is optimized with the Yoast SEO plugin v27.0 - https:\/\/yoast.com\/product\/yoast-seo-wordpress\/ -->\n<title>Nuo Dain\u0173 dienos iki tautos \u0161vent\u0117s<\/title>\n<meta name=\"description\" content=\"Monografijoje nagrin\u0117jama Lietuvos dain\u0173 \u0161ven\u010di\u0173 prasmi\u0173 vizija, istorinis jos formavimosi ir pl\u0117tros procesas. Tiriamasis darbas remiasi istorine,\" \/>\n<meta name=\"robots\" content=\"index, follow, max-snippet:-1, max-image-preview:large, max-video-preview:-1\" \/>\n<link rel=\"canonical\" href=\"https:\/\/skaitytaknyga.lt\/en\/produktas\/nuo-dainu-dienos-iki-tautos-sventes\/\" \/>\n<meta property=\"og:locale\" content=\"en_GB\" \/>\n<meta property=\"og:locale:alternate\" content=\"lt_LT\" \/>\n<meta property=\"og:type\" content=\"article\" \/>\n<meta property=\"og:title\" content=\"Nuo Dain\u0173 dienos iki tautos \u0161vent\u0117s\" \/>\n<meta property=\"og:description\" content=\"Monografijoje nagrin\u0117jama Lietuvos dain\u0173 \u0161ven\u010di\u0173 prasmi\u0173 vizija, istorinis jos formavimosi ir pl\u0117tros procesas. Tiriamasis darbas remiasi istorine,\" \/>\n<meta property=\"og:url\" content=\"https:\/\/skaitytaknyga.lt\/en\/produktas\/nuo-dainu-dienos-iki-tautos-sventes\/\" \/>\n<meta property=\"og:site_name\" content=\"Skaitytaknyga\" \/>\n<meta property=\"article:publisher\" content=\"https:\/\/www.facebook.com\/skaitytaknyga\/\" \/>\n<meta property=\"article:modified_time\" content=\"2024-11-26T13:12:16+00:00\" \/>\n<meta property=\"og:image\" content=\"https:\/\/skaitytaknyga.lt\/wp-content\/uploads\/2024\/11\/nuo-dainu-dienos-iki-tautos.jpg\" \/>\n\t<meta property=\"og:image:width\" content=\"700\" \/>\n\t<meta property=\"og:image:height\" content=\"807\" \/>\n\t<meta property=\"og:image:type\" content=\"image\/jpeg\" \/>\n<meta name=\"twitter:card\" content=\"summary_large_image\" \/>\n<meta name=\"twitter:label1\" content=\"Estimated reading time\" \/>\n\t<meta name=\"twitter:data1\" content=\"1 minute\" \/>\n<script type=\"application\/ld+json\" class=\"yoast-schema-graph\">{\"@context\":\"https:\/\/schema.org\",\"@graph\":[{\"@type\":\"WebPage\",\"@id\":\"https:\/\/skaitytaknyga.lt\/produktas\/nuo-dainu-dienos-iki-tautos-sventes\/\",\"url\":\"https:\/\/skaitytaknyga.lt\/produktas\/nuo-dainu-dienos-iki-tautos-sventes\/\",\"name\":\"Nuo Dain\u0173 dienos iki tautos \u0161vent\u0117s\",\"isPartOf\":{\"@id\":\"https:\/\/skaitytaknyga.lt\/#website\"},\"primaryImageOfPage\":{\"@id\":\"https:\/\/skaitytaknyga.lt\/produktas\/nuo-dainu-dienos-iki-tautos-sventes\/#primaryimage\"},\"image\":{\"@id\":\"https:\/\/skaitytaknyga.lt\/produktas\/nuo-dainu-dienos-iki-tautos-sventes\/#primaryimage\"},\"thumbnailUrl\":\"https:\/\/skaitytaknyga.lt\/wp-content\/uploads\/2024\/11\/nuo-dainu-dienos-iki-tautos.jpg\",\"datePublished\":\"2024-11-26T11:28:47+00:00\",\"dateModified\":\"2024-11-26T13:12:16+00:00\",\"description\":\"Monografijoje nagrin\u0117jama Lietuvos dain\u0173 \u0161ven\u010di\u0173 prasmi\u0173 vizija, istorinis jos formavimosi ir pl\u0117tros procesas. Tiriamasis darbas remiasi istorine,\",\"breadcrumb\":{\"@id\":\"https:\/\/skaitytaknyga.lt\/produktas\/nuo-dainu-dienos-iki-tautos-sventes\/#breadcrumb\"},\"inLanguage\":\"en-GB\",\"potentialAction\":[{\"@type\":\"ReadAction\",\"target\":[\"https:\/\/skaitytaknyga.lt\/produktas\/nuo-dainu-dienos-iki-tautos-sventes\/\"]}]},{\"@type\":\"ImageObject\",\"inLanguage\":\"en-GB\",\"@id\":\"https:\/\/skaitytaknyga.lt\/produktas\/nuo-dainu-dienos-iki-tautos-sventes\/#primaryimage\",\"url\":\"https:\/\/skaitytaknyga.lt\/wp-content\/uploads\/2024\/11\/nuo-dainu-dienos-iki-tautos.jpg\",\"contentUrl\":\"https:\/\/skaitytaknyga.lt\/wp-content\/uploads\/2024\/11\/nuo-dainu-dienos-iki-tautos.jpg\",\"width\":700,\"height\":807,\"caption\":\"Nuo Dain\u0173 dienos iki tautos \u0161vent\u0117s\"},{\"@type\":\"BreadcrumbList\",\"@id\":\"https:\/\/skaitytaknyga.lt\/produktas\/nuo-dainu-dienos-iki-tautos-sventes\/#breadcrumb\",\"itemListElement\":[{\"@type\":\"ListItem\",\"position\":1,\"name\":\"Home\",\"item\":\"https:\/\/skaitytaknyga.lt\/\"},{\"@type\":\"ListItem\",\"position\":2,\"name\":\"Parduotuv\u0117\",\"item\":\"https:\/\/skaitytaknyga.lt\/knygu-parduotuve\/\"},{\"@type\":\"ListItem\",\"position\":3,\"name\":\"Nuo Dain\u0173 dienos iki tautos \u0161vent\u0117s\"}]},{\"@type\":\"WebSite\",\"@id\":\"https:\/\/skaitytaknyga.lt\/#website\",\"url\":\"https:\/\/skaitytaknyga.lt\/\",\"name\":\"skaitytaknyga.lt\",\"description\":\"Skaitytaknyga.lt \u2013 tai ma\u017eas \u0161eimos verslas, kuris prasid\u0117jo nuo meil\u0117s knygoms ir siekio i\u0161gelb\u0117ti knygas nuo likimo prie konteinerio. Kas vienam nereikalingas daiktas \u2013 kitam lobis, o mes esame tarpininkai, kurie padeda abiems tapti laimingesniems ???? \u017dinome kaip nelengva i\u0161gyventi ma\u017eiems verslams, tad nuo \u0161iol, \u010dia rasite ir kit\u0173, ma\u017e\u0173 \u0161eim\u0173 versl\u0173, rank\u0173 darbo, dovan\u0173 sau ir artimiesiems.\",\"publisher\":{\"@id\":\"https:\/\/skaitytaknyga.lt\/#organization\"},\"potentialAction\":[{\"@type\":\"SearchAction\",\"target\":{\"@type\":\"EntryPoint\",\"urlTemplate\":\"https:\/\/skaitytaknyga.lt\/?s={search_term_string}\"},\"query-input\":{\"@type\":\"PropertyValueSpecification\",\"valueRequired\":true,\"valueName\":\"search_term_string\"}}],\"inLanguage\":\"en-GB\"},{\"@type\":\"Organization\",\"@id\":\"https:\/\/skaitytaknyga.lt\/#organization\",\"name\":\"skaitytaknyga.lt\",\"url\":\"https:\/\/skaitytaknyga.lt\/\",\"logo\":{\"@type\":\"ImageObject\",\"inLanguage\":\"en-GB\",\"@id\":\"https:\/\/skaitytaknyga.lt\/#\/schema\/logo\/image\/\",\"url\":\"https:\/\/skaitytaknyga.lt\/wp-content\/uploads\/2024\/05\/cropped-cropped-cropped-02_00843_jt3bggkj1j3HLc7SyY6rEUpg.jpeg\",\"contentUrl\":\"https:\/\/skaitytaknyga.lt\/wp-content\/uploads\/2024\/05\/cropped-cropped-cropped-02_00843_jt3bggkj1j3HLc7SyY6rEUpg.jpeg\",\"width\":1600,\"height\":1600,\"caption\":\"skaitytaknyga.lt\"},\"image\":{\"@id\":\"https:\/\/skaitytaknyga.lt\/#\/schema\/logo\/image\/\"},\"sameAs\":[\"https:\/\/www.facebook.com\/skaitytaknyga\/\"]}]}<\/script>\n<!-- \/ Yoast SEO plugin. -->","yoast_head_json":{"title":"Nuo Dain\u0173 dienos iki tautos \u0161vent\u0117s","description":"Monografijoje nagrin\u0117jama Lietuvos dain\u0173 \u0161ven\u010di\u0173 prasmi\u0173 vizija, istorinis jos formavimosi ir pl\u0117tros procesas. Tiriamasis darbas remiasi istorine,","robots":{"index":"index","follow":"follow","max-snippet":"max-snippet:-1","max-image-preview":"max-image-preview:large","max-video-preview":"max-video-preview:-1"},"canonical":"https:\/\/skaitytaknyga.lt\/en\/produktas\/nuo-dainu-dienos-iki-tautos-sventes\/","og_locale":"en_GB","og_type":"article","og_title":"[:lt]Nuo Dain\u0173 dienos iki tautos \u0161vent\u0117s[:] - Skaitytaknyga","og_description":"Monografijoje nagrin\u0117jama Lietuvos dain\u0173 \u0161ven\u010di\u0173 prasmi\u0173 vizija, istorinis jos formavimosi ir pl\u0117tros procesas. Tiriamasis darbas remiasi istorine,","og_url":"https:\/\/skaitytaknyga.lt\/en\/produktas\/nuo-dainu-dienos-iki-tautos-sventes\/","og_site_name":"Skaitytaknyga","article_publisher":"https:\/\/www.facebook.com\/skaitytaknyga\/","article_modified_time":"2024-11-26T13:12:16+00:00","og_image":[{"width":700,"height":807,"url":"https:\/\/skaitytaknyga.lt\/wp-content\/uploads\/2024\/11\/nuo-dainu-dienos-iki-tautos.jpg","type":"image\/jpeg"}],"twitter_card":"summary_large_image","twitter_misc":{"Estimated reading time":"1 minute"},"schema":{"@context":"https:\/\/schema.org","@graph":[{"@type":"WebPage","@id":"https:\/\/skaitytaknyga.lt\/produktas\/nuo-dainu-dienos-iki-tautos-sventes\/","url":"https:\/\/skaitytaknyga.lt\/produktas\/nuo-dainu-dienos-iki-tautos-sventes\/","name":"Nuo Dain\u0173 dienos iki tautos \u0161vent\u0117s","isPartOf":{"@id":"https:\/\/skaitytaknyga.lt\/#website"},"primaryImageOfPage":{"@id":"https:\/\/skaitytaknyga.lt\/produktas\/nuo-dainu-dienos-iki-tautos-sventes\/#primaryimage"},"image":{"@id":"https:\/\/skaitytaknyga.lt\/produktas\/nuo-dainu-dienos-iki-tautos-sventes\/#primaryimage"},"thumbnailUrl":"https:\/\/skaitytaknyga.lt\/wp-content\/uploads\/2024\/11\/nuo-dainu-dienos-iki-tautos.jpg","datePublished":"2024-11-26T11:28:47+00:00","dateModified":"2024-11-26T13:12:16+00:00","description":"Monografijoje nagrin\u0117jama Lietuvos dain\u0173 \u0161ven\u010di\u0173 prasmi\u0173 vizija, istorinis jos formavimosi ir pl\u0117tros procesas. Tiriamasis darbas remiasi istorine,","breadcrumb":{"@id":"https:\/\/skaitytaknyga.lt\/produktas\/nuo-dainu-dienos-iki-tautos-sventes\/#breadcrumb"},"inLanguage":"en-GB","potentialAction":[{"@type":"ReadAction","target":["https:\/\/skaitytaknyga.lt\/produktas\/nuo-dainu-dienos-iki-tautos-sventes\/"]}]},{"@type":"ImageObject","inLanguage":"en-GB","@id":"https:\/\/skaitytaknyga.lt\/produktas\/nuo-dainu-dienos-iki-tautos-sventes\/#primaryimage","url":"https:\/\/skaitytaknyga.lt\/wp-content\/uploads\/2024\/11\/nuo-dainu-dienos-iki-tautos.jpg","contentUrl":"https:\/\/skaitytaknyga.lt\/wp-content\/uploads\/2024\/11\/nuo-dainu-dienos-iki-tautos.jpg","width":700,"height":807,"caption":"Nuo Dain\u0173 dienos iki tautos \u0161vent\u0117s"},{"@type":"BreadcrumbList","@id":"https:\/\/skaitytaknyga.lt\/produktas\/nuo-dainu-dienos-iki-tautos-sventes\/#breadcrumb","itemListElement":[{"@type":"ListItem","position":1,"name":"Home","item":"https:\/\/skaitytaknyga.lt\/"},{"@type":"ListItem","position":2,"name":"Parduotuv\u0117","item":"https:\/\/skaitytaknyga.lt\/knygu-parduotuve\/"},{"@type":"ListItem","position":3,"name":"Nuo Dain\u0173 dienos iki tautos \u0161vent\u0117s"}]},{"@type":"WebSite","@id":"https:\/\/skaitytaknyga.lt\/#website","url":"https:\/\/skaitytaknyga.lt\/","name":"skaitytaknyga.lt","description":"Skaitytaknyga.lt \u2013 tai ma\u017eas \u0161eimos verslas, kuris prasid\u0117jo nuo meil\u0117s knygoms ir siekio i\u0161gelb\u0117ti knygas nuo likimo prie konteinerio. Kas vienam nereikalingas daiktas \u2013 kitam lobis, o mes esame tarpininkai, kurie padeda abiems tapti laimingesniems ???? \u017dinome kaip nelengva i\u0161gyventi ma\u017eiems verslams, tad nuo \u0161iol, \u010dia rasite ir kit\u0173, ma\u017e\u0173 \u0161eim\u0173 versl\u0173, rank\u0173 darbo, dovan\u0173 sau ir artimiesiems.","publisher":{"@id":"https:\/\/skaitytaknyga.lt\/#organization"},"potentialAction":[{"@type":"SearchAction","target":{"@type":"EntryPoint","urlTemplate":"https:\/\/skaitytaknyga.lt\/?s={search_term_string}"},"query-input":{"@type":"PropertyValueSpecification","valueRequired":true,"valueName":"search_term_string"}}],"inLanguage":"en-GB"},{"@type":"Organization","@id":"https:\/\/skaitytaknyga.lt\/#organization","name":"skaitytaknyga.lt","url":"https:\/\/skaitytaknyga.lt\/","logo":{"@type":"ImageObject","inLanguage":"en-GB","@id":"https:\/\/skaitytaknyga.lt\/#\/schema\/logo\/image\/","url":"https:\/\/skaitytaknyga.lt\/wp-content\/uploads\/2024\/05\/cropped-cropped-cropped-02_00843_jt3bggkj1j3HLc7SyY6rEUpg.jpeg","contentUrl":"https:\/\/skaitytaknyga.lt\/wp-content\/uploads\/2024\/05\/cropped-cropped-cropped-02_00843_jt3bggkj1j3HLc7SyY6rEUpg.jpeg","width":1600,"height":1600,"caption":"skaitytaknyga.lt"},"image":{"@id":"https:\/\/skaitytaknyga.lt\/#\/schema\/logo\/image\/"},"sameAs":["https:\/\/www.facebook.com\/skaitytaknyga\/"]}]}},"_links":{"self":[{"href":"https:\/\/skaitytaknyga.lt\/en\/wp-json\/wp\/v2\/product\/14959","targetHints":{"allow":["GET"]}}],"collection":[{"href":"https:\/\/skaitytaknyga.lt\/en\/wp-json\/wp\/v2\/product"}],"about":[{"href":"https:\/\/skaitytaknyga.lt\/en\/wp-json\/wp\/v2\/types\/product"}],"replies":[{"embeddable":true,"href":"https:\/\/skaitytaknyga.lt\/en\/wp-json\/wp\/v2\/comments?post=14959"}],"wp:featuredmedia":[{"embeddable":true,"href":"https:\/\/skaitytaknyga.lt\/en\/wp-json\/wp\/v2\/media\/14974"}],"wp:attachment":[{"href":"https:\/\/skaitytaknyga.lt\/en\/wp-json\/wp\/v2\/media?parent=14959"}],"wp:term":[{"taxonomy":"product_brand","embeddable":true,"href":"https:\/\/skaitytaknyga.lt\/en\/wp-json\/wp\/v2\/product_brand?post=14959"},{"taxonomy":"product_cat","embeddable":true,"href":"https:\/\/skaitytaknyga.lt\/en\/wp-json\/wp\/v2\/product_cat?post=14959"},{"taxonomy":"product_tag","embeddable":true,"href":"https:\/\/skaitytaknyga.lt\/en\/wp-json\/wp\/v2\/product_tag?post=14959"}],"curies":[{"name":"wp","href":"https:\/\/api.w.org\/{rel}","templated":true}]}}