{"id":14958,"date":"2024-11-26T13:28:47","date_gmt":"2024-11-26T11:28:47","guid":{"rendered":"https:\/\/skaitytaknyga.lt\/?post_type=product&#038;p=14958"},"modified":"2024-11-26T15:10:38","modified_gmt":"2024-11-26T13:10:38","slug":"tureti-ar-buti","status":"publish","type":"product","link":"https:\/\/skaitytaknyga.lt\/en\/produktas\/tureti-ar-buti\/","title":{"rendered":"Tur\u0117ti ar b\u016bti?"},"content":{"rendered":"<p>\u201eTur\u0117ti ar b\u016bti?\u201d laikoma viena i\u0161 konstruktyviausi\u0173 XX am\u017eiaus antrosios pus\u0117s knyg\u0173. Tai tarsi skvarbios Ericho Frommo minties santrauka.<\/p>\n<p>Jis mok\u0117 apie du prie\u0161i\u0161kus egzistavimo b\u016bdus: tur\u0117jim\u0105, kuris susitelkia \u012f materialini\u0173 vertybi\u0173 vaikym\u0105si, vartotoji\u0161kum\u0105, vald\u017ei\u0105 bei agresij\u0105 ir yra toki\u0173 universali\u0173 blogybi\u0173, kaip godumas, pavydas bei smurtas, pagrindas; ir buvim\u0105, kuris pagr\u012fstas meile, tro\u0161kimu dalytis bei prasminga, k\u016brybinga ir produktyvia veikla.<\/p>\n<p>E. Frommas ai\u0161kina, kod\u0117l tur\u0117jimas, kaip egzistavimo b\u016bdas, veda pasaul\u012f \u012f psichologin\u0119 ir ekologin\u0119 pra\u017e\u016bt\u012f, taigi pristato puiki\u0105 visuomenini\u0173 bei ekonomini\u0173 permain\u0173 program\u0105.<\/p>\n<ul class=\"about-product d-none d-xl-block mt-4\">\n<li><strong>Autorius:<\/strong>\u00a0Erich Fromm<\/li>\n<li><strong>Leid\u0117jas:<\/strong>\u00a0Mintis<\/li>\n<li><strong>Metai:<\/strong>\u00a01990<\/li>\n<li><strong>Puslapiai:<\/strong>\u00a0283<\/li>\n<li class=\"toggleable type-new-formats \"><strong>ISBN-10:<\/strong>\u00a0541700331X<\/li>\n<li class=\"toggleable type-new-formats \"><strong>ISBN-13:<\/strong>\u00a09785417003318<\/li>\n<li class=\"toggleable type-new-formats \"><strong>Formatas:<\/strong>\u00a011,5 x 17 cm, kieti vir\u0161eliai<\/li>\n<li><strong>Kalba:<\/strong>\u00a0Lietuvi\u0173<\/li>\n<li><strong>Vert\u0117jas:<\/strong>\u00a0Milda Ker\u0161ien\u0117<\/li>\n<\/ul>\n","protected":false},"excerpt":{"rendered":"<p>\u201eTur\u0117ti ar b\u016bti?\u201d laikoma viena i\u0161 konstruktyviausi\u0173 XX am\u017eiaus antrosios pus\u0117s knyg\u0173. Tai tarsi skvarbios Ericho Frommo minties santrauka. Jis mok\u0117 apie du prie\u0161i\u0161kus egzistavimo b\u016bdus: tur\u0117jim\u0105, kuris susitelkia \u012f materialini\u0173 vertybi\u0173 vaikym\u0105si, vartotoji\u0161kum\u0105, vald\u017ei\u0105 bei agresij\u0105 ir yra toki\u0173 universali\u0173 blogybi\u0173, kaip godumas, pavydas bei smurtas, pagrindas; ir buvim\u0105, kuris pagr\u012fstas meile, tro\u0161kimu dalytis bei prasminga, k\u016brybinga ir produktyvia veikla. E. Frommas ai\u0161kina, kod\u0117l tur\u0117jimas, kaip egzistavimo b\u016bdas, veda pasaul\u012f \u012f psichologin\u0119 ir ekologin\u0119 pra\u017e\u016bt\u012f, taigi pristato puiki\u0105 visuomenini\u0173 bei ekonomini\u0173 permain\u0173 program\u0105. Autorius:\u00a0Erich Fromm Leid\u0117jas:\u00a0Mintis Metai:\u00a01990 Puslapiai:\u00a0283 ISBN-10:\u00a0541700331X ISBN-13:\u00a09785417003318 Formatas:\u00a011,5 x 17 cm, kieti vir\u0161eliai Kalba:\u00a0Lietuvi\u0173 Vert\u0117jas:\u00a0Milda Ker\u0161ien\u0117<\/p>\n","protected":false},"featured_media":14988,"comment_status":"open","ping_status":"closed","template":"","meta":{"_acf_changed":false,"site-sidebar-layout":"default","site-content-layout":"","ast-site-content-layout":"default","site-content-style":"default","site-sidebar-style":"default","ast-global-header-display":"","ast-banner-title-visibility":"","ast-main-header-display":"","ast-hfb-above-header-display":"","ast-hfb-below-header-display":"","ast-hfb-mobile-header-display":"","site-post-title":"","ast-breadcrumbs-content":"","ast-featured-img":"","footer-sml-layout":"","ast-disable-related-posts":"","theme-transparent-header-meta":"default","adv-header-id-meta":"","stick-header-meta":"","header-above-stick-meta":"","header-main-stick-meta":"","header-below-stick-meta":"","astra-migrate-meta-layouts":"set","ast-page-background-enabled":"default","ast-page-background-meta":{"desktop":{"background-color":"","background-image":"","background-repeat":"repeat","background-position":"center center","background-size":"auto","background-attachment":"scroll","background-type":"","background-media":"","overlay-type":"","overlay-color":"","overlay-opacity":"","overlay-gradient":""},"tablet":{"background-color":"","background-image":"","background-repeat":"repeat","background-position":"center center","background-size":"auto","background-attachment":"scroll","background-type":"","background-media":"","overlay-type":"","overlay-color":"","overlay-opacity":"","overlay-gradient":""},"mobile":{"background-color":"","background-image":"","background-repeat":"repeat","background-position":"center center","background-size":"auto","background-attachment":"scroll","background-type":"","background-media":"","overlay-type":"","overlay-color":"","overlay-opacity":"","overlay-gradient":""}},"ast-content-background-meta":{"desktop":{"background-color":"var(--ast-global-color-4)","background-image":"","background-repeat":"repeat","background-position":"center center","background-size":"auto","background-attachment":"scroll","background-type":"","background-media":"","overlay-type":"","overlay-color":"","overlay-opacity":"","overlay-gradient":""},"tablet":{"background-color":"var(--ast-global-color-4)","background-image":"","background-repeat":"repeat","background-position":"center center","background-size":"auto","background-attachment":"scroll","background-type":"","background-media":"","overlay-type":"","overlay-color":"","overlay-opacity":"","overlay-gradient":""},"mobile":{"background-color":"var(--ast-global-color-4)","background-image":"","background-repeat":"repeat","background-position":"center center","background-size":"auto","background-attachment":"scroll","background-type":"","background-media":"","overlay-type":"","overlay-color":"","overlay-opacity":"","overlay-gradient":""}}},"product_brand":[],"product_cat":[15,165],"product_tag":[],"class_list":{"0":"post-14958","1":"product","2":"type-product","3":"status-publish","4":"has-post-thumbnail","6":"product_cat-uncategorized","7":"product_cat-religija-filosofija-ir-ezoterika","8":"desktop-align-left","9":"tablet-align-left","10":"mobile-align-left","12":"first","13":"instock","14":"shipping-taxable","15":"purchasable","16":"product-type-simple"},"acf":[],"yoast_head":"<!-- This site is optimized with the Yoast SEO plugin v27.0 - https:\/\/yoast.com\/product\/yoast-seo-wordpress\/ -->\n<title>Tur\u0117ti ar b\u016bti?<\/title>\n<meta name=\"description\" content=\"\u201eTur\u0117ti ar b\u016bti?\u201d laikoma viena i\u0161 konstruktyviausi\u0173 XX am\u017eiaus antrosios pus\u0117s knyg\u0173. Tai tarsi skvarbios Ericho Frommo minties santrauka. Jis mok\u0117 apie\" \/>\n<meta name=\"robots\" content=\"index, follow, max-snippet:-1, max-image-preview:large, max-video-preview:-1\" \/>\n<link rel=\"canonical\" href=\"https:\/\/skaitytaknyga.lt\/en\/produktas\/tureti-ar-buti\/\" \/>\n<meta property=\"og:locale\" content=\"en_GB\" \/>\n<meta property=\"og:locale:alternate\" content=\"lt_LT\" \/>\n<meta property=\"og:type\" content=\"article\" \/>\n<meta property=\"og:title\" content=\"Tur\u0117ti ar b\u016bti?\" \/>\n<meta property=\"og:description\" content=\"\u201eTur\u0117ti ar b\u016bti?\u201d laikoma viena i\u0161 konstruktyviausi\u0173 XX am\u017eiaus antrosios pus\u0117s knyg\u0173. Tai tarsi skvarbios Ericho Frommo minties santrauka. Jis mok\u0117 apie\" \/>\n<meta property=\"og:url\" content=\"https:\/\/skaitytaknyga.lt\/en\/produktas\/tureti-ar-buti\/\" \/>\n<meta property=\"og:site_name\" content=\"Skaitytaknyga\" \/>\n<meta property=\"article:publisher\" content=\"https:\/\/www.facebook.com\/skaitytaknyga\/\" \/>\n<meta property=\"article:modified_time\" content=\"2024-11-26T13:10:38+00:00\" \/>\n<meta property=\"og:image\" content=\"https:\/\/skaitytaknyga.lt\/wp-content\/uploads\/2024\/11\/Tureti-ar-but.webp\" \/>\n\t<meta property=\"og:image:width\" content=\"525\" \/>\n\t<meta property=\"og:image:height\" content=\"800\" \/>\n\t<meta property=\"og:image:type\" content=\"image\/webp\" \/>\n<meta name=\"twitter:card\" content=\"summary_large_image\" \/>\n<meta name=\"twitter:label1\" content=\"Estimated reading time\" \/>\n\t<meta name=\"twitter:data1\" content=\"1 minute\" \/>\n<script type=\"application\/ld+json\" class=\"yoast-schema-graph\">{\"@context\":\"https:\/\/schema.org\",\"@graph\":[{\"@type\":\"WebPage\",\"@id\":\"https:\/\/skaitytaknyga.lt\/produktas\/tureti-ar-buti\/\",\"url\":\"https:\/\/skaitytaknyga.lt\/produktas\/tureti-ar-buti\/\",\"name\":\"Tur\u0117ti ar b\u016bti?\",\"isPartOf\":{\"@id\":\"https:\/\/skaitytaknyga.lt\/#website\"},\"primaryImageOfPage\":{\"@id\":\"https:\/\/skaitytaknyga.lt\/produktas\/tureti-ar-buti\/#primaryimage\"},\"image\":{\"@id\":\"https:\/\/skaitytaknyga.lt\/produktas\/tureti-ar-buti\/#primaryimage\"},\"thumbnailUrl\":\"https:\/\/skaitytaknyga.lt\/wp-content\/uploads\/2024\/11\/Tureti-ar-but.webp\",\"datePublished\":\"2024-11-26T11:28:47+00:00\",\"dateModified\":\"2024-11-26T13:10:38+00:00\",\"description\":\"\u201eTur\u0117ti ar b\u016bti?\u201d laikoma viena i\u0161 konstruktyviausi\u0173 XX am\u017eiaus antrosios pus\u0117s knyg\u0173. Tai tarsi skvarbios Ericho Frommo minties santrauka. Jis mok\u0117 apie\",\"breadcrumb\":{\"@id\":\"https:\/\/skaitytaknyga.lt\/produktas\/tureti-ar-buti\/#breadcrumb\"},\"inLanguage\":\"en-GB\",\"potentialAction\":[{\"@type\":\"ReadAction\",\"target\":[\"https:\/\/skaitytaknyga.lt\/produktas\/tureti-ar-buti\/\"]}]},{\"@type\":\"ImageObject\",\"inLanguage\":\"en-GB\",\"@id\":\"https:\/\/skaitytaknyga.lt\/produktas\/tureti-ar-buti\/#primaryimage\",\"url\":\"https:\/\/skaitytaknyga.lt\/wp-content\/uploads\/2024\/11\/Tureti-ar-but.webp\",\"contentUrl\":\"https:\/\/skaitytaknyga.lt\/wp-content\/uploads\/2024\/11\/Tureti-ar-but.webp\",\"width\":525,\"height\":800,\"caption\":\"Tur\u0117ti ar b\u016bti?\"},{\"@type\":\"BreadcrumbList\",\"@id\":\"https:\/\/skaitytaknyga.lt\/produktas\/tureti-ar-buti\/#breadcrumb\",\"itemListElement\":[{\"@type\":\"ListItem\",\"position\":1,\"name\":\"Home\",\"item\":\"https:\/\/skaitytaknyga.lt\/\"},{\"@type\":\"ListItem\",\"position\":2,\"name\":\"Parduotuv\u0117\",\"item\":\"https:\/\/skaitytaknyga.lt\/knygu-parduotuve\/\"},{\"@type\":\"ListItem\",\"position\":3,\"name\":\"Tur\u0117ti ar b\u016bti?\"}]},{\"@type\":\"WebSite\",\"@id\":\"https:\/\/skaitytaknyga.lt\/#website\",\"url\":\"https:\/\/skaitytaknyga.lt\/\",\"name\":\"skaitytaknyga.lt\",\"description\":\"Skaitytaknyga.lt \u2013 tai ma\u017eas \u0161eimos verslas, kuris prasid\u0117jo nuo meil\u0117s knygoms ir siekio i\u0161gelb\u0117ti knygas nuo likimo prie konteinerio. Kas vienam nereikalingas daiktas \u2013 kitam lobis, o mes esame tarpininkai, kurie padeda abiems tapti laimingesniems ???? \u017dinome kaip nelengva i\u0161gyventi ma\u017eiems verslams, tad nuo \u0161iol, \u010dia rasite ir kit\u0173, ma\u017e\u0173 \u0161eim\u0173 versl\u0173, rank\u0173 darbo, dovan\u0173 sau ir artimiesiems.\",\"publisher\":{\"@id\":\"https:\/\/skaitytaknyga.lt\/#organization\"},\"potentialAction\":[{\"@type\":\"SearchAction\",\"target\":{\"@type\":\"EntryPoint\",\"urlTemplate\":\"https:\/\/skaitytaknyga.lt\/?s={search_term_string}\"},\"query-input\":{\"@type\":\"PropertyValueSpecification\",\"valueRequired\":true,\"valueName\":\"search_term_string\"}}],\"inLanguage\":\"en-GB\"},{\"@type\":\"Organization\",\"@id\":\"https:\/\/skaitytaknyga.lt\/#organization\",\"name\":\"skaitytaknyga.lt\",\"url\":\"https:\/\/skaitytaknyga.lt\/\",\"logo\":{\"@type\":\"ImageObject\",\"inLanguage\":\"en-GB\",\"@id\":\"https:\/\/skaitytaknyga.lt\/#\/schema\/logo\/image\/\",\"url\":\"https:\/\/skaitytaknyga.lt\/wp-content\/uploads\/2024\/05\/cropped-cropped-cropped-02_00843_jt3bggkj1j3HLc7SyY6rEUpg.jpeg\",\"contentUrl\":\"https:\/\/skaitytaknyga.lt\/wp-content\/uploads\/2024\/05\/cropped-cropped-cropped-02_00843_jt3bggkj1j3HLc7SyY6rEUpg.jpeg\",\"width\":1600,\"height\":1600,\"caption\":\"skaitytaknyga.lt\"},\"image\":{\"@id\":\"https:\/\/skaitytaknyga.lt\/#\/schema\/logo\/image\/\"},\"sameAs\":[\"https:\/\/www.facebook.com\/skaitytaknyga\/\"]}]}<\/script>\n<!-- \/ Yoast SEO plugin. -->","yoast_head_json":{"title":"Tur\u0117ti ar b\u016bti?","description":"\u201eTur\u0117ti ar b\u016bti?\u201d laikoma viena i\u0161 konstruktyviausi\u0173 XX am\u017eiaus antrosios pus\u0117s knyg\u0173. Tai tarsi skvarbios Ericho Frommo minties santrauka. Jis mok\u0117 apie","robots":{"index":"index","follow":"follow","max-snippet":"max-snippet:-1","max-image-preview":"max-image-preview:large","max-video-preview":"max-video-preview:-1"},"canonical":"https:\/\/skaitytaknyga.lt\/en\/produktas\/tureti-ar-buti\/","og_locale":"en_GB","og_type":"article","og_title":"[:lt]Tur\u0117ti ar b\u016bti?[:] - Skaitytaknyga","og_description":"\u201eTur\u0117ti ar b\u016bti?\u201d laikoma viena i\u0161 konstruktyviausi\u0173 XX am\u017eiaus antrosios pus\u0117s knyg\u0173. Tai tarsi skvarbios Ericho Frommo minties santrauka. Jis mok\u0117 apie","og_url":"https:\/\/skaitytaknyga.lt\/en\/produktas\/tureti-ar-buti\/","og_site_name":"Skaitytaknyga","article_publisher":"https:\/\/www.facebook.com\/skaitytaknyga\/","article_modified_time":"2024-11-26T13:10:38+00:00","og_image":[{"width":525,"height":800,"url":"https:\/\/skaitytaknyga.lt\/wp-content\/uploads\/2024\/11\/Tureti-ar-but.webp","type":"image\/webp"}],"twitter_card":"summary_large_image","twitter_misc":{"Estimated reading time":"1 minute"},"schema":{"@context":"https:\/\/schema.org","@graph":[{"@type":"WebPage","@id":"https:\/\/skaitytaknyga.lt\/produktas\/tureti-ar-buti\/","url":"https:\/\/skaitytaknyga.lt\/produktas\/tureti-ar-buti\/","name":"Tur\u0117ti ar b\u016bti?","isPartOf":{"@id":"https:\/\/skaitytaknyga.lt\/#website"},"primaryImageOfPage":{"@id":"https:\/\/skaitytaknyga.lt\/produktas\/tureti-ar-buti\/#primaryimage"},"image":{"@id":"https:\/\/skaitytaknyga.lt\/produktas\/tureti-ar-buti\/#primaryimage"},"thumbnailUrl":"https:\/\/skaitytaknyga.lt\/wp-content\/uploads\/2024\/11\/Tureti-ar-but.webp","datePublished":"2024-11-26T11:28:47+00:00","dateModified":"2024-11-26T13:10:38+00:00","description":"\u201eTur\u0117ti ar b\u016bti?\u201d laikoma viena i\u0161 konstruktyviausi\u0173 XX am\u017eiaus antrosios pus\u0117s knyg\u0173. Tai tarsi skvarbios Ericho Frommo minties santrauka. Jis mok\u0117 apie","breadcrumb":{"@id":"https:\/\/skaitytaknyga.lt\/produktas\/tureti-ar-buti\/#breadcrumb"},"inLanguage":"en-GB","potentialAction":[{"@type":"ReadAction","target":["https:\/\/skaitytaknyga.lt\/produktas\/tureti-ar-buti\/"]}]},{"@type":"ImageObject","inLanguage":"en-GB","@id":"https:\/\/skaitytaknyga.lt\/produktas\/tureti-ar-buti\/#primaryimage","url":"https:\/\/skaitytaknyga.lt\/wp-content\/uploads\/2024\/11\/Tureti-ar-but.webp","contentUrl":"https:\/\/skaitytaknyga.lt\/wp-content\/uploads\/2024\/11\/Tureti-ar-but.webp","width":525,"height":800,"caption":"Tur\u0117ti ar b\u016bti?"},{"@type":"BreadcrumbList","@id":"https:\/\/skaitytaknyga.lt\/produktas\/tureti-ar-buti\/#breadcrumb","itemListElement":[{"@type":"ListItem","position":1,"name":"Home","item":"https:\/\/skaitytaknyga.lt\/"},{"@type":"ListItem","position":2,"name":"Parduotuv\u0117","item":"https:\/\/skaitytaknyga.lt\/knygu-parduotuve\/"},{"@type":"ListItem","position":3,"name":"Tur\u0117ti ar b\u016bti?"}]},{"@type":"WebSite","@id":"https:\/\/skaitytaknyga.lt\/#website","url":"https:\/\/skaitytaknyga.lt\/","name":"skaitytaknyga.lt","description":"Skaitytaknyga.lt \u2013 tai ma\u017eas \u0161eimos verslas, kuris prasid\u0117jo nuo meil\u0117s knygoms ir siekio i\u0161gelb\u0117ti knygas nuo likimo prie konteinerio. Kas vienam nereikalingas daiktas \u2013 kitam lobis, o mes esame tarpininkai, kurie padeda abiems tapti laimingesniems ???? \u017dinome kaip nelengva i\u0161gyventi ma\u017eiems verslams, tad nuo \u0161iol, \u010dia rasite ir kit\u0173, ma\u017e\u0173 \u0161eim\u0173 versl\u0173, rank\u0173 darbo, dovan\u0173 sau ir artimiesiems.","publisher":{"@id":"https:\/\/skaitytaknyga.lt\/#organization"},"potentialAction":[{"@type":"SearchAction","target":{"@type":"EntryPoint","urlTemplate":"https:\/\/skaitytaknyga.lt\/?s={search_term_string}"},"query-input":{"@type":"PropertyValueSpecification","valueRequired":true,"valueName":"search_term_string"}}],"inLanguage":"en-GB"},{"@type":"Organization","@id":"https:\/\/skaitytaknyga.lt\/#organization","name":"skaitytaknyga.lt","url":"https:\/\/skaitytaknyga.lt\/","logo":{"@type":"ImageObject","inLanguage":"en-GB","@id":"https:\/\/skaitytaknyga.lt\/#\/schema\/logo\/image\/","url":"https:\/\/skaitytaknyga.lt\/wp-content\/uploads\/2024\/05\/cropped-cropped-cropped-02_00843_jt3bggkj1j3HLc7SyY6rEUpg.jpeg","contentUrl":"https:\/\/skaitytaknyga.lt\/wp-content\/uploads\/2024\/05\/cropped-cropped-cropped-02_00843_jt3bggkj1j3HLc7SyY6rEUpg.jpeg","width":1600,"height":1600,"caption":"skaitytaknyga.lt"},"image":{"@id":"https:\/\/skaitytaknyga.lt\/#\/schema\/logo\/image\/"},"sameAs":["https:\/\/www.facebook.com\/skaitytaknyga\/"]}]}},"_links":{"self":[{"href":"https:\/\/skaitytaknyga.lt\/en\/wp-json\/wp\/v2\/product\/14958","targetHints":{"allow":["GET"]}}],"collection":[{"href":"https:\/\/skaitytaknyga.lt\/en\/wp-json\/wp\/v2\/product"}],"about":[{"href":"https:\/\/skaitytaknyga.lt\/en\/wp-json\/wp\/v2\/types\/product"}],"replies":[{"embeddable":true,"href":"https:\/\/skaitytaknyga.lt\/en\/wp-json\/wp\/v2\/comments?post=14958"}],"wp:featuredmedia":[{"embeddable":true,"href":"https:\/\/skaitytaknyga.lt\/en\/wp-json\/wp\/v2\/media\/14988"}],"wp:attachment":[{"href":"https:\/\/skaitytaknyga.lt\/en\/wp-json\/wp\/v2\/media?parent=14958"}],"wp:term":[{"taxonomy":"product_brand","embeddable":true,"href":"https:\/\/skaitytaknyga.lt\/en\/wp-json\/wp\/v2\/product_brand?post=14958"},{"taxonomy":"product_cat","embeddable":true,"href":"https:\/\/skaitytaknyga.lt\/en\/wp-json\/wp\/v2\/product_cat?post=14958"},{"taxonomy":"product_tag","embeddable":true,"href":"https:\/\/skaitytaknyga.lt\/en\/wp-json\/wp\/v2\/product_tag?post=14958"}],"curies":[{"name":"wp","href":"https:\/\/api.w.org\/{rel}","templated":true}]}}