{"id":14955,"date":"2024-11-26T09:13:50","date_gmt":"2024-11-26T07:13:50","guid":{"rendered":"https:\/\/skaitytaknyga.lt\/?post_type=product&#038;p=14955"},"modified":"2026-03-05T10:49:40","modified_gmt":"2026-03-05T08:49:40","slug":"vinas","status":"publish","type":"product","link":"https:\/\/skaitytaknyga.lt\/en\/produktas\/vinas\/","title":{"rendered":"Vinas"},"content":{"rendered":"<p>Gyvenimas n\u0117ra vien juoda arba balta.<\/p>\n<p>Bestseleri\u0173 autorius<strong>\u00a0Harlanas Cobenas<\/strong>\u00a0pristato prikaustant\u012f triler\u012f, kurio pagrindinis herojus \u2014 Vinzoras Hornas Lokvudas Tre\u010diasis, arba Vinas, kaip j\u012f vadina draugai.<\/p>\n<p>Daugiau nei prie\u0161 dvide\u0161imt met\u0173 \u0161eimos turto paveld\u0117tojos Patricijos Lokvud t\u0117vas buvo nu\u017eudytas savo rezidencijoje, o ji pati pagrobta ir kalinta nuo\u0161alioje trobel\u0117je. Patricijai pavyko pab\u0117gti, ta\u010diau jos pagrob\u0117jai liko nei\u0161ai\u0161kinti.<\/p>\n<p>Iki \u0161iol teis\u0117sauga netur\u0117jo joki\u0173 atsakym\u0173.<\/p>\n<p>Ta\u010diau kai Auk\u0161tutiniame Vestsaide Niujorke savo bute randamas nu\u017eudytas atsiskyr\u0117lis, kartu aptinkami ir du ypatingi daiktai: Lokvudams priklaus\u0119s pavogtas Vermerio paveikslas ir odinis lagaminas su inicialais VHL3. Pirm\u0105 kart\u0105 per daugyb\u0119 met\u0173 atsiranda \u012fkal\u010di\u0173, susijusi\u0173 su Patricijos pagrobimu, ir randamas \u012ftariamasis, kuris prie\u0161 keturiasde\u0161imt met\u0173 organizavo ir \u012fvykd\u0117 kit\u0105 nusikaltim\u0105 \u2014 teroristin\u012f i\u0161puol\u012f. \u0160ios dvi nei\u0161spr\u0119stos bylos FTB agentus trikd\u0117 kelis de\u0161imtme\u010dius.<\/p>\n<p>Vinzoras Hornas Lokvudas Tre\u010diasis ne\u017eino, kaip jo lagaminas ir paveikslas atsid\u016br\u0117 mirusiojo bute. Bet Vin\u0105 tai sudomina, ir jis turi tris dalykus, kuri\u0173 neturi FTB: asmenin\u012f ry\u0161\u012f su byla, didelius turtus ir savit\u0105 teisingumo supratim\u0105.<\/p>\n<ul class=\"about-product d-none d-xl-block mt-4\">\n<li><strong>Originalus pavadinimas:<\/strong>\u00a0Win<\/li>\n<li><strong>Autorius:<\/strong>\u00a0Harlan Coben<\/li>\n<li><strong>Leid\u0117jas:<\/strong>\u00a0Jotema<\/li>\n<li><strong>Metai:<\/strong>\u00a02021<\/li>\n<li><strong>Puslapiai:<\/strong>\u00a0400<\/li>\n<li class=\"toggleable type-new-formats \"><strong>ISBN:<\/strong>\u00a09789955139928<\/li>\n<li><strong>Versijos kodas:<\/strong>\u00a0PT.<\/li>\n<li class=\"toggleable type-new-formats \"><strong>Formatas:<\/strong>\u00a015 x 22 x 3,3 cm, kieti vir\u0161eliai<\/li>\n<li><strong>Kalba:<\/strong>\u00a0Lietuvi\u0173<\/li>\n<li><strong>Vert\u0117jas:<\/strong>\u00a0Ieva \u0160akelait\u0117<\/li>\n<\/ul>\n","protected":false},"excerpt":{"rendered":"<p>Gyvenimas n\u0117ra vien juoda arba balta. Bestseleri\u0173 autorius\u00a0Harlanas Cobenas\u00a0pristato prikaustant\u012f triler\u012f, kurio pagrindinis herojus \u2014 Vinzoras Hornas Lokvudas Tre\u010diasis, arba Vinas, kaip j\u012f vadina draugai. Daugiau nei prie\u0161 dvide\u0161imt met\u0173 \u0161eimos turto paveld\u0117tojos Patricijos Lokvud t\u0117vas buvo nu\u017eudytas savo rezidencijoje, o ji pati pagrobta ir kalinta nuo\u0161alioje trobel\u0117je. Patricijai pavyko pab\u0117gti, ta\u010diau jos pagrob\u0117jai liko nei\u0161ai\u0161kinti. Iki \u0161iol teis\u0117sauga netur\u0117jo joki\u0173 atsakym\u0173. Ta\u010diau kai Auk\u0161tutiniame Vestsaide Niujorke savo bute randamas nu\u017eudytas atsiskyr\u0117lis, kartu aptinkami ir du ypatingi daiktai: Lokvudams priklaus\u0119s pavogtas Vermerio paveikslas ir odinis lagaminas su inicialais VHL3. Pirm\u0105 kart\u0105 per daugyb\u0119 met\u0173 atsiranda \u012fkal\u010di\u0173, susijusi\u0173 su Patricijos pagrobimu, ir randamas \u012ftariamasis, kuris prie\u0161 keturiasde\u0161imt met\u0173 organizavo ir \u012fvykd\u0117 kit\u0105 nusikaltim\u0105 \u2014 teroristin\u012f i\u0161puol\u012f. \u0160ios dvi nei\u0161spr\u0119stos bylos FTB agentus trikd\u0117 kelis de\u0161imtme\u010dius. Vinzoras Hornas Lokvudas Tre\u010diasis ne\u017eino, kaip jo lagaminas ir paveikslas atsid\u016br\u0117 mirusiojo bute. Bet Vin\u0105 tai sudomina, ir jis turi tris dalykus, kuri\u0173 neturi FTB: asmenin\u012f ry\u0161\u012f su byla, didelius turtus ir savit\u0105 teisingumo supratim\u0105. Originalus pavadinimas:\u00a0Win Autorius:\u00a0Harlan Coben Leid\u0117jas:\u00a0Jotema Metai:\u00a02021 Puslapiai:\u00a0400 ISBN:\u00a09789955139928 Versijos kodas:\u00a0PT. Formatas:\u00a015 x 22 x 3,3 cm, kieti vir\u0161eliai Kalba:\u00a0Lietuvi\u0173 Vert\u0117jas:\u00a0Ieva \u0160akelait\u0117<\/p>\n","protected":false},"featured_media":14976,"comment_status":"open","ping_status":"closed","template":"","meta":{"_acf_changed":false,"site-sidebar-layout":"default","site-content-layout":"","ast-site-content-layout":"default","site-content-style":"default","site-sidebar-style":"default","ast-global-header-display":"","ast-banner-title-visibility":"","ast-main-header-display":"","ast-hfb-above-header-display":"","ast-hfb-below-header-display":"","ast-hfb-mobile-header-display":"","site-post-title":"","ast-breadcrumbs-content":"","ast-featured-img":"","footer-sml-layout":"","ast-disable-related-posts":"","theme-transparent-header-meta":"default","adv-header-id-meta":"","stick-header-meta":"","header-above-stick-meta":"","header-main-stick-meta":"","header-below-stick-meta":"","astra-migrate-meta-layouts":"set","ast-page-background-enabled":"default","ast-page-background-meta":{"desktop":{"background-color":"","background-image":"","background-repeat":"repeat","background-position":"center center","background-size":"auto","background-attachment":"scroll","background-type":"","background-media":"","overlay-type":"","overlay-color":"","overlay-opacity":"","overlay-gradient":""},"tablet":{"background-color":"","background-image":"","background-repeat":"repeat","background-position":"center center","background-size":"auto","background-attachment":"scroll","background-type":"","background-media":"","overlay-type":"","overlay-color":"","overlay-opacity":"","overlay-gradient":""},"mobile":{"background-color":"","background-image":"","background-repeat":"repeat","background-position":"center center","background-size":"auto","background-attachment":"scroll","background-type":"","background-media":"","overlay-type":"","overlay-color":"","overlay-opacity":"","overlay-gradient":""}},"ast-content-background-meta":{"desktop":{"background-color":"var(--ast-global-color-4)","background-image":"","background-repeat":"repeat","background-position":"center center","background-size":"auto","background-attachment":"scroll","background-type":"","background-media":"","overlay-type":"","overlay-color":"","overlay-opacity":"","overlay-gradient":""},"tablet":{"background-color":"var(--ast-global-color-4)","background-image":"","background-repeat":"repeat","background-position":"center center","background-size":"auto","background-attachment":"scroll","background-type":"","background-media":"","overlay-type":"","overlay-color":"","overlay-opacity":"","overlay-gradient":""},"mobile":{"background-color":"var(--ast-global-color-4)","background-image":"","background-repeat":"repeat","background-position":"center center","background-size":"auto","background-attachment":"scroll","background-type":"","background-media":"","overlay-type":"","overlay-color":"","overlay-opacity":"","overlay-gradient":""}}},"product_brand":[],"product_cat":[9580],"product_tag":[],"class_list":{"0":"post-14955","1":"product","2":"type-product","3":"status-publish","4":"has-post-thumbnail","6":"product_cat-psichologiniai-detektyvai","7":"desktop-align-left","8":"tablet-align-left","9":"mobile-align-left","11":"first","12":"instock","13":"shipping-taxable","14":"purchasable","15":"product-type-simple"},"acf":[],"yoast_head":"<!-- This site is optimized with the Yoast SEO plugin v27.0 - https:\/\/yoast.com\/product\/yoast-seo-wordpress\/ -->\n<title>Vinas<\/title>\n<meta name=\"description\" content=\"Gyvenimas n\u0117ra vien juoda arba balta. Bestseleri\u0173 autorius\u00a0Harlanas Cobenas\u00a0pristato prikaustant\u012f triler\u012f, kurio pagrindinis herojus \u2014 Vinzoras Hornas\" \/>\n<meta name=\"robots\" content=\"index, follow, max-snippet:-1, max-image-preview:large, max-video-preview:-1\" \/>\n<link rel=\"canonical\" href=\"https:\/\/skaitytaknyga.lt\/en\/produktas\/vinas\/\" \/>\n<meta property=\"og:locale\" content=\"en_GB\" \/>\n<meta property=\"og:locale:alternate\" content=\"lt_LT\" \/>\n<meta property=\"og:type\" content=\"article\" \/>\n<meta property=\"og:title\" content=\"Vinas\" \/>\n<meta property=\"og:description\" content=\"Gyvenimas n\u0117ra vien juoda arba balta. Bestseleri\u0173 autorius\u00a0Harlanas Cobenas\u00a0pristato prikaustant\u012f triler\u012f, kurio pagrindinis herojus \u2014 Vinzoras Hornas\" \/>\n<meta property=\"og:url\" content=\"https:\/\/skaitytaknyga.lt\/en\/produktas\/vinas\/\" \/>\n<meta property=\"og:site_name\" content=\"Skaitytaknyga\" \/>\n<meta property=\"article:publisher\" content=\"https:\/\/www.facebook.com\/skaitytaknyga\/\" \/>\n<meta property=\"article:modified_time\" content=\"2026-03-05T08:49:40+00:00\" \/>\n<meta property=\"og:image\" content=\"https:\/\/skaitytaknyga.lt\/wp-content\/uploads\/2024\/11\/Vinas.webp\" \/>\n\t<meta property=\"og:image:width\" content=\"531\" \/>\n\t<meta property=\"og:image:height\" content=\"800\" \/>\n\t<meta property=\"og:image:type\" content=\"image\/webp\" \/>\n<meta name=\"twitter:card\" content=\"summary_large_image\" \/>\n<meta name=\"twitter:label1\" content=\"Estimated reading time\" \/>\n\t<meta name=\"twitter:data1\" content=\"2 minutes\" \/>\n<script type=\"application\/ld+json\" class=\"yoast-schema-graph\">{\"@context\":\"https:\/\/schema.org\",\"@graph\":[{\"@type\":\"WebPage\",\"@id\":\"https:\/\/skaitytaknyga.lt\/produktas\/vinas\/\",\"url\":\"https:\/\/skaitytaknyga.lt\/produktas\/vinas\/\",\"name\":\"Vinas\",\"isPartOf\":{\"@id\":\"https:\/\/skaitytaknyga.lt\/#website\"},\"primaryImageOfPage\":{\"@id\":\"https:\/\/skaitytaknyga.lt\/produktas\/vinas\/#primaryimage\"},\"image\":{\"@id\":\"https:\/\/skaitytaknyga.lt\/produktas\/vinas\/#primaryimage\"},\"thumbnailUrl\":\"https:\/\/skaitytaknyga.lt\/wp-content\/uploads\/2024\/11\/Vinas.webp\",\"datePublished\":\"2024-11-26T07:13:50+00:00\",\"dateModified\":\"2026-03-05T08:49:40+00:00\",\"description\":\"Gyvenimas n\u0117ra vien juoda arba balta. Bestseleri\u0173 autorius\u00a0Harlanas Cobenas\u00a0pristato prikaustant\u012f triler\u012f, kurio pagrindinis herojus \u2014 Vinzoras Hornas\",\"breadcrumb\":{\"@id\":\"https:\/\/skaitytaknyga.lt\/produktas\/vinas\/#breadcrumb\"},\"inLanguage\":\"en-GB\",\"potentialAction\":[{\"@type\":\"ReadAction\",\"target\":[\"https:\/\/skaitytaknyga.lt\/produktas\/vinas\/\"]}]},{\"@type\":\"ImageObject\",\"inLanguage\":\"en-GB\",\"@id\":\"https:\/\/skaitytaknyga.lt\/produktas\/vinas\/#primaryimage\",\"url\":\"https:\/\/skaitytaknyga.lt\/wp-content\/uploads\/2024\/11\/Vinas.webp\",\"contentUrl\":\"https:\/\/skaitytaknyga.lt\/wp-content\/uploads\/2024\/11\/Vinas.webp\",\"width\":531,\"height\":800,\"caption\":\"Vinas\"},{\"@type\":\"BreadcrumbList\",\"@id\":\"https:\/\/skaitytaknyga.lt\/produktas\/vinas\/#breadcrumb\",\"itemListElement\":[{\"@type\":\"ListItem\",\"position\":1,\"name\":\"Home\",\"item\":\"https:\/\/skaitytaknyga.lt\/\"},{\"@type\":\"ListItem\",\"position\":2,\"name\":\"Parduotuv\u0117\",\"item\":\"https:\/\/skaitytaknyga.lt\/knygu-parduotuve\/\"},{\"@type\":\"ListItem\",\"position\":3,\"name\":\"Vinas\"}]},{\"@type\":\"WebSite\",\"@id\":\"https:\/\/skaitytaknyga.lt\/#website\",\"url\":\"https:\/\/skaitytaknyga.lt\/\",\"name\":\"skaitytaknyga.lt\",\"description\":\"Skaitytaknyga.lt \u2013 tai ma\u017eas \u0161eimos verslas, kuris prasid\u0117jo nuo meil\u0117s knygoms ir siekio i\u0161gelb\u0117ti knygas nuo likimo prie konteinerio. Kas vienam nereikalingas daiktas \u2013 kitam lobis, o mes esame tarpininkai, kurie padeda abiems tapti laimingesniems ???? \u017dinome kaip nelengva i\u0161gyventi ma\u017eiems verslams, tad nuo \u0161iol, \u010dia rasite ir kit\u0173, ma\u017e\u0173 \u0161eim\u0173 versl\u0173, rank\u0173 darbo, dovan\u0173 sau ir artimiesiems.\",\"publisher\":{\"@id\":\"https:\/\/skaitytaknyga.lt\/#organization\"},\"potentialAction\":[{\"@type\":\"SearchAction\",\"target\":{\"@type\":\"EntryPoint\",\"urlTemplate\":\"https:\/\/skaitytaknyga.lt\/?s={search_term_string}\"},\"query-input\":{\"@type\":\"PropertyValueSpecification\",\"valueRequired\":true,\"valueName\":\"search_term_string\"}}],\"inLanguage\":\"en-GB\"},{\"@type\":\"Organization\",\"@id\":\"https:\/\/skaitytaknyga.lt\/#organization\",\"name\":\"skaitytaknyga.lt\",\"url\":\"https:\/\/skaitytaknyga.lt\/\",\"logo\":{\"@type\":\"ImageObject\",\"inLanguage\":\"en-GB\",\"@id\":\"https:\/\/skaitytaknyga.lt\/#\/schema\/logo\/image\/\",\"url\":\"https:\/\/skaitytaknyga.lt\/wp-content\/uploads\/2024\/05\/cropped-cropped-cropped-02_00843_jt3bggkj1j3HLc7SyY6rEUpg.jpeg\",\"contentUrl\":\"https:\/\/skaitytaknyga.lt\/wp-content\/uploads\/2024\/05\/cropped-cropped-cropped-02_00843_jt3bggkj1j3HLc7SyY6rEUpg.jpeg\",\"width\":1600,\"height\":1600,\"caption\":\"skaitytaknyga.lt\"},\"image\":{\"@id\":\"https:\/\/skaitytaknyga.lt\/#\/schema\/logo\/image\/\"},\"sameAs\":[\"https:\/\/www.facebook.com\/skaitytaknyga\/\"]}]}<\/script>\n<!-- \/ Yoast SEO plugin. -->","yoast_head_json":{"title":"Vinas","description":"Gyvenimas n\u0117ra vien juoda arba balta. Bestseleri\u0173 autorius\u00a0Harlanas Cobenas\u00a0pristato prikaustant\u012f triler\u012f, kurio pagrindinis herojus \u2014 Vinzoras Hornas","robots":{"index":"index","follow":"follow","max-snippet":"max-snippet:-1","max-image-preview":"max-image-preview:large","max-video-preview":"max-video-preview:-1"},"canonical":"https:\/\/skaitytaknyga.lt\/en\/produktas\/vinas\/","og_locale":"en_GB","og_type":"article","og_title":"[:lt]Vinas[:] - Skaitytaknyga","og_description":"Gyvenimas n\u0117ra vien juoda arba balta. Bestseleri\u0173 autorius\u00a0Harlanas Cobenas\u00a0pristato prikaustant\u012f triler\u012f, kurio pagrindinis herojus \u2014 Vinzoras Hornas","og_url":"https:\/\/skaitytaknyga.lt\/en\/produktas\/vinas\/","og_site_name":"Skaitytaknyga","article_publisher":"https:\/\/www.facebook.com\/skaitytaknyga\/","article_modified_time":"2026-03-05T08:49:40+00:00","og_image":[{"width":531,"height":800,"url":"https:\/\/skaitytaknyga.lt\/wp-content\/uploads\/2024\/11\/Vinas.webp","type":"image\/webp"}],"twitter_card":"summary_large_image","twitter_misc":{"Estimated reading time":"2 minutes"},"schema":{"@context":"https:\/\/schema.org","@graph":[{"@type":"WebPage","@id":"https:\/\/skaitytaknyga.lt\/produktas\/vinas\/","url":"https:\/\/skaitytaknyga.lt\/produktas\/vinas\/","name":"Vinas","isPartOf":{"@id":"https:\/\/skaitytaknyga.lt\/#website"},"primaryImageOfPage":{"@id":"https:\/\/skaitytaknyga.lt\/produktas\/vinas\/#primaryimage"},"image":{"@id":"https:\/\/skaitytaknyga.lt\/produktas\/vinas\/#primaryimage"},"thumbnailUrl":"https:\/\/skaitytaknyga.lt\/wp-content\/uploads\/2024\/11\/Vinas.webp","datePublished":"2024-11-26T07:13:50+00:00","dateModified":"2026-03-05T08:49:40+00:00","description":"Gyvenimas n\u0117ra vien juoda arba balta. Bestseleri\u0173 autorius\u00a0Harlanas Cobenas\u00a0pristato prikaustant\u012f triler\u012f, kurio pagrindinis herojus \u2014 Vinzoras Hornas","breadcrumb":{"@id":"https:\/\/skaitytaknyga.lt\/produktas\/vinas\/#breadcrumb"},"inLanguage":"en-GB","potentialAction":[{"@type":"ReadAction","target":["https:\/\/skaitytaknyga.lt\/produktas\/vinas\/"]}]},{"@type":"ImageObject","inLanguage":"en-GB","@id":"https:\/\/skaitytaknyga.lt\/produktas\/vinas\/#primaryimage","url":"https:\/\/skaitytaknyga.lt\/wp-content\/uploads\/2024\/11\/Vinas.webp","contentUrl":"https:\/\/skaitytaknyga.lt\/wp-content\/uploads\/2024\/11\/Vinas.webp","width":531,"height":800,"caption":"Vinas"},{"@type":"BreadcrumbList","@id":"https:\/\/skaitytaknyga.lt\/produktas\/vinas\/#breadcrumb","itemListElement":[{"@type":"ListItem","position":1,"name":"Home","item":"https:\/\/skaitytaknyga.lt\/"},{"@type":"ListItem","position":2,"name":"Parduotuv\u0117","item":"https:\/\/skaitytaknyga.lt\/knygu-parduotuve\/"},{"@type":"ListItem","position":3,"name":"Vinas"}]},{"@type":"WebSite","@id":"https:\/\/skaitytaknyga.lt\/#website","url":"https:\/\/skaitytaknyga.lt\/","name":"skaitytaknyga.lt","description":"Skaitytaknyga.lt \u2013 tai ma\u017eas \u0161eimos verslas, kuris prasid\u0117jo nuo meil\u0117s knygoms ir siekio i\u0161gelb\u0117ti knygas nuo likimo prie konteinerio. Kas vienam nereikalingas daiktas \u2013 kitam lobis, o mes esame tarpininkai, kurie padeda abiems tapti laimingesniems ???? \u017dinome kaip nelengva i\u0161gyventi ma\u017eiems verslams, tad nuo \u0161iol, \u010dia rasite ir kit\u0173, ma\u017e\u0173 \u0161eim\u0173 versl\u0173, rank\u0173 darbo, dovan\u0173 sau ir artimiesiems.","publisher":{"@id":"https:\/\/skaitytaknyga.lt\/#organization"},"potentialAction":[{"@type":"SearchAction","target":{"@type":"EntryPoint","urlTemplate":"https:\/\/skaitytaknyga.lt\/?s={search_term_string}"},"query-input":{"@type":"PropertyValueSpecification","valueRequired":true,"valueName":"search_term_string"}}],"inLanguage":"en-GB"},{"@type":"Organization","@id":"https:\/\/skaitytaknyga.lt\/#organization","name":"skaitytaknyga.lt","url":"https:\/\/skaitytaknyga.lt\/","logo":{"@type":"ImageObject","inLanguage":"en-GB","@id":"https:\/\/skaitytaknyga.lt\/#\/schema\/logo\/image\/","url":"https:\/\/skaitytaknyga.lt\/wp-content\/uploads\/2024\/05\/cropped-cropped-cropped-02_00843_jt3bggkj1j3HLc7SyY6rEUpg.jpeg","contentUrl":"https:\/\/skaitytaknyga.lt\/wp-content\/uploads\/2024\/05\/cropped-cropped-cropped-02_00843_jt3bggkj1j3HLc7SyY6rEUpg.jpeg","width":1600,"height":1600,"caption":"skaitytaknyga.lt"},"image":{"@id":"https:\/\/skaitytaknyga.lt\/#\/schema\/logo\/image\/"},"sameAs":["https:\/\/www.facebook.com\/skaitytaknyga\/"]}]}},"_links":{"self":[{"href":"https:\/\/skaitytaknyga.lt\/en\/wp-json\/wp\/v2\/product\/14955","targetHints":{"allow":["GET"]}}],"collection":[{"href":"https:\/\/skaitytaknyga.lt\/en\/wp-json\/wp\/v2\/product"}],"about":[{"href":"https:\/\/skaitytaknyga.lt\/en\/wp-json\/wp\/v2\/types\/product"}],"replies":[{"embeddable":true,"href":"https:\/\/skaitytaknyga.lt\/en\/wp-json\/wp\/v2\/comments?post=14955"}],"wp:featuredmedia":[{"embeddable":true,"href":"https:\/\/skaitytaknyga.lt\/en\/wp-json\/wp\/v2\/media\/14976"}],"wp:attachment":[{"href":"https:\/\/skaitytaknyga.lt\/en\/wp-json\/wp\/v2\/media?parent=14955"}],"wp:term":[{"taxonomy":"product_brand","embeddable":true,"href":"https:\/\/skaitytaknyga.lt\/en\/wp-json\/wp\/v2\/product_brand?post=14955"},{"taxonomy":"product_cat","embeddable":true,"href":"https:\/\/skaitytaknyga.lt\/en\/wp-json\/wp\/v2\/product_cat?post=14955"},{"taxonomy":"product_tag","embeddable":true,"href":"https:\/\/skaitytaknyga.lt\/en\/wp-json\/wp\/v2\/product_tag?post=14955"}],"curies":[{"name":"wp","href":"https:\/\/api.w.org\/{rel}","templated":true}]}}