{"id":14954,"date":"2024-11-26T09:13:50","date_gmt":"2024-11-26T07:13:50","guid":{"rendered":"https:\/\/skaitytaknyga.lt\/?post_type=product&#038;p=14954"},"modified":"2026-04-02T11:58:31","modified_gmt":"2026-04-02T08:58:31","slug":"geliu-dvaras","status":"publish","type":"product","link":"https:\/\/skaitytaknyga.lt\/en\/produktas\/geliu-dvaras\/","title":{"rendered":"G\u0117li\u0173 dvaras"},"content":{"rendered":"<p>G\u0117li\u0173 \u0161eimoje \u2013 baisi sumai\u0161tis. T\u0117tis ruo\u0161iasi premjerai, mama susi\u017eavi Afrika ir visai nustoja dom\u0117tis \u0161eima. Abu t\u0117vai nori b\u016bti nepriklausomi, tampa abejingi vaikams ir galiausiai susipyk\u0119 i\u0161va\u017eiuoja kas sau. Ta\u010diau dvynuk\u0117s su broliuku nelieka be prie\u017ei\u016bros. \u012e G\u0117li\u0173 dvar\u0105 atva\u017eiuoja dvi nepakartojamos mo\u010diut\u0117s, kurios, beje, yra did\u017eiausios prie\u0161\u0117s. Namuose u\u017everda tikras karas, laim\u0117, jis vis tiek i\u0161eina \u012f gera.<\/p>\n<p>Romano vaikams \u201eG\u0117li\u0173 dvaras\u201c autor\u0117 Kristina Gudonyt\u0117 \u017einoma kaip aktor\u0117, re\u017eisier\u0117, scenarist\u0117 ir ra\u0161ytoja. Jos knyga \u201eBlogos mergait\u0117s dienora\u0161tis\u201c tapo Geriausia paaugli\u0173 knyga 2009 metais.<\/p>\n<ul class=\"about-product d-none d-xl-block mt-4\">\n<li><strong>Autorius:<\/strong>\u00a0Kristina Gudonyt\u0117<\/li>\n<li><strong>Leid\u0117jas:<\/strong>\u00a0Laisvos valandos<\/li>\n<li><strong>Metai:<\/strong>\u00a02011<\/li>\n<li><strong>Puslapiai:<\/strong>\u00a0176<\/li>\n<li class=\"toggleable type-new-formats \"><strong>ISBN:<\/strong>\u00a09786094100505<\/li>\n<li><strong>Versijos kodas:<\/strong>\u00a0PT.<\/li>\n<li class=\"toggleable type-new-formats \"><strong>Formatas:<\/strong>\u00a017 x 20,5 cm, kieti vir\u0161eliai<\/li>\n<li><strong>Kalba:<\/strong>\u00a0Lietuvi\u0173<\/li>\n<\/ul>\n","protected":false},"excerpt":{"rendered":"<p>G\u0117li\u0173 \u0161eimoje \u2013 baisi sumai\u0161tis. T\u0117tis ruo\u0161iasi premjerai, mama susi\u017eavi Afrika ir visai nustoja dom\u0117tis \u0161eima. Abu t\u0117vai nori b\u016bti nepriklausomi, tampa abejingi vaikams ir galiausiai susipyk\u0119 i\u0161va\u017eiuoja kas sau. Ta\u010diau dvynuk\u0117s su broliuku nelieka be prie\u017ei\u016bros. \u012e G\u0117li\u0173 dvar\u0105 atva\u017eiuoja dvi nepakartojamos mo\u010diut\u0117s, kurios, beje, yra did\u017eiausios prie\u0161\u0117s. Namuose u\u017everda tikras karas, laim\u0117, jis vis tiek i\u0161eina \u012f gera. Romano vaikams \u201eG\u0117li\u0173 dvaras\u201c autor\u0117 Kristina Gudonyt\u0117 \u017einoma kaip aktor\u0117, re\u017eisier\u0117, scenarist\u0117 ir ra\u0161ytoja. Jos knyga \u201eBlogos mergait\u0117s dienora\u0161tis\u201c tapo Geriausia paaugli\u0173 knyga 2009 metais. Autorius:\u00a0Kristina Gudonyt\u0117 Leid\u0117jas:\u00a0Laisvos valandos Metai:\u00a02011 Puslapiai:\u00a0176 ISBN:\u00a09786094100505 Versijos kodas:\u00a0PT. Formatas:\u00a017 x 20,5 cm, kieti vir\u0161eliai Kalba:\u00a0Lietuvi\u0173<\/p>\n","protected":false},"featured_media":14985,"comment_status":"open","ping_status":"closed","template":"","meta":{"_acf_changed":false,"site-sidebar-layout":"default","site-content-layout":"","ast-site-content-layout":"default","site-content-style":"default","site-sidebar-style":"default","ast-global-header-display":"","ast-banner-title-visibility":"","ast-main-header-display":"","ast-hfb-above-header-display":"","ast-hfb-below-header-display":"","ast-hfb-mobile-header-display":"","site-post-title":"","ast-breadcrumbs-content":"","ast-featured-img":"","footer-sml-layout":"","ast-disable-related-posts":"","theme-transparent-header-meta":"default","adv-header-id-meta":"","stick-header-meta":"","header-above-stick-meta":"","header-main-stick-meta":"","header-below-stick-meta":"","astra-migrate-meta-layouts":"set","ast-page-background-enabled":"default","ast-page-background-meta":{"desktop":{"background-color":"","background-image":"","background-repeat":"repeat","background-position":"center center","background-size":"auto","background-attachment":"scroll","background-type":"","background-media":"","overlay-type":"","overlay-color":"","overlay-opacity":"","overlay-gradient":""},"tablet":{"background-color":"","background-image":"","background-repeat":"repeat","background-position":"center center","background-size":"auto","background-attachment":"scroll","background-type":"","background-media":"","overlay-type":"","overlay-color":"","overlay-opacity":"","overlay-gradient":""},"mobile":{"background-color":"","background-image":"","background-repeat":"repeat","background-position":"center center","background-size":"auto","background-attachment":"scroll","background-type":"","background-media":"","overlay-type":"","overlay-color":"","overlay-opacity":"","overlay-gradient":""}},"ast-content-background-meta":{"desktop":{"background-color":"var(--ast-global-color-4)","background-image":"","background-repeat":"repeat","background-position":"center center","background-size":"auto","background-attachment":"scroll","background-type":"","background-media":"","overlay-type":"","overlay-color":"","overlay-opacity":"","overlay-gradient":""},"tablet":{"background-color":"var(--ast-global-color-4)","background-image":"","background-repeat":"repeat","background-position":"center center","background-size":"auto","background-attachment":"scroll","background-type":"","background-media":"","overlay-type":"","overlay-color":"","overlay-opacity":"","overlay-gradient":""},"mobile":{"background-color":"var(--ast-global-color-4)","background-image":"","background-repeat":"repeat","background-position":"center center","background-size":"auto","background-attachment":"scroll","background-type":"","background-media":"","overlay-type":"","overlay-color":"","overlay-opacity":"","overlay-gradient":""}}},"product_brand":[],"product_cat":[9676],"product_tag":[],"class_list":{"0":"post-14954","1":"product","2":"type-product","3":"status-publish","4":"has-post-thumbnail","6":"product_cat-paaugliams","7":"desktop-align-left","8":"tablet-align-left","9":"mobile-align-left","11":"first","12":"instock","13":"shipping-taxable","14":"purchasable","15":"product-type-simple"},"acf":[],"yoast_head":"<!-- This site is optimized with the Yoast SEO plugin v27.0 - https:\/\/yoast.com\/product\/yoast-seo-wordpress\/ -->\n<title>G\u0117li\u0173 dvaras<\/title>\n<meta name=\"description\" content=\"G\u0117li\u0173 \u0161eimoje \u2013 baisi sumai\u0161tis. T\u0117tis ruo\u0161iasi premjerai, mama susi\u017eavi Afrika ir visai nustoja dom\u0117tis \u0161eima. Abu t\u0117vai nori b\u016bti nepriklausomi, tampa\" \/>\n<meta name=\"robots\" content=\"index, follow, max-snippet:-1, max-image-preview:large, max-video-preview:-1\" \/>\n<link rel=\"canonical\" href=\"https:\/\/skaitytaknyga.lt\/en\/produktas\/geliu-dvaras\/\" \/>\n<meta property=\"og:locale\" content=\"en_GB\" \/>\n<meta property=\"og:locale:alternate\" content=\"lt_LT\" \/>\n<meta property=\"og:type\" content=\"article\" \/>\n<meta property=\"og:title\" content=\"G\u0117li\u0173 dvaras\" \/>\n<meta property=\"og:description\" content=\"G\u0117li\u0173 \u0161eimoje \u2013 baisi sumai\u0161tis. T\u0117tis ruo\u0161iasi premjerai, mama susi\u017eavi Afrika ir visai nustoja dom\u0117tis \u0161eima. Abu t\u0117vai nori b\u016bti nepriklausomi, tampa\" \/>\n<meta property=\"og:url\" content=\"https:\/\/skaitytaknyga.lt\/en\/produktas\/geliu-dvaras\/\" \/>\n<meta property=\"og:site_name\" content=\"Skaitytaknyga\" \/>\n<meta property=\"article:publisher\" content=\"https:\/\/www.facebook.com\/skaitytaknyga\/\" \/>\n<meta property=\"article:modified_time\" content=\"2026-04-02T08:58:31+00:00\" \/>\n<meta property=\"og:image\" content=\"https:\/\/skaitytaknyga.lt\/wp-content\/uploads\/2024\/11\/Geliu-dvaras-1.webp\" \/>\n\t<meta property=\"og:image:width\" content=\"658\" \/>\n\t<meta property=\"og:image:height\" content=\"800\" \/>\n\t<meta property=\"og:image:type\" content=\"image\/webp\" \/>\n<meta name=\"twitter:card\" content=\"summary_large_image\" \/>\n<meta name=\"twitter:label1\" content=\"Estimated reading time\" \/>\n\t<meta name=\"twitter:data1\" content=\"1 minute\" \/>\n<script type=\"application\/ld+json\" class=\"yoast-schema-graph\">{\"@context\":\"https:\/\/schema.org\",\"@graph\":[{\"@type\":\"WebPage\",\"@id\":\"https:\/\/skaitytaknyga.lt\/produktas\/geliu-dvaras\/\",\"url\":\"https:\/\/skaitytaknyga.lt\/produktas\/geliu-dvaras\/\",\"name\":\"G\u0117li\u0173 dvaras\",\"isPartOf\":{\"@id\":\"https:\/\/skaitytaknyga.lt\/#website\"},\"primaryImageOfPage\":{\"@id\":\"https:\/\/skaitytaknyga.lt\/produktas\/geliu-dvaras\/#primaryimage\"},\"image\":{\"@id\":\"https:\/\/skaitytaknyga.lt\/produktas\/geliu-dvaras\/#primaryimage\"},\"thumbnailUrl\":\"https:\/\/skaitytaknyga.lt\/wp-content\/uploads\/2024\/11\/Geliu-dvaras-1.webp\",\"datePublished\":\"2024-11-26T07:13:50+00:00\",\"dateModified\":\"2026-04-02T08:58:31+00:00\",\"description\":\"G\u0117li\u0173 \u0161eimoje \u2013 baisi sumai\u0161tis. T\u0117tis ruo\u0161iasi premjerai, mama susi\u017eavi Afrika ir visai nustoja dom\u0117tis \u0161eima. Abu t\u0117vai nori b\u016bti nepriklausomi, tampa\",\"breadcrumb\":{\"@id\":\"https:\/\/skaitytaknyga.lt\/produktas\/geliu-dvaras\/#breadcrumb\"},\"inLanguage\":\"en-GB\",\"potentialAction\":[{\"@type\":\"ReadAction\",\"target\":[\"https:\/\/skaitytaknyga.lt\/produktas\/geliu-dvaras\/\"]}]},{\"@type\":\"ImageObject\",\"inLanguage\":\"en-GB\",\"@id\":\"https:\/\/skaitytaknyga.lt\/produktas\/geliu-dvaras\/#primaryimage\",\"url\":\"https:\/\/skaitytaknyga.lt\/wp-content\/uploads\/2024\/11\/Geliu-dvaras-1.webp\",\"contentUrl\":\"https:\/\/skaitytaknyga.lt\/wp-content\/uploads\/2024\/11\/Geliu-dvaras-1.webp\",\"width\":658,\"height\":800,\"caption\":\"G\u0117li\u0173 dvaras\"},{\"@type\":\"BreadcrumbList\",\"@id\":\"https:\/\/skaitytaknyga.lt\/produktas\/geliu-dvaras\/#breadcrumb\",\"itemListElement\":[{\"@type\":\"ListItem\",\"position\":1,\"name\":\"Home\",\"item\":\"https:\/\/skaitytaknyga.lt\/\"},{\"@type\":\"ListItem\",\"position\":2,\"name\":\"Parduotuv\u0117\",\"item\":\"https:\/\/skaitytaknyga.lt\/knygu-parduotuve\/\"},{\"@type\":\"ListItem\",\"position\":3,\"name\":\"G\u0117li\u0173 dvaras\"}]},{\"@type\":\"WebSite\",\"@id\":\"https:\/\/skaitytaknyga.lt\/#website\",\"url\":\"https:\/\/skaitytaknyga.lt\/\",\"name\":\"skaitytaknyga.lt\",\"description\":\"Skaitytaknyga.lt \u2013 tai ma\u017eas \u0161eimos verslas, kuris prasid\u0117jo nuo meil\u0117s knygoms ir siekio i\u0161gelb\u0117ti knygas nuo likimo prie konteinerio. Kas vienam nereikalingas daiktas \u2013 kitam lobis, o mes esame tarpininkai, kurie padeda abiems tapti laimingesniems ???? \u017dinome kaip nelengva i\u0161gyventi ma\u017eiems verslams, tad nuo \u0161iol, \u010dia rasite ir kit\u0173, ma\u017e\u0173 \u0161eim\u0173 versl\u0173, rank\u0173 darbo, dovan\u0173 sau ir artimiesiems.\",\"publisher\":{\"@id\":\"https:\/\/skaitytaknyga.lt\/#organization\"},\"potentialAction\":[{\"@type\":\"SearchAction\",\"target\":{\"@type\":\"EntryPoint\",\"urlTemplate\":\"https:\/\/skaitytaknyga.lt\/?s={search_term_string}\"},\"query-input\":{\"@type\":\"PropertyValueSpecification\",\"valueRequired\":true,\"valueName\":\"search_term_string\"}}],\"inLanguage\":\"en-GB\"},{\"@type\":\"Organization\",\"@id\":\"https:\/\/skaitytaknyga.lt\/#organization\",\"name\":\"skaitytaknyga.lt\",\"url\":\"https:\/\/skaitytaknyga.lt\/\",\"logo\":{\"@type\":\"ImageObject\",\"inLanguage\":\"en-GB\",\"@id\":\"https:\/\/skaitytaknyga.lt\/#\/schema\/logo\/image\/\",\"url\":\"https:\/\/skaitytaknyga.lt\/wp-content\/uploads\/2024\/05\/cropped-cropped-cropped-02_00843_jt3bggkj1j3HLc7SyY6rEUpg.jpeg\",\"contentUrl\":\"https:\/\/skaitytaknyga.lt\/wp-content\/uploads\/2024\/05\/cropped-cropped-cropped-02_00843_jt3bggkj1j3HLc7SyY6rEUpg.jpeg\",\"width\":1600,\"height\":1600,\"caption\":\"skaitytaknyga.lt\"},\"image\":{\"@id\":\"https:\/\/skaitytaknyga.lt\/#\/schema\/logo\/image\/\"},\"sameAs\":[\"https:\/\/www.facebook.com\/skaitytaknyga\/\"]}]}<\/script>\n<!-- \/ Yoast SEO plugin. -->","yoast_head_json":{"title":"G\u0117li\u0173 dvaras","description":"G\u0117li\u0173 \u0161eimoje \u2013 baisi sumai\u0161tis. T\u0117tis ruo\u0161iasi premjerai, mama susi\u017eavi Afrika ir visai nustoja dom\u0117tis \u0161eima. Abu t\u0117vai nori b\u016bti nepriklausomi, tampa","robots":{"index":"index","follow":"follow","max-snippet":"max-snippet:-1","max-image-preview":"max-image-preview:large","max-video-preview":"max-video-preview:-1"},"canonical":"https:\/\/skaitytaknyga.lt\/en\/produktas\/geliu-dvaras\/","og_locale":"en_GB","og_type":"article","og_title":"[:lt]G\u0117li\u0173 dvaras[:] - Skaitytaknyga","og_description":"G\u0117li\u0173 \u0161eimoje \u2013 baisi sumai\u0161tis. T\u0117tis ruo\u0161iasi premjerai, mama susi\u017eavi Afrika ir visai nustoja dom\u0117tis \u0161eima. Abu t\u0117vai nori b\u016bti nepriklausomi, tampa","og_url":"https:\/\/skaitytaknyga.lt\/en\/produktas\/geliu-dvaras\/","og_site_name":"Skaitytaknyga","article_publisher":"https:\/\/www.facebook.com\/skaitytaknyga\/","article_modified_time":"2026-04-02T08:58:31+00:00","og_image":[{"width":658,"height":800,"url":"https:\/\/skaitytaknyga.lt\/wp-content\/uploads\/2024\/11\/Geliu-dvaras-1.webp","type":"image\/webp"}],"twitter_card":"summary_large_image","twitter_misc":{"Estimated reading time":"1 minute"},"schema":{"@context":"https:\/\/schema.org","@graph":[{"@type":"WebPage","@id":"https:\/\/skaitytaknyga.lt\/produktas\/geliu-dvaras\/","url":"https:\/\/skaitytaknyga.lt\/produktas\/geliu-dvaras\/","name":"G\u0117li\u0173 dvaras","isPartOf":{"@id":"https:\/\/skaitytaknyga.lt\/#website"},"primaryImageOfPage":{"@id":"https:\/\/skaitytaknyga.lt\/produktas\/geliu-dvaras\/#primaryimage"},"image":{"@id":"https:\/\/skaitytaknyga.lt\/produktas\/geliu-dvaras\/#primaryimage"},"thumbnailUrl":"https:\/\/skaitytaknyga.lt\/wp-content\/uploads\/2024\/11\/Geliu-dvaras-1.webp","datePublished":"2024-11-26T07:13:50+00:00","dateModified":"2026-04-02T08:58:31+00:00","description":"G\u0117li\u0173 \u0161eimoje \u2013 baisi sumai\u0161tis. T\u0117tis ruo\u0161iasi premjerai, mama susi\u017eavi Afrika ir visai nustoja dom\u0117tis \u0161eima. Abu t\u0117vai nori b\u016bti nepriklausomi, tampa","breadcrumb":{"@id":"https:\/\/skaitytaknyga.lt\/produktas\/geliu-dvaras\/#breadcrumb"},"inLanguage":"en-GB","potentialAction":[{"@type":"ReadAction","target":["https:\/\/skaitytaknyga.lt\/produktas\/geliu-dvaras\/"]}]},{"@type":"ImageObject","inLanguage":"en-GB","@id":"https:\/\/skaitytaknyga.lt\/produktas\/geliu-dvaras\/#primaryimage","url":"https:\/\/skaitytaknyga.lt\/wp-content\/uploads\/2024\/11\/Geliu-dvaras-1.webp","contentUrl":"https:\/\/skaitytaknyga.lt\/wp-content\/uploads\/2024\/11\/Geliu-dvaras-1.webp","width":658,"height":800,"caption":"G\u0117li\u0173 dvaras"},{"@type":"BreadcrumbList","@id":"https:\/\/skaitytaknyga.lt\/produktas\/geliu-dvaras\/#breadcrumb","itemListElement":[{"@type":"ListItem","position":1,"name":"Home","item":"https:\/\/skaitytaknyga.lt\/"},{"@type":"ListItem","position":2,"name":"Parduotuv\u0117","item":"https:\/\/skaitytaknyga.lt\/knygu-parduotuve\/"},{"@type":"ListItem","position":3,"name":"G\u0117li\u0173 dvaras"}]},{"@type":"WebSite","@id":"https:\/\/skaitytaknyga.lt\/#website","url":"https:\/\/skaitytaknyga.lt\/","name":"skaitytaknyga.lt","description":"Skaitytaknyga.lt \u2013 tai ma\u017eas \u0161eimos verslas, kuris prasid\u0117jo nuo meil\u0117s knygoms ir siekio i\u0161gelb\u0117ti knygas nuo likimo prie konteinerio. Kas vienam nereikalingas daiktas \u2013 kitam lobis, o mes esame tarpininkai, kurie padeda abiems tapti laimingesniems ???? \u017dinome kaip nelengva i\u0161gyventi ma\u017eiems verslams, tad nuo \u0161iol, \u010dia rasite ir kit\u0173, ma\u017e\u0173 \u0161eim\u0173 versl\u0173, rank\u0173 darbo, dovan\u0173 sau ir artimiesiems.","publisher":{"@id":"https:\/\/skaitytaknyga.lt\/#organization"},"potentialAction":[{"@type":"SearchAction","target":{"@type":"EntryPoint","urlTemplate":"https:\/\/skaitytaknyga.lt\/?s={search_term_string}"},"query-input":{"@type":"PropertyValueSpecification","valueRequired":true,"valueName":"search_term_string"}}],"inLanguage":"en-GB"},{"@type":"Organization","@id":"https:\/\/skaitytaknyga.lt\/#organization","name":"skaitytaknyga.lt","url":"https:\/\/skaitytaknyga.lt\/","logo":{"@type":"ImageObject","inLanguage":"en-GB","@id":"https:\/\/skaitytaknyga.lt\/#\/schema\/logo\/image\/","url":"https:\/\/skaitytaknyga.lt\/wp-content\/uploads\/2024\/05\/cropped-cropped-cropped-02_00843_jt3bggkj1j3HLc7SyY6rEUpg.jpeg","contentUrl":"https:\/\/skaitytaknyga.lt\/wp-content\/uploads\/2024\/05\/cropped-cropped-cropped-02_00843_jt3bggkj1j3HLc7SyY6rEUpg.jpeg","width":1600,"height":1600,"caption":"skaitytaknyga.lt"},"image":{"@id":"https:\/\/skaitytaknyga.lt\/#\/schema\/logo\/image\/"},"sameAs":["https:\/\/www.facebook.com\/skaitytaknyga\/"]}]}},"_links":{"self":[{"href":"https:\/\/skaitytaknyga.lt\/en\/wp-json\/wp\/v2\/product\/14954","targetHints":{"allow":["GET"]}}],"collection":[{"href":"https:\/\/skaitytaknyga.lt\/en\/wp-json\/wp\/v2\/product"}],"about":[{"href":"https:\/\/skaitytaknyga.lt\/en\/wp-json\/wp\/v2\/types\/product"}],"replies":[{"embeddable":true,"href":"https:\/\/skaitytaknyga.lt\/en\/wp-json\/wp\/v2\/comments?post=14954"}],"wp:featuredmedia":[{"embeddable":true,"href":"https:\/\/skaitytaknyga.lt\/en\/wp-json\/wp\/v2\/media\/14985"}],"wp:attachment":[{"href":"https:\/\/skaitytaknyga.lt\/en\/wp-json\/wp\/v2\/media?parent=14954"}],"wp:term":[{"taxonomy":"product_brand","embeddable":true,"href":"https:\/\/skaitytaknyga.lt\/en\/wp-json\/wp\/v2\/product_brand?post=14954"},{"taxonomy":"product_cat","embeddable":true,"href":"https:\/\/skaitytaknyga.lt\/en\/wp-json\/wp\/v2\/product_cat?post=14954"},{"taxonomy":"product_tag","embeddable":true,"href":"https:\/\/skaitytaknyga.lt\/en\/wp-json\/wp\/v2\/product_tag?post=14954"}],"curies":[{"name":"wp","href":"https:\/\/api.w.org\/{rel}","templated":true}]}}