{"id":14950,"date":"2024-11-26T09:13:49","date_gmt":"2024-11-26T07:13:49","guid":{"rendered":"https:\/\/skaitytaknyga.lt\/?post_type=product&#038;p=14950"},"modified":"2024-11-26T15:05:30","modified_gmt":"2024-11-26T13:05:30","slug":"buties-psichologija","status":"publish","type":"product","link":"https:\/\/skaitytaknyga.lt\/en\/produktas\/buties-psichologija\/","title":{"rendered":"B\u016bties psichologija"},"content":{"rendered":"<p>Nuostabios galimyb\u0117s, paslaptingos gelm\u0117s ir platesn\u0117 \u017emogaus prigimties samprata \u2013 tai viena pagrindini\u0173 veikalo \u201eB\u016bties psichologija\u201c tem\u0173. Autorius A. H. Maslow neapsimetin\u0117ja tur\u012fs lengv\u0173 atsakym\u0173, i\u0161sami\u0173 apibendrinim\u0173 ar \u012ftikinam\u0173 sprendim\u0173, kurie leist\u0173 skaitytojui pajusti visi\u0161ko ai\u0161kumo malonum\u0105. Ta\u010diau k\u0105 jis tikrai turi, tai gil\u0173 tik\u0117jim\u0105 \u017emogumi ir \u017emonijos ateitimi, paremta pa\u010diomis esmin\u0117mis \u017emogaus vertyb\u0117mis.<\/p>\n<p>Jei norime pad\u0117ti \u017emon\u0117ms tapti tobulesniais, turime su\u00advokti, kad jie ne tik stengiasi realizuoti save, bet ir ne\u00adnori, bijo ar negali to padaryti. Tik visi\u0161kai \u012fvertin\u0119 \u0161i\u0105 ligos ir sveikatos dialektik\u0105 galime pad\u0117ti pakreipti svarstykli\u0173 l\u0117k\u0161t\u0119 sveikatos naudai.<\/p>\n<p>Apie autori\u0173<\/p>\n<p>Abraham Harold Maslow (Abrahamas Haroldas Maslou, 1908\u20131970) \u2013 psichologijos profesorius, vienas i\u0161 humanistin\u0117s psichologijos pradinink\u0173. Labiausiai \u017einomas kaip poreiki\u0173 hierarchijos teorijos autorius. Energingas mokslininkas, profesorius buvo daugiau nei dvide\u0161imties knyg\u0173 autorius. \u201eB\u016bties psichologija\u201c pirm\u0105 kart\u0105 buvo i\u0161leista 1962 m., Niujorke, kaip \u012fvairi\u0173 1955\u20131960 m. A. H. Maslow para\u0161yt\u0173 straipsni\u0173 ir paskait\u0173 rinkinys.<\/p>\n<ul class=\"about-product d-none d-xl-block mt-4\">\n<li><strong>Autorius:<\/strong>\u00a0Abraham H. Maslow<\/li>\n<li><strong>Leid\u0117jas:<\/strong>\u00a0Vaga<\/li>\n<li><strong>Metai:<\/strong>\u00a02011<\/li>\n<li><strong>Puslapiai:<\/strong>\u00a0344<\/li>\n<li class=\"toggleable type-new-formats \"><strong>ISBN:<\/strong>\u00a09785415022038<\/li>\n<li><strong>Versijos kodas:<\/strong>\u00a0PT.<\/li>\n<li class=\"toggleable type-new-formats \"><strong>Formatas:<\/strong>\u00a014,5 x 21,5 cm, kieti vir\u0161eliai<\/li>\n<li><strong>Kalba:<\/strong>\u00a0Lietuvi\u0173<\/li>\n<li><strong>Vert\u0117jas:<\/strong>\u00a0Visvaldas Legkauskas<\/li>\n<\/ul>\n","protected":false},"excerpt":{"rendered":"<p>Nuostabios galimyb\u0117s, paslaptingos gelm\u0117s ir platesn\u0117 \u017emogaus prigimties samprata \u2013 tai viena pagrindini\u0173 veikalo \u201eB\u016bties psichologija\u201c tem\u0173. Autorius A. H. Maslow neapsimetin\u0117ja tur\u012fs lengv\u0173 atsakym\u0173, i\u0161sami\u0173 apibendrinim\u0173 ar \u012ftikinam\u0173 sprendim\u0173, kurie leist\u0173 skaitytojui pajusti visi\u0161ko ai\u0161kumo malonum\u0105. Ta\u010diau k\u0105 jis tikrai turi, tai gil\u0173 tik\u0117jim\u0105 \u017emogumi ir \u017emonijos ateitimi, paremta pa\u010diomis esmin\u0117mis \u017emogaus vertyb\u0117mis. Jei norime pad\u0117ti \u017emon\u0117ms tapti tobulesniais, turime su\u00advokti, kad jie ne tik stengiasi realizuoti save, bet ir ne\u00adnori, bijo ar negali to padaryti. Tik visi\u0161kai \u012fvertin\u0119 \u0161i\u0105 ligos ir sveikatos dialektik\u0105 galime pad\u0117ti pakreipti svarstykli\u0173 l\u0117k\u0161t\u0119 sveikatos naudai. Apie autori\u0173 Abraham Harold Maslow (Abrahamas Haroldas Maslou, 1908\u20131970) \u2013 psichologijos profesorius, vienas i\u0161 humanistin\u0117s psichologijos pradinink\u0173. Labiausiai \u017einomas kaip poreiki\u0173 hierarchijos teorijos autorius. Energingas mokslininkas, profesorius buvo daugiau nei dvide\u0161imties knyg\u0173 autorius. \u201eB\u016bties psichologija\u201c pirm\u0105 kart\u0105 buvo i\u0161leista 1962 m., Niujorke, kaip \u012fvairi\u0173 1955\u20131960 m. A. H. Maslow para\u0161yt\u0173 straipsni\u0173 ir paskait\u0173 rinkinys. Autorius:\u00a0Abraham H. Maslow Leid\u0117jas:\u00a0Vaga Metai:\u00a02011 Puslapiai:\u00a0344 ISBN:\u00a09785415022038 Versijos kodas:\u00a0PT. Formatas:\u00a014,5 x 21,5 cm, kieti vir\u0161eliai Kalba:\u00a0Lietuvi\u0173 Vert\u0117jas:\u00a0Visvaldas Legkauskas<\/p>\n","protected":false},"featured_media":14979,"comment_status":"open","ping_status":"closed","template":"","meta":{"_acf_changed":false,"site-sidebar-layout":"default","site-content-layout":"","ast-site-content-layout":"default","site-content-style":"default","site-sidebar-style":"default","ast-global-header-display":"","ast-banner-title-visibility":"","ast-main-header-display":"","ast-hfb-above-header-display":"","ast-hfb-below-header-display":"","ast-hfb-mobile-header-display":"","site-post-title":"","ast-breadcrumbs-content":"","ast-featured-img":"","footer-sml-layout":"","ast-disable-related-posts":"","theme-transparent-header-meta":"default","adv-header-id-meta":"","stick-header-meta":"","header-above-stick-meta":"","header-main-stick-meta":"","header-below-stick-meta":"","astra-migrate-meta-layouts":"set","ast-page-background-enabled":"default","ast-page-background-meta":{"desktop":{"background-color":"","background-image":"","background-repeat":"repeat","background-position":"center center","background-size":"auto","background-attachment":"scroll","background-type":"","background-media":"","overlay-type":"","overlay-color":"","overlay-opacity":"","overlay-gradient":""},"tablet":{"background-color":"","background-image":"","background-repeat":"repeat","background-position":"center center","background-size":"auto","background-attachment":"scroll","background-type":"","background-media":"","overlay-type":"","overlay-color":"","overlay-opacity":"","overlay-gradient":""},"mobile":{"background-color":"","background-image":"","background-repeat":"repeat","background-position":"center center","background-size":"auto","background-attachment":"scroll","background-type":"","background-media":"","overlay-type":"","overlay-color":"","overlay-opacity":"","overlay-gradient":""}},"ast-content-background-meta":{"desktop":{"background-color":"var(--ast-global-color-4)","background-image":"","background-repeat":"repeat","background-position":"center center","background-size":"auto","background-attachment":"scroll","background-type":"","background-media":"","overlay-type":"","overlay-color":"","overlay-opacity":"","overlay-gradient":""},"tablet":{"background-color":"var(--ast-global-color-4)","background-image":"","background-repeat":"repeat","background-position":"center center","background-size":"auto","background-attachment":"scroll","background-type":"","background-media":"","overlay-type":"","overlay-color":"","overlay-opacity":"","overlay-gradient":""},"mobile":{"background-color":"var(--ast-global-color-4)","background-image":"","background-repeat":"repeat","background-position":"center center","background-size":"auto","background-attachment":"scroll","background-type":"","background-media":"","overlay-type":"","overlay-color":"","overlay-opacity":"","overlay-gradient":""}}},"product_brand":[],"product_cat":[15,165],"product_tag":[],"class_list":{"0":"post-14950","1":"product","2":"type-product","3":"status-publish","4":"has-post-thumbnail","6":"product_cat-uncategorized","7":"product_cat-religija-filosofija-ir-ezoterika","8":"desktop-align-left","9":"tablet-align-left","10":"mobile-align-left","12":"first","13":"instock","14":"shipping-taxable","15":"purchasable","16":"product-type-simple"},"acf":[],"yoast_head":"<!-- This site is optimized with the Yoast SEO plugin v27.0 - https:\/\/yoast.com\/product\/yoast-seo-wordpress\/ -->\n<title>B\u016bties psichologija<\/title>\n<meta name=\"description\" content=\"Nuostabios galimyb\u0117s, paslaptingos gelm\u0117s ir platesn\u0117 \u017emogaus prigimties samprata \u2013 tai viena pagrindini\u0173 veikalo \u201eB\u016bties psichologija\u201c tem\u0173. Autorius A.\" \/>\n<meta name=\"robots\" content=\"index, follow, max-snippet:-1, max-image-preview:large, max-video-preview:-1\" \/>\n<link rel=\"canonical\" href=\"https:\/\/skaitytaknyga.lt\/en\/produktas\/buties-psichologija\/\" \/>\n<meta property=\"og:locale\" content=\"en_GB\" \/>\n<meta property=\"og:locale:alternate\" content=\"lt_LT\" \/>\n<meta property=\"og:type\" content=\"article\" \/>\n<meta property=\"og:title\" content=\"B\u016bties psichologija\" \/>\n<meta property=\"og:description\" content=\"Nuostabios galimyb\u0117s, paslaptingos gelm\u0117s ir platesn\u0117 \u017emogaus prigimties samprata \u2013 tai viena pagrindini\u0173 veikalo \u201eB\u016bties psichologija\u201c tem\u0173. Autorius A.\" \/>\n<meta property=\"og:url\" content=\"https:\/\/skaitytaknyga.lt\/en\/produktas\/buties-psichologija\/\" \/>\n<meta property=\"og:site_name\" content=\"Skaitytaknyga\" \/>\n<meta property=\"article:publisher\" content=\"https:\/\/www.facebook.com\/skaitytaknyga\/\" \/>\n<meta property=\"article:modified_time\" content=\"2024-11-26T13:05:30+00:00\" \/>\n<meta property=\"og:image\" content=\"https:\/\/skaitytaknyga.lt\/wp-content\/uploads\/2024\/11\/buties-psichologija.webp\" \/>\n\t<meta property=\"og:image:width\" content=\"419\" \/>\n\t<meta property=\"og:image:height\" content=\"632\" \/>\n\t<meta property=\"og:image:type\" content=\"image\/webp\" \/>\n<meta name=\"twitter:card\" content=\"summary_large_image\" \/>\n<meta name=\"twitter:label1\" content=\"Estimated reading time\" \/>\n\t<meta name=\"twitter:data1\" content=\"2 minutes\" \/>\n<script type=\"application\/ld+json\" class=\"yoast-schema-graph\">{\"@context\":\"https:\/\/schema.org\",\"@graph\":[{\"@type\":\"WebPage\",\"@id\":\"https:\/\/skaitytaknyga.lt\/produktas\/buties-psichologija\/\",\"url\":\"https:\/\/skaitytaknyga.lt\/produktas\/buties-psichologija\/\",\"name\":\"B\u016bties psichologija\",\"isPartOf\":{\"@id\":\"https:\/\/skaitytaknyga.lt\/#website\"},\"primaryImageOfPage\":{\"@id\":\"https:\/\/skaitytaknyga.lt\/produktas\/buties-psichologija\/#primaryimage\"},\"image\":{\"@id\":\"https:\/\/skaitytaknyga.lt\/produktas\/buties-psichologija\/#primaryimage\"},\"thumbnailUrl\":\"https:\/\/skaitytaknyga.lt\/wp-content\/uploads\/2024\/11\/buties-psichologija.webp\",\"datePublished\":\"2024-11-26T07:13:49+00:00\",\"dateModified\":\"2024-11-26T13:05:30+00:00\",\"description\":\"Nuostabios galimyb\u0117s, paslaptingos gelm\u0117s ir platesn\u0117 \u017emogaus prigimties samprata \u2013 tai viena pagrindini\u0173 veikalo \u201eB\u016bties psichologija\u201c tem\u0173. Autorius A.\",\"breadcrumb\":{\"@id\":\"https:\/\/skaitytaknyga.lt\/produktas\/buties-psichologija\/#breadcrumb\"},\"inLanguage\":\"en-GB\",\"potentialAction\":[{\"@type\":\"ReadAction\",\"target\":[\"https:\/\/skaitytaknyga.lt\/produktas\/buties-psichologija\/\"]}]},{\"@type\":\"ImageObject\",\"inLanguage\":\"en-GB\",\"@id\":\"https:\/\/skaitytaknyga.lt\/produktas\/buties-psichologija\/#primaryimage\",\"url\":\"https:\/\/skaitytaknyga.lt\/wp-content\/uploads\/2024\/11\/buties-psichologija.webp\",\"contentUrl\":\"https:\/\/skaitytaknyga.lt\/wp-content\/uploads\/2024\/11\/buties-psichologija.webp\",\"width\":419,\"height\":632,\"caption\":\"b\u016bties psichologija\"},{\"@type\":\"BreadcrumbList\",\"@id\":\"https:\/\/skaitytaknyga.lt\/produktas\/buties-psichologija\/#breadcrumb\",\"itemListElement\":[{\"@type\":\"ListItem\",\"position\":1,\"name\":\"Home\",\"item\":\"https:\/\/skaitytaknyga.lt\/\"},{\"@type\":\"ListItem\",\"position\":2,\"name\":\"Parduotuv\u0117\",\"item\":\"https:\/\/skaitytaknyga.lt\/knygu-parduotuve\/\"},{\"@type\":\"ListItem\",\"position\":3,\"name\":\"B\u016bties psichologija\"}]},{\"@type\":\"WebSite\",\"@id\":\"https:\/\/skaitytaknyga.lt\/#website\",\"url\":\"https:\/\/skaitytaknyga.lt\/\",\"name\":\"skaitytaknyga.lt\",\"description\":\"Skaitytaknyga.lt \u2013 tai ma\u017eas \u0161eimos verslas, kuris prasid\u0117jo nuo meil\u0117s knygoms ir siekio i\u0161gelb\u0117ti knygas nuo likimo prie konteinerio. Kas vienam nereikalingas daiktas \u2013 kitam lobis, o mes esame tarpininkai, kurie padeda abiems tapti laimingesniems ???? \u017dinome kaip nelengva i\u0161gyventi ma\u017eiems verslams, tad nuo \u0161iol, \u010dia rasite ir kit\u0173, ma\u017e\u0173 \u0161eim\u0173 versl\u0173, rank\u0173 darbo, dovan\u0173 sau ir artimiesiems.\",\"publisher\":{\"@id\":\"https:\/\/skaitytaknyga.lt\/#organization\"},\"potentialAction\":[{\"@type\":\"SearchAction\",\"target\":{\"@type\":\"EntryPoint\",\"urlTemplate\":\"https:\/\/skaitytaknyga.lt\/?s={search_term_string}\"},\"query-input\":{\"@type\":\"PropertyValueSpecification\",\"valueRequired\":true,\"valueName\":\"search_term_string\"}}],\"inLanguage\":\"en-GB\"},{\"@type\":\"Organization\",\"@id\":\"https:\/\/skaitytaknyga.lt\/#organization\",\"name\":\"skaitytaknyga.lt\",\"url\":\"https:\/\/skaitytaknyga.lt\/\",\"logo\":{\"@type\":\"ImageObject\",\"inLanguage\":\"en-GB\",\"@id\":\"https:\/\/skaitytaknyga.lt\/#\/schema\/logo\/image\/\",\"url\":\"https:\/\/skaitytaknyga.lt\/wp-content\/uploads\/2024\/05\/cropped-cropped-cropped-02_00843_jt3bggkj1j3HLc7SyY6rEUpg.jpeg\",\"contentUrl\":\"https:\/\/skaitytaknyga.lt\/wp-content\/uploads\/2024\/05\/cropped-cropped-cropped-02_00843_jt3bggkj1j3HLc7SyY6rEUpg.jpeg\",\"width\":1600,\"height\":1600,\"caption\":\"skaitytaknyga.lt\"},\"image\":{\"@id\":\"https:\/\/skaitytaknyga.lt\/#\/schema\/logo\/image\/\"},\"sameAs\":[\"https:\/\/www.facebook.com\/skaitytaknyga\/\"]}]}<\/script>\n<!-- \/ Yoast SEO plugin. -->","yoast_head_json":{"title":"B\u016bties psichologija","description":"Nuostabios galimyb\u0117s, paslaptingos gelm\u0117s ir platesn\u0117 \u017emogaus prigimties samprata \u2013 tai viena pagrindini\u0173 veikalo \u201eB\u016bties psichologija\u201c tem\u0173. Autorius A.","robots":{"index":"index","follow":"follow","max-snippet":"max-snippet:-1","max-image-preview":"max-image-preview:large","max-video-preview":"max-video-preview:-1"},"canonical":"https:\/\/skaitytaknyga.lt\/en\/produktas\/buties-psichologija\/","og_locale":"en_GB","og_type":"article","og_title":"[:lt]B\u016bties psichologija[:] - Skaitytaknyga","og_description":"Nuostabios galimyb\u0117s, paslaptingos gelm\u0117s ir platesn\u0117 \u017emogaus prigimties samprata \u2013 tai viena pagrindini\u0173 veikalo \u201eB\u016bties psichologija\u201c tem\u0173. Autorius A.","og_url":"https:\/\/skaitytaknyga.lt\/en\/produktas\/buties-psichologija\/","og_site_name":"Skaitytaknyga","article_publisher":"https:\/\/www.facebook.com\/skaitytaknyga\/","article_modified_time":"2024-11-26T13:05:30+00:00","og_image":[{"width":419,"height":632,"url":"https:\/\/skaitytaknyga.lt\/wp-content\/uploads\/2024\/11\/buties-psichologija.webp","type":"image\/webp"}],"twitter_card":"summary_large_image","twitter_misc":{"Estimated reading time":"2 minutes"},"schema":{"@context":"https:\/\/schema.org","@graph":[{"@type":"WebPage","@id":"https:\/\/skaitytaknyga.lt\/produktas\/buties-psichologija\/","url":"https:\/\/skaitytaknyga.lt\/produktas\/buties-psichologija\/","name":"B\u016bties psichologija","isPartOf":{"@id":"https:\/\/skaitytaknyga.lt\/#website"},"primaryImageOfPage":{"@id":"https:\/\/skaitytaknyga.lt\/produktas\/buties-psichologija\/#primaryimage"},"image":{"@id":"https:\/\/skaitytaknyga.lt\/produktas\/buties-psichologija\/#primaryimage"},"thumbnailUrl":"https:\/\/skaitytaknyga.lt\/wp-content\/uploads\/2024\/11\/buties-psichologija.webp","datePublished":"2024-11-26T07:13:49+00:00","dateModified":"2024-11-26T13:05:30+00:00","description":"Nuostabios galimyb\u0117s, paslaptingos gelm\u0117s ir platesn\u0117 \u017emogaus prigimties samprata \u2013 tai viena pagrindini\u0173 veikalo \u201eB\u016bties psichologija\u201c tem\u0173. Autorius A.","breadcrumb":{"@id":"https:\/\/skaitytaknyga.lt\/produktas\/buties-psichologija\/#breadcrumb"},"inLanguage":"en-GB","potentialAction":[{"@type":"ReadAction","target":["https:\/\/skaitytaknyga.lt\/produktas\/buties-psichologija\/"]}]},{"@type":"ImageObject","inLanguage":"en-GB","@id":"https:\/\/skaitytaknyga.lt\/produktas\/buties-psichologija\/#primaryimage","url":"https:\/\/skaitytaknyga.lt\/wp-content\/uploads\/2024\/11\/buties-psichologija.webp","contentUrl":"https:\/\/skaitytaknyga.lt\/wp-content\/uploads\/2024\/11\/buties-psichologija.webp","width":419,"height":632,"caption":"b\u016bties psichologija"},{"@type":"BreadcrumbList","@id":"https:\/\/skaitytaknyga.lt\/produktas\/buties-psichologija\/#breadcrumb","itemListElement":[{"@type":"ListItem","position":1,"name":"Home","item":"https:\/\/skaitytaknyga.lt\/"},{"@type":"ListItem","position":2,"name":"Parduotuv\u0117","item":"https:\/\/skaitytaknyga.lt\/knygu-parduotuve\/"},{"@type":"ListItem","position":3,"name":"B\u016bties psichologija"}]},{"@type":"WebSite","@id":"https:\/\/skaitytaknyga.lt\/#website","url":"https:\/\/skaitytaknyga.lt\/","name":"skaitytaknyga.lt","description":"Skaitytaknyga.lt \u2013 tai ma\u017eas \u0161eimos verslas, kuris prasid\u0117jo nuo meil\u0117s knygoms ir siekio i\u0161gelb\u0117ti knygas nuo likimo prie konteinerio. Kas vienam nereikalingas daiktas \u2013 kitam lobis, o mes esame tarpininkai, kurie padeda abiems tapti laimingesniems ???? \u017dinome kaip nelengva i\u0161gyventi ma\u017eiems verslams, tad nuo \u0161iol, \u010dia rasite ir kit\u0173, ma\u017e\u0173 \u0161eim\u0173 versl\u0173, rank\u0173 darbo, dovan\u0173 sau ir artimiesiems.","publisher":{"@id":"https:\/\/skaitytaknyga.lt\/#organization"},"potentialAction":[{"@type":"SearchAction","target":{"@type":"EntryPoint","urlTemplate":"https:\/\/skaitytaknyga.lt\/?s={search_term_string}"},"query-input":{"@type":"PropertyValueSpecification","valueRequired":true,"valueName":"search_term_string"}}],"inLanguage":"en-GB"},{"@type":"Organization","@id":"https:\/\/skaitytaknyga.lt\/#organization","name":"skaitytaknyga.lt","url":"https:\/\/skaitytaknyga.lt\/","logo":{"@type":"ImageObject","inLanguage":"en-GB","@id":"https:\/\/skaitytaknyga.lt\/#\/schema\/logo\/image\/","url":"https:\/\/skaitytaknyga.lt\/wp-content\/uploads\/2024\/05\/cropped-cropped-cropped-02_00843_jt3bggkj1j3HLc7SyY6rEUpg.jpeg","contentUrl":"https:\/\/skaitytaknyga.lt\/wp-content\/uploads\/2024\/05\/cropped-cropped-cropped-02_00843_jt3bggkj1j3HLc7SyY6rEUpg.jpeg","width":1600,"height":1600,"caption":"skaitytaknyga.lt"},"image":{"@id":"https:\/\/skaitytaknyga.lt\/#\/schema\/logo\/image\/"},"sameAs":["https:\/\/www.facebook.com\/skaitytaknyga\/"]}]}},"_links":{"self":[{"href":"https:\/\/skaitytaknyga.lt\/en\/wp-json\/wp\/v2\/product\/14950","targetHints":{"allow":["GET"]}}],"collection":[{"href":"https:\/\/skaitytaknyga.lt\/en\/wp-json\/wp\/v2\/product"}],"about":[{"href":"https:\/\/skaitytaknyga.lt\/en\/wp-json\/wp\/v2\/types\/product"}],"replies":[{"embeddable":true,"href":"https:\/\/skaitytaknyga.lt\/en\/wp-json\/wp\/v2\/comments?post=14950"}],"wp:featuredmedia":[{"embeddable":true,"href":"https:\/\/skaitytaknyga.lt\/en\/wp-json\/wp\/v2\/media\/14979"}],"wp:attachment":[{"href":"https:\/\/skaitytaknyga.lt\/en\/wp-json\/wp\/v2\/media?parent=14950"}],"wp:term":[{"taxonomy":"product_brand","embeddable":true,"href":"https:\/\/skaitytaknyga.lt\/en\/wp-json\/wp\/v2\/product_brand?post=14950"},{"taxonomy":"product_cat","embeddable":true,"href":"https:\/\/skaitytaknyga.lt\/en\/wp-json\/wp\/v2\/product_cat?post=14950"},{"taxonomy":"product_tag","embeddable":true,"href":"https:\/\/skaitytaknyga.lt\/en\/wp-json\/wp\/v2\/product_tag?post=14950"}],"curies":[{"name":"wp","href":"https:\/\/api.w.org\/{rel}","templated":true}]}}