{"id":14949,"date":"2024-11-26T09:13:49","date_gmt":"2024-11-26T07:13:49","guid":{"rendered":"https:\/\/skaitytaknyga.lt\/?post_type=product&#038;p=14949"},"modified":"2026-03-05T11:04:29","modified_gmt":"2026-03-05T09:04:29","slug":"pragaro-sodai","status":"publish","type":"product","link":"https:\/\/skaitytaknyga.lt\/en\/produktas\/pragaro-sodai\/","title":{"rendered":"Pragaro sodai"},"content":{"rendered":"<p>Metai iki \u201eRaganos ir lietaus\u201c i\u0161leistas antrasis Jurgos Ivanauskait\u0117s romanas \u201ePragaro sodai\u201c (1992) \u2013 tai prarastosios kartos, sovietme\u010diu gimusi\u0173 ir augusi\u0173 mai\u0161tinink\u0173, to meto undergroundo, grupinis portretas, nutapytas sodriu ra\u0161ytojos dailinink\u0117s teptuku.<\/p>\n<p>Knygoje atsispindi S\u0105j\u016bd\u017eio metais pirmuosiuose Roko mar\u0161uose dalyvavusios autor\u0117s patirtis, ne vienas i\u0161 pagrindini\u0173 persona\u017e\u0173 turi nesunkiai atpa\u017e\u012fstamus prototipus. Tarp roko muzikant\u0173 ir j\u0173 gerb\u0117j\u0173, pank\u0173 ir filosof\u0173 pasirodo ir \u201eRaganos ir lietaus\u201c herojaus pirmtakas \u2013 charizmatas kunigas, gamtos prieglobstyje \u012fsik\u016brusioje buvein\u0117je globojantis besibla\u0161kan\u010dias sielas.<\/p>\n<p>Dabartiniam skaitytojui fatali\u0161kai atrodo detaliai apra\u0161yta vienos i\u0161 centrini\u0173 romano fig\u016br\u0173 Robertos patirtis gydantis onkologijos ligonin\u0117je. B\u016btent jos \u017eod\u017eiais ra\u0161ytoja taikliai diagnozuoja daugumos savo romano veik\u0117j\u0173 b\u016bsen\u0105: \u201eBaim\u0117 b\u016bti ir baim\u0117 i\u0161nykti. Baim\u0117 gyventi ir baim\u0117 numirti.\u201c<\/p>\n<p>Mistiniai sutapimai, XX am\u017eiaus dvasini\u0173 guru, roko hit\u0173 citatos, visa persmelkian\u010dio blogio, art\u0117jan\u010dios Antikristo karalyst\u0117s nuojauta sudaro \u201ePragaro sod\u0173\u201c audin\u012f, kuris primena \u012fvairiaspalv\u0117mis lemput\u0117mis blyk\u010diojant\u012f l\u0117ktuv\u0173 tak\u0105, vedant\u012f romano veik\u0117jus galb\u016bt \u012f laisv\u0119 ir nepriklausomyb\u0119, galb\u016bt \u012f i\u0161svajotus Vakarus, o galb\u016bt \u2013 \u012f niekur.<\/p>\n<ul class=\"about-product d-none d-xl-block mt-4\">\n<li><strong>Autorius:<\/strong>\u00a0Jurga Ivanauskait\u0117<\/li>\n<li><strong>Leid\u0117jas:<\/strong>\u00a0Tyto alba<\/li>\n<li><strong>Metai:<\/strong>\u00a01992<\/li>\n<li><strong>Puslapiai:<\/strong>\u00a0272<\/li>\n<li><strong>Prek\u0117s kodas:<\/strong>\u00a022001006775<\/li>\n<li><strong>Versijos kodas:<\/strong>\u00a0PT.<\/li>\n<li class=\"toggleable type-new-formats \"><strong>Formatas:<\/strong>\u00a015 x 23 cm, kieti vir\u0161eliai<\/li>\n<li><strong>Kalba:<\/strong>\u00a0Lietuvi\u0173<\/li>\n<\/ul>\n","protected":false},"excerpt":{"rendered":"<p>Metai iki \u201eRaganos ir lietaus\u201c i\u0161leistas antrasis Jurgos Ivanauskait\u0117s romanas \u201ePragaro sodai\u201c (1992) \u2013 tai prarastosios kartos, sovietme\u010diu gimusi\u0173 ir augusi\u0173 mai\u0161tinink\u0173, to meto undergroundo, grupinis portretas, nutapytas sodriu ra\u0161ytojos dailinink\u0117s teptuku. Knygoje atsispindi S\u0105j\u016bd\u017eio metais pirmuosiuose Roko mar\u0161uose dalyvavusios autor\u0117s patirtis, ne vienas i\u0161 pagrindini\u0173 persona\u017e\u0173 turi nesunkiai atpa\u017e\u012fstamus prototipus. Tarp roko muzikant\u0173 ir j\u0173 gerb\u0117j\u0173, pank\u0173 ir filosof\u0173 pasirodo ir \u201eRaganos ir lietaus\u201c herojaus pirmtakas \u2013 charizmatas kunigas, gamtos prieglobstyje \u012fsik\u016brusioje buvein\u0117je globojantis besibla\u0161kan\u010dias sielas. Dabartiniam skaitytojui fatali\u0161kai atrodo detaliai apra\u0161yta vienos i\u0161 centrini\u0173 romano fig\u016br\u0173 Robertos patirtis gydantis onkologijos ligonin\u0117je. B\u016btent jos \u017eod\u017eiais ra\u0161ytoja taikliai diagnozuoja daugumos savo romano veik\u0117j\u0173 b\u016bsen\u0105: \u201eBaim\u0117 b\u016bti ir baim\u0117 i\u0161nykti. Baim\u0117 gyventi ir baim\u0117 numirti.\u201c Mistiniai sutapimai, XX am\u017eiaus dvasini\u0173 guru, roko hit\u0173 citatos, visa persmelkian\u010dio blogio, art\u0117jan\u010dios Antikristo karalyst\u0117s nuojauta sudaro \u201ePragaro sod\u0173\u201c audin\u012f, kuris primena \u012fvairiaspalv\u0117mis lemput\u0117mis blyk\u010diojant\u012f l\u0117ktuv\u0173 tak\u0105, vedant\u012f romano veik\u0117jus galb\u016bt \u012f laisv\u0119 ir nepriklausomyb\u0119, galb\u016bt \u012f i\u0161svajotus Vakarus, o galb\u016bt \u2013 \u012f niekur. Autorius:\u00a0Jurga Ivanauskait\u0117 Leid\u0117jas:\u00a0Tyto alba Metai:\u00a01992 Puslapiai:\u00a0272 Prek\u0117s kodas:\u00a022001006775 Versijos kodas:\u00a0PT. Formatas:\u00a015 x 23 cm, kieti vir\u0161eliai Kalba:\u00a0Lietuvi\u0173<\/p>\n","protected":false},"featured_media":14980,"comment_status":"open","ping_status":"closed","template":"","meta":{"_acf_changed":false,"site-sidebar-layout":"default","site-content-layout":"","ast-site-content-layout":"default","site-content-style":"default","site-sidebar-style":"default","ast-global-header-display":"","ast-banner-title-visibility":"","ast-main-header-display":"","ast-hfb-above-header-display":"","ast-hfb-below-header-display":"","ast-hfb-mobile-header-display":"","site-post-title":"","ast-breadcrumbs-content":"","ast-featured-img":"","footer-sml-layout":"","ast-disable-related-posts":"","theme-transparent-header-meta":"default","adv-header-id-meta":"","stick-header-meta":"","header-above-stick-meta":"","header-main-stick-meta":"","header-below-stick-meta":"","astra-migrate-meta-layouts":"set","ast-page-background-enabled":"default","ast-page-background-meta":{"desktop":{"background-color":"","background-image":"","background-repeat":"repeat","background-position":"center center","background-size":"auto","background-attachment":"scroll","background-type":"","background-media":"","overlay-type":"","overlay-color":"","overlay-opacity":"","overlay-gradient":""},"tablet":{"background-color":"","background-image":"","background-repeat":"repeat","background-position":"center center","background-size":"auto","background-attachment":"scroll","background-type":"","background-media":"","overlay-type":"","overlay-color":"","overlay-opacity":"","overlay-gradient":""},"mobile":{"background-color":"","background-image":"","background-repeat":"repeat","background-position":"center center","background-size":"auto","background-attachment":"scroll","background-type":"","background-media":"","overlay-type":"","overlay-color":"","overlay-opacity":"","overlay-gradient":""}},"ast-content-background-meta":{"desktop":{"background-color":"var(--ast-global-color-4)","background-image":"","background-repeat":"repeat","background-position":"center center","background-size":"auto","background-attachment":"scroll","background-type":"","background-media":"","overlay-type":"","overlay-color":"","overlay-opacity":"","overlay-gradient":""},"tablet":{"background-color":"var(--ast-global-color-4)","background-image":"","background-repeat":"repeat","background-position":"center center","background-size":"auto","background-attachment":"scroll","background-type":"","background-media":"","overlay-type":"","overlay-color":"","overlay-opacity":"","overlay-gradient":""},"mobile":{"background-color":"var(--ast-global-color-4)","background-image":"","background-repeat":"repeat","background-position":"center center","background-size":"auto","background-attachment":"scroll","background-type":"","background-media":"","overlay-type":"","overlay-color":"","overlay-opacity":"","overlay-gradient":""}}},"product_brand":[],"product_cat":[9590],"product_tag":[],"class_list":{"0":"post-14949","1":"product","2":"type-product","3":"status-publish","4":"has-post-thumbnail","6":"product_cat-lietuviu-literatura","7":"desktop-align-left","8":"tablet-align-left","9":"mobile-align-left","11":"first","12":"instock","13":"shipping-taxable","14":"purchasable","15":"product-type-simple"},"acf":[],"yoast_head":"<!-- This site is optimized with the Yoast SEO plugin v27.0 - https:\/\/yoast.com\/product\/yoast-seo-wordpress\/ -->\n<title>Pragaro sodai<\/title>\n<meta name=\"description\" content=\"Metai iki \u201eRaganos ir lietaus\u201c i\u0161leistas antrasis Jurgos Ivanauskait\u0117s romanas \u201ePragaro sodai\u201c (1992) \u2013 tai prarastosios kartos, sovietme\u010diu gimusi\u0173 ir\" \/>\n<meta name=\"robots\" content=\"index, follow, max-snippet:-1, max-image-preview:large, max-video-preview:-1\" \/>\n<link rel=\"canonical\" href=\"https:\/\/skaitytaknyga.lt\/en\/produktas\/pragaro-sodai\/\" \/>\n<meta property=\"og:locale\" content=\"en_GB\" \/>\n<meta property=\"og:locale:alternate\" content=\"lt_LT\" \/>\n<meta property=\"og:type\" content=\"article\" \/>\n<meta property=\"og:title\" content=\"Pragaro sodai\" \/>\n<meta property=\"og:description\" content=\"Metai iki \u201eRaganos ir lietaus\u201c i\u0161leistas antrasis Jurgos Ivanauskait\u0117s romanas \u201ePragaro sodai\u201c (1992) \u2013 tai prarastosios kartos, sovietme\u010diu gimusi\u0173 ir\" \/>\n<meta property=\"og:url\" content=\"https:\/\/skaitytaknyga.lt\/en\/produktas\/pragaro-sodai\/\" \/>\n<meta property=\"og:site_name\" content=\"Skaitytaknyga\" \/>\n<meta property=\"article:publisher\" content=\"https:\/\/www.facebook.com\/skaitytaknyga\/\" \/>\n<meta property=\"article:modified_time\" content=\"2026-03-05T09:04:29+00:00\" \/>\n<meta property=\"og:image\" content=\"https:\/\/skaitytaknyga.lt\/wp-content\/uploads\/2024\/11\/Pragaro-sodai.webp\" \/>\n\t<meta property=\"og:image:width\" content=\"502\" \/>\n\t<meta property=\"og:image:height\" content=\"800\" \/>\n\t<meta property=\"og:image:type\" content=\"image\/webp\" \/>\n<meta name=\"twitter:card\" content=\"summary_large_image\" \/>\n<meta name=\"twitter:label1\" content=\"Estimated reading time\" \/>\n\t<meta name=\"twitter:data1\" content=\"2 minutes\" \/>\n<script type=\"application\/ld+json\" class=\"yoast-schema-graph\">{\"@context\":\"https:\/\/schema.org\",\"@graph\":[{\"@type\":\"WebPage\",\"@id\":\"https:\/\/skaitytaknyga.lt\/produktas\/pragaro-sodai\/\",\"url\":\"https:\/\/skaitytaknyga.lt\/produktas\/pragaro-sodai\/\",\"name\":\"Pragaro sodai\",\"isPartOf\":{\"@id\":\"https:\/\/skaitytaknyga.lt\/#website\"},\"primaryImageOfPage\":{\"@id\":\"https:\/\/skaitytaknyga.lt\/produktas\/pragaro-sodai\/#primaryimage\"},\"image\":{\"@id\":\"https:\/\/skaitytaknyga.lt\/produktas\/pragaro-sodai\/#primaryimage\"},\"thumbnailUrl\":\"https:\/\/skaitytaknyga.lt\/wp-content\/uploads\/2024\/11\/Pragaro-sodai.webp\",\"datePublished\":\"2024-11-26T07:13:49+00:00\",\"dateModified\":\"2026-03-05T09:04:29+00:00\",\"description\":\"Metai iki \u201eRaganos ir lietaus\u201c i\u0161leistas antrasis Jurgos Ivanauskait\u0117s romanas \u201ePragaro sodai\u201c (1992) \u2013 tai prarastosios kartos, sovietme\u010diu gimusi\u0173 ir\",\"breadcrumb\":{\"@id\":\"https:\/\/skaitytaknyga.lt\/produktas\/pragaro-sodai\/#breadcrumb\"},\"inLanguage\":\"en-GB\",\"potentialAction\":[{\"@type\":\"ReadAction\",\"target\":[\"https:\/\/skaitytaknyga.lt\/produktas\/pragaro-sodai\/\"]}]},{\"@type\":\"ImageObject\",\"inLanguage\":\"en-GB\",\"@id\":\"https:\/\/skaitytaknyga.lt\/produktas\/pragaro-sodai\/#primaryimage\",\"url\":\"https:\/\/skaitytaknyga.lt\/wp-content\/uploads\/2024\/11\/Pragaro-sodai.webp\",\"contentUrl\":\"https:\/\/skaitytaknyga.lt\/wp-content\/uploads\/2024\/11\/Pragaro-sodai.webp\",\"width\":502,\"height\":800,\"caption\":\"Pragaro sodai\"},{\"@type\":\"BreadcrumbList\",\"@id\":\"https:\/\/skaitytaknyga.lt\/produktas\/pragaro-sodai\/#breadcrumb\",\"itemListElement\":[{\"@type\":\"ListItem\",\"position\":1,\"name\":\"Home\",\"item\":\"https:\/\/skaitytaknyga.lt\/\"},{\"@type\":\"ListItem\",\"position\":2,\"name\":\"Parduotuv\u0117\",\"item\":\"https:\/\/skaitytaknyga.lt\/knygu-parduotuve\/\"},{\"@type\":\"ListItem\",\"position\":3,\"name\":\"Pragaro sodai\"}]},{\"@type\":\"WebSite\",\"@id\":\"https:\/\/skaitytaknyga.lt\/#website\",\"url\":\"https:\/\/skaitytaknyga.lt\/\",\"name\":\"skaitytaknyga.lt\",\"description\":\"Skaitytaknyga.lt \u2013 tai ma\u017eas \u0161eimos verslas, kuris prasid\u0117jo nuo meil\u0117s knygoms ir siekio i\u0161gelb\u0117ti knygas nuo likimo prie konteinerio. Kas vienam nereikalingas daiktas \u2013 kitam lobis, o mes esame tarpininkai, kurie padeda abiems tapti laimingesniems ???? \u017dinome kaip nelengva i\u0161gyventi ma\u017eiems verslams, tad nuo \u0161iol, \u010dia rasite ir kit\u0173, ma\u017e\u0173 \u0161eim\u0173 versl\u0173, rank\u0173 darbo, dovan\u0173 sau ir artimiesiems.\",\"publisher\":{\"@id\":\"https:\/\/skaitytaknyga.lt\/#organization\"},\"potentialAction\":[{\"@type\":\"SearchAction\",\"target\":{\"@type\":\"EntryPoint\",\"urlTemplate\":\"https:\/\/skaitytaknyga.lt\/?s={search_term_string}\"},\"query-input\":{\"@type\":\"PropertyValueSpecification\",\"valueRequired\":true,\"valueName\":\"search_term_string\"}}],\"inLanguage\":\"en-GB\"},{\"@type\":\"Organization\",\"@id\":\"https:\/\/skaitytaknyga.lt\/#organization\",\"name\":\"skaitytaknyga.lt\",\"url\":\"https:\/\/skaitytaknyga.lt\/\",\"logo\":{\"@type\":\"ImageObject\",\"inLanguage\":\"en-GB\",\"@id\":\"https:\/\/skaitytaknyga.lt\/#\/schema\/logo\/image\/\",\"url\":\"https:\/\/skaitytaknyga.lt\/wp-content\/uploads\/2024\/05\/cropped-cropped-cropped-02_00843_jt3bggkj1j3HLc7SyY6rEUpg.jpeg\",\"contentUrl\":\"https:\/\/skaitytaknyga.lt\/wp-content\/uploads\/2024\/05\/cropped-cropped-cropped-02_00843_jt3bggkj1j3HLc7SyY6rEUpg.jpeg\",\"width\":1600,\"height\":1600,\"caption\":\"skaitytaknyga.lt\"},\"image\":{\"@id\":\"https:\/\/skaitytaknyga.lt\/#\/schema\/logo\/image\/\"},\"sameAs\":[\"https:\/\/www.facebook.com\/skaitytaknyga\/\"]}]}<\/script>\n<!-- \/ Yoast SEO plugin. -->","yoast_head_json":{"title":"Pragaro sodai","description":"Metai iki \u201eRaganos ir lietaus\u201c i\u0161leistas antrasis Jurgos Ivanauskait\u0117s romanas \u201ePragaro sodai\u201c (1992) \u2013 tai prarastosios kartos, sovietme\u010diu gimusi\u0173 ir","robots":{"index":"index","follow":"follow","max-snippet":"max-snippet:-1","max-image-preview":"max-image-preview:large","max-video-preview":"max-video-preview:-1"},"canonical":"https:\/\/skaitytaknyga.lt\/en\/produktas\/pragaro-sodai\/","og_locale":"en_GB","og_type":"article","og_title":"[:lt]Pragaro sodai[:] - Skaitytaknyga","og_description":"Metai iki \u201eRaganos ir lietaus\u201c i\u0161leistas antrasis Jurgos Ivanauskait\u0117s romanas \u201ePragaro sodai\u201c (1992) \u2013 tai prarastosios kartos, sovietme\u010diu gimusi\u0173 ir","og_url":"https:\/\/skaitytaknyga.lt\/en\/produktas\/pragaro-sodai\/","og_site_name":"Skaitytaknyga","article_publisher":"https:\/\/www.facebook.com\/skaitytaknyga\/","article_modified_time":"2026-03-05T09:04:29+00:00","og_image":[{"width":502,"height":800,"url":"https:\/\/skaitytaknyga.lt\/wp-content\/uploads\/2024\/11\/Pragaro-sodai.webp","type":"image\/webp"}],"twitter_card":"summary_large_image","twitter_misc":{"Estimated reading time":"2 minutes"},"schema":{"@context":"https:\/\/schema.org","@graph":[{"@type":"WebPage","@id":"https:\/\/skaitytaknyga.lt\/produktas\/pragaro-sodai\/","url":"https:\/\/skaitytaknyga.lt\/produktas\/pragaro-sodai\/","name":"Pragaro sodai","isPartOf":{"@id":"https:\/\/skaitytaknyga.lt\/#website"},"primaryImageOfPage":{"@id":"https:\/\/skaitytaknyga.lt\/produktas\/pragaro-sodai\/#primaryimage"},"image":{"@id":"https:\/\/skaitytaknyga.lt\/produktas\/pragaro-sodai\/#primaryimage"},"thumbnailUrl":"https:\/\/skaitytaknyga.lt\/wp-content\/uploads\/2024\/11\/Pragaro-sodai.webp","datePublished":"2024-11-26T07:13:49+00:00","dateModified":"2026-03-05T09:04:29+00:00","description":"Metai iki \u201eRaganos ir lietaus\u201c i\u0161leistas antrasis Jurgos Ivanauskait\u0117s romanas \u201ePragaro sodai\u201c (1992) \u2013 tai prarastosios kartos, sovietme\u010diu gimusi\u0173 ir","breadcrumb":{"@id":"https:\/\/skaitytaknyga.lt\/produktas\/pragaro-sodai\/#breadcrumb"},"inLanguage":"en-GB","potentialAction":[{"@type":"ReadAction","target":["https:\/\/skaitytaknyga.lt\/produktas\/pragaro-sodai\/"]}]},{"@type":"ImageObject","inLanguage":"en-GB","@id":"https:\/\/skaitytaknyga.lt\/produktas\/pragaro-sodai\/#primaryimage","url":"https:\/\/skaitytaknyga.lt\/wp-content\/uploads\/2024\/11\/Pragaro-sodai.webp","contentUrl":"https:\/\/skaitytaknyga.lt\/wp-content\/uploads\/2024\/11\/Pragaro-sodai.webp","width":502,"height":800,"caption":"Pragaro sodai"},{"@type":"BreadcrumbList","@id":"https:\/\/skaitytaknyga.lt\/produktas\/pragaro-sodai\/#breadcrumb","itemListElement":[{"@type":"ListItem","position":1,"name":"Home","item":"https:\/\/skaitytaknyga.lt\/"},{"@type":"ListItem","position":2,"name":"Parduotuv\u0117","item":"https:\/\/skaitytaknyga.lt\/knygu-parduotuve\/"},{"@type":"ListItem","position":3,"name":"Pragaro sodai"}]},{"@type":"WebSite","@id":"https:\/\/skaitytaknyga.lt\/#website","url":"https:\/\/skaitytaknyga.lt\/","name":"skaitytaknyga.lt","description":"Skaitytaknyga.lt \u2013 tai ma\u017eas \u0161eimos verslas, kuris prasid\u0117jo nuo meil\u0117s knygoms ir siekio i\u0161gelb\u0117ti knygas nuo likimo prie konteinerio. Kas vienam nereikalingas daiktas \u2013 kitam lobis, o mes esame tarpininkai, kurie padeda abiems tapti laimingesniems ???? \u017dinome kaip nelengva i\u0161gyventi ma\u017eiems verslams, tad nuo \u0161iol, \u010dia rasite ir kit\u0173, ma\u017e\u0173 \u0161eim\u0173 versl\u0173, rank\u0173 darbo, dovan\u0173 sau ir artimiesiems.","publisher":{"@id":"https:\/\/skaitytaknyga.lt\/#organization"},"potentialAction":[{"@type":"SearchAction","target":{"@type":"EntryPoint","urlTemplate":"https:\/\/skaitytaknyga.lt\/?s={search_term_string}"},"query-input":{"@type":"PropertyValueSpecification","valueRequired":true,"valueName":"search_term_string"}}],"inLanguage":"en-GB"},{"@type":"Organization","@id":"https:\/\/skaitytaknyga.lt\/#organization","name":"skaitytaknyga.lt","url":"https:\/\/skaitytaknyga.lt\/","logo":{"@type":"ImageObject","inLanguage":"en-GB","@id":"https:\/\/skaitytaknyga.lt\/#\/schema\/logo\/image\/","url":"https:\/\/skaitytaknyga.lt\/wp-content\/uploads\/2024\/05\/cropped-cropped-cropped-02_00843_jt3bggkj1j3HLc7SyY6rEUpg.jpeg","contentUrl":"https:\/\/skaitytaknyga.lt\/wp-content\/uploads\/2024\/05\/cropped-cropped-cropped-02_00843_jt3bggkj1j3HLc7SyY6rEUpg.jpeg","width":1600,"height":1600,"caption":"skaitytaknyga.lt"},"image":{"@id":"https:\/\/skaitytaknyga.lt\/#\/schema\/logo\/image\/"},"sameAs":["https:\/\/www.facebook.com\/skaitytaknyga\/"]}]}},"_links":{"self":[{"href":"https:\/\/skaitytaknyga.lt\/en\/wp-json\/wp\/v2\/product\/14949","targetHints":{"allow":["GET"]}}],"collection":[{"href":"https:\/\/skaitytaknyga.lt\/en\/wp-json\/wp\/v2\/product"}],"about":[{"href":"https:\/\/skaitytaknyga.lt\/en\/wp-json\/wp\/v2\/types\/product"}],"replies":[{"embeddable":true,"href":"https:\/\/skaitytaknyga.lt\/en\/wp-json\/wp\/v2\/comments?post=14949"}],"wp:featuredmedia":[{"embeddable":true,"href":"https:\/\/skaitytaknyga.lt\/en\/wp-json\/wp\/v2\/media\/14980"}],"wp:attachment":[{"href":"https:\/\/skaitytaknyga.lt\/en\/wp-json\/wp\/v2\/media?parent=14949"}],"wp:term":[{"taxonomy":"product_brand","embeddable":true,"href":"https:\/\/skaitytaknyga.lt\/en\/wp-json\/wp\/v2\/product_brand?post=14949"},{"taxonomy":"product_cat","embeddable":true,"href":"https:\/\/skaitytaknyga.lt\/en\/wp-json\/wp\/v2\/product_cat?post=14949"},{"taxonomy":"product_tag","embeddable":true,"href":"https:\/\/skaitytaknyga.lt\/en\/wp-json\/wp\/v2\/product_tag?post=14949"}],"curies":[{"name":"wp","href":"https:\/\/api.w.org\/{rel}","templated":true}]}}