{"id":14945,"date":"2024-11-26T09:10:20","date_gmt":"2024-11-26T07:10:20","guid":{"rendered":"https:\/\/skaitytaknyga.lt\/?post_type=product&#038;p=14945"},"modified":"2026-03-05T11:05:21","modified_gmt":"2026-03-05T09:05:21","slug":"silva-rerum","status":"publish","type":"product","link":"https:\/\/skaitytaknyga.lt\/en\/produktas\/silva-rerum\/","title":{"rendered":"Silva Rerum"},"content":{"rendered":"<p><strong>\u201eSilva Rerum\u201c<\/strong>\u00a0\u2013 pirmasis \u017einomos \u017eurnalist\u0117s, menotyrinink\u0117s, dr.\u00a0<strong>Kristinos Sabaliauskait\u0117s<\/strong>\u00a0romanas.<\/p>\n<p>Studijuodama Baroko dail\u0117s istorij\u0105\u00a0<strong>Kristina Sabaliauskait\u0117<\/strong>\u00a0nema\u017eai laiko praleido Lietuvos ir Europos archyvuose prie XVII am\u017eiaus istorini\u0173 \u0161altini\u0173 \u2013 lai\u0161k\u0173, memuar\u0173, testament\u0173, ra\u0161t\u0173, apra\u0161\u0173, i\u0161 kuri\u0173, pasak jos, \u201etiesiog ver\u017e\u0117si ano meto aistros, konfliktai, likimai ir istorijos, kuri\u0173 nesugalvot\u0173 n\u0117 lakiausia fantazija.\u201c Visa tai ji supina \u012f magi\u0161k\u0105, \u012ftraukiant\u012f, trilerio tempo Silva Rerum pasakojim\u0105, kuriame fatali\u0161ka meil\u0117s istorija pinasi su detektyvo elementais, o \u012f b\u016bties \u012ftampas \u017evelgiama patyrusia akimi ir da\u017enai \u2013 su \u0161iai autorei b\u016bdingu subtilaus humoro ir ironijos \u017eiupsniu.<\/p>\n<p>Silva Rerum \u2013 lotyni\u0161kai \u201edaikt\u0173 mi\u0161kas\u201c \u2013 taip vadinta XVI\u2013XVIII a. populiari, i\u0161 kartos \u012f kart\u0105 perduodama Lietuvos bajor\u0173 \u201e\u0161eimos knyga\u201c, kur, be toki\u0173 reik\u0161ming\u0173 gyvenimo \u012fvyki\u0173 kaip gimimo, vestuvi\u0173 ir mirties datos, b\u016bdavo \u012fra\u0161omos ir \u012fvairiausios sentencijos, eil\u0117ra\u0161\u010diai, patarl\u0117s, per i\u0161kilmes sakyti tostai, sveikinimo kalbos ir panegirikos. Tad ko baiminasi Jonas Motiejus Norvai\u0161a kiekvien\u0105 kart\u0105, kai atsiver\u010dia \u0161eimos silv\u0105 ir ima plunksn\u0105 \u012f rankas?<\/p>\n<p>Kristina Sabaliauskait\u0117, atgaivindama istorinio romano \u017eanr\u0105 Lietuvoje, skaitytoj\u0105 talentingai perkelia tiesiai \u012f LDK XVII a. vidurio bajori\u0161k\u0105 atmosfer\u0105 \u2013 su autenti\u0161komis audini\u0173 fakt\u016bromis, spalvomis, brangakmeni\u0173 \u017e\u0117r\u0117jimu, patiekal\u0173 skoniais ir kvapais \u2013 ir dovanoja tikr\u0105 kelion\u0119 laike.<br \/>\nNet ir abejingi istorijai netur\u0117t\u0173 likti abejingi \u0161iai knygai.<\/p>\n<p>Ji \u2013 kiekvienam, kuris kada nors buvo \u012fsiv\u0117l\u0119s \u012f gatv\u0117s mu\u0161tynes, nor\u0117jo pasi\u0173sti visk\u0105 ir visus po velni\u0173 ar tiesiog bijojo b\u016bti prarytas kasdienyb\u0117s li\u016bno; kiekvienam, kuris kada nors band\u0117 \u017evelgti baimei tiesiai \u012f akis, buvo i\u0161g\u0105sdintas netik\u0117tai i\u0161sipild\u017eiusios slap\u010diausios svajon\u0117s ar abejojo savimi.U\u017evert\u0119 \u0161ios knygos paskutin\u012f puslap\u012f j\u016bs visi\u0161kai kitomis akimis \u017evelgsite \u012f \u017demaitijos girias, Vilniaus gatves ir nekaltai \u010dir\u0161kian\u010dius \u017evirblius. O galb\u016bt net prad\u0117site ki\u0161en\u0117je prietaringai ne\u0161iotis ma\u017eyt\u012f veidrod\u0117l\u012f \u2013 d\u0117l visa pikta\u2026<\/p>\n","protected":false},"excerpt":{"rendered":"<p>\u201eSilva Rerum\u201c\u00a0\u2013 pirmasis \u017einomos \u017eurnalist\u0117s, menotyrinink\u0117s, dr.\u00a0Kristinos Sabaliauskait\u0117s\u00a0romanas. Studijuodama Baroko dail\u0117s istorij\u0105\u00a0Kristina Sabaliauskait\u0117\u00a0nema\u017eai laiko praleido Lietuvos ir Europos archyvuose prie XVII am\u017eiaus istorini\u0173 \u0161altini\u0173 \u2013 lai\u0161k\u0173, memuar\u0173, testament\u0173, ra\u0161t\u0173, apra\u0161\u0173, i\u0161 kuri\u0173, pasak jos, \u201etiesiog ver\u017e\u0117si ano meto aistros, konfliktai, likimai ir istorijos, kuri\u0173 nesugalvot\u0173 n\u0117 lakiausia fantazija.\u201c Visa tai ji supina \u012f magi\u0161k\u0105, \u012ftraukiant\u012f, trilerio tempo Silva Rerum pasakojim\u0105, kuriame fatali\u0161ka meil\u0117s istorija pinasi su detektyvo elementais, o \u012f b\u016bties \u012ftampas \u017evelgiama patyrusia akimi ir da\u017enai \u2013 su \u0161iai autorei b\u016bdingu subtilaus humoro ir ironijos \u017eiupsniu. Silva Rerum \u2013 lotyni\u0161kai \u201edaikt\u0173 mi\u0161kas\u201c \u2013 taip vadinta XVI\u2013XVIII a. populiari, i\u0161 kartos \u012f kart\u0105 perduodama Lietuvos bajor\u0173 \u201e\u0161eimos knyga\u201c, kur, be toki\u0173 reik\u0161ming\u0173 gyvenimo \u012fvyki\u0173 kaip gimimo, vestuvi\u0173 ir mirties datos, b\u016bdavo \u012fra\u0161omos ir \u012fvairiausios sentencijos, eil\u0117ra\u0161\u010diai, patarl\u0117s, per i\u0161kilmes sakyti tostai, sveikinimo kalbos ir panegirikos. Tad ko baiminasi Jonas Motiejus Norvai\u0161a kiekvien\u0105 kart\u0105, kai atsiver\u010dia \u0161eimos silv\u0105 ir ima plunksn\u0105 \u012f rankas? Kristina Sabaliauskait\u0117, atgaivindama istorinio romano \u017eanr\u0105 Lietuvoje, skaitytoj\u0105 talentingai perkelia tiesiai \u012f LDK XVII a. vidurio bajori\u0161k\u0105 atmosfer\u0105 \u2013 su autenti\u0161komis audini\u0173 fakt\u016bromis, spalvomis, brangakmeni\u0173 \u017e\u0117r\u0117jimu, patiekal\u0173 skoniais ir kvapais \u2013 ir dovanoja tikr\u0105 kelion\u0119 laike. Net ir abejingi istorijai netur\u0117t\u0173 likti abejingi \u0161iai knygai. Ji \u2013 kiekvienam, kuris kada nors buvo \u012fsiv\u0117l\u0119s \u012f gatv\u0117s mu\u0161tynes, nor\u0117jo pasi\u0173sti visk\u0105 ir visus po velni\u0173 ar tiesiog bijojo b\u016bti prarytas kasdienyb\u0117s li\u016bno; kiekvienam, kuris kada nors band\u0117 \u017evelgti baimei tiesiai \u012f akis, buvo i\u0161g\u0105sdintas netik\u0117tai i\u0161sipild\u017eiusios slap\u010diausios svajon\u0117s ar abejojo savimi.U\u017evert\u0119 \u0161ios knygos paskutin\u012f puslap\u012f j\u016bs visi\u0161kai kitomis akimis \u017evelgsite \u012f \u017demaitijos girias, Vilniaus gatves ir nekaltai \u010dir\u0161kian\u010dius \u017evirblius. O galb\u016bt net prad\u0117site ki\u0161en\u0117je prietaringai ne\u0161iotis ma\u017eyt\u012f veidrod\u0117l\u012f \u2013 d\u0117l visa pikta\u2026<\/p>\n","protected":false},"featured_media":14946,"comment_status":"open","ping_status":"closed","template":"","meta":{"_acf_changed":false,"site-sidebar-layout":"default","site-content-layout":"","ast-site-content-layout":"default","site-content-style":"default","site-sidebar-style":"default","ast-global-header-display":"","ast-banner-title-visibility":"","ast-main-header-display":"","ast-hfb-above-header-display":"","ast-hfb-below-header-display":"","ast-hfb-mobile-header-display":"","site-post-title":"","ast-breadcrumbs-content":"","ast-featured-img":"","footer-sml-layout":"","ast-disable-related-posts":"","theme-transparent-header-meta":"default","adv-header-id-meta":"","stick-header-meta":"","header-above-stick-meta":"","header-main-stick-meta":"","header-below-stick-meta":"","astra-migrate-meta-layouts":"set","ast-page-background-enabled":"default","ast-page-background-meta":{"desktop":{"background-color":"","background-image":"","background-repeat":"repeat","background-position":"center center","background-size":"auto","background-attachment":"scroll","background-type":"","background-media":"","overlay-type":"","overlay-color":"","overlay-opacity":"","overlay-gradient":""},"tablet":{"background-color":"","background-image":"","background-repeat":"repeat","background-position":"center center","background-size":"auto","background-attachment":"scroll","background-type":"","background-media":"","overlay-type":"","overlay-color":"","overlay-opacity":"","overlay-gradient":""},"mobile":{"background-color":"","background-image":"","background-repeat":"repeat","background-position":"center center","background-size":"auto","background-attachment":"scroll","background-type":"","background-media":"","overlay-type":"","overlay-color":"","overlay-opacity":"","overlay-gradient":""}},"ast-content-background-meta":{"desktop":{"background-color":"var(--ast-global-color-4)","background-image":"","background-repeat":"repeat","background-position":"center center","background-size":"auto","background-attachment":"scroll","background-type":"","background-media":"","overlay-type":"","overlay-color":"","overlay-opacity":"","overlay-gradient":""},"tablet":{"background-color":"var(--ast-global-color-4)","background-image":"","background-repeat":"repeat","background-position":"center center","background-size":"auto","background-attachment":"scroll","background-type":"","background-media":"","overlay-type":"","overlay-color":"","overlay-opacity":"","overlay-gradient":""},"mobile":{"background-color":"var(--ast-global-color-4)","background-image":"","background-repeat":"repeat","background-position":"center center","background-size":"auto","background-attachment":"scroll","background-type":"","background-media":"","overlay-type":"","overlay-color":"","overlay-opacity":"","overlay-gradient":""}}},"product_brand":[],"product_cat":[9590],"product_tag":[9597],"class_list":{"0":"post-14945","1":"product","2":"type-product","3":"status-publish","4":"has-post-thumbnail","6":"product_cat-lietuviu-literatura","7":"product_tag-ltkristina-sabaliauskaite","8":"desktop-align-left","9":"tablet-align-left","10":"mobile-align-left","12":"first","13":"outofstock","14":"shipping-taxable","15":"purchasable","16":"product-type-simple"},"acf":[],"yoast_head":"<!-- This site is optimized with the Yoast SEO plugin v27.4 - https:\/\/yoast.com\/product\/yoast-seo-wordpress\/ -->\n<title>Silva Rerum<\/title>\n<meta name=\"description\" content=\"\u201eSilva Rerum\u201c\u00a0\u2013 pirmasis \u017einomos \u017eurnalist\u0117s, menotyrinink\u0117s, dr.\u00a0Kristinos Sabaliauskait\u0117s\u00a0romanas. Studijuodama Baroko dail\u0117s istorij\u0105\u00a0Kristina\" \/>\n<meta name=\"robots\" content=\"index, follow, max-snippet:-1, max-image-preview:large, max-video-preview:-1\" \/>\n<link rel=\"canonical\" href=\"https:\/\/skaitytaknyga.lt\/en\/produktas\/silva-rerum\/\" \/>\n<meta property=\"og:locale\" content=\"en_GB\" \/>\n<meta property=\"og:locale:alternate\" content=\"lt_LT\" \/>\n<meta property=\"og:type\" content=\"article\" \/>\n<meta property=\"og:title\" content=\"Silva Rerum\" \/>\n<meta property=\"og:description\" content=\"\u201eSilva Rerum\u201c\u00a0\u2013 pirmasis \u017einomos \u017eurnalist\u0117s, menotyrinink\u0117s, dr.\u00a0Kristinos Sabaliauskait\u0117s\u00a0romanas. Studijuodama Baroko dail\u0117s istorij\u0105\u00a0Kristina\" \/>\n<meta property=\"og:url\" content=\"https:\/\/skaitytaknyga.lt\/en\/produktas\/silva-rerum\/\" \/>\n<meta property=\"og:site_name\" content=\"Skaitytaknyga\" \/>\n<meta property=\"article:publisher\" content=\"https:\/\/www.facebook.com\/skaitytaknyga\/\" \/>\n<meta property=\"article:modified_time\" content=\"2026-03-05T09:05:21+00:00\" \/>\n<meta property=\"og:image\" content=\"https:\/\/skaitytaknyga.lt\/wp-content\/uploads\/2024\/11\/Silva-Rerum.webp\" \/>\n\t<meta property=\"og:image:width\" content=\"398\" \/>\n\t<meta property=\"og:image:height\" content=\"600\" \/>\n\t<meta property=\"og:image:type\" content=\"image\/webp\" \/>\n<meta name=\"twitter:card\" content=\"summary_large_image\" \/>\n<meta name=\"twitter:label1\" content=\"Estimated reading time\" \/>\n\t<meta name=\"twitter:data1\" content=\"2 minutes\" \/>\n<script type=\"application\/ld+json\" class=\"yoast-schema-graph\">{\"@context\":\"https:\\\/\\\/schema.org\",\"@graph\":[{\"@type\":\"WebPage\",\"@id\":\"https:\\\/\\\/skaitytaknyga.lt\\\/produktas\\\/silva-rerum\\\/\",\"url\":\"https:\\\/\\\/skaitytaknyga.lt\\\/produktas\\\/silva-rerum\\\/\",\"name\":\"Silva Rerum\",\"isPartOf\":{\"@id\":\"https:\\\/\\\/skaitytaknyga.lt\\\/#website\"},\"primaryImageOfPage\":{\"@id\":\"https:\\\/\\\/skaitytaknyga.lt\\\/produktas\\\/silva-rerum\\\/#primaryimage\"},\"image\":{\"@id\":\"https:\\\/\\\/skaitytaknyga.lt\\\/produktas\\\/silva-rerum\\\/#primaryimage\"},\"thumbnailUrl\":\"https:\\\/\\\/skaitytaknyga.lt\\\/wp-content\\\/uploads\\\/2024\\\/11\\\/Silva-Rerum.webp\",\"datePublished\":\"2024-11-26T07:10:20+00:00\",\"dateModified\":\"2026-03-05T09:05:21+00:00\",\"description\":\"\u201eSilva Rerum\u201c\u00a0\u2013 pirmasis \u017einomos \u017eurnalist\u0117s, menotyrinink\u0117s, dr.\u00a0Kristinos Sabaliauskait\u0117s\u00a0romanas. Studijuodama Baroko dail\u0117s istorij\u0105\u00a0Kristina\",\"breadcrumb\":{\"@id\":\"https:\\\/\\\/skaitytaknyga.lt\\\/produktas\\\/silva-rerum\\\/#breadcrumb\"},\"inLanguage\":\"en-GB\",\"potentialAction\":[{\"@type\":\"ReadAction\",\"target\":[\"https:\\\/\\\/skaitytaknyga.lt\\\/produktas\\\/silva-rerum\\\/\"]}]},{\"@type\":\"ImageObject\",\"inLanguage\":\"en-GB\",\"@id\":\"https:\\\/\\\/skaitytaknyga.lt\\\/produktas\\\/silva-rerum\\\/#primaryimage\",\"url\":\"https:\\\/\\\/skaitytaknyga.lt\\\/wp-content\\\/uploads\\\/2024\\\/11\\\/Silva-Rerum.webp\",\"contentUrl\":\"https:\\\/\\\/skaitytaknyga.lt\\\/wp-content\\\/uploads\\\/2024\\\/11\\\/Silva-Rerum.webp\",\"width\":398,\"height\":600},{\"@type\":\"BreadcrumbList\",\"@id\":\"https:\\\/\\\/skaitytaknyga.lt\\\/produktas\\\/silva-rerum\\\/#breadcrumb\",\"itemListElement\":[{\"@type\":\"ListItem\",\"position\":1,\"name\":\"Home\",\"item\":\"https:\\\/\\\/skaitytaknyga.lt\\\/\"},{\"@type\":\"ListItem\",\"position\":2,\"name\":\"Parduotuv\u0117\",\"item\":\"https:\\\/\\\/skaitytaknyga.lt\\\/knygu-parduotuve\\\/\"},{\"@type\":\"ListItem\",\"position\":3,\"name\":\"Silva Rerum\"}]},{\"@type\":\"WebSite\",\"@id\":\"https:\\\/\\\/skaitytaknyga.lt\\\/#website\",\"url\":\"https:\\\/\\\/skaitytaknyga.lt\\\/\",\"name\":\"skaitytaknyga.lt\",\"description\":\"Skaitytaknyga.lt \u2013 tai ma\u017eas \u0161eimos verslas, kuris prasid\u0117jo nuo meil\u0117s knygoms ir siekio i\u0161gelb\u0117ti knygas nuo likimo prie konteinerio. Kas vienam nereikalingas daiktas \u2013 kitam lobis, o mes esame tarpininkai, kurie padeda abiems tapti laimingesniems ???? \u017dinome kaip nelengva i\u0161gyventi ma\u017eiems verslams, tad nuo \u0161iol, \u010dia rasite ir kit\u0173, ma\u017e\u0173 \u0161eim\u0173 versl\u0173, rank\u0173 darbo, dovan\u0173 sau ir artimiesiems.\",\"publisher\":{\"@id\":\"https:\\\/\\\/skaitytaknyga.lt\\\/#organization\"},\"potentialAction\":[{\"@type\":\"SearchAction\",\"target\":{\"@type\":\"EntryPoint\",\"urlTemplate\":\"https:\\\/\\\/skaitytaknyga.lt\\\/?s={search_term_string}\"},\"query-input\":{\"@type\":\"PropertyValueSpecification\",\"valueRequired\":true,\"valueName\":\"search_term_string\"}}],\"inLanguage\":\"en-GB\"},{\"@type\":\"Organization\",\"@id\":\"https:\\\/\\\/skaitytaknyga.lt\\\/#organization\",\"name\":\"skaitytaknyga.lt\",\"url\":\"https:\\\/\\\/skaitytaknyga.lt\\\/\",\"logo\":{\"@type\":\"ImageObject\",\"inLanguage\":\"en-GB\",\"@id\":\"https:\\\/\\\/skaitytaknyga.lt\\\/#\\\/schema\\\/logo\\\/image\\\/\",\"url\":\"https:\\\/\\\/skaitytaknyga.lt\\\/wp-content\\\/uploads\\\/2024\\\/05\\\/cropped-cropped-cropped-02_00843_jt3bggkj1j3HLc7SyY6rEUpg.jpeg\",\"contentUrl\":\"https:\\\/\\\/skaitytaknyga.lt\\\/wp-content\\\/uploads\\\/2024\\\/05\\\/cropped-cropped-cropped-02_00843_jt3bggkj1j3HLc7SyY6rEUpg.jpeg\",\"width\":1600,\"height\":1600,\"caption\":\"skaitytaknyga.lt\"},\"image\":{\"@id\":\"https:\\\/\\\/skaitytaknyga.lt\\\/#\\\/schema\\\/logo\\\/image\\\/\"},\"sameAs\":[\"https:\\\/\\\/www.facebook.com\\\/skaitytaknyga\\\/\"]}]}<\/script>\n<!-- \/ Yoast SEO plugin. -->","yoast_head_json":{"title":"Silva Rerum","description":"\u201eSilva Rerum\u201c\u00a0\u2013 pirmasis \u017einomos \u017eurnalist\u0117s, menotyrinink\u0117s, dr.\u00a0Kristinos Sabaliauskait\u0117s\u00a0romanas. Studijuodama Baroko dail\u0117s istorij\u0105\u00a0Kristina","robots":{"index":"index","follow":"follow","max-snippet":"max-snippet:-1","max-image-preview":"max-image-preview:large","max-video-preview":"max-video-preview:-1"},"canonical":"https:\/\/skaitytaknyga.lt\/en\/produktas\/silva-rerum\/","og_locale":"en_GB","og_type":"article","og_title":"[:lt]Silva Rerum[:] - Skaitytaknyga","og_description":"\u201eSilva Rerum\u201c\u00a0\u2013 pirmasis \u017einomos \u017eurnalist\u0117s, menotyrinink\u0117s, dr.\u00a0Kristinos Sabaliauskait\u0117s\u00a0romanas. Studijuodama Baroko dail\u0117s istorij\u0105\u00a0Kristina","og_url":"https:\/\/skaitytaknyga.lt\/en\/produktas\/silva-rerum\/","og_site_name":"Skaitytaknyga","article_publisher":"https:\/\/www.facebook.com\/skaitytaknyga\/","article_modified_time":"2026-03-05T09:05:21+00:00","og_image":[{"width":398,"height":600,"url":"https:\/\/skaitytaknyga.lt\/wp-content\/uploads\/2024\/11\/Silva-Rerum.webp","type":"image\/webp"}],"twitter_card":"summary_large_image","twitter_misc":{"Estimated reading time":"2 minutes"},"schema":{"@context":"https:\/\/schema.org","@graph":[{"@type":"WebPage","@id":"https:\/\/skaitytaknyga.lt\/produktas\/silva-rerum\/","url":"https:\/\/skaitytaknyga.lt\/produktas\/silva-rerum\/","name":"Silva Rerum","isPartOf":{"@id":"https:\/\/skaitytaknyga.lt\/#website"},"primaryImageOfPage":{"@id":"https:\/\/skaitytaknyga.lt\/produktas\/silva-rerum\/#primaryimage"},"image":{"@id":"https:\/\/skaitytaknyga.lt\/produktas\/silva-rerum\/#primaryimage"},"thumbnailUrl":"https:\/\/skaitytaknyga.lt\/wp-content\/uploads\/2024\/11\/Silva-Rerum.webp","datePublished":"2024-11-26T07:10:20+00:00","dateModified":"2026-03-05T09:05:21+00:00","description":"\u201eSilva Rerum\u201c\u00a0\u2013 pirmasis \u017einomos \u017eurnalist\u0117s, menotyrinink\u0117s, dr.\u00a0Kristinos Sabaliauskait\u0117s\u00a0romanas. Studijuodama Baroko dail\u0117s istorij\u0105\u00a0Kristina","breadcrumb":{"@id":"https:\/\/skaitytaknyga.lt\/produktas\/silva-rerum\/#breadcrumb"},"inLanguage":"en-GB","potentialAction":[{"@type":"ReadAction","target":["https:\/\/skaitytaknyga.lt\/produktas\/silva-rerum\/"]}]},{"@type":"ImageObject","inLanguage":"en-GB","@id":"https:\/\/skaitytaknyga.lt\/produktas\/silva-rerum\/#primaryimage","url":"https:\/\/skaitytaknyga.lt\/wp-content\/uploads\/2024\/11\/Silva-Rerum.webp","contentUrl":"https:\/\/skaitytaknyga.lt\/wp-content\/uploads\/2024\/11\/Silva-Rerum.webp","width":398,"height":600},{"@type":"BreadcrumbList","@id":"https:\/\/skaitytaknyga.lt\/produktas\/silva-rerum\/#breadcrumb","itemListElement":[{"@type":"ListItem","position":1,"name":"Home","item":"https:\/\/skaitytaknyga.lt\/"},{"@type":"ListItem","position":2,"name":"Parduotuv\u0117","item":"https:\/\/skaitytaknyga.lt\/knygu-parduotuve\/"},{"@type":"ListItem","position":3,"name":"Silva Rerum"}]},{"@type":"WebSite","@id":"https:\/\/skaitytaknyga.lt\/#website","url":"https:\/\/skaitytaknyga.lt\/","name":"skaitytaknyga.lt","description":"Skaitytaknyga.lt \u2013 tai ma\u017eas \u0161eimos verslas, kuris prasid\u0117jo nuo meil\u0117s knygoms ir siekio i\u0161gelb\u0117ti knygas nuo likimo prie konteinerio. Kas vienam nereikalingas daiktas \u2013 kitam lobis, o mes esame tarpininkai, kurie padeda abiems tapti laimingesniems ???? \u017dinome kaip nelengva i\u0161gyventi ma\u017eiems verslams, tad nuo \u0161iol, \u010dia rasite ir kit\u0173, ma\u017e\u0173 \u0161eim\u0173 versl\u0173, rank\u0173 darbo, dovan\u0173 sau ir artimiesiems.","publisher":{"@id":"https:\/\/skaitytaknyga.lt\/#organization"},"potentialAction":[{"@type":"SearchAction","target":{"@type":"EntryPoint","urlTemplate":"https:\/\/skaitytaknyga.lt\/?s={search_term_string}"},"query-input":{"@type":"PropertyValueSpecification","valueRequired":true,"valueName":"search_term_string"}}],"inLanguage":"en-GB"},{"@type":"Organization","@id":"https:\/\/skaitytaknyga.lt\/#organization","name":"skaitytaknyga.lt","url":"https:\/\/skaitytaknyga.lt\/","logo":{"@type":"ImageObject","inLanguage":"en-GB","@id":"https:\/\/skaitytaknyga.lt\/#\/schema\/logo\/image\/","url":"https:\/\/skaitytaknyga.lt\/wp-content\/uploads\/2024\/05\/cropped-cropped-cropped-02_00843_jt3bggkj1j3HLc7SyY6rEUpg.jpeg","contentUrl":"https:\/\/skaitytaknyga.lt\/wp-content\/uploads\/2024\/05\/cropped-cropped-cropped-02_00843_jt3bggkj1j3HLc7SyY6rEUpg.jpeg","width":1600,"height":1600,"caption":"skaitytaknyga.lt"},"image":{"@id":"https:\/\/skaitytaknyga.lt\/#\/schema\/logo\/image\/"},"sameAs":["https:\/\/www.facebook.com\/skaitytaknyga\/"]}]}},"_links":{"self":[{"href":"https:\/\/skaitytaknyga.lt\/en\/wp-json\/wp\/v2\/product\/14945","targetHints":{"allow":["GET"]}}],"collection":[{"href":"https:\/\/skaitytaknyga.lt\/en\/wp-json\/wp\/v2\/product"}],"about":[{"href":"https:\/\/skaitytaknyga.lt\/en\/wp-json\/wp\/v2\/types\/product"}],"replies":[{"embeddable":true,"href":"https:\/\/skaitytaknyga.lt\/en\/wp-json\/wp\/v2\/comments?post=14945"}],"wp:featuredmedia":[{"embeddable":true,"href":"https:\/\/skaitytaknyga.lt\/en\/wp-json\/wp\/v2\/media\/14946"}],"wp:attachment":[{"href":"https:\/\/skaitytaknyga.lt\/en\/wp-json\/wp\/v2\/media?parent=14945"}],"wp:term":[{"taxonomy":"product_brand","embeddable":true,"href":"https:\/\/skaitytaknyga.lt\/en\/wp-json\/wp\/v2\/product_brand?post=14945"},{"taxonomy":"product_cat","embeddable":true,"href":"https:\/\/skaitytaknyga.lt\/en\/wp-json\/wp\/v2\/product_cat?post=14945"},{"taxonomy":"product_tag","embeddable":true,"href":"https:\/\/skaitytaknyga.lt\/en\/wp-json\/wp\/v2\/product_tag?post=14945"}],"curies":[{"name":"wp","href":"https:\/\/api.w.org\/{rel}","templated":true}]}}