{"id":14933,"date":"2024-11-25T15:23:32","date_gmt":"2024-11-25T13:23:32","guid":{"rendered":"https:\/\/skaitytaknyga.lt\/?post_type=product&#038;p=14933"},"modified":"2024-11-25T15:46:25","modified_gmt":"2024-11-25T13:46:25","slug":"is-pirmu-lupu-apie-krepsini-apie-klaipeda-apie-uosta-apie-gyvenima","status":"publish","type":"product","link":"https:\/\/skaitytaknyga.lt\/en\/produktas\/is-pirmu-lupu-apie-krepsini-apie-klaipeda-apie-uosta-apie-gyvenima\/","title":{"rendered":"I\u0161 pirm\u0173 l\u016bp\u0173: apie krep\u0161in\u012f, apie Klaip\u0117d\u0105, apie uost\u0105, apie gyvenim\u0105"},"content":{"rendered":"<p>Valentino Grei\u010di\u016bno prisiminim\u0173 knyga \u201eI\u0161 pirm\u0173 l\u016bp\u0173: apie krep\u0161in\u012f, apie Klaip\u0117d\u0105, apie uost\u0105, apie gyvenim\u0105\u201c.<\/p>\n<p>Joje atskleid\u017eiama, kaip keit\u0117si pokariu smarkiai sugriautas miestas, kokiose sporto sal\u0117se treniravosi tuome\u010diai miesto krep\u0161ininkai, kaip vyko Vykdomojo komiteto pos\u0117d\u017eiai tarybin\u0117je Klaip\u0117doje, kaip \u012f automobilio \u201ePobeda\u201c \u0161eiminink\u0105 reagavo t\u0173 laik\u0173 merginos, kokius juokelius laid\u0117 sovietin\u0117s Lietuvos \u0161eimininkas Antanas Snie\u010dkus, o k\u0105 m\u0117go Valstybinio plano komiteto pirmininkas Aleksandras Drobnys&#8230; Taip pat pasakojama, kaip atsirado kai kurie Klaip\u0117dos statiniai ir gatv\u0117s, be kuri\u0173 ne\u012fsivaizduojamas \u0161is miestas, kiek kainavo Lengvosios atletikos manie\u017eas, koks pavojus i\u0161tis\u0105 de\u0161imtmet\u012f gr\u0117s\u0117 Klaip\u0117dos miesto ligoninei, kaip pavyko gauti l\u0117\u0161\u0173 Dramos teatrui rekonstruoti, kam saugumie\u010diams prireik\u0117 vieno kambario naujai statomame \u201eKlaip\u0117dos\u201c vie\u0161butyje, kaip Klaip\u0117dos rusakalbiai reagavo \u012f savaranki\u0161kos Lietuvos komunist\u0173 partijos susik\u016brim\u0105, kaip buvo kuriamas jau nepriklausomos Lietuvos j\u016br\u0173 uostas, kas padovanojo k\u0117des ir stalus uosto direkcijai.<\/p>\n","protected":false},"excerpt":{"rendered":"<p>Valentino Grei\u010di\u016bno prisiminim\u0173 knyga \u201eI\u0161 pirm\u0173 l\u016bp\u0173: apie krep\u0161in\u012f, apie Klaip\u0117d\u0105, apie uost\u0105, apie gyvenim\u0105\u201c. Joje atskleid\u017eiama, kaip keit\u0117si pokariu smarkiai sugriautas miestas, kokiose sporto sal\u0117se treniravosi tuome\u010diai miesto krep\u0161ininkai, kaip vyko Vykdomojo komiteto pos\u0117d\u017eiai tarybin\u0117je Klaip\u0117doje, kaip \u012f automobilio \u201ePobeda\u201c \u0161eiminink\u0105 reagavo t\u0173 laik\u0173 merginos, kokius juokelius laid\u0117 sovietin\u0117s Lietuvos \u0161eimininkas Antanas Snie\u010dkus, o k\u0105 m\u0117go Valstybinio plano komiteto pirmininkas Aleksandras Drobnys&#8230; Taip pat pasakojama, kaip atsirado kai kurie Klaip\u0117dos statiniai ir gatv\u0117s, be kuri\u0173 ne\u012fsivaizduojamas \u0161is miestas, kiek kainavo Lengvosios atletikos manie\u017eas, koks pavojus i\u0161tis\u0105 de\u0161imtmet\u012f gr\u0117s\u0117 Klaip\u0117dos miesto ligoninei, kaip pavyko gauti l\u0117\u0161\u0173 Dramos teatrui rekonstruoti, kam saugumie\u010diams prireik\u0117 vieno kambario naujai statomame \u201eKlaip\u0117dos\u201c vie\u0161butyje, kaip Klaip\u0117dos rusakalbiai reagavo \u012f savaranki\u0161kos Lietuvos komunist\u0173 partijos susik\u016brim\u0105, kaip buvo kuriamas jau nepriklausomos Lietuvos j\u016br\u0173 uostas, kas padovanojo k\u0117des ir stalus uosto direkcijai.<\/p>\n","protected":false},"featured_media":14935,"comment_status":"open","ping_status":"closed","template":"","meta":{"_acf_changed":false,"site-sidebar-layout":"default","site-content-layout":"","ast-site-content-layout":"default","site-content-style":"default","site-sidebar-style":"default","ast-global-header-display":"","ast-banner-title-visibility":"","ast-main-header-display":"","ast-hfb-above-header-display":"","ast-hfb-below-header-display":"","ast-hfb-mobile-header-display":"","site-post-title":"","ast-breadcrumbs-content":"","ast-featured-img":"","footer-sml-layout":"","ast-disable-related-posts":"","theme-transparent-header-meta":"default","adv-header-id-meta":"","stick-header-meta":"","header-above-stick-meta":"","header-main-stick-meta":"","header-below-stick-meta":"","astra-migrate-meta-layouts":"set","ast-page-background-enabled":"default","ast-page-background-meta":{"desktop":{"background-color":"","background-image":"","background-repeat":"repeat","background-position":"center center","background-size":"auto","background-attachment":"scroll","background-type":"","background-media":"","overlay-type":"","overlay-color":"","overlay-opacity":"","overlay-gradient":""},"tablet":{"background-color":"","background-image":"","background-repeat":"repeat","background-position":"center center","background-size":"auto","background-attachment":"scroll","background-type":"","background-media":"","overlay-type":"","overlay-color":"","overlay-opacity":"","overlay-gradient":""},"mobile":{"background-color":"","background-image":"","background-repeat":"repeat","background-position":"center center","background-size":"auto","background-attachment":"scroll","background-type":"","background-media":"","overlay-type":"","overlay-color":"","overlay-opacity":"","overlay-gradient":""}},"ast-content-background-meta":{"desktop":{"background-color":"var(--ast-global-color-4)","background-image":"","background-repeat":"repeat","background-position":"center center","background-size":"auto","background-attachment":"scroll","background-type":"","background-media":"","overlay-type":"","overlay-color":"","overlay-opacity":"","overlay-gradient":""},"tablet":{"background-color":"var(--ast-global-color-4)","background-image":"","background-repeat":"repeat","background-position":"center center","background-size":"auto","background-attachment":"scroll","background-type":"","background-media":"","overlay-type":"","overlay-color":"","overlay-opacity":"","overlay-gradient":""},"mobile":{"background-color":"var(--ast-global-color-4)","background-image":"","background-repeat":"repeat","background-position":"center center","background-size":"auto","background-attachment":"scroll","background-type":"","background-media":"","overlay-type":"","overlay-color":"","overlay-opacity":"","overlay-gradient":""}}},"product_brand":[],"product_cat":[15],"product_tag":[],"class_list":{"0":"post-14933","1":"product","2":"type-product","3":"status-publish","4":"has-post-thumbnail","6":"product_cat-uncategorized","7":"desktop-align-left","8":"tablet-align-left","9":"mobile-align-left","11":"first","12":"instock","13":"shipping-taxable","14":"purchasable","15":"product-type-simple"},"acf":[],"yoast_head":"<!-- This site is optimized with the Yoast SEO plugin v27.0 - https:\/\/yoast.com\/product\/yoast-seo-wordpress\/ -->\n<title>I\u0161 pirm\u0173 l\u016bp\u0173: apie krep\u0161in\u012f, apie Klaip\u0117d\u0105, apie uost\u0105, apie gyvenim\u0105<\/title>\n<meta name=\"description\" content=\"Valentino Grei\u010di\u016bno prisiminim\u0173 knyga \u201eI\u0161 pirm\u0173 l\u016bp\u0173: apie krep\u0161in\u012f, apie Klaip\u0117d\u0105, apie uost\u0105, apie gyvenim\u0105\u201c. Joje atskleid\u017eiama, kaip keit\u0117si pokariu\" \/>\n<meta name=\"robots\" content=\"index, follow, max-snippet:-1, max-image-preview:large, max-video-preview:-1\" \/>\n<link rel=\"canonical\" href=\"https:\/\/skaitytaknyga.lt\/en\/produktas\/is-pirmu-lupu-apie-krepsini-apie-klaipeda-apie-uosta-apie-gyvenima\/\" \/>\n<meta property=\"og:locale\" content=\"en_GB\" \/>\n<meta property=\"og:locale:alternate\" content=\"lt_LT\" \/>\n<meta property=\"og:type\" content=\"article\" \/>\n<meta property=\"og:title\" content=\"I\u0161 pirm\u0173 l\u016bp\u0173: apie krep\u0161in\u012f, apie Klaip\u0117d\u0105, apie uost\u0105, apie gyvenim\u0105\" \/>\n<meta property=\"og:description\" content=\"Valentino Grei\u010di\u016bno prisiminim\u0173 knyga \u201eI\u0161 pirm\u0173 l\u016bp\u0173: apie krep\u0161in\u012f, apie Klaip\u0117d\u0105, apie uost\u0105, apie gyvenim\u0105\u201c. Joje atskleid\u017eiama, kaip keit\u0117si pokariu\" \/>\n<meta property=\"og:url\" content=\"https:\/\/skaitytaknyga.lt\/en\/produktas\/is-pirmu-lupu-apie-krepsini-apie-klaipeda-apie-uosta-apie-gyvenima\/\" \/>\n<meta property=\"og:site_name\" content=\"Skaitytaknyga\" \/>\n<meta property=\"article:publisher\" content=\"https:\/\/www.facebook.com\/skaitytaknyga\/\" \/>\n<meta property=\"article:modified_time\" content=\"2024-11-25T13:46:25+00:00\" \/>\n<meta property=\"og:image\" content=\"https:\/\/skaitytaknyga.lt\/wp-content\/uploads\/2024\/11\/knygos_0_konkursas_3_blokas_vebui-e1732542353646.jpg\" \/>\n\t<meta property=\"og:image:width\" content=\"258\" \/>\n\t<meta property=\"og:image:height\" content=\"363\" \/>\n\t<meta property=\"og:image:type\" content=\"image\/jpeg\" \/>\n<meta name=\"twitter:card\" content=\"summary_large_image\" \/>\n<meta name=\"twitter:label1\" content=\"Estimated reading time\" \/>\n\t<meta name=\"twitter:data1\" content=\"1 minute\" \/>\n<script type=\"application\/ld+json\" class=\"yoast-schema-graph\">{\"@context\":\"https:\/\/schema.org\",\"@graph\":[{\"@type\":\"WebPage\",\"@id\":\"https:\/\/skaitytaknyga.lt\/produktas\/is-pirmu-lupu-apie-krepsini-apie-klaipeda-apie-uosta-apie-gyvenima\/\",\"url\":\"https:\/\/skaitytaknyga.lt\/produktas\/is-pirmu-lupu-apie-krepsini-apie-klaipeda-apie-uosta-apie-gyvenima\/\",\"name\":\"I\u0161 pirm\u0173 l\u016bp\u0173: apie krep\u0161in\u012f, apie Klaip\u0117d\u0105, apie uost\u0105, apie gyvenim\u0105\",\"isPartOf\":{\"@id\":\"https:\/\/skaitytaknyga.lt\/#website\"},\"primaryImageOfPage\":{\"@id\":\"https:\/\/skaitytaknyga.lt\/produktas\/is-pirmu-lupu-apie-krepsini-apie-klaipeda-apie-uosta-apie-gyvenima\/#primaryimage\"},\"image\":{\"@id\":\"https:\/\/skaitytaknyga.lt\/produktas\/is-pirmu-lupu-apie-krepsini-apie-klaipeda-apie-uosta-apie-gyvenima\/#primaryimage\"},\"thumbnailUrl\":\"https:\/\/skaitytaknyga.lt\/wp-content\/uploads\/2024\/11\/knygos_0_konkursas_3_blokas_vebui-e1732542353646.jpg\",\"datePublished\":\"2024-11-25T13:23:32+00:00\",\"dateModified\":\"2024-11-25T13:46:25+00:00\",\"description\":\"Valentino Grei\u010di\u016bno prisiminim\u0173 knyga \u201eI\u0161 pirm\u0173 l\u016bp\u0173: apie krep\u0161in\u012f, apie Klaip\u0117d\u0105, apie uost\u0105, apie gyvenim\u0105\u201c. Joje atskleid\u017eiama, kaip keit\u0117si pokariu\",\"breadcrumb\":{\"@id\":\"https:\/\/skaitytaknyga.lt\/produktas\/is-pirmu-lupu-apie-krepsini-apie-klaipeda-apie-uosta-apie-gyvenima\/#breadcrumb\"},\"inLanguage\":\"en-GB\",\"potentialAction\":[{\"@type\":\"ReadAction\",\"target\":[\"https:\/\/skaitytaknyga.lt\/produktas\/is-pirmu-lupu-apie-krepsini-apie-klaipeda-apie-uosta-apie-gyvenima\/\"]}]},{\"@type\":\"ImageObject\",\"inLanguage\":\"en-GB\",\"@id\":\"https:\/\/skaitytaknyga.lt\/produktas\/is-pirmu-lupu-apie-krepsini-apie-klaipeda-apie-uosta-apie-gyvenima\/#primaryimage\",\"url\":\"https:\/\/skaitytaknyga.lt\/wp-content\/uploads\/2024\/11\/knygos_0_konkursas_3_blokas_vebui-e1732542353646.jpg\",\"contentUrl\":\"https:\/\/skaitytaknyga.lt\/wp-content\/uploads\/2024\/11\/knygos_0_konkursas_3_blokas_vebui-e1732542353646.jpg\",\"width\":258,\"height\":363,\"caption\":\"I\u0161 pirm\u0173 l\u016bp\u0173: apie krep\u0161in\u012f, apie Klaip\u0117d\u0105, apie uost\u0105, apie gyvenim\u0105\"},{\"@type\":\"BreadcrumbList\",\"@id\":\"https:\/\/skaitytaknyga.lt\/produktas\/is-pirmu-lupu-apie-krepsini-apie-klaipeda-apie-uosta-apie-gyvenima\/#breadcrumb\",\"itemListElement\":[{\"@type\":\"ListItem\",\"position\":1,\"name\":\"Home\",\"item\":\"https:\/\/skaitytaknyga.lt\/\"},{\"@type\":\"ListItem\",\"position\":2,\"name\":\"Parduotuv\u0117\",\"item\":\"https:\/\/skaitytaknyga.lt\/knygu-parduotuve\/\"},{\"@type\":\"ListItem\",\"position\":3,\"name\":\"I\u0161 pirm\u0173 l\u016bp\u0173: apie krep\u0161in\u012f, apie Klaip\u0117d\u0105, apie uost\u0105, apie gyvenim\u0105\"}]},{\"@type\":\"WebSite\",\"@id\":\"https:\/\/skaitytaknyga.lt\/#website\",\"url\":\"https:\/\/skaitytaknyga.lt\/\",\"name\":\"skaitytaknyga.lt\",\"description\":\"Skaitytaknyga.lt \u2013 tai ma\u017eas \u0161eimos verslas, kuris prasid\u0117jo nuo meil\u0117s knygoms ir siekio i\u0161gelb\u0117ti knygas nuo likimo prie konteinerio. Kas vienam nereikalingas daiktas \u2013 kitam lobis, o mes esame tarpininkai, kurie padeda abiems tapti laimingesniems ???? \u017dinome kaip nelengva i\u0161gyventi ma\u017eiems verslams, tad nuo \u0161iol, \u010dia rasite ir kit\u0173, ma\u017e\u0173 \u0161eim\u0173 versl\u0173, rank\u0173 darbo, dovan\u0173 sau ir artimiesiems.\",\"publisher\":{\"@id\":\"https:\/\/skaitytaknyga.lt\/#organization\"},\"potentialAction\":[{\"@type\":\"SearchAction\",\"target\":{\"@type\":\"EntryPoint\",\"urlTemplate\":\"https:\/\/skaitytaknyga.lt\/?s={search_term_string}\"},\"query-input\":{\"@type\":\"PropertyValueSpecification\",\"valueRequired\":true,\"valueName\":\"search_term_string\"}}],\"inLanguage\":\"en-GB\"},{\"@type\":\"Organization\",\"@id\":\"https:\/\/skaitytaknyga.lt\/#organization\",\"name\":\"skaitytaknyga.lt\",\"url\":\"https:\/\/skaitytaknyga.lt\/\",\"logo\":{\"@type\":\"ImageObject\",\"inLanguage\":\"en-GB\",\"@id\":\"https:\/\/skaitytaknyga.lt\/#\/schema\/logo\/image\/\",\"url\":\"https:\/\/skaitytaknyga.lt\/wp-content\/uploads\/2024\/05\/cropped-cropped-cropped-02_00843_jt3bggkj1j3HLc7SyY6rEUpg.jpeg\",\"contentUrl\":\"https:\/\/skaitytaknyga.lt\/wp-content\/uploads\/2024\/05\/cropped-cropped-cropped-02_00843_jt3bggkj1j3HLc7SyY6rEUpg.jpeg\",\"width\":1600,\"height\":1600,\"caption\":\"skaitytaknyga.lt\"},\"image\":{\"@id\":\"https:\/\/skaitytaknyga.lt\/#\/schema\/logo\/image\/\"},\"sameAs\":[\"https:\/\/www.facebook.com\/skaitytaknyga\/\"]}]}<\/script>\n<!-- \/ Yoast SEO plugin. -->","yoast_head_json":{"title":"I\u0161 pirm\u0173 l\u016bp\u0173: apie krep\u0161in\u012f, apie Klaip\u0117d\u0105, apie uost\u0105, apie gyvenim\u0105","description":"Valentino Grei\u010di\u016bno prisiminim\u0173 knyga \u201eI\u0161 pirm\u0173 l\u016bp\u0173: apie krep\u0161in\u012f, apie Klaip\u0117d\u0105, apie uost\u0105, apie gyvenim\u0105\u201c. Joje atskleid\u017eiama, kaip keit\u0117si pokariu","robots":{"index":"index","follow":"follow","max-snippet":"max-snippet:-1","max-image-preview":"max-image-preview:large","max-video-preview":"max-video-preview:-1"},"canonical":"https:\/\/skaitytaknyga.lt\/en\/produktas\/is-pirmu-lupu-apie-krepsini-apie-klaipeda-apie-uosta-apie-gyvenima\/","og_locale":"en_GB","og_type":"article","og_title":"[:lt]I\u0161 pirm\u0173 l\u016bp\u0173: apie krep\u0161in\u012f, apie Klaip\u0117d\u0105, apie uost\u0105, apie gyvenim\u0105[:] - Skaitytaknyga","og_description":"Valentino Grei\u010di\u016bno prisiminim\u0173 knyga \u201eI\u0161 pirm\u0173 l\u016bp\u0173: apie krep\u0161in\u012f, apie Klaip\u0117d\u0105, apie uost\u0105, apie gyvenim\u0105\u201c. Joje atskleid\u017eiama, kaip keit\u0117si pokariu","og_url":"https:\/\/skaitytaknyga.lt\/en\/produktas\/is-pirmu-lupu-apie-krepsini-apie-klaipeda-apie-uosta-apie-gyvenima\/","og_site_name":"Skaitytaknyga","article_publisher":"https:\/\/www.facebook.com\/skaitytaknyga\/","article_modified_time":"2024-11-25T13:46:25+00:00","og_image":[{"width":258,"height":363,"url":"https:\/\/skaitytaknyga.lt\/wp-content\/uploads\/2024\/11\/knygos_0_konkursas_3_blokas_vebui-e1732542353646.jpg","type":"image\/jpeg"}],"twitter_card":"summary_large_image","twitter_misc":{"Estimated reading time":"1 minute"},"schema":{"@context":"https:\/\/schema.org","@graph":[{"@type":"WebPage","@id":"https:\/\/skaitytaknyga.lt\/produktas\/is-pirmu-lupu-apie-krepsini-apie-klaipeda-apie-uosta-apie-gyvenima\/","url":"https:\/\/skaitytaknyga.lt\/produktas\/is-pirmu-lupu-apie-krepsini-apie-klaipeda-apie-uosta-apie-gyvenima\/","name":"I\u0161 pirm\u0173 l\u016bp\u0173: apie krep\u0161in\u012f, apie Klaip\u0117d\u0105, apie uost\u0105, apie gyvenim\u0105","isPartOf":{"@id":"https:\/\/skaitytaknyga.lt\/#website"},"primaryImageOfPage":{"@id":"https:\/\/skaitytaknyga.lt\/produktas\/is-pirmu-lupu-apie-krepsini-apie-klaipeda-apie-uosta-apie-gyvenima\/#primaryimage"},"image":{"@id":"https:\/\/skaitytaknyga.lt\/produktas\/is-pirmu-lupu-apie-krepsini-apie-klaipeda-apie-uosta-apie-gyvenima\/#primaryimage"},"thumbnailUrl":"https:\/\/skaitytaknyga.lt\/wp-content\/uploads\/2024\/11\/knygos_0_konkursas_3_blokas_vebui-e1732542353646.jpg","datePublished":"2024-11-25T13:23:32+00:00","dateModified":"2024-11-25T13:46:25+00:00","description":"Valentino Grei\u010di\u016bno prisiminim\u0173 knyga \u201eI\u0161 pirm\u0173 l\u016bp\u0173: apie krep\u0161in\u012f, apie Klaip\u0117d\u0105, apie uost\u0105, apie gyvenim\u0105\u201c. Joje atskleid\u017eiama, kaip keit\u0117si pokariu","breadcrumb":{"@id":"https:\/\/skaitytaknyga.lt\/produktas\/is-pirmu-lupu-apie-krepsini-apie-klaipeda-apie-uosta-apie-gyvenima\/#breadcrumb"},"inLanguage":"en-GB","potentialAction":[{"@type":"ReadAction","target":["https:\/\/skaitytaknyga.lt\/produktas\/is-pirmu-lupu-apie-krepsini-apie-klaipeda-apie-uosta-apie-gyvenima\/"]}]},{"@type":"ImageObject","inLanguage":"en-GB","@id":"https:\/\/skaitytaknyga.lt\/produktas\/is-pirmu-lupu-apie-krepsini-apie-klaipeda-apie-uosta-apie-gyvenima\/#primaryimage","url":"https:\/\/skaitytaknyga.lt\/wp-content\/uploads\/2024\/11\/knygos_0_konkursas_3_blokas_vebui-e1732542353646.jpg","contentUrl":"https:\/\/skaitytaknyga.lt\/wp-content\/uploads\/2024\/11\/knygos_0_konkursas_3_blokas_vebui-e1732542353646.jpg","width":258,"height":363,"caption":"I\u0161 pirm\u0173 l\u016bp\u0173: apie krep\u0161in\u012f, apie Klaip\u0117d\u0105, apie uost\u0105, apie gyvenim\u0105"},{"@type":"BreadcrumbList","@id":"https:\/\/skaitytaknyga.lt\/produktas\/is-pirmu-lupu-apie-krepsini-apie-klaipeda-apie-uosta-apie-gyvenima\/#breadcrumb","itemListElement":[{"@type":"ListItem","position":1,"name":"Home","item":"https:\/\/skaitytaknyga.lt\/"},{"@type":"ListItem","position":2,"name":"Parduotuv\u0117","item":"https:\/\/skaitytaknyga.lt\/knygu-parduotuve\/"},{"@type":"ListItem","position":3,"name":"I\u0161 pirm\u0173 l\u016bp\u0173: apie krep\u0161in\u012f, apie Klaip\u0117d\u0105, apie uost\u0105, apie gyvenim\u0105"}]},{"@type":"WebSite","@id":"https:\/\/skaitytaknyga.lt\/#website","url":"https:\/\/skaitytaknyga.lt\/","name":"skaitytaknyga.lt","description":"Skaitytaknyga.lt \u2013 tai ma\u017eas \u0161eimos verslas, kuris prasid\u0117jo nuo meil\u0117s knygoms ir siekio i\u0161gelb\u0117ti knygas nuo likimo prie konteinerio. Kas vienam nereikalingas daiktas \u2013 kitam lobis, o mes esame tarpininkai, kurie padeda abiems tapti laimingesniems ???? \u017dinome kaip nelengva i\u0161gyventi ma\u017eiems verslams, tad nuo \u0161iol, \u010dia rasite ir kit\u0173, ma\u017e\u0173 \u0161eim\u0173 versl\u0173, rank\u0173 darbo, dovan\u0173 sau ir artimiesiems.","publisher":{"@id":"https:\/\/skaitytaknyga.lt\/#organization"},"potentialAction":[{"@type":"SearchAction","target":{"@type":"EntryPoint","urlTemplate":"https:\/\/skaitytaknyga.lt\/?s={search_term_string}"},"query-input":{"@type":"PropertyValueSpecification","valueRequired":true,"valueName":"search_term_string"}}],"inLanguage":"en-GB"},{"@type":"Organization","@id":"https:\/\/skaitytaknyga.lt\/#organization","name":"skaitytaknyga.lt","url":"https:\/\/skaitytaknyga.lt\/","logo":{"@type":"ImageObject","inLanguage":"en-GB","@id":"https:\/\/skaitytaknyga.lt\/#\/schema\/logo\/image\/","url":"https:\/\/skaitytaknyga.lt\/wp-content\/uploads\/2024\/05\/cropped-cropped-cropped-02_00843_jt3bggkj1j3HLc7SyY6rEUpg.jpeg","contentUrl":"https:\/\/skaitytaknyga.lt\/wp-content\/uploads\/2024\/05\/cropped-cropped-cropped-02_00843_jt3bggkj1j3HLc7SyY6rEUpg.jpeg","width":1600,"height":1600,"caption":"skaitytaknyga.lt"},"image":{"@id":"https:\/\/skaitytaknyga.lt\/#\/schema\/logo\/image\/"},"sameAs":["https:\/\/www.facebook.com\/skaitytaknyga\/"]}]}},"_links":{"self":[{"href":"https:\/\/skaitytaknyga.lt\/en\/wp-json\/wp\/v2\/product\/14933","targetHints":{"allow":["GET"]}}],"collection":[{"href":"https:\/\/skaitytaknyga.lt\/en\/wp-json\/wp\/v2\/product"}],"about":[{"href":"https:\/\/skaitytaknyga.lt\/en\/wp-json\/wp\/v2\/types\/product"}],"replies":[{"embeddable":true,"href":"https:\/\/skaitytaknyga.lt\/en\/wp-json\/wp\/v2\/comments?post=14933"}],"wp:featuredmedia":[{"embeddable":true,"href":"https:\/\/skaitytaknyga.lt\/en\/wp-json\/wp\/v2\/media\/14935"}],"wp:attachment":[{"href":"https:\/\/skaitytaknyga.lt\/en\/wp-json\/wp\/v2\/media?parent=14933"}],"wp:term":[{"taxonomy":"product_brand","embeddable":true,"href":"https:\/\/skaitytaknyga.lt\/en\/wp-json\/wp\/v2\/product_brand?post=14933"},{"taxonomy":"product_cat","embeddable":true,"href":"https:\/\/skaitytaknyga.lt\/en\/wp-json\/wp\/v2\/product_cat?post=14933"},{"taxonomy":"product_tag","embeddable":true,"href":"https:\/\/skaitytaknyga.lt\/en\/wp-json\/wp\/v2\/product_tag?post=14933"}],"curies":[{"name":"wp","href":"https:\/\/api.w.org\/{rel}","templated":true}]}}