{"id":14932,"date":"2024-11-25T15:23:32","date_gmt":"2024-11-25T13:23:32","guid":{"rendered":"https:\/\/skaitytaknyga.lt\/?post_type=product&#038;p=14932"},"modified":"2024-11-25T15:50:04","modified_gmt":"2024-11-25T13:50:04","slug":"seseliu-verpeja-laukines-todes-istorija","status":"publish","type":"product","link":"https:\/\/skaitytaknyga.lt\/en\/produktas\/seseliu-verpeja-laukines-todes-istorija\/","title":{"rendered":"\u0160e\u0161\u0117li\u0173 verp\u0117ja. Laukin\u0117s Tod\u0117s istorija"},"content":{"rendered":"<p>Romane \u201e\u0160e\u0161\u0117li\u0173 verp\u0117ja&#8221; archeologo Benedikto akimis autor\u0117 \u017evelgia \u012f matriarchato ir patriarchato sand\u016bros laikus. Atkas\u0119s griau\u010dius, archeologas tikisi surasti ir vis\u0105 paleolito laik\u0173 gyvenviet\u0119, ima kurti istorij\u0105, kaip pelk\u0117se gal\u0117jo atsirasti akmens am\u017eiaus moters palaikai. Jo sugalvot\u0105 istorij\u0105 ima atkartoti jauna atvyk\u0117l\u0117, u\u017eburianti visus jos slenkst\u012f per\u017eengian\u010dius vyrus. Paslaptinga \u201elaum\u0117&#8221; tampa Benedikto vaizduot\u0117s realybe ir lemtingai \u012fsiver\u017eia \u012f jo paties \u0161eimos gyvenim\u0105.<\/p>\n<p>Meistri\u0161kai kuriamoje intrigoje pinasi meil\u0117s, geismo, apgaul\u0117s, i\u0161davyst\u0117s ir pasiaukojimo vingiai.<\/p>\n<ul class=\"about-product d-none d-xl-block mt-4\">\n<li><strong>Autorius:<\/strong>\u00a0Elena Kurklietyt\u0117<\/li>\n<li><strong>Leid\u0117jas:<\/strong>\u00a0Alma littera<\/li>\n<li><strong>Metai:<\/strong>\u00a02009<\/li>\n<li><strong>Puslapiai:<\/strong>\u00a0184<\/li>\n<li class=\"toggleable type-new-formats \"><strong>ISBN-10:<\/strong>\u00a0995538459X<\/li>\n<li class=\"toggleable type-new-formats \"><strong>ISBN-13:<\/strong>\u00a09789955384595<\/li>\n<li><strong>Versijos kodas:<\/strong>\u00a0PT.<\/li>\n<li class=\"toggleable type-new-formats \"><strong>Formatas:<\/strong>\u00a015 x 24,2 x 1,9 cm, kieti vir\u0161eliai<\/li>\n<li><strong>Kalba:<\/strong>\u00a0Lietuvi\u0173<\/li>\n<\/ul>\n","protected":false},"excerpt":{"rendered":"<p>Romane \u201e\u0160e\u0161\u0117li\u0173 verp\u0117ja&#8221; archeologo Benedikto akimis autor\u0117 \u017evelgia \u012f matriarchato ir patriarchato sand\u016bros laikus. Atkas\u0119s griau\u010dius, archeologas tikisi surasti ir vis\u0105 paleolito laik\u0173 gyvenviet\u0119, ima kurti istorij\u0105, kaip pelk\u0117se gal\u0117jo atsirasti akmens am\u017eiaus moters palaikai. Jo sugalvot\u0105 istorij\u0105 ima atkartoti jauna atvyk\u0117l\u0117, u\u017eburianti visus jos slenkst\u012f per\u017eengian\u010dius vyrus. Paslaptinga \u201elaum\u0117&#8221; tampa Benedikto vaizduot\u0117s realybe ir lemtingai \u012fsiver\u017eia \u012f jo paties \u0161eimos gyvenim\u0105. Meistri\u0161kai kuriamoje intrigoje pinasi meil\u0117s, geismo, apgaul\u0117s, i\u0161davyst\u0117s ir pasiaukojimo vingiai. Autorius:\u00a0Elena Kurklietyt\u0117 Leid\u0117jas:\u00a0Alma littera Metai:\u00a02009 Puslapiai:\u00a0184 ISBN-10:\u00a0995538459X ISBN-13:\u00a09789955384595 Versijos kodas:\u00a0PT. Formatas:\u00a015 x 24,2 x 1,9 cm, kieti vir\u0161eliai Kalba:\u00a0Lietuvi\u0173<\/p>\n","protected":false},"featured_media":14939,"comment_status":"open","ping_status":"closed","template":"","meta":{"_acf_changed":false,"site-sidebar-layout":"default","site-content-layout":"","ast-site-content-layout":"default","site-content-style":"default","site-sidebar-style":"default","ast-global-header-display":"","ast-banner-title-visibility":"","ast-main-header-display":"","ast-hfb-above-header-display":"","ast-hfb-below-header-display":"","ast-hfb-mobile-header-display":"","site-post-title":"","ast-breadcrumbs-content":"","ast-featured-img":"","footer-sml-layout":"","ast-disable-related-posts":"","theme-transparent-header-meta":"default","adv-header-id-meta":"","stick-header-meta":"","header-above-stick-meta":"","header-main-stick-meta":"","header-below-stick-meta":"","astra-migrate-meta-layouts":"set","ast-page-background-enabled":"default","ast-page-background-meta":{"desktop":{"background-color":"","background-image":"","background-repeat":"repeat","background-position":"center center","background-size":"auto","background-attachment":"scroll","background-type":"","background-media":"","overlay-type":"","overlay-color":"","overlay-opacity":"","overlay-gradient":""},"tablet":{"background-color":"","background-image":"","background-repeat":"repeat","background-position":"center center","background-size":"auto","background-attachment":"scroll","background-type":"","background-media":"","overlay-type":"","overlay-color":"","overlay-opacity":"","overlay-gradient":""},"mobile":{"background-color":"","background-image":"","background-repeat":"repeat","background-position":"center center","background-size":"auto","background-attachment":"scroll","background-type":"","background-media":"","overlay-type":"","overlay-color":"","overlay-opacity":"","overlay-gradient":""}},"ast-content-background-meta":{"desktop":{"background-color":"var(--ast-global-color-4)","background-image":"","background-repeat":"repeat","background-position":"center center","background-size":"auto","background-attachment":"scroll","background-type":"","background-media":"","overlay-type":"","overlay-color":"","overlay-opacity":"","overlay-gradient":""},"tablet":{"background-color":"var(--ast-global-color-4)","background-image":"","background-repeat":"repeat","background-position":"center center","background-size":"auto","background-attachment":"scroll","background-type":"","background-media":"","overlay-type":"","overlay-color":"","overlay-opacity":"","overlay-gradient":""},"mobile":{"background-color":"var(--ast-global-color-4)","background-image":"","background-repeat":"repeat","background-position":"center center","background-size":"auto","background-attachment":"scroll","background-type":"","background-media":"","overlay-type":"","overlay-color":"","overlay-opacity":"","overlay-gradient":""}}},"product_brand":[],"product_cat":[31,15],"product_tag":[],"class_list":{"0":"post-14932","1":"product","2":"type-product","3":"status-publish","4":"has-post-thumbnail","6":"product_cat-grozine-literatura","7":"product_cat-uncategorized","8":"desktop-align-left","9":"tablet-align-left","10":"mobile-align-left","12":"first","13":"instock","14":"shipping-taxable","15":"purchasable","16":"product-type-simple"},"acf":[],"yoast_head":"<!-- This site is optimized with the Yoast SEO plugin v27.4 - https:\/\/yoast.com\/product\/yoast-seo-wordpress\/ -->\n<title>\u0160e\u0161\u0117li\u0173 verp\u0117ja. Laukin\u0117s Tod\u0117s istorija<\/title>\n<meta name=\"description\" content=\"Romane \u201e\u0160e\u0161\u0117li\u0173 verp\u0117ja&quot; archeologo Benedikto akimis autor\u0117 \u017evelgia \u012f matriarchato ir patriarchato sand\u016bros laikus. Atkas\u0119s griau\u010dius, archeologas tikisi\" \/>\n<meta name=\"robots\" content=\"index, follow, max-snippet:-1, max-image-preview:large, max-video-preview:-1\" \/>\n<link rel=\"canonical\" href=\"https:\/\/skaitytaknyga.lt\/en\/produktas\/seseliu-verpeja-laukines-todes-istorija\/\" \/>\n<meta property=\"og:locale\" content=\"en_GB\" \/>\n<meta property=\"og:locale:alternate\" content=\"lt_LT\" \/>\n<meta property=\"og:type\" content=\"article\" \/>\n<meta property=\"og:title\" content=\"\u0160e\u0161\u0117li\u0173 verp\u0117ja. Laukin\u0117s Tod\u0117s istorija\" \/>\n<meta property=\"og:description\" content=\"Romane \u201e\u0160e\u0161\u0117li\u0173 verp\u0117ja&quot; archeologo Benedikto akimis autor\u0117 \u017evelgia \u012f matriarchato ir patriarchato sand\u016bros laikus. Atkas\u0119s griau\u010dius, archeologas tikisi\" \/>\n<meta property=\"og:url\" content=\"https:\/\/skaitytaknyga.lt\/en\/produktas\/seseliu-verpeja-laukines-todes-istorija\/\" \/>\n<meta property=\"og:site_name\" content=\"Skaitytaknyga\" \/>\n<meta property=\"article:publisher\" content=\"https:\/\/www.facebook.com\/skaitytaknyga\/\" \/>\n<meta property=\"article:modified_time\" content=\"2024-11-25T13:50:04+00:00\" \/>\n<meta property=\"og:image\" content=\"https:\/\/skaitytaknyga.lt\/wp-content\/uploads\/2024\/11\/Seseliu-verpeja.-Laukines-Todes-istorija.webp\" \/>\n\t<meta property=\"og:image:width\" content=\"495\" \/>\n\t<meta property=\"og:image:height\" content=\"800\" \/>\n\t<meta property=\"og:image:type\" content=\"image\/webp\" \/>\n<meta name=\"twitter:card\" content=\"summary_large_image\" \/>\n<meta name=\"twitter:label1\" content=\"Estimated reading time\" \/>\n\t<meta name=\"twitter:data1\" content=\"1 minute\" \/>\n<script type=\"application\/ld+json\" class=\"yoast-schema-graph\">{\"@context\":\"https:\\\/\\\/schema.org\",\"@graph\":[{\"@type\":\"WebPage\",\"@id\":\"https:\\\/\\\/skaitytaknyga.lt\\\/produktas\\\/seseliu-verpeja-laukines-todes-istorija\\\/\",\"url\":\"https:\\\/\\\/skaitytaknyga.lt\\\/produktas\\\/seseliu-verpeja-laukines-todes-istorija\\\/\",\"name\":\"\u0160e\u0161\u0117li\u0173 verp\u0117ja. Laukin\u0117s Tod\u0117s istorija\",\"isPartOf\":{\"@id\":\"https:\\\/\\\/skaitytaknyga.lt\\\/#website\"},\"primaryImageOfPage\":{\"@id\":\"https:\\\/\\\/skaitytaknyga.lt\\\/produktas\\\/seseliu-verpeja-laukines-todes-istorija\\\/#primaryimage\"},\"image\":{\"@id\":\"https:\\\/\\\/skaitytaknyga.lt\\\/produktas\\\/seseliu-verpeja-laukines-todes-istorija\\\/#primaryimage\"},\"thumbnailUrl\":\"https:\\\/\\\/skaitytaknyga.lt\\\/wp-content\\\/uploads\\\/2024\\\/11\\\/Seseliu-verpeja.-Laukines-Todes-istorija.webp\",\"datePublished\":\"2024-11-25T13:23:32+00:00\",\"dateModified\":\"2024-11-25T13:50:04+00:00\",\"description\":\"Romane \u201e\u0160e\u0161\u0117li\u0173 verp\u0117ja\\\" archeologo Benedikto akimis autor\u0117 \u017evelgia \u012f matriarchato ir patriarchato sand\u016bros laikus. Atkas\u0119s griau\u010dius, archeologas tikisi\",\"breadcrumb\":{\"@id\":\"https:\\\/\\\/skaitytaknyga.lt\\\/produktas\\\/seseliu-verpeja-laukines-todes-istorija\\\/#breadcrumb\"},\"inLanguage\":\"en-GB\",\"potentialAction\":[{\"@type\":\"ReadAction\",\"target\":[\"https:\\\/\\\/skaitytaknyga.lt\\\/produktas\\\/seseliu-verpeja-laukines-todes-istorija\\\/\"]}]},{\"@type\":\"ImageObject\",\"inLanguage\":\"en-GB\",\"@id\":\"https:\\\/\\\/skaitytaknyga.lt\\\/produktas\\\/seseliu-verpeja-laukines-todes-istorija\\\/#primaryimage\",\"url\":\"https:\\\/\\\/skaitytaknyga.lt\\\/wp-content\\\/uploads\\\/2024\\\/11\\\/Seseliu-verpeja.-Laukines-Todes-istorija.webp\",\"contentUrl\":\"https:\\\/\\\/skaitytaknyga.lt\\\/wp-content\\\/uploads\\\/2024\\\/11\\\/Seseliu-verpeja.-Laukines-Todes-istorija.webp\",\"width\":495,\"height\":800,\"caption\":\"\u0160e\u0161\u0117li\u0173 verp\u0117ja. Laukin\u0117s Tod\u0117s istorija\"},{\"@type\":\"BreadcrumbList\",\"@id\":\"https:\\\/\\\/skaitytaknyga.lt\\\/produktas\\\/seseliu-verpeja-laukines-todes-istorija\\\/#breadcrumb\",\"itemListElement\":[{\"@type\":\"ListItem\",\"position\":1,\"name\":\"Home\",\"item\":\"https:\\\/\\\/skaitytaknyga.lt\\\/\"},{\"@type\":\"ListItem\",\"position\":2,\"name\":\"Parduotuv\u0117\",\"item\":\"https:\\\/\\\/skaitytaknyga.lt\\\/knygu-parduotuve\\\/\"},{\"@type\":\"ListItem\",\"position\":3,\"name\":\"\u0160e\u0161\u0117li\u0173 verp\u0117ja. Laukin\u0117s Tod\u0117s istorija\"}]},{\"@type\":\"WebSite\",\"@id\":\"https:\\\/\\\/skaitytaknyga.lt\\\/#website\",\"url\":\"https:\\\/\\\/skaitytaknyga.lt\\\/\",\"name\":\"skaitytaknyga.lt\",\"description\":\"Skaitytaknyga.lt \u2013 tai ma\u017eas \u0161eimos verslas, kuris prasid\u0117jo nuo meil\u0117s knygoms ir siekio i\u0161gelb\u0117ti knygas nuo likimo prie konteinerio. Kas vienam nereikalingas daiktas \u2013 kitam lobis, o mes esame tarpininkai, kurie padeda abiems tapti laimingesniems ???? \u017dinome kaip nelengva i\u0161gyventi ma\u017eiems verslams, tad nuo \u0161iol, \u010dia rasite ir kit\u0173, ma\u017e\u0173 \u0161eim\u0173 versl\u0173, rank\u0173 darbo, dovan\u0173 sau ir artimiesiems.\",\"publisher\":{\"@id\":\"https:\\\/\\\/skaitytaknyga.lt\\\/#organization\"},\"potentialAction\":[{\"@type\":\"SearchAction\",\"target\":{\"@type\":\"EntryPoint\",\"urlTemplate\":\"https:\\\/\\\/skaitytaknyga.lt\\\/?s={search_term_string}\"},\"query-input\":{\"@type\":\"PropertyValueSpecification\",\"valueRequired\":true,\"valueName\":\"search_term_string\"}}],\"inLanguage\":\"en-GB\"},{\"@type\":\"Organization\",\"@id\":\"https:\\\/\\\/skaitytaknyga.lt\\\/#organization\",\"name\":\"skaitytaknyga.lt\",\"url\":\"https:\\\/\\\/skaitytaknyga.lt\\\/\",\"logo\":{\"@type\":\"ImageObject\",\"inLanguage\":\"en-GB\",\"@id\":\"https:\\\/\\\/skaitytaknyga.lt\\\/#\\\/schema\\\/logo\\\/image\\\/\",\"url\":\"https:\\\/\\\/skaitytaknyga.lt\\\/wp-content\\\/uploads\\\/2024\\\/05\\\/cropped-cropped-cropped-02_00843_jt3bggkj1j3HLc7SyY6rEUpg.jpeg\",\"contentUrl\":\"https:\\\/\\\/skaitytaknyga.lt\\\/wp-content\\\/uploads\\\/2024\\\/05\\\/cropped-cropped-cropped-02_00843_jt3bggkj1j3HLc7SyY6rEUpg.jpeg\",\"width\":1600,\"height\":1600,\"caption\":\"skaitytaknyga.lt\"},\"image\":{\"@id\":\"https:\\\/\\\/skaitytaknyga.lt\\\/#\\\/schema\\\/logo\\\/image\\\/\"},\"sameAs\":[\"https:\\\/\\\/www.facebook.com\\\/skaitytaknyga\\\/\"]}]}<\/script>\n<!-- \/ Yoast SEO plugin. -->","yoast_head_json":{"title":"\u0160e\u0161\u0117li\u0173 verp\u0117ja. Laukin\u0117s Tod\u0117s istorija","description":"Romane \u201e\u0160e\u0161\u0117li\u0173 verp\u0117ja\" archeologo Benedikto akimis autor\u0117 \u017evelgia \u012f matriarchato ir patriarchato sand\u016bros laikus. Atkas\u0119s griau\u010dius, archeologas tikisi","robots":{"index":"index","follow":"follow","max-snippet":"max-snippet:-1","max-image-preview":"max-image-preview:large","max-video-preview":"max-video-preview:-1"},"canonical":"https:\/\/skaitytaknyga.lt\/en\/produktas\/seseliu-verpeja-laukines-todes-istorija\/","og_locale":"en_GB","og_type":"article","og_title":"[:lt]\u0160e\u0161\u0117li\u0173 verp\u0117ja. Laukin\u0117s Tod\u0117s istorija[:] - Skaitytaknyga","og_description":"Romane \u201e\u0160e\u0161\u0117li\u0173 verp\u0117ja\" archeologo Benedikto akimis autor\u0117 \u017evelgia \u012f matriarchato ir patriarchato sand\u016bros laikus. Atkas\u0119s griau\u010dius, archeologas tikisi","og_url":"https:\/\/skaitytaknyga.lt\/en\/produktas\/seseliu-verpeja-laukines-todes-istorija\/","og_site_name":"Skaitytaknyga","article_publisher":"https:\/\/www.facebook.com\/skaitytaknyga\/","article_modified_time":"2024-11-25T13:50:04+00:00","og_image":[{"width":495,"height":800,"url":"https:\/\/skaitytaknyga.lt\/wp-content\/uploads\/2024\/11\/Seseliu-verpeja.-Laukines-Todes-istorija.webp","type":"image\/webp"}],"twitter_card":"summary_large_image","twitter_misc":{"Estimated reading time":"1 minute"},"schema":{"@context":"https:\/\/schema.org","@graph":[{"@type":"WebPage","@id":"https:\/\/skaitytaknyga.lt\/produktas\/seseliu-verpeja-laukines-todes-istorija\/","url":"https:\/\/skaitytaknyga.lt\/produktas\/seseliu-verpeja-laukines-todes-istorija\/","name":"\u0160e\u0161\u0117li\u0173 verp\u0117ja. Laukin\u0117s Tod\u0117s istorija","isPartOf":{"@id":"https:\/\/skaitytaknyga.lt\/#website"},"primaryImageOfPage":{"@id":"https:\/\/skaitytaknyga.lt\/produktas\/seseliu-verpeja-laukines-todes-istorija\/#primaryimage"},"image":{"@id":"https:\/\/skaitytaknyga.lt\/produktas\/seseliu-verpeja-laukines-todes-istorija\/#primaryimage"},"thumbnailUrl":"https:\/\/skaitytaknyga.lt\/wp-content\/uploads\/2024\/11\/Seseliu-verpeja.-Laukines-Todes-istorija.webp","datePublished":"2024-11-25T13:23:32+00:00","dateModified":"2024-11-25T13:50:04+00:00","description":"Romane \u201e\u0160e\u0161\u0117li\u0173 verp\u0117ja\" archeologo Benedikto akimis autor\u0117 \u017evelgia \u012f matriarchato ir patriarchato sand\u016bros laikus. Atkas\u0119s griau\u010dius, archeologas tikisi","breadcrumb":{"@id":"https:\/\/skaitytaknyga.lt\/produktas\/seseliu-verpeja-laukines-todes-istorija\/#breadcrumb"},"inLanguage":"en-GB","potentialAction":[{"@type":"ReadAction","target":["https:\/\/skaitytaknyga.lt\/produktas\/seseliu-verpeja-laukines-todes-istorija\/"]}]},{"@type":"ImageObject","inLanguage":"en-GB","@id":"https:\/\/skaitytaknyga.lt\/produktas\/seseliu-verpeja-laukines-todes-istorija\/#primaryimage","url":"https:\/\/skaitytaknyga.lt\/wp-content\/uploads\/2024\/11\/Seseliu-verpeja.-Laukines-Todes-istorija.webp","contentUrl":"https:\/\/skaitytaknyga.lt\/wp-content\/uploads\/2024\/11\/Seseliu-verpeja.-Laukines-Todes-istorija.webp","width":495,"height":800,"caption":"\u0160e\u0161\u0117li\u0173 verp\u0117ja. Laukin\u0117s Tod\u0117s istorija"},{"@type":"BreadcrumbList","@id":"https:\/\/skaitytaknyga.lt\/produktas\/seseliu-verpeja-laukines-todes-istorija\/#breadcrumb","itemListElement":[{"@type":"ListItem","position":1,"name":"Home","item":"https:\/\/skaitytaknyga.lt\/"},{"@type":"ListItem","position":2,"name":"Parduotuv\u0117","item":"https:\/\/skaitytaknyga.lt\/knygu-parduotuve\/"},{"@type":"ListItem","position":3,"name":"\u0160e\u0161\u0117li\u0173 verp\u0117ja. Laukin\u0117s Tod\u0117s istorija"}]},{"@type":"WebSite","@id":"https:\/\/skaitytaknyga.lt\/#website","url":"https:\/\/skaitytaknyga.lt\/","name":"skaitytaknyga.lt","description":"Skaitytaknyga.lt \u2013 tai ma\u017eas \u0161eimos verslas, kuris prasid\u0117jo nuo meil\u0117s knygoms ir siekio i\u0161gelb\u0117ti knygas nuo likimo prie konteinerio. Kas vienam nereikalingas daiktas \u2013 kitam lobis, o mes esame tarpininkai, kurie padeda abiems tapti laimingesniems ???? \u017dinome kaip nelengva i\u0161gyventi ma\u017eiems verslams, tad nuo \u0161iol, \u010dia rasite ir kit\u0173, ma\u017e\u0173 \u0161eim\u0173 versl\u0173, rank\u0173 darbo, dovan\u0173 sau ir artimiesiems.","publisher":{"@id":"https:\/\/skaitytaknyga.lt\/#organization"},"potentialAction":[{"@type":"SearchAction","target":{"@type":"EntryPoint","urlTemplate":"https:\/\/skaitytaknyga.lt\/?s={search_term_string}"},"query-input":{"@type":"PropertyValueSpecification","valueRequired":true,"valueName":"search_term_string"}}],"inLanguage":"en-GB"},{"@type":"Organization","@id":"https:\/\/skaitytaknyga.lt\/#organization","name":"skaitytaknyga.lt","url":"https:\/\/skaitytaknyga.lt\/","logo":{"@type":"ImageObject","inLanguage":"en-GB","@id":"https:\/\/skaitytaknyga.lt\/#\/schema\/logo\/image\/","url":"https:\/\/skaitytaknyga.lt\/wp-content\/uploads\/2024\/05\/cropped-cropped-cropped-02_00843_jt3bggkj1j3HLc7SyY6rEUpg.jpeg","contentUrl":"https:\/\/skaitytaknyga.lt\/wp-content\/uploads\/2024\/05\/cropped-cropped-cropped-02_00843_jt3bggkj1j3HLc7SyY6rEUpg.jpeg","width":1600,"height":1600,"caption":"skaitytaknyga.lt"},"image":{"@id":"https:\/\/skaitytaknyga.lt\/#\/schema\/logo\/image\/"},"sameAs":["https:\/\/www.facebook.com\/skaitytaknyga\/"]}]}},"_links":{"self":[{"href":"https:\/\/skaitytaknyga.lt\/en\/wp-json\/wp\/v2\/product\/14932","targetHints":{"allow":["GET"]}}],"collection":[{"href":"https:\/\/skaitytaknyga.lt\/en\/wp-json\/wp\/v2\/product"}],"about":[{"href":"https:\/\/skaitytaknyga.lt\/en\/wp-json\/wp\/v2\/types\/product"}],"replies":[{"embeddable":true,"href":"https:\/\/skaitytaknyga.lt\/en\/wp-json\/wp\/v2\/comments?post=14932"}],"wp:featuredmedia":[{"embeddable":true,"href":"https:\/\/skaitytaknyga.lt\/en\/wp-json\/wp\/v2\/media\/14939"}],"wp:attachment":[{"href":"https:\/\/skaitytaknyga.lt\/en\/wp-json\/wp\/v2\/media?parent=14932"}],"wp:term":[{"taxonomy":"product_brand","embeddable":true,"href":"https:\/\/skaitytaknyga.lt\/en\/wp-json\/wp\/v2\/product_brand?post=14932"},{"taxonomy":"product_cat","embeddable":true,"href":"https:\/\/skaitytaknyga.lt\/en\/wp-json\/wp\/v2\/product_cat?post=14932"},{"taxonomy":"product_tag","embeddable":true,"href":"https:\/\/skaitytaknyga.lt\/en\/wp-json\/wp\/v2\/product_tag?post=14932"}],"curies":[{"name":"wp","href":"https:\/\/api.w.org\/{rel}","templated":true}]}}