{"id":14929,"date":"2024-11-25T15:23:32","date_gmt":"2024-11-25T13:23:32","guid":{"rendered":"https:\/\/skaitytaknyga.lt\/?post_type=product&#038;p=14929"},"modified":"2024-12-17T22:25:07","modified_gmt":"2024-12-17T20:25:07","slug":"olimpiadinis-matematikos-uzdavinynas","status":"publish","type":"product","link":"https:\/\/skaitytaknyga.lt\/en\/produktas\/olimpiadinis-matematikos-uzdavinynas\/","title":{"rendered":"Olimpiadinis matematikos u\u017edavinynas"},"content":{"rendered":"<p>U\u017edavinyno tikslas &#8211; ne tik sutvirtinti ir pagilinti mokini\u0173 \u012fgyjamas vidurin\u0117je mokykloje \u017einias i\u0161 matematikos, bet ir pratinti juos savaranki\u0161kai ie\u0161koti, kurti, ugdyti i\u0161radingum\u0105 bei nuovok\u0105. Be lengv\u0173 u\u017edavini\u0173, kuri\u0173 turinys artimas mokykliniuose u\u017edavinynuose duotiems u\u017edaviniams, \u010dia yra nema\u017ea ir toki\u0173, kuriuos i\u0161spr\u0119sti galima, tik giliai, s\u0105moningai \u012fsisavinus vidurin\u0117s mokyklos matematikos kurs\u0105.<\/p>\n<p>U\u017edavinynas sutvarkytas \u0161itaip: prad\u017eioje pateikiamos u\u017edavini\u0173 s\u0105lygos, o paskui &#8211; daugelio u\u017edavini\u0173 nurodymai ir pabaigoje &#8211; u\u017edavini\u0173 sprendimai bei atsakymai. U\u017edaviniai suskirstyti skyriais: s\u0105mojo u\u017edavini\u0173, aritmetikos, algebros, geometrijos, trigonometrijos.<\/p>\n<p>Algebros ir geometrijos skyriai suskirstyti pagal klases. Stengtasi u\u017edavinius pateikti pagal tam tikr\u0105 sistem\u0105, atsi\u017evelgiant \u012f u\u017edavini\u0173 sprendimo b\u016bdus, sunkum\u0105 ir t.t.<\/p>\n<ul class=\"about-product d-none d-xl-block mt-4\">\n<li><strong>Leid\u0117jas:<\/strong>\u00a0\u0160viesa<\/li>\n<li><strong>Metai:<\/strong>\u00a01972<\/li>\n<li><strong>Puslapiai:<\/strong>\u00a0435<\/li>\n<li class=\"toggleable type-new-formats \"><strong>Formatas:<\/strong>\u00a015 x 22 cm, kieti vir\u0161eliai<\/li>\n<li><strong>Kalba:<\/strong>\u00a0Lietuvi\u0173<\/li>\n<\/ul>\n","protected":false},"excerpt":{"rendered":"<p>U\u017edavinyno tikslas &#8211; ne tik sutvirtinti ir pagilinti mokini\u0173 \u012fgyjamas vidurin\u0117je mokykloje \u017einias i\u0161 matematikos, bet ir pratinti juos savaranki\u0161kai ie\u0161koti, kurti, ugdyti i\u0161radingum\u0105 bei nuovok\u0105. Be lengv\u0173 u\u017edavini\u0173, kuri\u0173 turinys artimas mokykliniuose u\u017edavinynuose duotiems u\u017edaviniams, \u010dia yra nema\u017ea ir toki\u0173, kuriuos i\u0161spr\u0119sti galima, tik giliai, s\u0105moningai \u012fsisavinus vidurin\u0117s mokyklos matematikos kurs\u0105. U\u017edavinynas sutvarkytas \u0161itaip: prad\u017eioje pateikiamos u\u017edavini\u0173 s\u0105lygos, o paskui &#8211; daugelio u\u017edavini\u0173 nurodymai ir pabaigoje &#8211; u\u017edavini\u0173 sprendimai bei atsakymai. U\u017edaviniai suskirstyti skyriais: s\u0105mojo u\u017edavini\u0173, aritmetikos, algebros, geometrijos, trigonometrijos. Algebros ir geometrijos skyriai suskirstyti pagal klases. Stengtasi u\u017edavinius pateikti pagal tam tikr\u0105 sistem\u0105, atsi\u017evelgiant \u012f u\u017edavini\u0173 sprendimo b\u016bdus, sunkum\u0105 ir t.t. Leid\u0117jas:\u00a0\u0160viesa Metai:\u00a01972 Puslapiai:\u00a0435 Formatas:\u00a015 x 22 cm, kieti vir\u0161eliai Kalba:\u00a0Lietuvi\u0173<\/p>\n","protected":false},"featured_media":14942,"comment_status":"open","ping_status":"closed","template":"","meta":{"_acf_changed":false,"site-sidebar-layout":"default","site-content-layout":"","ast-site-content-layout":"default","site-content-style":"default","site-sidebar-style":"default","ast-global-header-display":"","ast-banner-title-visibility":"","ast-main-header-display":"","ast-hfb-above-header-display":"","ast-hfb-below-header-display":"","ast-hfb-mobile-header-display":"","site-post-title":"","ast-breadcrumbs-content":"","ast-featured-img":"","footer-sml-layout":"","ast-disable-related-posts":"","theme-transparent-header-meta":"default","adv-header-id-meta":"","stick-header-meta":"","header-above-stick-meta":"","header-main-stick-meta":"","header-below-stick-meta":"","astra-migrate-meta-layouts":"set","ast-page-background-enabled":"default","ast-page-background-meta":{"desktop":{"background-color":"","background-image":"","background-repeat":"repeat","background-position":"center center","background-size":"auto","background-attachment":"scroll","background-type":"","background-media":"","overlay-type":"","overlay-color":"","overlay-opacity":"","overlay-gradient":""},"tablet":{"background-color":"","background-image":"","background-repeat":"repeat","background-position":"center center","background-size":"auto","background-attachment":"scroll","background-type":"","background-media":"","overlay-type":"","overlay-color":"","overlay-opacity":"","overlay-gradient":""},"mobile":{"background-color":"","background-image":"","background-repeat":"repeat","background-position":"center center","background-size":"auto","background-attachment":"scroll","background-type":"","background-media":"","overlay-type":"","overlay-color":"","overlay-opacity":"","overlay-gradient":""}},"ast-content-background-meta":{"desktop":{"background-color":"var(--ast-global-color-4)","background-image":"","background-repeat":"repeat","background-position":"center center","background-size":"auto","background-attachment":"scroll","background-type":"","background-media":"","overlay-type":"","overlay-color":"","overlay-opacity":"","overlay-gradient":""},"tablet":{"background-color":"var(--ast-global-color-4)","background-image":"","background-repeat":"repeat","background-position":"center center","background-size":"auto","background-attachment":"scroll","background-type":"","background-media":"","overlay-type":"","overlay-color":"","overlay-opacity":"","overlay-gradient":""},"mobile":{"background-color":"var(--ast-global-color-4)","background-image":"","background-repeat":"repeat","background-position":"center center","background-size":"auto","background-attachment":"scroll","background-type":"","background-media":"","overlay-type":"","overlay-color":"","overlay-opacity":"","overlay-gradient":""}}},"product_brand":[],"product_cat":[269,15],"product_tag":[],"class_list":{"0":"post-14929","1":"product","2":"type-product","3":"status-publish","4":"has-post-thumbnail","6":"product_cat-gamtos-mokslai","7":"product_cat-uncategorized","8":"desktop-align-left","9":"tablet-align-left","10":"mobile-align-left","12":"first","13":"outofstock","14":"shipping-taxable","15":"purchasable","16":"product-type-simple"},"acf":[],"yoast_head":"<!-- This site is optimized with the Yoast SEO plugin v27.4 - https:\/\/yoast.com\/product\/yoast-seo-wordpress\/ -->\n<title>Olimpiadinis matematikos u\u017edavinynas<\/title>\n<meta name=\"description\" content=\"U\u017edavinyno tikslas - ne tik sutvirtinti ir pagilinti mokini\u0173 \u012fgyjamas vidurin\u0117je mokykloje \u017einias i\u0161 matematikos, bet ir pratinti juos savaranki\u0161kai\" \/>\n<meta name=\"robots\" content=\"index, follow, max-snippet:-1, max-image-preview:large, max-video-preview:-1\" \/>\n<link rel=\"canonical\" href=\"https:\/\/skaitytaknyga.lt\/en\/produktas\/olimpiadinis-matematikos-uzdavinynas\/\" \/>\n<meta property=\"og:locale\" content=\"en_GB\" \/>\n<meta property=\"og:locale:alternate\" content=\"lt_LT\" \/>\n<meta property=\"og:type\" content=\"article\" \/>\n<meta property=\"og:title\" content=\"Olimpiadinis matematikos u\u017edavinynas\" \/>\n<meta property=\"og:description\" content=\"U\u017edavinyno tikslas - ne tik sutvirtinti ir pagilinti mokini\u0173 \u012fgyjamas vidurin\u0117je mokykloje \u017einias i\u0161 matematikos, bet ir pratinti juos savaranki\u0161kai\" \/>\n<meta property=\"og:url\" content=\"https:\/\/skaitytaknyga.lt\/en\/produktas\/olimpiadinis-matematikos-uzdavinynas\/\" \/>\n<meta property=\"og:site_name\" content=\"Skaitytaknyga\" \/>\n<meta property=\"article:publisher\" content=\"https:\/\/www.facebook.com\/skaitytaknyga\/\" \/>\n<meta property=\"article:modified_time\" content=\"2024-12-17T20:25:07+00:00\" \/>\n<meta property=\"og:image\" content=\"https:\/\/skaitytaknyga.lt\/wp-content\/uploads\/2024\/11\/Olimpiadinis-matematikos-uzdavinynas.webp\" \/>\n\t<meta property=\"og:image:width\" content=\"491\" \/>\n\t<meta property=\"og:image:height\" content=\"800\" \/>\n\t<meta property=\"og:image:type\" content=\"image\/webp\" \/>\n<meta name=\"twitter:card\" content=\"summary_large_image\" \/>\n<meta name=\"twitter:label1\" content=\"Estimated reading time\" \/>\n\t<meta name=\"twitter:data1\" content=\"1 minute\" \/>\n<script type=\"application\/ld+json\" class=\"yoast-schema-graph\">{\"@context\":\"https:\\\/\\\/schema.org\",\"@graph\":[{\"@type\":\"WebPage\",\"@id\":\"https:\\\/\\\/skaitytaknyga.lt\\\/produktas\\\/olimpiadinis-matematikos-uzdavinynas\\\/\",\"url\":\"https:\\\/\\\/skaitytaknyga.lt\\\/produktas\\\/olimpiadinis-matematikos-uzdavinynas\\\/\",\"name\":\"Olimpiadinis matematikos u\u017edavinynas\",\"isPartOf\":{\"@id\":\"https:\\\/\\\/skaitytaknyga.lt\\\/#website\"},\"primaryImageOfPage\":{\"@id\":\"https:\\\/\\\/skaitytaknyga.lt\\\/produktas\\\/olimpiadinis-matematikos-uzdavinynas\\\/#primaryimage\"},\"image\":{\"@id\":\"https:\\\/\\\/skaitytaknyga.lt\\\/produktas\\\/olimpiadinis-matematikos-uzdavinynas\\\/#primaryimage\"},\"thumbnailUrl\":\"https:\\\/\\\/skaitytaknyga.lt\\\/wp-content\\\/uploads\\\/2024\\\/11\\\/Olimpiadinis-matematikos-uzdavinynas.webp\",\"datePublished\":\"2024-11-25T13:23:32+00:00\",\"dateModified\":\"2024-12-17T20:25:07+00:00\",\"description\":\"U\u017edavinyno tikslas - ne tik sutvirtinti ir pagilinti mokini\u0173 \u012fgyjamas vidurin\u0117je mokykloje \u017einias i\u0161 matematikos, bet ir pratinti juos savaranki\u0161kai\",\"breadcrumb\":{\"@id\":\"https:\\\/\\\/skaitytaknyga.lt\\\/produktas\\\/olimpiadinis-matematikos-uzdavinynas\\\/#breadcrumb\"},\"inLanguage\":\"en-GB\",\"potentialAction\":[{\"@type\":\"ReadAction\",\"target\":[\"https:\\\/\\\/skaitytaknyga.lt\\\/produktas\\\/olimpiadinis-matematikos-uzdavinynas\\\/\"]}]},{\"@type\":\"ImageObject\",\"inLanguage\":\"en-GB\",\"@id\":\"https:\\\/\\\/skaitytaknyga.lt\\\/produktas\\\/olimpiadinis-matematikos-uzdavinynas\\\/#primaryimage\",\"url\":\"https:\\\/\\\/skaitytaknyga.lt\\\/wp-content\\\/uploads\\\/2024\\\/11\\\/Olimpiadinis-matematikos-uzdavinynas.webp\",\"contentUrl\":\"https:\\\/\\\/skaitytaknyga.lt\\\/wp-content\\\/uploads\\\/2024\\\/11\\\/Olimpiadinis-matematikos-uzdavinynas.webp\",\"width\":491,\"height\":800},{\"@type\":\"BreadcrumbList\",\"@id\":\"https:\\\/\\\/skaitytaknyga.lt\\\/produktas\\\/olimpiadinis-matematikos-uzdavinynas\\\/#breadcrumb\",\"itemListElement\":[{\"@type\":\"ListItem\",\"position\":1,\"name\":\"Home\",\"item\":\"https:\\\/\\\/skaitytaknyga.lt\\\/\"},{\"@type\":\"ListItem\",\"position\":2,\"name\":\"Parduotuv\u0117\",\"item\":\"https:\\\/\\\/skaitytaknyga.lt\\\/knygu-parduotuve\\\/\"},{\"@type\":\"ListItem\",\"position\":3,\"name\":\"Olimpiadinis matematikos u\u017edavinynas\"}]},{\"@type\":\"WebSite\",\"@id\":\"https:\\\/\\\/skaitytaknyga.lt\\\/#website\",\"url\":\"https:\\\/\\\/skaitytaknyga.lt\\\/\",\"name\":\"skaitytaknyga.lt\",\"description\":\"Skaitytaknyga.lt \u2013 tai ma\u017eas \u0161eimos verslas, kuris prasid\u0117jo nuo meil\u0117s knygoms ir siekio i\u0161gelb\u0117ti knygas nuo likimo prie konteinerio. Kas vienam nereikalingas daiktas \u2013 kitam lobis, o mes esame tarpininkai, kurie padeda abiems tapti laimingesniems ???? \u017dinome kaip nelengva i\u0161gyventi ma\u017eiems verslams, tad nuo \u0161iol, \u010dia rasite ir kit\u0173, ma\u017e\u0173 \u0161eim\u0173 versl\u0173, rank\u0173 darbo, dovan\u0173 sau ir artimiesiems.\",\"publisher\":{\"@id\":\"https:\\\/\\\/skaitytaknyga.lt\\\/#organization\"},\"potentialAction\":[{\"@type\":\"SearchAction\",\"target\":{\"@type\":\"EntryPoint\",\"urlTemplate\":\"https:\\\/\\\/skaitytaknyga.lt\\\/?s={search_term_string}\"},\"query-input\":{\"@type\":\"PropertyValueSpecification\",\"valueRequired\":true,\"valueName\":\"search_term_string\"}}],\"inLanguage\":\"en-GB\"},{\"@type\":\"Organization\",\"@id\":\"https:\\\/\\\/skaitytaknyga.lt\\\/#organization\",\"name\":\"skaitytaknyga.lt\",\"url\":\"https:\\\/\\\/skaitytaknyga.lt\\\/\",\"logo\":{\"@type\":\"ImageObject\",\"inLanguage\":\"en-GB\",\"@id\":\"https:\\\/\\\/skaitytaknyga.lt\\\/#\\\/schema\\\/logo\\\/image\\\/\",\"url\":\"https:\\\/\\\/skaitytaknyga.lt\\\/wp-content\\\/uploads\\\/2024\\\/05\\\/cropped-cropped-cropped-02_00843_jt3bggkj1j3HLc7SyY6rEUpg.jpeg\",\"contentUrl\":\"https:\\\/\\\/skaitytaknyga.lt\\\/wp-content\\\/uploads\\\/2024\\\/05\\\/cropped-cropped-cropped-02_00843_jt3bggkj1j3HLc7SyY6rEUpg.jpeg\",\"width\":1600,\"height\":1600,\"caption\":\"skaitytaknyga.lt\"},\"image\":{\"@id\":\"https:\\\/\\\/skaitytaknyga.lt\\\/#\\\/schema\\\/logo\\\/image\\\/\"},\"sameAs\":[\"https:\\\/\\\/www.facebook.com\\\/skaitytaknyga\\\/\"]}]}<\/script>\n<!-- \/ Yoast SEO plugin. -->","yoast_head_json":{"title":"Olimpiadinis matematikos u\u017edavinynas","description":"U\u017edavinyno tikslas - ne tik sutvirtinti ir pagilinti mokini\u0173 \u012fgyjamas vidurin\u0117je mokykloje \u017einias i\u0161 matematikos, bet ir pratinti juos savaranki\u0161kai","robots":{"index":"index","follow":"follow","max-snippet":"max-snippet:-1","max-image-preview":"max-image-preview:large","max-video-preview":"max-video-preview:-1"},"canonical":"https:\/\/skaitytaknyga.lt\/en\/produktas\/olimpiadinis-matematikos-uzdavinynas\/","og_locale":"en_GB","og_type":"article","og_title":"[:lt]Olimpiadinis matematikos u\u017edavinynas[:] - Skaitytaknyga","og_description":"U\u017edavinyno tikslas - ne tik sutvirtinti ir pagilinti mokini\u0173 \u012fgyjamas vidurin\u0117je mokykloje \u017einias i\u0161 matematikos, bet ir pratinti juos savaranki\u0161kai","og_url":"https:\/\/skaitytaknyga.lt\/en\/produktas\/olimpiadinis-matematikos-uzdavinynas\/","og_site_name":"Skaitytaknyga","article_publisher":"https:\/\/www.facebook.com\/skaitytaknyga\/","article_modified_time":"2024-12-17T20:25:07+00:00","og_image":[{"width":491,"height":800,"url":"https:\/\/skaitytaknyga.lt\/wp-content\/uploads\/2024\/11\/Olimpiadinis-matematikos-uzdavinynas.webp","type":"image\/webp"}],"twitter_card":"summary_large_image","twitter_misc":{"Estimated reading time":"1 minute"},"schema":{"@context":"https:\/\/schema.org","@graph":[{"@type":"WebPage","@id":"https:\/\/skaitytaknyga.lt\/produktas\/olimpiadinis-matematikos-uzdavinynas\/","url":"https:\/\/skaitytaknyga.lt\/produktas\/olimpiadinis-matematikos-uzdavinynas\/","name":"Olimpiadinis matematikos u\u017edavinynas","isPartOf":{"@id":"https:\/\/skaitytaknyga.lt\/#website"},"primaryImageOfPage":{"@id":"https:\/\/skaitytaknyga.lt\/produktas\/olimpiadinis-matematikos-uzdavinynas\/#primaryimage"},"image":{"@id":"https:\/\/skaitytaknyga.lt\/produktas\/olimpiadinis-matematikos-uzdavinynas\/#primaryimage"},"thumbnailUrl":"https:\/\/skaitytaknyga.lt\/wp-content\/uploads\/2024\/11\/Olimpiadinis-matematikos-uzdavinynas.webp","datePublished":"2024-11-25T13:23:32+00:00","dateModified":"2024-12-17T20:25:07+00:00","description":"U\u017edavinyno tikslas - ne tik sutvirtinti ir pagilinti mokini\u0173 \u012fgyjamas vidurin\u0117je mokykloje \u017einias i\u0161 matematikos, bet ir pratinti juos savaranki\u0161kai","breadcrumb":{"@id":"https:\/\/skaitytaknyga.lt\/produktas\/olimpiadinis-matematikos-uzdavinynas\/#breadcrumb"},"inLanguage":"en-GB","potentialAction":[{"@type":"ReadAction","target":["https:\/\/skaitytaknyga.lt\/produktas\/olimpiadinis-matematikos-uzdavinynas\/"]}]},{"@type":"ImageObject","inLanguage":"en-GB","@id":"https:\/\/skaitytaknyga.lt\/produktas\/olimpiadinis-matematikos-uzdavinynas\/#primaryimage","url":"https:\/\/skaitytaknyga.lt\/wp-content\/uploads\/2024\/11\/Olimpiadinis-matematikos-uzdavinynas.webp","contentUrl":"https:\/\/skaitytaknyga.lt\/wp-content\/uploads\/2024\/11\/Olimpiadinis-matematikos-uzdavinynas.webp","width":491,"height":800},{"@type":"BreadcrumbList","@id":"https:\/\/skaitytaknyga.lt\/produktas\/olimpiadinis-matematikos-uzdavinynas\/#breadcrumb","itemListElement":[{"@type":"ListItem","position":1,"name":"Home","item":"https:\/\/skaitytaknyga.lt\/"},{"@type":"ListItem","position":2,"name":"Parduotuv\u0117","item":"https:\/\/skaitytaknyga.lt\/knygu-parduotuve\/"},{"@type":"ListItem","position":3,"name":"Olimpiadinis matematikos u\u017edavinynas"}]},{"@type":"WebSite","@id":"https:\/\/skaitytaknyga.lt\/#website","url":"https:\/\/skaitytaknyga.lt\/","name":"skaitytaknyga.lt","description":"Skaitytaknyga.lt \u2013 tai ma\u017eas \u0161eimos verslas, kuris prasid\u0117jo nuo meil\u0117s knygoms ir siekio i\u0161gelb\u0117ti knygas nuo likimo prie konteinerio. Kas vienam nereikalingas daiktas \u2013 kitam lobis, o mes esame tarpininkai, kurie padeda abiems tapti laimingesniems ???? \u017dinome kaip nelengva i\u0161gyventi ma\u017eiems verslams, tad nuo \u0161iol, \u010dia rasite ir kit\u0173, ma\u017e\u0173 \u0161eim\u0173 versl\u0173, rank\u0173 darbo, dovan\u0173 sau ir artimiesiems.","publisher":{"@id":"https:\/\/skaitytaknyga.lt\/#organization"},"potentialAction":[{"@type":"SearchAction","target":{"@type":"EntryPoint","urlTemplate":"https:\/\/skaitytaknyga.lt\/?s={search_term_string}"},"query-input":{"@type":"PropertyValueSpecification","valueRequired":true,"valueName":"search_term_string"}}],"inLanguage":"en-GB"},{"@type":"Organization","@id":"https:\/\/skaitytaknyga.lt\/#organization","name":"skaitytaknyga.lt","url":"https:\/\/skaitytaknyga.lt\/","logo":{"@type":"ImageObject","inLanguage":"en-GB","@id":"https:\/\/skaitytaknyga.lt\/#\/schema\/logo\/image\/","url":"https:\/\/skaitytaknyga.lt\/wp-content\/uploads\/2024\/05\/cropped-cropped-cropped-02_00843_jt3bggkj1j3HLc7SyY6rEUpg.jpeg","contentUrl":"https:\/\/skaitytaknyga.lt\/wp-content\/uploads\/2024\/05\/cropped-cropped-cropped-02_00843_jt3bggkj1j3HLc7SyY6rEUpg.jpeg","width":1600,"height":1600,"caption":"skaitytaknyga.lt"},"image":{"@id":"https:\/\/skaitytaknyga.lt\/#\/schema\/logo\/image\/"},"sameAs":["https:\/\/www.facebook.com\/skaitytaknyga\/"]}]}},"_links":{"self":[{"href":"https:\/\/skaitytaknyga.lt\/en\/wp-json\/wp\/v2\/product\/14929","targetHints":{"allow":["GET"]}}],"collection":[{"href":"https:\/\/skaitytaknyga.lt\/en\/wp-json\/wp\/v2\/product"}],"about":[{"href":"https:\/\/skaitytaknyga.lt\/en\/wp-json\/wp\/v2\/types\/product"}],"replies":[{"embeddable":true,"href":"https:\/\/skaitytaknyga.lt\/en\/wp-json\/wp\/v2\/comments?post=14929"}],"wp:featuredmedia":[{"embeddable":true,"href":"https:\/\/skaitytaknyga.lt\/en\/wp-json\/wp\/v2\/media\/14942"}],"wp:attachment":[{"href":"https:\/\/skaitytaknyga.lt\/en\/wp-json\/wp\/v2\/media?parent=14929"}],"wp:term":[{"taxonomy":"product_brand","embeddable":true,"href":"https:\/\/skaitytaknyga.lt\/en\/wp-json\/wp\/v2\/product_brand?post=14929"},{"taxonomy":"product_cat","embeddable":true,"href":"https:\/\/skaitytaknyga.lt\/en\/wp-json\/wp\/v2\/product_cat?post=14929"},{"taxonomy":"product_tag","embeddable":true,"href":"https:\/\/skaitytaknyga.lt\/en\/wp-json\/wp\/v2\/product_tag?post=14929"}],"curies":[{"name":"wp","href":"https:\/\/api.w.org\/{rel}","templated":true}]}}