{"id":14927,"date":"2024-11-25T15:23:31","date_gmt":"2024-11-25T13:23:31","guid":{"rendered":"https:\/\/skaitytaknyga.lt\/?post_type=product&#038;p=14927"},"modified":"2024-11-25T15:48:50","modified_gmt":"2024-11-25T13:48:50","slug":"tyla","status":"publish","type":"product","link":"https:\/\/skaitytaknyga.lt\/en\/produktas\/tyla\/","title":{"rendered":"Tyla"},"content":{"rendered":"<p>Shusaku Endo (1923\u20131996 m.) \u2013 garsiausias XX a. japon\u0173 ra\u0161ytojas. Jo pirm\u0105 kart\u0105 lietuvi\u0161kai i\u0161leistas romanas \u201eTyla\u201c, praskleid\u017eiantis u\u017edang\u0105 \u012f unikal\u0173 Japonijos istorijos tarpsn\u012f, laikomas literat\u016bros \u0161edevru.<\/p>\n<p>XVII a. Japonija. Negausios krik\u0161\u010dioni\u0173 bendruomen\u0117s persekiojimas pasiek\u0117 apog\u0117j\u0173. \u012e \u0161i\u0105 prie\u0161taravim\u0173 draskom\u0105 \u0161al\u012f slapta atvyksta du portugalai kunigai. J\u0173 u\u017eduotis \u2013 v\u0117l suburti draug\u0117n pasklidusius tikin\u010diuosius, o svarbiausia \u2013 su\u017einoti ties\u0105 apie vien\u0105 dingus\u012f misionieri\u0173, kuris, pasak gand\u0173, i\u0161si\u017ead\u0117jo tik\u0117jimo.<\/p>\n<p>Pagrindiniam \u0161io romano veik\u0117jui Sebastianui Rodrigesui teks atsakyti \u012f kertin\u012f klausim\u0105: kaip gyventi, kai Dievas tyli?<\/p>\n<p>Garsus JAV kino re\u017eisierius Martinas Scorsese pagal japonu\u0328 ras\u030cytojo Shusaku Endo romana\u0328 \u201eTyla\u201c pastat\u0117 film\u0105, kuriame pagrindin\u012f vaidmen\u012f atliko Liamas Neesonas.<\/p>\n","protected":false},"excerpt":{"rendered":"<p>Shusaku Endo (1923\u20131996 m.) \u2013 garsiausias XX a. japon\u0173 ra\u0161ytojas. Jo pirm\u0105 kart\u0105 lietuvi\u0161kai i\u0161leistas romanas \u201eTyla\u201c, praskleid\u017eiantis u\u017edang\u0105 \u012f unikal\u0173 Japonijos istorijos tarpsn\u012f, laikomas literat\u016bros \u0161edevru. XVII a. Japonija. Negausios krik\u0161\u010dioni\u0173 bendruomen\u0117s persekiojimas pasiek\u0117 apog\u0117j\u0173. \u012e \u0161i\u0105 prie\u0161taravim\u0173 draskom\u0105 \u0161al\u012f slapta atvyksta du portugalai kunigai. J\u0173 u\u017eduotis \u2013 v\u0117l suburti draug\u0117n pasklidusius tikin\u010diuosius, o svarbiausia \u2013 su\u017einoti ties\u0105 apie vien\u0105 dingus\u012f misionieri\u0173, kuris, pasak gand\u0173, i\u0161si\u017ead\u0117jo tik\u0117jimo. Pagrindiniam \u0161io romano veik\u0117jui Sebastianui Rodrigesui teks atsakyti \u012f kertin\u012f klausim\u0105: kaip gyventi, kai Dievas tyli? Garsus JAV kino re\u017eisierius Martinas Scorsese pagal japonu\u0328 ras\u030cytojo Shusaku Endo romana\u0328 \u201eTyla\u201c pastat\u0117 film\u0105, kuriame pagrindin\u012f vaidmen\u012f atliko Liamas Neesonas.<\/p>\n","protected":false},"featured_media":14940,"comment_status":"open","ping_status":"closed","template":"","meta":{"_acf_changed":false,"site-sidebar-layout":"default","site-content-layout":"","ast-site-content-layout":"default","site-content-style":"default","site-sidebar-style":"default","ast-global-header-display":"","ast-banner-title-visibility":"","ast-main-header-display":"","ast-hfb-above-header-display":"","ast-hfb-below-header-display":"","ast-hfb-mobile-header-display":"","site-post-title":"","ast-breadcrumbs-content":"","ast-featured-img":"","footer-sml-layout":"","ast-disable-related-posts":"","theme-transparent-header-meta":"default","adv-header-id-meta":"","stick-header-meta":"","header-above-stick-meta":"","header-main-stick-meta":"","header-below-stick-meta":"","astra-migrate-meta-layouts":"set","ast-page-background-enabled":"default","ast-page-background-meta":{"desktop":{"background-color":"","background-image":"","background-repeat":"repeat","background-position":"center center","background-size":"auto","background-attachment":"scroll","background-type":"","background-media":"","overlay-type":"","overlay-color":"","overlay-opacity":"","overlay-gradient":""},"tablet":{"background-color":"","background-image":"","background-repeat":"repeat","background-position":"center center","background-size":"auto","background-attachment":"scroll","background-type":"","background-media":"","overlay-type":"","overlay-color":"","overlay-opacity":"","overlay-gradient":""},"mobile":{"background-color":"","background-image":"","background-repeat":"repeat","background-position":"center center","background-size":"auto","background-attachment":"scroll","background-type":"","background-media":"","overlay-type":"","overlay-color":"","overlay-opacity":"","overlay-gradient":""}},"ast-content-background-meta":{"desktop":{"background-color":"var(--ast-global-color-4)","background-image":"","background-repeat":"repeat","background-position":"center center","background-size":"auto","background-attachment":"scroll","background-type":"","background-media":"","overlay-type":"","overlay-color":"","overlay-opacity":"","overlay-gradient":""},"tablet":{"background-color":"var(--ast-global-color-4)","background-image":"","background-repeat":"repeat","background-position":"center center","background-size":"auto","background-attachment":"scroll","background-type":"","background-media":"","overlay-type":"","overlay-color":"","overlay-opacity":"","overlay-gradient":""},"mobile":{"background-color":"var(--ast-global-color-4)","background-image":"","background-repeat":"repeat","background-position":"center center","background-size":"auto","background-attachment":"scroll","background-type":"","background-media":"","overlay-type":"","overlay-color":"","overlay-opacity":"","overlay-gradient":""}}},"product_brand":[],"product_cat":[31,15],"product_tag":[],"class_list":{"0":"post-14927","1":"product","2":"type-product","3":"status-publish","4":"has-post-thumbnail","6":"product_cat-grozine-literatura","7":"product_cat-uncategorized","8":"desktop-align-left","9":"tablet-align-left","10":"mobile-align-left","12":"first","13":"instock","14":"shipping-taxable","15":"purchasable","16":"product-type-simple"},"acf":[],"yoast_head":"<!-- This site is optimized with the Yoast SEO plugin v27.4 - https:\/\/yoast.com\/product\/yoast-seo-wordpress\/ -->\n<title>Tyla<\/title>\n<meta name=\"description\" content=\"Shusaku Endo (1923\u20131996 m.) \u2013 garsiausias XX a. japon\u0173 ra\u0161ytojas. Jo pirm\u0105 kart\u0105 lietuvi\u0161kai i\u0161leistas romanas \u201eTyla\u201c, praskleid\u017eiantis u\u017edang\u0105 \u012f unikal\u0173\" \/>\n<meta name=\"robots\" content=\"index, follow, max-snippet:-1, max-image-preview:large, max-video-preview:-1\" \/>\n<link rel=\"canonical\" href=\"https:\/\/skaitytaknyga.lt\/en\/produktas\/tyla\/\" \/>\n<meta property=\"og:locale\" content=\"en_GB\" \/>\n<meta property=\"og:locale:alternate\" content=\"lt_LT\" \/>\n<meta property=\"og:type\" content=\"article\" \/>\n<meta property=\"og:title\" content=\"Tyla\" \/>\n<meta property=\"og:description\" content=\"Shusaku Endo (1923\u20131996 m.) \u2013 garsiausias XX a. japon\u0173 ra\u0161ytojas. Jo pirm\u0105 kart\u0105 lietuvi\u0161kai i\u0161leistas romanas \u201eTyla\u201c, praskleid\u017eiantis u\u017edang\u0105 \u012f unikal\u0173\" \/>\n<meta property=\"og:url\" content=\"https:\/\/skaitytaknyga.lt\/en\/produktas\/tyla\/\" \/>\n<meta property=\"og:site_name\" content=\"Skaitytaknyga\" \/>\n<meta property=\"article:publisher\" content=\"https:\/\/www.facebook.com\/skaitytaknyga\/\" \/>\n<meta property=\"article:modified_time\" content=\"2024-11-25T13:48:50+00:00\" \/>\n<meta property=\"og:image\" content=\"https:\/\/skaitytaknyga.lt\/wp-content\/uploads\/2024\/11\/Tyla.jpg\" \/>\n\t<meta property=\"og:image:width\" content=\"297\" \/>\n\t<meta property=\"og:image:height\" content=\"450\" \/>\n\t<meta property=\"og:image:type\" content=\"image\/jpeg\" \/>\n<meta name=\"twitter:card\" content=\"summary_large_image\" \/>\n<meta name=\"twitter:label1\" content=\"Estimated reading time\" \/>\n\t<meta name=\"twitter:data1\" content=\"1 minute\" \/>\n<script type=\"application\/ld+json\" class=\"yoast-schema-graph\">{\"@context\":\"https:\\\/\\\/schema.org\",\"@graph\":[{\"@type\":\"WebPage\",\"@id\":\"https:\\\/\\\/skaitytaknyga.lt\\\/produktas\\\/tyla\\\/\",\"url\":\"https:\\\/\\\/skaitytaknyga.lt\\\/produktas\\\/tyla\\\/\",\"name\":\"Tyla\",\"isPartOf\":{\"@id\":\"https:\\\/\\\/skaitytaknyga.lt\\\/#website\"},\"primaryImageOfPage\":{\"@id\":\"https:\\\/\\\/skaitytaknyga.lt\\\/produktas\\\/tyla\\\/#primaryimage\"},\"image\":{\"@id\":\"https:\\\/\\\/skaitytaknyga.lt\\\/produktas\\\/tyla\\\/#primaryimage\"},\"thumbnailUrl\":\"https:\\\/\\\/skaitytaknyga.lt\\\/wp-content\\\/uploads\\\/2024\\\/11\\\/Tyla.jpg\",\"datePublished\":\"2024-11-25T13:23:31+00:00\",\"dateModified\":\"2024-11-25T13:48:50+00:00\",\"description\":\"Shusaku Endo (1923\u20131996 m.) \u2013 garsiausias XX a. japon\u0173 ra\u0161ytojas. Jo pirm\u0105 kart\u0105 lietuvi\u0161kai i\u0161leistas romanas \u201eTyla\u201c, praskleid\u017eiantis u\u017edang\u0105 \u012f unikal\u0173\",\"breadcrumb\":{\"@id\":\"https:\\\/\\\/skaitytaknyga.lt\\\/produktas\\\/tyla\\\/#breadcrumb\"},\"inLanguage\":\"en-GB\",\"potentialAction\":[{\"@type\":\"ReadAction\",\"target\":[\"https:\\\/\\\/skaitytaknyga.lt\\\/produktas\\\/tyla\\\/\"]}]},{\"@type\":\"ImageObject\",\"inLanguage\":\"en-GB\",\"@id\":\"https:\\\/\\\/skaitytaknyga.lt\\\/produktas\\\/tyla\\\/#primaryimage\",\"url\":\"https:\\\/\\\/skaitytaknyga.lt\\\/wp-content\\\/uploads\\\/2024\\\/11\\\/Tyla.jpg\",\"contentUrl\":\"https:\\\/\\\/skaitytaknyga.lt\\\/wp-content\\\/uploads\\\/2024\\\/11\\\/Tyla.jpg\",\"width\":297,\"height\":450},{\"@type\":\"BreadcrumbList\",\"@id\":\"https:\\\/\\\/skaitytaknyga.lt\\\/produktas\\\/tyla\\\/#breadcrumb\",\"itemListElement\":[{\"@type\":\"ListItem\",\"position\":1,\"name\":\"Home\",\"item\":\"https:\\\/\\\/skaitytaknyga.lt\\\/\"},{\"@type\":\"ListItem\",\"position\":2,\"name\":\"Parduotuv\u0117\",\"item\":\"https:\\\/\\\/skaitytaknyga.lt\\\/knygu-parduotuve\\\/\"},{\"@type\":\"ListItem\",\"position\":3,\"name\":\"Tyla\"}]},{\"@type\":\"WebSite\",\"@id\":\"https:\\\/\\\/skaitytaknyga.lt\\\/#website\",\"url\":\"https:\\\/\\\/skaitytaknyga.lt\\\/\",\"name\":\"skaitytaknyga.lt\",\"description\":\"Skaitytaknyga.lt \u2013 tai ma\u017eas \u0161eimos verslas, kuris prasid\u0117jo nuo meil\u0117s knygoms ir siekio i\u0161gelb\u0117ti knygas nuo likimo prie konteinerio. Kas vienam nereikalingas daiktas \u2013 kitam lobis, o mes esame tarpininkai, kurie padeda abiems tapti laimingesniems ???? \u017dinome kaip nelengva i\u0161gyventi ma\u017eiems verslams, tad nuo \u0161iol, \u010dia rasite ir kit\u0173, ma\u017e\u0173 \u0161eim\u0173 versl\u0173, rank\u0173 darbo, dovan\u0173 sau ir artimiesiems.\",\"publisher\":{\"@id\":\"https:\\\/\\\/skaitytaknyga.lt\\\/#organization\"},\"potentialAction\":[{\"@type\":\"SearchAction\",\"target\":{\"@type\":\"EntryPoint\",\"urlTemplate\":\"https:\\\/\\\/skaitytaknyga.lt\\\/?s={search_term_string}\"},\"query-input\":{\"@type\":\"PropertyValueSpecification\",\"valueRequired\":true,\"valueName\":\"search_term_string\"}}],\"inLanguage\":\"en-GB\"},{\"@type\":\"Organization\",\"@id\":\"https:\\\/\\\/skaitytaknyga.lt\\\/#organization\",\"name\":\"skaitytaknyga.lt\",\"url\":\"https:\\\/\\\/skaitytaknyga.lt\\\/\",\"logo\":{\"@type\":\"ImageObject\",\"inLanguage\":\"en-GB\",\"@id\":\"https:\\\/\\\/skaitytaknyga.lt\\\/#\\\/schema\\\/logo\\\/image\\\/\",\"url\":\"https:\\\/\\\/skaitytaknyga.lt\\\/wp-content\\\/uploads\\\/2024\\\/05\\\/cropped-cropped-cropped-02_00843_jt3bggkj1j3HLc7SyY6rEUpg.jpeg\",\"contentUrl\":\"https:\\\/\\\/skaitytaknyga.lt\\\/wp-content\\\/uploads\\\/2024\\\/05\\\/cropped-cropped-cropped-02_00843_jt3bggkj1j3HLc7SyY6rEUpg.jpeg\",\"width\":1600,\"height\":1600,\"caption\":\"skaitytaknyga.lt\"},\"image\":{\"@id\":\"https:\\\/\\\/skaitytaknyga.lt\\\/#\\\/schema\\\/logo\\\/image\\\/\"},\"sameAs\":[\"https:\\\/\\\/www.facebook.com\\\/skaitytaknyga\\\/\"]}]}<\/script>\n<!-- \/ Yoast SEO plugin. -->","yoast_head_json":{"title":"Tyla","description":"Shusaku Endo (1923\u20131996 m.) \u2013 garsiausias XX a. japon\u0173 ra\u0161ytojas. Jo pirm\u0105 kart\u0105 lietuvi\u0161kai i\u0161leistas romanas \u201eTyla\u201c, praskleid\u017eiantis u\u017edang\u0105 \u012f unikal\u0173","robots":{"index":"index","follow":"follow","max-snippet":"max-snippet:-1","max-image-preview":"max-image-preview:large","max-video-preview":"max-video-preview:-1"},"canonical":"https:\/\/skaitytaknyga.lt\/en\/produktas\/tyla\/","og_locale":"en_GB","og_type":"article","og_title":"[:lt]Tyla[:] - Skaitytaknyga","og_description":"Shusaku Endo (1923\u20131996 m.) \u2013 garsiausias XX a. japon\u0173 ra\u0161ytojas. Jo pirm\u0105 kart\u0105 lietuvi\u0161kai i\u0161leistas romanas \u201eTyla\u201c, praskleid\u017eiantis u\u017edang\u0105 \u012f unikal\u0173","og_url":"https:\/\/skaitytaknyga.lt\/en\/produktas\/tyla\/","og_site_name":"Skaitytaknyga","article_publisher":"https:\/\/www.facebook.com\/skaitytaknyga\/","article_modified_time":"2024-11-25T13:48:50+00:00","og_image":[{"width":297,"height":450,"url":"https:\/\/skaitytaknyga.lt\/wp-content\/uploads\/2024\/11\/Tyla.jpg","type":"image\/jpeg"}],"twitter_card":"summary_large_image","twitter_misc":{"Estimated reading time":"1 minute"},"schema":{"@context":"https:\/\/schema.org","@graph":[{"@type":"WebPage","@id":"https:\/\/skaitytaknyga.lt\/produktas\/tyla\/","url":"https:\/\/skaitytaknyga.lt\/produktas\/tyla\/","name":"Tyla","isPartOf":{"@id":"https:\/\/skaitytaknyga.lt\/#website"},"primaryImageOfPage":{"@id":"https:\/\/skaitytaknyga.lt\/produktas\/tyla\/#primaryimage"},"image":{"@id":"https:\/\/skaitytaknyga.lt\/produktas\/tyla\/#primaryimage"},"thumbnailUrl":"https:\/\/skaitytaknyga.lt\/wp-content\/uploads\/2024\/11\/Tyla.jpg","datePublished":"2024-11-25T13:23:31+00:00","dateModified":"2024-11-25T13:48:50+00:00","description":"Shusaku Endo (1923\u20131996 m.) \u2013 garsiausias XX a. japon\u0173 ra\u0161ytojas. Jo pirm\u0105 kart\u0105 lietuvi\u0161kai i\u0161leistas romanas \u201eTyla\u201c, praskleid\u017eiantis u\u017edang\u0105 \u012f unikal\u0173","breadcrumb":{"@id":"https:\/\/skaitytaknyga.lt\/produktas\/tyla\/#breadcrumb"},"inLanguage":"en-GB","potentialAction":[{"@type":"ReadAction","target":["https:\/\/skaitytaknyga.lt\/produktas\/tyla\/"]}]},{"@type":"ImageObject","inLanguage":"en-GB","@id":"https:\/\/skaitytaknyga.lt\/produktas\/tyla\/#primaryimage","url":"https:\/\/skaitytaknyga.lt\/wp-content\/uploads\/2024\/11\/Tyla.jpg","contentUrl":"https:\/\/skaitytaknyga.lt\/wp-content\/uploads\/2024\/11\/Tyla.jpg","width":297,"height":450},{"@type":"BreadcrumbList","@id":"https:\/\/skaitytaknyga.lt\/produktas\/tyla\/#breadcrumb","itemListElement":[{"@type":"ListItem","position":1,"name":"Home","item":"https:\/\/skaitytaknyga.lt\/"},{"@type":"ListItem","position":2,"name":"Parduotuv\u0117","item":"https:\/\/skaitytaknyga.lt\/knygu-parduotuve\/"},{"@type":"ListItem","position":3,"name":"Tyla"}]},{"@type":"WebSite","@id":"https:\/\/skaitytaknyga.lt\/#website","url":"https:\/\/skaitytaknyga.lt\/","name":"skaitytaknyga.lt","description":"Skaitytaknyga.lt \u2013 tai ma\u017eas \u0161eimos verslas, kuris prasid\u0117jo nuo meil\u0117s knygoms ir siekio i\u0161gelb\u0117ti knygas nuo likimo prie konteinerio. Kas vienam nereikalingas daiktas \u2013 kitam lobis, o mes esame tarpininkai, kurie padeda abiems tapti laimingesniems ???? \u017dinome kaip nelengva i\u0161gyventi ma\u017eiems verslams, tad nuo \u0161iol, \u010dia rasite ir kit\u0173, ma\u017e\u0173 \u0161eim\u0173 versl\u0173, rank\u0173 darbo, dovan\u0173 sau ir artimiesiems.","publisher":{"@id":"https:\/\/skaitytaknyga.lt\/#organization"},"potentialAction":[{"@type":"SearchAction","target":{"@type":"EntryPoint","urlTemplate":"https:\/\/skaitytaknyga.lt\/?s={search_term_string}"},"query-input":{"@type":"PropertyValueSpecification","valueRequired":true,"valueName":"search_term_string"}}],"inLanguage":"en-GB"},{"@type":"Organization","@id":"https:\/\/skaitytaknyga.lt\/#organization","name":"skaitytaknyga.lt","url":"https:\/\/skaitytaknyga.lt\/","logo":{"@type":"ImageObject","inLanguage":"en-GB","@id":"https:\/\/skaitytaknyga.lt\/#\/schema\/logo\/image\/","url":"https:\/\/skaitytaknyga.lt\/wp-content\/uploads\/2024\/05\/cropped-cropped-cropped-02_00843_jt3bggkj1j3HLc7SyY6rEUpg.jpeg","contentUrl":"https:\/\/skaitytaknyga.lt\/wp-content\/uploads\/2024\/05\/cropped-cropped-cropped-02_00843_jt3bggkj1j3HLc7SyY6rEUpg.jpeg","width":1600,"height":1600,"caption":"skaitytaknyga.lt"},"image":{"@id":"https:\/\/skaitytaknyga.lt\/#\/schema\/logo\/image\/"},"sameAs":["https:\/\/www.facebook.com\/skaitytaknyga\/"]}]}},"_links":{"self":[{"href":"https:\/\/skaitytaknyga.lt\/en\/wp-json\/wp\/v2\/product\/14927","targetHints":{"allow":["GET"]}}],"collection":[{"href":"https:\/\/skaitytaknyga.lt\/en\/wp-json\/wp\/v2\/product"}],"about":[{"href":"https:\/\/skaitytaknyga.lt\/en\/wp-json\/wp\/v2\/types\/product"}],"replies":[{"embeddable":true,"href":"https:\/\/skaitytaknyga.lt\/en\/wp-json\/wp\/v2\/comments?post=14927"}],"wp:featuredmedia":[{"embeddable":true,"href":"https:\/\/skaitytaknyga.lt\/en\/wp-json\/wp\/v2\/media\/14940"}],"wp:attachment":[{"href":"https:\/\/skaitytaknyga.lt\/en\/wp-json\/wp\/v2\/media?parent=14927"}],"wp:term":[{"taxonomy":"product_brand","embeddable":true,"href":"https:\/\/skaitytaknyga.lt\/en\/wp-json\/wp\/v2\/product_brand?post=14927"},{"taxonomy":"product_cat","embeddable":true,"href":"https:\/\/skaitytaknyga.lt\/en\/wp-json\/wp\/v2\/product_cat?post=14927"},{"taxonomy":"product_tag","embeddable":true,"href":"https:\/\/skaitytaknyga.lt\/en\/wp-json\/wp\/v2\/product_tag?post=14927"}],"curies":[{"name":"wp","href":"https:\/\/api.w.org\/{rel}","templated":true}]}}