{"id":14874,"date":"2024-11-24T13:41:07","date_gmt":"2024-11-24T11:41:07","guid":{"rendered":"https:\/\/skaitytaknyga.lt\/?post_type=product&#038;p=14874"},"modified":"2025-06-27T22:22:37","modified_gmt":"2025-06-27T19:22:37","slug":"vaiduokliukas","status":"publish","type":"product","link":"https:\/\/skaitytaknyga.lt\/en\/produktas\/vaiduokliukas\/","title":{"rendered":"VAIDUOKLIUKAS"},"content":{"rendered":"<p>\u201eArgi naktinis vaiduoklis nei i\u0161 \u0161io, nei i\u0161 to gali virsti dieniniu?\u201c \u2013 klausdavo jis sav\u0119s.<\/p>\n<p>Ma\u017easis vaiduokliukas iki \u0161iol dar niekada nemat\u0117 dienos \u0161viesos. O nor\u0117t\u0173! Juk taip smagu b\u016bt\u0173 vaidentis dien\u0105 ir pamatyti med\u017eius, \u017emones ir nam\u0173 stogus saul\u0117s \u0161viesoje. Bet sakoma, kad nor\u0117ti reikia atsargiai \u2013 norai kartais ima ir i\u0161sipildo.<\/p>\n<p>Otfriedas Preu\u00dfleris (Otfrydas Proisleris, 1923\u20132013) \u2013 vienas linksmiausi\u0173 ir m\u0117gstamiausi\u0173 vaik\u0173 ra\u0161ytoj\u0173, mylimas ir gimtojoje Vokietijoje, ir visame pasaulyje. Jis para\u0161\u0117 kelias de\u0161imtis nepamir\u0161tam\u0173 istorij\u0173 ir net du kartus gavo auk\u0161\u010diausi\u0105 nacionalin\u012f Vokietijos vaik\u0173 literat\u016bros apdovanojim\u0105.<\/p>\n<p>Kartu su apysaka \u201eVaiduokliukas&#8221; u\u017eaugo ne viena skaitytoj\u0173 karta. Tai miela istorija apie ma\u017e\u0105 balt\u0105 vaiduokliuk\u0105, gyvenant\u012f senoje pilyje ir kartais pasvajojant\u012f i\u0161vysti dienos \u0161vies\u0105. Kart\u0105 jo svajon\u0117 i\u0161sipildo ir ma\u017eylis gali palyginti, kada vaidentis smagiau \u2013 dien\u0105 ar nakt\u012f.<\/p>\n<p>\u201eVaiduokliukas&#8221; leid\u017eiamas su originaliomis vokie\u010di\u0173 dailininko F. J. Trippo iliustracijomis, kurias nuspalvino Mathias Weberis.<\/p>\n<ul class=\"about-product d-none d-xl-block mt-4\">\n<li><strong>Autorius:<\/strong>\u00a0Otfried Preussler<\/li>\n<li><strong>Leid\u0117jas:<\/strong>\u00a0Nieko rimto<\/li>\n<li><strong>Metai:<\/strong>\u00a02023<\/li>\n<li><strong>Puslapiai:<\/strong>\u00a0112<\/li>\n<li class=\"toggleable type-new-formats \"><strong>ISBN:<\/strong>\u00a09786094415586<\/li>\n<li><strong>Versijos kodas:<\/strong>\u00a0PT.<\/li>\n<li class=\"toggleable type-new-formats \"><strong>Formatas:<\/strong>\u00a016,6 x 22,6 x 1,5 cm, kieti vir\u0161eliai<\/li>\n<li><strong>Kalba:<\/strong>\u00a0Lietuvi\u0173<\/li>\n<li><strong>Vert\u0117jas:<\/strong>\u00a0Teodoras \u010cetrauskas<\/li>\n<\/ul>\n","protected":false},"excerpt":{"rendered":"<p>\u201eArgi naktinis vaiduoklis nei i\u0161 \u0161io, nei i\u0161 to gali virsti dieniniu?\u201c \u2013 klausdavo jis sav\u0119s. Ma\u017easis vaiduokliukas iki \u0161iol dar niekada nemat\u0117 dienos \u0161viesos. O nor\u0117t\u0173! Juk taip smagu b\u016bt\u0173 vaidentis dien\u0105 ir pamatyti med\u017eius, \u017emones ir nam\u0173 stogus saul\u0117s \u0161viesoje. Bet sakoma, kad nor\u0117ti reikia atsargiai \u2013 norai kartais ima ir i\u0161sipildo. Otfriedas Preu\u00dfleris (Otfrydas Proisleris, 1923\u20132013) \u2013 vienas linksmiausi\u0173 ir m\u0117gstamiausi\u0173 vaik\u0173 ra\u0161ytoj\u0173, mylimas ir gimtojoje Vokietijoje, ir visame pasaulyje. Jis para\u0161\u0117 kelias de\u0161imtis nepamir\u0161tam\u0173 istorij\u0173 ir net du kartus gavo auk\u0161\u010diausi\u0105 nacionalin\u012f Vokietijos vaik\u0173 literat\u016bros apdovanojim\u0105. Kartu su apysaka \u201eVaiduokliukas&#8221; u\u017eaugo ne viena skaitytoj\u0173 karta. Tai miela istorija apie ma\u017e\u0105 balt\u0105 vaiduokliuk\u0105, gyvenant\u012f senoje pilyje ir kartais pasvajojant\u012f i\u0161vysti dienos \u0161vies\u0105. Kart\u0105 jo svajon\u0117 i\u0161sipildo ir ma\u017eylis gali palyginti, kada vaidentis smagiau \u2013 dien\u0105 ar nakt\u012f. \u201eVaiduokliukas&#8221; leid\u017eiamas su originaliomis vokie\u010di\u0173 dailininko F. J. Trippo iliustracijomis, kurias nuspalvino Mathias Weberis. Autorius:\u00a0Otfried Preussler Leid\u0117jas:\u00a0Nieko rimto Metai:\u00a02023 Puslapiai:\u00a0112 ISBN:\u00a09786094415586 Versijos kodas:\u00a0PT. Formatas:\u00a016,6 x 22,6 x 1,5 cm, kieti vir\u0161eliai Kalba:\u00a0Lietuvi\u0173 Vert\u0117jas:\u00a0Teodoras \u010cetrauskas<\/p>\n","protected":false},"featured_media":14889,"comment_status":"open","ping_status":"closed","template":"","meta":{"_acf_changed":false,"site-sidebar-layout":"default","site-content-layout":"","ast-site-content-layout":"default","site-content-style":"default","site-sidebar-style":"default","ast-global-header-display":"","ast-banner-title-visibility":"","ast-main-header-display":"","ast-hfb-above-header-display":"","ast-hfb-below-header-display":"","ast-hfb-mobile-header-display":"","site-post-title":"","ast-breadcrumbs-content":"","ast-featured-img":"","footer-sml-layout":"","ast-disable-related-posts":"","theme-transparent-header-meta":"default","adv-header-id-meta":"","stick-header-meta":"","header-above-stick-meta":"","header-main-stick-meta":"","header-below-stick-meta":"","astra-migrate-meta-layouts":"set","ast-page-background-enabled":"default","ast-page-background-meta":{"desktop":{"background-color":"","background-image":"","background-repeat":"repeat","background-position":"center center","background-size":"auto","background-attachment":"scroll","background-type":"","background-media":"","overlay-type":"","overlay-color":"","overlay-opacity":"","overlay-gradient":""},"tablet":{"background-color":"","background-image":"","background-repeat":"repeat","background-position":"center center","background-size":"auto","background-attachment":"scroll","background-type":"","background-media":"","overlay-type":"","overlay-color":"","overlay-opacity":"","overlay-gradient":""},"mobile":{"background-color":"","background-image":"","background-repeat":"repeat","background-position":"center center","background-size":"auto","background-attachment":"scroll","background-type":"","background-media":"","overlay-type":"","overlay-color":"","overlay-opacity":"","overlay-gradient":""}},"ast-content-background-meta":{"desktop":{"background-color":"var(--ast-global-color-4)","background-image":"","background-repeat":"repeat","background-position":"center center","background-size":"auto","background-attachment":"scroll","background-type":"","background-media":"","overlay-type":"","overlay-color":"","overlay-opacity":"","overlay-gradient":""},"tablet":{"background-color":"var(--ast-global-color-4)","background-image":"","background-repeat":"repeat","background-position":"center center","background-size":"auto","background-attachment":"scroll","background-type":"","background-media":"","overlay-type":"","overlay-color":"","overlay-opacity":"","overlay-gradient":""},"mobile":{"background-color":"var(--ast-global-color-4)","background-image":"","background-repeat":"repeat","background-position":"center center","background-size":"auto","background-attachment":"scroll","background-type":"","background-media":"","overlay-type":"","overlay-color":"","overlay-opacity":"","overlay-gradient":""}}},"product_brand":[],"product_cat":[15,35],"product_tag":[],"class_list":{"0":"post-14874","1":"product","2":"type-product","3":"status-publish","4":"has-post-thumbnail","6":"product_cat-uncategorized","7":"product_cat-vaikams-ir-paaugliams","8":"desktop-align-left","9":"tablet-align-left","10":"mobile-align-left","12":"first","13":"outofstock","14":"shipping-taxable","15":"purchasable","16":"product-type-simple"},"acf":[],"yoast_head":"<!-- This site is optimized with the Yoast SEO plugin v27.0 - https:\/\/yoast.com\/product\/yoast-seo-wordpress\/ -->\n<title>VAIDUOKLIUKAS<\/title>\n<meta name=\"description\" content=\"\u201eArgi naktinis vaiduoklis nei i\u0161 \u0161io, nei i\u0161 to gali virsti dieniniu?\u201c \u2013 klausdavo jis sav\u0119s. Ma\u017easis vaiduokliukas iki \u0161iol dar niekada nemat\u0117 dienos\" \/>\n<meta name=\"robots\" content=\"index, follow, max-snippet:-1, max-image-preview:large, max-video-preview:-1\" \/>\n<link rel=\"canonical\" href=\"https:\/\/skaitytaknyga.lt\/en\/produktas\/vaiduokliukas\/\" \/>\n<meta property=\"og:locale\" content=\"en_GB\" \/>\n<meta property=\"og:locale:alternate\" content=\"lt_LT\" \/>\n<meta property=\"og:type\" content=\"article\" \/>\n<meta property=\"og:title\" content=\"VAIDUOKLIUKAS\" \/>\n<meta property=\"og:description\" content=\"\u201eArgi naktinis vaiduoklis nei i\u0161 \u0161io, nei i\u0161 to gali virsti dieniniu?\u201c \u2013 klausdavo jis sav\u0119s. Ma\u017easis vaiduokliukas iki \u0161iol dar niekada nemat\u0117 dienos\" \/>\n<meta property=\"og:url\" content=\"https:\/\/skaitytaknyga.lt\/en\/produktas\/vaiduokliukas\/\" \/>\n<meta property=\"og:site_name\" content=\"Skaitytaknyga\" \/>\n<meta property=\"article:publisher\" content=\"https:\/\/www.facebook.com\/skaitytaknyga\/\" \/>\n<meta property=\"article:modified_time\" content=\"2025-06-27T19:22:37+00:00\" \/>\n<meta property=\"og:image\" content=\"https:\/\/skaitytaknyga.lt\/wp-content\/uploads\/2024\/11\/VAIDUOKLIUKAS.webp\" \/>\n\t<meta property=\"og:image:width\" content=\"572\" \/>\n\t<meta property=\"og:image:height\" content=\"800\" \/>\n\t<meta property=\"og:image:type\" content=\"image\/webp\" \/>\n<meta name=\"twitter:card\" content=\"summary_large_image\" \/>\n<meta name=\"twitter:label1\" content=\"Estimated reading time\" \/>\n\t<meta name=\"twitter:data1\" content=\"2 minutes\" \/>\n<script type=\"application\/ld+json\" class=\"yoast-schema-graph\">{\"@context\":\"https:\/\/schema.org\",\"@graph\":[{\"@type\":\"WebPage\",\"@id\":\"https:\/\/skaitytaknyga.lt\/produktas\/vaiduokliukas\/\",\"url\":\"https:\/\/skaitytaknyga.lt\/produktas\/vaiduokliukas\/\",\"name\":\"VAIDUOKLIUKAS\",\"isPartOf\":{\"@id\":\"https:\/\/skaitytaknyga.lt\/#website\"},\"primaryImageOfPage\":{\"@id\":\"https:\/\/skaitytaknyga.lt\/produktas\/vaiduokliukas\/#primaryimage\"},\"image\":{\"@id\":\"https:\/\/skaitytaknyga.lt\/produktas\/vaiduokliukas\/#primaryimage\"},\"thumbnailUrl\":\"https:\/\/skaitytaknyga.lt\/wp-content\/uploads\/2024\/11\/VAIDUOKLIUKAS.webp\",\"datePublished\":\"2024-11-24T11:41:07+00:00\",\"dateModified\":\"2025-06-27T19:22:37+00:00\",\"description\":\"\u201eArgi naktinis vaiduoklis nei i\u0161 \u0161io, nei i\u0161 to gali virsti dieniniu?\u201c \u2013 klausdavo jis sav\u0119s. Ma\u017easis vaiduokliukas iki \u0161iol dar niekada nemat\u0117 dienos\",\"breadcrumb\":{\"@id\":\"https:\/\/skaitytaknyga.lt\/produktas\/vaiduokliukas\/#breadcrumb\"},\"inLanguage\":\"en-GB\",\"potentialAction\":[{\"@type\":\"ReadAction\",\"target\":[\"https:\/\/skaitytaknyga.lt\/produktas\/vaiduokliukas\/\"]}]},{\"@type\":\"ImageObject\",\"inLanguage\":\"en-GB\",\"@id\":\"https:\/\/skaitytaknyga.lt\/produktas\/vaiduokliukas\/#primaryimage\",\"url\":\"https:\/\/skaitytaknyga.lt\/wp-content\/uploads\/2024\/11\/VAIDUOKLIUKAS.webp\",\"contentUrl\":\"https:\/\/skaitytaknyga.lt\/wp-content\/uploads\/2024\/11\/VAIDUOKLIUKAS.webp\",\"width\":572,\"height\":800,\"caption\":\"VAIDUOKLIUKAS\"},{\"@type\":\"BreadcrumbList\",\"@id\":\"https:\/\/skaitytaknyga.lt\/produktas\/vaiduokliukas\/#breadcrumb\",\"itemListElement\":[{\"@type\":\"ListItem\",\"position\":1,\"name\":\"Home\",\"item\":\"https:\/\/skaitytaknyga.lt\/\"},{\"@type\":\"ListItem\",\"position\":2,\"name\":\"Parduotuv\u0117\",\"item\":\"https:\/\/skaitytaknyga.lt\/knygu-parduotuve\/\"},{\"@type\":\"ListItem\",\"position\":3,\"name\":\"VAIDUOKLIUKAS\"}]},{\"@type\":\"WebSite\",\"@id\":\"https:\/\/skaitytaknyga.lt\/#website\",\"url\":\"https:\/\/skaitytaknyga.lt\/\",\"name\":\"skaitytaknyga.lt\",\"description\":\"Skaitytaknyga.lt \u2013 tai ma\u017eas \u0161eimos verslas, kuris prasid\u0117jo nuo meil\u0117s knygoms ir siekio i\u0161gelb\u0117ti knygas nuo likimo prie konteinerio. Kas vienam nereikalingas daiktas \u2013 kitam lobis, o mes esame tarpininkai, kurie padeda abiems tapti laimingesniems ???? \u017dinome kaip nelengva i\u0161gyventi ma\u017eiems verslams, tad nuo \u0161iol, \u010dia rasite ir kit\u0173, ma\u017e\u0173 \u0161eim\u0173 versl\u0173, rank\u0173 darbo, dovan\u0173 sau ir artimiesiems.\",\"publisher\":{\"@id\":\"https:\/\/skaitytaknyga.lt\/#organization\"},\"potentialAction\":[{\"@type\":\"SearchAction\",\"target\":{\"@type\":\"EntryPoint\",\"urlTemplate\":\"https:\/\/skaitytaknyga.lt\/?s={search_term_string}\"},\"query-input\":{\"@type\":\"PropertyValueSpecification\",\"valueRequired\":true,\"valueName\":\"search_term_string\"}}],\"inLanguage\":\"en-GB\"},{\"@type\":\"Organization\",\"@id\":\"https:\/\/skaitytaknyga.lt\/#organization\",\"name\":\"skaitytaknyga.lt\",\"url\":\"https:\/\/skaitytaknyga.lt\/\",\"logo\":{\"@type\":\"ImageObject\",\"inLanguage\":\"en-GB\",\"@id\":\"https:\/\/skaitytaknyga.lt\/#\/schema\/logo\/image\/\",\"url\":\"https:\/\/skaitytaknyga.lt\/wp-content\/uploads\/2024\/05\/cropped-cropped-cropped-02_00843_jt3bggkj1j3HLc7SyY6rEUpg.jpeg\",\"contentUrl\":\"https:\/\/skaitytaknyga.lt\/wp-content\/uploads\/2024\/05\/cropped-cropped-cropped-02_00843_jt3bggkj1j3HLc7SyY6rEUpg.jpeg\",\"width\":1600,\"height\":1600,\"caption\":\"skaitytaknyga.lt\"},\"image\":{\"@id\":\"https:\/\/skaitytaknyga.lt\/#\/schema\/logo\/image\/\"},\"sameAs\":[\"https:\/\/www.facebook.com\/skaitytaknyga\/\"]}]}<\/script>\n<!-- \/ Yoast SEO plugin. -->","yoast_head_json":{"title":"VAIDUOKLIUKAS","description":"\u201eArgi naktinis vaiduoklis nei i\u0161 \u0161io, nei i\u0161 to gali virsti dieniniu?\u201c \u2013 klausdavo jis sav\u0119s. Ma\u017easis vaiduokliukas iki \u0161iol dar niekada nemat\u0117 dienos","robots":{"index":"index","follow":"follow","max-snippet":"max-snippet:-1","max-image-preview":"max-image-preview:large","max-video-preview":"max-video-preview:-1"},"canonical":"https:\/\/skaitytaknyga.lt\/en\/produktas\/vaiduokliukas\/","og_locale":"en_GB","og_type":"article","og_title":"[:lt]VAIDUOKLIUKAS[:] - Skaitytaknyga","og_description":"\u201eArgi naktinis vaiduoklis nei i\u0161 \u0161io, nei i\u0161 to gali virsti dieniniu?\u201c \u2013 klausdavo jis sav\u0119s. Ma\u017easis vaiduokliukas iki \u0161iol dar niekada nemat\u0117 dienos","og_url":"https:\/\/skaitytaknyga.lt\/en\/produktas\/vaiduokliukas\/","og_site_name":"Skaitytaknyga","article_publisher":"https:\/\/www.facebook.com\/skaitytaknyga\/","article_modified_time":"2025-06-27T19:22:37+00:00","og_image":[{"width":572,"height":800,"url":"https:\/\/skaitytaknyga.lt\/wp-content\/uploads\/2024\/11\/VAIDUOKLIUKAS.webp","type":"image\/webp"}],"twitter_card":"summary_large_image","twitter_misc":{"Estimated reading time":"2 minutes"},"schema":{"@context":"https:\/\/schema.org","@graph":[{"@type":"WebPage","@id":"https:\/\/skaitytaknyga.lt\/produktas\/vaiduokliukas\/","url":"https:\/\/skaitytaknyga.lt\/produktas\/vaiduokliukas\/","name":"VAIDUOKLIUKAS","isPartOf":{"@id":"https:\/\/skaitytaknyga.lt\/#website"},"primaryImageOfPage":{"@id":"https:\/\/skaitytaknyga.lt\/produktas\/vaiduokliukas\/#primaryimage"},"image":{"@id":"https:\/\/skaitytaknyga.lt\/produktas\/vaiduokliukas\/#primaryimage"},"thumbnailUrl":"https:\/\/skaitytaknyga.lt\/wp-content\/uploads\/2024\/11\/VAIDUOKLIUKAS.webp","datePublished":"2024-11-24T11:41:07+00:00","dateModified":"2025-06-27T19:22:37+00:00","description":"\u201eArgi naktinis vaiduoklis nei i\u0161 \u0161io, nei i\u0161 to gali virsti dieniniu?\u201c \u2013 klausdavo jis sav\u0119s. Ma\u017easis vaiduokliukas iki \u0161iol dar niekada nemat\u0117 dienos","breadcrumb":{"@id":"https:\/\/skaitytaknyga.lt\/produktas\/vaiduokliukas\/#breadcrumb"},"inLanguage":"en-GB","potentialAction":[{"@type":"ReadAction","target":["https:\/\/skaitytaknyga.lt\/produktas\/vaiduokliukas\/"]}]},{"@type":"ImageObject","inLanguage":"en-GB","@id":"https:\/\/skaitytaknyga.lt\/produktas\/vaiduokliukas\/#primaryimage","url":"https:\/\/skaitytaknyga.lt\/wp-content\/uploads\/2024\/11\/VAIDUOKLIUKAS.webp","contentUrl":"https:\/\/skaitytaknyga.lt\/wp-content\/uploads\/2024\/11\/VAIDUOKLIUKAS.webp","width":572,"height":800,"caption":"VAIDUOKLIUKAS"},{"@type":"BreadcrumbList","@id":"https:\/\/skaitytaknyga.lt\/produktas\/vaiduokliukas\/#breadcrumb","itemListElement":[{"@type":"ListItem","position":1,"name":"Home","item":"https:\/\/skaitytaknyga.lt\/"},{"@type":"ListItem","position":2,"name":"Parduotuv\u0117","item":"https:\/\/skaitytaknyga.lt\/knygu-parduotuve\/"},{"@type":"ListItem","position":3,"name":"VAIDUOKLIUKAS"}]},{"@type":"WebSite","@id":"https:\/\/skaitytaknyga.lt\/#website","url":"https:\/\/skaitytaknyga.lt\/","name":"skaitytaknyga.lt","description":"Skaitytaknyga.lt \u2013 tai ma\u017eas \u0161eimos verslas, kuris prasid\u0117jo nuo meil\u0117s knygoms ir siekio i\u0161gelb\u0117ti knygas nuo likimo prie konteinerio. Kas vienam nereikalingas daiktas \u2013 kitam lobis, o mes esame tarpininkai, kurie padeda abiems tapti laimingesniems ???? \u017dinome kaip nelengva i\u0161gyventi ma\u017eiems verslams, tad nuo \u0161iol, \u010dia rasite ir kit\u0173, ma\u017e\u0173 \u0161eim\u0173 versl\u0173, rank\u0173 darbo, dovan\u0173 sau ir artimiesiems.","publisher":{"@id":"https:\/\/skaitytaknyga.lt\/#organization"},"potentialAction":[{"@type":"SearchAction","target":{"@type":"EntryPoint","urlTemplate":"https:\/\/skaitytaknyga.lt\/?s={search_term_string}"},"query-input":{"@type":"PropertyValueSpecification","valueRequired":true,"valueName":"search_term_string"}}],"inLanguage":"en-GB"},{"@type":"Organization","@id":"https:\/\/skaitytaknyga.lt\/#organization","name":"skaitytaknyga.lt","url":"https:\/\/skaitytaknyga.lt\/","logo":{"@type":"ImageObject","inLanguage":"en-GB","@id":"https:\/\/skaitytaknyga.lt\/#\/schema\/logo\/image\/","url":"https:\/\/skaitytaknyga.lt\/wp-content\/uploads\/2024\/05\/cropped-cropped-cropped-02_00843_jt3bggkj1j3HLc7SyY6rEUpg.jpeg","contentUrl":"https:\/\/skaitytaknyga.lt\/wp-content\/uploads\/2024\/05\/cropped-cropped-cropped-02_00843_jt3bggkj1j3HLc7SyY6rEUpg.jpeg","width":1600,"height":1600,"caption":"skaitytaknyga.lt"},"image":{"@id":"https:\/\/skaitytaknyga.lt\/#\/schema\/logo\/image\/"},"sameAs":["https:\/\/www.facebook.com\/skaitytaknyga\/"]}]}},"_links":{"self":[{"href":"https:\/\/skaitytaknyga.lt\/en\/wp-json\/wp\/v2\/product\/14874","targetHints":{"allow":["GET"]}}],"collection":[{"href":"https:\/\/skaitytaknyga.lt\/en\/wp-json\/wp\/v2\/product"}],"about":[{"href":"https:\/\/skaitytaknyga.lt\/en\/wp-json\/wp\/v2\/types\/product"}],"replies":[{"embeddable":true,"href":"https:\/\/skaitytaknyga.lt\/en\/wp-json\/wp\/v2\/comments?post=14874"}],"wp:featuredmedia":[{"embeddable":true,"href":"https:\/\/skaitytaknyga.lt\/en\/wp-json\/wp\/v2\/media\/14889"}],"wp:attachment":[{"href":"https:\/\/skaitytaknyga.lt\/en\/wp-json\/wp\/v2\/media?parent=14874"}],"wp:term":[{"taxonomy":"product_brand","embeddable":true,"href":"https:\/\/skaitytaknyga.lt\/en\/wp-json\/wp\/v2\/product_brand?post=14874"},{"taxonomy":"product_cat","embeddable":true,"href":"https:\/\/skaitytaknyga.lt\/en\/wp-json\/wp\/v2\/product_cat?post=14874"},{"taxonomy":"product_tag","embeddable":true,"href":"https:\/\/skaitytaknyga.lt\/en\/wp-json\/wp\/v2\/product_tag?post=14874"}],"curies":[{"name":"wp","href":"https:\/\/api.w.org\/{rel}","templated":true}]}}