{"id":14872,"date":"2024-11-24T13:41:06","date_gmt":"2024-11-24T11:41:06","guid":{"rendered":"https:\/\/skaitytaknyga.lt\/?post_type=product&#038;p=14872"},"modified":"2026-03-18T13:02:50","modified_gmt":"2026-03-18T11:02:50","slug":"1000-gamtos-stebuklu","status":"publish","type":"product","link":"https:\/\/skaitytaknyga.lt\/en\/produktas\/1000-gamtos-stebuklu\/","title":{"rendered":"1000 gamtos stebukl\u0173"},"content":{"rendered":"<p>\u012e\u017eenkite \u012f kerin\u010di\u0173 gamtos paslap\u010di\u0173 karalij\u0105, gniau\u017eian\u010dio gro\u017eio, piln\u0105 stebukl\u0173, trapi\u0173 kaip drugelio sparnai ir galing\u0173 kaip ugnikalnio i\u0161siver\u017eimas. Nei\u0161k\u0117l\u0119 kojos i\u0161 nam\u0173 \u012fbrisite \u012f ro\u017einius e\u017eerus, nuskrisite \u012f m\u0117lynus m\u0117nulius ir i\u0161vysite netikr\u0105sias saules, \u012fkopsite \u012f \u0160okolado kalnus, g\u0117r\u0117sit\u0117s spalvas kei\u010dian\u010diais a\u0161tuonkojais, steb\u0117sit\u0117s ant galvos stovin\u010diais vabalais, susipa\u017einsite su augalais, kuriais teka elektros srov\u0117, su\u017einosite, kaip susikalba delfinai ir atrasite dar daugiau stulbinan\u010di\u0173 ar net keist\u0173 gamtos paslap\u010di\u0173.<\/p>\n<ul class=\"about-product d-none d-xl-block mt-4\">\n<li><strong>Leid\u0117jas:<\/strong>\u00a0Alma littera<\/li>\n<li><strong>Metai:<\/strong>\u00a02008<\/li>\n<li><strong>Puslapiai:<\/strong>\u00a0448<\/li>\n<li class=\"toggleable type-new-formats \"><strong>ISBN:<\/strong>\u00a09789955248989<\/li>\n<li class=\"toggleable type-new-formats \"><strong>Formatas:<\/strong>\u00a022 x 28,4 x 3 cm, kieti vir\u0161eliai<\/li>\n<li><strong>Kalba:<\/strong>\u00a0Lietuvi\u0173<\/li>\n<\/ul>\n","protected":false},"excerpt":{"rendered":"<p>\u012e\u017eenkite \u012f kerin\u010di\u0173 gamtos paslap\u010di\u0173 karalij\u0105, gniau\u017eian\u010dio gro\u017eio, piln\u0105 stebukl\u0173, trapi\u0173 kaip drugelio sparnai ir galing\u0173 kaip ugnikalnio i\u0161siver\u017eimas. Nei\u0161k\u0117l\u0119 kojos i\u0161 nam\u0173 \u012fbrisite \u012f ro\u017einius e\u017eerus, nuskrisite \u012f m\u0117lynus m\u0117nulius ir i\u0161vysite netikr\u0105sias saules, \u012fkopsite \u012f \u0160okolado kalnus, g\u0117r\u0117sit\u0117s spalvas kei\u010dian\u010diais a\u0161tuonkojais, steb\u0117sit\u0117s ant galvos stovin\u010diais vabalais, susipa\u017einsite su augalais, kuriais teka elektros srov\u0117, su\u017einosite, kaip susikalba delfinai ir atrasite dar daugiau stulbinan\u010di\u0173 ar net keist\u0173 gamtos paslap\u010di\u0173. Leid\u0117jas:\u00a0Alma littera Metai:\u00a02008 Puslapiai:\u00a0448 ISBN:\u00a09789955248989 Formatas:\u00a022 x 28,4 x 3 cm, kieti vir\u0161eliai Kalba:\u00a0Lietuvi\u0173<\/p>\n","protected":false},"featured_media":14891,"comment_status":"open","ping_status":"closed","template":"","meta":{"_acf_changed":false,"site-sidebar-layout":"default","site-content-layout":"","ast-site-content-layout":"default","site-content-style":"default","site-sidebar-style":"default","ast-global-header-display":"","ast-banner-title-visibility":"","ast-main-header-display":"","ast-hfb-above-header-display":"","ast-hfb-below-header-display":"","ast-hfb-mobile-header-display":"","site-post-title":"","ast-breadcrumbs-content":"","ast-featured-img":"","footer-sml-layout":"","ast-disable-related-posts":"","theme-transparent-header-meta":"default","adv-header-id-meta":"","stick-header-meta":"","header-above-stick-meta":"","header-main-stick-meta":"","header-below-stick-meta":"","astra-migrate-meta-layouts":"set","ast-page-background-enabled":"default","ast-page-background-meta":{"desktop":{"background-color":"","background-image":"","background-repeat":"repeat","background-position":"center center","background-size":"auto","background-attachment":"scroll","background-type":"","background-media":"","overlay-type":"","overlay-color":"","overlay-opacity":"","overlay-gradient":""},"tablet":{"background-color":"","background-image":"","background-repeat":"repeat","background-position":"center center","background-size":"auto","background-attachment":"scroll","background-type":"","background-media":"","overlay-type":"","overlay-color":"","overlay-opacity":"","overlay-gradient":""},"mobile":{"background-color":"","background-image":"","background-repeat":"repeat","background-position":"center center","background-size":"auto","background-attachment":"scroll","background-type":"","background-media":"","overlay-type":"","overlay-color":"","overlay-opacity":"","overlay-gradient":""}},"ast-content-background-meta":{"desktop":{"background-color":"var(--ast-global-color-4)","background-image":"","background-repeat":"repeat","background-position":"center center","background-size":"auto","background-attachment":"scroll","background-type":"","background-media":"","overlay-type":"","overlay-color":"","overlay-opacity":"","overlay-gradient":""},"tablet":{"background-color":"var(--ast-global-color-4)","background-image":"","background-repeat":"repeat","background-position":"center center","background-size":"auto","background-attachment":"scroll","background-type":"","background-media":"","overlay-type":"","overlay-color":"","overlay-opacity":"","overlay-gradient":""},"mobile":{"background-color":"var(--ast-global-color-4)","background-image":"","background-repeat":"repeat","background-position":"center center","background-size":"auto","background-attachment":"scroll","background-type":"","background-media":"","overlay-type":"","overlay-color":"","overlay-opacity":"","overlay-gradient":""}}},"product_brand":[],"product_cat":[9853,269,15],"product_tag":[],"class_list":{"0":"post-14872","1":"product","2":"type-product","3":"status-publish","4":"has-post-thumbnail","6":"product_cat-augalai","7":"product_cat-gamtos-mokslai","8":"product_cat-uncategorized","9":"desktop-align-left","10":"tablet-align-left","11":"mobile-align-left","13":"first","14":"instock","15":"shipping-taxable","16":"purchasable","17":"product-type-simple"},"acf":[],"yoast_head":"<!-- This site is optimized with the Yoast SEO plugin v27.0 - https:\/\/yoast.com\/product\/yoast-seo-wordpress\/ -->\n<title>1000 gamtos stebukl\u0173<\/title>\n<meta name=\"description\" content=\"\u012e\u017eenkite \u012f kerin\u010di\u0173 gamtos paslap\u010di\u0173 karalij\u0105, gniau\u017eian\u010dio gro\u017eio, piln\u0105 stebukl\u0173, trapi\u0173 kaip drugelio sparnai ir galing\u0173 kaip ugnikalnio i\u0161siver\u017eimas.\" \/>\n<meta name=\"robots\" content=\"index, follow, max-snippet:-1, max-image-preview:large, max-video-preview:-1\" \/>\n<link rel=\"canonical\" href=\"https:\/\/skaitytaknyga.lt\/en\/produktas\/1000-gamtos-stebuklu\/\" \/>\n<meta property=\"og:locale\" content=\"en_GB\" \/>\n<meta property=\"og:locale:alternate\" content=\"lt_LT\" \/>\n<meta property=\"og:type\" content=\"article\" \/>\n<meta property=\"og:title\" content=\"1000 gamtos stebukl\u0173\" \/>\n<meta property=\"og:description\" content=\"\u012e\u017eenkite \u012f kerin\u010di\u0173 gamtos paslap\u010di\u0173 karalij\u0105, gniau\u017eian\u010dio gro\u017eio, piln\u0105 stebukl\u0173, trapi\u0173 kaip drugelio sparnai ir galing\u0173 kaip ugnikalnio i\u0161siver\u017eimas.\" \/>\n<meta property=\"og:url\" content=\"https:\/\/skaitytaknyga.lt\/en\/produktas\/1000-gamtos-stebuklu\/\" \/>\n<meta property=\"og:site_name\" content=\"Skaitytaknyga\" \/>\n<meta property=\"article:publisher\" content=\"https:\/\/www.facebook.com\/skaitytaknyga\/\" \/>\n<meta property=\"article:modified_time\" content=\"2026-03-18T11:02:50+00:00\" \/>\n<meta property=\"og:image\" content=\"https:\/\/skaitytaknyga.lt\/wp-content\/uploads\/2024\/11\/1000-gamtos-stebuklu.webp\" \/>\n\t<meta property=\"og:image:width\" content=\"615\" \/>\n\t<meta property=\"og:image:height\" content=\"800\" \/>\n\t<meta property=\"og:image:type\" content=\"image\/webp\" \/>\n<meta name=\"twitter:card\" content=\"summary_large_image\" \/>\n<meta name=\"twitter:label1\" content=\"Estimated reading time\" \/>\n\t<meta name=\"twitter:data1\" content=\"1 minute\" \/>\n<script type=\"application\/ld+json\" class=\"yoast-schema-graph\">{\"@context\":\"https:\/\/schema.org\",\"@graph\":[{\"@type\":\"WebPage\",\"@id\":\"https:\/\/skaitytaknyga.lt\/produktas\/1000-gamtos-stebuklu\/\",\"url\":\"https:\/\/skaitytaknyga.lt\/produktas\/1000-gamtos-stebuklu\/\",\"name\":\"1000 gamtos stebukl\u0173\",\"isPartOf\":{\"@id\":\"https:\/\/skaitytaknyga.lt\/#website\"},\"primaryImageOfPage\":{\"@id\":\"https:\/\/skaitytaknyga.lt\/produktas\/1000-gamtos-stebuklu\/#primaryimage\"},\"image\":{\"@id\":\"https:\/\/skaitytaknyga.lt\/produktas\/1000-gamtos-stebuklu\/#primaryimage\"},\"thumbnailUrl\":\"https:\/\/skaitytaknyga.lt\/wp-content\/uploads\/2024\/11\/1000-gamtos-stebuklu.webp\",\"datePublished\":\"2024-11-24T11:41:06+00:00\",\"dateModified\":\"2026-03-18T11:02:50+00:00\",\"description\":\"\u012e\u017eenkite \u012f kerin\u010di\u0173 gamtos paslap\u010di\u0173 karalij\u0105, gniau\u017eian\u010dio gro\u017eio, piln\u0105 stebukl\u0173, trapi\u0173 kaip drugelio sparnai ir galing\u0173 kaip ugnikalnio i\u0161siver\u017eimas.\",\"breadcrumb\":{\"@id\":\"https:\/\/skaitytaknyga.lt\/produktas\/1000-gamtos-stebuklu\/#breadcrumb\"},\"inLanguage\":\"en-GB\",\"potentialAction\":[{\"@type\":\"ReadAction\",\"target\":[\"https:\/\/skaitytaknyga.lt\/produktas\/1000-gamtos-stebuklu\/\"]}]},{\"@type\":\"ImageObject\",\"inLanguage\":\"en-GB\",\"@id\":\"https:\/\/skaitytaknyga.lt\/produktas\/1000-gamtos-stebuklu\/#primaryimage\",\"url\":\"https:\/\/skaitytaknyga.lt\/wp-content\/uploads\/2024\/11\/1000-gamtos-stebuklu.webp\",\"contentUrl\":\"https:\/\/skaitytaknyga.lt\/wp-content\/uploads\/2024\/11\/1000-gamtos-stebuklu.webp\",\"width\":615,\"height\":800,\"caption\":\"1000 gamtos stebukl\u0173\"},{\"@type\":\"BreadcrumbList\",\"@id\":\"https:\/\/skaitytaknyga.lt\/produktas\/1000-gamtos-stebuklu\/#breadcrumb\",\"itemListElement\":[{\"@type\":\"ListItem\",\"position\":1,\"name\":\"Home\",\"item\":\"https:\/\/skaitytaknyga.lt\/\"},{\"@type\":\"ListItem\",\"position\":2,\"name\":\"Parduotuv\u0117\",\"item\":\"https:\/\/skaitytaknyga.lt\/knygu-parduotuve\/\"},{\"@type\":\"ListItem\",\"position\":3,\"name\":\"1000 gamtos stebukl\u0173\"}]},{\"@type\":\"WebSite\",\"@id\":\"https:\/\/skaitytaknyga.lt\/#website\",\"url\":\"https:\/\/skaitytaknyga.lt\/\",\"name\":\"skaitytaknyga.lt\",\"description\":\"Skaitytaknyga.lt \u2013 tai ma\u017eas \u0161eimos verslas, kuris prasid\u0117jo nuo meil\u0117s knygoms ir siekio i\u0161gelb\u0117ti knygas nuo likimo prie konteinerio. Kas vienam nereikalingas daiktas \u2013 kitam lobis, o mes esame tarpininkai, kurie padeda abiems tapti laimingesniems ???? \u017dinome kaip nelengva i\u0161gyventi ma\u017eiems verslams, tad nuo \u0161iol, \u010dia rasite ir kit\u0173, ma\u017e\u0173 \u0161eim\u0173 versl\u0173, rank\u0173 darbo, dovan\u0173 sau ir artimiesiems.\",\"publisher\":{\"@id\":\"https:\/\/skaitytaknyga.lt\/#organization\"},\"potentialAction\":[{\"@type\":\"SearchAction\",\"target\":{\"@type\":\"EntryPoint\",\"urlTemplate\":\"https:\/\/skaitytaknyga.lt\/?s={search_term_string}\"},\"query-input\":{\"@type\":\"PropertyValueSpecification\",\"valueRequired\":true,\"valueName\":\"search_term_string\"}}],\"inLanguage\":\"en-GB\"},{\"@type\":\"Organization\",\"@id\":\"https:\/\/skaitytaknyga.lt\/#organization\",\"name\":\"skaitytaknyga.lt\",\"url\":\"https:\/\/skaitytaknyga.lt\/\",\"logo\":{\"@type\":\"ImageObject\",\"inLanguage\":\"en-GB\",\"@id\":\"https:\/\/skaitytaknyga.lt\/#\/schema\/logo\/image\/\",\"url\":\"https:\/\/skaitytaknyga.lt\/wp-content\/uploads\/2024\/05\/cropped-cropped-cropped-02_00843_jt3bggkj1j3HLc7SyY6rEUpg.jpeg\",\"contentUrl\":\"https:\/\/skaitytaknyga.lt\/wp-content\/uploads\/2024\/05\/cropped-cropped-cropped-02_00843_jt3bggkj1j3HLc7SyY6rEUpg.jpeg\",\"width\":1600,\"height\":1600,\"caption\":\"skaitytaknyga.lt\"},\"image\":{\"@id\":\"https:\/\/skaitytaknyga.lt\/#\/schema\/logo\/image\/\"},\"sameAs\":[\"https:\/\/www.facebook.com\/skaitytaknyga\/\"]}]}<\/script>\n<!-- \/ Yoast SEO plugin. -->","yoast_head_json":{"title":"1000 gamtos stebukl\u0173","description":"\u012e\u017eenkite \u012f kerin\u010di\u0173 gamtos paslap\u010di\u0173 karalij\u0105, gniau\u017eian\u010dio gro\u017eio, piln\u0105 stebukl\u0173, trapi\u0173 kaip drugelio sparnai ir galing\u0173 kaip ugnikalnio i\u0161siver\u017eimas.","robots":{"index":"index","follow":"follow","max-snippet":"max-snippet:-1","max-image-preview":"max-image-preview:large","max-video-preview":"max-video-preview:-1"},"canonical":"https:\/\/skaitytaknyga.lt\/en\/produktas\/1000-gamtos-stebuklu\/","og_locale":"en_GB","og_type":"article","og_title":"[:lt]1000 gamtos stebukl\u0173[:] - Skaitytaknyga","og_description":"\u012e\u017eenkite \u012f kerin\u010di\u0173 gamtos paslap\u010di\u0173 karalij\u0105, gniau\u017eian\u010dio gro\u017eio, piln\u0105 stebukl\u0173, trapi\u0173 kaip drugelio sparnai ir galing\u0173 kaip ugnikalnio i\u0161siver\u017eimas.","og_url":"https:\/\/skaitytaknyga.lt\/en\/produktas\/1000-gamtos-stebuklu\/","og_site_name":"Skaitytaknyga","article_publisher":"https:\/\/www.facebook.com\/skaitytaknyga\/","article_modified_time":"2026-03-18T11:02:50+00:00","og_image":[{"width":615,"height":800,"url":"https:\/\/skaitytaknyga.lt\/wp-content\/uploads\/2024\/11\/1000-gamtos-stebuklu.webp","type":"image\/webp"}],"twitter_card":"summary_large_image","twitter_misc":{"Estimated reading time":"1 minute"},"schema":{"@context":"https:\/\/schema.org","@graph":[{"@type":"WebPage","@id":"https:\/\/skaitytaknyga.lt\/produktas\/1000-gamtos-stebuklu\/","url":"https:\/\/skaitytaknyga.lt\/produktas\/1000-gamtos-stebuklu\/","name":"1000 gamtos stebukl\u0173","isPartOf":{"@id":"https:\/\/skaitytaknyga.lt\/#website"},"primaryImageOfPage":{"@id":"https:\/\/skaitytaknyga.lt\/produktas\/1000-gamtos-stebuklu\/#primaryimage"},"image":{"@id":"https:\/\/skaitytaknyga.lt\/produktas\/1000-gamtos-stebuklu\/#primaryimage"},"thumbnailUrl":"https:\/\/skaitytaknyga.lt\/wp-content\/uploads\/2024\/11\/1000-gamtos-stebuklu.webp","datePublished":"2024-11-24T11:41:06+00:00","dateModified":"2026-03-18T11:02:50+00:00","description":"\u012e\u017eenkite \u012f kerin\u010di\u0173 gamtos paslap\u010di\u0173 karalij\u0105, gniau\u017eian\u010dio gro\u017eio, piln\u0105 stebukl\u0173, trapi\u0173 kaip drugelio sparnai ir galing\u0173 kaip ugnikalnio i\u0161siver\u017eimas.","breadcrumb":{"@id":"https:\/\/skaitytaknyga.lt\/produktas\/1000-gamtos-stebuklu\/#breadcrumb"},"inLanguage":"en-GB","potentialAction":[{"@type":"ReadAction","target":["https:\/\/skaitytaknyga.lt\/produktas\/1000-gamtos-stebuklu\/"]}]},{"@type":"ImageObject","inLanguage":"en-GB","@id":"https:\/\/skaitytaknyga.lt\/produktas\/1000-gamtos-stebuklu\/#primaryimage","url":"https:\/\/skaitytaknyga.lt\/wp-content\/uploads\/2024\/11\/1000-gamtos-stebuklu.webp","contentUrl":"https:\/\/skaitytaknyga.lt\/wp-content\/uploads\/2024\/11\/1000-gamtos-stebuklu.webp","width":615,"height":800,"caption":"1000 gamtos stebukl\u0173"},{"@type":"BreadcrumbList","@id":"https:\/\/skaitytaknyga.lt\/produktas\/1000-gamtos-stebuklu\/#breadcrumb","itemListElement":[{"@type":"ListItem","position":1,"name":"Home","item":"https:\/\/skaitytaknyga.lt\/"},{"@type":"ListItem","position":2,"name":"Parduotuv\u0117","item":"https:\/\/skaitytaknyga.lt\/knygu-parduotuve\/"},{"@type":"ListItem","position":3,"name":"1000 gamtos stebukl\u0173"}]},{"@type":"WebSite","@id":"https:\/\/skaitytaknyga.lt\/#website","url":"https:\/\/skaitytaknyga.lt\/","name":"skaitytaknyga.lt","description":"Skaitytaknyga.lt \u2013 tai ma\u017eas \u0161eimos verslas, kuris prasid\u0117jo nuo meil\u0117s knygoms ir siekio i\u0161gelb\u0117ti knygas nuo likimo prie konteinerio. Kas vienam nereikalingas daiktas \u2013 kitam lobis, o mes esame tarpininkai, kurie padeda abiems tapti laimingesniems ???? \u017dinome kaip nelengva i\u0161gyventi ma\u017eiems verslams, tad nuo \u0161iol, \u010dia rasite ir kit\u0173, ma\u017e\u0173 \u0161eim\u0173 versl\u0173, rank\u0173 darbo, dovan\u0173 sau ir artimiesiems.","publisher":{"@id":"https:\/\/skaitytaknyga.lt\/#organization"},"potentialAction":[{"@type":"SearchAction","target":{"@type":"EntryPoint","urlTemplate":"https:\/\/skaitytaknyga.lt\/?s={search_term_string}"},"query-input":{"@type":"PropertyValueSpecification","valueRequired":true,"valueName":"search_term_string"}}],"inLanguage":"en-GB"},{"@type":"Organization","@id":"https:\/\/skaitytaknyga.lt\/#organization","name":"skaitytaknyga.lt","url":"https:\/\/skaitytaknyga.lt\/","logo":{"@type":"ImageObject","inLanguage":"en-GB","@id":"https:\/\/skaitytaknyga.lt\/#\/schema\/logo\/image\/","url":"https:\/\/skaitytaknyga.lt\/wp-content\/uploads\/2024\/05\/cropped-cropped-cropped-02_00843_jt3bggkj1j3HLc7SyY6rEUpg.jpeg","contentUrl":"https:\/\/skaitytaknyga.lt\/wp-content\/uploads\/2024\/05\/cropped-cropped-cropped-02_00843_jt3bggkj1j3HLc7SyY6rEUpg.jpeg","width":1600,"height":1600,"caption":"skaitytaknyga.lt"},"image":{"@id":"https:\/\/skaitytaknyga.lt\/#\/schema\/logo\/image\/"},"sameAs":["https:\/\/www.facebook.com\/skaitytaknyga\/"]}]}},"_links":{"self":[{"href":"https:\/\/skaitytaknyga.lt\/en\/wp-json\/wp\/v2\/product\/14872","targetHints":{"allow":["GET"]}}],"collection":[{"href":"https:\/\/skaitytaknyga.lt\/en\/wp-json\/wp\/v2\/product"}],"about":[{"href":"https:\/\/skaitytaknyga.lt\/en\/wp-json\/wp\/v2\/types\/product"}],"replies":[{"embeddable":true,"href":"https:\/\/skaitytaknyga.lt\/en\/wp-json\/wp\/v2\/comments?post=14872"}],"wp:featuredmedia":[{"embeddable":true,"href":"https:\/\/skaitytaknyga.lt\/en\/wp-json\/wp\/v2\/media\/14891"}],"wp:attachment":[{"href":"https:\/\/skaitytaknyga.lt\/en\/wp-json\/wp\/v2\/media?parent=14872"}],"wp:term":[{"taxonomy":"product_brand","embeddable":true,"href":"https:\/\/skaitytaknyga.lt\/en\/wp-json\/wp\/v2\/product_brand?post=14872"},{"taxonomy":"product_cat","embeddable":true,"href":"https:\/\/skaitytaknyga.lt\/en\/wp-json\/wp\/v2\/product_cat?post=14872"},{"taxonomy":"product_tag","embeddable":true,"href":"https:\/\/skaitytaknyga.lt\/en\/wp-json\/wp\/v2\/product_tag?post=14872"}],"curies":[{"name":"wp","href":"https:\/\/api.w.org\/{rel}","templated":true}]}}