{"id":14871,"date":"2024-11-24T13:41:06","date_gmt":"2024-11-24T11:41:06","guid":{"rendered":"https:\/\/skaitytaknyga.lt\/?post_type=product&#038;p=14871"},"modified":"2025-06-26T15:27:49","modified_gmt":"2025-06-26T12:27:49","slug":"laime-musu-rankose","status":"publish","type":"product","link":"https:\/\/skaitytaknyga.lt\/en\/produktas\/laime-musu-rankose\/","title":{"rendered":"Laim\u0117 m\u016bs\u0173 rankose"},"content":{"rendered":"<p>Tre\u010dioji Likimo anatomijos knyga \u201eLaim\u0117 m\u016bs\u0173 rankose\u201c populiariai atpasakoja gilias filosofines \u012f\u017evalgas, perteikia gausyb\u0119 gyvenimi\u0161k\u0173 pavyzd\u017ei\u0173, alegorij\u0173 bei atskleid\u017eia \u017emogaus likimo ir laim\u0117s niuansus. Tai tarsi populiarus likimo ir laim\u0117s sieki\u0173 vadov\u0117lis, t\u0119siantis pirm\u0173j\u0173 dviej\u0173 knyg\u0173 pagrindin\u0119 mint\u012f, jog nors ne viskas nuo paties \u017emogaus pastang\u0173 priklauso, ta\u010diau priklauso labai daug. Tod\u0117l kiekvienas \u017emogus turi pa\u017einti savo bei kit\u0173 \u017emoni\u0173 dvasin\u012f pasaul\u012f \u2013 bent jau susivokti likimo d\u0117sniuose.<\/p>\n<p>Sauliaus Kani\u0161ausko knygoje \u201eLaim\u0117 m\u016bs\u0173 rankose\u201c labai didelis d\u0117mesys skiriamas daugelio \u017emoni\u0173 siekiui kuo grei\u010diau tapti tobulesniems, t\u0105 siek\u012f siejant su ekstrasensorika, \u201eparapsichologija\u201c, magija ir mantrika bei kitomis \u201epraktin\u0117s\u201c mistikos atmainomis. Autorius pabr\u0117\u017eia magin\u0117s kult\u016bros patrauklum\u0105, nurodo galimus klystkelius, netgi konkre\u010dius t\u0173 klaid\u0173 po\u017eymius.<\/p>\n","protected":false},"excerpt":{"rendered":"<p>Tre\u010dioji Likimo anatomijos knyga \u201eLaim\u0117 m\u016bs\u0173 rankose\u201c populiariai atpasakoja gilias filosofines \u012f\u017evalgas, perteikia gausyb\u0119 gyvenimi\u0161k\u0173 pavyzd\u017ei\u0173, alegorij\u0173 bei atskleid\u017eia \u017emogaus likimo ir laim\u0117s niuansus. Tai tarsi populiarus likimo ir laim\u0117s sieki\u0173 vadov\u0117lis, t\u0119siantis pirm\u0173j\u0173 dviej\u0173 knyg\u0173 pagrindin\u0119 mint\u012f, jog nors ne viskas nuo paties \u017emogaus pastang\u0173 priklauso, ta\u010diau priklauso labai daug. Tod\u0117l kiekvienas \u017emogus turi pa\u017einti savo bei kit\u0173 \u017emoni\u0173 dvasin\u012f pasaul\u012f \u2013 bent jau susivokti likimo d\u0117sniuose. Sauliaus Kani\u0161ausko knygoje \u201eLaim\u0117 m\u016bs\u0173 rankose\u201c labai didelis d\u0117mesys skiriamas daugelio \u017emoni\u0173 siekiui kuo grei\u010diau tapti tobulesniems, t\u0105 siek\u012f siejant su ekstrasensorika, \u201eparapsichologija\u201c, magija ir mantrika bei kitomis \u201epraktin\u0117s\u201c mistikos atmainomis. Autorius pabr\u0117\u017eia magin\u0117s kult\u016bros patrauklum\u0105, nurodo galimus klystkelius, netgi konkre\u010dius t\u0173 klaid\u0173 po\u017eymius.<\/p>\n","protected":false},"featured_media":14892,"comment_status":"open","ping_status":"closed","template":"","meta":{"_acf_changed":false,"site-sidebar-layout":"default","site-content-layout":"","ast-site-content-layout":"default","site-content-style":"default","site-sidebar-style":"default","ast-global-header-display":"","ast-banner-title-visibility":"","ast-main-header-display":"","ast-hfb-above-header-display":"","ast-hfb-below-header-display":"","ast-hfb-mobile-header-display":"","site-post-title":"","ast-breadcrumbs-content":"","ast-featured-img":"","footer-sml-layout":"","ast-disable-related-posts":"","theme-transparent-header-meta":"default","adv-header-id-meta":"","stick-header-meta":"","header-above-stick-meta":"","header-main-stick-meta":"","header-below-stick-meta":"","astra-migrate-meta-layouts":"set","ast-page-background-enabled":"default","ast-page-background-meta":{"desktop":{"background-color":"","background-image":"","background-repeat":"repeat","background-position":"center center","background-size":"auto","background-attachment":"scroll","background-type":"","background-media":"","overlay-type":"","overlay-color":"","overlay-opacity":"","overlay-gradient":""},"tablet":{"background-color":"","background-image":"","background-repeat":"repeat","background-position":"center center","background-size":"auto","background-attachment":"scroll","background-type":"","background-media":"","overlay-type":"","overlay-color":"","overlay-opacity":"","overlay-gradient":""},"mobile":{"background-color":"","background-image":"","background-repeat":"repeat","background-position":"center center","background-size":"auto","background-attachment":"scroll","background-type":"","background-media":"","overlay-type":"","overlay-color":"","overlay-opacity":"","overlay-gradient":""}},"ast-content-background-meta":{"desktop":{"background-color":"var(--ast-global-color-4)","background-image":"","background-repeat":"repeat","background-position":"center center","background-size":"auto","background-attachment":"scroll","background-type":"","background-media":"","overlay-type":"","overlay-color":"","overlay-opacity":"","overlay-gradient":""},"tablet":{"background-color":"var(--ast-global-color-4)","background-image":"","background-repeat":"repeat","background-position":"center center","background-size":"auto","background-attachment":"scroll","background-type":"","background-media":"","overlay-type":"","overlay-color":"","overlay-opacity":"","overlay-gradient":""},"mobile":{"background-color":"var(--ast-global-color-4)","background-image":"","background-repeat":"repeat","background-position":"center center","background-size":"auto","background-attachment":"scroll","background-type":"","background-media":"","overlay-type":"","overlay-color":"","overlay-opacity":"","overlay-gradient":""}}},"product_brand":[],"product_cat":[15,165],"product_tag":[5681,1467,1970,3065,1755,2944,5682,5680],"class_list":{"0":"post-14871","1":"product","2":"type-product","3":"status-publish","4":"has-post-thumbnail","6":"product_cat-uncategorized","7":"product_cat-religija-filosofija-ir-ezoterika","8":"product_tag-ekstrasensorika","9":"product_tag-filosofija","10":"product_tag-laime","11":"product_tag-likimas","12":"product_tag-magija","13":"product_tag-mistika","14":"product_tag-parapsichologija","15":"product_tag-saulius-kanisauskas","16":"desktop-align-left","17":"tablet-align-left","18":"mobile-align-left","20":"first","21":"instock","22":"shipping-taxable","23":"purchasable","24":"product-type-simple"},"acf":[],"yoast_head":"<!-- This site is optimized with the Yoast SEO plugin v27.0 - https:\/\/yoast.com\/product\/yoast-seo-wordpress\/ -->\n<title>Laim\u0117 m\u016bs\u0173 rankose<\/title>\n<meta name=\"description\" content=\"Tre\u010dioji Likimo anatomijos knyga \u201eLaim\u0117 m\u016bs\u0173 rankose\u201c populiariai atpasakoja gilias filosofines \u012f\u017evalgas, perteikia gausyb\u0119 gyvenimi\u0161k\u0173 pavyzd\u017ei\u0173,\" \/>\n<meta name=\"robots\" content=\"index, follow, max-snippet:-1, max-image-preview:large, max-video-preview:-1\" \/>\n<link rel=\"canonical\" href=\"https:\/\/skaitytaknyga.lt\/en\/produktas\/laime-musu-rankose\/\" \/>\n<meta property=\"og:locale\" content=\"en_GB\" \/>\n<meta property=\"og:locale:alternate\" content=\"lt_LT\" \/>\n<meta property=\"og:type\" content=\"article\" \/>\n<meta property=\"og:title\" content=\"Laim\u0117 m\u016bs\u0173 rankose\" \/>\n<meta property=\"og:description\" content=\"Tre\u010dioji Likimo anatomijos knyga \u201eLaim\u0117 m\u016bs\u0173 rankose\u201c populiariai atpasakoja gilias filosofines \u012f\u017evalgas, perteikia gausyb\u0119 gyvenimi\u0161k\u0173 pavyzd\u017ei\u0173,\" \/>\n<meta property=\"og:url\" content=\"https:\/\/skaitytaknyga.lt\/en\/produktas\/laime-musu-rankose\/\" \/>\n<meta property=\"og:site_name\" content=\"Skaitytaknyga\" \/>\n<meta property=\"article:publisher\" content=\"https:\/\/www.facebook.com\/skaitytaknyga\/\" \/>\n<meta property=\"article:modified_time\" content=\"2025-06-26T12:27:49+00:00\" \/>\n<meta property=\"og:image\" content=\"https:\/\/skaitytaknyga.lt\/wp-content\/uploads\/2024\/11\/Laime-musu-rankose.jpg\" \/>\n\t<meta property=\"og:image:width\" content=\"600\" \/>\n\t<meta property=\"og:image:height\" content=\"882\" \/>\n\t<meta property=\"og:image:type\" content=\"image\/jpeg\" \/>\n<meta name=\"twitter:card\" content=\"summary_large_image\" \/>\n<meta name=\"twitter:label1\" content=\"Estimated reading time\" \/>\n\t<meta name=\"twitter:data1\" content=\"1 minute\" \/>\n<script type=\"application\/ld+json\" class=\"yoast-schema-graph\">{\"@context\":\"https:\/\/schema.org\",\"@graph\":[{\"@type\":\"WebPage\",\"@id\":\"https:\/\/skaitytaknyga.lt\/produktas\/laime-musu-rankose\/\",\"url\":\"https:\/\/skaitytaknyga.lt\/produktas\/laime-musu-rankose\/\",\"name\":\"Laim\u0117 m\u016bs\u0173 rankose\",\"isPartOf\":{\"@id\":\"https:\/\/skaitytaknyga.lt\/#website\"},\"primaryImageOfPage\":{\"@id\":\"https:\/\/skaitytaknyga.lt\/produktas\/laime-musu-rankose\/#primaryimage\"},\"image\":{\"@id\":\"https:\/\/skaitytaknyga.lt\/produktas\/laime-musu-rankose\/#primaryimage\"},\"thumbnailUrl\":\"https:\/\/skaitytaknyga.lt\/wp-content\/uploads\/2024\/11\/Laime-musu-rankose.jpg\",\"datePublished\":\"2024-11-24T11:41:06+00:00\",\"dateModified\":\"2025-06-26T12:27:49+00:00\",\"description\":\"Tre\u010dioji Likimo anatomijos knyga \u201eLaim\u0117 m\u016bs\u0173 rankose\u201c populiariai atpasakoja gilias filosofines \u012f\u017evalgas, perteikia gausyb\u0119 gyvenimi\u0161k\u0173 pavyzd\u017ei\u0173,\",\"breadcrumb\":{\"@id\":\"https:\/\/skaitytaknyga.lt\/produktas\/laime-musu-rankose\/#breadcrumb\"},\"inLanguage\":\"en-GB\",\"potentialAction\":[{\"@type\":\"ReadAction\",\"target\":[\"https:\/\/skaitytaknyga.lt\/produktas\/laime-musu-rankose\/\"]}]},{\"@type\":\"ImageObject\",\"inLanguage\":\"en-GB\",\"@id\":\"https:\/\/skaitytaknyga.lt\/produktas\/laime-musu-rankose\/#primaryimage\",\"url\":\"https:\/\/skaitytaknyga.lt\/wp-content\/uploads\/2024\/11\/Laime-musu-rankose.jpg\",\"contentUrl\":\"https:\/\/skaitytaknyga.lt\/wp-content\/uploads\/2024\/11\/Laime-musu-rankose.jpg\",\"width\":600,\"height\":882,\"caption\":\"Laim\u0117 m\u016bs\u0173 rankose\"},{\"@type\":\"BreadcrumbList\",\"@id\":\"https:\/\/skaitytaknyga.lt\/produktas\/laime-musu-rankose\/#breadcrumb\",\"itemListElement\":[{\"@type\":\"ListItem\",\"position\":1,\"name\":\"Home\",\"item\":\"https:\/\/skaitytaknyga.lt\/\"},{\"@type\":\"ListItem\",\"position\":2,\"name\":\"Parduotuv\u0117\",\"item\":\"https:\/\/skaitytaknyga.lt\/knygu-parduotuve\/\"},{\"@type\":\"ListItem\",\"position\":3,\"name\":\"Laim\u0117 m\u016bs\u0173 rankose\"}]},{\"@type\":\"WebSite\",\"@id\":\"https:\/\/skaitytaknyga.lt\/#website\",\"url\":\"https:\/\/skaitytaknyga.lt\/\",\"name\":\"skaitytaknyga.lt\",\"description\":\"Skaitytaknyga.lt \u2013 tai ma\u017eas \u0161eimos verslas, kuris prasid\u0117jo nuo meil\u0117s knygoms ir siekio i\u0161gelb\u0117ti knygas nuo likimo prie konteinerio. Kas vienam nereikalingas daiktas \u2013 kitam lobis, o mes esame tarpininkai, kurie padeda abiems tapti laimingesniems ???? \u017dinome kaip nelengva i\u0161gyventi ma\u017eiems verslams, tad nuo \u0161iol, \u010dia rasite ir kit\u0173, ma\u017e\u0173 \u0161eim\u0173 versl\u0173, rank\u0173 darbo, dovan\u0173 sau ir artimiesiems.\",\"publisher\":{\"@id\":\"https:\/\/skaitytaknyga.lt\/#organization\"},\"potentialAction\":[{\"@type\":\"SearchAction\",\"target\":{\"@type\":\"EntryPoint\",\"urlTemplate\":\"https:\/\/skaitytaknyga.lt\/?s={search_term_string}\"},\"query-input\":{\"@type\":\"PropertyValueSpecification\",\"valueRequired\":true,\"valueName\":\"search_term_string\"}}],\"inLanguage\":\"en-GB\"},{\"@type\":\"Organization\",\"@id\":\"https:\/\/skaitytaknyga.lt\/#organization\",\"name\":\"skaitytaknyga.lt\",\"url\":\"https:\/\/skaitytaknyga.lt\/\",\"logo\":{\"@type\":\"ImageObject\",\"inLanguage\":\"en-GB\",\"@id\":\"https:\/\/skaitytaknyga.lt\/#\/schema\/logo\/image\/\",\"url\":\"https:\/\/skaitytaknyga.lt\/wp-content\/uploads\/2024\/05\/cropped-cropped-cropped-02_00843_jt3bggkj1j3HLc7SyY6rEUpg.jpeg\",\"contentUrl\":\"https:\/\/skaitytaknyga.lt\/wp-content\/uploads\/2024\/05\/cropped-cropped-cropped-02_00843_jt3bggkj1j3HLc7SyY6rEUpg.jpeg\",\"width\":1600,\"height\":1600,\"caption\":\"skaitytaknyga.lt\"},\"image\":{\"@id\":\"https:\/\/skaitytaknyga.lt\/#\/schema\/logo\/image\/\"},\"sameAs\":[\"https:\/\/www.facebook.com\/skaitytaknyga\/\"]}]}<\/script>\n<!-- \/ Yoast SEO plugin. -->","yoast_head_json":{"title":"Laim\u0117 m\u016bs\u0173 rankose","description":"Tre\u010dioji Likimo anatomijos knyga \u201eLaim\u0117 m\u016bs\u0173 rankose\u201c populiariai atpasakoja gilias filosofines \u012f\u017evalgas, perteikia gausyb\u0119 gyvenimi\u0161k\u0173 pavyzd\u017ei\u0173,","robots":{"index":"index","follow":"follow","max-snippet":"max-snippet:-1","max-image-preview":"max-image-preview:large","max-video-preview":"max-video-preview:-1"},"canonical":"https:\/\/skaitytaknyga.lt\/en\/produktas\/laime-musu-rankose\/","og_locale":"en_GB","og_type":"article","og_title":"[:lt]Laim\u0117 m\u016bs\u0173 rankose[:] - Skaitytaknyga","og_description":"Tre\u010dioji Likimo anatomijos knyga \u201eLaim\u0117 m\u016bs\u0173 rankose\u201c populiariai atpasakoja gilias filosofines \u012f\u017evalgas, perteikia gausyb\u0119 gyvenimi\u0161k\u0173 pavyzd\u017ei\u0173,","og_url":"https:\/\/skaitytaknyga.lt\/en\/produktas\/laime-musu-rankose\/","og_site_name":"Skaitytaknyga","article_publisher":"https:\/\/www.facebook.com\/skaitytaknyga\/","article_modified_time":"2025-06-26T12:27:49+00:00","og_image":[{"width":600,"height":882,"url":"https:\/\/skaitytaknyga.lt\/wp-content\/uploads\/2024\/11\/Laime-musu-rankose.jpg","type":"image\/jpeg"}],"twitter_card":"summary_large_image","twitter_misc":{"Estimated reading time":"1 minute"},"schema":{"@context":"https:\/\/schema.org","@graph":[{"@type":"WebPage","@id":"https:\/\/skaitytaknyga.lt\/produktas\/laime-musu-rankose\/","url":"https:\/\/skaitytaknyga.lt\/produktas\/laime-musu-rankose\/","name":"Laim\u0117 m\u016bs\u0173 rankose","isPartOf":{"@id":"https:\/\/skaitytaknyga.lt\/#website"},"primaryImageOfPage":{"@id":"https:\/\/skaitytaknyga.lt\/produktas\/laime-musu-rankose\/#primaryimage"},"image":{"@id":"https:\/\/skaitytaknyga.lt\/produktas\/laime-musu-rankose\/#primaryimage"},"thumbnailUrl":"https:\/\/skaitytaknyga.lt\/wp-content\/uploads\/2024\/11\/Laime-musu-rankose.jpg","datePublished":"2024-11-24T11:41:06+00:00","dateModified":"2025-06-26T12:27:49+00:00","description":"Tre\u010dioji Likimo anatomijos knyga \u201eLaim\u0117 m\u016bs\u0173 rankose\u201c populiariai atpasakoja gilias filosofines \u012f\u017evalgas, perteikia gausyb\u0119 gyvenimi\u0161k\u0173 pavyzd\u017ei\u0173,","breadcrumb":{"@id":"https:\/\/skaitytaknyga.lt\/produktas\/laime-musu-rankose\/#breadcrumb"},"inLanguage":"en-GB","potentialAction":[{"@type":"ReadAction","target":["https:\/\/skaitytaknyga.lt\/produktas\/laime-musu-rankose\/"]}]},{"@type":"ImageObject","inLanguage":"en-GB","@id":"https:\/\/skaitytaknyga.lt\/produktas\/laime-musu-rankose\/#primaryimage","url":"https:\/\/skaitytaknyga.lt\/wp-content\/uploads\/2024\/11\/Laime-musu-rankose.jpg","contentUrl":"https:\/\/skaitytaknyga.lt\/wp-content\/uploads\/2024\/11\/Laime-musu-rankose.jpg","width":600,"height":882,"caption":"Laim\u0117 m\u016bs\u0173 rankose"},{"@type":"BreadcrumbList","@id":"https:\/\/skaitytaknyga.lt\/produktas\/laime-musu-rankose\/#breadcrumb","itemListElement":[{"@type":"ListItem","position":1,"name":"Home","item":"https:\/\/skaitytaknyga.lt\/"},{"@type":"ListItem","position":2,"name":"Parduotuv\u0117","item":"https:\/\/skaitytaknyga.lt\/knygu-parduotuve\/"},{"@type":"ListItem","position":3,"name":"Laim\u0117 m\u016bs\u0173 rankose"}]},{"@type":"WebSite","@id":"https:\/\/skaitytaknyga.lt\/#website","url":"https:\/\/skaitytaknyga.lt\/","name":"skaitytaknyga.lt","description":"Skaitytaknyga.lt \u2013 tai ma\u017eas \u0161eimos verslas, kuris prasid\u0117jo nuo meil\u0117s knygoms ir siekio i\u0161gelb\u0117ti knygas nuo likimo prie konteinerio. Kas vienam nereikalingas daiktas \u2013 kitam lobis, o mes esame tarpininkai, kurie padeda abiems tapti laimingesniems ???? \u017dinome kaip nelengva i\u0161gyventi ma\u017eiems verslams, tad nuo \u0161iol, \u010dia rasite ir kit\u0173, ma\u017e\u0173 \u0161eim\u0173 versl\u0173, rank\u0173 darbo, dovan\u0173 sau ir artimiesiems.","publisher":{"@id":"https:\/\/skaitytaknyga.lt\/#organization"},"potentialAction":[{"@type":"SearchAction","target":{"@type":"EntryPoint","urlTemplate":"https:\/\/skaitytaknyga.lt\/?s={search_term_string}"},"query-input":{"@type":"PropertyValueSpecification","valueRequired":true,"valueName":"search_term_string"}}],"inLanguage":"en-GB"},{"@type":"Organization","@id":"https:\/\/skaitytaknyga.lt\/#organization","name":"skaitytaknyga.lt","url":"https:\/\/skaitytaknyga.lt\/","logo":{"@type":"ImageObject","inLanguage":"en-GB","@id":"https:\/\/skaitytaknyga.lt\/#\/schema\/logo\/image\/","url":"https:\/\/skaitytaknyga.lt\/wp-content\/uploads\/2024\/05\/cropped-cropped-cropped-02_00843_jt3bggkj1j3HLc7SyY6rEUpg.jpeg","contentUrl":"https:\/\/skaitytaknyga.lt\/wp-content\/uploads\/2024\/05\/cropped-cropped-cropped-02_00843_jt3bggkj1j3HLc7SyY6rEUpg.jpeg","width":1600,"height":1600,"caption":"skaitytaknyga.lt"},"image":{"@id":"https:\/\/skaitytaknyga.lt\/#\/schema\/logo\/image\/"},"sameAs":["https:\/\/www.facebook.com\/skaitytaknyga\/"]}]}},"_links":{"self":[{"href":"https:\/\/skaitytaknyga.lt\/en\/wp-json\/wp\/v2\/product\/14871","targetHints":{"allow":["GET"]}}],"collection":[{"href":"https:\/\/skaitytaknyga.lt\/en\/wp-json\/wp\/v2\/product"}],"about":[{"href":"https:\/\/skaitytaknyga.lt\/en\/wp-json\/wp\/v2\/types\/product"}],"replies":[{"embeddable":true,"href":"https:\/\/skaitytaknyga.lt\/en\/wp-json\/wp\/v2\/comments?post=14871"}],"wp:featuredmedia":[{"embeddable":true,"href":"https:\/\/skaitytaknyga.lt\/en\/wp-json\/wp\/v2\/media\/14892"}],"wp:attachment":[{"href":"https:\/\/skaitytaknyga.lt\/en\/wp-json\/wp\/v2\/media?parent=14871"}],"wp:term":[{"taxonomy":"product_brand","embeddable":true,"href":"https:\/\/skaitytaknyga.lt\/en\/wp-json\/wp\/v2\/product_brand?post=14871"},{"taxonomy":"product_cat","embeddable":true,"href":"https:\/\/skaitytaknyga.lt\/en\/wp-json\/wp\/v2\/product_cat?post=14871"},{"taxonomy":"product_tag","embeddable":true,"href":"https:\/\/skaitytaknyga.lt\/en\/wp-json\/wp\/v2\/product_tag?post=14871"}],"curies":[{"name":"wp","href":"https:\/\/api.w.org\/{rel}","templated":true}]}}