{"id":14870,"date":"2024-11-24T13:41:06","date_gmt":"2024-11-24T11:41:06","guid":{"rendered":"https:\/\/skaitytaknyga.lt\/?post_type=product&#038;p=14870"},"modified":"2024-11-25T15:04:43","modified_gmt":"2024-11-25T13:04:43","slug":"trumpos-lietuviu-pasakos-apie-zveris-gyvulius-ir-paukscius","status":"publish","type":"product","link":"https:\/\/skaitytaknyga.lt\/en\/produktas\/trumpos-lietuviu-pasakos-apie-zveris-gyvulius-ir-paukscius\/","title":{"rendered":"Trumpos lietuvi\u0173 pasakos apie \u017ev\u0117ris, gyvulius ir pauk\u0161\u010dius"},"content":{"rendered":"<p>Gyvulin\u0117s pasakos &#8211; labai gausus tautosakos \u017eanras. Tai vienos seniausi\u0173 pasak\u0173, kuri\u0173 i\u0161takos siekia pirmyk\u0161t\u0119 bendruomen\u0119.<\/p>\n<p>Joms b\u016bdinga alegorija, humoras ir satyra. \u010cia \u017emogus bendrauja su gyv\u016bnais kaip su lygiomis b\u016btyb\u0117mis, turin\u010diomis neigiam\u0173 ar teigiam\u0173 bruo\u017e\u0173. Jose gausu ne\u012fkyrios didaktikos; ry\u0161ki g\u0117rio pergal\u0117 ir daugyb\u0117 satyrini\u0173 scen\u0173.<\/p>\n<ul class=\"about-product d-none d-xl-block mt-4\">\n<li><strong>Leid\u0117jas:<\/strong>\u00a0Vaiga<\/li>\n<li><strong>Metai:<\/strong>\u00a02001<\/li>\n<li><strong>Puslapiai:<\/strong>\u00a0205<\/li>\n<li class=\"toggleable type-new-formats \"><strong>ISBN:<\/strong>\u00a09789955407416<\/li>\n<li class=\"toggleable type-new-formats \"><strong>Formatas:<\/strong>\u00a012 x 20 x 1,5 cm, kieti vir\u0161eliai<\/li>\n<li><strong>Kalba:<\/strong>\u00a0Lietuvi\u0173<\/li>\n<\/ul>\n","protected":false},"excerpt":{"rendered":"<p>Gyvulin\u0117s pasakos &#8211; labai gausus tautosakos \u017eanras. Tai vienos seniausi\u0173 pasak\u0173, kuri\u0173 i\u0161takos siekia pirmyk\u0161t\u0119 bendruomen\u0119. Joms b\u016bdinga alegorija, humoras ir satyra. \u010cia \u017emogus bendrauja su gyv\u016bnais kaip su lygiomis b\u016btyb\u0117mis, turin\u010diomis neigiam\u0173 ar teigiam\u0173 bruo\u017e\u0173. Jose gausu ne\u012fkyrios didaktikos; ry\u0161ki g\u0117rio pergal\u0117 ir daugyb\u0117 satyrini\u0173 scen\u0173. Leid\u0117jas:\u00a0Vaiga Metai:\u00a02001 Puslapiai:\u00a0205 ISBN:\u00a09789955407416 Formatas:\u00a012 x 20 x 1,5 cm, kieti vir\u0161eliai Kalba:\u00a0Lietuvi\u0173<\/p>\n","protected":false},"featured_media":14894,"comment_status":"open","ping_status":"closed","template":"","meta":{"_acf_changed":false,"site-sidebar-layout":"default","site-content-layout":"","ast-site-content-layout":"default","site-content-style":"default","site-sidebar-style":"default","ast-global-header-display":"","ast-banner-title-visibility":"","ast-main-header-display":"","ast-hfb-above-header-display":"","ast-hfb-below-header-display":"","ast-hfb-mobile-header-display":"","site-post-title":"","ast-breadcrumbs-content":"","ast-featured-img":"","footer-sml-layout":"","ast-disable-related-posts":"","theme-transparent-header-meta":"default","adv-header-id-meta":"","stick-header-meta":"","header-above-stick-meta":"","header-main-stick-meta":"","header-below-stick-meta":"","astra-migrate-meta-layouts":"set","ast-page-background-enabled":"default","ast-page-background-meta":{"desktop":{"background-color":"","background-image":"","background-repeat":"repeat","background-position":"center center","background-size":"auto","background-attachment":"scroll","background-type":"","background-media":"","overlay-type":"","overlay-color":"","overlay-opacity":"","overlay-gradient":""},"tablet":{"background-color":"","background-image":"","background-repeat":"repeat","background-position":"center center","background-size":"auto","background-attachment":"scroll","background-type":"","background-media":"","overlay-type":"","overlay-color":"","overlay-opacity":"","overlay-gradient":""},"mobile":{"background-color":"","background-image":"","background-repeat":"repeat","background-position":"center center","background-size":"auto","background-attachment":"scroll","background-type":"","background-media":"","overlay-type":"","overlay-color":"","overlay-opacity":"","overlay-gradient":""}},"ast-content-background-meta":{"desktop":{"background-color":"var(--ast-global-color-4)","background-image":"","background-repeat":"repeat","background-position":"center center","background-size":"auto","background-attachment":"scroll","background-type":"","background-media":"","overlay-type":"","overlay-color":"","overlay-opacity":"","overlay-gradient":""},"tablet":{"background-color":"var(--ast-global-color-4)","background-image":"","background-repeat":"repeat","background-position":"center center","background-size":"auto","background-attachment":"scroll","background-type":"","background-media":"","overlay-type":"","overlay-color":"","overlay-opacity":"","overlay-gradient":""},"mobile":{"background-color":"var(--ast-global-color-4)","background-image":"","background-repeat":"repeat","background-position":"center center","background-size":"auto","background-attachment":"scroll","background-type":"","background-media":"","overlay-type":"","overlay-color":"","overlay-opacity":"","overlay-gradient":""}}},"product_brand":[],"product_cat":[15],"product_tag":[],"class_list":{"0":"post-14870","1":"product","2":"type-product","3":"status-publish","4":"has-post-thumbnail","6":"product_cat-uncategorized","7":"desktop-align-left","8":"tablet-align-left","9":"mobile-align-left","11":"first","12":"instock","13":"shipping-taxable","14":"purchasable","15":"product-type-simple"},"acf":[],"yoast_head":"<!-- This site is optimized with the Yoast SEO plugin v27.0 - https:\/\/yoast.com\/product\/yoast-seo-wordpress\/ -->\n<title>Trumpos lietuvi\u0173 pasakos apie \u017ev\u0117ris, gyvulius ir pauk\u0161\u010dius<\/title>\n<meta name=\"description\" content=\"Gyvulin\u0117s pasakos - labai gausus tautosakos \u017eanras. Tai vienos seniausi\u0173 pasak\u0173, kuri\u0173 i\u0161takos siekia pirmyk\u0161t\u0119 bendruomen\u0119. Joms b\u016bdinga alegorija,\" \/>\n<meta name=\"robots\" content=\"index, follow, max-snippet:-1, max-image-preview:large, max-video-preview:-1\" \/>\n<link rel=\"canonical\" href=\"https:\/\/skaitytaknyga.lt\/en\/produktas\/trumpos-lietuviu-pasakos-apie-zveris-gyvulius-ir-paukscius\/\" \/>\n<meta property=\"og:locale\" content=\"en_GB\" \/>\n<meta property=\"og:locale:alternate\" content=\"lt_LT\" \/>\n<meta property=\"og:type\" content=\"article\" \/>\n<meta property=\"og:title\" content=\"Trumpos lietuvi\u0173 pasakos apie \u017ev\u0117ris, gyvulius ir pauk\u0161\u010dius\" \/>\n<meta property=\"og:description\" content=\"Gyvulin\u0117s pasakos - labai gausus tautosakos \u017eanras. Tai vienos seniausi\u0173 pasak\u0173, kuri\u0173 i\u0161takos siekia pirmyk\u0161t\u0119 bendruomen\u0119. Joms b\u016bdinga alegorija,\" \/>\n<meta property=\"og:url\" content=\"https:\/\/skaitytaknyga.lt\/en\/produktas\/trumpos-lietuviu-pasakos-apie-zveris-gyvulius-ir-paukscius\/\" \/>\n<meta property=\"og:site_name\" content=\"Skaitytaknyga\" \/>\n<meta property=\"article:publisher\" content=\"https:\/\/www.facebook.com\/skaitytaknyga\/\" \/>\n<meta property=\"article:modified_time\" content=\"2024-11-25T13:04:43+00:00\" \/>\n<meta property=\"og:image\" content=\"https:\/\/skaitytaknyga.lt\/wp-content\/uploads\/2024\/11\/Trumpos-lietuviu-pasakos-apie-zveris-gyvulius-ir-paukscius.webp\" \/>\n\t<meta property=\"og:image:width\" content=\"523\" \/>\n\t<meta property=\"og:image:height\" content=\"800\" \/>\n\t<meta property=\"og:image:type\" content=\"image\/webp\" \/>\n<meta name=\"twitter:card\" content=\"summary_large_image\" \/>\n<meta name=\"twitter:label1\" content=\"Estimated reading time\" \/>\n\t<meta name=\"twitter:data1\" content=\"1 minute\" \/>\n<script type=\"application\/ld+json\" class=\"yoast-schema-graph\">{\"@context\":\"https:\/\/schema.org\",\"@graph\":[{\"@type\":\"WebPage\",\"@id\":\"https:\/\/skaitytaknyga.lt\/produktas\/trumpos-lietuviu-pasakos-apie-zveris-gyvulius-ir-paukscius\/\",\"url\":\"https:\/\/skaitytaknyga.lt\/produktas\/trumpos-lietuviu-pasakos-apie-zveris-gyvulius-ir-paukscius\/\",\"name\":\"Trumpos lietuvi\u0173 pasakos apie \u017ev\u0117ris, gyvulius ir pauk\u0161\u010dius\",\"isPartOf\":{\"@id\":\"https:\/\/skaitytaknyga.lt\/#website\"},\"primaryImageOfPage\":{\"@id\":\"https:\/\/skaitytaknyga.lt\/produktas\/trumpos-lietuviu-pasakos-apie-zveris-gyvulius-ir-paukscius\/#primaryimage\"},\"image\":{\"@id\":\"https:\/\/skaitytaknyga.lt\/produktas\/trumpos-lietuviu-pasakos-apie-zveris-gyvulius-ir-paukscius\/#primaryimage\"},\"thumbnailUrl\":\"https:\/\/skaitytaknyga.lt\/wp-content\/uploads\/2024\/11\/Trumpos-lietuviu-pasakos-apie-zveris-gyvulius-ir-paukscius.webp\",\"datePublished\":\"2024-11-24T11:41:06+00:00\",\"dateModified\":\"2024-11-25T13:04:43+00:00\",\"description\":\"Gyvulin\u0117s pasakos - labai gausus tautosakos \u017eanras. Tai vienos seniausi\u0173 pasak\u0173, kuri\u0173 i\u0161takos siekia pirmyk\u0161t\u0119 bendruomen\u0119. Joms b\u016bdinga alegorija,\",\"breadcrumb\":{\"@id\":\"https:\/\/skaitytaknyga.lt\/produktas\/trumpos-lietuviu-pasakos-apie-zveris-gyvulius-ir-paukscius\/#breadcrumb\"},\"inLanguage\":\"en-GB\",\"potentialAction\":[{\"@type\":\"ReadAction\",\"target\":[\"https:\/\/skaitytaknyga.lt\/produktas\/trumpos-lietuviu-pasakos-apie-zveris-gyvulius-ir-paukscius\/\"]}]},{\"@type\":\"ImageObject\",\"inLanguage\":\"en-GB\",\"@id\":\"https:\/\/skaitytaknyga.lt\/produktas\/trumpos-lietuviu-pasakos-apie-zveris-gyvulius-ir-paukscius\/#primaryimage\",\"url\":\"https:\/\/skaitytaknyga.lt\/wp-content\/uploads\/2024\/11\/Trumpos-lietuviu-pasakos-apie-zveris-gyvulius-ir-paukscius.webp\",\"contentUrl\":\"https:\/\/skaitytaknyga.lt\/wp-content\/uploads\/2024\/11\/Trumpos-lietuviu-pasakos-apie-zveris-gyvulius-ir-paukscius.webp\",\"width\":523,\"height\":800,\"caption\":\"Trumpos lietuvi\u0173 pasakos apie \u017ev\u0117ris, gyvulius ir pauk\u0161\u010dius\"},{\"@type\":\"BreadcrumbList\",\"@id\":\"https:\/\/skaitytaknyga.lt\/produktas\/trumpos-lietuviu-pasakos-apie-zveris-gyvulius-ir-paukscius\/#breadcrumb\",\"itemListElement\":[{\"@type\":\"ListItem\",\"position\":1,\"name\":\"Home\",\"item\":\"https:\/\/skaitytaknyga.lt\/\"},{\"@type\":\"ListItem\",\"position\":2,\"name\":\"Parduotuv\u0117\",\"item\":\"https:\/\/skaitytaknyga.lt\/knygu-parduotuve\/\"},{\"@type\":\"ListItem\",\"position\":3,\"name\":\"Trumpos lietuvi\u0173 pasakos apie \u017ev\u0117ris, gyvulius ir pauk\u0161\u010dius\"}]},{\"@type\":\"WebSite\",\"@id\":\"https:\/\/skaitytaknyga.lt\/#website\",\"url\":\"https:\/\/skaitytaknyga.lt\/\",\"name\":\"skaitytaknyga.lt\",\"description\":\"Skaitytaknyga.lt \u2013 tai ma\u017eas \u0161eimos verslas, kuris prasid\u0117jo nuo meil\u0117s knygoms ir siekio i\u0161gelb\u0117ti knygas nuo likimo prie konteinerio. Kas vienam nereikalingas daiktas \u2013 kitam lobis, o mes esame tarpininkai, kurie padeda abiems tapti laimingesniems ???? \u017dinome kaip nelengva i\u0161gyventi ma\u017eiems verslams, tad nuo \u0161iol, \u010dia rasite ir kit\u0173, ma\u017e\u0173 \u0161eim\u0173 versl\u0173, rank\u0173 darbo, dovan\u0173 sau ir artimiesiems.\",\"publisher\":{\"@id\":\"https:\/\/skaitytaknyga.lt\/#organization\"},\"potentialAction\":[{\"@type\":\"SearchAction\",\"target\":{\"@type\":\"EntryPoint\",\"urlTemplate\":\"https:\/\/skaitytaknyga.lt\/?s={search_term_string}\"},\"query-input\":{\"@type\":\"PropertyValueSpecification\",\"valueRequired\":true,\"valueName\":\"search_term_string\"}}],\"inLanguage\":\"en-GB\"},{\"@type\":\"Organization\",\"@id\":\"https:\/\/skaitytaknyga.lt\/#organization\",\"name\":\"skaitytaknyga.lt\",\"url\":\"https:\/\/skaitytaknyga.lt\/\",\"logo\":{\"@type\":\"ImageObject\",\"inLanguage\":\"en-GB\",\"@id\":\"https:\/\/skaitytaknyga.lt\/#\/schema\/logo\/image\/\",\"url\":\"https:\/\/skaitytaknyga.lt\/wp-content\/uploads\/2024\/05\/cropped-cropped-cropped-02_00843_jt3bggkj1j3HLc7SyY6rEUpg.jpeg\",\"contentUrl\":\"https:\/\/skaitytaknyga.lt\/wp-content\/uploads\/2024\/05\/cropped-cropped-cropped-02_00843_jt3bggkj1j3HLc7SyY6rEUpg.jpeg\",\"width\":1600,\"height\":1600,\"caption\":\"skaitytaknyga.lt\"},\"image\":{\"@id\":\"https:\/\/skaitytaknyga.lt\/#\/schema\/logo\/image\/\"},\"sameAs\":[\"https:\/\/www.facebook.com\/skaitytaknyga\/\"]}]}<\/script>\n<!-- \/ Yoast SEO plugin. -->","yoast_head_json":{"title":"Trumpos lietuvi\u0173 pasakos apie \u017ev\u0117ris, gyvulius ir pauk\u0161\u010dius","description":"Gyvulin\u0117s pasakos - labai gausus tautosakos \u017eanras. Tai vienos seniausi\u0173 pasak\u0173, kuri\u0173 i\u0161takos siekia pirmyk\u0161t\u0119 bendruomen\u0119. Joms b\u016bdinga alegorija,","robots":{"index":"index","follow":"follow","max-snippet":"max-snippet:-1","max-image-preview":"max-image-preview:large","max-video-preview":"max-video-preview:-1"},"canonical":"https:\/\/skaitytaknyga.lt\/en\/produktas\/trumpos-lietuviu-pasakos-apie-zveris-gyvulius-ir-paukscius\/","og_locale":"en_GB","og_type":"article","og_title":"[:lt]Trumpos lietuvi\u0173 pasakos apie \u017ev\u0117ris, gyvulius ir pauk\u0161\u010dius[:] - Skaitytaknyga","og_description":"Gyvulin\u0117s pasakos - labai gausus tautosakos \u017eanras. Tai vienos seniausi\u0173 pasak\u0173, kuri\u0173 i\u0161takos siekia pirmyk\u0161t\u0119 bendruomen\u0119. Joms b\u016bdinga alegorija,","og_url":"https:\/\/skaitytaknyga.lt\/en\/produktas\/trumpos-lietuviu-pasakos-apie-zveris-gyvulius-ir-paukscius\/","og_site_name":"Skaitytaknyga","article_publisher":"https:\/\/www.facebook.com\/skaitytaknyga\/","article_modified_time":"2024-11-25T13:04:43+00:00","og_image":[{"width":523,"height":800,"url":"https:\/\/skaitytaknyga.lt\/wp-content\/uploads\/2024\/11\/Trumpos-lietuviu-pasakos-apie-zveris-gyvulius-ir-paukscius.webp","type":"image\/webp"}],"twitter_card":"summary_large_image","twitter_misc":{"Estimated reading time":"1 minute"},"schema":{"@context":"https:\/\/schema.org","@graph":[{"@type":"WebPage","@id":"https:\/\/skaitytaknyga.lt\/produktas\/trumpos-lietuviu-pasakos-apie-zveris-gyvulius-ir-paukscius\/","url":"https:\/\/skaitytaknyga.lt\/produktas\/trumpos-lietuviu-pasakos-apie-zveris-gyvulius-ir-paukscius\/","name":"Trumpos lietuvi\u0173 pasakos apie \u017ev\u0117ris, gyvulius ir pauk\u0161\u010dius","isPartOf":{"@id":"https:\/\/skaitytaknyga.lt\/#website"},"primaryImageOfPage":{"@id":"https:\/\/skaitytaknyga.lt\/produktas\/trumpos-lietuviu-pasakos-apie-zveris-gyvulius-ir-paukscius\/#primaryimage"},"image":{"@id":"https:\/\/skaitytaknyga.lt\/produktas\/trumpos-lietuviu-pasakos-apie-zveris-gyvulius-ir-paukscius\/#primaryimage"},"thumbnailUrl":"https:\/\/skaitytaknyga.lt\/wp-content\/uploads\/2024\/11\/Trumpos-lietuviu-pasakos-apie-zveris-gyvulius-ir-paukscius.webp","datePublished":"2024-11-24T11:41:06+00:00","dateModified":"2024-11-25T13:04:43+00:00","description":"Gyvulin\u0117s pasakos - labai gausus tautosakos \u017eanras. Tai vienos seniausi\u0173 pasak\u0173, kuri\u0173 i\u0161takos siekia pirmyk\u0161t\u0119 bendruomen\u0119. Joms b\u016bdinga alegorija,","breadcrumb":{"@id":"https:\/\/skaitytaknyga.lt\/produktas\/trumpos-lietuviu-pasakos-apie-zveris-gyvulius-ir-paukscius\/#breadcrumb"},"inLanguage":"en-GB","potentialAction":[{"@type":"ReadAction","target":["https:\/\/skaitytaknyga.lt\/produktas\/trumpos-lietuviu-pasakos-apie-zveris-gyvulius-ir-paukscius\/"]}]},{"@type":"ImageObject","inLanguage":"en-GB","@id":"https:\/\/skaitytaknyga.lt\/produktas\/trumpos-lietuviu-pasakos-apie-zveris-gyvulius-ir-paukscius\/#primaryimage","url":"https:\/\/skaitytaknyga.lt\/wp-content\/uploads\/2024\/11\/Trumpos-lietuviu-pasakos-apie-zveris-gyvulius-ir-paukscius.webp","contentUrl":"https:\/\/skaitytaknyga.lt\/wp-content\/uploads\/2024\/11\/Trumpos-lietuviu-pasakos-apie-zveris-gyvulius-ir-paukscius.webp","width":523,"height":800,"caption":"Trumpos lietuvi\u0173 pasakos apie \u017ev\u0117ris, gyvulius ir pauk\u0161\u010dius"},{"@type":"BreadcrumbList","@id":"https:\/\/skaitytaknyga.lt\/produktas\/trumpos-lietuviu-pasakos-apie-zveris-gyvulius-ir-paukscius\/#breadcrumb","itemListElement":[{"@type":"ListItem","position":1,"name":"Home","item":"https:\/\/skaitytaknyga.lt\/"},{"@type":"ListItem","position":2,"name":"Parduotuv\u0117","item":"https:\/\/skaitytaknyga.lt\/knygu-parduotuve\/"},{"@type":"ListItem","position":3,"name":"Trumpos lietuvi\u0173 pasakos apie \u017ev\u0117ris, gyvulius ir pauk\u0161\u010dius"}]},{"@type":"WebSite","@id":"https:\/\/skaitytaknyga.lt\/#website","url":"https:\/\/skaitytaknyga.lt\/","name":"skaitytaknyga.lt","description":"Skaitytaknyga.lt \u2013 tai ma\u017eas \u0161eimos verslas, kuris prasid\u0117jo nuo meil\u0117s knygoms ir siekio i\u0161gelb\u0117ti knygas nuo likimo prie konteinerio. Kas vienam nereikalingas daiktas \u2013 kitam lobis, o mes esame tarpininkai, kurie padeda abiems tapti laimingesniems ???? \u017dinome kaip nelengva i\u0161gyventi ma\u017eiems verslams, tad nuo \u0161iol, \u010dia rasite ir kit\u0173, ma\u017e\u0173 \u0161eim\u0173 versl\u0173, rank\u0173 darbo, dovan\u0173 sau ir artimiesiems.","publisher":{"@id":"https:\/\/skaitytaknyga.lt\/#organization"},"potentialAction":[{"@type":"SearchAction","target":{"@type":"EntryPoint","urlTemplate":"https:\/\/skaitytaknyga.lt\/?s={search_term_string}"},"query-input":{"@type":"PropertyValueSpecification","valueRequired":true,"valueName":"search_term_string"}}],"inLanguage":"en-GB"},{"@type":"Organization","@id":"https:\/\/skaitytaknyga.lt\/#organization","name":"skaitytaknyga.lt","url":"https:\/\/skaitytaknyga.lt\/","logo":{"@type":"ImageObject","inLanguage":"en-GB","@id":"https:\/\/skaitytaknyga.lt\/#\/schema\/logo\/image\/","url":"https:\/\/skaitytaknyga.lt\/wp-content\/uploads\/2024\/05\/cropped-cropped-cropped-02_00843_jt3bggkj1j3HLc7SyY6rEUpg.jpeg","contentUrl":"https:\/\/skaitytaknyga.lt\/wp-content\/uploads\/2024\/05\/cropped-cropped-cropped-02_00843_jt3bggkj1j3HLc7SyY6rEUpg.jpeg","width":1600,"height":1600,"caption":"skaitytaknyga.lt"},"image":{"@id":"https:\/\/skaitytaknyga.lt\/#\/schema\/logo\/image\/"},"sameAs":["https:\/\/www.facebook.com\/skaitytaknyga\/"]}]}},"_links":{"self":[{"href":"https:\/\/skaitytaknyga.lt\/en\/wp-json\/wp\/v2\/product\/14870","targetHints":{"allow":["GET"]}}],"collection":[{"href":"https:\/\/skaitytaknyga.lt\/en\/wp-json\/wp\/v2\/product"}],"about":[{"href":"https:\/\/skaitytaknyga.lt\/en\/wp-json\/wp\/v2\/types\/product"}],"replies":[{"embeddable":true,"href":"https:\/\/skaitytaknyga.lt\/en\/wp-json\/wp\/v2\/comments?post=14870"}],"wp:featuredmedia":[{"embeddable":true,"href":"https:\/\/skaitytaknyga.lt\/en\/wp-json\/wp\/v2\/media\/14894"}],"wp:attachment":[{"href":"https:\/\/skaitytaknyga.lt\/en\/wp-json\/wp\/v2\/media?parent=14870"}],"wp:term":[{"taxonomy":"product_brand","embeddable":true,"href":"https:\/\/skaitytaknyga.lt\/en\/wp-json\/wp\/v2\/product_brand?post=14870"},{"taxonomy":"product_cat","embeddable":true,"href":"https:\/\/skaitytaknyga.lt\/en\/wp-json\/wp\/v2\/product_cat?post=14870"},{"taxonomy":"product_tag","embeddable":true,"href":"https:\/\/skaitytaknyga.lt\/en\/wp-json\/wp\/v2\/product_tag?post=14870"}],"curies":[{"name":"wp","href":"https:\/\/api.w.org\/{rel}","templated":true}]}}