{"id":14860,"date":"2024-11-23T20:27:22","date_gmt":"2024-11-23T18:27:22","guid":{"rendered":"https:\/\/skaitytaknyga.lt\/?post_type=product&#038;p=14860"},"modified":"2025-02-05T20:23:00","modified_gmt":"2025-02-05T18:23:00","slug":"skaiciu-13-ir-666-mistika","status":"publish","type":"product","link":"https:\/\/skaitytaknyga.lt\/en\/produktas\/skaiciu-13-ir-666-mistika\/","title":{"rendered":"Skai\u010di\u0173 13 ir 666 mistika"},"content":{"rendered":"<p>Ilgai abejojau, ar \u0161iai knygai galima u\u017edegti \u017eali\u0105 \u0161vies\u0105. Mane vienas autoritetingas \u017emogus persp\u0117jo, kad galiu i\u0161leisti d\u017ein\u0105 i\u0161 butelio su jo neigiamomis vibracijomis ir pakenkti visuomenei. Vis d\u0117lto atradau daugiau argument\u0173 &#8220;u\u017e&#8221; negu &#8220;prie\u0161&#8221;.<br \/>\nKeliais sakiniais nor\u0117\u010diau apsisprendim\u0105 pagr\u012fsti. Vis\u0173 pirma, kaip ir buvo prana\u0161auta, pasaulyje juodosios j\u0117gos vis aktyviau puola \u017emonij\u0105. Klesti smurtas, pl\u0117\u0161imai, vagyst\u0117s, vyksta karai, \u017eudomi \u017emon\u0117s. Tai tiesiogin\u0117s juod\u0173j\u0173 j\u0117g\u0173 aprai\u0161kos. Nelabasis per visokius &#8220;malonumus&#8221; propaguoja erotik\u0105, prostitucij\u0105, i\u0161kreipt\u0105 &#8220;meil\u0119&#8221;, striptiz\u0105, azartinius lo\u0161imus ir kitaip gundo. Prasid\u0117jo atviras lenktyniavimas, kas grei\u010diau &#8211; vyrai ar moterys atidarys naktinius klubus su 666 simbolika. TV 4 \u012fk\u016br\u0117 jaunimui SMS pramog\u0173 &#8211; pokalbi\u0173 klub\u0105 pasl\u0117pt\u0173 dviej\u0173 \u0161e\u0161etuk\u0173 &#8220;69&#8221; pavadinimu, taip pat paskelb\u0117 ir telefon\u0105 1671 (1 + 6 + 7 + 1 = 15; 15 = 1 + 5 = 6) numeriu. Tai tre\u010diasis \u0161e\u0161etukas. O ko vertos atsiverian\u010dios klubo durys!<br \/>\nYra ir daugiau pavyzd\u017ei\u0173, kai \u017emon\u0117s manipuliuoja skai\u010diais, priklausan\u010diais po\u017eeminiam pasauliui, netgi tarpusavyje lenktyniauja ir d\u017eiaugiasi savo &#8220;i\u0161mintingumu&#8221;. Tod\u0117l nutariau skaitytojus supa\u017eindinti su skai\u010di\u0173 13 ir 666 kilme, j\u0173 blogomis savyb\u0117mis ir kartu atverti akis tiems, kurie \u0161iais skai\u010diais naudojasi. \u017dinoma, galiu pasirodyti donkichotu, ta\u010diau tegul b\u016bna taip, kaip yra. Manau, kad g\u0117ris vis tiek tur\u0117t\u0173 nugal\u0117ti blog\u012f!<br \/>\nGal ne su visais knygos teiginiais skaitytojai sutiks &#8211; tai j\u0173 teis\u0117. Ta\u010diau numerologija, kuri\u0105 a\u0161 pam\u0117gau, duoda atsakymus \u012f beveik visus klausimus. Tai ateities mokslas, su kuriuo teks skaitytis netgi patiems ar\u0161iausiems skeptikams. O a\u0161 visiems linkiu tik g\u0117rio ir s\u0117km\u0117s<\/p>\n","protected":false},"excerpt":{"rendered":"<p>Ilgai abejojau, ar \u0161iai knygai galima u\u017edegti \u017eali\u0105 \u0161vies\u0105. Mane vienas autoritetingas \u017emogus persp\u0117jo, kad galiu i\u0161leisti d\u017ein\u0105 i\u0161 butelio su jo neigiamomis vibracijomis ir pakenkti visuomenei. Vis d\u0117lto atradau daugiau argument\u0173 &#8220;u\u017e&#8221; negu &#8220;prie\u0161&#8221;. Keliais sakiniais nor\u0117\u010diau apsisprendim\u0105 pagr\u012fsti. Vis\u0173 pirma, kaip ir buvo prana\u0161auta, pasaulyje juodosios j\u0117gos vis aktyviau puola \u017emonij\u0105. Klesti smurtas, pl\u0117\u0161imai, vagyst\u0117s, vyksta karai, \u017eudomi \u017emon\u0117s. Tai tiesiogin\u0117s juod\u0173j\u0173 j\u0117g\u0173 aprai\u0161kos. Nelabasis per visokius &#8220;malonumus&#8221; propaguoja erotik\u0105, prostitucij\u0105, i\u0161kreipt\u0105 &#8220;meil\u0119&#8221;, striptiz\u0105, azartinius lo\u0161imus ir kitaip gundo. Prasid\u0117jo atviras lenktyniavimas, kas grei\u010diau &#8211; vyrai ar moterys atidarys naktinius klubus su 666 simbolika. TV 4 \u012fk\u016br\u0117 jaunimui SMS pramog\u0173 &#8211; pokalbi\u0173 klub\u0105 pasl\u0117pt\u0173 dviej\u0173 \u0161e\u0161etuk\u0173 &#8220;69&#8221; pavadinimu, taip pat paskelb\u0117 ir telefon\u0105 1671 (1 + 6 + 7 + 1 = 15; 15 = 1 + 5 = 6) numeriu. Tai tre\u010diasis \u0161e\u0161etukas. O ko vertos atsiverian\u010dios klubo durys! Yra ir daugiau pavyzd\u017ei\u0173, kai \u017emon\u0117s manipuliuoja skai\u010diais, priklausan\u010diais po\u017eeminiam pasauliui, netgi tarpusavyje lenktyniauja ir d\u017eiaugiasi savo &#8220;i\u0161mintingumu&#8221;. Tod\u0117l nutariau skaitytojus supa\u017eindinti su skai\u010di\u0173 13 ir 666 kilme, j\u0173 blogomis savyb\u0117mis ir kartu atverti akis tiems, kurie \u0161iais skai\u010diais naudojasi. \u017dinoma, galiu pasirodyti donkichotu, ta\u010diau tegul b\u016bna taip, kaip yra. Manau, kad g\u0117ris vis tiek tur\u0117t\u0173 nugal\u0117ti blog\u012f! Gal ne su visais knygos teiginiais skaitytojai sutiks &#8211; tai j\u0173 teis\u0117. Ta\u010diau numerologija, kuri\u0105 a\u0161 pam\u0117gau, duoda atsakymus \u012f beveik visus klausimus. Tai ateities mokslas, su kuriuo teks skaitytis netgi patiems ar\u0161iausiems skeptikams. O a\u0161 visiems linkiu tik g\u0117rio ir s\u0117km\u0117s<\/p>\n","protected":false},"featured_media":14915,"comment_status":"open","ping_status":"closed","template":"","meta":{"_acf_changed":false,"site-sidebar-layout":"default","site-content-layout":"","ast-site-content-layout":"default","site-content-style":"default","site-sidebar-style":"default","ast-global-header-display":"","ast-banner-title-visibility":"","ast-main-header-display":"","ast-hfb-above-header-display":"","ast-hfb-below-header-display":"","ast-hfb-mobile-header-display":"","site-post-title":"","ast-breadcrumbs-content":"","ast-featured-img":"","footer-sml-layout":"","ast-disable-related-posts":"","theme-transparent-header-meta":"default","adv-header-id-meta":"","stick-header-meta":"","header-above-stick-meta":"","header-main-stick-meta":"","header-below-stick-meta":"","astra-migrate-meta-layouts":"set","ast-page-background-enabled":"default","ast-page-background-meta":{"desktop":{"background-color":"","background-image":"","background-repeat":"repeat","background-position":"center center","background-size":"auto","background-attachment":"scroll","background-type":"","background-media":"","overlay-type":"","overlay-color":"","overlay-opacity":"","overlay-gradient":""},"tablet":{"background-color":"","background-image":"","background-repeat":"repeat","background-position":"center center","background-size":"auto","background-attachment":"scroll","background-type":"","background-media":"","overlay-type":"","overlay-color":"","overlay-opacity":"","overlay-gradient":""},"mobile":{"background-color":"","background-image":"","background-repeat":"repeat","background-position":"center center","background-size":"auto","background-attachment":"scroll","background-type":"","background-media":"","overlay-type":"","overlay-color":"","overlay-opacity":"","overlay-gradient":""}},"ast-content-background-meta":{"desktop":{"background-color":"var(--ast-global-color-4)","background-image":"","background-repeat":"repeat","background-position":"center center","background-size":"auto","background-attachment":"scroll","background-type":"","background-media":"","overlay-type":"","overlay-color":"","overlay-opacity":"","overlay-gradient":""},"tablet":{"background-color":"var(--ast-global-color-4)","background-image":"","background-repeat":"repeat","background-position":"center center","background-size":"auto","background-attachment":"scroll","background-type":"","background-media":"","overlay-type":"","overlay-color":"","overlay-opacity":"","overlay-gradient":""},"mobile":{"background-color":"var(--ast-global-color-4)","background-image":"","background-repeat":"repeat","background-position":"center center","background-size":"auto","background-attachment":"scroll","background-type":"","background-media":"","overlay-type":"","overlay-color":"","overlay-opacity":"","overlay-gradient":""}}},"product_brand":[],"product_cat":[15,165],"product_tag":[],"class_list":{"0":"post-14860","1":"product","2":"type-product","3":"status-publish","4":"has-post-thumbnail","6":"product_cat-uncategorized","7":"product_cat-religija-filosofija-ir-ezoterika","8":"desktop-align-left","9":"tablet-align-left","10":"mobile-align-left","12":"first","13":"outofstock","14":"shipping-taxable","15":"purchasable","16":"product-type-simple"},"acf":[],"yoast_head":"<!-- This site is optimized with the Yoast SEO plugin v27.0 - https:\/\/yoast.com\/product\/yoast-seo-wordpress\/ -->\n<title>Skai\u010di\u0173 13 ir 666 mistika<\/title>\n<meta name=\"description\" content=\"Ilgai abejojau, ar \u0161iai knygai galima u\u017edegti \u017eali\u0105 \u0161vies\u0105. Mane vienas autoritetingas \u017emogus persp\u0117jo, kad galiu i\u0161leisti d\u017ein\u0105 i\u0161 butelio su jo\" \/>\n<meta name=\"robots\" content=\"index, follow, max-snippet:-1, max-image-preview:large, max-video-preview:-1\" \/>\n<link rel=\"canonical\" href=\"https:\/\/skaitytaknyga.lt\/en\/produktas\/skaiciu-13-ir-666-mistika\/\" \/>\n<meta property=\"og:locale\" content=\"en_GB\" \/>\n<meta property=\"og:locale:alternate\" content=\"lt_LT\" \/>\n<meta property=\"og:type\" content=\"article\" \/>\n<meta property=\"og:title\" content=\"Skai\u010di\u0173 13 ir 666 mistika\" \/>\n<meta property=\"og:description\" content=\"Ilgai abejojau, ar \u0161iai knygai galima u\u017edegti \u017eali\u0105 \u0161vies\u0105. Mane vienas autoritetingas \u017emogus persp\u0117jo, kad galiu i\u0161leisti d\u017ein\u0105 i\u0161 butelio su jo\" \/>\n<meta property=\"og:url\" content=\"https:\/\/skaitytaknyga.lt\/en\/produktas\/skaiciu-13-ir-666-mistika\/\" \/>\n<meta property=\"og:site_name\" content=\"Skaitytaknyga\" \/>\n<meta property=\"article:publisher\" content=\"https:\/\/www.facebook.com\/skaitytaknyga\/\" \/>\n<meta property=\"article:modified_time\" content=\"2025-02-05T18:23:00+00:00\" \/>\n<meta property=\"og:image\" content=\"https:\/\/skaitytaknyga.lt\/wp-content\/uploads\/2024\/11\/Skaiciu-13-ir-666-mistika.jpg\" \/>\n\t<meta property=\"og:image:width\" content=\"625\" \/>\n\t<meta property=\"og:image:height\" content=\"794\" \/>\n\t<meta property=\"og:image:type\" content=\"image\/jpeg\" \/>\n<meta name=\"twitter:card\" content=\"summary_large_image\" \/>\n<meta name=\"twitter:label1\" content=\"Estimated reading time\" \/>\n\t<meta name=\"twitter:data1\" content=\"2 minutes\" \/>\n<script type=\"application\/ld+json\" class=\"yoast-schema-graph\">{\"@context\":\"https:\/\/schema.org\",\"@graph\":[{\"@type\":\"WebPage\",\"@id\":\"https:\/\/skaitytaknyga.lt\/produktas\/skaiciu-13-ir-666-mistika\/\",\"url\":\"https:\/\/skaitytaknyga.lt\/produktas\/skaiciu-13-ir-666-mistika\/\",\"name\":\"Skai\u010di\u0173 13 ir 666 mistika\",\"isPartOf\":{\"@id\":\"https:\/\/skaitytaknyga.lt\/#website\"},\"primaryImageOfPage\":{\"@id\":\"https:\/\/skaitytaknyga.lt\/produktas\/skaiciu-13-ir-666-mistika\/#primaryimage\"},\"image\":{\"@id\":\"https:\/\/skaitytaknyga.lt\/produktas\/skaiciu-13-ir-666-mistika\/#primaryimage\"},\"thumbnailUrl\":\"https:\/\/skaitytaknyga.lt\/wp-content\/uploads\/2024\/11\/Skaiciu-13-ir-666-mistika.jpg\",\"datePublished\":\"2024-11-23T18:27:22+00:00\",\"dateModified\":\"2025-02-05T18:23:00+00:00\",\"description\":\"Ilgai abejojau, ar \u0161iai knygai galima u\u017edegti \u017eali\u0105 \u0161vies\u0105. Mane vienas autoritetingas \u017emogus persp\u0117jo, kad galiu i\u0161leisti d\u017ein\u0105 i\u0161 butelio su jo\",\"breadcrumb\":{\"@id\":\"https:\/\/skaitytaknyga.lt\/produktas\/skaiciu-13-ir-666-mistika\/#breadcrumb\"},\"inLanguage\":\"en-GB\",\"potentialAction\":[{\"@type\":\"ReadAction\",\"target\":[\"https:\/\/skaitytaknyga.lt\/produktas\/skaiciu-13-ir-666-mistika\/\"]}]},{\"@type\":\"ImageObject\",\"inLanguage\":\"en-GB\",\"@id\":\"https:\/\/skaitytaknyga.lt\/produktas\/skaiciu-13-ir-666-mistika\/#primaryimage\",\"url\":\"https:\/\/skaitytaknyga.lt\/wp-content\/uploads\/2024\/11\/Skaiciu-13-ir-666-mistika.jpg\",\"contentUrl\":\"https:\/\/skaitytaknyga.lt\/wp-content\/uploads\/2024\/11\/Skaiciu-13-ir-666-mistika.jpg\",\"width\":625,\"height\":794,\"caption\":\"Skai\u010di\u0173 13 ir 666 mistika\"},{\"@type\":\"BreadcrumbList\",\"@id\":\"https:\/\/skaitytaknyga.lt\/produktas\/skaiciu-13-ir-666-mistika\/#breadcrumb\",\"itemListElement\":[{\"@type\":\"ListItem\",\"position\":1,\"name\":\"Home\",\"item\":\"https:\/\/skaitytaknyga.lt\/\"},{\"@type\":\"ListItem\",\"position\":2,\"name\":\"Parduotuv\u0117\",\"item\":\"https:\/\/skaitytaknyga.lt\/knygu-parduotuve\/\"},{\"@type\":\"ListItem\",\"position\":3,\"name\":\"Skai\u010di\u0173 13 ir 666 mistika\"}]},{\"@type\":\"WebSite\",\"@id\":\"https:\/\/skaitytaknyga.lt\/#website\",\"url\":\"https:\/\/skaitytaknyga.lt\/\",\"name\":\"skaitytaknyga.lt\",\"description\":\"Skaitytaknyga.lt \u2013 tai ma\u017eas \u0161eimos verslas, kuris prasid\u0117jo nuo meil\u0117s knygoms ir siekio i\u0161gelb\u0117ti knygas nuo likimo prie konteinerio. Kas vienam nereikalingas daiktas \u2013 kitam lobis, o mes esame tarpininkai, kurie padeda abiems tapti laimingesniems ???? \u017dinome kaip nelengva i\u0161gyventi ma\u017eiems verslams, tad nuo \u0161iol, \u010dia rasite ir kit\u0173, ma\u017e\u0173 \u0161eim\u0173 versl\u0173, rank\u0173 darbo, dovan\u0173 sau ir artimiesiems.\",\"publisher\":{\"@id\":\"https:\/\/skaitytaknyga.lt\/#organization\"},\"potentialAction\":[{\"@type\":\"SearchAction\",\"target\":{\"@type\":\"EntryPoint\",\"urlTemplate\":\"https:\/\/skaitytaknyga.lt\/?s={search_term_string}\"},\"query-input\":{\"@type\":\"PropertyValueSpecification\",\"valueRequired\":true,\"valueName\":\"search_term_string\"}}],\"inLanguage\":\"en-GB\"},{\"@type\":\"Organization\",\"@id\":\"https:\/\/skaitytaknyga.lt\/#organization\",\"name\":\"skaitytaknyga.lt\",\"url\":\"https:\/\/skaitytaknyga.lt\/\",\"logo\":{\"@type\":\"ImageObject\",\"inLanguage\":\"en-GB\",\"@id\":\"https:\/\/skaitytaknyga.lt\/#\/schema\/logo\/image\/\",\"url\":\"https:\/\/skaitytaknyga.lt\/wp-content\/uploads\/2024\/05\/cropped-cropped-cropped-02_00843_jt3bggkj1j3HLc7SyY6rEUpg.jpeg\",\"contentUrl\":\"https:\/\/skaitytaknyga.lt\/wp-content\/uploads\/2024\/05\/cropped-cropped-cropped-02_00843_jt3bggkj1j3HLc7SyY6rEUpg.jpeg\",\"width\":1600,\"height\":1600,\"caption\":\"skaitytaknyga.lt\"},\"image\":{\"@id\":\"https:\/\/skaitytaknyga.lt\/#\/schema\/logo\/image\/\"},\"sameAs\":[\"https:\/\/www.facebook.com\/skaitytaknyga\/\"]}]}<\/script>\n<!-- \/ Yoast SEO plugin. -->","yoast_head_json":{"title":"Skai\u010di\u0173 13 ir 666 mistika","description":"Ilgai abejojau, ar \u0161iai knygai galima u\u017edegti \u017eali\u0105 \u0161vies\u0105. Mane vienas autoritetingas \u017emogus persp\u0117jo, kad galiu i\u0161leisti d\u017ein\u0105 i\u0161 butelio su jo","robots":{"index":"index","follow":"follow","max-snippet":"max-snippet:-1","max-image-preview":"max-image-preview:large","max-video-preview":"max-video-preview:-1"},"canonical":"https:\/\/skaitytaknyga.lt\/en\/produktas\/skaiciu-13-ir-666-mistika\/","og_locale":"en_GB","og_type":"article","og_title":"[:lt]Skai\u010di\u0173 13 ir 666 mistika[:] - Skaitytaknyga","og_description":"Ilgai abejojau, ar \u0161iai knygai galima u\u017edegti \u017eali\u0105 \u0161vies\u0105. Mane vienas autoritetingas \u017emogus persp\u0117jo, kad galiu i\u0161leisti d\u017ein\u0105 i\u0161 butelio su jo","og_url":"https:\/\/skaitytaknyga.lt\/en\/produktas\/skaiciu-13-ir-666-mistika\/","og_site_name":"Skaitytaknyga","article_publisher":"https:\/\/www.facebook.com\/skaitytaknyga\/","article_modified_time":"2025-02-05T18:23:00+00:00","og_image":[{"width":625,"height":794,"url":"https:\/\/skaitytaknyga.lt\/wp-content\/uploads\/2024\/11\/Skaiciu-13-ir-666-mistika.jpg","type":"image\/jpeg"}],"twitter_card":"summary_large_image","twitter_misc":{"Estimated reading time":"2 minutes"},"schema":{"@context":"https:\/\/schema.org","@graph":[{"@type":"WebPage","@id":"https:\/\/skaitytaknyga.lt\/produktas\/skaiciu-13-ir-666-mistika\/","url":"https:\/\/skaitytaknyga.lt\/produktas\/skaiciu-13-ir-666-mistika\/","name":"Skai\u010di\u0173 13 ir 666 mistika","isPartOf":{"@id":"https:\/\/skaitytaknyga.lt\/#website"},"primaryImageOfPage":{"@id":"https:\/\/skaitytaknyga.lt\/produktas\/skaiciu-13-ir-666-mistika\/#primaryimage"},"image":{"@id":"https:\/\/skaitytaknyga.lt\/produktas\/skaiciu-13-ir-666-mistika\/#primaryimage"},"thumbnailUrl":"https:\/\/skaitytaknyga.lt\/wp-content\/uploads\/2024\/11\/Skaiciu-13-ir-666-mistika.jpg","datePublished":"2024-11-23T18:27:22+00:00","dateModified":"2025-02-05T18:23:00+00:00","description":"Ilgai abejojau, ar \u0161iai knygai galima u\u017edegti \u017eali\u0105 \u0161vies\u0105. Mane vienas autoritetingas \u017emogus persp\u0117jo, kad galiu i\u0161leisti d\u017ein\u0105 i\u0161 butelio su jo","breadcrumb":{"@id":"https:\/\/skaitytaknyga.lt\/produktas\/skaiciu-13-ir-666-mistika\/#breadcrumb"},"inLanguage":"en-GB","potentialAction":[{"@type":"ReadAction","target":["https:\/\/skaitytaknyga.lt\/produktas\/skaiciu-13-ir-666-mistika\/"]}]},{"@type":"ImageObject","inLanguage":"en-GB","@id":"https:\/\/skaitytaknyga.lt\/produktas\/skaiciu-13-ir-666-mistika\/#primaryimage","url":"https:\/\/skaitytaknyga.lt\/wp-content\/uploads\/2024\/11\/Skaiciu-13-ir-666-mistika.jpg","contentUrl":"https:\/\/skaitytaknyga.lt\/wp-content\/uploads\/2024\/11\/Skaiciu-13-ir-666-mistika.jpg","width":625,"height":794,"caption":"Skai\u010di\u0173 13 ir 666 mistika"},{"@type":"BreadcrumbList","@id":"https:\/\/skaitytaknyga.lt\/produktas\/skaiciu-13-ir-666-mistika\/#breadcrumb","itemListElement":[{"@type":"ListItem","position":1,"name":"Home","item":"https:\/\/skaitytaknyga.lt\/"},{"@type":"ListItem","position":2,"name":"Parduotuv\u0117","item":"https:\/\/skaitytaknyga.lt\/knygu-parduotuve\/"},{"@type":"ListItem","position":3,"name":"Skai\u010di\u0173 13 ir 666 mistika"}]},{"@type":"WebSite","@id":"https:\/\/skaitytaknyga.lt\/#website","url":"https:\/\/skaitytaknyga.lt\/","name":"skaitytaknyga.lt","description":"Skaitytaknyga.lt \u2013 tai ma\u017eas \u0161eimos verslas, kuris prasid\u0117jo nuo meil\u0117s knygoms ir siekio i\u0161gelb\u0117ti knygas nuo likimo prie konteinerio. Kas vienam nereikalingas daiktas \u2013 kitam lobis, o mes esame tarpininkai, kurie padeda abiems tapti laimingesniems ???? \u017dinome kaip nelengva i\u0161gyventi ma\u017eiems verslams, tad nuo \u0161iol, \u010dia rasite ir kit\u0173, ma\u017e\u0173 \u0161eim\u0173 versl\u0173, rank\u0173 darbo, dovan\u0173 sau ir artimiesiems.","publisher":{"@id":"https:\/\/skaitytaknyga.lt\/#organization"},"potentialAction":[{"@type":"SearchAction","target":{"@type":"EntryPoint","urlTemplate":"https:\/\/skaitytaknyga.lt\/?s={search_term_string}"},"query-input":{"@type":"PropertyValueSpecification","valueRequired":true,"valueName":"search_term_string"}}],"inLanguage":"en-GB"},{"@type":"Organization","@id":"https:\/\/skaitytaknyga.lt\/#organization","name":"skaitytaknyga.lt","url":"https:\/\/skaitytaknyga.lt\/","logo":{"@type":"ImageObject","inLanguage":"en-GB","@id":"https:\/\/skaitytaknyga.lt\/#\/schema\/logo\/image\/","url":"https:\/\/skaitytaknyga.lt\/wp-content\/uploads\/2024\/05\/cropped-cropped-cropped-02_00843_jt3bggkj1j3HLc7SyY6rEUpg.jpeg","contentUrl":"https:\/\/skaitytaknyga.lt\/wp-content\/uploads\/2024\/05\/cropped-cropped-cropped-02_00843_jt3bggkj1j3HLc7SyY6rEUpg.jpeg","width":1600,"height":1600,"caption":"skaitytaknyga.lt"},"image":{"@id":"https:\/\/skaitytaknyga.lt\/#\/schema\/logo\/image\/"},"sameAs":["https:\/\/www.facebook.com\/skaitytaknyga\/"]}]}},"_links":{"self":[{"href":"https:\/\/skaitytaknyga.lt\/en\/wp-json\/wp\/v2\/product\/14860","targetHints":{"allow":["GET"]}}],"collection":[{"href":"https:\/\/skaitytaknyga.lt\/en\/wp-json\/wp\/v2\/product"}],"about":[{"href":"https:\/\/skaitytaknyga.lt\/en\/wp-json\/wp\/v2\/types\/product"}],"replies":[{"embeddable":true,"href":"https:\/\/skaitytaknyga.lt\/en\/wp-json\/wp\/v2\/comments?post=14860"}],"wp:featuredmedia":[{"embeddable":true,"href":"https:\/\/skaitytaknyga.lt\/en\/wp-json\/wp\/v2\/media\/14915"}],"wp:attachment":[{"href":"https:\/\/skaitytaknyga.lt\/en\/wp-json\/wp\/v2\/media?parent=14860"}],"wp:term":[{"taxonomy":"product_brand","embeddable":true,"href":"https:\/\/skaitytaknyga.lt\/en\/wp-json\/wp\/v2\/product_brand?post=14860"},{"taxonomy":"product_cat","embeddable":true,"href":"https:\/\/skaitytaknyga.lt\/en\/wp-json\/wp\/v2\/product_cat?post=14860"},{"taxonomy":"product_tag","embeddable":true,"href":"https:\/\/skaitytaknyga.lt\/en\/wp-json\/wp\/v2\/product_tag?post=14860"}],"curies":[{"name":"wp","href":"https:\/\/api.w.org\/{rel}","templated":true}]}}