{"id":14851,"date":"2024-11-23T20:21:14","date_gmt":"2024-11-23T18:21:14","guid":{"rendered":"https:\/\/skaitytaknyga.lt\/?post_type=product&#038;p=14851"},"modified":"2025-04-17T10:44:55","modified_gmt":"2025-04-17T07:44:55","slug":"sodyba-sklypas-terasa-balkonas","status":"publish","type":"product","link":"https:\/\/skaitytaknyga.lt\/en\/produktas\/sodyba-sklypas-terasa-balkonas\/","title":{"rendered":"Sodyba: sklypas, terasa, balkonas"},"content":{"rendered":"<p>Knyga skirta visiems, turintiems \u017eem\u0117s lopin\u0117l\u012f. Ir visai nesvarbu, kur jis yra: aplink sodyb\u0105, nam\u0105, koted\u017e\u0105, ar tiesiog terasoje ar balkone p\u016bpso vazonai su prieskonin\u0117mis \u017eolel\u0117mis ar g\u0117l\u0117mis.<\/p>\n<p>\u0160i knyga skirta jums:<br \/>\n\u2022 jei \u012fsigijote sodyb\u0105 ar sod\u0105 ir ne\u017einote, nuo ko prad\u0117ti aplinkos tvarkym\u0105;<br \/>\n\u2022 jei ie\u0161kote praktini\u0173 patarim\u0173, kaip pri\u017ei\u016br\u0117ti \u017eeldynus;<br \/>\n\u2022 jei negalite ramiai laukti pavasario, nes vis knieti suki\u0161ti rankas \u012f \u017eem\u0119.<\/p>\n<p>Knygoje rasite praktini\u0173 patarim\u0173, kaip susikurti svajoni\u0173 \u017eeldynus, nuoseklius darb\u0173 apra\u0161ymus, kiekvieno met\u0173 m\u0117nesio darb\u0173 kalendori\u0173, informatyvias nuotraukas, schemas, planus.<\/p>\n<p>Tegul \u017eydi ir \u017ealiuoja j\u016bs\u0173 sodybos, sklypai, terasos, balkonai!<\/p>\n<ul class=\"about-product d-none d-xl-block mt-4\">\n<li><strong>Autorius:<\/strong>\u00a0Jonas Vaidelys,\u00a0Tautvydas Gurskas<\/li>\n<li><strong>Leid\u0117jas:<\/strong>\u00a0Terra Publica<\/li>\n<li><strong>Metai:<\/strong>\u00a02022<\/li>\n<li><strong>Puslapiai:<\/strong>\u00a0885<\/li>\n<li class=\"toggleable type-new-formats \"><strong>ISBN:<\/strong>\u00a09786094732416<\/li>\n<li><strong>Versijos kodas:<\/strong>\u00a0PT.<\/li>\n<li class=\"toggleable type-new-formats \"><strong>Formatas:<\/strong>\u00a017,4 x 24,6 x 2,5 cm, kieti vir\u0161eliai<\/li>\n<li><strong>Kalba:<\/strong>\u00a0Lietuvi\u0173<\/li>\n<\/ul>\n","protected":false},"excerpt":{"rendered":"<p>Knyga skirta visiems, turintiems \u017eem\u0117s lopin\u0117l\u012f. Ir visai nesvarbu, kur jis yra: aplink sodyb\u0105, nam\u0105, koted\u017e\u0105, ar tiesiog terasoje ar balkone p\u016bpso vazonai su prieskonin\u0117mis \u017eolel\u0117mis ar g\u0117l\u0117mis. \u0160i knyga skirta jums: \u2022 jei \u012fsigijote sodyb\u0105 ar sod\u0105 ir ne\u017einote, nuo ko prad\u0117ti aplinkos tvarkym\u0105; \u2022 jei ie\u0161kote praktini\u0173 patarim\u0173, kaip pri\u017ei\u016br\u0117ti \u017eeldynus; \u2022 jei negalite ramiai laukti pavasario, nes vis knieti suki\u0161ti rankas \u012f \u017eem\u0119. Knygoje rasite praktini\u0173 patarim\u0173, kaip susikurti svajoni\u0173 \u017eeldynus, nuoseklius darb\u0173 apra\u0161ymus, kiekvieno met\u0173 m\u0117nesio darb\u0173 kalendori\u0173, informatyvias nuotraukas, schemas, planus. Tegul \u017eydi ir \u017ealiuoja j\u016bs\u0173 sodybos, sklypai, terasos, balkonai! Autorius:\u00a0Jonas Vaidelys,\u00a0Tautvydas Gurskas Leid\u0117jas:\u00a0Terra Publica Metai:\u00a02022 Puslapiai:\u00a0885 ISBN:\u00a09786094732416 Versijos kodas:\u00a0PT. Formatas:\u00a017,4 x 24,6 x 2,5 cm, kieti vir\u0161eliai Kalba:\u00a0Lietuvi\u0173<\/p>\n","protected":false},"featured_media":14904,"comment_status":"open","ping_status":"closed","template":"","meta":{"_acf_changed":false,"site-sidebar-layout":"default","site-content-layout":"","ast-site-content-layout":"default","site-content-style":"default","site-sidebar-style":"default","ast-global-header-display":"","ast-banner-title-visibility":"","ast-main-header-display":"","ast-hfb-above-header-display":"","ast-hfb-below-header-display":"","ast-hfb-mobile-header-display":"","site-post-title":"","ast-breadcrumbs-content":"","ast-featured-img":"","footer-sml-layout":"","ast-disable-related-posts":"","theme-transparent-header-meta":"default","adv-header-id-meta":"","stick-header-meta":"","header-above-stick-meta":"","header-main-stick-meta":"","header-below-stick-meta":"","astra-migrate-meta-layouts":"set","ast-page-background-enabled":"default","ast-page-background-meta":{"desktop":{"background-color":"","background-image":"","background-repeat":"repeat","background-position":"center center","background-size":"auto","background-attachment":"scroll","background-type":"","background-media":"","overlay-type":"","overlay-color":"","overlay-opacity":"","overlay-gradient":""},"tablet":{"background-color":"","background-image":"","background-repeat":"repeat","background-position":"center center","background-size":"auto","background-attachment":"scroll","background-type":"","background-media":"","overlay-type":"","overlay-color":"","overlay-opacity":"","overlay-gradient":""},"mobile":{"background-color":"","background-image":"","background-repeat":"repeat","background-position":"center center","background-size":"auto","background-attachment":"scroll","background-type":"","background-media":"","overlay-type":"","overlay-color":"","overlay-opacity":"","overlay-gradient":""}},"ast-content-background-meta":{"desktop":{"background-color":"var(--ast-global-color-4)","background-image":"","background-repeat":"repeat","background-position":"center center","background-size":"auto","background-attachment":"scroll","background-type":"","background-media":"","overlay-type":"","overlay-color":"","overlay-opacity":"","overlay-gradient":""},"tablet":{"background-color":"var(--ast-global-color-4)","background-image":"","background-repeat":"repeat","background-position":"center center","background-size":"auto","background-attachment":"scroll","background-type":"","background-media":"","overlay-type":"","overlay-color":"","overlay-opacity":"","overlay-gradient":""},"mobile":{"background-color":"var(--ast-global-color-4)","background-image":"","background-repeat":"repeat","background-position":"center center","background-size":"auto","background-attachment":"scroll","background-type":"","background-media":"","overlay-type":"","overlay-color":"","overlay-opacity":"","overlay-gradient":""}}},"product_brand":[],"product_cat":[15,74],"product_tag":[1097],"class_list":{"0":"post-14851","1":"product","2":"type-product","3":"status-publish","4":"has-post-thumbnail","6":"product_cat-uncategorized","7":"product_cat-sodas-darzas-ir-gelynai","8":"product_tag-sodo-prieziura","9":"desktop-align-left","10":"tablet-align-left","11":"mobile-align-left","13":"first","14":"instock","15":"shipping-taxable","16":"purchasable","17":"product-type-simple"},"acf":[],"yoast_head":"<!-- This site is optimized with the Yoast SEO plugin v27.0 - https:\/\/yoast.com\/product\/yoast-seo-wordpress\/ -->\n<title>Sodyba: sklypas, terasa, balkonas<\/title>\n<meta name=\"description\" content=\"Knyga skirta visiems, turintiems \u017eem\u0117s lopin\u0117l\u012f. Ir visai nesvarbu, kur jis yra: aplink sodyb\u0105, nam\u0105, koted\u017e\u0105, ar tiesiog terasoje ar balkone p\u016bpso\" \/>\n<meta name=\"robots\" content=\"index, follow, max-snippet:-1, max-image-preview:large, max-video-preview:-1\" \/>\n<link rel=\"canonical\" href=\"https:\/\/skaitytaknyga.lt\/en\/produktas\/sodyba-sklypas-terasa-balkonas\/\" \/>\n<meta property=\"og:locale\" content=\"en_GB\" \/>\n<meta property=\"og:locale:alternate\" content=\"lt_LT\" \/>\n<meta property=\"og:type\" content=\"article\" \/>\n<meta property=\"og:title\" content=\"Sodyba: sklypas, terasa, balkonas\" \/>\n<meta property=\"og:description\" content=\"Knyga skirta visiems, turintiems \u017eem\u0117s lopin\u0117l\u012f. Ir visai nesvarbu, kur jis yra: aplink sodyb\u0105, nam\u0105, koted\u017e\u0105, ar tiesiog terasoje ar balkone p\u016bpso\" \/>\n<meta property=\"og:url\" content=\"https:\/\/skaitytaknyga.lt\/en\/produktas\/sodyba-sklypas-terasa-balkonas\/\" \/>\n<meta property=\"og:site_name\" content=\"Skaitytaknyga\" \/>\n<meta property=\"article:publisher\" content=\"https:\/\/www.facebook.com\/skaitytaknyga\/\" \/>\n<meta property=\"article:modified_time\" content=\"2025-04-17T07:44:55+00:00\" \/>\n<meta property=\"og:image\" content=\"https:\/\/skaitytaknyga.lt\/wp-content\/uploads\/2024\/11\/Sodyba-sklypas-terasa-balkonas.webp\" \/>\n\t<meta property=\"og:image:width\" content=\"569\" \/>\n\t<meta property=\"og:image:height\" content=\"800\" \/>\n\t<meta property=\"og:image:type\" content=\"image\/webp\" \/>\n<meta name=\"twitter:card\" content=\"summary_large_image\" \/>\n<meta name=\"twitter:label1\" content=\"Estimated reading time\" \/>\n\t<meta name=\"twitter:data1\" content=\"1 minute\" \/>\n<script type=\"application\/ld+json\" class=\"yoast-schema-graph\">{\"@context\":\"https:\/\/schema.org\",\"@graph\":[{\"@type\":\"WebPage\",\"@id\":\"https:\/\/skaitytaknyga.lt\/produktas\/sodyba-sklypas-terasa-balkonas\/\",\"url\":\"https:\/\/skaitytaknyga.lt\/produktas\/sodyba-sklypas-terasa-balkonas\/\",\"name\":\"Sodyba: sklypas, terasa, balkonas\",\"isPartOf\":{\"@id\":\"https:\/\/skaitytaknyga.lt\/#website\"},\"primaryImageOfPage\":{\"@id\":\"https:\/\/skaitytaknyga.lt\/produktas\/sodyba-sklypas-terasa-balkonas\/#primaryimage\"},\"image\":{\"@id\":\"https:\/\/skaitytaknyga.lt\/produktas\/sodyba-sklypas-terasa-balkonas\/#primaryimage\"},\"thumbnailUrl\":\"https:\/\/skaitytaknyga.lt\/wp-content\/uploads\/2024\/11\/Sodyba-sklypas-terasa-balkonas.webp\",\"datePublished\":\"2024-11-23T18:21:14+00:00\",\"dateModified\":\"2025-04-17T07:44:55+00:00\",\"description\":\"Knyga skirta visiems, turintiems \u017eem\u0117s lopin\u0117l\u012f. Ir visai nesvarbu, kur jis yra: aplink sodyb\u0105, nam\u0105, koted\u017e\u0105, ar tiesiog terasoje ar balkone p\u016bpso\",\"breadcrumb\":{\"@id\":\"https:\/\/skaitytaknyga.lt\/produktas\/sodyba-sklypas-terasa-balkonas\/#breadcrumb\"},\"inLanguage\":\"en-GB\",\"potentialAction\":[{\"@type\":\"ReadAction\",\"target\":[\"https:\/\/skaitytaknyga.lt\/produktas\/sodyba-sklypas-terasa-balkonas\/\"]}]},{\"@type\":\"ImageObject\",\"inLanguage\":\"en-GB\",\"@id\":\"https:\/\/skaitytaknyga.lt\/produktas\/sodyba-sklypas-terasa-balkonas\/#primaryimage\",\"url\":\"https:\/\/skaitytaknyga.lt\/wp-content\/uploads\/2024\/11\/Sodyba-sklypas-terasa-balkonas.webp\",\"contentUrl\":\"https:\/\/skaitytaknyga.lt\/wp-content\/uploads\/2024\/11\/Sodyba-sklypas-terasa-balkonas.webp\",\"width\":569,\"height\":800,\"caption\":\"Sodyba: sklypas, terasa, balkonas\"},{\"@type\":\"BreadcrumbList\",\"@id\":\"https:\/\/skaitytaknyga.lt\/produktas\/sodyba-sklypas-terasa-balkonas\/#breadcrumb\",\"itemListElement\":[{\"@type\":\"ListItem\",\"position\":1,\"name\":\"Home\",\"item\":\"https:\/\/skaitytaknyga.lt\/\"},{\"@type\":\"ListItem\",\"position\":2,\"name\":\"Parduotuv\u0117\",\"item\":\"https:\/\/skaitytaknyga.lt\/knygu-parduotuve\/\"},{\"@type\":\"ListItem\",\"position\":3,\"name\":\"Sodyba: sklypas, terasa, balkonas\"}]},{\"@type\":\"WebSite\",\"@id\":\"https:\/\/skaitytaknyga.lt\/#website\",\"url\":\"https:\/\/skaitytaknyga.lt\/\",\"name\":\"skaitytaknyga.lt\",\"description\":\"Skaitytaknyga.lt \u2013 tai ma\u017eas \u0161eimos verslas, kuris prasid\u0117jo nuo meil\u0117s knygoms ir siekio i\u0161gelb\u0117ti knygas nuo likimo prie konteinerio. Kas vienam nereikalingas daiktas \u2013 kitam lobis, o mes esame tarpininkai, kurie padeda abiems tapti laimingesniems ???? \u017dinome kaip nelengva i\u0161gyventi ma\u017eiems verslams, tad nuo \u0161iol, \u010dia rasite ir kit\u0173, ma\u017e\u0173 \u0161eim\u0173 versl\u0173, rank\u0173 darbo, dovan\u0173 sau ir artimiesiems.\",\"publisher\":{\"@id\":\"https:\/\/skaitytaknyga.lt\/#organization\"},\"potentialAction\":[{\"@type\":\"SearchAction\",\"target\":{\"@type\":\"EntryPoint\",\"urlTemplate\":\"https:\/\/skaitytaknyga.lt\/?s={search_term_string}\"},\"query-input\":{\"@type\":\"PropertyValueSpecification\",\"valueRequired\":true,\"valueName\":\"search_term_string\"}}],\"inLanguage\":\"en-GB\"},{\"@type\":\"Organization\",\"@id\":\"https:\/\/skaitytaknyga.lt\/#organization\",\"name\":\"skaitytaknyga.lt\",\"url\":\"https:\/\/skaitytaknyga.lt\/\",\"logo\":{\"@type\":\"ImageObject\",\"inLanguage\":\"en-GB\",\"@id\":\"https:\/\/skaitytaknyga.lt\/#\/schema\/logo\/image\/\",\"url\":\"https:\/\/skaitytaknyga.lt\/wp-content\/uploads\/2024\/05\/cropped-cropped-cropped-02_00843_jt3bggkj1j3HLc7SyY6rEUpg.jpeg\",\"contentUrl\":\"https:\/\/skaitytaknyga.lt\/wp-content\/uploads\/2024\/05\/cropped-cropped-cropped-02_00843_jt3bggkj1j3HLc7SyY6rEUpg.jpeg\",\"width\":1600,\"height\":1600,\"caption\":\"skaitytaknyga.lt\"},\"image\":{\"@id\":\"https:\/\/skaitytaknyga.lt\/#\/schema\/logo\/image\/\"},\"sameAs\":[\"https:\/\/www.facebook.com\/skaitytaknyga\/\"]}]}<\/script>\n<!-- \/ Yoast SEO plugin. -->","yoast_head_json":{"title":"Sodyba: sklypas, terasa, balkonas","description":"Knyga skirta visiems, turintiems \u017eem\u0117s lopin\u0117l\u012f. Ir visai nesvarbu, kur jis yra: aplink sodyb\u0105, nam\u0105, koted\u017e\u0105, ar tiesiog terasoje ar balkone p\u016bpso","robots":{"index":"index","follow":"follow","max-snippet":"max-snippet:-1","max-image-preview":"max-image-preview:large","max-video-preview":"max-video-preview:-1"},"canonical":"https:\/\/skaitytaknyga.lt\/en\/produktas\/sodyba-sklypas-terasa-balkonas\/","og_locale":"en_GB","og_type":"article","og_title":"[:lt]Sodyba: sklypas, terasa, balkonas[:] - Skaitytaknyga","og_description":"Knyga skirta visiems, turintiems \u017eem\u0117s lopin\u0117l\u012f. Ir visai nesvarbu, kur jis yra: aplink sodyb\u0105, nam\u0105, koted\u017e\u0105, ar tiesiog terasoje ar balkone p\u016bpso","og_url":"https:\/\/skaitytaknyga.lt\/en\/produktas\/sodyba-sklypas-terasa-balkonas\/","og_site_name":"Skaitytaknyga","article_publisher":"https:\/\/www.facebook.com\/skaitytaknyga\/","article_modified_time":"2025-04-17T07:44:55+00:00","og_image":[{"width":569,"height":800,"url":"https:\/\/skaitytaknyga.lt\/wp-content\/uploads\/2024\/11\/Sodyba-sklypas-terasa-balkonas.webp","type":"image\/webp"}],"twitter_card":"summary_large_image","twitter_misc":{"Estimated reading time":"1 minute"},"schema":{"@context":"https:\/\/schema.org","@graph":[{"@type":"WebPage","@id":"https:\/\/skaitytaknyga.lt\/produktas\/sodyba-sklypas-terasa-balkonas\/","url":"https:\/\/skaitytaknyga.lt\/produktas\/sodyba-sklypas-terasa-balkonas\/","name":"Sodyba: sklypas, terasa, balkonas","isPartOf":{"@id":"https:\/\/skaitytaknyga.lt\/#website"},"primaryImageOfPage":{"@id":"https:\/\/skaitytaknyga.lt\/produktas\/sodyba-sklypas-terasa-balkonas\/#primaryimage"},"image":{"@id":"https:\/\/skaitytaknyga.lt\/produktas\/sodyba-sklypas-terasa-balkonas\/#primaryimage"},"thumbnailUrl":"https:\/\/skaitytaknyga.lt\/wp-content\/uploads\/2024\/11\/Sodyba-sklypas-terasa-balkonas.webp","datePublished":"2024-11-23T18:21:14+00:00","dateModified":"2025-04-17T07:44:55+00:00","description":"Knyga skirta visiems, turintiems \u017eem\u0117s lopin\u0117l\u012f. Ir visai nesvarbu, kur jis yra: aplink sodyb\u0105, nam\u0105, koted\u017e\u0105, ar tiesiog terasoje ar balkone p\u016bpso","breadcrumb":{"@id":"https:\/\/skaitytaknyga.lt\/produktas\/sodyba-sklypas-terasa-balkonas\/#breadcrumb"},"inLanguage":"en-GB","potentialAction":[{"@type":"ReadAction","target":["https:\/\/skaitytaknyga.lt\/produktas\/sodyba-sklypas-terasa-balkonas\/"]}]},{"@type":"ImageObject","inLanguage":"en-GB","@id":"https:\/\/skaitytaknyga.lt\/produktas\/sodyba-sklypas-terasa-balkonas\/#primaryimage","url":"https:\/\/skaitytaknyga.lt\/wp-content\/uploads\/2024\/11\/Sodyba-sklypas-terasa-balkonas.webp","contentUrl":"https:\/\/skaitytaknyga.lt\/wp-content\/uploads\/2024\/11\/Sodyba-sklypas-terasa-balkonas.webp","width":569,"height":800,"caption":"Sodyba: sklypas, terasa, balkonas"},{"@type":"BreadcrumbList","@id":"https:\/\/skaitytaknyga.lt\/produktas\/sodyba-sklypas-terasa-balkonas\/#breadcrumb","itemListElement":[{"@type":"ListItem","position":1,"name":"Home","item":"https:\/\/skaitytaknyga.lt\/"},{"@type":"ListItem","position":2,"name":"Parduotuv\u0117","item":"https:\/\/skaitytaknyga.lt\/knygu-parduotuve\/"},{"@type":"ListItem","position":3,"name":"Sodyba: sklypas, terasa, balkonas"}]},{"@type":"WebSite","@id":"https:\/\/skaitytaknyga.lt\/#website","url":"https:\/\/skaitytaknyga.lt\/","name":"skaitytaknyga.lt","description":"Skaitytaknyga.lt \u2013 tai ma\u017eas \u0161eimos verslas, kuris prasid\u0117jo nuo meil\u0117s knygoms ir siekio i\u0161gelb\u0117ti knygas nuo likimo prie konteinerio. Kas vienam nereikalingas daiktas \u2013 kitam lobis, o mes esame tarpininkai, kurie padeda abiems tapti laimingesniems ???? \u017dinome kaip nelengva i\u0161gyventi ma\u017eiems verslams, tad nuo \u0161iol, \u010dia rasite ir kit\u0173, ma\u017e\u0173 \u0161eim\u0173 versl\u0173, rank\u0173 darbo, dovan\u0173 sau ir artimiesiems.","publisher":{"@id":"https:\/\/skaitytaknyga.lt\/#organization"},"potentialAction":[{"@type":"SearchAction","target":{"@type":"EntryPoint","urlTemplate":"https:\/\/skaitytaknyga.lt\/?s={search_term_string}"},"query-input":{"@type":"PropertyValueSpecification","valueRequired":true,"valueName":"search_term_string"}}],"inLanguage":"en-GB"},{"@type":"Organization","@id":"https:\/\/skaitytaknyga.lt\/#organization","name":"skaitytaknyga.lt","url":"https:\/\/skaitytaknyga.lt\/","logo":{"@type":"ImageObject","inLanguage":"en-GB","@id":"https:\/\/skaitytaknyga.lt\/#\/schema\/logo\/image\/","url":"https:\/\/skaitytaknyga.lt\/wp-content\/uploads\/2024\/05\/cropped-cropped-cropped-02_00843_jt3bggkj1j3HLc7SyY6rEUpg.jpeg","contentUrl":"https:\/\/skaitytaknyga.lt\/wp-content\/uploads\/2024\/05\/cropped-cropped-cropped-02_00843_jt3bggkj1j3HLc7SyY6rEUpg.jpeg","width":1600,"height":1600,"caption":"skaitytaknyga.lt"},"image":{"@id":"https:\/\/skaitytaknyga.lt\/#\/schema\/logo\/image\/"},"sameAs":["https:\/\/www.facebook.com\/skaitytaknyga\/"]}]}},"_links":{"self":[{"href":"https:\/\/skaitytaknyga.lt\/en\/wp-json\/wp\/v2\/product\/14851","targetHints":{"allow":["GET"]}}],"collection":[{"href":"https:\/\/skaitytaknyga.lt\/en\/wp-json\/wp\/v2\/product"}],"about":[{"href":"https:\/\/skaitytaknyga.lt\/en\/wp-json\/wp\/v2\/types\/product"}],"replies":[{"embeddable":true,"href":"https:\/\/skaitytaknyga.lt\/en\/wp-json\/wp\/v2\/comments?post=14851"}],"wp:featuredmedia":[{"embeddable":true,"href":"https:\/\/skaitytaknyga.lt\/en\/wp-json\/wp\/v2\/media\/14904"}],"wp:attachment":[{"href":"https:\/\/skaitytaknyga.lt\/en\/wp-json\/wp\/v2\/media?parent=14851"}],"wp:term":[{"taxonomy":"product_brand","embeddable":true,"href":"https:\/\/skaitytaknyga.lt\/en\/wp-json\/wp\/v2\/product_brand?post=14851"},{"taxonomy":"product_cat","embeddable":true,"href":"https:\/\/skaitytaknyga.lt\/en\/wp-json\/wp\/v2\/product_cat?post=14851"},{"taxonomy":"product_tag","embeddable":true,"href":"https:\/\/skaitytaknyga.lt\/en\/wp-json\/wp\/v2\/product_tag?post=14851"}],"curies":[{"name":"wp","href":"https:\/\/api.w.org\/{rel}","templated":true}]}}