{"id":14850,"date":"2024-11-23T20:21:14","date_gmt":"2024-11-23T18:21:14","guid":{"rendered":"https:\/\/skaitytaknyga.lt\/?post_type=product&#038;p=14850"},"modified":"2025-05-24T21:51:32","modified_gmt":"2025-05-24T18:51:32","slug":"kirpimas-ir-siuvimas","status":"publish","type":"product","link":"https:\/\/skaitytaknyga.lt\/en\/produktas\/kirpimas-ir-siuvimas\/","title":{"rendered":"Kirpimas ir siuvimas"},"content":{"rendered":"<p>Knygoje autor\u0117s pateikia pagrindines \u017einias apie vaiki\u0161k\u0173, moteri\u0161k\u0173 ir nesud\u0117ting\u0173 vyri\u0161k\u0173 drabu\u017ei\u0173 kirpim\u0105, pagrindinio br\u0117\u017einio sudarym\u0105 bei i\u0161karp\u0173 paruo\u0161im\u0105. Taip pat apra\u0161o, kaip skoningai apsirengti, kaip pasirinkti drabu\u017eiui fason\u0105, pritaikyti j\u012f prie veido ir fig\u016bros ypatum\u0173.<\/p>\n<p>Siuvimo skyriuje duodama elementariausios \u017einios, kaip si\u016bti drabu\u017e\u012f, kaip pa\u0161alinti da\u017eniausiai pasitaikan\u010dias kirpimo klaidas, kaip paruo\u0161ti atskiras drabu\u017eio detales, pavyzd\u017eiui, apykakl\u0119, ki\u0161enes, kaip u\u017ebaigti kra\u0161tus bei papuo\u0161ti drabu\u017e\u012f, kad jis b\u016bt\u0173 gra\u017eus, \u012fdomus, patrauklus.<\/p>\n<ul class=\"about-product d-none d-xl-block mt-4\">\n<li><strong>Autorius:<\/strong>\u00a0J. Lisauskien\u0117,\u00a0M. Masiokait\u0117<\/li>\n<li><strong>Metai:<\/strong>\u00a01959<\/li>\n<li><strong>Puslapiai:<\/strong>\u00a0352<\/li>\n<li class=\"toggleable type-new-formats \"><strong>Formatas:<\/strong>\u00a018 x 23 cm, kieti vir\u0161eliai<\/li>\n<li><strong>Kalba:<\/strong>\u00a0Lietuvi\u0173<\/li>\n<\/ul>\n","protected":false},"excerpt":{"rendered":"<p>Knygoje autor\u0117s pateikia pagrindines \u017einias apie vaiki\u0161k\u0173, moteri\u0161k\u0173 ir nesud\u0117ting\u0173 vyri\u0161k\u0173 drabu\u017ei\u0173 kirpim\u0105, pagrindinio br\u0117\u017einio sudarym\u0105 bei i\u0161karp\u0173 paruo\u0161im\u0105. Taip pat apra\u0161o, kaip skoningai apsirengti, kaip pasirinkti drabu\u017eiui fason\u0105, pritaikyti j\u012f prie veido ir fig\u016bros ypatum\u0173. Siuvimo skyriuje duodama elementariausios \u017einios, kaip si\u016bti drabu\u017e\u012f, kaip pa\u0161alinti da\u017eniausiai pasitaikan\u010dias kirpimo klaidas, kaip paruo\u0161ti atskiras drabu\u017eio detales, pavyzd\u017eiui, apykakl\u0119, ki\u0161enes, kaip u\u017ebaigti kra\u0161tus bei papuo\u0161ti drabu\u017e\u012f, kad jis b\u016bt\u0173 gra\u017eus, \u012fdomus, patrauklus. Autorius:\u00a0J. Lisauskien\u0117,\u00a0M. Masiokait\u0117 Metai:\u00a01959 Puslapiai:\u00a0352 Formatas:\u00a018 x 23 cm, kieti vir\u0161eliai Kalba:\u00a0Lietuvi\u0173<\/p>\n","protected":false},"featured_media":14903,"comment_status":"open","ping_status":"closed","template":"","meta":{"_acf_changed":false,"site-sidebar-layout":"default","site-content-layout":"","ast-site-content-layout":"default","site-content-style":"default","site-sidebar-style":"default","ast-global-header-display":"","ast-banner-title-visibility":"","ast-main-header-display":"","ast-hfb-above-header-display":"","ast-hfb-below-header-display":"","ast-hfb-mobile-header-display":"","site-post-title":"","ast-breadcrumbs-content":"","ast-featured-img":"","footer-sml-layout":"","ast-disable-related-posts":"","theme-transparent-header-meta":"default","adv-header-id-meta":"","stick-header-meta":"","header-above-stick-meta":"","header-main-stick-meta":"","header-below-stick-meta":"","astra-migrate-meta-layouts":"set","ast-page-background-enabled":"default","ast-page-background-meta":{"desktop":{"background-color":"","background-image":"","background-repeat":"repeat","background-position":"center center","background-size":"auto","background-attachment":"scroll","background-type":"","background-media":"","overlay-type":"","overlay-color":"","overlay-opacity":"","overlay-gradient":""},"tablet":{"background-color":"","background-image":"","background-repeat":"repeat","background-position":"center center","background-size":"auto","background-attachment":"scroll","background-type":"","background-media":"","overlay-type":"","overlay-color":"","overlay-opacity":"","overlay-gradient":""},"mobile":{"background-color":"","background-image":"","background-repeat":"repeat","background-position":"center center","background-size":"auto","background-attachment":"scroll","background-type":"","background-media":"","overlay-type":"","overlay-color":"","overlay-opacity":"","overlay-gradient":""}},"ast-content-background-meta":{"desktop":{"background-color":"var(--ast-global-color-4)","background-image":"","background-repeat":"repeat","background-position":"center center","background-size":"auto","background-attachment":"scroll","background-type":"","background-media":"","overlay-type":"","overlay-color":"","overlay-opacity":"","overlay-gradient":""},"tablet":{"background-color":"var(--ast-global-color-4)","background-image":"","background-repeat":"repeat","background-position":"center center","background-size":"auto","background-attachment":"scroll","background-type":"","background-media":"","overlay-type":"","overlay-color":"","overlay-opacity":"","overlay-gradient":""},"mobile":{"background-color":"var(--ast-global-color-4)","background-image":"","background-repeat":"repeat","background-position":"center center","background-size":"auto","background-attachment":"scroll","background-type":"","background-media":"","overlay-type":"","overlay-color":"","overlay-opacity":"","overlay-gradient":""}}},"product_brand":[],"product_cat":[15,27],"product_tag":[],"class_list":{"0":"post-14850","1":"product","2":"type-product","3":"status-publish","4":"has-post-thumbnail","6":"product_cat-uncategorized","7":"product_cat-sportas-laisvalaikis-rankdarbiai","8":"desktop-align-left","9":"tablet-align-left","10":"mobile-align-left","12":"first","13":"instock","14":"shipping-taxable","15":"purchasable","16":"product-type-simple"},"acf":[],"yoast_head":"<!-- This site is optimized with the Yoast SEO plugin v27.0 - https:\/\/yoast.com\/product\/yoast-seo-wordpress\/ -->\n<title>Kirpimas ir siuvimas<\/title>\n<meta name=\"description\" content=\"Knygoje autor\u0117s pateikia pagrindines \u017einias apie vaiki\u0161k\u0173, moteri\u0161k\u0173 ir nesud\u0117ting\u0173 vyri\u0161k\u0173 drabu\u017ei\u0173 kirpim\u0105, pagrindinio br\u0117\u017einio sudarym\u0105 bei i\u0161karp\u0173\" \/>\n<meta name=\"robots\" content=\"index, follow, max-snippet:-1, max-image-preview:large, max-video-preview:-1\" \/>\n<link rel=\"canonical\" href=\"https:\/\/skaitytaknyga.lt\/en\/produktas\/kirpimas-ir-siuvimas\/\" \/>\n<meta property=\"og:locale\" content=\"en_GB\" \/>\n<meta property=\"og:locale:alternate\" content=\"lt_LT\" \/>\n<meta property=\"og:type\" content=\"article\" \/>\n<meta property=\"og:title\" content=\"Kirpimas ir siuvimas\" \/>\n<meta property=\"og:description\" content=\"Knygoje autor\u0117s pateikia pagrindines \u017einias apie vaiki\u0161k\u0173, moteri\u0161k\u0173 ir nesud\u0117ting\u0173 vyri\u0161k\u0173 drabu\u017ei\u0173 kirpim\u0105, pagrindinio br\u0117\u017einio sudarym\u0105 bei i\u0161karp\u0173\" \/>\n<meta property=\"og:url\" content=\"https:\/\/skaitytaknyga.lt\/en\/produktas\/kirpimas-ir-siuvimas\/\" \/>\n<meta property=\"og:site_name\" content=\"Skaitytaknyga\" \/>\n<meta property=\"article:publisher\" content=\"https:\/\/www.facebook.com\/skaitytaknyga\/\" \/>\n<meta property=\"article:modified_time\" content=\"2025-05-24T18:51:32+00:00\" \/>\n<meta property=\"og:image\" content=\"https:\/\/skaitytaknyga.lt\/wp-content\/uploads\/2024\/11\/Kirpimas-ir-siuvimas.webp\" \/>\n\t<meta property=\"og:image:width\" content=\"620\" \/>\n\t<meta property=\"og:image:height\" content=\"799\" \/>\n\t<meta property=\"og:image:type\" content=\"image\/webp\" \/>\n<meta name=\"twitter:card\" content=\"summary_large_image\" \/>\n<meta name=\"twitter:label1\" content=\"Estimated reading time\" \/>\n\t<meta name=\"twitter:data1\" content=\"1 minute\" \/>\n<script type=\"application\/ld+json\" class=\"yoast-schema-graph\">{\"@context\":\"https:\/\/schema.org\",\"@graph\":[{\"@type\":\"WebPage\",\"@id\":\"https:\/\/skaitytaknyga.lt\/produktas\/kirpimas-ir-siuvimas\/\",\"url\":\"https:\/\/skaitytaknyga.lt\/produktas\/kirpimas-ir-siuvimas\/\",\"name\":\"Kirpimas ir siuvimas\",\"isPartOf\":{\"@id\":\"https:\/\/skaitytaknyga.lt\/#website\"},\"primaryImageOfPage\":{\"@id\":\"https:\/\/skaitytaknyga.lt\/produktas\/kirpimas-ir-siuvimas\/#primaryimage\"},\"image\":{\"@id\":\"https:\/\/skaitytaknyga.lt\/produktas\/kirpimas-ir-siuvimas\/#primaryimage\"},\"thumbnailUrl\":\"https:\/\/skaitytaknyga.lt\/wp-content\/uploads\/2024\/11\/Kirpimas-ir-siuvimas.webp\",\"datePublished\":\"2024-11-23T18:21:14+00:00\",\"dateModified\":\"2025-05-24T18:51:32+00:00\",\"description\":\"Knygoje autor\u0117s pateikia pagrindines \u017einias apie vaiki\u0161k\u0173, moteri\u0161k\u0173 ir nesud\u0117ting\u0173 vyri\u0161k\u0173 drabu\u017ei\u0173 kirpim\u0105, pagrindinio br\u0117\u017einio sudarym\u0105 bei i\u0161karp\u0173\",\"breadcrumb\":{\"@id\":\"https:\/\/skaitytaknyga.lt\/produktas\/kirpimas-ir-siuvimas\/#breadcrumb\"},\"inLanguage\":\"en-GB\",\"potentialAction\":[{\"@type\":\"ReadAction\",\"target\":[\"https:\/\/skaitytaknyga.lt\/produktas\/kirpimas-ir-siuvimas\/\"]}]},{\"@type\":\"ImageObject\",\"inLanguage\":\"en-GB\",\"@id\":\"https:\/\/skaitytaknyga.lt\/produktas\/kirpimas-ir-siuvimas\/#primaryimage\",\"url\":\"https:\/\/skaitytaknyga.lt\/wp-content\/uploads\/2024\/11\/Kirpimas-ir-siuvimas.webp\",\"contentUrl\":\"https:\/\/skaitytaknyga.lt\/wp-content\/uploads\/2024\/11\/Kirpimas-ir-siuvimas.webp\",\"width\":620,\"height\":799,\"caption\":\"Kirpimas ir siuvimas\"},{\"@type\":\"BreadcrumbList\",\"@id\":\"https:\/\/skaitytaknyga.lt\/produktas\/kirpimas-ir-siuvimas\/#breadcrumb\",\"itemListElement\":[{\"@type\":\"ListItem\",\"position\":1,\"name\":\"Home\",\"item\":\"https:\/\/skaitytaknyga.lt\/\"},{\"@type\":\"ListItem\",\"position\":2,\"name\":\"Parduotuv\u0117\",\"item\":\"https:\/\/skaitytaknyga.lt\/knygu-parduotuve\/\"},{\"@type\":\"ListItem\",\"position\":3,\"name\":\"Kirpimas ir siuvimas\"}]},{\"@type\":\"WebSite\",\"@id\":\"https:\/\/skaitytaknyga.lt\/#website\",\"url\":\"https:\/\/skaitytaknyga.lt\/\",\"name\":\"skaitytaknyga.lt\",\"description\":\"Skaitytaknyga.lt \u2013 tai ma\u017eas \u0161eimos verslas, kuris prasid\u0117jo nuo meil\u0117s knygoms ir siekio i\u0161gelb\u0117ti knygas nuo likimo prie konteinerio. Kas vienam nereikalingas daiktas \u2013 kitam lobis, o mes esame tarpininkai, kurie padeda abiems tapti laimingesniems ???? \u017dinome kaip nelengva i\u0161gyventi ma\u017eiems verslams, tad nuo \u0161iol, \u010dia rasite ir kit\u0173, ma\u017e\u0173 \u0161eim\u0173 versl\u0173, rank\u0173 darbo, dovan\u0173 sau ir artimiesiems.\",\"publisher\":{\"@id\":\"https:\/\/skaitytaknyga.lt\/#organization\"},\"potentialAction\":[{\"@type\":\"SearchAction\",\"target\":{\"@type\":\"EntryPoint\",\"urlTemplate\":\"https:\/\/skaitytaknyga.lt\/?s={search_term_string}\"},\"query-input\":{\"@type\":\"PropertyValueSpecification\",\"valueRequired\":true,\"valueName\":\"search_term_string\"}}],\"inLanguage\":\"en-GB\"},{\"@type\":\"Organization\",\"@id\":\"https:\/\/skaitytaknyga.lt\/#organization\",\"name\":\"skaitytaknyga.lt\",\"url\":\"https:\/\/skaitytaknyga.lt\/\",\"logo\":{\"@type\":\"ImageObject\",\"inLanguage\":\"en-GB\",\"@id\":\"https:\/\/skaitytaknyga.lt\/#\/schema\/logo\/image\/\",\"url\":\"https:\/\/skaitytaknyga.lt\/wp-content\/uploads\/2024\/05\/cropped-cropped-cropped-02_00843_jt3bggkj1j3HLc7SyY6rEUpg.jpeg\",\"contentUrl\":\"https:\/\/skaitytaknyga.lt\/wp-content\/uploads\/2024\/05\/cropped-cropped-cropped-02_00843_jt3bggkj1j3HLc7SyY6rEUpg.jpeg\",\"width\":1600,\"height\":1600,\"caption\":\"skaitytaknyga.lt\"},\"image\":{\"@id\":\"https:\/\/skaitytaknyga.lt\/#\/schema\/logo\/image\/\"},\"sameAs\":[\"https:\/\/www.facebook.com\/skaitytaknyga\/\"]}]}<\/script>\n<!-- \/ Yoast SEO plugin. -->","yoast_head_json":{"title":"Kirpimas ir siuvimas","description":"Knygoje autor\u0117s pateikia pagrindines \u017einias apie vaiki\u0161k\u0173, moteri\u0161k\u0173 ir nesud\u0117ting\u0173 vyri\u0161k\u0173 drabu\u017ei\u0173 kirpim\u0105, pagrindinio br\u0117\u017einio sudarym\u0105 bei i\u0161karp\u0173","robots":{"index":"index","follow":"follow","max-snippet":"max-snippet:-1","max-image-preview":"max-image-preview:large","max-video-preview":"max-video-preview:-1"},"canonical":"https:\/\/skaitytaknyga.lt\/en\/produktas\/kirpimas-ir-siuvimas\/","og_locale":"en_GB","og_type":"article","og_title":"[:lt]Kirpimas ir siuvimas[:] - Skaitytaknyga","og_description":"Knygoje autor\u0117s pateikia pagrindines \u017einias apie vaiki\u0161k\u0173, moteri\u0161k\u0173 ir nesud\u0117ting\u0173 vyri\u0161k\u0173 drabu\u017ei\u0173 kirpim\u0105, pagrindinio br\u0117\u017einio sudarym\u0105 bei i\u0161karp\u0173","og_url":"https:\/\/skaitytaknyga.lt\/en\/produktas\/kirpimas-ir-siuvimas\/","og_site_name":"Skaitytaknyga","article_publisher":"https:\/\/www.facebook.com\/skaitytaknyga\/","article_modified_time":"2025-05-24T18:51:32+00:00","og_image":[{"width":620,"height":799,"url":"https:\/\/skaitytaknyga.lt\/wp-content\/uploads\/2024\/11\/Kirpimas-ir-siuvimas.webp","type":"image\/webp"}],"twitter_card":"summary_large_image","twitter_misc":{"Estimated reading time":"1 minute"},"schema":{"@context":"https:\/\/schema.org","@graph":[{"@type":"WebPage","@id":"https:\/\/skaitytaknyga.lt\/produktas\/kirpimas-ir-siuvimas\/","url":"https:\/\/skaitytaknyga.lt\/produktas\/kirpimas-ir-siuvimas\/","name":"Kirpimas ir siuvimas","isPartOf":{"@id":"https:\/\/skaitytaknyga.lt\/#website"},"primaryImageOfPage":{"@id":"https:\/\/skaitytaknyga.lt\/produktas\/kirpimas-ir-siuvimas\/#primaryimage"},"image":{"@id":"https:\/\/skaitytaknyga.lt\/produktas\/kirpimas-ir-siuvimas\/#primaryimage"},"thumbnailUrl":"https:\/\/skaitytaknyga.lt\/wp-content\/uploads\/2024\/11\/Kirpimas-ir-siuvimas.webp","datePublished":"2024-11-23T18:21:14+00:00","dateModified":"2025-05-24T18:51:32+00:00","description":"Knygoje autor\u0117s pateikia pagrindines \u017einias apie vaiki\u0161k\u0173, moteri\u0161k\u0173 ir nesud\u0117ting\u0173 vyri\u0161k\u0173 drabu\u017ei\u0173 kirpim\u0105, pagrindinio br\u0117\u017einio sudarym\u0105 bei i\u0161karp\u0173","breadcrumb":{"@id":"https:\/\/skaitytaknyga.lt\/produktas\/kirpimas-ir-siuvimas\/#breadcrumb"},"inLanguage":"en-GB","potentialAction":[{"@type":"ReadAction","target":["https:\/\/skaitytaknyga.lt\/produktas\/kirpimas-ir-siuvimas\/"]}]},{"@type":"ImageObject","inLanguage":"en-GB","@id":"https:\/\/skaitytaknyga.lt\/produktas\/kirpimas-ir-siuvimas\/#primaryimage","url":"https:\/\/skaitytaknyga.lt\/wp-content\/uploads\/2024\/11\/Kirpimas-ir-siuvimas.webp","contentUrl":"https:\/\/skaitytaknyga.lt\/wp-content\/uploads\/2024\/11\/Kirpimas-ir-siuvimas.webp","width":620,"height":799,"caption":"Kirpimas ir siuvimas"},{"@type":"BreadcrumbList","@id":"https:\/\/skaitytaknyga.lt\/produktas\/kirpimas-ir-siuvimas\/#breadcrumb","itemListElement":[{"@type":"ListItem","position":1,"name":"Home","item":"https:\/\/skaitytaknyga.lt\/"},{"@type":"ListItem","position":2,"name":"Parduotuv\u0117","item":"https:\/\/skaitytaknyga.lt\/knygu-parduotuve\/"},{"@type":"ListItem","position":3,"name":"Kirpimas ir siuvimas"}]},{"@type":"WebSite","@id":"https:\/\/skaitytaknyga.lt\/#website","url":"https:\/\/skaitytaknyga.lt\/","name":"skaitytaknyga.lt","description":"Skaitytaknyga.lt \u2013 tai ma\u017eas \u0161eimos verslas, kuris prasid\u0117jo nuo meil\u0117s knygoms ir siekio i\u0161gelb\u0117ti knygas nuo likimo prie konteinerio. Kas vienam nereikalingas daiktas \u2013 kitam lobis, o mes esame tarpininkai, kurie padeda abiems tapti laimingesniems ???? \u017dinome kaip nelengva i\u0161gyventi ma\u017eiems verslams, tad nuo \u0161iol, \u010dia rasite ir kit\u0173, ma\u017e\u0173 \u0161eim\u0173 versl\u0173, rank\u0173 darbo, dovan\u0173 sau ir artimiesiems.","publisher":{"@id":"https:\/\/skaitytaknyga.lt\/#organization"},"potentialAction":[{"@type":"SearchAction","target":{"@type":"EntryPoint","urlTemplate":"https:\/\/skaitytaknyga.lt\/?s={search_term_string}"},"query-input":{"@type":"PropertyValueSpecification","valueRequired":true,"valueName":"search_term_string"}}],"inLanguage":"en-GB"},{"@type":"Organization","@id":"https:\/\/skaitytaknyga.lt\/#organization","name":"skaitytaknyga.lt","url":"https:\/\/skaitytaknyga.lt\/","logo":{"@type":"ImageObject","inLanguage":"en-GB","@id":"https:\/\/skaitytaknyga.lt\/#\/schema\/logo\/image\/","url":"https:\/\/skaitytaknyga.lt\/wp-content\/uploads\/2024\/05\/cropped-cropped-cropped-02_00843_jt3bggkj1j3HLc7SyY6rEUpg.jpeg","contentUrl":"https:\/\/skaitytaknyga.lt\/wp-content\/uploads\/2024\/05\/cropped-cropped-cropped-02_00843_jt3bggkj1j3HLc7SyY6rEUpg.jpeg","width":1600,"height":1600,"caption":"skaitytaknyga.lt"},"image":{"@id":"https:\/\/skaitytaknyga.lt\/#\/schema\/logo\/image\/"},"sameAs":["https:\/\/www.facebook.com\/skaitytaknyga\/"]}]}},"_links":{"self":[{"href":"https:\/\/skaitytaknyga.lt\/en\/wp-json\/wp\/v2\/product\/14850","targetHints":{"allow":["GET"]}}],"collection":[{"href":"https:\/\/skaitytaknyga.lt\/en\/wp-json\/wp\/v2\/product"}],"about":[{"href":"https:\/\/skaitytaknyga.lt\/en\/wp-json\/wp\/v2\/types\/product"}],"replies":[{"embeddable":true,"href":"https:\/\/skaitytaknyga.lt\/en\/wp-json\/wp\/v2\/comments?post=14850"}],"wp:featuredmedia":[{"embeddable":true,"href":"https:\/\/skaitytaknyga.lt\/en\/wp-json\/wp\/v2\/media\/14903"}],"wp:attachment":[{"href":"https:\/\/skaitytaknyga.lt\/en\/wp-json\/wp\/v2\/media?parent=14850"}],"wp:term":[{"taxonomy":"product_brand","embeddable":true,"href":"https:\/\/skaitytaknyga.lt\/en\/wp-json\/wp\/v2\/product_brand?post=14850"},{"taxonomy":"product_cat","embeddable":true,"href":"https:\/\/skaitytaknyga.lt\/en\/wp-json\/wp\/v2\/product_cat?post=14850"},{"taxonomy":"product_tag","embeddable":true,"href":"https:\/\/skaitytaknyga.lt\/en\/wp-json\/wp\/v2\/product_tag?post=14850"}],"curies":[{"name":"wp","href":"https:\/\/api.w.org\/{rel}","templated":true}]}}