{"id":14849,"date":"2024-11-23T20:21:14","date_gmt":"2024-11-23T18:21:14","guid":{"rendered":"https:\/\/skaitytaknyga.lt\/?post_type=product&#038;p=14849"},"modified":"2025-01-09T08:09:01","modified_gmt":"2025-01-09T06:09:01","slug":"heidi-iliustruota-didzioji-klasika-turiny-yra-irasu","status":"publish","type":"product","link":"https:\/\/skaitytaknyga.lt\/en\/produktas\/heidi-iliustruota-didzioji-klasika-turiny-yra-irasu\/","title":{"rendered":"Heidi. Iliustruota did\u017eioji klasika (turiny yra \u012fra\u0161\u0173)"},"content":{"rendered":"<p>Diding\u0173 \u0160veicarijos Alpi\u0173 dukt\u0117 Heidi gamtoje atranda gro\u017e\u012f ir paprast\u0105 i\u0161mint\u012f. Gyvenant vienai su savo ekscentri\u0161ku seneliu, atskirtai beveik nuo viso pasaulio, Heidi gimsta ypatingi jausmai augalams ir gyv\u016bnams, kuriuos ji randa kalnuose ir sl\u0117niuose.<\/p>\n<p>Ta\u010diau Heidi gyvenimas staiga pasikei\u010dia jai atsid\u016brus mieste. Ten ji susidraugauja su ne\u012fgalia mergaite ir randa nauj\u0173 bi\u010diuli\u0173, bet Heidi netrukus pasiilgsta gyvenimo kalnuose. Jos nuotykiai gyvenant Alpi\u0173 namelyje, taip pat su draugais i\u0161 miesto v\u0117l privers jus nusi\u0161ypsoti, gal i\u0161spaus a\u0161ar\u0105, bet visuomet su\u0161ildys j\u016bs\u0173 \u0161irdis.<\/p>\n<ul class=\"about-product d-none d-xl-block mt-4\">\n<li><strong>Autorius:<\/strong>\u00a0Joana Spyri<\/li>\n<li><strong>Leid\u0117jas:<\/strong>\u00a0Alka<\/li>\n<li><strong>Metai:<\/strong>\u00a02000<\/li>\n<li><strong>Puslapiai:<\/strong>\u00a0235<\/li>\n<li class=\"toggleable type-new-formats \"><strong>ISBN:<\/strong>\u00a09789986459743<\/li>\n<li class=\"toggleable type-new-formats \"><strong>Formatas:<\/strong>\u00a014 x 20 cm, kieti vir\u0161eliai<\/li>\n<li><strong>Kalba:<\/strong>\u00a0Lietuvi\u0173<\/li>\n<li><strong>Vert\u0117jas:<\/strong>\u00a0Edmundas Ju\u0161kys<\/li>\n<\/ul>\n","protected":false},"excerpt":{"rendered":"<p>Diding\u0173 \u0160veicarijos Alpi\u0173 dukt\u0117 Heidi gamtoje atranda gro\u017e\u012f ir paprast\u0105 i\u0161mint\u012f. Gyvenant vienai su savo ekscentri\u0161ku seneliu, atskirtai beveik nuo viso pasaulio, Heidi gimsta ypatingi jausmai augalams ir gyv\u016bnams, kuriuos ji randa kalnuose ir sl\u0117niuose. Ta\u010diau Heidi gyvenimas staiga pasikei\u010dia jai atsid\u016brus mieste. Ten ji susidraugauja su ne\u012fgalia mergaite ir randa nauj\u0173 bi\u010diuli\u0173, bet Heidi netrukus pasiilgsta gyvenimo kalnuose. Jos nuotykiai gyvenant Alpi\u0173 namelyje, taip pat su draugais i\u0161 miesto v\u0117l privers jus nusi\u0161ypsoti, gal i\u0161spaus a\u0161ar\u0105, bet visuomet su\u0161ildys j\u016bs\u0173 \u0161irdis. Autorius:\u00a0Joana Spyri Leid\u0117jas:\u00a0Alka Metai:\u00a02000 Puslapiai:\u00a0235 ISBN:\u00a09789986459743 Formatas:\u00a014 x 20 cm, kieti vir\u0161eliai Kalba:\u00a0Lietuvi\u0173 Vert\u0117jas:\u00a0Edmundas Ju\u0161kys<\/p>\n","protected":false},"featured_media":14905,"comment_status":"open","ping_status":"closed","template":"","meta":{"_acf_changed":false,"site-sidebar-layout":"default","site-content-layout":"","ast-site-content-layout":"default","site-content-style":"default","site-sidebar-style":"default","ast-global-header-display":"","ast-banner-title-visibility":"","ast-main-header-display":"","ast-hfb-above-header-display":"","ast-hfb-below-header-display":"","ast-hfb-mobile-header-display":"","site-post-title":"","ast-breadcrumbs-content":"","ast-featured-img":"","footer-sml-layout":"","ast-disable-related-posts":"","theme-transparent-header-meta":"default","adv-header-id-meta":"","stick-header-meta":"","header-above-stick-meta":"","header-main-stick-meta":"","header-below-stick-meta":"","astra-migrate-meta-layouts":"set","ast-page-background-enabled":"default","ast-page-background-meta":{"desktop":{"background-color":"","background-image":"","background-repeat":"repeat","background-position":"center center","background-size":"auto","background-attachment":"scroll","background-type":"","background-media":"","overlay-type":"","overlay-color":"","overlay-opacity":"","overlay-gradient":""},"tablet":{"background-color":"","background-image":"","background-repeat":"repeat","background-position":"center center","background-size":"auto","background-attachment":"scroll","background-type":"","background-media":"","overlay-type":"","overlay-color":"","overlay-opacity":"","overlay-gradient":""},"mobile":{"background-color":"","background-image":"","background-repeat":"repeat","background-position":"center center","background-size":"auto","background-attachment":"scroll","background-type":"","background-media":"","overlay-type":"","overlay-color":"","overlay-opacity":"","overlay-gradient":""}},"ast-content-background-meta":{"desktop":{"background-color":"var(--ast-global-color-4)","background-image":"","background-repeat":"repeat","background-position":"center center","background-size":"auto","background-attachment":"scroll","background-type":"","background-media":"","overlay-type":"","overlay-color":"","overlay-opacity":"","overlay-gradient":""},"tablet":{"background-color":"var(--ast-global-color-4)","background-image":"","background-repeat":"repeat","background-position":"center center","background-size":"auto","background-attachment":"scroll","background-type":"","background-media":"","overlay-type":"","overlay-color":"","overlay-opacity":"","overlay-gradient":""},"mobile":{"background-color":"var(--ast-global-color-4)","background-image":"","background-repeat":"repeat","background-position":"center center","background-size":"auto","background-attachment":"scroll","background-type":"","background-media":"","overlay-type":"","overlay-color":"","overlay-opacity":"","overlay-gradient":""}}},"product_brand":[],"product_cat":[15,35],"product_tag":[],"class_list":{"0":"post-14849","1":"product","2":"type-product","3":"status-publish","4":"has-post-thumbnail","6":"product_cat-uncategorized","7":"product_cat-vaikams-ir-paaugliams","8":"desktop-align-left","9":"tablet-align-left","10":"mobile-align-left","12":"first","13":"instock","14":"shipping-taxable","15":"purchasable","16":"product-type-simple"},"acf":[],"yoast_head":"<!-- This site is optimized with the Yoast SEO plugin v27.0 - https:\/\/yoast.com\/product\/yoast-seo-wordpress\/ -->\n<title>Heidi. Iliustruota did\u017eioji klasika (turiny yra \u012fra\u0161\u0173)<\/title>\n<meta name=\"description\" content=\"Diding\u0173 \u0160veicarijos Alpi\u0173 dukt\u0117 Heidi gamtoje atranda gro\u017e\u012f ir paprast\u0105 i\u0161mint\u012f. Gyvenant vienai su savo ekscentri\u0161ku seneliu, atskirtai beveik nuo viso\" \/>\n<meta name=\"robots\" content=\"index, follow, max-snippet:-1, max-image-preview:large, max-video-preview:-1\" \/>\n<link rel=\"canonical\" href=\"https:\/\/skaitytaknyga.lt\/en\/produktas\/heidi-iliustruota-didzioji-klasika-turiny-yra-irasu\/\" \/>\n<meta property=\"og:locale\" content=\"en_GB\" \/>\n<meta property=\"og:locale:alternate\" content=\"lt_LT\" \/>\n<meta property=\"og:type\" content=\"article\" \/>\n<meta property=\"og:title\" content=\"Heidi. Iliustruota did\u017eioji klasika (turiny yra \u012fra\u0161\u0173)\" \/>\n<meta property=\"og:description\" content=\"Diding\u0173 \u0160veicarijos Alpi\u0173 dukt\u0117 Heidi gamtoje atranda gro\u017e\u012f ir paprast\u0105 i\u0161mint\u012f. Gyvenant vienai su savo ekscentri\u0161ku seneliu, atskirtai beveik nuo viso\" \/>\n<meta property=\"og:url\" content=\"https:\/\/skaitytaknyga.lt\/en\/produktas\/heidi-iliustruota-didzioji-klasika-turiny-yra-irasu\/\" \/>\n<meta property=\"og:site_name\" content=\"Skaitytaknyga\" \/>\n<meta property=\"article:publisher\" content=\"https:\/\/www.facebook.com\/skaitytaknyga\/\" \/>\n<meta property=\"article:modified_time\" content=\"2025-01-09T06:09:01+00:00\" \/>\n<meta property=\"og:image\" content=\"https:\/\/skaitytaknyga.lt\/wp-content\/uploads\/2024\/11\/Heidi.-Iliustruota-didzioji-klasika-turiny-yra-irasu.webp\" \/>\n\t<meta property=\"og:image:width\" content=\"551\" \/>\n\t<meta property=\"og:image:height\" content=\"800\" \/>\n\t<meta property=\"og:image:type\" content=\"image\/webp\" \/>\n<meta name=\"twitter:card\" content=\"summary_large_image\" \/>\n<meta name=\"twitter:label1\" content=\"Estimated reading time\" \/>\n\t<meta name=\"twitter:data1\" content=\"1 minute\" \/>\n<script type=\"application\/ld+json\" class=\"yoast-schema-graph\">{\"@context\":\"https:\/\/schema.org\",\"@graph\":[{\"@type\":\"WebPage\",\"@id\":\"https:\/\/skaitytaknyga.lt\/produktas\/heidi-iliustruota-didzioji-klasika-turiny-yra-irasu\/\",\"url\":\"https:\/\/skaitytaknyga.lt\/produktas\/heidi-iliustruota-didzioji-klasika-turiny-yra-irasu\/\",\"name\":\"Heidi. Iliustruota did\u017eioji klasika (turiny yra \u012fra\u0161\u0173)\",\"isPartOf\":{\"@id\":\"https:\/\/skaitytaknyga.lt\/#website\"},\"primaryImageOfPage\":{\"@id\":\"https:\/\/skaitytaknyga.lt\/produktas\/heidi-iliustruota-didzioji-klasika-turiny-yra-irasu\/#primaryimage\"},\"image\":{\"@id\":\"https:\/\/skaitytaknyga.lt\/produktas\/heidi-iliustruota-didzioji-klasika-turiny-yra-irasu\/#primaryimage\"},\"thumbnailUrl\":\"https:\/\/skaitytaknyga.lt\/wp-content\/uploads\/2024\/11\/Heidi.-Iliustruota-didzioji-klasika-turiny-yra-irasu.webp\",\"datePublished\":\"2024-11-23T18:21:14+00:00\",\"dateModified\":\"2025-01-09T06:09:01+00:00\",\"description\":\"Diding\u0173 \u0160veicarijos Alpi\u0173 dukt\u0117 Heidi gamtoje atranda gro\u017e\u012f ir paprast\u0105 i\u0161mint\u012f. Gyvenant vienai su savo ekscentri\u0161ku seneliu, atskirtai beveik nuo viso\",\"breadcrumb\":{\"@id\":\"https:\/\/skaitytaknyga.lt\/produktas\/heidi-iliustruota-didzioji-klasika-turiny-yra-irasu\/#breadcrumb\"},\"inLanguage\":\"en-GB\",\"potentialAction\":[{\"@type\":\"ReadAction\",\"target\":[\"https:\/\/skaitytaknyga.lt\/produktas\/heidi-iliustruota-didzioji-klasika-turiny-yra-irasu\/\"]}]},{\"@type\":\"ImageObject\",\"inLanguage\":\"en-GB\",\"@id\":\"https:\/\/skaitytaknyga.lt\/produktas\/heidi-iliustruota-didzioji-klasika-turiny-yra-irasu\/#primaryimage\",\"url\":\"https:\/\/skaitytaknyga.lt\/wp-content\/uploads\/2024\/11\/Heidi.-Iliustruota-didzioji-klasika-turiny-yra-irasu.webp\",\"contentUrl\":\"https:\/\/skaitytaknyga.lt\/wp-content\/uploads\/2024\/11\/Heidi.-Iliustruota-didzioji-klasika-turiny-yra-irasu.webp\",\"width\":551,\"height\":800,\"caption\":\"Heidi. Iliustruota did\u017eioji klasika (turiny yra \u012fra\u0161\u0173)\"},{\"@type\":\"BreadcrumbList\",\"@id\":\"https:\/\/skaitytaknyga.lt\/produktas\/heidi-iliustruota-didzioji-klasika-turiny-yra-irasu\/#breadcrumb\",\"itemListElement\":[{\"@type\":\"ListItem\",\"position\":1,\"name\":\"Home\",\"item\":\"https:\/\/skaitytaknyga.lt\/\"},{\"@type\":\"ListItem\",\"position\":2,\"name\":\"Parduotuv\u0117\",\"item\":\"https:\/\/skaitytaknyga.lt\/knygu-parduotuve\/\"},{\"@type\":\"ListItem\",\"position\":3,\"name\":\"Heidi. Iliustruota did\u017eioji klasika (turiny yra \u012fra\u0161\u0173)\"}]},{\"@type\":\"WebSite\",\"@id\":\"https:\/\/skaitytaknyga.lt\/#website\",\"url\":\"https:\/\/skaitytaknyga.lt\/\",\"name\":\"skaitytaknyga.lt\",\"description\":\"Skaitytaknyga.lt \u2013 tai ma\u017eas \u0161eimos verslas, kuris prasid\u0117jo nuo meil\u0117s knygoms ir siekio i\u0161gelb\u0117ti knygas nuo likimo prie konteinerio. Kas vienam nereikalingas daiktas \u2013 kitam lobis, o mes esame tarpininkai, kurie padeda abiems tapti laimingesniems ???? \u017dinome kaip nelengva i\u0161gyventi ma\u017eiems verslams, tad nuo \u0161iol, \u010dia rasite ir kit\u0173, ma\u017e\u0173 \u0161eim\u0173 versl\u0173, rank\u0173 darbo, dovan\u0173 sau ir artimiesiems.\",\"publisher\":{\"@id\":\"https:\/\/skaitytaknyga.lt\/#organization\"},\"potentialAction\":[{\"@type\":\"SearchAction\",\"target\":{\"@type\":\"EntryPoint\",\"urlTemplate\":\"https:\/\/skaitytaknyga.lt\/?s={search_term_string}\"},\"query-input\":{\"@type\":\"PropertyValueSpecification\",\"valueRequired\":true,\"valueName\":\"search_term_string\"}}],\"inLanguage\":\"en-GB\"},{\"@type\":\"Organization\",\"@id\":\"https:\/\/skaitytaknyga.lt\/#organization\",\"name\":\"skaitytaknyga.lt\",\"url\":\"https:\/\/skaitytaknyga.lt\/\",\"logo\":{\"@type\":\"ImageObject\",\"inLanguage\":\"en-GB\",\"@id\":\"https:\/\/skaitytaknyga.lt\/#\/schema\/logo\/image\/\",\"url\":\"https:\/\/skaitytaknyga.lt\/wp-content\/uploads\/2024\/05\/cropped-cropped-cropped-02_00843_jt3bggkj1j3HLc7SyY6rEUpg.jpeg\",\"contentUrl\":\"https:\/\/skaitytaknyga.lt\/wp-content\/uploads\/2024\/05\/cropped-cropped-cropped-02_00843_jt3bggkj1j3HLc7SyY6rEUpg.jpeg\",\"width\":1600,\"height\":1600,\"caption\":\"skaitytaknyga.lt\"},\"image\":{\"@id\":\"https:\/\/skaitytaknyga.lt\/#\/schema\/logo\/image\/\"},\"sameAs\":[\"https:\/\/www.facebook.com\/skaitytaknyga\/\"]}]}<\/script>\n<!-- \/ Yoast SEO plugin. -->","yoast_head_json":{"title":"Heidi. Iliustruota did\u017eioji klasika (turiny yra \u012fra\u0161\u0173)","description":"Diding\u0173 \u0160veicarijos Alpi\u0173 dukt\u0117 Heidi gamtoje atranda gro\u017e\u012f ir paprast\u0105 i\u0161mint\u012f. Gyvenant vienai su savo ekscentri\u0161ku seneliu, atskirtai beveik nuo viso","robots":{"index":"index","follow":"follow","max-snippet":"max-snippet:-1","max-image-preview":"max-image-preview:large","max-video-preview":"max-video-preview:-1"},"canonical":"https:\/\/skaitytaknyga.lt\/en\/produktas\/heidi-iliustruota-didzioji-klasika-turiny-yra-irasu\/","og_locale":"en_GB","og_type":"article","og_title":"[:lt]Heidi. Iliustruota did\u017eioji klasika (turiny yra \u012fra\u0161\u0173)[:] - Skaitytaknyga","og_description":"Diding\u0173 \u0160veicarijos Alpi\u0173 dukt\u0117 Heidi gamtoje atranda gro\u017e\u012f ir paprast\u0105 i\u0161mint\u012f. Gyvenant vienai su savo ekscentri\u0161ku seneliu, atskirtai beveik nuo viso","og_url":"https:\/\/skaitytaknyga.lt\/en\/produktas\/heidi-iliustruota-didzioji-klasika-turiny-yra-irasu\/","og_site_name":"Skaitytaknyga","article_publisher":"https:\/\/www.facebook.com\/skaitytaknyga\/","article_modified_time":"2025-01-09T06:09:01+00:00","og_image":[{"width":551,"height":800,"url":"https:\/\/skaitytaknyga.lt\/wp-content\/uploads\/2024\/11\/Heidi.-Iliustruota-didzioji-klasika-turiny-yra-irasu.webp","type":"image\/webp"}],"twitter_card":"summary_large_image","twitter_misc":{"Estimated reading time":"1 minute"},"schema":{"@context":"https:\/\/schema.org","@graph":[{"@type":"WebPage","@id":"https:\/\/skaitytaknyga.lt\/produktas\/heidi-iliustruota-didzioji-klasika-turiny-yra-irasu\/","url":"https:\/\/skaitytaknyga.lt\/produktas\/heidi-iliustruota-didzioji-klasika-turiny-yra-irasu\/","name":"Heidi. Iliustruota did\u017eioji klasika (turiny yra \u012fra\u0161\u0173)","isPartOf":{"@id":"https:\/\/skaitytaknyga.lt\/#website"},"primaryImageOfPage":{"@id":"https:\/\/skaitytaknyga.lt\/produktas\/heidi-iliustruota-didzioji-klasika-turiny-yra-irasu\/#primaryimage"},"image":{"@id":"https:\/\/skaitytaknyga.lt\/produktas\/heidi-iliustruota-didzioji-klasika-turiny-yra-irasu\/#primaryimage"},"thumbnailUrl":"https:\/\/skaitytaknyga.lt\/wp-content\/uploads\/2024\/11\/Heidi.-Iliustruota-didzioji-klasika-turiny-yra-irasu.webp","datePublished":"2024-11-23T18:21:14+00:00","dateModified":"2025-01-09T06:09:01+00:00","description":"Diding\u0173 \u0160veicarijos Alpi\u0173 dukt\u0117 Heidi gamtoje atranda gro\u017e\u012f ir paprast\u0105 i\u0161mint\u012f. Gyvenant vienai su savo ekscentri\u0161ku seneliu, atskirtai beveik nuo viso","breadcrumb":{"@id":"https:\/\/skaitytaknyga.lt\/produktas\/heidi-iliustruota-didzioji-klasika-turiny-yra-irasu\/#breadcrumb"},"inLanguage":"en-GB","potentialAction":[{"@type":"ReadAction","target":["https:\/\/skaitytaknyga.lt\/produktas\/heidi-iliustruota-didzioji-klasika-turiny-yra-irasu\/"]}]},{"@type":"ImageObject","inLanguage":"en-GB","@id":"https:\/\/skaitytaknyga.lt\/produktas\/heidi-iliustruota-didzioji-klasika-turiny-yra-irasu\/#primaryimage","url":"https:\/\/skaitytaknyga.lt\/wp-content\/uploads\/2024\/11\/Heidi.-Iliustruota-didzioji-klasika-turiny-yra-irasu.webp","contentUrl":"https:\/\/skaitytaknyga.lt\/wp-content\/uploads\/2024\/11\/Heidi.-Iliustruota-didzioji-klasika-turiny-yra-irasu.webp","width":551,"height":800,"caption":"Heidi. Iliustruota did\u017eioji klasika (turiny yra \u012fra\u0161\u0173)"},{"@type":"BreadcrumbList","@id":"https:\/\/skaitytaknyga.lt\/produktas\/heidi-iliustruota-didzioji-klasika-turiny-yra-irasu\/#breadcrumb","itemListElement":[{"@type":"ListItem","position":1,"name":"Home","item":"https:\/\/skaitytaknyga.lt\/"},{"@type":"ListItem","position":2,"name":"Parduotuv\u0117","item":"https:\/\/skaitytaknyga.lt\/knygu-parduotuve\/"},{"@type":"ListItem","position":3,"name":"Heidi. Iliustruota did\u017eioji klasika (turiny yra \u012fra\u0161\u0173)"}]},{"@type":"WebSite","@id":"https:\/\/skaitytaknyga.lt\/#website","url":"https:\/\/skaitytaknyga.lt\/","name":"skaitytaknyga.lt","description":"Skaitytaknyga.lt \u2013 tai ma\u017eas \u0161eimos verslas, kuris prasid\u0117jo nuo meil\u0117s knygoms ir siekio i\u0161gelb\u0117ti knygas nuo likimo prie konteinerio. Kas vienam nereikalingas daiktas \u2013 kitam lobis, o mes esame tarpininkai, kurie padeda abiems tapti laimingesniems ???? \u017dinome kaip nelengva i\u0161gyventi ma\u017eiems verslams, tad nuo \u0161iol, \u010dia rasite ir kit\u0173, ma\u017e\u0173 \u0161eim\u0173 versl\u0173, rank\u0173 darbo, dovan\u0173 sau ir artimiesiems.","publisher":{"@id":"https:\/\/skaitytaknyga.lt\/#organization"},"potentialAction":[{"@type":"SearchAction","target":{"@type":"EntryPoint","urlTemplate":"https:\/\/skaitytaknyga.lt\/?s={search_term_string}"},"query-input":{"@type":"PropertyValueSpecification","valueRequired":true,"valueName":"search_term_string"}}],"inLanguage":"en-GB"},{"@type":"Organization","@id":"https:\/\/skaitytaknyga.lt\/#organization","name":"skaitytaknyga.lt","url":"https:\/\/skaitytaknyga.lt\/","logo":{"@type":"ImageObject","inLanguage":"en-GB","@id":"https:\/\/skaitytaknyga.lt\/#\/schema\/logo\/image\/","url":"https:\/\/skaitytaknyga.lt\/wp-content\/uploads\/2024\/05\/cropped-cropped-cropped-02_00843_jt3bggkj1j3HLc7SyY6rEUpg.jpeg","contentUrl":"https:\/\/skaitytaknyga.lt\/wp-content\/uploads\/2024\/05\/cropped-cropped-cropped-02_00843_jt3bggkj1j3HLc7SyY6rEUpg.jpeg","width":1600,"height":1600,"caption":"skaitytaknyga.lt"},"image":{"@id":"https:\/\/skaitytaknyga.lt\/#\/schema\/logo\/image\/"},"sameAs":["https:\/\/www.facebook.com\/skaitytaknyga\/"]}]}},"_links":{"self":[{"href":"https:\/\/skaitytaknyga.lt\/en\/wp-json\/wp\/v2\/product\/14849","targetHints":{"allow":["GET"]}}],"collection":[{"href":"https:\/\/skaitytaknyga.lt\/en\/wp-json\/wp\/v2\/product"}],"about":[{"href":"https:\/\/skaitytaknyga.lt\/en\/wp-json\/wp\/v2\/types\/product"}],"replies":[{"embeddable":true,"href":"https:\/\/skaitytaknyga.lt\/en\/wp-json\/wp\/v2\/comments?post=14849"}],"wp:featuredmedia":[{"embeddable":true,"href":"https:\/\/skaitytaknyga.lt\/en\/wp-json\/wp\/v2\/media\/14905"}],"wp:attachment":[{"href":"https:\/\/skaitytaknyga.lt\/en\/wp-json\/wp\/v2\/media?parent=14849"}],"wp:term":[{"taxonomy":"product_brand","embeddable":true,"href":"https:\/\/skaitytaknyga.lt\/en\/wp-json\/wp\/v2\/product_brand?post=14849"},{"taxonomy":"product_cat","embeddable":true,"href":"https:\/\/skaitytaknyga.lt\/en\/wp-json\/wp\/v2\/product_cat?post=14849"},{"taxonomy":"product_tag","embeddable":true,"href":"https:\/\/skaitytaknyga.lt\/en\/wp-json\/wp\/v2\/product_tag?post=14849"}],"curies":[{"name":"wp","href":"https:\/\/api.w.org\/{rel}","templated":true}]}}