{"id":14820,"date":"2024-11-23T19:42:12","date_gmt":"2024-11-23T17:42:12","guid":{"rendered":"https:\/\/skaitytaknyga.lt\/?post_type=product&#038;p=14820"},"modified":"2026-03-05T13:47:10","modified_gmt":"2026-03-05T11:47:10","slug":"saves-atradimas","status":"publish","type":"product","link":"https:\/\/skaitytaknyga.lt\/en\/produktas\/saves-atradimas\/","title":{"rendered":"Sav\u0119s atradimas (patrinti kra\u0161tai)"},"content":{"rendered":"<p>V. Sav\u010denka gim\u0117 1933 metais Poltavoje. B\u016bdamas studentu, prad\u0117jo ra\u0161yti fantastinius apsakymus. Pirmoji mokslin\u0117 fantastin\u0117 apysaka &#8220;Juodosios \u017evaig\u017ed\u0117s&#8221; i\u0161\u0117jo 1960 metais. Fantastikos rinkiniuose buvo i\u0161spausdinti jo apsakymai &#8220;Profesoriaus Berno pabudimas&#8221;, &#8220;Antroji ekspedicija \u012f Keist\u0105j\u0105 planet\u0105&#8221;, nedidel\u0117 apysaka &#8220;S\u0117km\u0117s algoritmas&#8221; ir pjes\u0117 &#8220;Naujasis ginklas&#8221;.<\/p>\n<p>Ukrainie\u010di\u0173 kalba i\u0161leistos jo apysakos &#8220;Laiko \u0161m\u0117kla&#8221; ir &#8220;Talento valanda&#8221;.<\/p>\n<ul class=\"about-product d-none d-xl-block mt-4\">\n<li><strong>Autorius:<\/strong>\u00a0Vladimiras Sav\u010denka<\/li>\n<li><strong>Leid\u0117jas:<\/strong>\u00a0Vaga<\/li>\n<li><strong>Metai:<\/strong>\u00a01974<\/li>\n<li><strong>Puslapiai:<\/strong>\u00a0283<\/li>\n<li class=\"toggleable type-new-formats \"><strong>Formatas:<\/strong>\u00a013,5 x 20,5 x 1,8 cm, kieti vir\u0161eliai<\/li>\n<li><strong>Vert\u0117jas:<\/strong>\u00a0Vytautas Norbutas<\/li>\n<\/ul>\n","protected":false},"excerpt":{"rendered":"<p>V. Sav\u010denka gim\u0117 1933 metais Poltavoje. B\u016bdamas studentu, prad\u0117jo ra\u0161yti fantastinius apsakymus. Pirmoji mokslin\u0117 fantastin\u0117 apysaka &#8220;Juodosios \u017evaig\u017ed\u0117s&#8221; i\u0161\u0117jo 1960 metais. Fantastikos rinkiniuose buvo i\u0161spausdinti jo apsakymai &#8220;Profesoriaus Berno pabudimas&#8221;, &#8220;Antroji ekspedicija \u012f Keist\u0105j\u0105 planet\u0105&#8221;, nedidel\u0117 apysaka &#8220;S\u0117km\u0117s algoritmas&#8221; ir pjes\u0117 &#8220;Naujasis ginklas&#8221;. Ukrainie\u010di\u0173 kalba i\u0161leistos jo apysakos &#8220;Laiko \u0161m\u0117kla&#8221; ir &#8220;Talento valanda&#8221;. Autorius:\u00a0Vladimiras Sav\u010denka Leid\u0117jas:\u00a0Vaga Metai:\u00a01974 Puslapiai:\u00a0283 Formatas:\u00a013,5 x 20,5 x 1,8 cm, kieti vir\u0161eliai Vert\u0117jas:\u00a0Vytautas Norbutas<\/p>\n","protected":false},"featured_media":14822,"comment_status":"closed","ping_status":"closed","template":"","meta":{"_acf_changed":false,"site-sidebar-layout":"default","site-content-layout":"","ast-site-content-layout":"default","site-content-style":"default","site-sidebar-style":"default","ast-global-header-display":"","ast-banner-title-visibility":"","ast-main-header-display":"","ast-hfb-above-header-display":"","ast-hfb-below-header-display":"","ast-hfb-mobile-header-display":"","site-post-title":"","ast-breadcrumbs-content":"","ast-featured-img":"","footer-sml-layout":"","ast-disable-related-posts":"","theme-transparent-header-meta":"default","adv-header-id-meta":"","stick-header-meta":"","header-above-stick-meta":"","header-main-stick-meta":"","header-below-stick-meta":"","astra-migrate-meta-layouts":"set","ast-page-background-enabled":"default","ast-page-background-meta":{"desktop":{"background-color":"","background-image":"","background-repeat":"repeat","background-position":"center center","background-size":"auto","background-attachment":"scroll","background-type":"","background-media":"","overlay-type":"","overlay-color":"","overlay-opacity":"","overlay-gradient":""},"tablet":{"background-color":"","background-image":"","background-repeat":"repeat","background-position":"center center","background-size":"auto","background-attachment":"scroll","background-type":"","background-media":"","overlay-type":"","overlay-color":"","overlay-opacity":"","overlay-gradient":""},"mobile":{"background-color":"","background-image":"","background-repeat":"repeat","background-position":"center center","background-size":"auto","background-attachment":"scroll","background-type":"","background-media":"","overlay-type":"","overlay-color":"","overlay-opacity":"","overlay-gradient":""}},"ast-content-background-meta":{"desktop":{"background-color":"var(--ast-global-color-4)","background-image":"","background-repeat":"repeat","background-position":"center center","background-size":"auto","background-attachment":"scroll","background-type":"","background-media":"","overlay-type":"","overlay-color":"","overlay-opacity":"","overlay-gradient":""},"tablet":{"background-color":"var(--ast-global-color-4)","background-image":"","background-repeat":"repeat","background-position":"center center","background-size":"auto","background-attachment":"scroll","background-type":"","background-media":"","overlay-type":"","overlay-color":"","overlay-opacity":"","overlay-gradient":""},"mobile":{"background-color":"var(--ast-global-color-4)","background-image":"","background-repeat":"repeat","background-position":"center center","background-size":"auto","background-attachment":"scroll","background-type":"","background-media":"","overlay-type":"","overlay-color":"","overlay-opacity":"","overlay-gradient":""}}},"product_brand":[],"product_cat":[9622],"product_tag":[716],"class_list":{"0":"post-14820","1":"product","2":"type-product","3":"status-publish","4":"has-post-thumbnail","6":"product_cat-zenitas","7":"product_tag-zenitas","8":"pa_leidimo-metai-672","9":"desktop-align-left","10":"tablet-align-left","11":"mobile-align-left","13":"first","14":"instock","15":"shipping-taxable","16":"purchasable","17":"product-type-simple"},"acf":[],"yoast_head":"<!-- This site is optimized with the Yoast SEO plugin v27.0 - https:\/\/yoast.com\/product\/yoast-seo-wordpress\/ -->\n<title>Sav\u0119s atradimas (patrinti kra\u0161tai)<\/title>\n<meta name=\"description\" content=\"V. Sav\u010denka gim\u0117 1933 metais Poltavoje. B\u016bdamas studentu, prad\u0117jo ra\u0161yti fantastinius apsakymus. Pirmoji mokslin\u0117 fantastin\u0117 apysaka &quot;Juodosios \u017evaig\u017ed\u0117s&quot;\" \/>\n<meta name=\"robots\" content=\"index, follow, max-snippet:-1, max-image-preview:large, max-video-preview:-1\" \/>\n<link rel=\"canonical\" href=\"https:\/\/skaitytaknyga.lt\/en\/produktas\/saves-atradimas\/\" \/>\n<meta property=\"og:locale\" content=\"en_GB\" \/>\n<meta property=\"og:locale:alternate\" content=\"lt_LT\" \/>\n<meta property=\"og:type\" content=\"article\" \/>\n<meta property=\"og:title\" content=\"Sav\u0119s atradimas (patrinti kra\u0161tai)\" \/>\n<meta property=\"og:description\" content=\"V. Sav\u010denka gim\u0117 1933 metais Poltavoje. B\u016bdamas studentu, prad\u0117jo ra\u0161yti fantastinius apsakymus. Pirmoji mokslin\u0117 fantastin\u0117 apysaka &quot;Juodosios \u017evaig\u017ed\u0117s&quot;\" \/>\n<meta property=\"og:url\" content=\"https:\/\/skaitytaknyga.lt\/en\/produktas\/saves-atradimas\/\" \/>\n<meta property=\"og:site_name\" content=\"Skaitytaknyga\" \/>\n<meta property=\"article:publisher\" content=\"https:\/\/www.facebook.com\/skaitytaknyga\/\" \/>\n<meta property=\"article:modified_time\" content=\"2026-03-05T11:47:10+00:00\" \/>\n<meta property=\"og:image\" content=\"https:\/\/skaitytaknyga.lt\/wp-content\/uploads\/2024\/11\/Saves-atradimas.webp\" \/>\n\t<meta property=\"og:image:width\" content=\"508\" \/>\n\t<meta property=\"og:image:height\" content=\"800\" \/>\n\t<meta property=\"og:image:type\" content=\"image\/webp\" \/>\n<meta name=\"twitter:card\" content=\"summary_large_image\" \/>\n<meta name=\"twitter:label1\" content=\"Estimated reading time\" \/>\n\t<meta name=\"twitter:data1\" content=\"1 minute\" \/>\n<script type=\"application\/ld+json\" class=\"yoast-schema-graph\">{\"@context\":\"https:\/\/schema.org\",\"@graph\":[{\"@type\":\"WebPage\",\"@id\":\"https:\/\/skaitytaknyga.lt\/produktas\/saves-atradimas\/\",\"url\":\"https:\/\/skaitytaknyga.lt\/produktas\/saves-atradimas\/\",\"name\":\"Sav\u0119s atradimas (patrinti kra\u0161tai)\",\"isPartOf\":{\"@id\":\"https:\/\/skaitytaknyga.lt\/#website\"},\"primaryImageOfPage\":{\"@id\":\"https:\/\/skaitytaknyga.lt\/produktas\/saves-atradimas\/#primaryimage\"},\"image\":{\"@id\":\"https:\/\/skaitytaknyga.lt\/produktas\/saves-atradimas\/#primaryimage\"},\"thumbnailUrl\":\"https:\/\/skaitytaknyga.lt\/wp-content\/uploads\/2024\/11\/Saves-atradimas.webp\",\"datePublished\":\"2024-11-23T17:42:12+00:00\",\"dateModified\":\"2026-03-05T11:47:10+00:00\",\"description\":\"V. Sav\u010denka gim\u0117 1933 metais Poltavoje. B\u016bdamas studentu, prad\u0117jo ra\u0161yti fantastinius apsakymus. Pirmoji mokslin\u0117 fantastin\u0117 apysaka \\\"Juodosios \u017evaig\u017ed\u0117s\\\"\",\"breadcrumb\":{\"@id\":\"https:\/\/skaitytaknyga.lt\/produktas\/saves-atradimas\/#breadcrumb\"},\"inLanguage\":\"en-GB\",\"potentialAction\":[{\"@type\":\"ReadAction\",\"target\":[\"https:\/\/skaitytaknyga.lt\/produktas\/saves-atradimas\/\"]}]},{\"@type\":\"ImageObject\",\"inLanguage\":\"en-GB\",\"@id\":\"https:\/\/skaitytaknyga.lt\/produktas\/saves-atradimas\/#primaryimage\",\"url\":\"https:\/\/skaitytaknyga.lt\/wp-content\/uploads\/2024\/11\/Saves-atradimas.webp\",\"contentUrl\":\"https:\/\/skaitytaknyga.lt\/wp-content\/uploads\/2024\/11\/Saves-atradimas.webp\",\"width\":508,\"height\":800,\"caption\":\"Sav\u0119s atradimas\"},{\"@type\":\"BreadcrumbList\",\"@id\":\"https:\/\/skaitytaknyga.lt\/produktas\/saves-atradimas\/#breadcrumb\",\"itemListElement\":[{\"@type\":\"ListItem\",\"position\":1,\"name\":\"Home\",\"item\":\"https:\/\/skaitytaknyga.lt\/\"},{\"@type\":\"ListItem\",\"position\":2,\"name\":\"Parduotuv\u0117\",\"item\":\"https:\/\/skaitytaknyga.lt\/knygu-parduotuve\/\"},{\"@type\":\"ListItem\",\"position\":3,\"name\":\"Sav\u0119s atradimas (patrinti kra\u0161tai)\"}]},{\"@type\":\"WebSite\",\"@id\":\"https:\/\/skaitytaknyga.lt\/#website\",\"url\":\"https:\/\/skaitytaknyga.lt\/\",\"name\":\"skaitytaknyga.lt\",\"description\":\"Skaitytaknyga.lt \u2013 tai ma\u017eas \u0161eimos verslas, kuris prasid\u0117jo nuo meil\u0117s knygoms ir siekio i\u0161gelb\u0117ti knygas nuo likimo prie konteinerio. Kas vienam nereikalingas daiktas \u2013 kitam lobis, o mes esame tarpininkai, kurie padeda abiems tapti laimingesniems ???? \u017dinome kaip nelengva i\u0161gyventi ma\u017eiems verslams, tad nuo \u0161iol, \u010dia rasite ir kit\u0173, ma\u017e\u0173 \u0161eim\u0173 versl\u0173, rank\u0173 darbo, dovan\u0173 sau ir artimiesiems.\",\"publisher\":{\"@id\":\"https:\/\/skaitytaknyga.lt\/#organization\"},\"potentialAction\":[{\"@type\":\"SearchAction\",\"target\":{\"@type\":\"EntryPoint\",\"urlTemplate\":\"https:\/\/skaitytaknyga.lt\/?s={search_term_string}\"},\"query-input\":{\"@type\":\"PropertyValueSpecification\",\"valueRequired\":true,\"valueName\":\"search_term_string\"}}],\"inLanguage\":\"en-GB\"},{\"@type\":\"Organization\",\"@id\":\"https:\/\/skaitytaknyga.lt\/#organization\",\"name\":\"skaitytaknyga.lt\",\"url\":\"https:\/\/skaitytaknyga.lt\/\",\"logo\":{\"@type\":\"ImageObject\",\"inLanguage\":\"en-GB\",\"@id\":\"https:\/\/skaitytaknyga.lt\/#\/schema\/logo\/image\/\",\"url\":\"https:\/\/skaitytaknyga.lt\/wp-content\/uploads\/2024\/05\/cropped-cropped-cropped-02_00843_jt3bggkj1j3HLc7SyY6rEUpg.jpeg\",\"contentUrl\":\"https:\/\/skaitytaknyga.lt\/wp-content\/uploads\/2024\/05\/cropped-cropped-cropped-02_00843_jt3bggkj1j3HLc7SyY6rEUpg.jpeg\",\"width\":1600,\"height\":1600,\"caption\":\"skaitytaknyga.lt\"},\"image\":{\"@id\":\"https:\/\/skaitytaknyga.lt\/#\/schema\/logo\/image\/\"},\"sameAs\":[\"https:\/\/www.facebook.com\/skaitytaknyga\/\"]}]}<\/script>\n<!-- \/ Yoast SEO plugin. -->","yoast_head_json":{"title":"Sav\u0119s atradimas (patrinti kra\u0161tai)","description":"V. Sav\u010denka gim\u0117 1933 metais Poltavoje. B\u016bdamas studentu, prad\u0117jo ra\u0161yti fantastinius apsakymus. Pirmoji mokslin\u0117 fantastin\u0117 apysaka \"Juodosios \u017evaig\u017ed\u0117s\"","robots":{"index":"index","follow":"follow","max-snippet":"max-snippet:-1","max-image-preview":"max-image-preview:large","max-video-preview":"max-video-preview:-1"},"canonical":"https:\/\/skaitytaknyga.lt\/en\/produktas\/saves-atradimas\/","og_locale":"en_GB","og_type":"article","og_title":"[:lt]Sav\u0119s atradimas (patrinti kra\u0161tai)[:] - Skaitytaknyga","og_description":"V. Sav\u010denka gim\u0117 1933 metais Poltavoje. B\u016bdamas studentu, prad\u0117jo ra\u0161yti fantastinius apsakymus. Pirmoji mokslin\u0117 fantastin\u0117 apysaka \"Juodosios \u017evaig\u017ed\u0117s\"","og_url":"https:\/\/skaitytaknyga.lt\/en\/produktas\/saves-atradimas\/","og_site_name":"Skaitytaknyga","article_publisher":"https:\/\/www.facebook.com\/skaitytaknyga\/","article_modified_time":"2026-03-05T11:47:10+00:00","og_image":[{"width":508,"height":800,"url":"https:\/\/skaitytaknyga.lt\/wp-content\/uploads\/2024\/11\/Saves-atradimas.webp","type":"image\/webp"}],"twitter_card":"summary_large_image","twitter_misc":{"Estimated reading time":"1 minute"},"schema":{"@context":"https:\/\/schema.org","@graph":[{"@type":"WebPage","@id":"https:\/\/skaitytaknyga.lt\/produktas\/saves-atradimas\/","url":"https:\/\/skaitytaknyga.lt\/produktas\/saves-atradimas\/","name":"Sav\u0119s atradimas (patrinti kra\u0161tai)","isPartOf":{"@id":"https:\/\/skaitytaknyga.lt\/#website"},"primaryImageOfPage":{"@id":"https:\/\/skaitytaknyga.lt\/produktas\/saves-atradimas\/#primaryimage"},"image":{"@id":"https:\/\/skaitytaknyga.lt\/produktas\/saves-atradimas\/#primaryimage"},"thumbnailUrl":"https:\/\/skaitytaknyga.lt\/wp-content\/uploads\/2024\/11\/Saves-atradimas.webp","datePublished":"2024-11-23T17:42:12+00:00","dateModified":"2026-03-05T11:47:10+00:00","description":"V. Sav\u010denka gim\u0117 1933 metais Poltavoje. B\u016bdamas studentu, prad\u0117jo ra\u0161yti fantastinius apsakymus. Pirmoji mokslin\u0117 fantastin\u0117 apysaka \"Juodosios \u017evaig\u017ed\u0117s\"","breadcrumb":{"@id":"https:\/\/skaitytaknyga.lt\/produktas\/saves-atradimas\/#breadcrumb"},"inLanguage":"en-GB","potentialAction":[{"@type":"ReadAction","target":["https:\/\/skaitytaknyga.lt\/produktas\/saves-atradimas\/"]}]},{"@type":"ImageObject","inLanguage":"en-GB","@id":"https:\/\/skaitytaknyga.lt\/produktas\/saves-atradimas\/#primaryimage","url":"https:\/\/skaitytaknyga.lt\/wp-content\/uploads\/2024\/11\/Saves-atradimas.webp","contentUrl":"https:\/\/skaitytaknyga.lt\/wp-content\/uploads\/2024\/11\/Saves-atradimas.webp","width":508,"height":800,"caption":"Sav\u0119s atradimas"},{"@type":"BreadcrumbList","@id":"https:\/\/skaitytaknyga.lt\/produktas\/saves-atradimas\/#breadcrumb","itemListElement":[{"@type":"ListItem","position":1,"name":"Home","item":"https:\/\/skaitytaknyga.lt\/"},{"@type":"ListItem","position":2,"name":"Parduotuv\u0117","item":"https:\/\/skaitytaknyga.lt\/knygu-parduotuve\/"},{"@type":"ListItem","position":3,"name":"Sav\u0119s atradimas (patrinti kra\u0161tai)"}]},{"@type":"WebSite","@id":"https:\/\/skaitytaknyga.lt\/#website","url":"https:\/\/skaitytaknyga.lt\/","name":"skaitytaknyga.lt","description":"Skaitytaknyga.lt \u2013 tai ma\u017eas \u0161eimos verslas, kuris prasid\u0117jo nuo meil\u0117s knygoms ir siekio i\u0161gelb\u0117ti knygas nuo likimo prie konteinerio. Kas vienam nereikalingas daiktas \u2013 kitam lobis, o mes esame tarpininkai, kurie padeda abiems tapti laimingesniems ???? \u017dinome kaip nelengva i\u0161gyventi ma\u017eiems verslams, tad nuo \u0161iol, \u010dia rasite ir kit\u0173, ma\u017e\u0173 \u0161eim\u0173 versl\u0173, rank\u0173 darbo, dovan\u0173 sau ir artimiesiems.","publisher":{"@id":"https:\/\/skaitytaknyga.lt\/#organization"},"potentialAction":[{"@type":"SearchAction","target":{"@type":"EntryPoint","urlTemplate":"https:\/\/skaitytaknyga.lt\/?s={search_term_string}"},"query-input":{"@type":"PropertyValueSpecification","valueRequired":true,"valueName":"search_term_string"}}],"inLanguage":"en-GB"},{"@type":"Organization","@id":"https:\/\/skaitytaknyga.lt\/#organization","name":"skaitytaknyga.lt","url":"https:\/\/skaitytaknyga.lt\/","logo":{"@type":"ImageObject","inLanguage":"en-GB","@id":"https:\/\/skaitytaknyga.lt\/#\/schema\/logo\/image\/","url":"https:\/\/skaitytaknyga.lt\/wp-content\/uploads\/2024\/05\/cropped-cropped-cropped-02_00843_jt3bggkj1j3HLc7SyY6rEUpg.jpeg","contentUrl":"https:\/\/skaitytaknyga.lt\/wp-content\/uploads\/2024\/05\/cropped-cropped-cropped-02_00843_jt3bggkj1j3HLc7SyY6rEUpg.jpeg","width":1600,"height":1600,"caption":"skaitytaknyga.lt"},"image":{"@id":"https:\/\/skaitytaknyga.lt\/#\/schema\/logo\/image\/"},"sameAs":["https:\/\/www.facebook.com\/skaitytaknyga\/"]}]}},"_links":{"self":[{"href":"https:\/\/skaitytaknyga.lt\/en\/wp-json\/wp\/v2\/product\/14820","targetHints":{"allow":["GET"]}}],"collection":[{"href":"https:\/\/skaitytaknyga.lt\/en\/wp-json\/wp\/v2\/product"}],"about":[{"href":"https:\/\/skaitytaknyga.lt\/en\/wp-json\/wp\/v2\/types\/product"}],"replies":[{"embeddable":true,"href":"https:\/\/skaitytaknyga.lt\/en\/wp-json\/wp\/v2\/comments?post=14820"}],"wp:featuredmedia":[{"embeddable":true,"href":"https:\/\/skaitytaknyga.lt\/en\/wp-json\/wp\/v2\/media\/14822"}],"wp:attachment":[{"href":"https:\/\/skaitytaknyga.lt\/en\/wp-json\/wp\/v2\/media?parent=14820"}],"wp:term":[{"taxonomy":"product_brand","embeddable":true,"href":"https:\/\/skaitytaknyga.lt\/en\/wp-json\/wp\/v2\/product_brand?post=14820"},{"taxonomy":"product_cat","embeddable":true,"href":"https:\/\/skaitytaknyga.lt\/en\/wp-json\/wp\/v2\/product_cat?post=14820"},{"taxonomy":"product_tag","embeddable":true,"href":"https:\/\/skaitytaknyga.lt\/en\/wp-json\/wp\/v2\/product_tag?post=14820"}],"curies":[{"name":"wp","href":"https:\/\/api.w.org\/{rel}","templated":true}]}}