{"id":14818,"date":"2024-11-23T19:40:54","date_gmt":"2024-11-23T17:40:54","guid":{"rendered":"https:\/\/skaitytaknyga.lt\/?post_type=product&#038;p=14818"},"modified":"2026-03-05T13:46:50","modified_gmt":"2026-03-05T11:46:50","slug":"laivas-virs-atlantidos","status":"publish","type":"product","link":"https:\/\/skaitytaknyga.lt\/en\/produktas\/laivas-virs-atlantidos\/","title":{"rendered":"Laivas vir\u0161 Atlantidos"},"content":{"rendered":"<p>Viktoras Kernbachas \u2013 \u017einomas rumun\u0173 ra\u0161ytojas ir vert\u0117jas. Autoriaus k\u016briniai yra i\u0161versti \u012f daugel\u012f Europos kalb\u0173. Did\u017eiausio populiarumo susilauk\u0117 jo knyga &#8220;Laivas vir\u0161 Atlantidos&#8221;. Meni\u0161kai interpretuodamas mokslo duomenis bei senovinius manuskriptus, \u012fvairi\u0173 taut\u0173 padavimus ir legendas apie m\u012fslingas ir dingusias \u017eemes, remdamasis n\u016bdienos hipotez\u0117mis ir kar\u0161tomis mokslinink\u0173 diskusijomis, autorius suk\u016br\u0117 patraukli\u0105, romanti\u0161k\u0105 apysak\u0105 apie mil\u017eini\u0161k\u0105 Atlanto vandenyno sal\u0105 Atlantid\u0105, \u017euvusi\u0105 kartu su visais gyventojais d\u0117l did\u017eiul\u0117s geologin\u0117s katastrofos, kuri\u0105 suk\u0117l\u0117 ateiviai i\u0161 kosmoso.<\/p>\n<ul class=\"about-product d-none d-xl-block mt-4\">\n<li><strong>Autorius:<\/strong>\u00a0Viktoras Kernbachas<\/li>\n<li><strong>Leid\u0117jas:<\/strong>\u00a0Vaga<\/li>\n<li><strong>Metai:<\/strong>\u00a01974<\/li>\n<li><strong>Puslapiai:<\/strong>\u00a0286<\/li>\n<li class=\"toggleable type-new-formats \"><strong>Formatas:<\/strong>\u00a013,3 x 20,6 x 2,2 cm, kieti vir\u0161eliai<\/li>\n<\/ul>\n","protected":false},"excerpt":{"rendered":"<p>Viktoras Kernbachas \u2013 \u017einomas rumun\u0173 ra\u0161ytojas ir vert\u0117jas. Autoriaus k\u016briniai yra i\u0161versti \u012f daugel\u012f Europos kalb\u0173. Did\u017eiausio populiarumo susilauk\u0117 jo knyga &#8220;Laivas vir\u0161 Atlantidos&#8221;. Meni\u0161kai interpretuodamas mokslo duomenis bei senovinius manuskriptus, \u012fvairi\u0173 taut\u0173 padavimus ir legendas apie m\u012fslingas ir dingusias \u017eemes, remdamasis n\u016bdienos hipotez\u0117mis ir kar\u0161tomis mokslinink\u0173 diskusijomis, autorius suk\u016br\u0117 patraukli\u0105, romanti\u0161k\u0105 apysak\u0105 apie mil\u017eini\u0161k\u0105 Atlanto vandenyno sal\u0105 Atlantid\u0105, \u017euvusi\u0105 kartu su visais gyventojais d\u0117l did\u017eiul\u0117s geologin\u0117s katastrofos, kuri\u0105 suk\u0117l\u0117 ateiviai i\u0161 kosmoso. Autorius:\u00a0Viktoras Kernbachas Leid\u0117jas:\u00a0Vaga Metai:\u00a01974 Puslapiai:\u00a0286 Formatas:\u00a013,3 x 20,6 x 2,2 cm, kieti vir\u0161eliai<\/p>\n","protected":false},"featured_media":14819,"comment_status":"closed","ping_status":"closed","template":"","meta":{"_acf_changed":false,"site-sidebar-layout":"default","site-content-layout":"","ast-site-content-layout":"default","site-content-style":"default","site-sidebar-style":"default","ast-global-header-display":"","ast-banner-title-visibility":"","ast-main-header-display":"","ast-hfb-above-header-display":"","ast-hfb-below-header-display":"","ast-hfb-mobile-header-display":"","site-post-title":"","ast-breadcrumbs-content":"","ast-featured-img":"","footer-sml-layout":"","ast-disable-related-posts":"","theme-transparent-header-meta":"default","adv-header-id-meta":"","stick-header-meta":"","header-above-stick-meta":"","header-main-stick-meta":"","header-below-stick-meta":"","astra-migrate-meta-layouts":"set","ast-page-background-enabled":"default","ast-page-background-meta":{"desktop":{"background-color":"","background-image":"","background-repeat":"repeat","background-position":"center center","background-size":"auto","background-attachment":"scroll","background-type":"","background-media":"","overlay-type":"","overlay-color":"","overlay-opacity":"","overlay-gradient":""},"tablet":{"background-color":"","background-image":"","background-repeat":"repeat","background-position":"center center","background-size":"auto","background-attachment":"scroll","background-type":"","background-media":"","overlay-type":"","overlay-color":"","overlay-opacity":"","overlay-gradient":""},"mobile":{"background-color":"","background-image":"","background-repeat":"repeat","background-position":"center center","background-size":"auto","background-attachment":"scroll","background-type":"","background-media":"","overlay-type":"","overlay-color":"","overlay-opacity":"","overlay-gradient":""}},"ast-content-background-meta":{"desktop":{"background-color":"var(--ast-global-color-4)","background-image":"","background-repeat":"repeat","background-position":"center center","background-size":"auto","background-attachment":"scroll","background-type":"","background-media":"","overlay-type":"","overlay-color":"","overlay-opacity":"","overlay-gradient":""},"tablet":{"background-color":"var(--ast-global-color-4)","background-image":"","background-repeat":"repeat","background-position":"center center","background-size":"auto","background-attachment":"scroll","background-type":"","background-media":"","overlay-type":"","overlay-color":"","overlay-opacity":"","overlay-gradient":""},"mobile":{"background-color":"var(--ast-global-color-4)","background-image":"","background-repeat":"repeat","background-position":"center center","background-size":"auto","background-attachment":"scroll","background-type":"","background-media":"","overlay-type":"","overlay-color":"","overlay-opacity":"","overlay-gradient":""}}},"product_brand":[],"product_cat":[9622],"product_tag":[716],"class_list":{"0":"post-14818","1":"product","2":"type-product","3":"status-publish","4":"has-post-thumbnail","6":"product_cat-zenitas","7":"product_tag-zenitas","8":"pa_leidimo-metai-672","9":"desktop-align-left","10":"tablet-align-left","11":"mobile-align-left","13":"first","14":"instock","15":"shipping-taxable","16":"purchasable","17":"product-type-simple"},"acf":[],"yoast_head":"<!-- This site is optimized with the Yoast SEO plugin v27.0 - https:\/\/yoast.com\/product\/yoast-seo-wordpress\/ -->\n<title>Laivas vir\u0161 Atlantidos<\/title>\n<meta name=\"description\" content=\"Viktoras Kernbachas \u2013 \u017einomas rumun\u0173 ra\u0161ytojas ir vert\u0117jas. Autoriaus k\u016briniai yra i\u0161versti \u012f daugel\u012f Europos kalb\u0173. Did\u017eiausio populiarumo susilauk\u0117 jo\" \/>\n<meta name=\"robots\" content=\"index, follow, max-snippet:-1, max-image-preview:large, max-video-preview:-1\" \/>\n<link rel=\"canonical\" href=\"https:\/\/skaitytaknyga.lt\/en\/produktas\/laivas-virs-atlantidos\/\" \/>\n<meta property=\"og:locale\" content=\"en_GB\" \/>\n<meta property=\"og:locale:alternate\" content=\"lt_LT\" \/>\n<meta property=\"og:type\" content=\"article\" \/>\n<meta property=\"og:title\" content=\"Laivas vir\u0161 Atlantidos\" \/>\n<meta property=\"og:description\" content=\"Viktoras Kernbachas \u2013 \u017einomas rumun\u0173 ra\u0161ytojas ir vert\u0117jas. Autoriaus k\u016briniai yra i\u0161versti \u012f daugel\u012f Europos kalb\u0173. Did\u017eiausio populiarumo susilauk\u0117 jo\" \/>\n<meta property=\"og:url\" content=\"https:\/\/skaitytaknyga.lt\/en\/produktas\/laivas-virs-atlantidos\/\" \/>\n<meta property=\"og:site_name\" content=\"Skaitytaknyga\" \/>\n<meta property=\"article:publisher\" content=\"https:\/\/www.facebook.com\/skaitytaknyga\/\" \/>\n<meta property=\"article:modified_time\" content=\"2026-03-05T11:46:50+00:00\" \/>\n<meta property=\"og:image\" content=\"https:\/\/skaitytaknyga.lt\/wp-content\/uploads\/2024\/11\/Laivas-virs-Atlantidos.webp\" \/>\n\t<meta property=\"og:image:width\" content=\"374\" \/>\n\t<meta property=\"og:image:height\" content=\"598\" \/>\n\t<meta property=\"og:image:type\" content=\"image\/webp\" \/>\n<meta name=\"twitter:card\" content=\"summary_large_image\" \/>\n<meta name=\"twitter:label1\" content=\"Estimated reading time\" \/>\n\t<meta name=\"twitter:data1\" content=\"1 minute\" \/>\n<script type=\"application\/ld+json\" class=\"yoast-schema-graph\">{\"@context\":\"https:\/\/schema.org\",\"@graph\":[{\"@type\":\"WebPage\",\"@id\":\"https:\/\/skaitytaknyga.lt\/produktas\/laivas-virs-atlantidos\/\",\"url\":\"https:\/\/skaitytaknyga.lt\/produktas\/laivas-virs-atlantidos\/\",\"name\":\"Laivas vir\u0161 Atlantidos\",\"isPartOf\":{\"@id\":\"https:\/\/skaitytaknyga.lt\/#website\"},\"primaryImageOfPage\":{\"@id\":\"https:\/\/skaitytaknyga.lt\/produktas\/laivas-virs-atlantidos\/#primaryimage\"},\"image\":{\"@id\":\"https:\/\/skaitytaknyga.lt\/produktas\/laivas-virs-atlantidos\/#primaryimage\"},\"thumbnailUrl\":\"https:\/\/skaitytaknyga.lt\/wp-content\/uploads\/2024\/11\/Laivas-virs-Atlantidos.webp\",\"datePublished\":\"2024-11-23T17:40:54+00:00\",\"dateModified\":\"2026-03-05T11:46:50+00:00\",\"description\":\"Viktoras Kernbachas \u2013 \u017einomas rumun\u0173 ra\u0161ytojas ir vert\u0117jas. Autoriaus k\u016briniai yra i\u0161versti \u012f daugel\u012f Europos kalb\u0173. Did\u017eiausio populiarumo susilauk\u0117 jo\",\"breadcrumb\":{\"@id\":\"https:\/\/skaitytaknyga.lt\/produktas\/laivas-virs-atlantidos\/#breadcrumb\"},\"inLanguage\":\"en-GB\",\"potentialAction\":[{\"@type\":\"ReadAction\",\"target\":[\"https:\/\/skaitytaknyga.lt\/produktas\/laivas-virs-atlantidos\/\"]}]},{\"@type\":\"ImageObject\",\"inLanguage\":\"en-GB\",\"@id\":\"https:\/\/skaitytaknyga.lt\/produktas\/laivas-virs-atlantidos\/#primaryimage\",\"url\":\"https:\/\/skaitytaknyga.lt\/wp-content\/uploads\/2024\/11\/Laivas-virs-Atlantidos.webp\",\"contentUrl\":\"https:\/\/skaitytaknyga.lt\/wp-content\/uploads\/2024\/11\/Laivas-virs-Atlantidos.webp\",\"width\":374,\"height\":598,\"caption\":\"Laivas vir\u0161 Atlantidos\"},{\"@type\":\"BreadcrumbList\",\"@id\":\"https:\/\/skaitytaknyga.lt\/produktas\/laivas-virs-atlantidos\/#breadcrumb\",\"itemListElement\":[{\"@type\":\"ListItem\",\"position\":1,\"name\":\"Home\",\"item\":\"https:\/\/skaitytaknyga.lt\/\"},{\"@type\":\"ListItem\",\"position\":2,\"name\":\"Parduotuv\u0117\",\"item\":\"https:\/\/skaitytaknyga.lt\/knygu-parduotuve\/\"},{\"@type\":\"ListItem\",\"position\":3,\"name\":\"Laivas vir\u0161 Atlantidos\"}]},{\"@type\":\"WebSite\",\"@id\":\"https:\/\/skaitytaknyga.lt\/#website\",\"url\":\"https:\/\/skaitytaknyga.lt\/\",\"name\":\"skaitytaknyga.lt\",\"description\":\"Skaitytaknyga.lt \u2013 tai ma\u017eas \u0161eimos verslas, kuris prasid\u0117jo nuo meil\u0117s knygoms ir siekio i\u0161gelb\u0117ti knygas nuo likimo prie konteinerio. Kas vienam nereikalingas daiktas \u2013 kitam lobis, o mes esame tarpininkai, kurie padeda abiems tapti laimingesniems ???? \u017dinome kaip nelengva i\u0161gyventi ma\u017eiems verslams, tad nuo \u0161iol, \u010dia rasite ir kit\u0173, ma\u017e\u0173 \u0161eim\u0173 versl\u0173, rank\u0173 darbo, dovan\u0173 sau ir artimiesiems.\",\"publisher\":{\"@id\":\"https:\/\/skaitytaknyga.lt\/#organization\"},\"potentialAction\":[{\"@type\":\"SearchAction\",\"target\":{\"@type\":\"EntryPoint\",\"urlTemplate\":\"https:\/\/skaitytaknyga.lt\/?s={search_term_string}\"},\"query-input\":{\"@type\":\"PropertyValueSpecification\",\"valueRequired\":true,\"valueName\":\"search_term_string\"}}],\"inLanguage\":\"en-GB\"},{\"@type\":\"Organization\",\"@id\":\"https:\/\/skaitytaknyga.lt\/#organization\",\"name\":\"skaitytaknyga.lt\",\"url\":\"https:\/\/skaitytaknyga.lt\/\",\"logo\":{\"@type\":\"ImageObject\",\"inLanguage\":\"en-GB\",\"@id\":\"https:\/\/skaitytaknyga.lt\/#\/schema\/logo\/image\/\",\"url\":\"https:\/\/skaitytaknyga.lt\/wp-content\/uploads\/2024\/05\/cropped-cropped-cropped-02_00843_jt3bggkj1j3HLc7SyY6rEUpg.jpeg\",\"contentUrl\":\"https:\/\/skaitytaknyga.lt\/wp-content\/uploads\/2024\/05\/cropped-cropped-cropped-02_00843_jt3bggkj1j3HLc7SyY6rEUpg.jpeg\",\"width\":1600,\"height\":1600,\"caption\":\"skaitytaknyga.lt\"},\"image\":{\"@id\":\"https:\/\/skaitytaknyga.lt\/#\/schema\/logo\/image\/\"},\"sameAs\":[\"https:\/\/www.facebook.com\/skaitytaknyga\/\"]}]}<\/script>\n<!-- \/ Yoast SEO plugin. -->","yoast_head_json":{"title":"Laivas vir\u0161 Atlantidos","description":"Viktoras Kernbachas \u2013 \u017einomas rumun\u0173 ra\u0161ytojas ir vert\u0117jas. Autoriaus k\u016briniai yra i\u0161versti \u012f daugel\u012f Europos kalb\u0173. Did\u017eiausio populiarumo susilauk\u0117 jo","robots":{"index":"index","follow":"follow","max-snippet":"max-snippet:-1","max-image-preview":"max-image-preview:large","max-video-preview":"max-video-preview:-1"},"canonical":"https:\/\/skaitytaknyga.lt\/en\/produktas\/laivas-virs-atlantidos\/","og_locale":"en_GB","og_type":"article","og_title":"[:lt]Laivas vir\u0161 Atlantidos[:] - Skaitytaknyga","og_description":"Viktoras Kernbachas \u2013 \u017einomas rumun\u0173 ra\u0161ytojas ir vert\u0117jas. Autoriaus k\u016briniai yra i\u0161versti \u012f daugel\u012f Europos kalb\u0173. Did\u017eiausio populiarumo susilauk\u0117 jo","og_url":"https:\/\/skaitytaknyga.lt\/en\/produktas\/laivas-virs-atlantidos\/","og_site_name":"Skaitytaknyga","article_publisher":"https:\/\/www.facebook.com\/skaitytaknyga\/","article_modified_time":"2026-03-05T11:46:50+00:00","og_image":[{"width":374,"height":598,"url":"https:\/\/skaitytaknyga.lt\/wp-content\/uploads\/2024\/11\/Laivas-virs-Atlantidos.webp","type":"image\/webp"}],"twitter_card":"summary_large_image","twitter_misc":{"Estimated reading time":"1 minute"},"schema":{"@context":"https:\/\/schema.org","@graph":[{"@type":"WebPage","@id":"https:\/\/skaitytaknyga.lt\/produktas\/laivas-virs-atlantidos\/","url":"https:\/\/skaitytaknyga.lt\/produktas\/laivas-virs-atlantidos\/","name":"Laivas vir\u0161 Atlantidos","isPartOf":{"@id":"https:\/\/skaitytaknyga.lt\/#website"},"primaryImageOfPage":{"@id":"https:\/\/skaitytaknyga.lt\/produktas\/laivas-virs-atlantidos\/#primaryimage"},"image":{"@id":"https:\/\/skaitytaknyga.lt\/produktas\/laivas-virs-atlantidos\/#primaryimage"},"thumbnailUrl":"https:\/\/skaitytaknyga.lt\/wp-content\/uploads\/2024\/11\/Laivas-virs-Atlantidos.webp","datePublished":"2024-11-23T17:40:54+00:00","dateModified":"2026-03-05T11:46:50+00:00","description":"Viktoras Kernbachas \u2013 \u017einomas rumun\u0173 ra\u0161ytojas ir vert\u0117jas. Autoriaus k\u016briniai yra i\u0161versti \u012f daugel\u012f Europos kalb\u0173. Did\u017eiausio populiarumo susilauk\u0117 jo","breadcrumb":{"@id":"https:\/\/skaitytaknyga.lt\/produktas\/laivas-virs-atlantidos\/#breadcrumb"},"inLanguage":"en-GB","potentialAction":[{"@type":"ReadAction","target":["https:\/\/skaitytaknyga.lt\/produktas\/laivas-virs-atlantidos\/"]}]},{"@type":"ImageObject","inLanguage":"en-GB","@id":"https:\/\/skaitytaknyga.lt\/produktas\/laivas-virs-atlantidos\/#primaryimage","url":"https:\/\/skaitytaknyga.lt\/wp-content\/uploads\/2024\/11\/Laivas-virs-Atlantidos.webp","contentUrl":"https:\/\/skaitytaknyga.lt\/wp-content\/uploads\/2024\/11\/Laivas-virs-Atlantidos.webp","width":374,"height":598,"caption":"Laivas vir\u0161 Atlantidos"},{"@type":"BreadcrumbList","@id":"https:\/\/skaitytaknyga.lt\/produktas\/laivas-virs-atlantidos\/#breadcrumb","itemListElement":[{"@type":"ListItem","position":1,"name":"Home","item":"https:\/\/skaitytaknyga.lt\/"},{"@type":"ListItem","position":2,"name":"Parduotuv\u0117","item":"https:\/\/skaitytaknyga.lt\/knygu-parduotuve\/"},{"@type":"ListItem","position":3,"name":"Laivas vir\u0161 Atlantidos"}]},{"@type":"WebSite","@id":"https:\/\/skaitytaknyga.lt\/#website","url":"https:\/\/skaitytaknyga.lt\/","name":"skaitytaknyga.lt","description":"Skaitytaknyga.lt \u2013 tai ma\u017eas \u0161eimos verslas, kuris prasid\u0117jo nuo meil\u0117s knygoms ir siekio i\u0161gelb\u0117ti knygas nuo likimo prie konteinerio. Kas vienam nereikalingas daiktas \u2013 kitam lobis, o mes esame tarpininkai, kurie padeda abiems tapti laimingesniems ???? \u017dinome kaip nelengva i\u0161gyventi ma\u017eiems verslams, tad nuo \u0161iol, \u010dia rasite ir kit\u0173, ma\u017e\u0173 \u0161eim\u0173 versl\u0173, rank\u0173 darbo, dovan\u0173 sau ir artimiesiems.","publisher":{"@id":"https:\/\/skaitytaknyga.lt\/#organization"},"potentialAction":[{"@type":"SearchAction","target":{"@type":"EntryPoint","urlTemplate":"https:\/\/skaitytaknyga.lt\/?s={search_term_string}"},"query-input":{"@type":"PropertyValueSpecification","valueRequired":true,"valueName":"search_term_string"}}],"inLanguage":"en-GB"},{"@type":"Organization","@id":"https:\/\/skaitytaknyga.lt\/#organization","name":"skaitytaknyga.lt","url":"https:\/\/skaitytaknyga.lt\/","logo":{"@type":"ImageObject","inLanguage":"en-GB","@id":"https:\/\/skaitytaknyga.lt\/#\/schema\/logo\/image\/","url":"https:\/\/skaitytaknyga.lt\/wp-content\/uploads\/2024\/05\/cropped-cropped-cropped-02_00843_jt3bggkj1j3HLc7SyY6rEUpg.jpeg","contentUrl":"https:\/\/skaitytaknyga.lt\/wp-content\/uploads\/2024\/05\/cropped-cropped-cropped-02_00843_jt3bggkj1j3HLc7SyY6rEUpg.jpeg","width":1600,"height":1600,"caption":"skaitytaknyga.lt"},"image":{"@id":"https:\/\/skaitytaknyga.lt\/#\/schema\/logo\/image\/"},"sameAs":["https:\/\/www.facebook.com\/skaitytaknyga\/"]}]}},"_links":{"self":[{"href":"https:\/\/skaitytaknyga.lt\/en\/wp-json\/wp\/v2\/product\/14818","targetHints":{"allow":["GET"]}}],"collection":[{"href":"https:\/\/skaitytaknyga.lt\/en\/wp-json\/wp\/v2\/product"}],"about":[{"href":"https:\/\/skaitytaknyga.lt\/en\/wp-json\/wp\/v2\/types\/product"}],"replies":[{"embeddable":true,"href":"https:\/\/skaitytaknyga.lt\/en\/wp-json\/wp\/v2\/comments?post=14818"}],"wp:featuredmedia":[{"embeddable":true,"href":"https:\/\/skaitytaknyga.lt\/en\/wp-json\/wp\/v2\/media\/14819"}],"wp:attachment":[{"href":"https:\/\/skaitytaknyga.lt\/en\/wp-json\/wp\/v2\/media?parent=14818"}],"wp:term":[{"taxonomy":"product_brand","embeddable":true,"href":"https:\/\/skaitytaknyga.lt\/en\/wp-json\/wp\/v2\/product_brand?post=14818"},{"taxonomy":"product_cat","embeddable":true,"href":"https:\/\/skaitytaknyga.lt\/en\/wp-json\/wp\/v2\/product_cat?post=14818"},{"taxonomy":"product_tag","embeddable":true,"href":"https:\/\/skaitytaknyga.lt\/en\/wp-json\/wp\/v2\/product_tag?post=14818"}],"curies":[{"name":"wp","href":"https:\/\/api.w.org\/{rel}","templated":true}]}}