{"id":14814,"date":"2024-11-23T19:37:33","date_gmt":"2024-11-23T17:37:33","guid":{"rendered":"https:\/\/skaitytaknyga.lt\/?post_type=product&#038;p=14814"},"modified":"2026-03-05T13:46:33","modified_gmt":"2026-03-05T11:46:33","slug":"soliaris","status":"publish","type":"product","link":"https:\/\/skaitytaknyga.lt\/en\/produktas\/soliaris\/","title":{"rendered":"Soliaris"},"content":{"rendered":"<p><strong>Stanis\u0142awas Lemas<\/strong>\u00a0(1921\u20132006) kart\u0105 yra pasak\u0119s: \u201ePara\u0161\u0119s\u00a0<strong>\u201eSoliar\u012f\u201c\u00a0<\/strong>galiu ir mirti.\u201c \u0160iuo \u0161edevru \u017eavisi jau ne viena skaitytoj\u0173 karta visame pasaulyje, o jo autorius laikomas skaitomiausiu ne anglakalb\u0117s mokslin\u0117s fantastikos ra\u0161ytoju.<\/p>\n<p>Pagal \u0161i\u0105 knyg\u0105 re\u017eisierius Andrejus Tarkovskis 1972 m. pastat\u0117 legendin\u012f film\u0105 \u201eSoliaris\u201c. Pagrindin\u012f Kriso Kelvino vaidmen\u012f atliko lietuvi\u0173 aktorius Donatas Banionis. 2002 m. k\u016brin\u012f ekranizavo Stevenas Soderberghas. Romanas i\u0161verstas \u012f 41 pasaulio kalb\u0105, o lietuvi\u0161kai pirm\u0105 kart\u0105 pasirod\u0117 1978-aisiais.<\/p>\n<p><strong>\u201eSoliario\u201c<\/strong>\u00a0siu\u017eetas \u2013 daugiasluoksnis, jame persipina intymumas ir meil\u0117, \u017emogaus pas\u0105mon\u0117s gelm\u0117s, detektyvo linija, mokslin\u0117 analiz\u0117. Tai\u00a0knyga apie \u017emogaus bandym\u0105 pa\u017einti ne\u017eemi\u0161ko proto prigimt\u012f ir ne\u017eemi\u0161ko proto bandym\u0105 pa\u017einti \u017emog\u0173.<\/p>\n<p>Soliaris \u2013 aplink dvi saules, \u017eydr\u0105 ir raudon\u0105, besisukanti tolima, paslaptinga ir ma\u017eai i\u0161tirta planeta, beveik visa u\u017elieta vandenyno. \u012e apmirusi\u0105 Soliario tyrim\u0173 stot\u012f atvyksta psichologas Krisas Kelvinas \u2013 i\u0161siai\u0161kinti, kod\u0117l vienas mokslininkas nusi\u017eud\u0117, o kiti du labai keistai elgiasi. Stoties darbuotojus lanko sve\u010diai \u2013 k\u016bni\u0161kus pavidalus \u012fgij\u0119 gr\u0117smingi vidiniai fantomai vien\u0105 ryt\u0105 Kelvino kambaryje pasirodo jo \u017emona Har\u0117, d\u0117l kurios savi\u017eudyb\u0117s jis kaltina save&#8230;<\/p>\n<ul class=\"about-product d-none d-xl-block mt-4\">\n<li><strong>Originalus pavadinimas:<\/strong>\u00a0Solaris<\/li>\n<li><strong>Autorius:<\/strong>\u00a0Stanis\u0142aw Lem<\/li>\n<li><strong>Leid\u0117jas:<\/strong>\u00a0Kitos knygos<\/li>\n<li><strong>Metai:<\/strong>\u00a01978<\/li>\n<li><strong>Puslapiai:<\/strong>\u00a0183<\/li>\n<li class=\"toggleable type-new-formats \"><strong>Formatas:<\/strong>\u00a013,5 x 20 cm, kieti vir\u0161eliai<\/li>\n<li><strong>Kalba:<\/strong>\u00a0Lietuvi\u0173<\/li>\n<li><strong>Vert\u0117jas:<\/strong>\u00a0Giedr\u0117 Juodvalkyt\u0117<\/li>\n<\/ul>\n","protected":false},"excerpt":{"rendered":"<p>Stanis\u0142awas Lemas\u00a0(1921\u20132006) kart\u0105 yra pasak\u0119s: \u201ePara\u0161\u0119s\u00a0\u201eSoliar\u012f\u201c\u00a0galiu ir mirti.\u201c \u0160iuo \u0161edevru \u017eavisi jau ne viena skaitytoj\u0173 karta visame pasaulyje, o jo autorius laikomas skaitomiausiu ne anglakalb\u0117s mokslin\u0117s fantastikos ra\u0161ytoju. Pagal \u0161i\u0105 knyg\u0105 re\u017eisierius Andrejus Tarkovskis 1972 m. pastat\u0117 legendin\u012f film\u0105 \u201eSoliaris\u201c. Pagrindin\u012f Kriso Kelvino vaidmen\u012f atliko lietuvi\u0173 aktorius Donatas Banionis. 2002 m. k\u016brin\u012f ekranizavo Stevenas Soderberghas. Romanas i\u0161verstas \u012f 41 pasaulio kalb\u0105, o lietuvi\u0161kai pirm\u0105 kart\u0105 pasirod\u0117 1978-aisiais. \u201eSoliario\u201c\u00a0siu\u017eetas \u2013 daugiasluoksnis, jame persipina intymumas ir meil\u0117, \u017emogaus pas\u0105mon\u0117s gelm\u0117s, detektyvo linija, mokslin\u0117 analiz\u0117. Tai\u00a0knyga apie \u017emogaus bandym\u0105 pa\u017einti ne\u017eemi\u0161ko proto prigimt\u012f ir ne\u017eemi\u0161ko proto bandym\u0105 pa\u017einti \u017emog\u0173. Soliaris \u2013 aplink dvi saules, \u017eydr\u0105 ir raudon\u0105, besisukanti tolima, paslaptinga ir ma\u017eai i\u0161tirta planeta, beveik visa u\u017elieta vandenyno. \u012e apmirusi\u0105 Soliario tyrim\u0173 stot\u012f atvyksta psichologas Krisas Kelvinas \u2013 i\u0161siai\u0161kinti, kod\u0117l vienas mokslininkas nusi\u017eud\u0117, o kiti du labai keistai elgiasi. Stoties darbuotojus lanko sve\u010diai \u2013 k\u016bni\u0161kus pavidalus \u012fgij\u0119 gr\u0117smingi vidiniai fantomai vien\u0105 ryt\u0105 Kelvino kambaryje pasirodo jo \u017emona Har\u0117, d\u0117l kurios savi\u017eudyb\u0117s jis kaltina save&#8230; Originalus pavadinimas:\u00a0Solaris Autorius:\u00a0Stanis\u0142aw Lem Leid\u0117jas:\u00a0Kitos knygos Metai:\u00a01978 Puslapiai:\u00a0183 Formatas:\u00a013,5 x 20 cm, kieti vir\u0161eliai Kalba:\u00a0Lietuvi\u0173 Vert\u0117jas:\u00a0Giedr\u0117 Juodvalkyt\u0117<\/p>\n","protected":false},"featured_media":14815,"comment_status":"closed","ping_status":"closed","template":"","meta":{"_acf_changed":false,"site-sidebar-layout":"default","site-content-layout":"","ast-site-content-layout":"default","site-content-style":"default","site-sidebar-style":"default","ast-global-header-display":"","ast-banner-title-visibility":"","ast-main-header-display":"","ast-hfb-above-header-display":"","ast-hfb-below-header-display":"","ast-hfb-mobile-header-display":"","site-post-title":"","ast-breadcrumbs-content":"","ast-featured-img":"","footer-sml-layout":"","ast-disable-related-posts":"","theme-transparent-header-meta":"default","adv-header-id-meta":"","stick-header-meta":"","header-above-stick-meta":"","header-main-stick-meta":"","header-below-stick-meta":"","astra-migrate-meta-layouts":"set","ast-page-background-enabled":"default","ast-page-background-meta":{"desktop":{"background-color":"","background-image":"","background-repeat":"repeat","background-position":"center center","background-size":"auto","background-attachment":"scroll","background-type":"","background-media":"","overlay-type":"","overlay-color":"","overlay-opacity":"","overlay-gradient":""},"tablet":{"background-color":"","background-image":"","background-repeat":"repeat","background-position":"center center","background-size":"auto","background-attachment":"scroll","background-type":"","background-media":"","overlay-type":"","overlay-color":"","overlay-opacity":"","overlay-gradient":""},"mobile":{"background-color":"","background-image":"","background-repeat":"repeat","background-position":"center center","background-size":"auto","background-attachment":"scroll","background-type":"","background-media":"","overlay-type":"","overlay-color":"","overlay-opacity":"","overlay-gradient":""}},"ast-content-background-meta":{"desktop":{"background-color":"var(--ast-global-color-4)","background-image":"","background-repeat":"repeat","background-position":"center center","background-size":"auto","background-attachment":"scroll","background-type":"","background-media":"","overlay-type":"","overlay-color":"","overlay-opacity":"","overlay-gradient":""},"tablet":{"background-color":"var(--ast-global-color-4)","background-image":"","background-repeat":"repeat","background-position":"center center","background-size":"auto","background-attachment":"scroll","background-type":"","background-media":"","overlay-type":"","overlay-color":"","overlay-opacity":"","overlay-gradient":""},"mobile":{"background-color":"var(--ast-global-color-4)","background-image":"","background-repeat":"repeat","background-position":"center center","background-size":"auto","background-attachment":"scroll","background-type":"","background-media":"","overlay-type":"","overlay-color":"","overlay-opacity":"","overlay-gradient":""}}},"product_brand":[],"product_cat":[9622],"product_tag":[716],"class_list":{"0":"post-14814","1":"product","2":"type-product","3":"status-publish","4":"has-post-thumbnail","6":"product_cat-zenitas","7":"product_tag-zenitas","8":"pa_leidimo-metai-672","9":"desktop-align-left","10":"tablet-align-left","11":"mobile-align-left","13":"first","14":"instock","15":"shipping-taxable","16":"purchasable","17":"product-type-simple"},"acf":[],"yoast_head":"<!-- This site is optimized with the Yoast SEO plugin v27.0 - https:\/\/yoast.com\/product\/yoast-seo-wordpress\/ -->\n<title>Soliaris<\/title>\n<meta name=\"description\" content=\"Stanis\u0142awas Lemas\u00a0(1921\u20132006) kart\u0105 yra pasak\u0119s: \u201ePara\u0161\u0119s\u00a0\u201eSoliar\u012f\u201c\u00a0galiu ir mirti.\u201c \u0160iuo \u0161edevru \u017eavisi jau ne viena skaitytoj\u0173 karta visame pasaulyje, o\" \/>\n<meta name=\"robots\" content=\"index, follow, max-snippet:-1, max-image-preview:large, max-video-preview:-1\" \/>\n<link rel=\"canonical\" href=\"https:\/\/skaitytaknyga.lt\/en\/produktas\/soliaris\/\" \/>\n<meta property=\"og:locale\" content=\"en_GB\" \/>\n<meta property=\"og:locale:alternate\" content=\"lt_LT\" \/>\n<meta property=\"og:type\" content=\"article\" \/>\n<meta property=\"og:title\" content=\"Soliaris\" \/>\n<meta property=\"og:description\" content=\"Stanis\u0142awas Lemas\u00a0(1921\u20132006) kart\u0105 yra pasak\u0119s: \u201ePara\u0161\u0119s\u00a0\u201eSoliar\u012f\u201c\u00a0galiu ir mirti.\u201c \u0160iuo \u0161edevru \u017eavisi jau ne viena skaitytoj\u0173 karta visame pasaulyje, o\" \/>\n<meta property=\"og:url\" content=\"https:\/\/skaitytaknyga.lt\/en\/produktas\/soliaris\/\" \/>\n<meta property=\"og:site_name\" content=\"Skaitytaknyga\" \/>\n<meta property=\"article:publisher\" content=\"https:\/\/www.facebook.com\/skaitytaknyga\/\" \/>\n<meta property=\"article:modified_time\" content=\"2026-03-05T11:46:33+00:00\" \/>\n<meta property=\"og:image\" content=\"https:\/\/skaitytaknyga.lt\/wp-content\/uploads\/2024\/11\/Soliaris.webp\" \/>\n\t<meta property=\"og:image:width\" content=\"507\" \/>\n\t<meta property=\"og:image:height\" content=\"800\" \/>\n\t<meta property=\"og:image:type\" content=\"image\/webp\" \/>\n<meta name=\"twitter:card\" content=\"summary_large_image\" \/>\n<meta name=\"twitter:label1\" content=\"Estimated reading time\" \/>\n\t<meta name=\"twitter:data1\" content=\"2 minutes\" \/>\n<script type=\"application\/ld+json\" class=\"yoast-schema-graph\">{\"@context\":\"https:\/\/schema.org\",\"@graph\":[{\"@type\":\"WebPage\",\"@id\":\"https:\/\/skaitytaknyga.lt\/produktas\/soliaris\/\",\"url\":\"https:\/\/skaitytaknyga.lt\/produktas\/soliaris\/\",\"name\":\"Soliaris\",\"isPartOf\":{\"@id\":\"https:\/\/skaitytaknyga.lt\/#website\"},\"primaryImageOfPage\":{\"@id\":\"https:\/\/skaitytaknyga.lt\/produktas\/soliaris\/#primaryimage\"},\"image\":{\"@id\":\"https:\/\/skaitytaknyga.lt\/produktas\/soliaris\/#primaryimage\"},\"thumbnailUrl\":\"https:\/\/skaitytaknyga.lt\/wp-content\/uploads\/2024\/11\/Soliaris.webp\",\"datePublished\":\"2024-11-23T17:37:33+00:00\",\"dateModified\":\"2026-03-05T11:46:33+00:00\",\"description\":\"Stanis\u0142awas Lemas\u00a0(1921\u20132006) kart\u0105 yra pasak\u0119s: \u201ePara\u0161\u0119s\u00a0\u201eSoliar\u012f\u201c\u00a0galiu ir mirti.\u201c \u0160iuo \u0161edevru \u017eavisi jau ne viena skaitytoj\u0173 karta visame pasaulyje, o\",\"breadcrumb\":{\"@id\":\"https:\/\/skaitytaknyga.lt\/produktas\/soliaris\/#breadcrumb\"},\"inLanguage\":\"en-GB\",\"potentialAction\":[{\"@type\":\"ReadAction\",\"target\":[\"https:\/\/skaitytaknyga.lt\/produktas\/soliaris\/\"]}]},{\"@type\":\"ImageObject\",\"inLanguage\":\"en-GB\",\"@id\":\"https:\/\/skaitytaknyga.lt\/produktas\/soliaris\/#primaryimage\",\"url\":\"https:\/\/skaitytaknyga.lt\/wp-content\/uploads\/2024\/11\/Soliaris.webp\",\"contentUrl\":\"https:\/\/skaitytaknyga.lt\/wp-content\/uploads\/2024\/11\/Soliaris.webp\",\"width\":507,\"height\":800,\"caption\":\"Soliaris\"},{\"@type\":\"BreadcrumbList\",\"@id\":\"https:\/\/skaitytaknyga.lt\/produktas\/soliaris\/#breadcrumb\",\"itemListElement\":[{\"@type\":\"ListItem\",\"position\":1,\"name\":\"Home\",\"item\":\"https:\/\/skaitytaknyga.lt\/\"},{\"@type\":\"ListItem\",\"position\":2,\"name\":\"Parduotuv\u0117\",\"item\":\"https:\/\/skaitytaknyga.lt\/knygu-parduotuve\/\"},{\"@type\":\"ListItem\",\"position\":3,\"name\":\"Soliaris\"}]},{\"@type\":\"WebSite\",\"@id\":\"https:\/\/skaitytaknyga.lt\/#website\",\"url\":\"https:\/\/skaitytaknyga.lt\/\",\"name\":\"skaitytaknyga.lt\",\"description\":\"Skaitytaknyga.lt \u2013 tai ma\u017eas \u0161eimos verslas, kuris prasid\u0117jo nuo meil\u0117s knygoms ir siekio i\u0161gelb\u0117ti knygas nuo likimo prie konteinerio. Kas vienam nereikalingas daiktas \u2013 kitam lobis, o mes esame tarpininkai, kurie padeda abiems tapti laimingesniems ???? \u017dinome kaip nelengva i\u0161gyventi ma\u017eiems verslams, tad nuo \u0161iol, \u010dia rasite ir kit\u0173, ma\u017e\u0173 \u0161eim\u0173 versl\u0173, rank\u0173 darbo, dovan\u0173 sau ir artimiesiems.\",\"publisher\":{\"@id\":\"https:\/\/skaitytaknyga.lt\/#organization\"},\"potentialAction\":[{\"@type\":\"SearchAction\",\"target\":{\"@type\":\"EntryPoint\",\"urlTemplate\":\"https:\/\/skaitytaknyga.lt\/?s={search_term_string}\"},\"query-input\":{\"@type\":\"PropertyValueSpecification\",\"valueRequired\":true,\"valueName\":\"search_term_string\"}}],\"inLanguage\":\"en-GB\"},{\"@type\":\"Organization\",\"@id\":\"https:\/\/skaitytaknyga.lt\/#organization\",\"name\":\"skaitytaknyga.lt\",\"url\":\"https:\/\/skaitytaknyga.lt\/\",\"logo\":{\"@type\":\"ImageObject\",\"inLanguage\":\"en-GB\",\"@id\":\"https:\/\/skaitytaknyga.lt\/#\/schema\/logo\/image\/\",\"url\":\"https:\/\/skaitytaknyga.lt\/wp-content\/uploads\/2024\/05\/cropped-cropped-cropped-02_00843_jt3bggkj1j3HLc7SyY6rEUpg.jpeg\",\"contentUrl\":\"https:\/\/skaitytaknyga.lt\/wp-content\/uploads\/2024\/05\/cropped-cropped-cropped-02_00843_jt3bggkj1j3HLc7SyY6rEUpg.jpeg\",\"width\":1600,\"height\":1600,\"caption\":\"skaitytaknyga.lt\"},\"image\":{\"@id\":\"https:\/\/skaitytaknyga.lt\/#\/schema\/logo\/image\/\"},\"sameAs\":[\"https:\/\/www.facebook.com\/skaitytaknyga\/\"]}]}<\/script>\n<!-- \/ Yoast SEO plugin. -->","yoast_head_json":{"title":"Soliaris","description":"Stanis\u0142awas Lemas\u00a0(1921\u20132006) kart\u0105 yra pasak\u0119s: \u201ePara\u0161\u0119s\u00a0\u201eSoliar\u012f\u201c\u00a0galiu ir mirti.\u201c \u0160iuo \u0161edevru \u017eavisi jau ne viena skaitytoj\u0173 karta visame pasaulyje, o","robots":{"index":"index","follow":"follow","max-snippet":"max-snippet:-1","max-image-preview":"max-image-preview:large","max-video-preview":"max-video-preview:-1"},"canonical":"https:\/\/skaitytaknyga.lt\/en\/produktas\/soliaris\/","og_locale":"en_GB","og_type":"article","og_title":"[:lt]Soliaris[:] - Skaitytaknyga","og_description":"Stanis\u0142awas Lemas\u00a0(1921\u20132006) kart\u0105 yra pasak\u0119s: \u201ePara\u0161\u0119s\u00a0\u201eSoliar\u012f\u201c\u00a0galiu ir mirti.\u201c \u0160iuo \u0161edevru \u017eavisi jau ne viena skaitytoj\u0173 karta visame pasaulyje, o","og_url":"https:\/\/skaitytaknyga.lt\/en\/produktas\/soliaris\/","og_site_name":"Skaitytaknyga","article_publisher":"https:\/\/www.facebook.com\/skaitytaknyga\/","article_modified_time":"2026-03-05T11:46:33+00:00","og_image":[{"width":507,"height":800,"url":"https:\/\/skaitytaknyga.lt\/wp-content\/uploads\/2024\/11\/Soliaris.webp","type":"image\/webp"}],"twitter_card":"summary_large_image","twitter_misc":{"Estimated reading time":"2 minutes"},"schema":{"@context":"https:\/\/schema.org","@graph":[{"@type":"WebPage","@id":"https:\/\/skaitytaknyga.lt\/produktas\/soliaris\/","url":"https:\/\/skaitytaknyga.lt\/produktas\/soliaris\/","name":"Soliaris","isPartOf":{"@id":"https:\/\/skaitytaknyga.lt\/#website"},"primaryImageOfPage":{"@id":"https:\/\/skaitytaknyga.lt\/produktas\/soliaris\/#primaryimage"},"image":{"@id":"https:\/\/skaitytaknyga.lt\/produktas\/soliaris\/#primaryimage"},"thumbnailUrl":"https:\/\/skaitytaknyga.lt\/wp-content\/uploads\/2024\/11\/Soliaris.webp","datePublished":"2024-11-23T17:37:33+00:00","dateModified":"2026-03-05T11:46:33+00:00","description":"Stanis\u0142awas Lemas\u00a0(1921\u20132006) kart\u0105 yra pasak\u0119s: \u201ePara\u0161\u0119s\u00a0\u201eSoliar\u012f\u201c\u00a0galiu ir mirti.\u201c \u0160iuo \u0161edevru \u017eavisi jau ne viena skaitytoj\u0173 karta visame pasaulyje, o","breadcrumb":{"@id":"https:\/\/skaitytaknyga.lt\/produktas\/soliaris\/#breadcrumb"},"inLanguage":"en-GB","potentialAction":[{"@type":"ReadAction","target":["https:\/\/skaitytaknyga.lt\/produktas\/soliaris\/"]}]},{"@type":"ImageObject","inLanguage":"en-GB","@id":"https:\/\/skaitytaknyga.lt\/produktas\/soliaris\/#primaryimage","url":"https:\/\/skaitytaknyga.lt\/wp-content\/uploads\/2024\/11\/Soliaris.webp","contentUrl":"https:\/\/skaitytaknyga.lt\/wp-content\/uploads\/2024\/11\/Soliaris.webp","width":507,"height":800,"caption":"Soliaris"},{"@type":"BreadcrumbList","@id":"https:\/\/skaitytaknyga.lt\/produktas\/soliaris\/#breadcrumb","itemListElement":[{"@type":"ListItem","position":1,"name":"Home","item":"https:\/\/skaitytaknyga.lt\/"},{"@type":"ListItem","position":2,"name":"Parduotuv\u0117","item":"https:\/\/skaitytaknyga.lt\/knygu-parduotuve\/"},{"@type":"ListItem","position":3,"name":"Soliaris"}]},{"@type":"WebSite","@id":"https:\/\/skaitytaknyga.lt\/#website","url":"https:\/\/skaitytaknyga.lt\/","name":"skaitytaknyga.lt","description":"Skaitytaknyga.lt \u2013 tai ma\u017eas \u0161eimos verslas, kuris prasid\u0117jo nuo meil\u0117s knygoms ir siekio i\u0161gelb\u0117ti knygas nuo likimo prie konteinerio. Kas vienam nereikalingas daiktas \u2013 kitam lobis, o mes esame tarpininkai, kurie padeda abiems tapti laimingesniems ???? \u017dinome kaip nelengva i\u0161gyventi ma\u017eiems verslams, tad nuo \u0161iol, \u010dia rasite ir kit\u0173, ma\u017e\u0173 \u0161eim\u0173 versl\u0173, rank\u0173 darbo, dovan\u0173 sau ir artimiesiems.","publisher":{"@id":"https:\/\/skaitytaknyga.lt\/#organization"},"potentialAction":[{"@type":"SearchAction","target":{"@type":"EntryPoint","urlTemplate":"https:\/\/skaitytaknyga.lt\/?s={search_term_string}"},"query-input":{"@type":"PropertyValueSpecification","valueRequired":true,"valueName":"search_term_string"}}],"inLanguage":"en-GB"},{"@type":"Organization","@id":"https:\/\/skaitytaknyga.lt\/#organization","name":"skaitytaknyga.lt","url":"https:\/\/skaitytaknyga.lt\/","logo":{"@type":"ImageObject","inLanguage":"en-GB","@id":"https:\/\/skaitytaknyga.lt\/#\/schema\/logo\/image\/","url":"https:\/\/skaitytaknyga.lt\/wp-content\/uploads\/2024\/05\/cropped-cropped-cropped-02_00843_jt3bggkj1j3HLc7SyY6rEUpg.jpeg","contentUrl":"https:\/\/skaitytaknyga.lt\/wp-content\/uploads\/2024\/05\/cropped-cropped-cropped-02_00843_jt3bggkj1j3HLc7SyY6rEUpg.jpeg","width":1600,"height":1600,"caption":"skaitytaknyga.lt"},"image":{"@id":"https:\/\/skaitytaknyga.lt\/#\/schema\/logo\/image\/"},"sameAs":["https:\/\/www.facebook.com\/skaitytaknyga\/"]}]}},"_links":{"self":[{"href":"https:\/\/skaitytaknyga.lt\/en\/wp-json\/wp\/v2\/product\/14814","targetHints":{"allow":["GET"]}}],"collection":[{"href":"https:\/\/skaitytaknyga.lt\/en\/wp-json\/wp\/v2\/product"}],"about":[{"href":"https:\/\/skaitytaknyga.lt\/en\/wp-json\/wp\/v2\/types\/product"}],"replies":[{"embeddable":true,"href":"https:\/\/skaitytaknyga.lt\/en\/wp-json\/wp\/v2\/comments?post=14814"}],"wp:featuredmedia":[{"embeddable":true,"href":"https:\/\/skaitytaknyga.lt\/en\/wp-json\/wp\/v2\/media\/14815"}],"wp:attachment":[{"href":"https:\/\/skaitytaknyga.lt\/en\/wp-json\/wp\/v2\/media?parent=14814"}],"wp:term":[{"taxonomy":"product_brand","embeddable":true,"href":"https:\/\/skaitytaknyga.lt\/en\/wp-json\/wp\/v2\/product_brand?post=14814"},{"taxonomy":"product_cat","embeddable":true,"href":"https:\/\/skaitytaknyga.lt\/en\/wp-json\/wp\/v2\/product_cat?post=14814"},{"taxonomy":"product_tag","embeddable":true,"href":"https:\/\/skaitytaknyga.lt\/en\/wp-json\/wp\/v2\/product_tag?post=14814"}],"curies":[{"name":"wp","href":"https:\/\/api.w.org\/{rel}","templated":true}]}}