{"id":14810,"date":"2024-11-23T19:32:55","date_gmt":"2024-11-23T17:32:55","guid":{"rendered":"https:\/\/skaitytaknyga.lt\/?post_type=product&#038;p=14810"},"modified":"2025-05-19T15:31:40","modified_gmt":"2025-05-19T12:31:40","slug":"thomas-hardy-tese-is-derberviliu-gimines-28-knyga","status":"publish","type":"product","link":"https:\/\/skaitytaknyga.lt\/en\/produktas\/thomas-hardy-tese-is-derberviliu-gimines-28-knyga\/","title":{"rendered":"Tes\u0117 i\u0161 d&#8217;Erbervili\u0173 gimin\u0117s"},"content":{"rendered":"<p>\u201eTes\u0117 i\u0161 d\u2018Erbervili\u0173 gimin\u0117s\u201c pirm\u0105 kart\u0105 i\u0161leista 1891 m. Tai prie\u0161paskutinis Tomo Hard\u017eio romanas, laikomas vienu geriausi\u0173 jo k\u016brini\u0173.<\/p>\n<p>Meil\u0117, aistra, snobizmas, nusikaltimai&#8230; Visai tai susipyn\u0119 jaunos merginos Tes\u0117s likime. Garsios ir turtingos gimin\u0117s palikuon\u0117 auga ir gyvena skurde, pasmerkta \u017eeminan\u010diai i\u0161laikytin\u0117s daliai. Ta\u010diau mergina i\u0161dr\u012fsta pasiprie\u0161inti likimui ir stoja \u012f kov\u0105 d\u0117l teis\u0117s \u012f laim\u0119 ir meil\u0119. Ar pavyks \u0161iai nuostabaus gro\u017eio ir kaip reta tyros sielos merginai \u012fveikti likim\u0105? Gal u\u017e i\u0161\u0161\u016bk\u012f teks sumok\u0117ti savo ir artim\u0173j\u0173 gyvyb\u0117mis?<\/p>\n<ul class=\"about-product d-none d-xl-block mt-4\">\n<li><strong>Originalus pavadinimas:<\/strong>\u00a0Tess of the d&#8217;Urbervilles<\/li>\n<li><strong>Autorius:<\/strong>\u00a0Thomas Hardy<\/li>\n<li><strong>Leid\u0117jas:<\/strong>\u00a0Valstybin\u0117 gro\u017ein\u0117s literat\u016bros leidykla<\/li>\n<li><strong>Metai:<\/strong>\u00a01963<\/li>\n<li><strong>Puslapiai:<\/strong>\u00a0438<\/li>\n<li class=\"toggleable type-new-formats \"><strong>Formatas:<\/strong>\u00a013,5 x 20,5 cm, kieti vir\u0161eliai<\/li>\n<li><strong>Kalba:<\/strong>\u00a0Lietuvi\u0173<\/li>\n<li><strong>Vert\u0117jas:<\/strong>\u00a0T. Petkevi\u010dius<\/li>\n<\/ul>\n","protected":false},"excerpt":{"rendered":"<p>\u201eTes\u0117 i\u0161 d\u2018Erbervili\u0173 gimin\u0117s\u201c pirm\u0105 kart\u0105 i\u0161leista 1891 m. Tai prie\u0161paskutinis Tomo Hard\u017eio romanas, laikomas vienu geriausi\u0173 jo k\u016brini\u0173. Meil\u0117, aistra, snobizmas, nusikaltimai&#8230; Visai tai susipyn\u0119 jaunos merginos Tes\u0117s likime. Garsios ir turtingos gimin\u0117s palikuon\u0117 auga ir gyvena skurde, pasmerkta \u017eeminan\u010diai i\u0161laikytin\u0117s daliai. Ta\u010diau mergina i\u0161dr\u012fsta pasiprie\u0161inti likimui ir stoja \u012f kov\u0105 d\u0117l teis\u0117s \u012f laim\u0119 ir meil\u0119. Ar pavyks \u0161iai nuostabaus gro\u017eio ir kaip reta tyros sielos merginai \u012fveikti likim\u0105? Gal u\u017e i\u0161\u0161\u016bk\u012f teks sumok\u0117ti savo ir artim\u0173j\u0173 gyvyb\u0117mis? Originalus pavadinimas:\u00a0Tess of the d&#8217;Urbervilles Autorius:\u00a0Thomas Hardy Leid\u0117jas:\u00a0Valstybin\u0117 gro\u017ein\u0117s literat\u016bros leidykla Metai:\u00a01963 Puslapiai:\u00a0438 Formatas:\u00a013,5 x 20,5 cm, kieti vir\u0161eliai Kalba:\u00a0Lietuvi\u0173 Vert\u0117jas:\u00a0T. Petkevi\u010dius<\/p>\n","protected":false},"featured_media":14811,"comment_status":"closed","ping_status":"closed","template":"","meta":{"_acf_changed":false,"site-sidebar-layout":"default","site-content-layout":"","ast-site-content-layout":"default","site-content-style":"default","site-sidebar-style":"default","ast-global-header-display":"","ast-banner-title-visibility":"","ast-main-header-display":"","ast-hfb-above-header-display":"","ast-hfb-below-header-display":"","ast-hfb-mobile-header-display":"","site-post-title":"","ast-breadcrumbs-content":"","ast-featured-img":"","footer-sml-layout":"","ast-disable-related-posts":"","theme-transparent-header-meta":"default","adv-header-id-meta":"","stick-header-meta":"","header-above-stick-meta":"","header-main-stick-meta":"","header-below-stick-meta":"","astra-migrate-meta-layouts":"set","ast-page-background-enabled":"default","ast-page-background-meta":{"desktop":{"background-color":"","background-image":"","background-repeat":"repeat","background-position":"center center","background-size":"auto","background-attachment":"scroll","background-type":"","background-media":"","overlay-type":"","overlay-color":"","overlay-opacity":"","overlay-gradient":""},"tablet":{"background-color":"","background-image":"","background-repeat":"repeat","background-position":"center center","background-size":"auto","background-attachment":"scroll","background-type":"","background-media":"","overlay-type":"","overlay-color":"","overlay-opacity":"","overlay-gradient":""},"mobile":{"background-color":"","background-image":"","background-repeat":"repeat","background-position":"center center","background-size":"auto","background-attachment":"scroll","background-type":"","background-media":"","overlay-type":"","overlay-color":"","overlay-opacity":"","overlay-gradient":""}},"ast-content-background-meta":{"desktop":{"background-color":"var(--ast-global-color-4)","background-image":"","background-repeat":"repeat","background-position":"center center","background-size":"auto","background-attachment":"scroll","background-type":"","background-media":"","overlay-type":"","overlay-color":"","overlay-opacity":"","overlay-gradient":""},"tablet":{"background-color":"var(--ast-global-color-4)","background-image":"","background-repeat":"repeat","background-position":"center center","background-size":"auto","background-attachment":"scroll","background-type":"","background-media":"","overlay-type":"","overlay-color":"","overlay-opacity":"","overlay-gradient":""},"mobile":{"background-color":"var(--ast-global-color-4)","background-image":"","background-repeat":"repeat","background-position":"center center","background-size":"auto","background-attachment":"scroll","background-type":"","background-media":"","overlay-type":"","overlay-color":"","overlay-opacity":"","overlay-gradient":""}}},"product_brand":[],"product_cat":[31],"product_tag":[3944,1437,1796,4148,1745,4147],"class_list":{"0":"post-14810","1":"product","2":"type-product","3":"status-publish","4":"has-post-thumbnail","6":"product_cat-grozine-literatura","7":"product_tag-anglu-literatura","8":"product_tag-klasika","9":"product_tag-meile","10":"product_tag-moters-likimas","11":"product_tag-romanas","12":"product_tag-thomas-hardy","13":"desktop-align-left","14":"tablet-align-left","15":"mobile-align-left","17":"first","18":"instock","19":"shipping-taxable","20":"purchasable","21":"product-type-simple"},"acf":[],"yoast_head":"<!-- This site is optimized with the Yoast SEO plugin v27.0 - https:\/\/yoast.com\/product\/yoast-seo-wordpress\/ -->\n<title>Tes\u0117 i\u0161 d&#039;Erbervili\u0173 gimin\u0117s<\/title>\n<meta name=\"description\" content=\"\u201eTes\u0117 i\u0161 d\u2018Erbervili\u0173 gimin\u0117s\u201c pirm\u0105 kart\u0105 i\u0161leista 1891 m. Tai prie\u0161paskutinis Tomo Hard\u017eio romanas, laikomas vienu geriausi\u0173 jo k\u016brini\u0173. Meil\u0117, aistra,\" \/>\n<meta name=\"robots\" content=\"index, follow, max-snippet:-1, max-image-preview:large, max-video-preview:-1\" \/>\n<link rel=\"canonical\" href=\"https:\/\/skaitytaknyga.lt\/en\/produktas\/thomas-hardy-tese-is-derberviliu-gimines-28-knyga\/\" \/>\n<meta property=\"og:locale\" content=\"en_GB\" \/>\n<meta property=\"og:locale:alternate\" content=\"lt_LT\" \/>\n<meta property=\"og:type\" content=\"article\" \/>\n<meta property=\"og:title\" content=\"Tes\u0117 i\u0161 d&#039;Erbervili\u0173 gimin\u0117s\" \/>\n<meta property=\"og:description\" content=\"\u201eTes\u0117 i\u0161 d\u2018Erbervili\u0173 gimin\u0117s\u201c pirm\u0105 kart\u0105 i\u0161leista 1891 m. Tai prie\u0161paskutinis Tomo Hard\u017eio romanas, laikomas vienu geriausi\u0173 jo k\u016brini\u0173. Meil\u0117, aistra,\" \/>\n<meta property=\"og:url\" content=\"https:\/\/skaitytaknyga.lt\/en\/produktas\/thomas-hardy-tese-is-derberviliu-gimines-28-knyga\/\" \/>\n<meta property=\"og:site_name\" content=\"Skaitytaknyga\" \/>\n<meta property=\"article:publisher\" content=\"https:\/\/www.facebook.com\/skaitytaknyga\/\" \/>\n<meta property=\"article:modified_time\" content=\"2025-05-19T12:31:40+00:00\" \/>\n<meta property=\"og:image\" content=\"https:\/\/skaitytaknyga.lt\/wp-content\/uploads\/2024\/11\/Thomas-Hardy-\u201eTese-is-dErberviliu-gimines.webp\" \/>\n\t<meta property=\"og:image:width\" content=\"530\" \/>\n\t<meta property=\"og:image:height\" content=\"800\" \/>\n\t<meta property=\"og:image:type\" content=\"image\/webp\" \/>\n<meta name=\"twitter:card\" content=\"summary_large_image\" \/>\n<meta name=\"twitter:label1\" content=\"Estimated reading time\" \/>\n\t<meta name=\"twitter:data1\" content=\"1 minute\" \/>\n<script type=\"application\/ld+json\" class=\"yoast-schema-graph\">{\"@context\":\"https:\/\/schema.org\",\"@graph\":[{\"@type\":\"WebPage\",\"@id\":\"https:\/\/skaitytaknyga.lt\/produktas\/thomas-hardy-tese-is-derberviliu-gimines-28-knyga\/\",\"url\":\"https:\/\/skaitytaknyga.lt\/produktas\/thomas-hardy-tese-is-derberviliu-gimines-28-knyga\/\",\"name\":\"Tes\u0117 i\u0161 d'Erbervili\u0173 gimin\u0117s\",\"isPartOf\":{\"@id\":\"https:\/\/skaitytaknyga.lt\/#website\"},\"primaryImageOfPage\":{\"@id\":\"https:\/\/skaitytaknyga.lt\/produktas\/thomas-hardy-tese-is-derberviliu-gimines-28-knyga\/#primaryimage\"},\"image\":{\"@id\":\"https:\/\/skaitytaknyga.lt\/produktas\/thomas-hardy-tese-is-derberviliu-gimines-28-knyga\/#primaryimage\"},\"thumbnailUrl\":\"https:\/\/skaitytaknyga.lt\/wp-content\/uploads\/2024\/11\/Thomas-Hardy-\u201eTese-is-dErberviliu-gimines.webp\",\"datePublished\":\"2024-11-23T17:32:55+00:00\",\"dateModified\":\"2025-05-19T12:31:40+00:00\",\"description\":\"\u201eTes\u0117 i\u0161 d\u2018Erbervili\u0173 gimin\u0117s\u201c pirm\u0105 kart\u0105 i\u0161leista 1891 m. Tai prie\u0161paskutinis Tomo Hard\u017eio romanas, laikomas vienu geriausi\u0173 jo k\u016brini\u0173. Meil\u0117, aistra,\",\"breadcrumb\":{\"@id\":\"https:\/\/skaitytaknyga.lt\/produktas\/thomas-hardy-tese-is-derberviliu-gimines-28-knyga\/#breadcrumb\"},\"inLanguage\":\"en-GB\",\"potentialAction\":[{\"@type\":\"ReadAction\",\"target\":[\"https:\/\/skaitytaknyga.lt\/produktas\/thomas-hardy-tese-is-derberviliu-gimines-28-knyga\/\"]}]},{\"@type\":\"ImageObject\",\"inLanguage\":\"en-GB\",\"@id\":\"https:\/\/skaitytaknyga.lt\/produktas\/thomas-hardy-tese-is-derberviliu-gimines-28-knyga\/#primaryimage\",\"url\":\"https:\/\/skaitytaknyga.lt\/wp-content\/uploads\/2024\/11\/Thomas-Hardy-\u201eTese-is-dErberviliu-gimines.webp\",\"contentUrl\":\"https:\/\/skaitytaknyga.lt\/wp-content\/uploads\/2024\/11\/Thomas-Hardy-\u201eTese-is-dErberviliu-gimines.webp\",\"width\":530,\"height\":800,\"caption\":\"Thomas Hardy \u201eTes\u0117 i\u0161 d'Erbervili\u0173 gimin\u0117s\u201c\"},{\"@type\":\"BreadcrumbList\",\"@id\":\"https:\/\/skaitytaknyga.lt\/produktas\/thomas-hardy-tese-is-derberviliu-gimines-28-knyga\/#breadcrumb\",\"itemListElement\":[{\"@type\":\"ListItem\",\"position\":1,\"name\":\"Home\",\"item\":\"https:\/\/skaitytaknyga.lt\/\"},{\"@type\":\"ListItem\",\"position\":2,\"name\":\"Parduotuv\u0117\",\"item\":\"https:\/\/skaitytaknyga.lt\/knygu-parduotuve\/\"},{\"@type\":\"ListItem\",\"position\":3,\"name\":\"Tes\u0117 i\u0161 d&#8217;Erbervili\u0173 gimin\u0117s\"}]},{\"@type\":\"WebSite\",\"@id\":\"https:\/\/skaitytaknyga.lt\/#website\",\"url\":\"https:\/\/skaitytaknyga.lt\/\",\"name\":\"skaitytaknyga.lt\",\"description\":\"Skaitytaknyga.lt \u2013 tai ma\u017eas \u0161eimos verslas, kuris prasid\u0117jo nuo meil\u0117s knygoms ir siekio i\u0161gelb\u0117ti knygas nuo likimo prie konteinerio. Kas vienam nereikalingas daiktas \u2013 kitam lobis, o mes esame tarpininkai, kurie padeda abiems tapti laimingesniems ???? \u017dinome kaip nelengva i\u0161gyventi ma\u017eiems verslams, tad nuo \u0161iol, \u010dia rasite ir kit\u0173, ma\u017e\u0173 \u0161eim\u0173 versl\u0173, rank\u0173 darbo, dovan\u0173 sau ir artimiesiems.\",\"publisher\":{\"@id\":\"https:\/\/skaitytaknyga.lt\/#organization\"},\"potentialAction\":[{\"@type\":\"SearchAction\",\"target\":{\"@type\":\"EntryPoint\",\"urlTemplate\":\"https:\/\/skaitytaknyga.lt\/?s={search_term_string}\"},\"query-input\":{\"@type\":\"PropertyValueSpecification\",\"valueRequired\":true,\"valueName\":\"search_term_string\"}}],\"inLanguage\":\"en-GB\"},{\"@type\":\"Organization\",\"@id\":\"https:\/\/skaitytaknyga.lt\/#organization\",\"name\":\"skaitytaknyga.lt\",\"url\":\"https:\/\/skaitytaknyga.lt\/\",\"logo\":{\"@type\":\"ImageObject\",\"inLanguage\":\"en-GB\",\"@id\":\"https:\/\/skaitytaknyga.lt\/#\/schema\/logo\/image\/\",\"url\":\"https:\/\/skaitytaknyga.lt\/wp-content\/uploads\/2024\/05\/cropped-cropped-cropped-02_00843_jt3bggkj1j3HLc7SyY6rEUpg.jpeg\",\"contentUrl\":\"https:\/\/skaitytaknyga.lt\/wp-content\/uploads\/2024\/05\/cropped-cropped-cropped-02_00843_jt3bggkj1j3HLc7SyY6rEUpg.jpeg\",\"width\":1600,\"height\":1600,\"caption\":\"skaitytaknyga.lt\"},\"image\":{\"@id\":\"https:\/\/skaitytaknyga.lt\/#\/schema\/logo\/image\/\"},\"sameAs\":[\"https:\/\/www.facebook.com\/skaitytaknyga\/\"]}]}<\/script>\n<!-- \/ Yoast SEO plugin. -->","yoast_head_json":{"title":"Tes\u0117 i\u0161 d'Erbervili\u0173 gimin\u0117s","description":"\u201eTes\u0117 i\u0161 d\u2018Erbervili\u0173 gimin\u0117s\u201c pirm\u0105 kart\u0105 i\u0161leista 1891 m. Tai prie\u0161paskutinis Tomo Hard\u017eio romanas, laikomas vienu geriausi\u0173 jo k\u016brini\u0173. Meil\u0117, aistra,","robots":{"index":"index","follow":"follow","max-snippet":"max-snippet:-1","max-image-preview":"max-image-preview:large","max-video-preview":"max-video-preview:-1"},"canonical":"https:\/\/skaitytaknyga.lt\/en\/produktas\/thomas-hardy-tese-is-derberviliu-gimines-28-knyga\/","og_locale":"en_GB","og_type":"article","og_title":"[:lt]Tes\u0117 i\u0161 d'Erbervili\u0173 gimin\u0117s[:] - Skaitytaknyga","og_description":"\u201eTes\u0117 i\u0161 d\u2018Erbervili\u0173 gimin\u0117s\u201c pirm\u0105 kart\u0105 i\u0161leista 1891 m. Tai prie\u0161paskutinis Tomo Hard\u017eio romanas, laikomas vienu geriausi\u0173 jo k\u016brini\u0173. Meil\u0117, aistra,","og_url":"https:\/\/skaitytaknyga.lt\/en\/produktas\/thomas-hardy-tese-is-derberviliu-gimines-28-knyga\/","og_site_name":"Skaitytaknyga","article_publisher":"https:\/\/www.facebook.com\/skaitytaknyga\/","article_modified_time":"2025-05-19T12:31:40+00:00","og_image":[{"width":530,"height":800,"url":"https:\/\/skaitytaknyga.lt\/wp-content\/uploads\/2024\/11\/Thomas-Hardy-\u201eTese-is-dErberviliu-gimines.webp","type":"image\/webp"}],"twitter_card":"summary_large_image","twitter_misc":{"Estimated reading time":"1 minute"},"schema":{"@context":"https:\/\/schema.org","@graph":[{"@type":"WebPage","@id":"https:\/\/skaitytaknyga.lt\/produktas\/thomas-hardy-tese-is-derberviliu-gimines-28-knyga\/","url":"https:\/\/skaitytaknyga.lt\/produktas\/thomas-hardy-tese-is-derberviliu-gimines-28-knyga\/","name":"Tes\u0117 i\u0161 d'Erbervili\u0173 gimin\u0117s","isPartOf":{"@id":"https:\/\/skaitytaknyga.lt\/#website"},"primaryImageOfPage":{"@id":"https:\/\/skaitytaknyga.lt\/produktas\/thomas-hardy-tese-is-derberviliu-gimines-28-knyga\/#primaryimage"},"image":{"@id":"https:\/\/skaitytaknyga.lt\/produktas\/thomas-hardy-tese-is-derberviliu-gimines-28-knyga\/#primaryimage"},"thumbnailUrl":"https:\/\/skaitytaknyga.lt\/wp-content\/uploads\/2024\/11\/Thomas-Hardy-\u201eTese-is-dErberviliu-gimines.webp","datePublished":"2024-11-23T17:32:55+00:00","dateModified":"2025-05-19T12:31:40+00:00","description":"\u201eTes\u0117 i\u0161 d\u2018Erbervili\u0173 gimin\u0117s\u201c pirm\u0105 kart\u0105 i\u0161leista 1891 m. Tai prie\u0161paskutinis Tomo Hard\u017eio romanas, laikomas vienu geriausi\u0173 jo k\u016brini\u0173. Meil\u0117, aistra,","breadcrumb":{"@id":"https:\/\/skaitytaknyga.lt\/produktas\/thomas-hardy-tese-is-derberviliu-gimines-28-knyga\/#breadcrumb"},"inLanguage":"en-GB","potentialAction":[{"@type":"ReadAction","target":["https:\/\/skaitytaknyga.lt\/produktas\/thomas-hardy-tese-is-derberviliu-gimines-28-knyga\/"]}]},{"@type":"ImageObject","inLanguage":"en-GB","@id":"https:\/\/skaitytaknyga.lt\/produktas\/thomas-hardy-tese-is-derberviliu-gimines-28-knyga\/#primaryimage","url":"https:\/\/skaitytaknyga.lt\/wp-content\/uploads\/2024\/11\/Thomas-Hardy-\u201eTese-is-dErberviliu-gimines.webp","contentUrl":"https:\/\/skaitytaknyga.lt\/wp-content\/uploads\/2024\/11\/Thomas-Hardy-\u201eTese-is-dErberviliu-gimines.webp","width":530,"height":800,"caption":"Thomas Hardy \u201eTes\u0117 i\u0161 d'Erbervili\u0173 gimin\u0117s\u201c"},{"@type":"BreadcrumbList","@id":"https:\/\/skaitytaknyga.lt\/produktas\/thomas-hardy-tese-is-derberviliu-gimines-28-knyga\/#breadcrumb","itemListElement":[{"@type":"ListItem","position":1,"name":"Home","item":"https:\/\/skaitytaknyga.lt\/"},{"@type":"ListItem","position":2,"name":"Parduotuv\u0117","item":"https:\/\/skaitytaknyga.lt\/knygu-parduotuve\/"},{"@type":"ListItem","position":3,"name":"Tes\u0117 i\u0161 d&#8217;Erbervili\u0173 gimin\u0117s"}]},{"@type":"WebSite","@id":"https:\/\/skaitytaknyga.lt\/#website","url":"https:\/\/skaitytaknyga.lt\/","name":"skaitytaknyga.lt","description":"Skaitytaknyga.lt \u2013 tai ma\u017eas \u0161eimos verslas, kuris prasid\u0117jo nuo meil\u0117s knygoms ir siekio i\u0161gelb\u0117ti knygas nuo likimo prie konteinerio. Kas vienam nereikalingas daiktas \u2013 kitam lobis, o mes esame tarpininkai, kurie padeda abiems tapti laimingesniems ???? \u017dinome kaip nelengva i\u0161gyventi ma\u017eiems verslams, tad nuo \u0161iol, \u010dia rasite ir kit\u0173, ma\u017e\u0173 \u0161eim\u0173 versl\u0173, rank\u0173 darbo, dovan\u0173 sau ir artimiesiems.","publisher":{"@id":"https:\/\/skaitytaknyga.lt\/#organization"},"potentialAction":[{"@type":"SearchAction","target":{"@type":"EntryPoint","urlTemplate":"https:\/\/skaitytaknyga.lt\/?s={search_term_string}"},"query-input":{"@type":"PropertyValueSpecification","valueRequired":true,"valueName":"search_term_string"}}],"inLanguage":"en-GB"},{"@type":"Organization","@id":"https:\/\/skaitytaknyga.lt\/#organization","name":"skaitytaknyga.lt","url":"https:\/\/skaitytaknyga.lt\/","logo":{"@type":"ImageObject","inLanguage":"en-GB","@id":"https:\/\/skaitytaknyga.lt\/#\/schema\/logo\/image\/","url":"https:\/\/skaitytaknyga.lt\/wp-content\/uploads\/2024\/05\/cropped-cropped-cropped-02_00843_jt3bggkj1j3HLc7SyY6rEUpg.jpeg","contentUrl":"https:\/\/skaitytaknyga.lt\/wp-content\/uploads\/2024\/05\/cropped-cropped-cropped-02_00843_jt3bggkj1j3HLc7SyY6rEUpg.jpeg","width":1600,"height":1600,"caption":"skaitytaknyga.lt"},"image":{"@id":"https:\/\/skaitytaknyga.lt\/#\/schema\/logo\/image\/"},"sameAs":["https:\/\/www.facebook.com\/skaitytaknyga\/"]}]}},"_links":{"self":[{"href":"https:\/\/skaitytaknyga.lt\/en\/wp-json\/wp\/v2\/product\/14810","targetHints":{"allow":["GET"]}}],"collection":[{"href":"https:\/\/skaitytaknyga.lt\/en\/wp-json\/wp\/v2\/product"}],"about":[{"href":"https:\/\/skaitytaknyga.lt\/en\/wp-json\/wp\/v2\/types\/product"}],"replies":[{"embeddable":true,"href":"https:\/\/skaitytaknyga.lt\/en\/wp-json\/wp\/v2\/comments?post=14810"}],"wp:featuredmedia":[{"embeddable":true,"href":"https:\/\/skaitytaknyga.lt\/en\/wp-json\/wp\/v2\/media\/14811"}],"wp:attachment":[{"href":"https:\/\/skaitytaknyga.lt\/en\/wp-json\/wp\/v2\/media?parent=14810"}],"wp:term":[{"taxonomy":"product_brand","embeddable":true,"href":"https:\/\/skaitytaknyga.lt\/en\/wp-json\/wp\/v2\/product_brand?post=14810"},{"taxonomy":"product_cat","embeddable":true,"href":"https:\/\/skaitytaknyga.lt\/en\/wp-json\/wp\/v2\/product_cat?post=14810"},{"taxonomy":"product_tag","embeddable":true,"href":"https:\/\/skaitytaknyga.lt\/en\/wp-json\/wp\/v2\/product_tag?post=14810"}],"curies":[{"name":"wp","href":"https:\/\/api.w.org\/{rel}","templated":true}]}}