{"id":14809,"date":"2024-11-23T19:27:28","date_gmt":"2024-11-23T17:27:28","guid":{"rendered":"https:\/\/skaitytaknyga.lt\/?post_type=product&#038;p=14809"},"modified":"2025-05-24T20:56:08","modified_gmt":"2025-05-24T17:56:08","slug":"grafas-montekristas-iliustruota-didzioji-klasika-yra-keli-tusinuko-bruksniai","status":"publish","type":"product","link":"https:\/\/skaitytaknyga.lt\/en\/produktas\/grafas-montekristas-iliustruota-didzioji-klasika-yra-keli-tusinuko-bruksniai\/","title":{"rendered":"Grafas Montekristas. Iliustruota did\u017eioji klasika (yra keli tu\u0161inuko bruk\u0161niai)"},"content":{"rendered":"<p>Jaunimo literat\u016bros klasiko Aleksandro Diuma (1802\u20131870) romane pasakojami j\u016breivio Edmono Danteso nuotykiai. Pasivadin\u0119s grafu Montekristu, jis padeda skriaud\u017eiamiems \u017emon\u0117ms ir negailestingai atker\u0161ija savo nelaimi\u0173 kaltininkams.<\/p>\n<p>Tai intriguojanti istorija apie skriaud\u0105, neteisyb\u0119 ir ker\u0161t\u0105, atskleid\u017eianti XIX a. Pranc\u016bzijos skirting\u0173 visuomen\u0117s sluoksni\u0173 gyvenim\u0105. Joje \u2013 spalvingi charakteriai, stiprios aistros.<\/p>\n<ul class=\"about-product d-none d-xl-block mt-4\">\n<li><strong>Autorius:<\/strong>\u00a0Aleksandras Diuma<\/li>\n<li><strong>Leid\u0117jas:<\/strong>\u00a0Alka<\/li>\n<li><strong>Metai:<\/strong>\u00a01998<\/li>\n<li><strong>Puslapiai:<\/strong>\u00a0237<\/li>\n<li class=\"toggleable type-new-formats \"><strong>ISBN-10:<\/strong>\u00a09986459354<\/li>\n<li class=\"toggleable type-new-formats \"><strong>ISBN-13:<\/strong>\u00a09789986459354<\/li>\n<li class=\"toggleable type-new-formats \"><strong>Formatas:<\/strong>\u00a014 x 20 cm, kieti vir\u0161eliai<\/li>\n<li><strong>Kalba:<\/strong>\u00a0Lietuvi\u0173<\/li>\n<li><strong>Vert\u0117jas:<\/strong>\u00a0Edmundas Ju\u0161kys<\/li>\n<\/ul>\n","protected":false},"excerpt":{"rendered":"<p>Jaunimo literat\u016bros klasiko Aleksandro Diuma (1802\u20131870) romane pasakojami j\u016breivio Edmono Danteso nuotykiai. Pasivadin\u0119s grafu Montekristu, jis padeda skriaud\u017eiamiems \u017emon\u0117ms ir negailestingai atker\u0161ija savo nelaimi\u0173 kaltininkams. Tai intriguojanti istorija apie skriaud\u0105, neteisyb\u0119 ir ker\u0161t\u0105, atskleid\u017eianti XIX a. Pranc\u016bzijos skirting\u0173 visuomen\u0117s sluoksni\u0173 gyvenim\u0105. Joje \u2013 spalvingi charakteriai, stiprios aistros. Autorius:\u00a0Aleksandras Diuma Leid\u0117jas:\u00a0Alka Metai:\u00a01998 Puslapiai:\u00a0237 ISBN-10:\u00a09986459354 ISBN-13:\u00a09789986459354 Formatas:\u00a014 x 20 cm, kieti vir\u0161eliai Kalba:\u00a0Lietuvi\u0173 Vert\u0117jas:\u00a0Edmundas Ju\u0161kys<\/p>\n","protected":false},"featured_media":14900,"comment_status":"open","ping_status":"closed","template":"","meta":{"_acf_changed":false,"site-sidebar-layout":"default","site-content-layout":"","ast-site-content-layout":"default","site-content-style":"default","site-sidebar-style":"default","ast-global-header-display":"","ast-banner-title-visibility":"","ast-main-header-display":"","ast-hfb-above-header-display":"","ast-hfb-below-header-display":"","ast-hfb-mobile-header-display":"","site-post-title":"","ast-breadcrumbs-content":"","ast-featured-img":"","footer-sml-layout":"","ast-disable-related-posts":"","theme-transparent-header-meta":"default","adv-header-id-meta":"","stick-header-meta":"","header-above-stick-meta":"","header-main-stick-meta":"","header-below-stick-meta":"","astra-migrate-meta-layouts":"set","ast-page-background-enabled":"default","ast-page-background-meta":{"desktop":{"background-color":"","background-image":"","background-repeat":"repeat","background-position":"center center","background-size":"auto","background-attachment":"scroll","background-type":"","background-media":"","overlay-type":"","overlay-color":"","overlay-opacity":"","overlay-gradient":""},"tablet":{"background-color":"","background-image":"","background-repeat":"repeat","background-position":"center center","background-size":"auto","background-attachment":"scroll","background-type":"","background-media":"","overlay-type":"","overlay-color":"","overlay-opacity":"","overlay-gradient":""},"mobile":{"background-color":"","background-image":"","background-repeat":"repeat","background-position":"center center","background-size":"auto","background-attachment":"scroll","background-type":"","background-media":"","overlay-type":"","overlay-color":"","overlay-opacity":"","overlay-gradient":""}},"ast-content-background-meta":{"desktop":{"background-color":"var(--ast-global-color-4)","background-image":"","background-repeat":"repeat","background-position":"center center","background-size":"auto","background-attachment":"scroll","background-type":"","background-media":"","overlay-type":"","overlay-color":"","overlay-opacity":"","overlay-gradient":""},"tablet":{"background-color":"var(--ast-global-color-4)","background-image":"","background-repeat":"repeat","background-position":"center center","background-size":"auto","background-attachment":"scroll","background-type":"","background-media":"","overlay-type":"","overlay-color":"","overlay-opacity":"","overlay-gradient":""},"mobile":{"background-color":"var(--ast-global-color-4)","background-image":"","background-repeat":"repeat","background-position":"center center","background-size":"auto","background-attachment":"scroll","background-type":"","background-media":"","overlay-type":"","overlay-color":"","overlay-opacity":"","overlay-gradient":""}}},"product_brand":[],"product_cat":[15,35],"product_tag":[],"class_list":{"0":"post-14809","1":"product","2":"type-product","3":"status-publish","4":"has-post-thumbnail","6":"product_cat-uncategorized","7":"product_cat-vaikams-ir-paaugliams","8":"desktop-align-left","9":"tablet-align-left","10":"mobile-align-left","12":"first","13":"outofstock","14":"shipping-taxable","15":"purchasable","16":"product-type-simple"},"acf":[],"yoast_head":"<!-- This site is optimized with the Yoast SEO plugin v27.0 - https:\/\/yoast.com\/product\/yoast-seo-wordpress\/ -->\n<title>Grafas Montekristas. Iliustruota did\u017eioji klasika (yra keli tu\u0161inuko bruk\u0161niai)<\/title>\n<meta name=\"description\" content=\"Jaunimo literat\u016bros klasiko Aleksandro Diuma (1802\u20131870) romane pasakojami j\u016breivio Edmono Danteso nuotykiai. Pasivadin\u0119s grafu Montekristu, jis padeda\" \/>\n<meta name=\"robots\" content=\"index, follow, max-snippet:-1, max-image-preview:large, max-video-preview:-1\" \/>\n<link rel=\"canonical\" href=\"https:\/\/skaitytaknyga.lt\/en\/produktas\/grafas-montekristas-iliustruota-didzioji-klasika-yra-keli-tusinuko-bruksniai\/\" \/>\n<meta property=\"og:locale\" content=\"en_GB\" \/>\n<meta property=\"og:locale:alternate\" content=\"lt_LT\" \/>\n<meta property=\"og:type\" content=\"article\" \/>\n<meta property=\"og:title\" content=\"Grafas Montekristas. Iliustruota did\u017eioji klasika (yra keli tu\u0161inuko bruk\u0161niai)\" \/>\n<meta property=\"og:description\" content=\"Jaunimo literat\u016bros klasiko Aleksandro Diuma (1802\u20131870) romane pasakojami j\u016breivio Edmono Danteso nuotykiai. Pasivadin\u0119s grafu Montekristu, jis padeda\" \/>\n<meta property=\"og:url\" content=\"https:\/\/skaitytaknyga.lt\/en\/produktas\/grafas-montekristas-iliustruota-didzioji-klasika-yra-keli-tusinuko-bruksniai\/\" \/>\n<meta property=\"og:site_name\" content=\"Skaitytaknyga\" \/>\n<meta property=\"article:publisher\" content=\"https:\/\/www.facebook.com\/skaitytaknyga\/\" \/>\n<meta property=\"article:modified_time\" content=\"2025-05-24T17:56:08+00:00\" \/>\n<meta property=\"og:image\" content=\"https:\/\/skaitytaknyga.lt\/wp-content\/uploads\/2024\/11\/Grafas-Montekristas.-Iliustruota-didzioji-klasika.webp\" \/>\n\t<meta property=\"og:image:width\" content=\"536\" \/>\n\t<meta property=\"og:image:height\" content=\"800\" \/>\n\t<meta property=\"og:image:type\" content=\"image\/webp\" \/>\n<meta name=\"twitter:card\" content=\"summary_large_image\" \/>\n<meta name=\"twitter:label1\" content=\"Estimated reading time\" \/>\n\t<meta name=\"twitter:data1\" content=\"1 minute\" \/>\n<script type=\"application\/ld+json\" class=\"yoast-schema-graph\">{\"@context\":\"https:\/\/schema.org\",\"@graph\":[{\"@type\":\"WebPage\",\"@id\":\"https:\/\/skaitytaknyga.lt\/produktas\/grafas-montekristas-iliustruota-didzioji-klasika-yra-keli-tusinuko-bruksniai\/\",\"url\":\"https:\/\/skaitytaknyga.lt\/produktas\/grafas-montekristas-iliustruota-didzioji-klasika-yra-keli-tusinuko-bruksniai\/\",\"name\":\"Grafas Montekristas. Iliustruota did\u017eioji klasika (yra keli tu\u0161inuko bruk\u0161niai)\",\"isPartOf\":{\"@id\":\"https:\/\/skaitytaknyga.lt\/#website\"},\"primaryImageOfPage\":{\"@id\":\"https:\/\/skaitytaknyga.lt\/produktas\/grafas-montekristas-iliustruota-didzioji-klasika-yra-keli-tusinuko-bruksniai\/#primaryimage\"},\"image\":{\"@id\":\"https:\/\/skaitytaknyga.lt\/produktas\/grafas-montekristas-iliustruota-didzioji-klasika-yra-keli-tusinuko-bruksniai\/#primaryimage\"},\"thumbnailUrl\":\"https:\/\/skaitytaknyga.lt\/wp-content\/uploads\/2024\/11\/Grafas-Montekristas.-Iliustruota-didzioji-klasika.webp\",\"datePublished\":\"2024-11-23T17:27:28+00:00\",\"dateModified\":\"2025-05-24T17:56:08+00:00\",\"description\":\"Jaunimo literat\u016bros klasiko Aleksandro Diuma (1802\u20131870) romane pasakojami j\u016breivio Edmono Danteso nuotykiai. Pasivadin\u0119s grafu Montekristu, jis padeda\",\"breadcrumb\":{\"@id\":\"https:\/\/skaitytaknyga.lt\/produktas\/grafas-montekristas-iliustruota-didzioji-klasika-yra-keli-tusinuko-bruksniai\/#breadcrumb\"},\"inLanguage\":\"en-GB\",\"potentialAction\":[{\"@type\":\"ReadAction\",\"target\":[\"https:\/\/skaitytaknyga.lt\/produktas\/grafas-montekristas-iliustruota-didzioji-klasika-yra-keli-tusinuko-bruksniai\/\"]}]},{\"@type\":\"ImageObject\",\"inLanguage\":\"en-GB\",\"@id\":\"https:\/\/skaitytaknyga.lt\/produktas\/grafas-montekristas-iliustruota-didzioji-klasika-yra-keli-tusinuko-bruksniai\/#primaryimage\",\"url\":\"https:\/\/skaitytaknyga.lt\/wp-content\/uploads\/2024\/11\/Grafas-Montekristas.-Iliustruota-didzioji-klasika.webp\",\"contentUrl\":\"https:\/\/skaitytaknyga.lt\/wp-content\/uploads\/2024\/11\/Grafas-Montekristas.-Iliustruota-didzioji-klasika.webp\",\"width\":536,\"height\":800,\"caption\":\"Grafas Montekristas. Iliustruota did\u017eioji klasika (yra keli tu\u0161inuko bruk\u0161niai)\"},{\"@type\":\"BreadcrumbList\",\"@id\":\"https:\/\/skaitytaknyga.lt\/produktas\/grafas-montekristas-iliustruota-didzioji-klasika-yra-keli-tusinuko-bruksniai\/#breadcrumb\",\"itemListElement\":[{\"@type\":\"ListItem\",\"position\":1,\"name\":\"Home\",\"item\":\"https:\/\/skaitytaknyga.lt\/\"},{\"@type\":\"ListItem\",\"position\":2,\"name\":\"Parduotuv\u0117\",\"item\":\"https:\/\/skaitytaknyga.lt\/knygu-parduotuve\/\"},{\"@type\":\"ListItem\",\"position\":3,\"name\":\"Grafas Montekristas. Iliustruota did\u017eioji klasika (yra keli tu\u0161inuko bruk\u0161niai)\"}]},{\"@type\":\"WebSite\",\"@id\":\"https:\/\/skaitytaknyga.lt\/#website\",\"url\":\"https:\/\/skaitytaknyga.lt\/\",\"name\":\"skaitytaknyga.lt\",\"description\":\"Skaitytaknyga.lt \u2013 tai ma\u017eas \u0161eimos verslas, kuris prasid\u0117jo nuo meil\u0117s knygoms ir siekio i\u0161gelb\u0117ti knygas nuo likimo prie konteinerio. Kas vienam nereikalingas daiktas \u2013 kitam lobis, o mes esame tarpininkai, kurie padeda abiems tapti laimingesniems ???? \u017dinome kaip nelengva i\u0161gyventi ma\u017eiems verslams, tad nuo \u0161iol, \u010dia rasite ir kit\u0173, ma\u017e\u0173 \u0161eim\u0173 versl\u0173, rank\u0173 darbo, dovan\u0173 sau ir artimiesiems.\",\"publisher\":{\"@id\":\"https:\/\/skaitytaknyga.lt\/#organization\"},\"potentialAction\":[{\"@type\":\"SearchAction\",\"target\":{\"@type\":\"EntryPoint\",\"urlTemplate\":\"https:\/\/skaitytaknyga.lt\/?s={search_term_string}\"},\"query-input\":{\"@type\":\"PropertyValueSpecification\",\"valueRequired\":true,\"valueName\":\"search_term_string\"}}],\"inLanguage\":\"en-GB\"},{\"@type\":\"Organization\",\"@id\":\"https:\/\/skaitytaknyga.lt\/#organization\",\"name\":\"skaitytaknyga.lt\",\"url\":\"https:\/\/skaitytaknyga.lt\/\",\"logo\":{\"@type\":\"ImageObject\",\"inLanguage\":\"en-GB\",\"@id\":\"https:\/\/skaitytaknyga.lt\/#\/schema\/logo\/image\/\",\"url\":\"https:\/\/skaitytaknyga.lt\/wp-content\/uploads\/2024\/05\/cropped-cropped-cropped-02_00843_jt3bggkj1j3HLc7SyY6rEUpg.jpeg\",\"contentUrl\":\"https:\/\/skaitytaknyga.lt\/wp-content\/uploads\/2024\/05\/cropped-cropped-cropped-02_00843_jt3bggkj1j3HLc7SyY6rEUpg.jpeg\",\"width\":1600,\"height\":1600,\"caption\":\"skaitytaknyga.lt\"},\"image\":{\"@id\":\"https:\/\/skaitytaknyga.lt\/#\/schema\/logo\/image\/\"},\"sameAs\":[\"https:\/\/www.facebook.com\/skaitytaknyga\/\"]}]}<\/script>\n<!-- \/ Yoast SEO plugin. -->","yoast_head_json":{"title":"Grafas Montekristas. Iliustruota did\u017eioji klasika (yra keli tu\u0161inuko bruk\u0161niai)","description":"Jaunimo literat\u016bros klasiko Aleksandro Diuma (1802\u20131870) romane pasakojami j\u016breivio Edmono Danteso nuotykiai. Pasivadin\u0119s grafu Montekristu, jis padeda","robots":{"index":"index","follow":"follow","max-snippet":"max-snippet:-1","max-image-preview":"max-image-preview:large","max-video-preview":"max-video-preview:-1"},"canonical":"https:\/\/skaitytaknyga.lt\/en\/produktas\/grafas-montekristas-iliustruota-didzioji-klasika-yra-keli-tusinuko-bruksniai\/","og_locale":"en_GB","og_type":"article","og_title":"[:lt]Grafas Montekristas. Iliustruota did\u017eioji klasika (yra keli tu\u0161inuko bruk\u0161niai)[:] - Skaitytaknyga","og_description":"Jaunimo literat\u016bros klasiko Aleksandro Diuma (1802\u20131870) romane pasakojami j\u016breivio Edmono Danteso nuotykiai. Pasivadin\u0119s grafu Montekristu, jis padeda","og_url":"https:\/\/skaitytaknyga.lt\/en\/produktas\/grafas-montekristas-iliustruota-didzioji-klasika-yra-keli-tusinuko-bruksniai\/","og_site_name":"Skaitytaknyga","article_publisher":"https:\/\/www.facebook.com\/skaitytaknyga\/","article_modified_time":"2025-05-24T17:56:08+00:00","og_image":[{"width":536,"height":800,"url":"https:\/\/skaitytaknyga.lt\/wp-content\/uploads\/2024\/11\/Grafas-Montekristas.-Iliustruota-didzioji-klasika.webp","type":"image\/webp"}],"twitter_card":"summary_large_image","twitter_misc":{"Estimated reading time":"1 minute"},"schema":{"@context":"https:\/\/schema.org","@graph":[{"@type":"WebPage","@id":"https:\/\/skaitytaknyga.lt\/produktas\/grafas-montekristas-iliustruota-didzioji-klasika-yra-keli-tusinuko-bruksniai\/","url":"https:\/\/skaitytaknyga.lt\/produktas\/grafas-montekristas-iliustruota-didzioji-klasika-yra-keli-tusinuko-bruksniai\/","name":"Grafas Montekristas. Iliustruota did\u017eioji klasika (yra keli tu\u0161inuko bruk\u0161niai)","isPartOf":{"@id":"https:\/\/skaitytaknyga.lt\/#website"},"primaryImageOfPage":{"@id":"https:\/\/skaitytaknyga.lt\/produktas\/grafas-montekristas-iliustruota-didzioji-klasika-yra-keli-tusinuko-bruksniai\/#primaryimage"},"image":{"@id":"https:\/\/skaitytaknyga.lt\/produktas\/grafas-montekristas-iliustruota-didzioji-klasika-yra-keli-tusinuko-bruksniai\/#primaryimage"},"thumbnailUrl":"https:\/\/skaitytaknyga.lt\/wp-content\/uploads\/2024\/11\/Grafas-Montekristas.-Iliustruota-didzioji-klasika.webp","datePublished":"2024-11-23T17:27:28+00:00","dateModified":"2025-05-24T17:56:08+00:00","description":"Jaunimo literat\u016bros klasiko Aleksandro Diuma (1802\u20131870) romane pasakojami j\u016breivio Edmono Danteso nuotykiai. Pasivadin\u0119s grafu Montekristu, jis padeda","breadcrumb":{"@id":"https:\/\/skaitytaknyga.lt\/produktas\/grafas-montekristas-iliustruota-didzioji-klasika-yra-keli-tusinuko-bruksniai\/#breadcrumb"},"inLanguage":"en-GB","potentialAction":[{"@type":"ReadAction","target":["https:\/\/skaitytaknyga.lt\/produktas\/grafas-montekristas-iliustruota-didzioji-klasika-yra-keli-tusinuko-bruksniai\/"]}]},{"@type":"ImageObject","inLanguage":"en-GB","@id":"https:\/\/skaitytaknyga.lt\/produktas\/grafas-montekristas-iliustruota-didzioji-klasika-yra-keli-tusinuko-bruksniai\/#primaryimage","url":"https:\/\/skaitytaknyga.lt\/wp-content\/uploads\/2024\/11\/Grafas-Montekristas.-Iliustruota-didzioji-klasika.webp","contentUrl":"https:\/\/skaitytaknyga.lt\/wp-content\/uploads\/2024\/11\/Grafas-Montekristas.-Iliustruota-didzioji-klasika.webp","width":536,"height":800,"caption":"Grafas Montekristas. Iliustruota did\u017eioji klasika (yra keli tu\u0161inuko bruk\u0161niai)"},{"@type":"BreadcrumbList","@id":"https:\/\/skaitytaknyga.lt\/produktas\/grafas-montekristas-iliustruota-didzioji-klasika-yra-keli-tusinuko-bruksniai\/#breadcrumb","itemListElement":[{"@type":"ListItem","position":1,"name":"Home","item":"https:\/\/skaitytaknyga.lt\/"},{"@type":"ListItem","position":2,"name":"Parduotuv\u0117","item":"https:\/\/skaitytaknyga.lt\/knygu-parduotuve\/"},{"@type":"ListItem","position":3,"name":"Grafas Montekristas. Iliustruota did\u017eioji klasika (yra keli tu\u0161inuko bruk\u0161niai)"}]},{"@type":"WebSite","@id":"https:\/\/skaitytaknyga.lt\/#website","url":"https:\/\/skaitytaknyga.lt\/","name":"skaitytaknyga.lt","description":"Skaitytaknyga.lt \u2013 tai ma\u017eas \u0161eimos verslas, kuris prasid\u0117jo nuo meil\u0117s knygoms ir siekio i\u0161gelb\u0117ti knygas nuo likimo prie konteinerio. Kas vienam nereikalingas daiktas \u2013 kitam lobis, o mes esame tarpininkai, kurie padeda abiems tapti laimingesniems ???? \u017dinome kaip nelengva i\u0161gyventi ma\u017eiems verslams, tad nuo \u0161iol, \u010dia rasite ir kit\u0173, ma\u017e\u0173 \u0161eim\u0173 versl\u0173, rank\u0173 darbo, dovan\u0173 sau ir artimiesiems.","publisher":{"@id":"https:\/\/skaitytaknyga.lt\/#organization"},"potentialAction":[{"@type":"SearchAction","target":{"@type":"EntryPoint","urlTemplate":"https:\/\/skaitytaknyga.lt\/?s={search_term_string}"},"query-input":{"@type":"PropertyValueSpecification","valueRequired":true,"valueName":"search_term_string"}}],"inLanguage":"en-GB"},{"@type":"Organization","@id":"https:\/\/skaitytaknyga.lt\/#organization","name":"skaitytaknyga.lt","url":"https:\/\/skaitytaknyga.lt\/","logo":{"@type":"ImageObject","inLanguage":"en-GB","@id":"https:\/\/skaitytaknyga.lt\/#\/schema\/logo\/image\/","url":"https:\/\/skaitytaknyga.lt\/wp-content\/uploads\/2024\/05\/cropped-cropped-cropped-02_00843_jt3bggkj1j3HLc7SyY6rEUpg.jpeg","contentUrl":"https:\/\/skaitytaknyga.lt\/wp-content\/uploads\/2024\/05\/cropped-cropped-cropped-02_00843_jt3bggkj1j3HLc7SyY6rEUpg.jpeg","width":1600,"height":1600,"caption":"skaitytaknyga.lt"},"image":{"@id":"https:\/\/skaitytaknyga.lt\/#\/schema\/logo\/image\/"},"sameAs":["https:\/\/www.facebook.com\/skaitytaknyga\/"]}]}},"_links":{"self":[{"href":"https:\/\/skaitytaknyga.lt\/en\/wp-json\/wp\/v2\/product\/14809","targetHints":{"allow":["GET"]}}],"collection":[{"href":"https:\/\/skaitytaknyga.lt\/en\/wp-json\/wp\/v2\/product"}],"about":[{"href":"https:\/\/skaitytaknyga.lt\/en\/wp-json\/wp\/v2\/types\/product"}],"replies":[{"embeddable":true,"href":"https:\/\/skaitytaknyga.lt\/en\/wp-json\/wp\/v2\/comments?post=14809"}],"wp:featuredmedia":[{"embeddable":true,"href":"https:\/\/skaitytaknyga.lt\/en\/wp-json\/wp\/v2\/media\/14900"}],"wp:attachment":[{"href":"https:\/\/skaitytaknyga.lt\/en\/wp-json\/wp\/v2\/media?parent=14809"}],"wp:term":[{"taxonomy":"product_brand","embeddable":true,"href":"https:\/\/skaitytaknyga.lt\/en\/wp-json\/wp\/v2\/product_brand?post=14809"},{"taxonomy":"product_cat","embeddable":true,"href":"https:\/\/skaitytaknyga.lt\/en\/wp-json\/wp\/v2\/product_cat?post=14809"},{"taxonomy":"product_tag","embeddable":true,"href":"https:\/\/skaitytaknyga.lt\/en\/wp-json\/wp\/v2\/product_tag?post=14809"}],"curies":[{"name":"wp","href":"https:\/\/api.w.org\/{rel}","templated":true}]}}