{"id":14807,"date":"2024-11-23T19:27:27","date_gmt":"2024-11-23T17:27:27","guid":{"rendered":"https:\/\/skaitytaknyga.lt\/?post_type=product&#038;p=14807"},"modified":"2025-01-09T08:09:15","modified_gmt":"2025-01-09T06:09:15","slug":"lobiu-sala-iliustruota-didzioji-klasika","status":"publish","type":"product","link":"https:\/\/skaitytaknyga.lt\/en\/produktas\/lobiu-sala-iliustruota-didzioji-klasika\/","title":{"rendered":"Lobi\u0173 sala. Iliustruota did\u017eioji klasika"},"content":{"rendered":"<p><strong>Nemirtinga pirat\u0173 klasika<\/strong><\/p>\n<p>Jaunasis D\u017eimas Hokinsas su draugais i\u0161plaukia \u012f Lobi\u0173 sal\u0105 ie\u0161koti nuo\u017emaus pirato kapitono Flinto pasl\u0117pto grobio. Ta\u010diau lobio ie\u0161ko ir vienakojis piratas Ilgasis D\u017eonas Silveris bei senieji Flinto bendrai. Ar D\u017eimui pavyks pergudrauti gob\u0161ius j\u016br\u0173 vilkus? Kas brangiau \u2013 dr\u0105sa, i\u0161radingumas ir i\u0161tikimyb\u0117 draugams, ar kr\u016bvos aukso monet\u0173?<\/p>\n<p><strong>Apie autori\u0173<\/strong><\/p>\n<p>\u0160is nemirtingas nuotykis prasid\u0117jo nuo salos \u017eem\u0117lapio, kur\u012f ra\u0161ytojas Robertas Luisas Stevensonas 1881 m. nupie\u0161\u0117 savo pos\u016bniui. Tada jam \u0161ov\u0117 mintis para\u0161yti knyg\u0105 apie paslapting\u0105 sal\u0105, pasl\u0117pt\u0105 lob\u012f ir piratus. \u201e<em>Jeigu ji neu\u017ekabins vaik\u0173, tada jie nuo mano laik\u0173 pagedo<\/em>\u201c, &#8211; sak\u0117 autorius. \u201eLobi\u0173 sala\u201d ne tik kad u\u017ekabino. Jau bema\u017e 130 met\u0173 ji yra m\u0117gstamiausia tiek vaik\u0173, tiek suaugusi\u0173 nuotyki\u0173 knyga.<\/p>\n<p>Aistringas keliautojas, pats perplauk\u0119s Atlanto vandenyn\u0105, R. L. Stevensonas (1850-1894) am\u017eiams susiejo piratus su \u017eem\u0117lapiais, juodomis \u0161kunomis, tropik\u0173 salomis ir vienakojais j\u016breiviais su pap\u016bga ant peties. I\u0161versta bema\u017e \u012f visas pasaulio kalbas, kuriomis leid\u017eiamos knygos, \u0161imtus kart\u0173 ekranizuota ir vaidinta scenose D\u017eimo Hokinso ir Ilgojo D\u017eono Silverio istorija \u0161iandien tebestebina, \u017eavi ir kaitina krauj\u0105 bet kokio am\u017eiaus romantikams.<\/p>\n<ul class=\"about-product d-none d-xl-block mt-4\">\n<li><strong>Autorius:<\/strong>\u00a0Robertas Styvensonas<\/li>\n<li><strong>Leid\u0117jas:<\/strong>\u00a0Alka<\/li>\n<li><strong>Metai:<\/strong>\u00a01988<\/li>\n<li><strong>Puslapiai:<\/strong>\u00a0236<\/li>\n<li class=\"toggleable type-new-formats \"><strong>ISBN-10:<\/strong>\u00a09986459230<\/li>\n<li class=\"toggleable type-new-formats \"><strong>ISBN-13:<\/strong>\u00a09789986459231<\/li>\n<li class=\"toggleable type-new-formats \"><strong>Formatas:<\/strong> mink\u0161ti vir\u0161eliai<\/li>\n<li><strong>Kalba:<\/strong>\u00a0Lietuvi\u0173<\/li>\n<li><strong>Vert\u0117jas:<\/strong>\u00a0Edmundas Ju\u0161kys<\/li>\n<\/ul>\n","protected":false},"excerpt":{"rendered":"<p>Nemirtinga pirat\u0173 klasika Jaunasis D\u017eimas Hokinsas su draugais i\u0161plaukia \u012f Lobi\u0173 sal\u0105 ie\u0161koti nuo\u017emaus pirato kapitono Flinto pasl\u0117pto grobio. Ta\u010diau lobio ie\u0161ko ir vienakojis piratas Ilgasis D\u017eonas Silveris bei senieji Flinto bendrai. Ar D\u017eimui pavyks pergudrauti gob\u0161ius j\u016br\u0173 vilkus? Kas brangiau \u2013 dr\u0105sa, i\u0161radingumas ir i\u0161tikimyb\u0117 draugams, ar kr\u016bvos aukso monet\u0173? Apie autori\u0173 \u0160is nemirtingas nuotykis prasid\u0117jo nuo salos \u017eem\u0117lapio, kur\u012f ra\u0161ytojas Robertas Luisas Stevensonas 1881 m. nupie\u0161\u0117 savo pos\u016bniui. Tada jam \u0161ov\u0117 mintis para\u0161yti knyg\u0105 apie paslapting\u0105 sal\u0105, pasl\u0117pt\u0105 lob\u012f ir piratus. \u201eJeigu ji neu\u017ekabins vaik\u0173, tada jie nuo mano laik\u0173 pagedo\u201c, &#8211; sak\u0117 autorius. \u201eLobi\u0173 sala\u201d ne tik kad u\u017ekabino. Jau bema\u017e 130 met\u0173 ji yra m\u0117gstamiausia tiek vaik\u0173, tiek suaugusi\u0173 nuotyki\u0173 knyga. Aistringas keliautojas, pats perplauk\u0119s Atlanto vandenyn\u0105, R. L. Stevensonas (1850-1894) am\u017eiams susiejo piratus su \u017eem\u0117lapiais, juodomis \u0161kunomis, tropik\u0173 salomis ir vienakojais j\u016breiviais su pap\u016bga ant peties. I\u0161versta bema\u017e \u012f visas pasaulio kalbas, kuriomis leid\u017eiamos knygos, \u0161imtus kart\u0173 ekranizuota ir vaidinta scenose D\u017eimo Hokinso ir Ilgojo D\u017eono Silverio istorija \u0161iandien tebestebina, \u017eavi ir kaitina krauj\u0105 bet kokio am\u017eiaus romantikams. Autorius:\u00a0Robertas Styvensonas Leid\u0117jas:\u00a0Alka Metai:\u00a01988 Puslapiai:\u00a0236 ISBN-10:\u00a09986459230 ISBN-13:\u00a09789986459231 Formatas: mink\u0161ti vir\u0161eliai Kalba:\u00a0Lietuvi\u0173 Vert\u0117jas:\u00a0Edmundas Ju\u0161kys<\/p>\n","protected":false},"featured_media":14898,"comment_status":"open","ping_status":"closed","template":"","meta":{"_acf_changed":false,"site-sidebar-layout":"default","site-content-layout":"","ast-site-content-layout":"default","site-content-style":"default","site-sidebar-style":"default","ast-global-header-display":"","ast-banner-title-visibility":"","ast-main-header-display":"","ast-hfb-above-header-display":"","ast-hfb-below-header-display":"","ast-hfb-mobile-header-display":"","site-post-title":"","ast-breadcrumbs-content":"","ast-featured-img":"","footer-sml-layout":"","ast-disable-related-posts":"","theme-transparent-header-meta":"default","adv-header-id-meta":"","stick-header-meta":"","header-above-stick-meta":"","header-main-stick-meta":"","header-below-stick-meta":"","astra-migrate-meta-layouts":"set","ast-page-background-enabled":"default","ast-page-background-meta":{"desktop":{"background-color":"","background-image":"","background-repeat":"repeat","background-position":"center center","background-size":"auto","background-attachment":"scroll","background-type":"","background-media":"","overlay-type":"","overlay-color":"","overlay-opacity":"","overlay-gradient":""},"tablet":{"background-color":"","background-image":"","background-repeat":"repeat","background-position":"center center","background-size":"auto","background-attachment":"scroll","background-type":"","background-media":"","overlay-type":"","overlay-color":"","overlay-opacity":"","overlay-gradient":""},"mobile":{"background-color":"","background-image":"","background-repeat":"repeat","background-position":"center center","background-size":"auto","background-attachment":"scroll","background-type":"","background-media":"","overlay-type":"","overlay-color":"","overlay-opacity":"","overlay-gradient":""}},"ast-content-background-meta":{"desktop":{"background-color":"var(--ast-global-color-4)","background-image":"","background-repeat":"repeat","background-position":"center center","background-size":"auto","background-attachment":"scroll","background-type":"","background-media":"","overlay-type":"","overlay-color":"","overlay-opacity":"","overlay-gradient":""},"tablet":{"background-color":"var(--ast-global-color-4)","background-image":"","background-repeat":"repeat","background-position":"center center","background-size":"auto","background-attachment":"scroll","background-type":"","background-media":"","overlay-type":"","overlay-color":"","overlay-opacity":"","overlay-gradient":""},"mobile":{"background-color":"var(--ast-global-color-4)","background-image":"","background-repeat":"repeat","background-position":"center center","background-size":"auto","background-attachment":"scroll","background-type":"","background-media":"","overlay-type":"","overlay-color":"","overlay-opacity":"","overlay-gradient":""}}},"product_brand":[],"product_cat":[15,35],"product_tag":[],"class_list":{"0":"post-14807","1":"product","2":"type-product","3":"status-publish","4":"has-post-thumbnail","6":"product_cat-uncategorized","7":"product_cat-vaikams-ir-paaugliams","8":"desktop-align-left","9":"tablet-align-left","10":"mobile-align-left","12":"first","13":"instock","14":"shipping-taxable","15":"purchasable","16":"product-type-simple"},"acf":[],"yoast_head":"<!-- This site is optimized with the Yoast SEO plugin v27.0 - https:\/\/yoast.com\/product\/yoast-seo-wordpress\/ -->\n<title>Lobi\u0173 sala. Iliustruota did\u017eioji klasika<\/title>\n<meta name=\"description\" content=\"Nemirtinga pirat\u0173 klasika Jaunasis D\u017eimas Hokinsas su draugais i\u0161plaukia \u012f Lobi\u0173 sal\u0105 ie\u0161koti nuo\u017emaus pirato kapitono Flinto pasl\u0117pto grobio. Ta\u010diau\" \/>\n<meta name=\"robots\" content=\"index, follow, max-snippet:-1, max-image-preview:large, max-video-preview:-1\" \/>\n<link rel=\"canonical\" href=\"https:\/\/skaitytaknyga.lt\/en\/produktas\/lobiu-sala-iliustruota-didzioji-klasika\/\" \/>\n<meta property=\"og:locale\" content=\"en_GB\" \/>\n<meta property=\"og:locale:alternate\" content=\"lt_LT\" \/>\n<meta property=\"og:type\" content=\"article\" \/>\n<meta property=\"og:title\" content=\"Lobi\u0173 sala. Iliustruota did\u017eioji klasika\" \/>\n<meta property=\"og:description\" content=\"Nemirtinga pirat\u0173 klasika Jaunasis D\u017eimas Hokinsas su draugais i\u0161plaukia \u012f Lobi\u0173 sal\u0105 ie\u0161koti nuo\u017emaus pirato kapitono Flinto pasl\u0117pto grobio. Ta\u010diau\" \/>\n<meta property=\"og:url\" content=\"https:\/\/skaitytaknyga.lt\/en\/produktas\/lobiu-sala-iliustruota-didzioji-klasika\/\" \/>\n<meta property=\"og:site_name\" content=\"Skaitytaknyga\" \/>\n<meta property=\"article:publisher\" content=\"https:\/\/www.facebook.com\/skaitytaknyga\/\" \/>\n<meta property=\"article:modified_time\" content=\"2025-01-09T06:09:15+00:00\" \/>\n<meta property=\"og:image\" content=\"https:\/\/skaitytaknyga.lt\/wp-content\/uploads\/2024\/11\/Lobiu-sala.-Iliustruota-didzioji-klasika.webp\" \/>\n\t<meta property=\"og:image:width\" content=\"533\" \/>\n\t<meta property=\"og:image:height\" content=\"800\" \/>\n\t<meta property=\"og:image:type\" content=\"image\/webp\" \/>\n<meta name=\"twitter:card\" content=\"summary_large_image\" \/>\n<meta name=\"twitter:label1\" content=\"Estimated reading time\" \/>\n\t<meta name=\"twitter:data1\" content=\"2 minutes\" \/>\n<script type=\"application\/ld+json\" class=\"yoast-schema-graph\">{\"@context\":\"https:\/\/schema.org\",\"@graph\":[{\"@type\":\"WebPage\",\"@id\":\"https:\/\/skaitytaknyga.lt\/produktas\/lobiu-sala-iliustruota-didzioji-klasika\/\",\"url\":\"https:\/\/skaitytaknyga.lt\/produktas\/lobiu-sala-iliustruota-didzioji-klasika\/\",\"name\":\"Lobi\u0173 sala. Iliustruota did\u017eioji klasika\",\"isPartOf\":{\"@id\":\"https:\/\/skaitytaknyga.lt\/#website\"},\"primaryImageOfPage\":{\"@id\":\"https:\/\/skaitytaknyga.lt\/produktas\/lobiu-sala-iliustruota-didzioji-klasika\/#primaryimage\"},\"image\":{\"@id\":\"https:\/\/skaitytaknyga.lt\/produktas\/lobiu-sala-iliustruota-didzioji-klasika\/#primaryimage\"},\"thumbnailUrl\":\"https:\/\/skaitytaknyga.lt\/wp-content\/uploads\/2024\/11\/Lobiu-sala.-Iliustruota-didzioji-klasika.webp\",\"datePublished\":\"2024-11-23T17:27:27+00:00\",\"dateModified\":\"2025-01-09T06:09:15+00:00\",\"description\":\"Nemirtinga pirat\u0173 klasika Jaunasis D\u017eimas Hokinsas su draugais i\u0161plaukia \u012f Lobi\u0173 sal\u0105 ie\u0161koti nuo\u017emaus pirato kapitono Flinto pasl\u0117pto grobio. Ta\u010diau\",\"breadcrumb\":{\"@id\":\"https:\/\/skaitytaknyga.lt\/produktas\/lobiu-sala-iliustruota-didzioji-klasika\/#breadcrumb\"},\"inLanguage\":\"en-GB\",\"potentialAction\":[{\"@type\":\"ReadAction\",\"target\":[\"https:\/\/skaitytaknyga.lt\/produktas\/lobiu-sala-iliustruota-didzioji-klasika\/\"]}]},{\"@type\":\"ImageObject\",\"inLanguage\":\"en-GB\",\"@id\":\"https:\/\/skaitytaknyga.lt\/produktas\/lobiu-sala-iliustruota-didzioji-klasika\/#primaryimage\",\"url\":\"https:\/\/skaitytaknyga.lt\/wp-content\/uploads\/2024\/11\/Lobiu-sala.-Iliustruota-didzioji-klasika.webp\",\"contentUrl\":\"https:\/\/skaitytaknyga.lt\/wp-content\/uploads\/2024\/11\/Lobiu-sala.-Iliustruota-didzioji-klasika.webp\",\"width\":533,\"height\":800,\"caption\":\"Lobi\u0173 sala. Iliustruota did\u017eioji klasika\"},{\"@type\":\"BreadcrumbList\",\"@id\":\"https:\/\/skaitytaknyga.lt\/produktas\/lobiu-sala-iliustruota-didzioji-klasika\/#breadcrumb\",\"itemListElement\":[{\"@type\":\"ListItem\",\"position\":1,\"name\":\"Home\",\"item\":\"https:\/\/skaitytaknyga.lt\/\"},{\"@type\":\"ListItem\",\"position\":2,\"name\":\"Parduotuv\u0117\",\"item\":\"https:\/\/skaitytaknyga.lt\/knygu-parduotuve\/\"},{\"@type\":\"ListItem\",\"position\":3,\"name\":\"Lobi\u0173 sala. Iliustruota did\u017eioji klasika\"}]},{\"@type\":\"WebSite\",\"@id\":\"https:\/\/skaitytaknyga.lt\/#website\",\"url\":\"https:\/\/skaitytaknyga.lt\/\",\"name\":\"skaitytaknyga.lt\",\"description\":\"Skaitytaknyga.lt \u2013 tai ma\u017eas \u0161eimos verslas, kuris prasid\u0117jo nuo meil\u0117s knygoms ir siekio i\u0161gelb\u0117ti knygas nuo likimo prie konteinerio. Kas vienam nereikalingas daiktas \u2013 kitam lobis, o mes esame tarpininkai, kurie padeda abiems tapti laimingesniems ???? \u017dinome kaip nelengva i\u0161gyventi ma\u017eiems verslams, tad nuo \u0161iol, \u010dia rasite ir kit\u0173, ma\u017e\u0173 \u0161eim\u0173 versl\u0173, rank\u0173 darbo, dovan\u0173 sau ir artimiesiems.\",\"publisher\":{\"@id\":\"https:\/\/skaitytaknyga.lt\/#organization\"},\"potentialAction\":[{\"@type\":\"SearchAction\",\"target\":{\"@type\":\"EntryPoint\",\"urlTemplate\":\"https:\/\/skaitytaknyga.lt\/?s={search_term_string}\"},\"query-input\":{\"@type\":\"PropertyValueSpecification\",\"valueRequired\":true,\"valueName\":\"search_term_string\"}}],\"inLanguage\":\"en-GB\"},{\"@type\":\"Organization\",\"@id\":\"https:\/\/skaitytaknyga.lt\/#organization\",\"name\":\"skaitytaknyga.lt\",\"url\":\"https:\/\/skaitytaknyga.lt\/\",\"logo\":{\"@type\":\"ImageObject\",\"inLanguage\":\"en-GB\",\"@id\":\"https:\/\/skaitytaknyga.lt\/#\/schema\/logo\/image\/\",\"url\":\"https:\/\/skaitytaknyga.lt\/wp-content\/uploads\/2024\/05\/cropped-cropped-cropped-02_00843_jt3bggkj1j3HLc7SyY6rEUpg.jpeg\",\"contentUrl\":\"https:\/\/skaitytaknyga.lt\/wp-content\/uploads\/2024\/05\/cropped-cropped-cropped-02_00843_jt3bggkj1j3HLc7SyY6rEUpg.jpeg\",\"width\":1600,\"height\":1600,\"caption\":\"skaitytaknyga.lt\"},\"image\":{\"@id\":\"https:\/\/skaitytaknyga.lt\/#\/schema\/logo\/image\/\"},\"sameAs\":[\"https:\/\/www.facebook.com\/skaitytaknyga\/\"]}]}<\/script>\n<!-- \/ Yoast SEO plugin. -->","yoast_head_json":{"title":"Lobi\u0173 sala. Iliustruota did\u017eioji klasika","description":"Nemirtinga pirat\u0173 klasika Jaunasis D\u017eimas Hokinsas su draugais i\u0161plaukia \u012f Lobi\u0173 sal\u0105 ie\u0161koti nuo\u017emaus pirato kapitono Flinto pasl\u0117pto grobio. Ta\u010diau","robots":{"index":"index","follow":"follow","max-snippet":"max-snippet:-1","max-image-preview":"max-image-preview:large","max-video-preview":"max-video-preview:-1"},"canonical":"https:\/\/skaitytaknyga.lt\/en\/produktas\/lobiu-sala-iliustruota-didzioji-klasika\/","og_locale":"en_GB","og_type":"article","og_title":"[:lt]Lobi\u0173 sala. Iliustruota did\u017eioji klasika[:] - Skaitytaknyga","og_description":"Nemirtinga pirat\u0173 klasika Jaunasis D\u017eimas Hokinsas su draugais i\u0161plaukia \u012f Lobi\u0173 sal\u0105 ie\u0161koti nuo\u017emaus pirato kapitono Flinto pasl\u0117pto grobio. Ta\u010diau","og_url":"https:\/\/skaitytaknyga.lt\/en\/produktas\/lobiu-sala-iliustruota-didzioji-klasika\/","og_site_name":"Skaitytaknyga","article_publisher":"https:\/\/www.facebook.com\/skaitytaknyga\/","article_modified_time":"2025-01-09T06:09:15+00:00","og_image":[{"width":533,"height":800,"url":"https:\/\/skaitytaknyga.lt\/wp-content\/uploads\/2024\/11\/Lobiu-sala.-Iliustruota-didzioji-klasika.webp","type":"image\/webp"}],"twitter_card":"summary_large_image","twitter_misc":{"Estimated reading time":"2 minutes"},"schema":{"@context":"https:\/\/schema.org","@graph":[{"@type":"WebPage","@id":"https:\/\/skaitytaknyga.lt\/produktas\/lobiu-sala-iliustruota-didzioji-klasika\/","url":"https:\/\/skaitytaknyga.lt\/produktas\/lobiu-sala-iliustruota-didzioji-klasika\/","name":"Lobi\u0173 sala. Iliustruota did\u017eioji klasika","isPartOf":{"@id":"https:\/\/skaitytaknyga.lt\/#website"},"primaryImageOfPage":{"@id":"https:\/\/skaitytaknyga.lt\/produktas\/lobiu-sala-iliustruota-didzioji-klasika\/#primaryimage"},"image":{"@id":"https:\/\/skaitytaknyga.lt\/produktas\/lobiu-sala-iliustruota-didzioji-klasika\/#primaryimage"},"thumbnailUrl":"https:\/\/skaitytaknyga.lt\/wp-content\/uploads\/2024\/11\/Lobiu-sala.-Iliustruota-didzioji-klasika.webp","datePublished":"2024-11-23T17:27:27+00:00","dateModified":"2025-01-09T06:09:15+00:00","description":"Nemirtinga pirat\u0173 klasika Jaunasis D\u017eimas Hokinsas su draugais i\u0161plaukia \u012f Lobi\u0173 sal\u0105 ie\u0161koti nuo\u017emaus pirato kapitono Flinto pasl\u0117pto grobio. Ta\u010diau","breadcrumb":{"@id":"https:\/\/skaitytaknyga.lt\/produktas\/lobiu-sala-iliustruota-didzioji-klasika\/#breadcrumb"},"inLanguage":"en-GB","potentialAction":[{"@type":"ReadAction","target":["https:\/\/skaitytaknyga.lt\/produktas\/lobiu-sala-iliustruota-didzioji-klasika\/"]}]},{"@type":"ImageObject","inLanguage":"en-GB","@id":"https:\/\/skaitytaknyga.lt\/produktas\/lobiu-sala-iliustruota-didzioji-klasika\/#primaryimage","url":"https:\/\/skaitytaknyga.lt\/wp-content\/uploads\/2024\/11\/Lobiu-sala.-Iliustruota-didzioji-klasika.webp","contentUrl":"https:\/\/skaitytaknyga.lt\/wp-content\/uploads\/2024\/11\/Lobiu-sala.-Iliustruota-didzioji-klasika.webp","width":533,"height":800,"caption":"Lobi\u0173 sala. Iliustruota did\u017eioji klasika"},{"@type":"BreadcrumbList","@id":"https:\/\/skaitytaknyga.lt\/produktas\/lobiu-sala-iliustruota-didzioji-klasika\/#breadcrumb","itemListElement":[{"@type":"ListItem","position":1,"name":"Home","item":"https:\/\/skaitytaknyga.lt\/"},{"@type":"ListItem","position":2,"name":"Parduotuv\u0117","item":"https:\/\/skaitytaknyga.lt\/knygu-parduotuve\/"},{"@type":"ListItem","position":3,"name":"Lobi\u0173 sala. Iliustruota did\u017eioji klasika"}]},{"@type":"WebSite","@id":"https:\/\/skaitytaknyga.lt\/#website","url":"https:\/\/skaitytaknyga.lt\/","name":"skaitytaknyga.lt","description":"Skaitytaknyga.lt \u2013 tai ma\u017eas \u0161eimos verslas, kuris prasid\u0117jo nuo meil\u0117s knygoms ir siekio i\u0161gelb\u0117ti knygas nuo likimo prie konteinerio. Kas vienam nereikalingas daiktas \u2013 kitam lobis, o mes esame tarpininkai, kurie padeda abiems tapti laimingesniems ???? \u017dinome kaip nelengva i\u0161gyventi ma\u017eiems verslams, tad nuo \u0161iol, \u010dia rasite ir kit\u0173, ma\u017e\u0173 \u0161eim\u0173 versl\u0173, rank\u0173 darbo, dovan\u0173 sau ir artimiesiems.","publisher":{"@id":"https:\/\/skaitytaknyga.lt\/#organization"},"potentialAction":[{"@type":"SearchAction","target":{"@type":"EntryPoint","urlTemplate":"https:\/\/skaitytaknyga.lt\/?s={search_term_string}"},"query-input":{"@type":"PropertyValueSpecification","valueRequired":true,"valueName":"search_term_string"}}],"inLanguage":"en-GB"},{"@type":"Organization","@id":"https:\/\/skaitytaknyga.lt\/#organization","name":"skaitytaknyga.lt","url":"https:\/\/skaitytaknyga.lt\/","logo":{"@type":"ImageObject","inLanguage":"en-GB","@id":"https:\/\/skaitytaknyga.lt\/#\/schema\/logo\/image\/","url":"https:\/\/skaitytaknyga.lt\/wp-content\/uploads\/2024\/05\/cropped-cropped-cropped-02_00843_jt3bggkj1j3HLc7SyY6rEUpg.jpeg","contentUrl":"https:\/\/skaitytaknyga.lt\/wp-content\/uploads\/2024\/05\/cropped-cropped-cropped-02_00843_jt3bggkj1j3HLc7SyY6rEUpg.jpeg","width":1600,"height":1600,"caption":"skaitytaknyga.lt"},"image":{"@id":"https:\/\/skaitytaknyga.lt\/#\/schema\/logo\/image\/"},"sameAs":["https:\/\/www.facebook.com\/skaitytaknyga\/"]}]}},"_links":{"self":[{"href":"https:\/\/skaitytaknyga.lt\/en\/wp-json\/wp\/v2\/product\/14807","targetHints":{"allow":["GET"]}}],"collection":[{"href":"https:\/\/skaitytaknyga.lt\/en\/wp-json\/wp\/v2\/product"}],"about":[{"href":"https:\/\/skaitytaknyga.lt\/en\/wp-json\/wp\/v2\/types\/product"}],"replies":[{"embeddable":true,"href":"https:\/\/skaitytaknyga.lt\/en\/wp-json\/wp\/v2\/comments?post=14807"}],"wp:featuredmedia":[{"embeddable":true,"href":"https:\/\/skaitytaknyga.lt\/en\/wp-json\/wp\/v2\/media\/14898"}],"wp:attachment":[{"href":"https:\/\/skaitytaknyga.lt\/en\/wp-json\/wp\/v2\/media?parent=14807"}],"wp:term":[{"taxonomy":"product_brand","embeddable":true,"href":"https:\/\/skaitytaknyga.lt\/en\/wp-json\/wp\/v2\/product_brand?post=14807"},{"taxonomy":"product_cat","embeddable":true,"href":"https:\/\/skaitytaknyga.lt\/en\/wp-json\/wp\/v2\/product_cat?post=14807"},{"taxonomy":"product_tag","embeddable":true,"href":"https:\/\/skaitytaknyga.lt\/en\/wp-json\/wp\/v2\/product_tag?post=14807"}],"curies":[{"name":"wp","href":"https:\/\/api.w.org\/{rel}","templated":true}]}}