{"id":14806,"date":"2024-11-23T19:27:27","date_gmt":"2024-11-23T17:27:27","guid":{"rendered":"https:\/\/skaitytaknyga.lt\/?post_type=product&#038;p=14806"},"modified":"2026-02-16T09:35:58","modified_gmt":"2026-02-16T07:35:58","slug":"smarkuole-gile-hopkins","status":"publish","type":"product","link":"https:\/\/skaitytaknyga.lt\/en\/produktas\/smarkuole-gile-hopkins\/","title":{"rendered":"Smarkuol\u0117 Gil\u0117 Hopkins"},"content":{"rendered":"<p>Per daug protinga ir nesuvaldoma, stumdoma i\u0161 vien\u0173 glob\u0117j\u0173 nam\u0173 \u012f kitus, vienuolikmet\u0117 Gil\u0117 Hopkins \u012fsitikinusi, kad \u201e\u017emogus turi b\u016bti kietas ir at\u0161iaurus&#8221;. \u201ePabaisa Gil\u0117&#8221; \u2013 toks vieni\u0161as, pamestas hip\u0117s vaikas, teturintis jaunos ir gra\u017eios motinos nuotrauk\u0105 ir nepa\u017e\u012fstantis t\u0117vo, net ne\u017einantis, jog ka\u017ekur gyvena mo\u010diut\u0117. Ji i\u0161 vis\u0173 j\u0117g\u0173 kovoja u\u017e savo viet\u0105 po saule, su kerin\u010dia \u0161ypsena veide u\u017e nugaros rezga pinkles \u017emon\u0117ms, kurie yra jos pus\u0117je, stengiasi b\u016bti geri ir draugi\u0161ki. O pati be galo ilgisi meil\u0117s, \u0161velnaus \u017evilgsnio, ypa\u010d nam\u0173.<\/p>\n<p>Ra\u0161ytoja puikiai supranta pamesto vaiko i\u0161gyvenimus, supranta jo norus, kurie da\u017eniausiai nei\u0161sipildo, o kartais viltis pavirsta baisiu nusivylimu.<\/p>\n<p>\u201eKartais \u0161iame pasaulyje mums pasiseka, ir tada mes patenkinti sakom: \u201eNa va, pagaliau \u2013 laiminga pabaiga. Taip ir turi b\u016bti.&#8221; Tarsi gyvenimas prival\u0117t\u0173 mums duoti visokio gerumo. [&#8230;] Ta\u010diau vis\u0105 gyvenim\u0105 tik\u0117tis gero \u2013 b\u016bt\u0173 tik sav\u0119s apgaudin\u0117jimas. Gerumo b\u016bna nedaug, jis nekrinta i\u0161 dangaus,&#8221; \u2013 guod\u017eia j\u0105 geroji glob\u0117ja Meim\u0117 Troter, mylinti Gil\u0119 visa \u0161irdimi ir sugeb\u0117jusi i\u0161mokyti j\u0105 myl\u0117ti kitus.<\/p>\n<ul class=\"about-product d-none d-xl-block mt-4\">\n<li><strong>Autorius:<\/strong>\u00a0Katherine Peterson<\/li>\n<li><strong>Leid\u0117jas:<\/strong>\u00a0Vyturys<\/li>\n<li><strong>Metai:<\/strong>\u00a01989<\/li>\n<li><strong>Puslapiai:<\/strong>\u00a0127<\/li>\n<li class=\"toggleable type-new-formats \"><strong>Formatas:<\/strong>\u00a014 x 22 cm, kieti vir\u0161eliai<\/li>\n<li><strong>Kalba:<\/strong>\u00a0Lietuvi\u0173<\/li>\n<li><strong>Vert\u0117jas:<\/strong>\u00a0Romualda Zagorskien\u0117<\/li>\n<\/ul>\n","protected":false},"excerpt":{"rendered":"<p>Per daug protinga ir nesuvaldoma, stumdoma i\u0161 vien\u0173 glob\u0117j\u0173 nam\u0173 \u012f kitus, vienuolikmet\u0117 Gil\u0117 Hopkins \u012fsitikinusi, kad \u201e\u017emogus turi b\u016bti kietas ir at\u0161iaurus&#8221;. \u201ePabaisa Gil\u0117&#8221; \u2013 toks vieni\u0161as, pamestas hip\u0117s vaikas, teturintis jaunos ir gra\u017eios motinos nuotrauk\u0105 ir nepa\u017e\u012fstantis t\u0117vo, net ne\u017einantis, jog ka\u017ekur gyvena mo\u010diut\u0117. Ji i\u0161 vis\u0173 j\u0117g\u0173 kovoja u\u017e savo viet\u0105 po saule, su kerin\u010dia \u0161ypsena veide u\u017e nugaros rezga pinkles \u017emon\u0117ms, kurie yra jos pus\u0117je, stengiasi b\u016bti geri ir draugi\u0161ki. O pati be galo ilgisi meil\u0117s, \u0161velnaus \u017evilgsnio, ypa\u010d nam\u0173. Ra\u0161ytoja puikiai supranta pamesto vaiko i\u0161gyvenimus, supranta jo norus, kurie da\u017eniausiai nei\u0161sipildo, o kartais viltis pavirsta baisiu nusivylimu. \u201eKartais \u0161iame pasaulyje mums pasiseka, ir tada mes patenkinti sakom: \u201eNa va, pagaliau \u2013 laiminga pabaiga. Taip ir turi b\u016bti.&#8221; Tarsi gyvenimas prival\u0117t\u0173 mums duoti visokio gerumo. [&#8230;] Ta\u010diau vis\u0105 gyvenim\u0105 tik\u0117tis gero \u2013 b\u016bt\u0173 tik sav\u0119s apgaudin\u0117jimas. Gerumo b\u016bna nedaug, jis nekrinta i\u0161 dangaus,&#8221; \u2013 guod\u017eia j\u0105 geroji glob\u0117ja Meim\u0117 Troter, mylinti Gil\u0119 visa \u0161irdimi ir sugeb\u0117jusi i\u0161mokyti j\u0105 myl\u0117ti kitus. Autorius:\u00a0Katherine Peterson Leid\u0117jas:\u00a0Vyturys Metai:\u00a01989 Puslapiai:\u00a0127 Formatas:\u00a014 x 22 cm, kieti vir\u0161eliai Kalba:\u00a0Lietuvi\u0173 Vert\u0117jas:\u00a0Romualda Zagorskien\u0117<\/p>\n","protected":false},"featured_media":14897,"comment_status":"open","ping_status":"closed","template":"","meta":{"_acf_changed":false,"site-sidebar-layout":"default","site-content-layout":"","ast-site-content-layout":"default","site-content-style":"default","site-sidebar-style":"default","ast-global-header-display":"","ast-banner-title-visibility":"","ast-main-header-display":"","ast-hfb-above-header-display":"","ast-hfb-below-header-display":"","ast-hfb-mobile-header-display":"","site-post-title":"","ast-breadcrumbs-content":"","ast-featured-img":"","footer-sml-layout":"","ast-disable-related-posts":"","theme-transparent-header-meta":"default","adv-header-id-meta":"","stick-header-meta":"","header-above-stick-meta":"","header-main-stick-meta":"","header-below-stick-meta":"","astra-migrate-meta-layouts":"set","ast-page-background-enabled":"default","ast-page-background-meta":{"desktop":{"background-color":"","background-image":"","background-repeat":"repeat","background-position":"center center","background-size":"auto","background-attachment":"scroll","background-type":"","background-media":"","overlay-type":"","overlay-color":"","overlay-opacity":"","overlay-gradient":""},"tablet":{"background-color":"","background-image":"","background-repeat":"repeat","background-position":"center center","background-size":"auto","background-attachment":"scroll","background-type":"","background-media":"","overlay-type":"","overlay-color":"","overlay-opacity":"","overlay-gradient":""},"mobile":{"background-color":"","background-image":"","background-repeat":"repeat","background-position":"center center","background-size":"auto","background-attachment":"scroll","background-type":"","background-media":"","overlay-type":"","overlay-color":"","overlay-opacity":"","overlay-gradient":""}},"ast-content-background-meta":{"desktop":{"background-color":"var(--ast-global-color-4)","background-image":"","background-repeat":"repeat","background-position":"center center","background-size":"auto","background-attachment":"scroll","background-type":"","background-media":"","overlay-type":"","overlay-color":"","overlay-opacity":"","overlay-gradient":""},"tablet":{"background-color":"var(--ast-global-color-4)","background-image":"","background-repeat":"repeat","background-position":"center center","background-size":"auto","background-attachment":"scroll","background-type":"","background-media":"","overlay-type":"","overlay-color":"","overlay-opacity":"","overlay-gradient":""},"mobile":{"background-color":"var(--ast-global-color-4)","background-image":"","background-repeat":"repeat","background-position":"center center","background-size":"auto","background-attachment":"scroll","background-type":"","background-media":"","overlay-type":"","overlay-color":"","overlay-opacity":"","overlay-gradient":""}}},"product_brand":[],"product_cat":[15,35],"product_tag":[],"class_list":{"0":"post-14806","1":"product","2":"type-product","3":"status-publish","4":"has-post-thumbnail","6":"product_cat-uncategorized","7":"product_cat-vaikams-ir-paaugliams","8":"desktop-align-left","9":"tablet-align-left","10":"mobile-align-left","12":"first","13":"outofstock","14":"shipping-taxable","15":"purchasable","16":"product-type-simple"},"acf":[],"yoast_head":"<!-- This site is optimized with the Yoast SEO plugin v27.0 - https:\/\/yoast.com\/product\/yoast-seo-wordpress\/ -->\n<title>Smarkuol\u0117 Gil\u0117 Hopkins<\/title>\n<meta name=\"description\" content=\"Per daug protinga ir nesuvaldoma, stumdoma i\u0161 vien\u0173 glob\u0117j\u0173 nam\u0173 \u012f kitus, vienuolikmet\u0117 Gil\u0117 Hopkins \u012fsitikinusi, kad \u201e\u017emogus turi b\u016bti kietas ir\" \/>\n<meta name=\"robots\" content=\"index, follow, max-snippet:-1, max-image-preview:large, max-video-preview:-1\" \/>\n<link rel=\"canonical\" href=\"https:\/\/skaitytaknyga.lt\/en\/produktas\/smarkuole-gile-hopkins\/\" \/>\n<meta property=\"og:locale\" content=\"en_GB\" \/>\n<meta property=\"og:locale:alternate\" content=\"lt_LT\" \/>\n<meta property=\"og:type\" content=\"article\" \/>\n<meta property=\"og:title\" content=\"Smarkuol\u0117 Gil\u0117 Hopkins\" \/>\n<meta property=\"og:description\" content=\"Per daug protinga ir nesuvaldoma, stumdoma i\u0161 vien\u0173 glob\u0117j\u0173 nam\u0173 \u012f kitus, vienuolikmet\u0117 Gil\u0117 Hopkins \u012fsitikinusi, kad \u201e\u017emogus turi b\u016bti kietas ir\" \/>\n<meta property=\"og:url\" content=\"https:\/\/skaitytaknyga.lt\/en\/produktas\/smarkuole-gile-hopkins\/\" \/>\n<meta property=\"og:site_name\" content=\"Skaitytaknyga\" \/>\n<meta property=\"article:publisher\" content=\"https:\/\/www.facebook.com\/skaitytaknyga\/\" \/>\n<meta property=\"article:modified_time\" content=\"2026-02-16T07:35:58+00:00\" \/>\n<meta property=\"og:image\" content=\"https:\/\/skaitytaknyga.lt\/wp-content\/uploads\/2024\/11\/Smarkuole-Gile-Hopkins.webp\" \/>\n\t<meta property=\"og:image:width\" content=\"521\" \/>\n\t<meta property=\"og:image:height\" content=\"800\" \/>\n\t<meta property=\"og:image:type\" content=\"image\/webp\" \/>\n<meta name=\"twitter:card\" content=\"summary_large_image\" \/>\n<meta name=\"twitter:label1\" content=\"Estimated reading time\" \/>\n\t<meta name=\"twitter:data1\" content=\"2 minutes\" \/>\n<script type=\"application\/ld+json\" class=\"yoast-schema-graph\">{\"@context\":\"https:\/\/schema.org\",\"@graph\":[{\"@type\":\"WebPage\",\"@id\":\"https:\/\/skaitytaknyga.lt\/produktas\/smarkuole-gile-hopkins\/\",\"url\":\"https:\/\/skaitytaknyga.lt\/produktas\/smarkuole-gile-hopkins\/\",\"name\":\"Smarkuol\u0117 Gil\u0117 Hopkins\",\"isPartOf\":{\"@id\":\"https:\/\/skaitytaknyga.lt\/#website\"},\"primaryImageOfPage\":{\"@id\":\"https:\/\/skaitytaknyga.lt\/produktas\/smarkuole-gile-hopkins\/#primaryimage\"},\"image\":{\"@id\":\"https:\/\/skaitytaknyga.lt\/produktas\/smarkuole-gile-hopkins\/#primaryimage\"},\"thumbnailUrl\":\"https:\/\/skaitytaknyga.lt\/wp-content\/uploads\/2024\/11\/Smarkuole-Gile-Hopkins.webp\",\"datePublished\":\"2024-11-23T17:27:27+00:00\",\"dateModified\":\"2026-02-16T07:35:58+00:00\",\"description\":\"Per daug protinga ir nesuvaldoma, stumdoma i\u0161 vien\u0173 glob\u0117j\u0173 nam\u0173 \u012f kitus, vienuolikmet\u0117 Gil\u0117 Hopkins \u012fsitikinusi, kad \u201e\u017emogus turi b\u016bti kietas ir\",\"breadcrumb\":{\"@id\":\"https:\/\/skaitytaknyga.lt\/produktas\/smarkuole-gile-hopkins\/#breadcrumb\"},\"inLanguage\":\"en-GB\",\"potentialAction\":[{\"@type\":\"ReadAction\",\"target\":[\"https:\/\/skaitytaknyga.lt\/produktas\/smarkuole-gile-hopkins\/\"]}]},{\"@type\":\"ImageObject\",\"inLanguage\":\"en-GB\",\"@id\":\"https:\/\/skaitytaknyga.lt\/produktas\/smarkuole-gile-hopkins\/#primaryimage\",\"url\":\"https:\/\/skaitytaknyga.lt\/wp-content\/uploads\/2024\/11\/Smarkuole-Gile-Hopkins.webp\",\"contentUrl\":\"https:\/\/skaitytaknyga.lt\/wp-content\/uploads\/2024\/11\/Smarkuole-Gile-Hopkins.webp\",\"width\":521,\"height\":800,\"caption\":\"Smarkuol\u0117 Gil\u0117 Hopkins\"},{\"@type\":\"BreadcrumbList\",\"@id\":\"https:\/\/skaitytaknyga.lt\/produktas\/smarkuole-gile-hopkins\/#breadcrumb\",\"itemListElement\":[{\"@type\":\"ListItem\",\"position\":1,\"name\":\"Home\",\"item\":\"https:\/\/skaitytaknyga.lt\/\"},{\"@type\":\"ListItem\",\"position\":2,\"name\":\"Parduotuv\u0117\",\"item\":\"https:\/\/skaitytaknyga.lt\/knygu-parduotuve\/\"},{\"@type\":\"ListItem\",\"position\":3,\"name\":\"Smarkuol\u0117 Gil\u0117 Hopkins\"}]},{\"@type\":\"WebSite\",\"@id\":\"https:\/\/skaitytaknyga.lt\/#website\",\"url\":\"https:\/\/skaitytaknyga.lt\/\",\"name\":\"skaitytaknyga.lt\",\"description\":\"Skaitytaknyga.lt \u2013 tai ma\u017eas \u0161eimos verslas, kuris prasid\u0117jo nuo meil\u0117s knygoms ir siekio i\u0161gelb\u0117ti knygas nuo likimo prie konteinerio. Kas vienam nereikalingas daiktas \u2013 kitam lobis, o mes esame tarpininkai, kurie padeda abiems tapti laimingesniems ???? \u017dinome kaip nelengva i\u0161gyventi ma\u017eiems verslams, tad nuo \u0161iol, \u010dia rasite ir kit\u0173, ma\u017e\u0173 \u0161eim\u0173 versl\u0173, rank\u0173 darbo, dovan\u0173 sau ir artimiesiems.\",\"publisher\":{\"@id\":\"https:\/\/skaitytaknyga.lt\/#organization\"},\"potentialAction\":[{\"@type\":\"SearchAction\",\"target\":{\"@type\":\"EntryPoint\",\"urlTemplate\":\"https:\/\/skaitytaknyga.lt\/?s={search_term_string}\"},\"query-input\":{\"@type\":\"PropertyValueSpecification\",\"valueRequired\":true,\"valueName\":\"search_term_string\"}}],\"inLanguage\":\"en-GB\"},{\"@type\":\"Organization\",\"@id\":\"https:\/\/skaitytaknyga.lt\/#organization\",\"name\":\"skaitytaknyga.lt\",\"url\":\"https:\/\/skaitytaknyga.lt\/\",\"logo\":{\"@type\":\"ImageObject\",\"inLanguage\":\"en-GB\",\"@id\":\"https:\/\/skaitytaknyga.lt\/#\/schema\/logo\/image\/\",\"url\":\"https:\/\/skaitytaknyga.lt\/wp-content\/uploads\/2024\/05\/cropped-cropped-cropped-02_00843_jt3bggkj1j3HLc7SyY6rEUpg.jpeg\",\"contentUrl\":\"https:\/\/skaitytaknyga.lt\/wp-content\/uploads\/2024\/05\/cropped-cropped-cropped-02_00843_jt3bggkj1j3HLc7SyY6rEUpg.jpeg\",\"width\":1600,\"height\":1600,\"caption\":\"skaitytaknyga.lt\"},\"image\":{\"@id\":\"https:\/\/skaitytaknyga.lt\/#\/schema\/logo\/image\/\"},\"sameAs\":[\"https:\/\/www.facebook.com\/skaitytaknyga\/\"]}]}<\/script>\n<!-- \/ Yoast SEO plugin. -->","yoast_head_json":{"title":"Smarkuol\u0117 Gil\u0117 Hopkins","description":"Per daug protinga ir nesuvaldoma, stumdoma i\u0161 vien\u0173 glob\u0117j\u0173 nam\u0173 \u012f kitus, vienuolikmet\u0117 Gil\u0117 Hopkins \u012fsitikinusi, kad \u201e\u017emogus turi b\u016bti kietas ir","robots":{"index":"index","follow":"follow","max-snippet":"max-snippet:-1","max-image-preview":"max-image-preview:large","max-video-preview":"max-video-preview:-1"},"canonical":"https:\/\/skaitytaknyga.lt\/en\/produktas\/smarkuole-gile-hopkins\/","og_locale":"en_GB","og_type":"article","og_title":"[:lt]Smarkuol\u0117 Gil\u0117 Hopkins[:] - Skaitytaknyga","og_description":"Per daug protinga ir nesuvaldoma, stumdoma i\u0161 vien\u0173 glob\u0117j\u0173 nam\u0173 \u012f kitus, vienuolikmet\u0117 Gil\u0117 Hopkins \u012fsitikinusi, kad \u201e\u017emogus turi b\u016bti kietas ir","og_url":"https:\/\/skaitytaknyga.lt\/en\/produktas\/smarkuole-gile-hopkins\/","og_site_name":"Skaitytaknyga","article_publisher":"https:\/\/www.facebook.com\/skaitytaknyga\/","article_modified_time":"2026-02-16T07:35:58+00:00","og_image":[{"width":521,"height":800,"url":"https:\/\/skaitytaknyga.lt\/wp-content\/uploads\/2024\/11\/Smarkuole-Gile-Hopkins.webp","type":"image\/webp"}],"twitter_card":"summary_large_image","twitter_misc":{"Estimated reading time":"2 minutes"},"schema":{"@context":"https:\/\/schema.org","@graph":[{"@type":"WebPage","@id":"https:\/\/skaitytaknyga.lt\/produktas\/smarkuole-gile-hopkins\/","url":"https:\/\/skaitytaknyga.lt\/produktas\/smarkuole-gile-hopkins\/","name":"Smarkuol\u0117 Gil\u0117 Hopkins","isPartOf":{"@id":"https:\/\/skaitytaknyga.lt\/#website"},"primaryImageOfPage":{"@id":"https:\/\/skaitytaknyga.lt\/produktas\/smarkuole-gile-hopkins\/#primaryimage"},"image":{"@id":"https:\/\/skaitytaknyga.lt\/produktas\/smarkuole-gile-hopkins\/#primaryimage"},"thumbnailUrl":"https:\/\/skaitytaknyga.lt\/wp-content\/uploads\/2024\/11\/Smarkuole-Gile-Hopkins.webp","datePublished":"2024-11-23T17:27:27+00:00","dateModified":"2026-02-16T07:35:58+00:00","description":"Per daug protinga ir nesuvaldoma, stumdoma i\u0161 vien\u0173 glob\u0117j\u0173 nam\u0173 \u012f kitus, vienuolikmet\u0117 Gil\u0117 Hopkins \u012fsitikinusi, kad \u201e\u017emogus turi b\u016bti kietas ir","breadcrumb":{"@id":"https:\/\/skaitytaknyga.lt\/produktas\/smarkuole-gile-hopkins\/#breadcrumb"},"inLanguage":"en-GB","potentialAction":[{"@type":"ReadAction","target":["https:\/\/skaitytaknyga.lt\/produktas\/smarkuole-gile-hopkins\/"]}]},{"@type":"ImageObject","inLanguage":"en-GB","@id":"https:\/\/skaitytaknyga.lt\/produktas\/smarkuole-gile-hopkins\/#primaryimage","url":"https:\/\/skaitytaknyga.lt\/wp-content\/uploads\/2024\/11\/Smarkuole-Gile-Hopkins.webp","contentUrl":"https:\/\/skaitytaknyga.lt\/wp-content\/uploads\/2024\/11\/Smarkuole-Gile-Hopkins.webp","width":521,"height":800,"caption":"Smarkuol\u0117 Gil\u0117 Hopkins"},{"@type":"BreadcrumbList","@id":"https:\/\/skaitytaknyga.lt\/produktas\/smarkuole-gile-hopkins\/#breadcrumb","itemListElement":[{"@type":"ListItem","position":1,"name":"Home","item":"https:\/\/skaitytaknyga.lt\/"},{"@type":"ListItem","position":2,"name":"Parduotuv\u0117","item":"https:\/\/skaitytaknyga.lt\/knygu-parduotuve\/"},{"@type":"ListItem","position":3,"name":"Smarkuol\u0117 Gil\u0117 Hopkins"}]},{"@type":"WebSite","@id":"https:\/\/skaitytaknyga.lt\/#website","url":"https:\/\/skaitytaknyga.lt\/","name":"skaitytaknyga.lt","description":"Skaitytaknyga.lt \u2013 tai ma\u017eas \u0161eimos verslas, kuris prasid\u0117jo nuo meil\u0117s knygoms ir siekio i\u0161gelb\u0117ti knygas nuo likimo prie konteinerio. Kas vienam nereikalingas daiktas \u2013 kitam lobis, o mes esame tarpininkai, kurie padeda abiems tapti laimingesniems ???? \u017dinome kaip nelengva i\u0161gyventi ma\u017eiems verslams, tad nuo \u0161iol, \u010dia rasite ir kit\u0173, ma\u017e\u0173 \u0161eim\u0173 versl\u0173, rank\u0173 darbo, dovan\u0173 sau ir artimiesiems.","publisher":{"@id":"https:\/\/skaitytaknyga.lt\/#organization"},"potentialAction":[{"@type":"SearchAction","target":{"@type":"EntryPoint","urlTemplate":"https:\/\/skaitytaknyga.lt\/?s={search_term_string}"},"query-input":{"@type":"PropertyValueSpecification","valueRequired":true,"valueName":"search_term_string"}}],"inLanguage":"en-GB"},{"@type":"Organization","@id":"https:\/\/skaitytaknyga.lt\/#organization","name":"skaitytaknyga.lt","url":"https:\/\/skaitytaknyga.lt\/","logo":{"@type":"ImageObject","inLanguage":"en-GB","@id":"https:\/\/skaitytaknyga.lt\/#\/schema\/logo\/image\/","url":"https:\/\/skaitytaknyga.lt\/wp-content\/uploads\/2024\/05\/cropped-cropped-cropped-02_00843_jt3bggkj1j3HLc7SyY6rEUpg.jpeg","contentUrl":"https:\/\/skaitytaknyga.lt\/wp-content\/uploads\/2024\/05\/cropped-cropped-cropped-02_00843_jt3bggkj1j3HLc7SyY6rEUpg.jpeg","width":1600,"height":1600,"caption":"skaitytaknyga.lt"},"image":{"@id":"https:\/\/skaitytaknyga.lt\/#\/schema\/logo\/image\/"},"sameAs":["https:\/\/www.facebook.com\/skaitytaknyga\/"]}]}},"_links":{"self":[{"href":"https:\/\/skaitytaknyga.lt\/en\/wp-json\/wp\/v2\/product\/14806","targetHints":{"allow":["GET"]}}],"collection":[{"href":"https:\/\/skaitytaknyga.lt\/en\/wp-json\/wp\/v2\/product"}],"about":[{"href":"https:\/\/skaitytaknyga.lt\/en\/wp-json\/wp\/v2\/types\/product"}],"replies":[{"embeddable":true,"href":"https:\/\/skaitytaknyga.lt\/en\/wp-json\/wp\/v2\/comments?post=14806"}],"wp:featuredmedia":[{"embeddable":true,"href":"https:\/\/skaitytaknyga.lt\/en\/wp-json\/wp\/v2\/media\/14897"}],"wp:attachment":[{"href":"https:\/\/skaitytaknyga.lt\/en\/wp-json\/wp\/v2\/media?parent=14806"}],"wp:term":[{"taxonomy":"product_brand","embeddable":true,"href":"https:\/\/skaitytaknyga.lt\/en\/wp-json\/wp\/v2\/product_brand?post=14806"},{"taxonomy":"product_cat","embeddable":true,"href":"https:\/\/skaitytaknyga.lt\/en\/wp-json\/wp\/v2\/product_cat?post=14806"},{"taxonomy":"product_tag","embeddable":true,"href":"https:\/\/skaitytaknyga.lt\/en\/wp-json\/wp\/v2\/product_tag?post=14806"}],"curies":[{"name":"wp","href":"https:\/\/api.w.org\/{rel}","templated":true}]}}