{"id":14802,"date":"2024-11-23T19:27:27","date_gmt":"2024-11-23T17:27:27","guid":{"rendered":"https:\/\/skaitytaknyga.lt\/?post_type=product&#038;p=14802"},"modified":"2024-11-23T19:51:00","modified_gmt":"2024-11-23T17:51:00","slug":"emilis-is-lionebergos","status":"publish","type":"product","link":"https:\/\/skaitytaknyga.lt\/en\/produktas\/emilis-is-lionebergos\/","title":{"rendered":"Emilis i\u0161 Lionebergos"},"content":{"rendered":"<p>Emilis i\u0161 Lionebergos \u2013 taip vadinosi berniukas, kuris gyveno Lionebergoje. Jis buvo i\u0161dyk\u0119s, neklau\u017eada vaikas, ne toks geras kaip tu. Nors atrod\u0117 meilutis, i\u0161 tikr\u0173j\u0173. Kai ner\u0117kdavo. Jis buvo \u017eydr\u0173 apvalain\u0173 aki\u0173, papurusiais raudonais \u017eandukais, o plaukai \u0161vies\u016bs, garbanoti. Pa\u017ei\u016br\u0117ti visai dailus, taigi gal\u0117jai pagalvoti, kad jis lyg angel\u0117lis. Bet taip tik atrod\u0117. Jis buvo penkeri\u0173 met\u0173 ir stiprus kaip jautis, o gyveno Kathultos viens\u0117dyje, Lionebergos kaime, Smolande. Ir kalb\u0117jo jis smolandi\u0161kai, tas ma\u017eylis, nes kurgi d\u0117sis. Juk visi taip kalba Smolande. Kai imdavo ie\u0161koti kepur\u0117s, nesakydavo kaip tu \u201eKur mano kepur\u0117?\u201c, o klausdavo \u201eKur mano kepur\u0161\u0117?\u201c O toji jo kepur\u0161\u0117 buvo su juodu snapeliu ir m\u0117lynu bumbulu vir\u0161uje, visai bjauri. J\u0105 nupirk\u0119s t\u0117tis, kai syk\u012f va\u017eiavo \u012f miest\u0105. Emilis labai myl\u0117jo kepur\u0117l\u0119 ir, eidamas vakare gulti, sakydavo: \u201eKur mano kepur\u0161\u0117?\u201c Mamai nepatiko, kad jis eina gulti su kepure, nor\u0117davo pad\u0117ti j\u0105 priemen\u0117je ant lentynos, bet tada Emilis imdavo taip r\u0117kti, kad visas Lionebergos kaimas gird\u0117davo: \u201eA\u0161 noriu savo kepur\u0161\u0117s!\u201c<\/p>\n<p>Ir Emilis miegojo su kepure kiekvien\u0105 nakt\u012f i\u0161tisas tris savaites\u2026<\/p>\n<ul class=\"about-product d-none d-xl-block mt-4\">\n<li><strong>Autorius:<\/strong>\u00a0Astrid Lindgren<\/li>\n<li><strong>Leid\u0117jas:<\/strong>\u00a0Lietus<\/li>\n<li><strong>Metai:<\/strong>\u00a01993<\/li>\n<li><strong>Puslapiai:<\/strong>\u00a0191<\/li>\n<li class=\"toggleable type-new-formats \"><strong>Formatas:<\/strong>\u00a013,5 x 20,5 x 1,4 cm, kieti vir\u0161eliai<\/li>\n<li><strong>Kalba:<\/strong>\u00a0Lietuvi\u0173<\/li>\n<li><strong>Vert\u0117jas:<\/strong>\u00a0Eugenija Stravinskien\u0117<\/li>\n<\/ul>\n","protected":false},"excerpt":{"rendered":"<p>Emilis i\u0161 Lionebergos \u2013 taip vadinosi berniukas, kuris gyveno Lionebergoje. Jis buvo i\u0161dyk\u0119s, neklau\u017eada vaikas, ne toks geras kaip tu. Nors atrod\u0117 meilutis, i\u0161 tikr\u0173j\u0173. Kai ner\u0117kdavo. Jis buvo \u017eydr\u0173 apvalain\u0173 aki\u0173, papurusiais raudonais \u017eandukais, o plaukai \u0161vies\u016bs, garbanoti. Pa\u017ei\u016br\u0117ti visai dailus, taigi gal\u0117jai pagalvoti, kad jis lyg angel\u0117lis. Bet taip tik atrod\u0117. Jis buvo penkeri\u0173 met\u0173 ir stiprus kaip jautis, o gyveno Kathultos viens\u0117dyje, Lionebergos kaime, Smolande. Ir kalb\u0117jo jis smolandi\u0161kai, tas ma\u017eylis, nes kurgi d\u0117sis. Juk visi taip kalba Smolande. Kai imdavo ie\u0161koti kepur\u0117s, nesakydavo kaip tu \u201eKur mano kepur\u0117?\u201c, o klausdavo \u201eKur mano kepur\u0161\u0117?\u201c O toji jo kepur\u0161\u0117 buvo su juodu snapeliu ir m\u0117lynu bumbulu vir\u0161uje, visai bjauri. J\u0105 nupirk\u0119s t\u0117tis, kai syk\u012f va\u017eiavo \u012f miest\u0105. Emilis labai myl\u0117jo kepur\u0117l\u0119 ir, eidamas vakare gulti, sakydavo: \u201eKur mano kepur\u0161\u0117?\u201c Mamai nepatiko, kad jis eina gulti su kepure, nor\u0117davo pad\u0117ti j\u0105 priemen\u0117je ant lentynos, bet tada Emilis imdavo taip r\u0117kti, kad visas Lionebergos kaimas gird\u0117davo: \u201eA\u0161 noriu savo kepur\u0161\u0117s!\u201c Ir Emilis miegojo su kepure kiekvien\u0105 nakt\u012f i\u0161tisas tris savaites\u2026 Autorius:\u00a0Astrid Lindgren Leid\u0117jas:\u00a0Lietus Metai:\u00a01993 Puslapiai:\u00a0191 Formatas:\u00a013,5 x 20,5 x 1,4 cm, kieti vir\u0161eliai Kalba:\u00a0Lietuvi\u0173 Vert\u0117jas:\u00a0Eugenija Stravinskien\u0117<\/p>\n","protected":false},"featured_media":14828,"comment_status":"open","ping_status":"closed","template":"","meta":{"_acf_changed":false,"site-sidebar-layout":"default","site-content-layout":"","ast-site-content-layout":"default","site-content-style":"default","site-sidebar-style":"default","ast-global-header-display":"","ast-banner-title-visibility":"","ast-main-header-display":"","ast-hfb-above-header-display":"","ast-hfb-below-header-display":"","ast-hfb-mobile-header-display":"","site-post-title":"","ast-breadcrumbs-content":"","ast-featured-img":"","footer-sml-layout":"","ast-disable-related-posts":"","theme-transparent-header-meta":"default","adv-header-id-meta":"","stick-header-meta":"","header-above-stick-meta":"","header-main-stick-meta":"","header-below-stick-meta":"","astra-migrate-meta-layouts":"set","ast-page-background-enabled":"default","ast-page-background-meta":{"desktop":{"background-color":"","background-image":"","background-repeat":"repeat","background-position":"center center","background-size":"auto","background-attachment":"scroll","background-type":"","background-media":"","overlay-type":"","overlay-color":"","overlay-opacity":"","overlay-gradient":""},"tablet":{"background-color":"","background-image":"","background-repeat":"repeat","background-position":"center center","background-size":"auto","background-attachment":"scroll","background-type":"","background-media":"","overlay-type":"","overlay-color":"","overlay-opacity":"","overlay-gradient":""},"mobile":{"background-color":"","background-image":"","background-repeat":"repeat","background-position":"center center","background-size":"auto","background-attachment":"scroll","background-type":"","background-media":"","overlay-type":"","overlay-color":"","overlay-opacity":"","overlay-gradient":""}},"ast-content-background-meta":{"desktop":{"background-color":"var(--ast-global-color-4)","background-image":"","background-repeat":"repeat","background-position":"center center","background-size":"auto","background-attachment":"scroll","background-type":"","background-media":"","overlay-type":"","overlay-color":"","overlay-opacity":"","overlay-gradient":""},"tablet":{"background-color":"var(--ast-global-color-4)","background-image":"","background-repeat":"repeat","background-position":"center center","background-size":"auto","background-attachment":"scroll","background-type":"","background-media":"","overlay-type":"","overlay-color":"","overlay-opacity":"","overlay-gradient":""},"mobile":{"background-color":"var(--ast-global-color-4)","background-image":"","background-repeat":"repeat","background-position":"center center","background-size":"auto","background-attachment":"scroll","background-type":"","background-media":"","overlay-type":"","overlay-color":"","overlay-opacity":"","overlay-gradient":""}}},"product_brand":[],"product_cat":[15,35],"product_tag":[],"class_list":{"0":"post-14802","1":"product","2":"type-product","3":"status-publish","4":"has-post-thumbnail","6":"product_cat-uncategorized","7":"product_cat-vaikams-ir-paaugliams","8":"desktop-align-left","9":"tablet-align-left","10":"mobile-align-left","12":"first","13":"instock","14":"shipping-taxable","15":"purchasable","16":"product-type-simple"},"acf":[],"yoast_head":"<!-- This site is optimized with the Yoast SEO plugin v27.0 - https:\/\/yoast.com\/product\/yoast-seo-wordpress\/ -->\n<title>Emilis i\u0161 Lionebergos<\/title>\n<meta name=\"description\" content=\"Emilis i\u0161 Lionebergos \u2013 taip vadinosi berniukas, kuris gyveno Lionebergoje. Jis buvo i\u0161dyk\u0119s, neklau\u017eada vaikas, ne toks geras kaip tu. Nors atrod\u0117\" \/>\n<meta name=\"robots\" content=\"index, follow, max-snippet:-1, max-image-preview:large, max-video-preview:-1\" \/>\n<link rel=\"canonical\" href=\"https:\/\/skaitytaknyga.lt\/en\/produktas\/emilis-is-lionebergos\/\" \/>\n<meta property=\"og:locale\" content=\"en_GB\" \/>\n<meta property=\"og:locale:alternate\" content=\"lt_LT\" \/>\n<meta property=\"og:type\" content=\"article\" \/>\n<meta property=\"og:title\" content=\"Emilis i\u0161 Lionebergos\" \/>\n<meta property=\"og:description\" content=\"Emilis i\u0161 Lionebergos \u2013 taip vadinosi berniukas, kuris gyveno Lionebergoje. Jis buvo i\u0161dyk\u0119s, neklau\u017eada vaikas, ne toks geras kaip tu. Nors atrod\u0117\" \/>\n<meta property=\"og:url\" content=\"https:\/\/skaitytaknyga.lt\/en\/produktas\/emilis-is-lionebergos\/\" \/>\n<meta property=\"og:site_name\" content=\"Skaitytaknyga\" \/>\n<meta property=\"article:publisher\" content=\"https:\/\/www.facebook.com\/skaitytaknyga\/\" \/>\n<meta property=\"article:modified_time\" content=\"2024-11-23T17:51:00+00:00\" \/>\n<meta property=\"og:image\" content=\"https:\/\/skaitytaknyga.lt\/wp-content\/uploads\/2024\/11\/Emilis-is-Lionebergos.webp\" \/>\n\t<meta property=\"og:image:width\" content=\"495\" \/>\n\t<meta property=\"og:image:height\" content=\"800\" \/>\n\t<meta property=\"og:image:type\" content=\"image\/webp\" \/>\n<meta name=\"twitter:card\" content=\"summary_large_image\" \/>\n<meta name=\"twitter:label1\" content=\"Estimated reading time\" \/>\n\t<meta name=\"twitter:data1\" content=\"2 minutes\" \/>\n<script type=\"application\/ld+json\" class=\"yoast-schema-graph\">{\"@context\":\"https:\/\/schema.org\",\"@graph\":[{\"@type\":\"WebPage\",\"@id\":\"https:\/\/skaitytaknyga.lt\/produktas\/emilis-is-lionebergos\/\",\"url\":\"https:\/\/skaitytaknyga.lt\/produktas\/emilis-is-lionebergos\/\",\"name\":\"Emilis i\u0161 Lionebergos\",\"isPartOf\":{\"@id\":\"https:\/\/skaitytaknyga.lt\/#website\"},\"primaryImageOfPage\":{\"@id\":\"https:\/\/skaitytaknyga.lt\/produktas\/emilis-is-lionebergos\/#primaryimage\"},\"image\":{\"@id\":\"https:\/\/skaitytaknyga.lt\/produktas\/emilis-is-lionebergos\/#primaryimage\"},\"thumbnailUrl\":\"https:\/\/skaitytaknyga.lt\/wp-content\/uploads\/2024\/11\/Emilis-is-Lionebergos.webp\",\"datePublished\":\"2024-11-23T17:27:27+00:00\",\"dateModified\":\"2024-11-23T17:51:00+00:00\",\"description\":\"Emilis i\u0161 Lionebergos \u2013 taip vadinosi berniukas, kuris gyveno Lionebergoje. Jis buvo i\u0161dyk\u0119s, neklau\u017eada vaikas, ne toks geras kaip tu. Nors atrod\u0117\",\"breadcrumb\":{\"@id\":\"https:\/\/skaitytaknyga.lt\/produktas\/emilis-is-lionebergos\/#breadcrumb\"},\"inLanguage\":\"en-GB\",\"potentialAction\":[{\"@type\":\"ReadAction\",\"target\":[\"https:\/\/skaitytaknyga.lt\/produktas\/emilis-is-lionebergos\/\"]}]},{\"@type\":\"ImageObject\",\"inLanguage\":\"en-GB\",\"@id\":\"https:\/\/skaitytaknyga.lt\/produktas\/emilis-is-lionebergos\/#primaryimage\",\"url\":\"https:\/\/skaitytaknyga.lt\/wp-content\/uploads\/2024\/11\/Emilis-is-Lionebergos.webp\",\"contentUrl\":\"https:\/\/skaitytaknyga.lt\/wp-content\/uploads\/2024\/11\/Emilis-is-Lionebergos.webp\",\"width\":495,\"height\":800,\"caption\":\"Emilis i\u0161 Lionebergos\"},{\"@type\":\"BreadcrumbList\",\"@id\":\"https:\/\/skaitytaknyga.lt\/produktas\/emilis-is-lionebergos\/#breadcrumb\",\"itemListElement\":[{\"@type\":\"ListItem\",\"position\":1,\"name\":\"Home\",\"item\":\"https:\/\/skaitytaknyga.lt\/\"},{\"@type\":\"ListItem\",\"position\":2,\"name\":\"Parduotuv\u0117\",\"item\":\"https:\/\/skaitytaknyga.lt\/knygu-parduotuve\/\"},{\"@type\":\"ListItem\",\"position\":3,\"name\":\"Emilis i\u0161 Lionebergos\"}]},{\"@type\":\"WebSite\",\"@id\":\"https:\/\/skaitytaknyga.lt\/#website\",\"url\":\"https:\/\/skaitytaknyga.lt\/\",\"name\":\"skaitytaknyga.lt\",\"description\":\"Skaitytaknyga.lt \u2013 tai ma\u017eas \u0161eimos verslas, kuris prasid\u0117jo nuo meil\u0117s knygoms ir siekio i\u0161gelb\u0117ti knygas nuo likimo prie konteinerio. Kas vienam nereikalingas daiktas \u2013 kitam lobis, o mes esame tarpininkai, kurie padeda abiems tapti laimingesniems ???? \u017dinome kaip nelengva i\u0161gyventi ma\u017eiems verslams, tad nuo \u0161iol, \u010dia rasite ir kit\u0173, ma\u017e\u0173 \u0161eim\u0173 versl\u0173, rank\u0173 darbo, dovan\u0173 sau ir artimiesiems.\",\"publisher\":{\"@id\":\"https:\/\/skaitytaknyga.lt\/#organization\"},\"potentialAction\":[{\"@type\":\"SearchAction\",\"target\":{\"@type\":\"EntryPoint\",\"urlTemplate\":\"https:\/\/skaitytaknyga.lt\/?s={search_term_string}\"},\"query-input\":{\"@type\":\"PropertyValueSpecification\",\"valueRequired\":true,\"valueName\":\"search_term_string\"}}],\"inLanguage\":\"en-GB\"},{\"@type\":\"Organization\",\"@id\":\"https:\/\/skaitytaknyga.lt\/#organization\",\"name\":\"skaitytaknyga.lt\",\"url\":\"https:\/\/skaitytaknyga.lt\/\",\"logo\":{\"@type\":\"ImageObject\",\"inLanguage\":\"en-GB\",\"@id\":\"https:\/\/skaitytaknyga.lt\/#\/schema\/logo\/image\/\",\"url\":\"https:\/\/skaitytaknyga.lt\/wp-content\/uploads\/2024\/05\/cropped-cropped-cropped-02_00843_jt3bggkj1j3HLc7SyY6rEUpg.jpeg\",\"contentUrl\":\"https:\/\/skaitytaknyga.lt\/wp-content\/uploads\/2024\/05\/cropped-cropped-cropped-02_00843_jt3bggkj1j3HLc7SyY6rEUpg.jpeg\",\"width\":1600,\"height\":1600,\"caption\":\"skaitytaknyga.lt\"},\"image\":{\"@id\":\"https:\/\/skaitytaknyga.lt\/#\/schema\/logo\/image\/\"},\"sameAs\":[\"https:\/\/www.facebook.com\/skaitytaknyga\/\"]}]}<\/script>\n<!-- \/ Yoast SEO plugin. -->","yoast_head_json":{"title":"Emilis i\u0161 Lionebergos","description":"Emilis i\u0161 Lionebergos \u2013 taip vadinosi berniukas, kuris gyveno Lionebergoje. Jis buvo i\u0161dyk\u0119s, neklau\u017eada vaikas, ne toks geras kaip tu. Nors atrod\u0117","robots":{"index":"index","follow":"follow","max-snippet":"max-snippet:-1","max-image-preview":"max-image-preview:large","max-video-preview":"max-video-preview:-1"},"canonical":"https:\/\/skaitytaknyga.lt\/en\/produktas\/emilis-is-lionebergos\/","og_locale":"en_GB","og_type":"article","og_title":"[:lt]Emilis i\u0161 Lionebergos[:] - Skaitytaknyga","og_description":"Emilis i\u0161 Lionebergos \u2013 taip vadinosi berniukas, kuris gyveno Lionebergoje. Jis buvo i\u0161dyk\u0119s, neklau\u017eada vaikas, ne toks geras kaip tu. Nors atrod\u0117","og_url":"https:\/\/skaitytaknyga.lt\/en\/produktas\/emilis-is-lionebergos\/","og_site_name":"Skaitytaknyga","article_publisher":"https:\/\/www.facebook.com\/skaitytaknyga\/","article_modified_time":"2024-11-23T17:51:00+00:00","og_image":[{"width":495,"height":800,"url":"https:\/\/skaitytaknyga.lt\/wp-content\/uploads\/2024\/11\/Emilis-is-Lionebergos.webp","type":"image\/webp"}],"twitter_card":"summary_large_image","twitter_misc":{"Estimated reading time":"2 minutes"},"schema":{"@context":"https:\/\/schema.org","@graph":[{"@type":"WebPage","@id":"https:\/\/skaitytaknyga.lt\/produktas\/emilis-is-lionebergos\/","url":"https:\/\/skaitytaknyga.lt\/produktas\/emilis-is-lionebergos\/","name":"Emilis i\u0161 Lionebergos","isPartOf":{"@id":"https:\/\/skaitytaknyga.lt\/#website"},"primaryImageOfPage":{"@id":"https:\/\/skaitytaknyga.lt\/produktas\/emilis-is-lionebergos\/#primaryimage"},"image":{"@id":"https:\/\/skaitytaknyga.lt\/produktas\/emilis-is-lionebergos\/#primaryimage"},"thumbnailUrl":"https:\/\/skaitytaknyga.lt\/wp-content\/uploads\/2024\/11\/Emilis-is-Lionebergos.webp","datePublished":"2024-11-23T17:27:27+00:00","dateModified":"2024-11-23T17:51:00+00:00","description":"Emilis i\u0161 Lionebergos \u2013 taip vadinosi berniukas, kuris gyveno Lionebergoje. Jis buvo i\u0161dyk\u0119s, neklau\u017eada vaikas, ne toks geras kaip tu. Nors atrod\u0117","breadcrumb":{"@id":"https:\/\/skaitytaknyga.lt\/produktas\/emilis-is-lionebergos\/#breadcrumb"},"inLanguage":"en-GB","potentialAction":[{"@type":"ReadAction","target":["https:\/\/skaitytaknyga.lt\/produktas\/emilis-is-lionebergos\/"]}]},{"@type":"ImageObject","inLanguage":"en-GB","@id":"https:\/\/skaitytaknyga.lt\/produktas\/emilis-is-lionebergos\/#primaryimage","url":"https:\/\/skaitytaknyga.lt\/wp-content\/uploads\/2024\/11\/Emilis-is-Lionebergos.webp","contentUrl":"https:\/\/skaitytaknyga.lt\/wp-content\/uploads\/2024\/11\/Emilis-is-Lionebergos.webp","width":495,"height":800,"caption":"Emilis i\u0161 Lionebergos"},{"@type":"BreadcrumbList","@id":"https:\/\/skaitytaknyga.lt\/produktas\/emilis-is-lionebergos\/#breadcrumb","itemListElement":[{"@type":"ListItem","position":1,"name":"Home","item":"https:\/\/skaitytaknyga.lt\/"},{"@type":"ListItem","position":2,"name":"Parduotuv\u0117","item":"https:\/\/skaitytaknyga.lt\/knygu-parduotuve\/"},{"@type":"ListItem","position":3,"name":"Emilis i\u0161 Lionebergos"}]},{"@type":"WebSite","@id":"https:\/\/skaitytaknyga.lt\/#website","url":"https:\/\/skaitytaknyga.lt\/","name":"skaitytaknyga.lt","description":"Skaitytaknyga.lt \u2013 tai ma\u017eas \u0161eimos verslas, kuris prasid\u0117jo nuo meil\u0117s knygoms ir siekio i\u0161gelb\u0117ti knygas nuo likimo prie konteinerio. Kas vienam nereikalingas daiktas \u2013 kitam lobis, o mes esame tarpininkai, kurie padeda abiems tapti laimingesniems ???? \u017dinome kaip nelengva i\u0161gyventi ma\u017eiems verslams, tad nuo \u0161iol, \u010dia rasite ir kit\u0173, ma\u017e\u0173 \u0161eim\u0173 versl\u0173, rank\u0173 darbo, dovan\u0173 sau ir artimiesiems.","publisher":{"@id":"https:\/\/skaitytaknyga.lt\/#organization"},"potentialAction":[{"@type":"SearchAction","target":{"@type":"EntryPoint","urlTemplate":"https:\/\/skaitytaknyga.lt\/?s={search_term_string}"},"query-input":{"@type":"PropertyValueSpecification","valueRequired":true,"valueName":"search_term_string"}}],"inLanguage":"en-GB"},{"@type":"Organization","@id":"https:\/\/skaitytaknyga.lt\/#organization","name":"skaitytaknyga.lt","url":"https:\/\/skaitytaknyga.lt\/","logo":{"@type":"ImageObject","inLanguage":"en-GB","@id":"https:\/\/skaitytaknyga.lt\/#\/schema\/logo\/image\/","url":"https:\/\/skaitytaknyga.lt\/wp-content\/uploads\/2024\/05\/cropped-cropped-cropped-02_00843_jt3bggkj1j3HLc7SyY6rEUpg.jpeg","contentUrl":"https:\/\/skaitytaknyga.lt\/wp-content\/uploads\/2024\/05\/cropped-cropped-cropped-02_00843_jt3bggkj1j3HLc7SyY6rEUpg.jpeg","width":1600,"height":1600,"caption":"skaitytaknyga.lt"},"image":{"@id":"https:\/\/skaitytaknyga.lt\/#\/schema\/logo\/image\/"},"sameAs":["https:\/\/www.facebook.com\/skaitytaknyga\/"]}]}},"_links":{"self":[{"href":"https:\/\/skaitytaknyga.lt\/en\/wp-json\/wp\/v2\/product\/14802","targetHints":{"allow":["GET"]}}],"collection":[{"href":"https:\/\/skaitytaknyga.lt\/en\/wp-json\/wp\/v2\/product"}],"about":[{"href":"https:\/\/skaitytaknyga.lt\/en\/wp-json\/wp\/v2\/types\/product"}],"replies":[{"embeddable":true,"href":"https:\/\/skaitytaknyga.lt\/en\/wp-json\/wp\/v2\/comments?post=14802"}],"wp:featuredmedia":[{"embeddable":true,"href":"https:\/\/skaitytaknyga.lt\/en\/wp-json\/wp\/v2\/media\/14828"}],"wp:attachment":[{"href":"https:\/\/skaitytaknyga.lt\/en\/wp-json\/wp\/v2\/media?parent=14802"}],"wp:term":[{"taxonomy":"product_brand","embeddable":true,"href":"https:\/\/skaitytaknyga.lt\/en\/wp-json\/wp\/v2\/product_brand?post=14802"},{"taxonomy":"product_cat","embeddable":true,"href":"https:\/\/skaitytaknyga.lt\/en\/wp-json\/wp\/v2\/product_cat?post=14802"},{"taxonomy":"product_tag","embeddable":true,"href":"https:\/\/skaitytaknyga.lt\/en\/wp-json\/wp\/v2\/product_tag?post=14802"}],"curies":[{"name":"wp","href":"https:\/\/api.w.org\/{rel}","templated":true}]}}