{"id":14796,"date":"2024-11-23T13:59:53","date_gmt":"2024-11-23T11:59:53","guid":{"rendered":"https:\/\/skaitytaknyga.lt\/?post_type=product&#038;p=14796"},"modified":"2026-04-01T12:18:48","modified_gmt":"2026-04-01T09:18:48","slug":"gelezies-isdavikas-gelezies-fejunai-6-oji-knyga","status":"publish","type":"product","link":"https:\/\/skaitytaknyga.lt\/en\/produktas\/gelezies-isdavikas-gelezies-fejunai-6-oji-knyga\/","title":{"rendered":"Gele\u017eies i\u0161davikas (Gele\u017eies f\u0117j\u016bnai 6-oji knyga)"},"content":{"rendered":"<p><em>A\u0161 esu Itanas \u010ceisas.<\/em><br \/>\n<em>Ma\u017eiau nei prie\u0161 savait\u0119 buvau atsid\u016br\u0119s f\u0117j\u016bn\u0173 \u0161alyje.<\/em><br \/>\n<em>V\u0117l.<\/em><\/p>\n<p>Po netik\u0117tos kelion\u0117s \u012f f\u0117j\u016bn\u0173 \u0161al\u012f Itanas \u010ceisas tenori vieno \u2013 gr\u012f\u017eti \u012f \u201enormal\u0173&#8221; gyvenim\u0105. \u017dinoma, gyventi \u012fprastai kaip jo bendraam\u017eiai jis n\u0117 nesitiki. Itano sesuo Megana \u2013 viena galingiausi\u0173 Niekadaniekada \u0161alies f\u0117j\u016bni\u0173, o ir jis pats yra priverstas visur juos reg\u0117ti.<\/p>\n<p>Itanas jau \u012fprato b\u016bti nuolat kaltinamas neb\u016btais dalykais. Bet n\u0117 u\u017e k\u0105 neatsisakyt\u0173 mylimos merginos Kenz\u0117s, nors jam ir draud\u017eiama su ja matytis&#8230; F\u0117j\u016bn\u0173 pasaulyje darosi neramu, tod\u0117l jau labai greitai Itanui teks priimti lemtingus sprendimus.<\/p>\n<p>Jo s\u016bn\u0117nas, Gele\u017eies princas Kieranas, pradingsta, Kierano mylima f\u0117j\u016bn\u0117 Anvil\u0117 spar\u010diai nyksta&#8230; Ka\u017ekas v\u0117l siekia pakenkti \u017emon\u0117ms ir f\u0117j\u016bnams, o Itano ir Kierano likimai skausmingai susipina.<br \/>\nKieranas vis labiau grimzta \u012f tams\u0105, ir laiko lieka vis ma\u017eiau. Kaip viskas klostysis ateityje, priklauso tik nuo Itano. Kitas jo \u017eingsnis bus lemiamas visiems.<\/p>\n<p><em>Kai tunelis u\u017esiv\u0117r\u0117, patvino tamsa ir a\u0161 nugrimzdau \u012f neb\u016bt\u012f.<\/em><\/p>\n<ul class=\"about-product d-none d-xl-block mt-4\">\n<li><strong>Originalus pavadinimas:<\/strong>\u00a0The Iron Traitor<\/li>\n<li><strong>Autorius:<\/strong>\u00a0Julie Kagawa<\/li>\n<li><strong>Leid\u0117jas:<\/strong>\u00a0Svajoni\u0173 knygos<\/li>\n<li><strong>Metai:<\/strong>\u00a02019<\/li>\n<li><strong>Puslapiai:<\/strong>\u00a0416<\/li>\n<li class=\"toggleable type-new-formats \"><strong>ISBN:<\/strong>\u00a09786090304792<\/li>\n<li><strong>Versijos kodas:<\/strong>\u00a03<\/li>\n<li class=\"toggleable type-new-formats \"><strong>Formatas:<\/strong>\u00a013,5 x 21 x 3 cm, mink\u0161ti vir\u0161eliai<\/li>\n<li><strong>Kalba:<\/strong>\u00a0Lietuvi\u0173<\/li>\n<li><strong>Vert\u0117jas:<\/strong>\u00a0J\u016brat\u0117 \u017deimantien\u0117<\/li>\n<\/ul>\n","protected":false},"excerpt":{"rendered":"<p>A\u0161 esu Itanas \u010ceisas. Ma\u017eiau nei prie\u0161 savait\u0119 buvau atsid\u016br\u0119s f\u0117j\u016bn\u0173 \u0161alyje. V\u0117l. Po netik\u0117tos kelion\u0117s \u012f f\u0117j\u016bn\u0173 \u0161al\u012f Itanas \u010ceisas tenori vieno \u2013 gr\u012f\u017eti \u012f \u201enormal\u0173&#8221; gyvenim\u0105. \u017dinoma, gyventi \u012fprastai kaip jo bendraam\u017eiai jis n\u0117 nesitiki. Itano sesuo Megana \u2013 viena galingiausi\u0173 Niekadaniekada \u0161alies f\u0117j\u016bni\u0173, o ir jis pats yra priverstas visur juos reg\u0117ti. Itanas jau \u012fprato b\u016bti nuolat kaltinamas neb\u016btais dalykais. Bet n\u0117 u\u017e k\u0105 neatsisakyt\u0173 mylimos merginos Kenz\u0117s, nors jam ir draud\u017eiama su ja matytis&#8230; F\u0117j\u016bn\u0173 pasaulyje darosi neramu, tod\u0117l jau labai greitai Itanui teks priimti lemtingus sprendimus. Jo s\u016bn\u0117nas, Gele\u017eies princas Kieranas, pradingsta, Kierano mylima f\u0117j\u016bn\u0117 Anvil\u0117 spar\u010diai nyksta&#8230; Ka\u017ekas v\u0117l siekia pakenkti \u017emon\u0117ms ir f\u0117j\u016bnams, o Itano ir Kierano likimai skausmingai susipina. Kieranas vis labiau grimzta \u012f tams\u0105, ir laiko lieka vis ma\u017eiau. Kaip viskas klostysis ateityje, priklauso tik nuo Itano. Kitas jo \u017eingsnis bus lemiamas visiems. Kai tunelis u\u017esiv\u0117r\u0117, patvino tamsa ir a\u0161 nugrimzdau \u012f neb\u016bt\u012f. Originalus pavadinimas:\u00a0The Iron Traitor Autorius:\u00a0Julie Kagawa Leid\u0117jas:\u00a0Svajoni\u0173 knygos Metai:\u00a02019 Puslapiai:\u00a0416 ISBN:\u00a09786090304792 Versijos kodas:\u00a03 Formatas:\u00a013,5 x 21 x 3 cm, mink\u0161ti vir\u0161eliai Kalba:\u00a0Lietuvi\u0173 Vert\u0117jas:\u00a0J\u016brat\u0117 \u017deimantien\u0117<\/p>\n","protected":false},"featured_media":14830,"comment_status":"open","ping_status":"closed","template":"","meta":{"_acf_changed":false,"site-sidebar-layout":"default","site-content-layout":"","ast-site-content-layout":"default","site-content-style":"default","site-sidebar-style":"default","ast-global-header-display":"","ast-banner-title-visibility":"","ast-main-header-display":"","ast-hfb-above-header-display":"","ast-hfb-below-header-display":"","ast-hfb-mobile-header-display":"","site-post-title":"","ast-breadcrumbs-content":"","ast-featured-img":"","footer-sml-layout":"","ast-disable-related-posts":"","theme-transparent-header-meta":"default","adv-header-id-meta":"","stick-header-meta":"","header-above-stick-meta":"","header-main-stick-meta":"","header-below-stick-meta":"","astra-migrate-meta-layouts":"set","ast-page-background-enabled":"default","ast-page-background-meta":{"desktop":{"background-color":"","background-image":"","background-repeat":"repeat","background-position":"center center","background-size":"auto","background-attachment":"scroll","background-type":"","background-media":"","overlay-type":"","overlay-color":"","overlay-opacity":"","overlay-gradient":""},"tablet":{"background-color":"","background-image":"","background-repeat":"repeat","background-position":"center center","background-size":"auto","background-attachment":"scroll","background-type":"","background-media":"","overlay-type":"","overlay-color":"","overlay-opacity":"","overlay-gradient":""},"mobile":{"background-color":"","background-image":"","background-repeat":"repeat","background-position":"center center","background-size":"auto","background-attachment":"scroll","background-type":"","background-media":"","overlay-type":"","overlay-color":"","overlay-opacity":"","overlay-gradient":""}},"ast-content-background-meta":{"desktop":{"background-color":"var(--ast-global-color-4)","background-image":"","background-repeat":"repeat","background-position":"center center","background-size":"auto","background-attachment":"scroll","background-type":"","background-media":"","overlay-type":"","overlay-color":"","overlay-opacity":"","overlay-gradient":""},"tablet":{"background-color":"var(--ast-global-color-4)","background-image":"","background-repeat":"repeat","background-position":"center center","background-size":"auto","background-attachment":"scroll","background-type":"","background-media":"","overlay-type":"","overlay-color":"","overlay-opacity":"","overlay-gradient":""},"mobile":{"background-color":"var(--ast-global-color-4)","background-image":"","background-repeat":"repeat","background-position":"center center","background-size":"auto","background-attachment":"scroll","background-type":"","background-media":"","overlay-type":"","overlay-color":"","overlay-opacity":"","overlay-gradient":""}}},"product_brand":[],"product_cat":[9621,9676],"product_tag":[],"class_list":{"0":"post-14796","1":"product","2":"type-product","3":"status-publish","4":"has-post-thumbnail","6":"product_cat-fantastika-fantastika","7":"product_cat-paaugliams","8":"desktop-align-left","9":"tablet-align-left","10":"mobile-align-left","12":"first","13":"instock","14":"shipping-taxable","15":"purchasable","16":"product-type-simple"},"acf":[],"yoast_head":"<!-- This site is optimized with the Yoast SEO plugin v27.4 - https:\/\/yoast.com\/product\/yoast-seo-wordpress\/ -->\n<title>Gele\u017eies i\u0161davikas (Gele\u017eies f\u0117j\u016bnai 6-oji knyga)<\/title>\n<meta name=\"description\" content=\"A\u0161 esu Itanas \u010ceisas. Ma\u017eiau nei prie\u0161 savait\u0119 buvau atsid\u016br\u0119s f\u0117j\u016bn\u0173 \u0161alyje. V\u0117l. Po netik\u0117tos kelion\u0117s \u012f f\u0117j\u016bn\u0173 \u0161al\u012f Itanas \u010ceisas tenori vieno \u2013 gr\u012f\u017eti\" \/>\n<meta name=\"robots\" content=\"index, follow, max-snippet:-1, max-image-preview:large, max-video-preview:-1\" \/>\n<link rel=\"canonical\" href=\"https:\/\/skaitytaknyga.lt\/en\/produktas\/gelezies-isdavikas-gelezies-fejunai-6-oji-knyga\/\" \/>\n<meta property=\"og:locale\" content=\"en_GB\" \/>\n<meta property=\"og:locale:alternate\" content=\"lt_LT\" \/>\n<meta property=\"og:type\" content=\"article\" \/>\n<meta property=\"og:title\" content=\"Gele\u017eies i\u0161davikas (Gele\u017eies f\u0117j\u016bnai 6-oji knyga)\" \/>\n<meta property=\"og:description\" content=\"A\u0161 esu Itanas \u010ceisas. Ma\u017eiau nei prie\u0161 savait\u0119 buvau atsid\u016br\u0119s f\u0117j\u016bn\u0173 \u0161alyje. V\u0117l. Po netik\u0117tos kelion\u0117s \u012f f\u0117j\u016bn\u0173 \u0161al\u012f Itanas \u010ceisas tenori vieno \u2013 gr\u012f\u017eti\" \/>\n<meta property=\"og:url\" content=\"https:\/\/skaitytaknyga.lt\/en\/produktas\/gelezies-isdavikas-gelezies-fejunai-6-oji-knyga\/\" \/>\n<meta property=\"og:site_name\" content=\"Skaitytaknyga\" \/>\n<meta property=\"article:publisher\" content=\"https:\/\/www.facebook.com\/skaitytaknyga\/\" \/>\n<meta property=\"article:modified_time\" content=\"2026-04-01T09:18:48+00:00\" \/>\n<meta property=\"og:image\" content=\"https:\/\/skaitytaknyga.lt\/wp-content\/uploads\/2024\/11\/Gelezies-isdavikas-Gelezies-fejunai-6-oji-knyga.webp\" \/>\n\t<meta property=\"og:image:width\" content=\"303\" \/>\n\t<meta property=\"og:image:height\" content=\"452\" \/>\n\t<meta property=\"og:image:type\" content=\"image\/webp\" \/>\n<meta name=\"twitter:card\" content=\"summary_large_image\" \/>\n<meta name=\"twitter:label1\" content=\"Estimated reading time\" \/>\n\t<meta name=\"twitter:data1\" content=\"2 minutes\" \/>\n<script type=\"application\/ld+json\" class=\"yoast-schema-graph\">{\"@context\":\"https:\\\/\\\/schema.org\",\"@graph\":[{\"@type\":\"WebPage\",\"@id\":\"https:\\\/\\\/skaitytaknyga.lt\\\/produktas\\\/gelezies-isdavikas-gelezies-fejunai-6-oji-knyga\\\/\",\"url\":\"https:\\\/\\\/skaitytaknyga.lt\\\/produktas\\\/gelezies-isdavikas-gelezies-fejunai-6-oji-knyga\\\/\",\"name\":\"Gele\u017eies i\u0161davikas (Gele\u017eies f\u0117j\u016bnai 6-oji knyga)\",\"isPartOf\":{\"@id\":\"https:\\\/\\\/skaitytaknyga.lt\\\/#website\"},\"primaryImageOfPage\":{\"@id\":\"https:\\\/\\\/skaitytaknyga.lt\\\/produktas\\\/gelezies-isdavikas-gelezies-fejunai-6-oji-knyga\\\/#primaryimage\"},\"image\":{\"@id\":\"https:\\\/\\\/skaitytaknyga.lt\\\/produktas\\\/gelezies-isdavikas-gelezies-fejunai-6-oji-knyga\\\/#primaryimage\"},\"thumbnailUrl\":\"https:\\\/\\\/skaitytaknyga.lt\\\/wp-content\\\/uploads\\\/2024\\\/11\\\/Gelezies-isdavikas-Gelezies-fejunai-6-oji-knyga.webp\",\"datePublished\":\"2024-11-23T11:59:53+00:00\",\"dateModified\":\"2026-04-01T09:18:48+00:00\",\"description\":\"A\u0161 esu Itanas \u010ceisas. Ma\u017eiau nei prie\u0161 savait\u0119 buvau atsid\u016br\u0119s f\u0117j\u016bn\u0173 \u0161alyje. V\u0117l. Po netik\u0117tos kelion\u0117s \u012f f\u0117j\u016bn\u0173 \u0161al\u012f Itanas \u010ceisas tenori vieno \u2013 gr\u012f\u017eti\",\"breadcrumb\":{\"@id\":\"https:\\\/\\\/skaitytaknyga.lt\\\/produktas\\\/gelezies-isdavikas-gelezies-fejunai-6-oji-knyga\\\/#breadcrumb\"},\"inLanguage\":\"en-GB\",\"potentialAction\":[{\"@type\":\"ReadAction\",\"target\":[\"https:\\\/\\\/skaitytaknyga.lt\\\/produktas\\\/gelezies-isdavikas-gelezies-fejunai-6-oji-knyga\\\/\"]}]},{\"@type\":\"ImageObject\",\"inLanguage\":\"en-GB\",\"@id\":\"https:\\\/\\\/skaitytaknyga.lt\\\/produktas\\\/gelezies-isdavikas-gelezies-fejunai-6-oji-knyga\\\/#primaryimage\",\"url\":\"https:\\\/\\\/skaitytaknyga.lt\\\/wp-content\\\/uploads\\\/2024\\\/11\\\/Gelezies-isdavikas-Gelezies-fejunai-6-oji-knyga.webp\",\"contentUrl\":\"https:\\\/\\\/skaitytaknyga.lt\\\/wp-content\\\/uploads\\\/2024\\\/11\\\/Gelezies-isdavikas-Gelezies-fejunai-6-oji-knyga.webp\",\"width\":303,\"height\":452,\"caption\":\"Gele\u017eies i\u0161davikas (Gele\u017eies f\u0117j\u016bnai 6-oji knyga)\"},{\"@type\":\"BreadcrumbList\",\"@id\":\"https:\\\/\\\/skaitytaknyga.lt\\\/produktas\\\/gelezies-isdavikas-gelezies-fejunai-6-oji-knyga\\\/#breadcrumb\",\"itemListElement\":[{\"@type\":\"ListItem\",\"position\":1,\"name\":\"Home\",\"item\":\"https:\\\/\\\/skaitytaknyga.lt\\\/\"},{\"@type\":\"ListItem\",\"position\":2,\"name\":\"Parduotuv\u0117\",\"item\":\"https:\\\/\\\/skaitytaknyga.lt\\\/knygu-parduotuve\\\/\"},{\"@type\":\"ListItem\",\"position\":3,\"name\":\"Gele\u017eies i\u0161davikas (Gele\u017eies f\u0117j\u016bnai 6-oji knyga)\"}]},{\"@type\":\"WebSite\",\"@id\":\"https:\\\/\\\/skaitytaknyga.lt\\\/#website\",\"url\":\"https:\\\/\\\/skaitytaknyga.lt\\\/\",\"name\":\"skaitytaknyga.lt\",\"description\":\"Skaitytaknyga.lt \u2013 tai ma\u017eas \u0161eimos verslas, kuris prasid\u0117jo nuo meil\u0117s knygoms ir siekio i\u0161gelb\u0117ti knygas nuo likimo prie konteinerio. Kas vienam nereikalingas daiktas \u2013 kitam lobis, o mes esame tarpininkai, kurie padeda abiems tapti laimingesniems ???? \u017dinome kaip nelengva i\u0161gyventi ma\u017eiems verslams, tad nuo \u0161iol, \u010dia rasite ir kit\u0173, ma\u017e\u0173 \u0161eim\u0173 versl\u0173, rank\u0173 darbo, dovan\u0173 sau ir artimiesiems.\",\"publisher\":{\"@id\":\"https:\\\/\\\/skaitytaknyga.lt\\\/#organization\"},\"potentialAction\":[{\"@type\":\"SearchAction\",\"target\":{\"@type\":\"EntryPoint\",\"urlTemplate\":\"https:\\\/\\\/skaitytaknyga.lt\\\/?s={search_term_string}\"},\"query-input\":{\"@type\":\"PropertyValueSpecification\",\"valueRequired\":true,\"valueName\":\"search_term_string\"}}],\"inLanguage\":\"en-GB\"},{\"@type\":\"Organization\",\"@id\":\"https:\\\/\\\/skaitytaknyga.lt\\\/#organization\",\"name\":\"skaitytaknyga.lt\",\"url\":\"https:\\\/\\\/skaitytaknyga.lt\\\/\",\"logo\":{\"@type\":\"ImageObject\",\"inLanguage\":\"en-GB\",\"@id\":\"https:\\\/\\\/skaitytaknyga.lt\\\/#\\\/schema\\\/logo\\\/image\\\/\",\"url\":\"https:\\\/\\\/skaitytaknyga.lt\\\/wp-content\\\/uploads\\\/2024\\\/05\\\/cropped-cropped-cropped-02_00843_jt3bggkj1j3HLc7SyY6rEUpg.jpeg\",\"contentUrl\":\"https:\\\/\\\/skaitytaknyga.lt\\\/wp-content\\\/uploads\\\/2024\\\/05\\\/cropped-cropped-cropped-02_00843_jt3bggkj1j3HLc7SyY6rEUpg.jpeg\",\"width\":1600,\"height\":1600,\"caption\":\"skaitytaknyga.lt\"},\"image\":{\"@id\":\"https:\\\/\\\/skaitytaknyga.lt\\\/#\\\/schema\\\/logo\\\/image\\\/\"},\"sameAs\":[\"https:\\\/\\\/www.facebook.com\\\/skaitytaknyga\\\/\"]}]}<\/script>\n<!-- \/ Yoast SEO plugin. -->","yoast_head_json":{"title":"Gele\u017eies i\u0161davikas (Gele\u017eies f\u0117j\u016bnai 6-oji knyga)","description":"A\u0161 esu Itanas \u010ceisas. Ma\u017eiau nei prie\u0161 savait\u0119 buvau atsid\u016br\u0119s f\u0117j\u016bn\u0173 \u0161alyje. V\u0117l. Po netik\u0117tos kelion\u0117s \u012f f\u0117j\u016bn\u0173 \u0161al\u012f Itanas \u010ceisas tenori vieno \u2013 gr\u012f\u017eti","robots":{"index":"index","follow":"follow","max-snippet":"max-snippet:-1","max-image-preview":"max-image-preview:large","max-video-preview":"max-video-preview:-1"},"canonical":"https:\/\/skaitytaknyga.lt\/en\/produktas\/gelezies-isdavikas-gelezies-fejunai-6-oji-knyga\/","og_locale":"en_GB","og_type":"article","og_title":"[:lt]Gele\u017eies i\u0161davikas (Gele\u017eies f\u0117j\u016bnai 6-oji knyga)[:] - Skaitytaknyga","og_description":"A\u0161 esu Itanas \u010ceisas. Ma\u017eiau nei prie\u0161 savait\u0119 buvau atsid\u016br\u0119s f\u0117j\u016bn\u0173 \u0161alyje. V\u0117l. Po netik\u0117tos kelion\u0117s \u012f f\u0117j\u016bn\u0173 \u0161al\u012f Itanas \u010ceisas tenori vieno \u2013 gr\u012f\u017eti","og_url":"https:\/\/skaitytaknyga.lt\/en\/produktas\/gelezies-isdavikas-gelezies-fejunai-6-oji-knyga\/","og_site_name":"Skaitytaknyga","article_publisher":"https:\/\/www.facebook.com\/skaitytaknyga\/","article_modified_time":"2026-04-01T09:18:48+00:00","og_image":[{"width":303,"height":452,"url":"https:\/\/skaitytaknyga.lt\/wp-content\/uploads\/2024\/11\/Gelezies-isdavikas-Gelezies-fejunai-6-oji-knyga.webp","type":"image\/webp"}],"twitter_card":"summary_large_image","twitter_misc":{"Estimated reading time":"2 minutes"},"schema":{"@context":"https:\/\/schema.org","@graph":[{"@type":"WebPage","@id":"https:\/\/skaitytaknyga.lt\/produktas\/gelezies-isdavikas-gelezies-fejunai-6-oji-knyga\/","url":"https:\/\/skaitytaknyga.lt\/produktas\/gelezies-isdavikas-gelezies-fejunai-6-oji-knyga\/","name":"Gele\u017eies i\u0161davikas (Gele\u017eies f\u0117j\u016bnai 6-oji knyga)","isPartOf":{"@id":"https:\/\/skaitytaknyga.lt\/#website"},"primaryImageOfPage":{"@id":"https:\/\/skaitytaknyga.lt\/produktas\/gelezies-isdavikas-gelezies-fejunai-6-oji-knyga\/#primaryimage"},"image":{"@id":"https:\/\/skaitytaknyga.lt\/produktas\/gelezies-isdavikas-gelezies-fejunai-6-oji-knyga\/#primaryimage"},"thumbnailUrl":"https:\/\/skaitytaknyga.lt\/wp-content\/uploads\/2024\/11\/Gelezies-isdavikas-Gelezies-fejunai-6-oji-knyga.webp","datePublished":"2024-11-23T11:59:53+00:00","dateModified":"2026-04-01T09:18:48+00:00","description":"A\u0161 esu Itanas \u010ceisas. Ma\u017eiau nei prie\u0161 savait\u0119 buvau atsid\u016br\u0119s f\u0117j\u016bn\u0173 \u0161alyje. V\u0117l. Po netik\u0117tos kelion\u0117s \u012f f\u0117j\u016bn\u0173 \u0161al\u012f Itanas \u010ceisas tenori vieno \u2013 gr\u012f\u017eti","breadcrumb":{"@id":"https:\/\/skaitytaknyga.lt\/produktas\/gelezies-isdavikas-gelezies-fejunai-6-oji-knyga\/#breadcrumb"},"inLanguage":"en-GB","potentialAction":[{"@type":"ReadAction","target":["https:\/\/skaitytaknyga.lt\/produktas\/gelezies-isdavikas-gelezies-fejunai-6-oji-knyga\/"]}]},{"@type":"ImageObject","inLanguage":"en-GB","@id":"https:\/\/skaitytaknyga.lt\/produktas\/gelezies-isdavikas-gelezies-fejunai-6-oji-knyga\/#primaryimage","url":"https:\/\/skaitytaknyga.lt\/wp-content\/uploads\/2024\/11\/Gelezies-isdavikas-Gelezies-fejunai-6-oji-knyga.webp","contentUrl":"https:\/\/skaitytaknyga.lt\/wp-content\/uploads\/2024\/11\/Gelezies-isdavikas-Gelezies-fejunai-6-oji-knyga.webp","width":303,"height":452,"caption":"Gele\u017eies i\u0161davikas (Gele\u017eies f\u0117j\u016bnai 6-oji knyga)"},{"@type":"BreadcrumbList","@id":"https:\/\/skaitytaknyga.lt\/produktas\/gelezies-isdavikas-gelezies-fejunai-6-oji-knyga\/#breadcrumb","itemListElement":[{"@type":"ListItem","position":1,"name":"Home","item":"https:\/\/skaitytaknyga.lt\/"},{"@type":"ListItem","position":2,"name":"Parduotuv\u0117","item":"https:\/\/skaitytaknyga.lt\/knygu-parduotuve\/"},{"@type":"ListItem","position":3,"name":"Gele\u017eies i\u0161davikas (Gele\u017eies f\u0117j\u016bnai 6-oji knyga)"}]},{"@type":"WebSite","@id":"https:\/\/skaitytaknyga.lt\/#website","url":"https:\/\/skaitytaknyga.lt\/","name":"skaitytaknyga.lt","description":"Skaitytaknyga.lt \u2013 tai ma\u017eas \u0161eimos verslas, kuris prasid\u0117jo nuo meil\u0117s knygoms ir siekio i\u0161gelb\u0117ti knygas nuo likimo prie konteinerio. Kas vienam nereikalingas daiktas \u2013 kitam lobis, o mes esame tarpininkai, kurie padeda abiems tapti laimingesniems ???? \u017dinome kaip nelengva i\u0161gyventi ma\u017eiems verslams, tad nuo \u0161iol, \u010dia rasite ir kit\u0173, ma\u017e\u0173 \u0161eim\u0173 versl\u0173, rank\u0173 darbo, dovan\u0173 sau ir artimiesiems.","publisher":{"@id":"https:\/\/skaitytaknyga.lt\/#organization"},"potentialAction":[{"@type":"SearchAction","target":{"@type":"EntryPoint","urlTemplate":"https:\/\/skaitytaknyga.lt\/?s={search_term_string}"},"query-input":{"@type":"PropertyValueSpecification","valueRequired":true,"valueName":"search_term_string"}}],"inLanguage":"en-GB"},{"@type":"Organization","@id":"https:\/\/skaitytaknyga.lt\/#organization","name":"skaitytaknyga.lt","url":"https:\/\/skaitytaknyga.lt\/","logo":{"@type":"ImageObject","inLanguage":"en-GB","@id":"https:\/\/skaitytaknyga.lt\/#\/schema\/logo\/image\/","url":"https:\/\/skaitytaknyga.lt\/wp-content\/uploads\/2024\/05\/cropped-cropped-cropped-02_00843_jt3bggkj1j3HLc7SyY6rEUpg.jpeg","contentUrl":"https:\/\/skaitytaknyga.lt\/wp-content\/uploads\/2024\/05\/cropped-cropped-cropped-02_00843_jt3bggkj1j3HLc7SyY6rEUpg.jpeg","width":1600,"height":1600,"caption":"skaitytaknyga.lt"},"image":{"@id":"https:\/\/skaitytaknyga.lt\/#\/schema\/logo\/image\/"},"sameAs":["https:\/\/www.facebook.com\/skaitytaknyga\/"]}]}},"_links":{"self":[{"href":"https:\/\/skaitytaknyga.lt\/en\/wp-json\/wp\/v2\/product\/14796","targetHints":{"allow":["GET"]}}],"collection":[{"href":"https:\/\/skaitytaknyga.lt\/en\/wp-json\/wp\/v2\/product"}],"about":[{"href":"https:\/\/skaitytaknyga.lt\/en\/wp-json\/wp\/v2\/types\/product"}],"replies":[{"embeddable":true,"href":"https:\/\/skaitytaknyga.lt\/en\/wp-json\/wp\/v2\/comments?post=14796"}],"wp:featuredmedia":[{"embeddable":true,"href":"https:\/\/skaitytaknyga.lt\/en\/wp-json\/wp\/v2\/media\/14830"}],"wp:attachment":[{"href":"https:\/\/skaitytaknyga.lt\/en\/wp-json\/wp\/v2\/media?parent=14796"}],"wp:term":[{"taxonomy":"product_brand","embeddable":true,"href":"https:\/\/skaitytaknyga.lt\/en\/wp-json\/wp\/v2\/product_brand?post=14796"},{"taxonomy":"product_cat","embeddable":true,"href":"https:\/\/skaitytaknyga.lt\/en\/wp-json\/wp\/v2\/product_cat?post=14796"},{"taxonomy":"product_tag","embeddable":true,"href":"https:\/\/skaitytaknyga.lt\/en\/wp-json\/wp\/v2\/product_tag?post=14796"}],"curies":[{"name":"wp","href":"https:\/\/api.w.org\/{rel}","templated":true}]}}