{"id":14794,"date":"2024-11-23T13:59:53","date_gmt":"2024-11-23T11:59:53","guid":{"rendered":"https:\/\/skaitytaknyga.lt\/?post_type=product&#038;p=14794"},"modified":"2025-05-19T15:31:40","modified_gmt":"2025-05-19T12:31:40","slug":"mazas-gyvenimas","status":"publish","type":"product","link":"https:\/\/skaitytaknyga.lt\/en\/produktas\/mazas-gyvenimas\/","title":{"rendered":"Ma\u017eas gyvenimas"},"content":{"rendered":"<p>Keturi koled\u017eo draugai, atsikraust\u0119 \u012f Niujork\u0105, neturi nei pinig\u0173, nei \u017eem\u0117s po kojomis, bet visad kliaujasi vienas kitu \u2013 ir \u0161ios draugyst\u0117s jiems pakanka, kad ie\u0161kodami laim\u0117s ir s\u0117km\u0117s \u017eengt\u0173 pirmyn. Tai gera\u0161irdis aktorius Vilemas, a\u0161trialie\u017euvis dailininkas D\u017eei Bi, talentingas architektas Malkolmas ir m\u012fslingas, savyje u\u017esisklend\u0119s D\u017eudas, kuris tarytum magnetas ketveriuk\u0119 laiko drauge. B\u0117gant metams draug\u0173 santykiai gil\u0117ja ir tams\u0117ja, juos nuspalvina priklausomyb\u0117s, sud\u0117tingi pasirinkimai, ambicijos ir s\u0117km\u0117. Ta\u010diau did\u017eiausias j\u0173 i\u0161\u0161\u016bkis, draugai netrunka suprasti, yra pats D\u017eudas \u2013 genialus teisininkas ir matematikas, bet gyvenimo negr\u012f\u017etamai palau\u017etas \u017emogus. Jo k\u016bnas ir s\u0105mon\u0117 su\u017ealoti nenusakomai \u017eiaurios vaikyst\u0117s traum\u0173, kurios D\u017eud\u0105 ir jo artimuosius persekios vis\u0105 gyvenim\u0105.<\/p>\n<p><strong>\u201eMa\u017eas gyvenimas\u201c<\/strong>\u00a0\u2013 tamsi giesm\u0117 broli\u0161kai draugystei ir meilei XXI am\u017eiuje, pasakojimas apie \u0161eimas, kuriose gimstame, ir apie \u0161eimas, kurias susikuriame patys, \u017emogi\u0161kosios i\u0161tverm\u0117s ir empatijos meditacija. Tai viena labiausiai pritrenkian\u010di\u0173, metan\u010di\u0173 i\u0161\u0161\u016bk\u012f, li\u016bdinan\u010di\u0173, sukre\u010dian\u010di\u0173 ir jaudinan\u010di\u0173 kelioni\u0173 per sud\u0117ting\u0105 \u017emogaus gyvenim\u0105, nukelianti mus \u012f vienas juod\u017eiausi\u0173 kada nors gro\u017ein\u0117je literat\u016broje apra\u0161yt\u0173 viet\u0173 ir vis d\u0117lto suteikianti \u0161viesos.<\/p>\n<ul class=\"about-product d-none d-xl-block mt-4\">\n<li><strong>Autorius:<\/strong>\u00a0Hanya Yanagihara<\/li>\n<li><strong>Leid\u0117jas:<\/strong>\u00a0Baltos lankos<\/li>\n<li><strong>Metai:<\/strong>\u00a02023<\/li>\n<li><strong>Puslapiai:<\/strong>\u00a0672<\/li>\n<li class=\"toggleable type-new-formats \"><strong>ISBN:<\/strong>\u00a09786094797620<\/li>\n<li><strong>Versijos kodas:<\/strong>\u00a03<\/li>\n<li class=\"toggleable type-new-formats \"><strong>Formatas:<\/strong>\u00a016,5 x 23,5 x 4,8 cm, kieti vir\u0161eliai<\/li>\n<li><strong>Kalba:<\/strong>\u00a0Lietuvi\u0173<\/li>\n<li><strong>Vert\u0117jas:<\/strong>\u00a0Marius Burokas<\/li>\n<\/ul>\n","protected":false},"excerpt":{"rendered":"<p>Keturi koled\u017eo draugai, atsikraust\u0119 \u012f Niujork\u0105, neturi nei pinig\u0173, nei \u017eem\u0117s po kojomis, bet visad kliaujasi vienas kitu \u2013 ir \u0161ios draugyst\u0117s jiems pakanka, kad ie\u0161kodami laim\u0117s ir s\u0117km\u0117s \u017eengt\u0173 pirmyn. Tai gera\u0161irdis aktorius Vilemas, a\u0161trialie\u017euvis dailininkas D\u017eei Bi, talentingas architektas Malkolmas ir m\u012fslingas, savyje u\u017esisklend\u0119s D\u017eudas, kuris tarytum magnetas ketveriuk\u0119 laiko drauge. B\u0117gant metams draug\u0173 santykiai gil\u0117ja ir tams\u0117ja, juos nuspalvina priklausomyb\u0117s, sud\u0117tingi pasirinkimai, ambicijos ir s\u0117km\u0117. Ta\u010diau did\u017eiausias j\u0173 i\u0161\u0161\u016bkis, draugai netrunka suprasti, yra pats D\u017eudas \u2013 genialus teisininkas ir matematikas, bet gyvenimo negr\u012f\u017etamai palau\u017etas \u017emogus. Jo k\u016bnas ir s\u0105mon\u0117 su\u017ealoti nenusakomai \u017eiaurios vaikyst\u0117s traum\u0173, kurios D\u017eud\u0105 ir jo artimuosius persekios vis\u0105 gyvenim\u0105. \u201eMa\u017eas gyvenimas\u201c\u00a0\u2013 tamsi giesm\u0117 broli\u0161kai draugystei ir meilei XXI am\u017eiuje, pasakojimas apie \u0161eimas, kuriose gimstame, ir apie \u0161eimas, kurias susikuriame patys, \u017emogi\u0161kosios i\u0161tverm\u0117s ir empatijos meditacija. Tai viena labiausiai pritrenkian\u010di\u0173, metan\u010di\u0173 i\u0161\u0161\u016bk\u012f, li\u016bdinan\u010di\u0173, sukre\u010dian\u010di\u0173 ir jaudinan\u010di\u0173 kelioni\u0173 per sud\u0117ting\u0105 \u017emogaus gyvenim\u0105, nukelianti mus \u012f vienas juod\u017eiausi\u0173 kada nors gro\u017ein\u0117je literat\u016broje apra\u0161yt\u0173 viet\u0173 ir vis d\u0117lto suteikianti \u0161viesos. Autorius:\u00a0Hanya Yanagihara Leid\u0117jas:\u00a0Baltos lankos Metai:\u00a02023 Puslapiai:\u00a0672 ISBN:\u00a09786094797620 Versijos kodas:\u00a03 Formatas:\u00a016,5 x 23,5 x 4,8 cm, kieti vir\u0161eliai Kalba:\u00a0Lietuvi\u0173 Vert\u0117jas:\u00a0Marius Burokas<\/p>\n","protected":false},"featured_media":14832,"comment_status":"open","ping_status":"closed","template":"","meta":{"_acf_changed":false,"site-sidebar-layout":"default","site-content-layout":"","ast-site-content-layout":"default","site-content-style":"default","site-sidebar-style":"default","ast-global-header-display":"","ast-banner-title-visibility":"","ast-main-header-display":"","ast-hfb-above-header-display":"","ast-hfb-below-header-display":"","ast-hfb-mobile-header-display":"","site-post-title":"","ast-breadcrumbs-content":"","ast-featured-img":"","footer-sml-layout":"","ast-disable-related-posts":"","theme-transparent-header-meta":"default","adv-header-id-meta":"","stick-header-meta":"","header-above-stick-meta":"","header-main-stick-meta":"","header-below-stick-meta":"","astra-migrate-meta-layouts":"set","ast-page-background-enabled":"default","ast-page-background-meta":{"desktop":{"background-color":"","background-image":"","background-repeat":"repeat","background-position":"center center","background-size":"auto","background-attachment":"scroll","background-type":"","background-media":"","overlay-type":"","overlay-color":"","overlay-opacity":"","overlay-gradient":""},"tablet":{"background-color":"","background-image":"","background-repeat":"repeat","background-position":"center center","background-size":"auto","background-attachment":"scroll","background-type":"","background-media":"","overlay-type":"","overlay-color":"","overlay-opacity":"","overlay-gradient":""},"mobile":{"background-color":"","background-image":"","background-repeat":"repeat","background-position":"center center","background-size":"auto","background-attachment":"scroll","background-type":"","background-media":"","overlay-type":"","overlay-color":"","overlay-opacity":"","overlay-gradient":""}},"ast-content-background-meta":{"desktop":{"background-color":"var(--ast-global-color-4)","background-image":"","background-repeat":"repeat","background-position":"center center","background-size":"auto","background-attachment":"scroll","background-type":"","background-media":"","overlay-type":"","overlay-color":"","overlay-opacity":"","overlay-gradient":""},"tablet":{"background-color":"var(--ast-global-color-4)","background-image":"","background-repeat":"repeat","background-position":"center center","background-size":"auto","background-attachment":"scroll","background-type":"","background-media":"","overlay-type":"","overlay-color":"","overlay-opacity":"","overlay-gradient":""},"mobile":{"background-color":"var(--ast-global-color-4)","background-image":"","background-repeat":"repeat","background-position":"center center","background-size":"auto","background-attachment":"scroll","background-type":"","background-media":"","overlay-type":"","overlay-color":"","overlay-opacity":"","overlay-gradient":""}}},"product_brand":[],"product_cat":[31,15],"product_tag":[1647,4143,4145,1745,4144,4146],"class_list":{"0":"post-14794","1":"product","2":"type-product","3":"status-publish","4":"has-post-thumbnail","6":"product_cat-grozine-literatura","7":"product_cat-uncategorized","8":"product_tag-draugyste","9":"product_tag-hanya-yanagihara","10":"product_tag-jav-literatura","11":"product_tag-romanas","12":"product_tag-siuolaikine-literatura","13":"product_tag-trauma","14":"desktop-align-left","15":"tablet-align-left","16":"mobile-align-left","18":"first","19":"instock","20":"shipping-taxable","21":"purchasable","22":"product-type-simple"},"acf":[],"yoast_head":"<!-- This site is optimized with the Yoast SEO plugin v27.0 - https:\/\/yoast.com\/product\/yoast-seo-wordpress\/ -->\n<title>Ma\u017eas gyvenimas<\/title>\n<meta name=\"description\" content=\"Keturi koled\u017eo draugai, atsikraust\u0119 \u012f Niujork\u0105, neturi nei pinig\u0173, nei \u017eem\u0117s po kojomis, bet visad kliaujasi vienas kitu \u2013 ir \u0161ios draugyst\u0117s jiems\" \/>\n<meta name=\"robots\" content=\"index, follow, max-snippet:-1, max-image-preview:large, max-video-preview:-1\" \/>\n<link rel=\"canonical\" href=\"https:\/\/skaitytaknyga.lt\/en\/produktas\/mazas-gyvenimas\/\" \/>\n<meta property=\"og:locale\" content=\"en_GB\" \/>\n<meta property=\"og:locale:alternate\" content=\"lt_LT\" \/>\n<meta property=\"og:type\" content=\"article\" \/>\n<meta property=\"og:title\" content=\"Ma\u017eas gyvenimas\" \/>\n<meta property=\"og:description\" content=\"Keturi koled\u017eo draugai, atsikraust\u0119 \u012f Niujork\u0105, neturi nei pinig\u0173, nei \u017eem\u0117s po kojomis, bet visad kliaujasi vienas kitu \u2013 ir \u0161ios draugyst\u0117s jiems\" \/>\n<meta property=\"og:url\" content=\"https:\/\/skaitytaknyga.lt\/en\/produktas\/mazas-gyvenimas\/\" \/>\n<meta property=\"og:site_name\" content=\"Skaitytaknyga\" \/>\n<meta property=\"article:publisher\" content=\"https:\/\/www.facebook.com\/skaitytaknyga\/\" \/>\n<meta property=\"article:modified_time\" content=\"2025-05-19T12:31:40+00:00\" \/>\n<meta property=\"og:image\" content=\"https:\/\/skaitytaknyga.lt\/wp-content\/uploads\/2024\/11\/Mazas-gyvenimas.webp\" \/>\n\t<meta property=\"og:image:width\" content=\"456\" \/>\n\t<meta property=\"og:image:height\" content=\"652\" \/>\n\t<meta property=\"og:image:type\" content=\"image\/webp\" \/>\n<meta name=\"twitter:card\" content=\"summary_large_image\" \/>\n<meta name=\"twitter:label1\" content=\"Estimated reading time\" \/>\n\t<meta name=\"twitter:data1\" content=\"2 minutes\" \/>\n<script type=\"application\/ld+json\" class=\"yoast-schema-graph\">{\"@context\":\"https:\/\/schema.org\",\"@graph\":[{\"@type\":\"WebPage\",\"@id\":\"https:\/\/skaitytaknyga.lt\/produktas\/mazas-gyvenimas\/\",\"url\":\"https:\/\/skaitytaknyga.lt\/produktas\/mazas-gyvenimas\/\",\"name\":\"Ma\u017eas gyvenimas\",\"isPartOf\":{\"@id\":\"https:\/\/skaitytaknyga.lt\/#website\"},\"primaryImageOfPage\":{\"@id\":\"https:\/\/skaitytaknyga.lt\/produktas\/mazas-gyvenimas\/#primaryimage\"},\"image\":{\"@id\":\"https:\/\/skaitytaknyga.lt\/produktas\/mazas-gyvenimas\/#primaryimage\"},\"thumbnailUrl\":\"https:\/\/skaitytaknyga.lt\/wp-content\/uploads\/2024\/11\/Mazas-gyvenimas.webp\",\"datePublished\":\"2024-11-23T11:59:53+00:00\",\"dateModified\":\"2025-05-19T12:31:40+00:00\",\"description\":\"Keturi koled\u017eo draugai, atsikraust\u0119 \u012f Niujork\u0105, neturi nei pinig\u0173, nei \u017eem\u0117s po kojomis, bet visad kliaujasi vienas kitu \u2013 ir \u0161ios draugyst\u0117s jiems\",\"breadcrumb\":{\"@id\":\"https:\/\/skaitytaknyga.lt\/produktas\/mazas-gyvenimas\/#breadcrumb\"},\"inLanguage\":\"en-GB\",\"potentialAction\":[{\"@type\":\"ReadAction\",\"target\":[\"https:\/\/skaitytaknyga.lt\/produktas\/mazas-gyvenimas\/\"]}]},{\"@type\":\"ImageObject\",\"inLanguage\":\"en-GB\",\"@id\":\"https:\/\/skaitytaknyga.lt\/produktas\/mazas-gyvenimas\/#primaryimage\",\"url\":\"https:\/\/skaitytaknyga.lt\/wp-content\/uploads\/2024\/11\/Mazas-gyvenimas.webp\",\"contentUrl\":\"https:\/\/skaitytaknyga.lt\/wp-content\/uploads\/2024\/11\/Mazas-gyvenimas.webp\",\"width\":456,\"height\":652,\"caption\":\"Ma\u017eas gyvenimas\"},{\"@type\":\"BreadcrumbList\",\"@id\":\"https:\/\/skaitytaknyga.lt\/produktas\/mazas-gyvenimas\/#breadcrumb\",\"itemListElement\":[{\"@type\":\"ListItem\",\"position\":1,\"name\":\"Home\",\"item\":\"https:\/\/skaitytaknyga.lt\/\"},{\"@type\":\"ListItem\",\"position\":2,\"name\":\"Parduotuv\u0117\",\"item\":\"https:\/\/skaitytaknyga.lt\/knygu-parduotuve\/\"},{\"@type\":\"ListItem\",\"position\":3,\"name\":\"Ma\u017eas gyvenimas\"}]},{\"@type\":\"WebSite\",\"@id\":\"https:\/\/skaitytaknyga.lt\/#website\",\"url\":\"https:\/\/skaitytaknyga.lt\/\",\"name\":\"skaitytaknyga.lt\",\"description\":\"Skaitytaknyga.lt \u2013 tai ma\u017eas \u0161eimos verslas, kuris prasid\u0117jo nuo meil\u0117s knygoms ir siekio i\u0161gelb\u0117ti knygas nuo likimo prie konteinerio. Kas vienam nereikalingas daiktas \u2013 kitam lobis, o mes esame tarpininkai, kurie padeda abiems tapti laimingesniems ???? \u017dinome kaip nelengva i\u0161gyventi ma\u017eiems verslams, tad nuo \u0161iol, \u010dia rasite ir kit\u0173, ma\u017e\u0173 \u0161eim\u0173 versl\u0173, rank\u0173 darbo, dovan\u0173 sau ir artimiesiems.\",\"publisher\":{\"@id\":\"https:\/\/skaitytaknyga.lt\/#organization\"},\"potentialAction\":[{\"@type\":\"SearchAction\",\"target\":{\"@type\":\"EntryPoint\",\"urlTemplate\":\"https:\/\/skaitytaknyga.lt\/?s={search_term_string}\"},\"query-input\":{\"@type\":\"PropertyValueSpecification\",\"valueRequired\":true,\"valueName\":\"search_term_string\"}}],\"inLanguage\":\"en-GB\"},{\"@type\":\"Organization\",\"@id\":\"https:\/\/skaitytaknyga.lt\/#organization\",\"name\":\"skaitytaknyga.lt\",\"url\":\"https:\/\/skaitytaknyga.lt\/\",\"logo\":{\"@type\":\"ImageObject\",\"inLanguage\":\"en-GB\",\"@id\":\"https:\/\/skaitytaknyga.lt\/#\/schema\/logo\/image\/\",\"url\":\"https:\/\/skaitytaknyga.lt\/wp-content\/uploads\/2024\/05\/cropped-cropped-cropped-02_00843_jt3bggkj1j3HLc7SyY6rEUpg.jpeg\",\"contentUrl\":\"https:\/\/skaitytaknyga.lt\/wp-content\/uploads\/2024\/05\/cropped-cropped-cropped-02_00843_jt3bggkj1j3HLc7SyY6rEUpg.jpeg\",\"width\":1600,\"height\":1600,\"caption\":\"skaitytaknyga.lt\"},\"image\":{\"@id\":\"https:\/\/skaitytaknyga.lt\/#\/schema\/logo\/image\/\"},\"sameAs\":[\"https:\/\/www.facebook.com\/skaitytaknyga\/\"]}]}<\/script>\n<!-- \/ Yoast SEO plugin. -->","yoast_head_json":{"title":"Ma\u017eas gyvenimas","description":"Keturi koled\u017eo draugai, atsikraust\u0119 \u012f Niujork\u0105, neturi nei pinig\u0173, nei \u017eem\u0117s po kojomis, bet visad kliaujasi vienas kitu \u2013 ir \u0161ios draugyst\u0117s jiems","robots":{"index":"index","follow":"follow","max-snippet":"max-snippet:-1","max-image-preview":"max-image-preview:large","max-video-preview":"max-video-preview:-1"},"canonical":"https:\/\/skaitytaknyga.lt\/en\/produktas\/mazas-gyvenimas\/","og_locale":"en_GB","og_type":"article","og_title":"[:lt]Ma\u017eas gyvenimas[:] - Skaitytaknyga","og_description":"Keturi koled\u017eo draugai, atsikraust\u0119 \u012f Niujork\u0105, neturi nei pinig\u0173, nei \u017eem\u0117s po kojomis, bet visad kliaujasi vienas kitu \u2013 ir \u0161ios draugyst\u0117s jiems","og_url":"https:\/\/skaitytaknyga.lt\/en\/produktas\/mazas-gyvenimas\/","og_site_name":"Skaitytaknyga","article_publisher":"https:\/\/www.facebook.com\/skaitytaknyga\/","article_modified_time":"2025-05-19T12:31:40+00:00","og_image":[{"width":456,"height":652,"url":"https:\/\/skaitytaknyga.lt\/wp-content\/uploads\/2024\/11\/Mazas-gyvenimas.webp","type":"image\/webp"}],"twitter_card":"summary_large_image","twitter_misc":{"Estimated reading time":"2 minutes"},"schema":{"@context":"https:\/\/schema.org","@graph":[{"@type":"WebPage","@id":"https:\/\/skaitytaknyga.lt\/produktas\/mazas-gyvenimas\/","url":"https:\/\/skaitytaknyga.lt\/produktas\/mazas-gyvenimas\/","name":"Ma\u017eas gyvenimas","isPartOf":{"@id":"https:\/\/skaitytaknyga.lt\/#website"},"primaryImageOfPage":{"@id":"https:\/\/skaitytaknyga.lt\/produktas\/mazas-gyvenimas\/#primaryimage"},"image":{"@id":"https:\/\/skaitytaknyga.lt\/produktas\/mazas-gyvenimas\/#primaryimage"},"thumbnailUrl":"https:\/\/skaitytaknyga.lt\/wp-content\/uploads\/2024\/11\/Mazas-gyvenimas.webp","datePublished":"2024-11-23T11:59:53+00:00","dateModified":"2025-05-19T12:31:40+00:00","description":"Keturi koled\u017eo draugai, atsikraust\u0119 \u012f Niujork\u0105, neturi nei pinig\u0173, nei \u017eem\u0117s po kojomis, bet visad kliaujasi vienas kitu \u2013 ir \u0161ios draugyst\u0117s jiems","breadcrumb":{"@id":"https:\/\/skaitytaknyga.lt\/produktas\/mazas-gyvenimas\/#breadcrumb"},"inLanguage":"en-GB","potentialAction":[{"@type":"ReadAction","target":["https:\/\/skaitytaknyga.lt\/produktas\/mazas-gyvenimas\/"]}]},{"@type":"ImageObject","inLanguage":"en-GB","@id":"https:\/\/skaitytaknyga.lt\/produktas\/mazas-gyvenimas\/#primaryimage","url":"https:\/\/skaitytaknyga.lt\/wp-content\/uploads\/2024\/11\/Mazas-gyvenimas.webp","contentUrl":"https:\/\/skaitytaknyga.lt\/wp-content\/uploads\/2024\/11\/Mazas-gyvenimas.webp","width":456,"height":652,"caption":"Ma\u017eas gyvenimas"},{"@type":"BreadcrumbList","@id":"https:\/\/skaitytaknyga.lt\/produktas\/mazas-gyvenimas\/#breadcrumb","itemListElement":[{"@type":"ListItem","position":1,"name":"Home","item":"https:\/\/skaitytaknyga.lt\/"},{"@type":"ListItem","position":2,"name":"Parduotuv\u0117","item":"https:\/\/skaitytaknyga.lt\/knygu-parduotuve\/"},{"@type":"ListItem","position":3,"name":"Ma\u017eas gyvenimas"}]},{"@type":"WebSite","@id":"https:\/\/skaitytaknyga.lt\/#website","url":"https:\/\/skaitytaknyga.lt\/","name":"skaitytaknyga.lt","description":"Skaitytaknyga.lt \u2013 tai ma\u017eas \u0161eimos verslas, kuris prasid\u0117jo nuo meil\u0117s knygoms ir siekio i\u0161gelb\u0117ti knygas nuo likimo prie konteinerio. Kas vienam nereikalingas daiktas \u2013 kitam lobis, o mes esame tarpininkai, kurie padeda abiems tapti laimingesniems ???? \u017dinome kaip nelengva i\u0161gyventi ma\u017eiems verslams, tad nuo \u0161iol, \u010dia rasite ir kit\u0173, ma\u017e\u0173 \u0161eim\u0173 versl\u0173, rank\u0173 darbo, dovan\u0173 sau ir artimiesiems.","publisher":{"@id":"https:\/\/skaitytaknyga.lt\/#organization"},"potentialAction":[{"@type":"SearchAction","target":{"@type":"EntryPoint","urlTemplate":"https:\/\/skaitytaknyga.lt\/?s={search_term_string}"},"query-input":{"@type":"PropertyValueSpecification","valueRequired":true,"valueName":"search_term_string"}}],"inLanguage":"en-GB"},{"@type":"Organization","@id":"https:\/\/skaitytaknyga.lt\/#organization","name":"skaitytaknyga.lt","url":"https:\/\/skaitytaknyga.lt\/","logo":{"@type":"ImageObject","inLanguage":"en-GB","@id":"https:\/\/skaitytaknyga.lt\/#\/schema\/logo\/image\/","url":"https:\/\/skaitytaknyga.lt\/wp-content\/uploads\/2024\/05\/cropped-cropped-cropped-02_00843_jt3bggkj1j3HLc7SyY6rEUpg.jpeg","contentUrl":"https:\/\/skaitytaknyga.lt\/wp-content\/uploads\/2024\/05\/cropped-cropped-cropped-02_00843_jt3bggkj1j3HLc7SyY6rEUpg.jpeg","width":1600,"height":1600,"caption":"skaitytaknyga.lt"},"image":{"@id":"https:\/\/skaitytaknyga.lt\/#\/schema\/logo\/image\/"},"sameAs":["https:\/\/www.facebook.com\/skaitytaknyga\/"]}]}},"_links":{"self":[{"href":"https:\/\/skaitytaknyga.lt\/en\/wp-json\/wp\/v2\/product\/14794","targetHints":{"allow":["GET"]}}],"collection":[{"href":"https:\/\/skaitytaknyga.lt\/en\/wp-json\/wp\/v2\/product"}],"about":[{"href":"https:\/\/skaitytaknyga.lt\/en\/wp-json\/wp\/v2\/types\/product"}],"replies":[{"embeddable":true,"href":"https:\/\/skaitytaknyga.lt\/en\/wp-json\/wp\/v2\/comments?post=14794"}],"wp:featuredmedia":[{"embeddable":true,"href":"https:\/\/skaitytaknyga.lt\/en\/wp-json\/wp\/v2\/media\/14832"}],"wp:attachment":[{"href":"https:\/\/skaitytaknyga.lt\/en\/wp-json\/wp\/v2\/media?parent=14794"}],"wp:term":[{"taxonomy":"product_brand","embeddable":true,"href":"https:\/\/skaitytaknyga.lt\/en\/wp-json\/wp\/v2\/product_brand?post=14794"},{"taxonomy":"product_cat","embeddable":true,"href":"https:\/\/skaitytaknyga.lt\/en\/wp-json\/wp\/v2\/product_cat?post=14794"},{"taxonomy":"product_tag","embeddable":true,"href":"https:\/\/skaitytaknyga.lt\/en\/wp-json\/wp\/v2\/product_tag?post=14794"}],"curies":[{"name":"wp","href":"https:\/\/api.w.org\/{rel}","templated":true}]}}