{"id":14793,"date":"2024-11-23T13:59:53","date_gmt":"2024-11-23T11:59:53","guid":{"rendered":"https:\/\/skaitytaknyga.lt\/?post_type=product&#038;p=14793"},"modified":"2025-05-19T11:03:05","modified_gmt":"2025-05-19T08:03:05","slug":"vadovavimas-sau-ir-vienos-minutes-vadybininkas-nurasyta-bibliotekos-knyga","status":"publish","type":"product","link":"https:\/\/skaitytaknyga.lt\/en\/produktas\/vadovavimas-sau-ir-vienos-minutes-vadybininkas-nurasyta-bibliotekos-knyga\/","title":{"rendered":"Vadovavimas sau ir vienos minut\u0117s vadybininkas"},"content":{"rendered":"<p>\u0160ioje \u017eavioje verslo parabol\u0117je bestseleri\u0173 autorius Kenas Blanchardas pasakoja istorij\u0105 apie jaun\u0105 reklamos administratori\u0173 Steve\u2019\u0105, bepradedant\u012f savo darb\u0105. Po daugelio pokalbi\u0173 su talentinga burtininke Cayla jis suvokia, kaip svarbu prisiimti atsakomyb\u0119, o ne vaidinti aplinkybi\u0173 auk\u0105. Perduodama \u017einias, kurias \u012fgijo i\u0161 vienos minut\u0117s vadybininko, Cayla i\u0161moko Steve\u2019\u0105 trij\u0173 vadovavimo sau triuk\u0173.<\/p>\n<p>\u0160ie trys metodai ne tik \u012fgalina j\u012f i\u0161laikyti savo darb\u0105, bet ir suteikia \u012fg\u016bd\u017eius, reikalingus toliau tobul\u0117ti, mokytis ir siekti s\u0117km\u0117s. Pagrindin\u0117 Vadovavimo sau ir vienos minut\u0117s vadybininko mintis yra ta, kad galia, laisv\u0117 ir savaranki\u0161kumas atsiranda i\u0161 teisingos m\u0105stysenos bei \u012fg\u016bd\u017ei\u0173, kuri\u0173 reikia prisiimant atsakomyb\u0119 s\u0117km\u0117s labui.<\/p>\n<ul class=\"about-product d-none d-xl-block mt-4\">\n<li><strong>Autorius:<\/strong>\u00a0Dr. Kenneth Blanchard,\u00a0Susan Fowler,\u00a0Laurence Hawkins<\/li>\n<li><strong>Leid\u0117jas:<\/strong>\u00a0Alma littera<\/li>\n<li><strong>Metai:<\/strong>\u00a02006<\/li>\n<li><strong>Puslapiai:<\/strong>\u00a0152<\/li>\n<li class=\"toggleable type-new-formats \"><strong>ISBN:<\/strong>\u00a09789955241027<\/li>\n<li class=\"toggleable type-new-formats \"><strong>Formatas:<\/strong>\u00a012,6 x 20 cm, mink\u0161ti vir\u0161eliai<\/li>\n<li><strong>Kalba:<\/strong>\u00a0Lietuvi\u0173<\/li>\n<li><strong>Vert\u0117jas:<\/strong>\u00a0K\u0119stutis Mickus<\/li>\n<\/ul>\n","protected":false},"excerpt":{"rendered":"<p>\u0160ioje \u017eavioje verslo parabol\u0117je bestseleri\u0173 autorius Kenas Blanchardas pasakoja istorij\u0105 apie jaun\u0105 reklamos administratori\u0173 Steve\u2019\u0105, bepradedant\u012f savo darb\u0105. Po daugelio pokalbi\u0173 su talentinga burtininke Cayla jis suvokia, kaip svarbu prisiimti atsakomyb\u0119, o ne vaidinti aplinkybi\u0173 auk\u0105. Perduodama \u017einias, kurias \u012fgijo i\u0161 vienos minut\u0117s vadybininko, Cayla i\u0161moko Steve\u2019\u0105 trij\u0173 vadovavimo sau triuk\u0173. \u0160ie trys metodai ne tik \u012fgalina j\u012f i\u0161laikyti savo darb\u0105, bet ir suteikia \u012fg\u016bd\u017eius, reikalingus toliau tobul\u0117ti, mokytis ir siekti s\u0117km\u0117s. Pagrindin\u0117 Vadovavimo sau ir vienos minut\u0117s vadybininko mintis yra ta, kad galia, laisv\u0117 ir savaranki\u0161kumas atsiranda i\u0161 teisingos m\u0105stysenos bei \u012fg\u016bd\u017ei\u0173, kuri\u0173 reikia prisiimant atsakomyb\u0119 s\u0117km\u0117s labui. Autorius:\u00a0Dr. Kenneth Blanchard,\u00a0Susan Fowler,\u00a0Laurence Hawkins Leid\u0117jas:\u00a0Alma littera Metai:\u00a02006 Puslapiai:\u00a0152 ISBN:\u00a09789955241027 Formatas:\u00a012,6 x 20 cm, mink\u0161ti vir\u0161eliai Kalba:\u00a0Lietuvi\u0173 Vert\u0117jas:\u00a0K\u0119stutis Mickus<\/p>\n","protected":false},"featured_media":14836,"comment_status":"open","ping_status":"closed","template":"","meta":{"_acf_changed":false,"site-sidebar-layout":"default","site-content-layout":"","ast-site-content-layout":"default","site-content-style":"default","site-sidebar-style":"default","ast-global-header-display":"","ast-banner-title-visibility":"","ast-main-header-display":"","ast-hfb-above-header-display":"","ast-hfb-below-header-display":"","ast-hfb-mobile-header-display":"","site-post-title":"","ast-breadcrumbs-content":"","ast-featured-img":"","footer-sml-layout":"","ast-disable-related-posts":"","theme-transparent-header-meta":"default","adv-header-id-meta":"","stick-header-meta":"","header-above-stick-meta":"","header-main-stick-meta":"","header-below-stick-meta":"","astra-migrate-meta-layouts":"set","ast-page-background-enabled":"default","ast-page-background-meta":{"desktop":{"background-color":"","background-image":"","background-repeat":"repeat","background-position":"center center","background-size":"auto","background-attachment":"scroll","background-type":"","background-media":"","overlay-type":"","overlay-color":"","overlay-opacity":"","overlay-gradient":""},"tablet":{"background-color":"","background-image":"","background-repeat":"repeat","background-position":"center center","background-size":"auto","background-attachment":"scroll","background-type":"","background-media":"","overlay-type":"","overlay-color":"","overlay-opacity":"","overlay-gradient":""},"mobile":{"background-color":"","background-image":"","background-repeat":"repeat","background-position":"center center","background-size":"auto","background-attachment":"scroll","background-type":"","background-media":"","overlay-type":"","overlay-color":"","overlay-opacity":"","overlay-gradient":""}},"ast-content-background-meta":{"desktop":{"background-color":"var(--ast-global-color-4)","background-image":"","background-repeat":"repeat","background-position":"center center","background-size":"auto","background-attachment":"scroll","background-type":"","background-media":"","overlay-type":"","overlay-color":"","overlay-opacity":"","overlay-gradient":""},"tablet":{"background-color":"var(--ast-global-color-4)","background-image":"","background-repeat":"repeat","background-position":"center center","background-size":"auto","background-attachment":"scroll","background-type":"","background-media":"","overlay-type":"","overlay-color":"","overlay-opacity":"","overlay-gradient":""},"mobile":{"background-color":"var(--ast-global-color-4)","background-image":"","background-repeat":"repeat","background-position":"center center","background-size":"auto","background-attachment":"scroll","background-type":"","background-media":"","overlay-type":"","overlay-color":"","overlay-opacity":"","overlay-gradient":""}}},"product_brand":[],"product_cat":[15,26],"product_tag":[1626,3900,3902,1396,3901,2310,2356],"class_list":{"0":"post-14793","1":"product","2":"type-product","3":"status-publish","4":"has-post-thumbnail","6":"product_cat-uncategorized","7":"product_cat-verslas-vadyba-ir-finansai","8":"product_tag-atsakomybe","9":"product_tag-kenneth-blanchard","10":"product_tag-laurence-hawkins","11":"product_tag-saviugda","12":"product_tag-susan-fowler","13":"product_tag-vadyba","14":"product_tag-verslas","15":"desktop-align-left","16":"tablet-align-left","17":"mobile-align-left","19":"first","20":"instock","21":"shipping-taxable","22":"purchasable","23":"product-type-simple"},"acf":[],"yoast_head":"<!-- This site is optimized with the Yoast SEO plugin v27.0 - https:\/\/yoast.com\/product\/yoast-seo-wordpress\/ -->\n<title>Vadovavimas sau ir vienos minut\u0117s vadybininkas<\/title>\n<meta name=\"description\" content=\"\u0160ioje \u017eavioje verslo parabol\u0117je bestseleri\u0173 autorius Kenas Blanchardas pasakoja istorij\u0105 apie jaun\u0105 reklamos administratori\u0173 Steve\u2019\u0105, bepradedant\u012f savo\" \/>\n<meta name=\"robots\" content=\"index, follow, max-snippet:-1, max-image-preview:large, max-video-preview:-1\" \/>\n<link rel=\"canonical\" href=\"https:\/\/skaitytaknyga.lt\/en\/produktas\/vadovavimas-sau-ir-vienos-minutes-vadybininkas-nurasyta-bibliotekos-knyga\/\" \/>\n<meta property=\"og:locale\" content=\"en_GB\" \/>\n<meta property=\"og:locale:alternate\" content=\"lt_LT\" \/>\n<meta property=\"og:type\" content=\"article\" \/>\n<meta property=\"og:title\" content=\"Vadovavimas sau ir vienos minut\u0117s vadybininkas\" \/>\n<meta property=\"og:description\" content=\"\u0160ioje \u017eavioje verslo parabol\u0117je bestseleri\u0173 autorius Kenas Blanchardas pasakoja istorij\u0105 apie jaun\u0105 reklamos administratori\u0173 Steve\u2019\u0105, bepradedant\u012f savo\" \/>\n<meta property=\"og:url\" content=\"https:\/\/skaitytaknyga.lt\/en\/produktas\/vadovavimas-sau-ir-vienos-minutes-vadybininkas-nurasyta-bibliotekos-knyga\/\" \/>\n<meta property=\"og:site_name\" content=\"Skaitytaknyga\" \/>\n<meta property=\"article:publisher\" content=\"https:\/\/www.facebook.com\/skaitytaknyga\/\" \/>\n<meta property=\"article:modified_time\" content=\"2025-05-19T08:03:05+00:00\" \/>\n<meta property=\"og:image\" content=\"https:\/\/skaitytaknyga.lt\/wp-content\/uploads\/2024\/11\/Vadovavimas-sau-ir-vienos-minutes-vadybininkas-nurasyta-bibliotekos-knyga.webp\" \/>\n\t<meta property=\"og:image:width\" content=\"503\" \/>\n\t<meta property=\"og:image:height\" content=\"800\" \/>\n\t<meta property=\"og:image:type\" content=\"image\/webp\" \/>\n<meta name=\"twitter:card\" content=\"summary_large_image\" \/>\n<meta name=\"twitter:label1\" content=\"Estimated reading time\" \/>\n\t<meta name=\"twitter:data1\" content=\"1 minute\" \/>\n<script type=\"application\/ld+json\" class=\"yoast-schema-graph\">{\"@context\":\"https:\/\/schema.org\",\"@graph\":[{\"@type\":\"WebPage\",\"@id\":\"https:\/\/skaitytaknyga.lt\/produktas\/vadovavimas-sau-ir-vienos-minutes-vadybininkas-nurasyta-bibliotekos-knyga\/\",\"url\":\"https:\/\/skaitytaknyga.lt\/produktas\/vadovavimas-sau-ir-vienos-minutes-vadybininkas-nurasyta-bibliotekos-knyga\/\",\"name\":\"Vadovavimas sau ir vienos minut\u0117s vadybininkas\",\"isPartOf\":{\"@id\":\"https:\/\/skaitytaknyga.lt\/#website\"},\"primaryImageOfPage\":{\"@id\":\"https:\/\/skaitytaknyga.lt\/produktas\/vadovavimas-sau-ir-vienos-minutes-vadybininkas-nurasyta-bibliotekos-knyga\/#primaryimage\"},\"image\":{\"@id\":\"https:\/\/skaitytaknyga.lt\/produktas\/vadovavimas-sau-ir-vienos-minutes-vadybininkas-nurasyta-bibliotekos-knyga\/#primaryimage\"},\"thumbnailUrl\":\"https:\/\/skaitytaknyga.lt\/wp-content\/uploads\/2024\/11\/Vadovavimas-sau-ir-vienos-minutes-vadybininkas-nurasyta-bibliotekos-knyga.webp\",\"datePublished\":\"2024-11-23T11:59:53+00:00\",\"dateModified\":\"2025-05-19T08:03:05+00:00\",\"description\":\"\u0160ioje \u017eavioje verslo parabol\u0117je bestseleri\u0173 autorius Kenas Blanchardas pasakoja istorij\u0105 apie jaun\u0105 reklamos administratori\u0173 Steve\u2019\u0105, bepradedant\u012f savo\",\"breadcrumb\":{\"@id\":\"https:\/\/skaitytaknyga.lt\/produktas\/vadovavimas-sau-ir-vienos-minutes-vadybininkas-nurasyta-bibliotekos-knyga\/#breadcrumb\"},\"inLanguage\":\"en-GB\",\"potentialAction\":[{\"@type\":\"ReadAction\",\"target\":[\"https:\/\/skaitytaknyga.lt\/produktas\/vadovavimas-sau-ir-vienos-minutes-vadybininkas-nurasyta-bibliotekos-knyga\/\"]}]},{\"@type\":\"ImageObject\",\"inLanguage\":\"en-GB\",\"@id\":\"https:\/\/skaitytaknyga.lt\/produktas\/vadovavimas-sau-ir-vienos-minutes-vadybininkas-nurasyta-bibliotekos-knyga\/#primaryimage\",\"url\":\"https:\/\/skaitytaknyga.lt\/wp-content\/uploads\/2024\/11\/Vadovavimas-sau-ir-vienos-minutes-vadybininkas-nurasyta-bibliotekos-knyga.webp\",\"contentUrl\":\"https:\/\/skaitytaknyga.lt\/wp-content\/uploads\/2024\/11\/Vadovavimas-sau-ir-vienos-minutes-vadybininkas-nurasyta-bibliotekos-knyga.webp\",\"width\":503,\"height\":800,\"caption\":\"Vadovavimas sau ir vienos minut\u0117s vadybininkas (nura\u0161yta bibliotekos knyga)\"},{\"@type\":\"BreadcrumbList\",\"@id\":\"https:\/\/skaitytaknyga.lt\/produktas\/vadovavimas-sau-ir-vienos-minutes-vadybininkas-nurasyta-bibliotekos-knyga\/#breadcrumb\",\"itemListElement\":[{\"@type\":\"ListItem\",\"position\":1,\"name\":\"Home\",\"item\":\"https:\/\/skaitytaknyga.lt\/\"},{\"@type\":\"ListItem\",\"position\":2,\"name\":\"Parduotuv\u0117\",\"item\":\"https:\/\/skaitytaknyga.lt\/knygu-parduotuve\/\"},{\"@type\":\"ListItem\",\"position\":3,\"name\":\"Vadovavimas sau ir vienos minut\u0117s vadybininkas\"}]},{\"@type\":\"WebSite\",\"@id\":\"https:\/\/skaitytaknyga.lt\/#website\",\"url\":\"https:\/\/skaitytaknyga.lt\/\",\"name\":\"skaitytaknyga.lt\",\"description\":\"Skaitytaknyga.lt \u2013 tai ma\u017eas \u0161eimos verslas, kuris prasid\u0117jo nuo meil\u0117s knygoms ir siekio i\u0161gelb\u0117ti knygas nuo likimo prie konteinerio. Kas vienam nereikalingas daiktas \u2013 kitam lobis, o mes esame tarpininkai, kurie padeda abiems tapti laimingesniems ???? \u017dinome kaip nelengva i\u0161gyventi ma\u017eiems verslams, tad nuo \u0161iol, \u010dia rasite ir kit\u0173, ma\u017e\u0173 \u0161eim\u0173 versl\u0173, rank\u0173 darbo, dovan\u0173 sau ir artimiesiems.\",\"publisher\":{\"@id\":\"https:\/\/skaitytaknyga.lt\/#organization\"},\"potentialAction\":[{\"@type\":\"SearchAction\",\"target\":{\"@type\":\"EntryPoint\",\"urlTemplate\":\"https:\/\/skaitytaknyga.lt\/?s={search_term_string}\"},\"query-input\":{\"@type\":\"PropertyValueSpecification\",\"valueRequired\":true,\"valueName\":\"search_term_string\"}}],\"inLanguage\":\"en-GB\"},{\"@type\":\"Organization\",\"@id\":\"https:\/\/skaitytaknyga.lt\/#organization\",\"name\":\"skaitytaknyga.lt\",\"url\":\"https:\/\/skaitytaknyga.lt\/\",\"logo\":{\"@type\":\"ImageObject\",\"inLanguage\":\"en-GB\",\"@id\":\"https:\/\/skaitytaknyga.lt\/#\/schema\/logo\/image\/\",\"url\":\"https:\/\/skaitytaknyga.lt\/wp-content\/uploads\/2024\/05\/cropped-cropped-cropped-02_00843_jt3bggkj1j3HLc7SyY6rEUpg.jpeg\",\"contentUrl\":\"https:\/\/skaitytaknyga.lt\/wp-content\/uploads\/2024\/05\/cropped-cropped-cropped-02_00843_jt3bggkj1j3HLc7SyY6rEUpg.jpeg\",\"width\":1600,\"height\":1600,\"caption\":\"skaitytaknyga.lt\"},\"image\":{\"@id\":\"https:\/\/skaitytaknyga.lt\/#\/schema\/logo\/image\/\"},\"sameAs\":[\"https:\/\/www.facebook.com\/skaitytaknyga\/\"]}]}<\/script>\n<!-- \/ Yoast SEO plugin. -->","yoast_head_json":{"title":"Vadovavimas sau ir vienos minut\u0117s vadybininkas","description":"\u0160ioje \u017eavioje verslo parabol\u0117je bestseleri\u0173 autorius Kenas Blanchardas pasakoja istorij\u0105 apie jaun\u0105 reklamos administratori\u0173 Steve\u2019\u0105, bepradedant\u012f savo","robots":{"index":"index","follow":"follow","max-snippet":"max-snippet:-1","max-image-preview":"max-image-preview:large","max-video-preview":"max-video-preview:-1"},"canonical":"https:\/\/skaitytaknyga.lt\/en\/produktas\/vadovavimas-sau-ir-vienos-minutes-vadybininkas-nurasyta-bibliotekos-knyga\/","og_locale":"en_GB","og_type":"article","og_title":"[:lt]Vadovavimas sau ir vienos minut\u0117s vadybininkas[:] - Skaitytaknyga","og_description":"\u0160ioje \u017eavioje verslo parabol\u0117je bestseleri\u0173 autorius Kenas Blanchardas pasakoja istorij\u0105 apie jaun\u0105 reklamos administratori\u0173 Steve\u2019\u0105, bepradedant\u012f savo","og_url":"https:\/\/skaitytaknyga.lt\/en\/produktas\/vadovavimas-sau-ir-vienos-minutes-vadybininkas-nurasyta-bibliotekos-knyga\/","og_site_name":"Skaitytaknyga","article_publisher":"https:\/\/www.facebook.com\/skaitytaknyga\/","article_modified_time":"2025-05-19T08:03:05+00:00","og_image":[{"width":503,"height":800,"url":"https:\/\/skaitytaknyga.lt\/wp-content\/uploads\/2024\/11\/Vadovavimas-sau-ir-vienos-minutes-vadybininkas-nurasyta-bibliotekos-knyga.webp","type":"image\/webp"}],"twitter_card":"summary_large_image","twitter_misc":{"Estimated reading time":"1 minute"},"schema":{"@context":"https:\/\/schema.org","@graph":[{"@type":"WebPage","@id":"https:\/\/skaitytaknyga.lt\/produktas\/vadovavimas-sau-ir-vienos-minutes-vadybininkas-nurasyta-bibliotekos-knyga\/","url":"https:\/\/skaitytaknyga.lt\/produktas\/vadovavimas-sau-ir-vienos-minutes-vadybininkas-nurasyta-bibliotekos-knyga\/","name":"Vadovavimas sau ir vienos minut\u0117s vadybininkas","isPartOf":{"@id":"https:\/\/skaitytaknyga.lt\/#website"},"primaryImageOfPage":{"@id":"https:\/\/skaitytaknyga.lt\/produktas\/vadovavimas-sau-ir-vienos-minutes-vadybininkas-nurasyta-bibliotekos-knyga\/#primaryimage"},"image":{"@id":"https:\/\/skaitytaknyga.lt\/produktas\/vadovavimas-sau-ir-vienos-minutes-vadybininkas-nurasyta-bibliotekos-knyga\/#primaryimage"},"thumbnailUrl":"https:\/\/skaitytaknyga.lt\/wp-content\/uploads\/2024\/11\/Vadovavimas-sau-ir-vienos-minutes-vadybininkas-nurasyta-bibliotekos-knyga.webp","datePublished":"2024-11-23T11:59:53+00:00","dateModified":"2025-05-19T08:03:05+00:00","description":"\u0160ioje \u017eavioje verslo parabol\u0117je bestseleri\u0173 autorius Kenas Blanchardas pasakoja istorij\u0105 apie jaun\u0105 reklamos administratori\u0173 Steve\u2019\u0105, bepradedant\u012f savo","breadcrumb":{"@id":"https:\/\/skaitytaknyga.lt\/produktas\/vadovavimas-sau-ir-vienos-minutes-vadybininkas-nurasyta-bibliotekos-knyga\/#breadcrumb"},"inLanguage":"en-GB","potentialAction":[{"@type":"ReadAction","target":["https:\/\/skaitytaknyga.lt\/produktas\/vadovavimas-sau-ir-vienos-minutes-vadybininkas-nurasyta-bibliotekos-knyga\/"]}]},{"@type":"ImageObject","inLanguage":"en-GB","@id":"https:\/\/skaitytaknyga.lt\/produktas\/vadovavimas-sau-ir-vienos-minutes-vadybininkas-nurasyta-bibliotekos-knyga\/#primaryimage","url":"https:\/\/skaitytaknyga.lt\/wp-content\/uploads\/2024\/11\/Vadovavimas-sau-ir-vienos-minutes-vadybininkas-nurasyta-bibliotekos-knyga.webp","contentUrl":"https:\/\/skaitytaknyga.lt\/wp-content\/uploads\/2024\/11\/Vadovavimas-sau-ir-vienos-minutes-vadybininkas-nurasyta-bibliotekos-knyga.webp","width":503,"height":800,"caption":"Vadovavimas sau ir vienos minut\u0117s vadybininkas (nura\u0161yta bibliotekos knyga)"},{"@type":"BreadcrumbList","@id":"https:\/\/skaitytaknyga.lt\/produktas\/vadovavimas-sau-ir-vienos-minutes-vadybininkas-nurasyta-bibliotekos-knyga\/#breadcrumb","itemListElement":[{"@type":"ListItem","position":1,"name":"Home","item":"https:\/\/skaitytaknyga.lt\/"},{"@type":"ListItem","position":2,"name":"Parduotuv\u0117","item":"https:\/\/skaitytaknyga.lt\/knygu-parduotuve\/"},{"@type":"ListItem","position":3,"name":"Vadovavimas sau ir vienos minut\u0117s vadybininkas"}]},{"@type":"WebSite","@id":"https:\/\/skaitytaknyga.lt\/#website","url":"https:\/\/skaitytaknyga.lt\/","name":"skaitytaknyga.lt","description":"Skaitytaknyga.lt \u2013 tai ma\u017eas \u0161eimos verslas, kuris prasid\u0117jo nuo meil\u0117s knygoms ir siekio i\u0161gelb\u0117ti knygas nuo likimo prie konteinerio. Kas vienam nereikalingas daiktas \u2013 kitam lobis, o mes esame tarpininkai, kurie padeda abiems tapti laimingesniems ???? \u017dinome kaip nelengva i\u0161gyventi ma\u017eiems verslams, tad nuo \u0161iol, \u010dia rasite ir kit\u0173, ma\u017e\u0173 \u0161eim\u0173 versl\u0173, rank\u0173 darbo, dovan\u0173 sau ir artimiesiems.","publisher":{"@id":"https:\/\/skaitytaknyga.lt\/#organization"},"potentialAction":[{"@type":"SearchAction","target":{"@type":"EntryPoint","urlTemplate":"https:\/\/skaitytaknyga.lt\/?s={search_term_string}"},"query-input":{"@type":"PropertyValueSpecification","valueRequired":true,"valueName":"search_term_string"}}],"inLanguage":"en-GB"},{"@type":"Organization","@id":"https:\/\/skaitytaknyga.lt\/#organization","name":"skaitytaknyga.lt","url":"https:\/\/skaitytaknyga.lt\/","logo":{"@type":"ImageObject","inLanguage":"en-GB","@id":"https:\/\/skaitytaknyga.lt\/#\/schema\/logo\/image\/","url":"https:\/\/skaitytaknyga.lt\/wp-content\/uploads\/2024\/05\/cropped-cropped-cropped-02_00843_jt3bggkj1j3HLc7SyY6rEUpg.jpeg","contentUrl":"https:\/\/skaitytaknyga.lt\/wp-content\/uploads\/2024\/05\/cropped-cropped-cropped-02_00843_jt3bggkj1j3HLc7SyY6rEUpg.jpeg","width":1600,"height":1600,"caption":"skaitytaknyga.lt"},"image":{"@id":"https:\/\/skaitytaknyga.lt\/#\/schema\/logo\/image\/"},"sameAs":["https:\/\/www.facebook.com\/skaitytaknyga\/"]}]}},"_links":{"self":[{"href":"https:\/\/skaitytaknyga.lt\/en\/wp-json\/wp\/v2\/product\/14793","targetHints":{"allow":["GET"]}}],"collection":[{"href":"https:\/\/skaitytaknyga.lt\/en\/wp-json\/wp\/v2\/product"}],"about":[{"href":"https:\/\/skaitytaknyga.lt\/en\/wp-json\/wp\/v2\/types\/product"}],"replies":[{"embeddable":true,"href":"https:\/\/skaitytaknyga.lt\/en\/wp-json\/wp\/v2\/comments?post=14793"}],"wp:featuredmedia":[{"embeddable":true,"href":"https:\/\/skaitytaknyga.lt\/en\/wp-json\/wp\/v2\/media\/14836"}],"wp:attachment":[{"href":"https:\/\/skaitytaknyga.lt\/en\/wp-json\/wp\/v2\/media?parent=14793"}],"wp:term":[{"taxonomy":"product_brand","embeddable":true,"href":"https:\/\/skaitytaknyga.lt\/en\/wp-json\/wp\/v2\/product_brand?post=14793"},{"taxonomy":"product_cat","embeddable":true,"href":"https:\/\/skaitytaknyga.lt\/en\/wp-json\/wp\/v2\/product_cat?post=14793"},{"taxonomy":"product_tag","embeddable":true,"href":"https:\/\/skaitytaknyga.lt\/en\/wp-json\/wp\/v2\/product_tag?post=14793"}],"curies":[{"name":"wp","href":"https:\/\/api.w.org\/{rel}","templated":true}]}}