{"id":14791,"date":"2024-11-23T13:59:53","date_gmt":"2024-11-23T11:59:53","guid":{"rendered":"https:\/\/skaitytaknyga.lt\/?post_type=product&#038;p=14791"},"modified":"2025-02-01T15:44:41","modified_gmt":"2025-02-01T13:44:41","slug":"likimo-anatomija-nestebuklingi-stebuklai","status":"publish","type":"product","link":"https:\/\/skaitytaknyga.lt\/en\/produktas\/likimo-anatomija-nestebuklingi-stebuklai\/","title":{"rendered":"Likimo anatomija: nestebuklingi stebuklai"},"content":{"rendered":"<p>Skaitytojas ima \u012f rankas ilg\u0173 apm\u0105stym\u0173, gilios analiz\u0117s, smalsaus ir imlaus proto padiktuot\u0105 knyg\u0105 apie svarbiausi\u0105 dalyk\u0105 \u2013 \u017emog\u0173 ir gyvenim\u0105.<\/p>\n<p>Tai be galo nuo\u0161ird\u016bs pokalbiai su ie\u0161kan\u010diais tiesos ir laim\u0117s, tai \u0161altinis i\u0161tro\u0161kusiai sielai.<\/p>\n<ul class=\"about-product d-none d-xl-block mt-4\">\n<li><strong>Autorius:<\/strong>\u00a0Saulius Kani\u0161auskas<\/li>\n<li><strong>Leid\u0117jas:<\/strong>\u00a0Gardenija<\/li>\n<li><strong>Metai:<\/strong>\u00a01998<\/li>\n<li><strong>Puslapiai:<\/strong>\u00a0257<\/li>\n<li class=\"toggleable type-new-formats \"><strong>ISBN:<\/strong>\u00a09986855047<\/li>\n<li class=\"toggleable type-new-formats \"><strong>Formatas:<\/strong>\u00a013 x 20,5 cm, mink\u0161ti vir\u0161eliai<\/li>\n<li><strong>Kalba:<\/strong>\u00a0Lietuvi\u0173<\/li>\n<\/ul>\n","protected":false},"excerpt":{"rendered":"<p>Skaitytojas ima \u012f rankas ilg\u0173 apm\u0105stym\u0173, gilios analiz\u0117s, smalsaus ir imlaus proto padiktuot\u0105 knyg\u0105 apie svarbiausi\u0105 dalyk\u0105 \u2013 \u017emog\u0173 ir gyvenim\u0105. Tai be galo nuo\u0161ird\u016bs pokalbiai su ie\u0161kan\u010diais tiesos ir laim\u0117s, tai \u0161altinis i\u0161tro\u0161kusiai sielai. Autorius:\u00a0Saulius Kani\u0161auskas Leid\u0117jas:\u00a0Gardenija Metai:\u00a01998 Puslapiai:\u00a0257 ISBN:\u00a09986855047 Formatas:\u00a013 x 20,5 cm, mink\u0161ti vir\u0161eliai Kalba:\u00a0Lietuvi\u0173<\/p>\n","protected":false},"featured_media":14834,"comment_status":"open","ping_status":"closed","template":"","meta":{"_acf_changed":false,"site-sidebar-layout":"default","site-content-layout":"","ast-site-content-layout":"default","site-content-style":"default","site-sidebar-style":"default","ast-global-header-display":"","ast-banner-title-visibility":"","ast-main-header-display":"","ast-hfb-above-header-display":"","ast-hfb-below-header-display":"","ast-hfb-mobile-header-display":"","site-post-title":"","ast-breadcrumbs-content":"","ast-featured-img":"","footer-sml-layout":"","ast-disable-related-posts":"","theme-transparent-header-meta":"default","adv-header-id-meta":"","stick-header-meta":"","header-above-stick-meta":"","header-main-stick-meta":"","header-below-stick-meta":"","astra-migrate-meta-layouts":"set","ast-page-background-enabled":"default","ast-page-background-meta":{"desktop":{"background-color":"","background-image":"","background-repeat":"repeat","background-position":"center center","background-size":"auto","background-attachment":"scroll","background-type":"","background-media":"","overlay-type":"","overlay-color":"","overlay-opacity":"","overlay-gradient":""},"tablet":{"background-color":"","background-image":"","background-repeat":"repeat","background-position":"center center","background-size":"auto","background-attachment":"scroll","background-type":"","background-media":"","overlay-type":"","overlay-color":"","overlay-opacity":"","overlay-gradient":""},"mobile":{"background-color":"","background-image":"","background-repeat":"repeat","background-position":"center center","background-size":"auto","background-attachment":"scroll","background-type":"","background-media":"","overlay-type":"","overlay-color":"","overlay-opacity":"","overlay-gradient":""}},"ast-content-background-meta":{"desktop":{"background-color":"var(--ast-global-color-4)","background-image":"","background-repeat":"repeat","background-position":"center center","background-size":"auto","background-attachment":"scroll","background-type":"","background-media":"","overlay-type":"","overlay-color":"","overlay-opacity":"","overlay-gradient":""},"tablet":{"background-color":"var(--ast-global-color-4)","background-image":"","background-repeat":"repeat","background-position":"center center","background-size":"auto","background-attachment":"scroll","background-type":"","background-media":"","overlay-type":"","overlay-color":"","overlay-opacity":"","overlay-gradient":""},"mobile":{"background-color":"var(--ast-global-color-4)","background-image":"","background-repeat":"repeat","background-position":"center center","background-size":"auto","background-attachment":"scroll","background-type":"","background-media":"","overlay-type":"","overlay-color":"","overlay-opacity":"","overlay-gradient":""}}},"product_brand":[],"product_cat":[15,165],"product_tag":[],"class_list":{"0":"post-14791","1":"product","2":"type-product","3":"status-publish","4":"has-post-thumbnail","6":"product_cat-uncategorized","7":"product_cat-religija-filosofija-ir-ezoterika","8":"desktop-align-left","9":"tablet-align-left","10":"mobile-align-left","12":"first","13":"instock","14":"shipping-taxable","15":"purchasable","16":"product-type-simple"},"acf":[],"yoast_head":"<!-- This site is optimized with the Yoast SEO plugin v27.0 - https:\/\/yoast.com\/product\/yoast-seo-wordpress\/ -->\n<title>Likimo anatomija: nestebuklingi stebuklai<\/title>\n<meta name=\"description\" content=\"Skaitytojas ima \u012f rankas ilg\u0173 apm\u0105stym\u0173, gilios analiz\u0117s, smalsaus ir imlaus proto padiktuot\u0105 knyg\u0105 apie svarbiausi\u0105 dalyk\u0105 \u2013 \u017emog\u0173 ir gyvenim\u0105. Tai be\" \/>\n<meta name=\"robots\" content=\"index, follow, max-snippet:-1, max-image-preview:large, max-video-preview:-1\" \/>\n<link rel=\"canonical\" href=\"https:\/\/skaitytaknyga.lt\/en\/produktas\/likimo-anatomija-nestebuklingi-stebuklai\/\" \/>\n<meta property=\"og:locale\" content=\"en_GB\" \/>\n<meta property=\"og:locale:alternate\" content=\"lt_LT\" \/>\n<meta property=\"og:type\" content=\"article\" \/>\n<meta property=\"og:title\" content=\"Likimo anatomija: nestebuklingi stebuklai\" \/>\n<meta property=\"og:description\" content=\"Skaitytojas ima \u012f rankas ilg\u0173 apm\u0105stym\u0173, gilios analiz\u0117s, smalsaus ir imlaus proto padiktuot\u0105 knyg\u0105 apie svarbiausi\u0105 dalyk\u0105 \u2013 \u017emog\u0173 ir gyvenim\u0105. Tai be\" \/>\n<meta property=\"og:url\" content=\"https:\/\/skaitytaknyga.lt\/en\/produktas\/likimo-anatomija-nestebuklingi-stebuklai\/\" \/>\n<meta property=\"og:site_name\" content=\"Skaitytaknyga\" \/>\n<meta property=\"article:publisher\" content=\"https:\/\/www.facebook.com\/skaitytaknyga\/\" \/>\n<meta property=\"article:modified_time\" content=\"2025-02-01T13:44:41+00:00\" \/>\n<meta property=\"og:image\" content=\"https:\/\/skaitytaknyga.lt\/wp-content\/uploads\/2024\/11\/Likimo-anatomija-nestebuklingi-stebuklai.webp\" \/>\n\t<meta property=\"og:image:width\" content=\"499\" \/>\n\t<meta property=\"og:image:height\" content=\"800\" \/>\n\t<meta property=\"og:image:type\" content=\"image\/webp\" \/>\n<meta name=\"twitter:card\" content=\"summary_large_image\" \/>\n<meta name=\"twitter:label1\" content=\"Estimated reading time\" \/>\n\t<meta name=\"twitter:data1\" content=\"1 minute\" \/>\n<script type=\"application\/ld+json\" class=\"yoast-schema-graph\">{\"@context\":\"https:\/\/schema.org\",\"@graph\":[{\"@type\":\"WebPage\",\"@id\":\"https:\/\/skaitytaknyga.lt\/produktas\/likimo-anatomija-nestebuklingi-stebuklai\/\",\"url\":\"https:\/\/skaitytaknyga.lt\/produktas\/likimo-anatomija-nestebuklingi-stebuklai\/\",\"name\":\"Likimo anatomija: nestebuklingi stebuklai\",\"isPartOf\":{\"@id\":\"https:\/\/skaitytaknyga.lt\/#website\"},\"primaryImageOfPage\":{\"@id\":\"https:\/\/skaitytaknyga.lt\/produktas\/likimo-anatomija-nestebuklingi-stebuklai\/#primaryimage\"},\"image\":{\"@id\":\"https:\/\/skaitytaknyga.lt\/produktas\/likimo-anatomija-nestebuklingi-stebuklai\/#primaryimage\"},\"thumbnailUrl\":\"https:\/\/skaitytaknyga.lt\/wp-content\/uploads\/2024\/11\/Likimo-anatomija-nestebuklingi-stebuklai.webp\",\"datePublished\":\"2024-11-23T11:59:53+00:00\",\"dateModified\":\"2025-02-01T13:44:41+00:00\",\"description\":\"Skaitytojas ima \u012f rankas ilg\u0173 apm\u0105stym\u0173, gilios analiz\u0117s, smalsaus ir imlaus proto padiktuot\u0105 knyg\u0105 apie svarbiausi\u0105 dalyk\u0105 \u2013 \u017emog\u0173 ir gyvenim\u0105. Tai be\",\"breadcrumb\":{\"@id\":\"https:\/\/skaitytaknyga.lt\/produktas\/likimo-anatomija-nestebuklingi-stebuklai\/#breadcrumb\"},\"inLanguage\":\"en-GB\",\"potentialAction\":[{\"@type\":\"ReadAction\",\"target\":[\"https:\/\/skaitytaknyga.lt\/produktas\/likimo-anatomija-nestebuklingi-stebuklai\/\"]}]},{\"@type\":\"ImageObject\",\"inLanguage\":\"en-GB\",\"@id\":\"https:\/\/skaitytaknyga.lt\/produktas\/likimo-anatomija-nestebuklingi-stebuklai\/#primaryimage\",\"url\":\"https:\/\/skaitytaknyga.lt\/wp-content\/uploads\/2024\/11\/Likimo-anatomija-nestebuklingi-stebuklai.webp\",\"contentUrl\":\"https:\/\/skaitytaknyga.lt\/wp-content\/uploads\/2024\/11\/Likimo-anatomija-nestebuklingi-stebuklai.webp\",\"width\":499,\"height\":800,\"caption\":\"Likimo anatomija: nestebuklingi stebuklai\"},{\"@type\":\"BreadcrumbList\",\"@id\":\"https:\/\/skaitytaknyga.lt\/produktas\/likimo-anatomija-nestebuklingi-stebuklai\/#breadcrumb\",\"itemListElement\":[{\"@type\":\"ListItem\",\"position\":1,\"name\":\"Home\",\"item\":\"https:\/\/skaitytaknyga.lt\/\"},{\"@type\":\"ListItem\",\"position\":2,\"name\":\"Parduotuv\u0117\",\"item\":\"https:\/\/skaitytaknyga.lt\/knygu-parduotuve\/\"},{\"@type\":\"ListItem\",\"position\":3,\"name\":\"Likimo anatomija: nestebuklingi stebuklai\"}]},{\"@type\":\"WebSite\",\"@id\":\"https:\/\/skaitytaknyga.lt\/#website\",\"url\":\"https:\/\/skaitytaknyga.lt\/\",\"name\":\"skaitytaknyga.lt\",\"description\":\"Skaitytaknyga.lt \u2013 tai ma\u017eas \u0161eimos verslas, kuris prasid\u0117jo nuo meil\u0117s knygoms ir siekio i\u0161gelb\u0117ti knygas nuo likimo prie konteinerio. Kas vienam nereikalingas daiktas \u2013 kitam lobis, o mes esame tarpininkai, kurie padeda abiems tapti laimingesniems ???? \u017dinome kaip nelengva i\u0161gyventi ma\u017eiems verslams, tad nuo \u0161iol, \u010dia rasite ir kit\u0173, ma\u017e\u0173 \u0161eim\u0173 versl\u0173, rank\u0173 darbo, dovan\u0173 sau ir artimiesiems.\",\"publisher\":{\"@id\":\"https:\/\/skaitytaknyga.lt\/#organization\"},\"potentialAction\":[{\"@type\":\"SearchAction\",\"target\":{\"@type\":\"EntryPoint\",\"urlTemplate\":\"https:\/\/skaitytaknyga.lt\/?s={search_term_string}\"},\"query-input\":{\"@type\":\"PropertyValueSpecification\",\"valueRequired\":true,\"valueName\":\"search_term_string\"}}],\"inLanguage\":\"en-GB\"},{\"@type\":\"Organization\",\"@id\":\"https:\/\/skaitytaknyga.lt\/#organization\",\"name\":\"skaitytaknyga.lt\",\"url\":\"https:\/\/skaitytaknyga.lt\/\",\"logo\":{\"@type\":\"ImageObject\",\"inLanguage\":\"en-GB\",\"@id\":\"https:\/\/skaitytaknyga.lt\/#\/schema\/logo\/image\/\",\"url\":\"https:\/\/skaitytaknyga.lt\/wp-content\/uploads\/2024\/05\/cropped-cropped-cropped-02_00843_jt3bggkj1j3HLc7SyY6rEUpg.jpeg\",\"contentUrl\":\"https:\/\/skaitytaknyga.lt\/wp-content\/uploads\/2024\/05\/cropped-cropped-cropped-02_00843_jt3bggkj1j3HLc7SyY6rEUpg.jpeg\",\"width\":1600,\"height\":1600,\"caption\":\"skaitytaknyga.lt\"},\"image\":{\"@id\":\"https:\/\/skaitytaknyga.lt\/#\/schema\/logo\/image\/\"},\"sameAs\":[\"https:\/\/www.facebook.com\/skaitytaknyga\/\"]}]}<\/script>\n<!-- \/ Yoast SEO plugin. -->","yoast_head_json":{"title":"Likimo anatomija: nestebuklingi stebuklai","description":"Skaitytojas ima \u012f rankas ilg\u0173 apm\u0105stym\u0173, gilios analiz\u0117s, smalsaus ir imlaus proto padiktuot\u0105 knyg\u0105 apie svarbiausi\u0105 dalyk\u0105 \u2013 \u017emog\u0173 ir gyvenim\u0105. Tai be","robots":{"index":"index","follow":"follow","max-snippet":"max-snippet:-1","max-image-preview":"max-image-preview:large","max-video-preview":"max-video-preview:-1"},"canonical":"https:\/\/skaitytaknyga.lt\/en\/produktas\/likimo-anatomija-nestebuklingi-stebuklai\/","og_locale":"en_GB","og_type":"article","og_title":"[:lt]Likimo anatomija: nestebuklingi stebuklai[:] - Skaitytaknyga","og_description":"Skaitytojas ima \u012f rankas ilg\u0173 apm\u0105stym\u0173, gilios analiz\u0117s, smalsaus ir imlaus proto padiktuot\u0105 knyg\u0105 apie svarbiausi\u0105 dalyk\u0105 \u2013 \u017emog\u0173 ir gyvenim\u0105. Tai be","og_url":"https:\/\/skaitytaknyga.lt\/en\/produktas\/likimo-anatomija-nestebuklingi-stebuklai\/","og_site_name":"Skaitytaknyga","article_publisher":"https:\/\/www.facebook.com\/skaitytaknyga\/","article_modified_time":"2025-02-01T13:44:41+00:00","og_image":[{"width":499,"height":800,"url":"https:\/\/skaitytaknyga.lt\/wp-content\/uploads\/2024\/11\/Likimo-anatomija-nestebuklingi-stebuklai.webp","type":"image\/webp"}],"twitter_card":"summary_large_image","twitter_misc":{"Estimated reading time":"1 minute"},"schema":{"@context":"https:\/\/schema.org","@graph":[{"@type":"WebPage","@id":"https:\/\/skaitytaknyga.lt\/produktas\/likimo-anatomija-nestebuklingi-stebuklai\/","url":"https:\/\/skaitytaknyga.lt\/produktas\/likimo-anatomija-nestebuklingi-stebuklai\/","name":"Likimo anatomija: nestebuklingi stebuklai","isPartOf":{"@id":"https:\/\/skaitytaknyga.lt\/#website"},"primaryImageOfPage":{"@id":"https:\/\/skaitytaknyga.lt\/produktas\/likimo-anatomija-nestebuklingi-stebuklai\/#primaryimage"},"image":{"@id":"https:\/\/skaitytaknyga.lt\/produktas\/likimo-anatomija-nestebuklingi-stebuklai\/#primaryimage"},"thumbnailUrl":"https:\/\/skaitytaknyga.lt\/wp-content\/uploads\/2024\/11\/Likimo-anatomija-nestebuklingi-stebuklai.webp","datePublished":"2024-11-23T11:59:53+00:00","dateModified":"2025-02-01T13:44:41+00:00","description":"Skaitytojas ima \u012f rankas ilg\u0173 apm\u0105stym\u0173, gilios analiz\u0117s, smalsaus ir imlaus proto padiktuot\u0105 knyg\u0105 apie svarbiausi\u0105 dalyk\u0105 \u2013 \u017emog\u0173 ir gyvenim\u0105. Tai be","breadcrumb":{"@id":"https:\/\/skaitytaknyga.lt\/produktas\/likimo-anatomija-nestebuklingi-stebuklai\/#breadcrumb"},"inLanguage":"en-GB","potentialAction":[{"@type":"ReadAction","target":["https:\/\/skaitytaknyga.lt\/produktas\/likimo-anatomija-nestebuklingi-stebuklai\/"]}]},{"@type":"ImageObject","inLanguage":"en-GB","@id":"https:\/\/skaitytaknyga.lt\/produktas\/likimo-anatomija-nestebuklingi-stebuklai\/#primaryimage","url":"https:\/\/skaitytaknyga.lt\/wp-content\/uploads\/2024\/11\/Likimo-anatomija-nestebuklingi-stebuklai.webp","contentUrl":"https:\/\/skaitytaknyga.lt\/wp-content\/uploads\/2024\/11\/Likimo-anatomija-nestebuklingi-stebuklai.webp","width":499,"height":800,"caption":"Likimo anatomija: nestebuklingi stebuklai"},{"@type":"BreadcrumbList","@id":"https:\/\/skaitytaknyga.lt\/produktas\/likimo-anatomija-nestebuklingi-stebuklai\/#breadcrumb","itemListElement":[{"@type":"ListItem","position":1,"name":"Home","item":"https:\/\/skaitytaknyga.lt\/"},{"@type":"ListItem","position":2,"name":"Parduotuv\u0117","item":"https:\/\/skaitytaknyga.lt\/knygu-parduotuve\/"},{"@type":"ListItem","position":3,"name":"Likimo anatomija: nestebuklingi stebuklai"}]},{"@type":"WebSite","@id":"https:\/\/skaitytaknyga.lt\/#website","url":"https:\/\/skaitytaknyga.lt\/","name":"skaitytaknyga.lt","description":"Skaitytaknyga.lt \u2013 tai ma\u017eas \u0161eimos verslas, kuris prasid\u0117jo nuo meil\u0117s knygoms ir siekio i\u0161gelb\u0117ti knygas nuo likimo prie konteinerio. Kas vienam nereikalingas daiktas \u2013 kitam lobis, o mes esame tarpininkai, kurie padeda abiems tapti laimingesniems ???? \u017dinome kaip nelengva i\u0161gyventi ma\u017eiems verslams, tad nuo \u0161iol, \u010dia rasite ir kit\u0173, ma\u017e\u0173 \u0161eim\u0173 versl\u0173, rank\u0173 darbo, dovan\u0173 sau ir artimiesiems.","publisher":{"@id":"https:\/\/skaitytaknyga.lt\/#organization"},"potentialAction":[{"@type":"SearchAction","target":{"@type":"EntryPoint","urlTemplate":"https:\/\/skaitytaknyga.lt\/?s={search_term_string}"},"query-input":{"@type":"PropertyValueSpecification","valueRequired":true,"valueName":"search_term_string"}}],"inLanguage":"en-GB"},{"@type":"Organization","@id":"https:\/\/skaitytaknyga.lt\/#organization","name":"skaitytaknyga.lt","url":"https:\/\/skaitytaknyga.lt\/","logo":{"@type":"ImageObject","inLanguage":"en-GB","@id":"https:\/\/skaitytaknyga.lt\/#\/schema\/logo\/image\/","url":"https:\/\/skaitytaknyga.lt\/wp-content\/uploads\/2024\/05\/cropped-cropped-cropped-02_00843_jt3bggkj1j3HLc7SyY6rEUpg.jpeg","contentUrl":"https:\/\/skaitytaknyga.lt\/wp-content\/uploads\/2024\/05\/cropped-cropped-cropped-02_00843_jt3bggkj1j3HLc7SyY6rEUpg.jpeg","width":1600,"height":1600,"caption":"skaitytaknyga.lt"},"image":{"@id":"https:\/\/skaitytaknyga.lt\/#\/schema\/logo\/image\/"},"sameAs":["https:\/\/www.facebook.com\/skaitytaknyga\/"]}]}},"_links":{"self":[{"href":"https:\/\/skaitytaknyga.lt\/en\/wp-json\/wp\/v2\/product\/14791","targetHints":{"allow":["GET"]}}],"collection":[{"href":"https:\/\/skaitytaknyga.lt\/en\/wp-json\/wp\/v2\/product"}],"about":[{"href":"https:\/\/skaitytaknyga.lt\/en\/wp-json\/wp\/v2\/types\/product"}],"replies":[{"embeddable":true,"href":"https:\/\/skaitytaknyga.lt\/en\/wp-json\/wp\/v2\/comments?post=14791"}],"wp:featuredmedia":[{"embeddable":true,"href":"https:\/\/skaitytaknyga.lt\/en\/wp-json\/wp\/v2\/media\/14834"}],"wp:attachment":[{"href":"https:\/\/skaitytaknyga.lt\/en\/wp-json\/wp\/v2\/media?parent=14791"}],"wp:term":[{"taxonomy":"product_brand","embeddable":true,"href":"https:\/\/skaitytaknyga.lt\/en\/wp-json\/wp\/v2\/product_brand?post=14791"},{"taxonomy":"product_cat","embeddable":true,"href":"https:\/\/skaitytaknyga.lt\/en\/wp-json\/wp\/v2\/product_cat?post=14791"},{"taxonomy":"product_tag","embeddable":true,"href":"https:\/\/skaitytaknyga.lt\/en\/wp-json\/wp\/v2\/product_tag?post=14791"}],"curies":[{"name":"wp","href":"https:\/\/api.w.org\/{rel}","templated":true}]}}