{"id":14790,"date":"2024-11-23T13:59:53","date_gmt":"2024-11-23T11:59:53","guid":{"rendered":"https:\/\/skaitytaknyga.lt\/?post_type=product&#038;p=14790"},"modified":"2025-06-12T08:07:31","modified_gmt":"2025-06-12T05:07:31","slug":"vera","status":"publish","type":"product","link":"https:\/\/skaitytaknyga.lt\/en\/produktas\/vera\/","title":{"rendered":"Vera"},"content":{"rendered":"<p>Sederi\u0173 \u0161eimos ir nematomos \u017emonos istorija&#8230;<\/p>\n<p>1945 m. gruodis. Aristokrat\u0173 Sederi\u0173 \u0161eima ruo\u0161ia prabangias vestuves vyriausiam s\u016bnui. Nors aplinkui stingdanti \u017eiema, ceremonija vyks jiems priklausan\u010dioje saloje Stokholmo archipelage.<br \/>\nPirmame knygos skyriuje Sandrin\u0105, b\u016bsim\u0105 nuotak\u0105 ir \u0161ios istorijos pasakotoj\u0105, Sederi\u0173 \u0161eimos moterys ruo\u0161ia tuoktuv\u0117ms. Ji turi pereiti skausming\u0105 transformacij\u0105 \u2013 i\u0161 stipriai n\u0117\u0161\u010dios tapti nekaltai liekna, kad gal\u0117t\u0173 \u017eengti prie altoriaus. Sandrina nedera prie sant\u016bri\u0173, i\u0161silavinusi\u0173 ir eleganti\u0161k\u0173 jos b\u016bsimos \u0161eimos moter\u0173. Ji kilusi i\u0161 visai kitokio pasaulio ir turi paslapt\u012f, kuri\u0105 bet kokia kaina nori i\u0161laikyti.<\/p>\n<p>Sederi\u0173 sala u\u017eversta sniegu, spigina baisus \u0161altis. Tokia pat \u0161alta atmosfera ir Sederi\u0173 \u0161eimoje, kuriai po t\u0117vo mirties vadovauja valdinga motina. \u0160eimoje penki s\u016bn\u016bs, o Sandrina i\u0161teka u\u017e mylimiausio \u2013 gydytojo Ivano, kuris dukart u\u017e j\u0105 vyresnis. Sandrinai tik septyniolika, o u\u017e Ivano b\u016bt\u0173 tro\u0161kusi i\u0161tek\u0117ti bet kuri moteris, kokios tik jis b\u016bt\u0173 panor\u0117j\u0119s. Visi \u012ftaria, kad \u0161i santuoka ka\u017ek\u0105 slepia.<br \/>\nVestuvi\u0173 metu saloje \u012fsi\u0161\u0117lsta galinga p\u016bga ir \u0161vent\u0117s dalyviai negali gr\u012f\u017eti namo. Kita staigmena \u2013 n\u0117riniais i\u0161puo\u0161ta nuotaka be\u0161okdama ima gimdyti. Dar dienai nei\u0161au\u0161us gimsta mergait\u0117 Vera&#8230; Ir pradeda ai\u0161k\u0117ti tiesa.<\/p>\n<p>\u0160vedijoje garsios ir apdovanotos ra\u0161ytojos\u00a0<strong>Anne Sw\u00e4rd<\/strong>\u00a0romanas\u00a0<strong>\u201eVera&#8221;<\/strong>\u00a0yra didingas epinis pasakojimas apie vienatv\u0119, b\u0117gim\u0105 ir i\u0161gyvenim\u0105, apie motinas ir dukras, apie karta i\u0161 kartos perduodam\u0105 kalt\u0119 ir meil\u0119. Precizi\u0161kas, nepriekai\u0161tingas tekstas. Niekur nei\u0161girsite net ma\u017eiausios netikslios natos.<\/p>\n<ul class=\"about-product d-none d-xl-block mt-4\">\n<li><strong>Originalus pavadinimas:<\/strong>\u00a0VERA<\/li>\n<li><strong>Autorius:<\/strong>\u00a0Anne Sw\u00e4rd<\/li>\n<li><strong>Leid\u0117jas:<\/strong>\u00a0Alma littera<\/li>\n<li><strong>Metai:<\/strong>\u00a02019<\/li>\n<li><strong>Puslapiai:<\/strong>\u00a0336<\/li>\n<li class=\"toggleable type-new-formats \"><strong>ISBN:<\/strong>\u00a09786090135815<\/li>\n<li><strong>Versijos kodas:<\/strong>\u00a0PT.<\/li>\n<li class=\"toggleable type-new-formats \"><strong>Formatas:<\/strong>\u00a014,3 x 23,5 x 0,3 cm, kieti vir\u0161eliai<\/li>\n<li><strong>Kalba:<\/strong>\u00a0Lietuvi\u0173<\/li>\n<li><strong>Vert\u0117jas:<\/strong>\u00a0Mantas Karvelis<\/li>\n<\/ul>\n","protected":false},"excerpt":{"rendered":"<p>Sederi\u0173 \u0161eimos ir nematomos \u017emonos istorija&#8230; 1945 m. gruodis. Aristokrat\u0173 Sederi\u0173 \u0161eima ruo\u0161ia prabangias vestuves vyriausiam s\u016bnui. Nors aplinkui stingdanti \u017eiema, ceremonija vyks jiems priklausan\u010dioje saloje Stokholmo archipelage. Pirmame knygos skyriuje Sandrin\u0105, b\u016bsim\u0105 nuotak\u0105 ir \u0161ios istorijos pasakotoj\u0105, Sederi\u0173 \u0161eimos moterys ruo\u0161ia tuoktuv\u0117ms. Ji turi pereiti skausming\u0105 transformacij\u0105 \u2013 i\u0161 stipriai n\u0117\u0161\u010dios tapti nekaltai liekna, kad gal\u0117t\u0173 \u017eengti prie altoriaus. Sandrina nedera prie sant\u016bri\u0173, i\u0161silavinusi\u0173 ir eleganti\u0161k\u0173 jos b\u016bsimos \u0161eimos moter\u0173. Ji kilusi i\u0161 visai kitokio pasaulio ir turi paslapt\u012f, kuri\u0105 bet kokia kaina nori i\u0161laikyti. Sederi\u0173 sala u\u017eversta sniegu, spigina baisus \u0161altis. Tokia pat \u0161alta atmosfera ir Sederi\u0173 \u0161eimoje, kuriai po t\u0117vo mirties vadovauja valdinga motina. \u0160eimoje penki s\u016bn\u016bs, o Sandrina i\u0161teka u\u017e mylimiausio \u2013 gydytojo Ivano, kuris dukart u\u017e j\u0105 vyresnis. Sandrinai tik septyniolika, o u\u017e Ivano b\u016bt\u0173 tro\u0161kusi i\u0161tek\u0117ti bet kuri moteris, kokios tik jis b\u016bt\u0173 panor\u0117j\u0119s. Visi \u012ftaria, kad \u0161i santuoka ka\u017ek\u0105 slepia. Vestuvi\u0173 metu saloje \u012fsi\u0161\u0117lsta galinga p\u016bga ir \u0161vent\u0117s dalyviai negali gr\u012f\u017eti namo. Kita staigmena \u2013 n\u0117riniais i\u0161puo\u0161ta nuotaka be\u0161okdama ima gimdyti. Dar dienai nei\u0161au\u0161us gimsta mergait\u0117 Vera&#8230; Ir pradeda ai\u0161k\u0117ti tiesa. \u0160vedijoje garsios ir apdovanotos ra\u0161ytojos\u00a0Anne Sw\u00e4rd\u00a0romanas\u00a0\u201eVera&#8221;\u00a0yra didingas epinis pasakojimas apie vienatv\u0119, b\u0117gim\u0105 ir i\u0161gyvenim\u0105, apie motinas ir dukras, apie karta i\u0161 kartos perduodam\u0105 kalt\u0119 ir meil\u0119. Precizi\u0161kas, nepriekai\u0161tingas tekstas. Niekur nei\u0161girsite net ma\u017eiausios netikslios natos. Originalus pavadinimas:\u00a0VERA Autorius:\u00a0Anne Sw\u00e4rd Leid\u0117jas:\u00a0Alma littera Metai:\u00a02019 Puslapiai:\u00a0336 ISBN:\u00a09786090135815 Versijos kodas:\u00a0PT. Formatas:\u00a014,3 x 23,5 x 0,3 cm, kieti vir\u0161eliai Kalba:\u00a0Lietuvi\u0173 Vert\u0117jas:\u00a0Mantas Karvelis<\/p>\n","protected":false},"featured_media":14835,"comment_status":"open","ping_status":"closed","template":"","meta":{"_acf_changed":false,"site-sidebar-layout":"default","site-content-layout":"","ast-site-content-layout":"default","site-content-style":"default","site-sidebar-style":"default","ast-global-header-display":"","ast-banner-title-visibility":"","ast-main-header-display":"","ast-hfb-above-header-display":"","ast-hfb-below-header-display":"","ast-hfb-mobile-header-display":"","site-post-title":"","ast-breadcrumbs-content":"","ast-featured-img":"","footer-sml-layout":"","ast-disable-related-posts":"","theme-transparent-header-meta":"default","adv-header-id-meta":"","stick-header-meta":"","header-above-stick-meta":"","header-main-stick-meta":"","header-below-stick-meta":"","astra-migrate-meta-layouts":"set","ast-page-background-enabled":"default","ast-page-background-meta":{"desktop":{"background-color":"","background-image":"","background-repeat":"repeat","background-position":"center center","background-size":"auto","background-attachment":"scroll","background-type":"","background-media":"","overlay-type":"","overlay-color":"","overlay-opacity":"","overlay-gradient":""},"tablet":{"background-color":"","background-image":"","background-repeat":"repeat","background-position":"center center","background-size":"auto","background-attachment":"scroll","background-type":"","background-media":"","overlay-type":"","overlay-color":"","overlay-opacity":"","overlay-gradient":""},"mobile":{"background-color":"","background-image":"","background-repeat":"repeat","background-position":"center center","background-size":"auto","background-attachment":"scroll","background-type":"","background-media":"","overlay-type":"","overlay-color":"","overlay-opacity":"","overlay-gradient":""}},"ast-content-background-meta":{"desktop":{"background-color":"var(--ast-global-color-4)","background-image":"","background-repeat":"repeat","background-position":"center center","background-size":"auto","background-attachment":"scroll","background-type":"","background-media":"","overlay-type":"","overlay-color":"","overlay-opacity":"","overlay-gradient":""},"tablet":{"background-color":"var(--ast-global-color-4)","background-image":"","background-repeat":"repeat","background-position":"center center","background-size":"auto","background-attachment":"scroll","background-type":"","background-media":"","overlay-type":"","overlay-color":"","overlay-opacity":"","overlay-gradient":""},"mobile":{"background-color":"var(--ast-global-color-4)","background-image":"","background-repeat":"repeat","background-position":"center center","background-size":"auto","background-attachment":"scroll","background-type":"","background-media":"","overlay-type":"","overlay-color":"","overlay-opacity":"","overlay-gradient":""}}},"product_brand":[],"product_cat":[15],"product_tag":[],"class_list":{"0":"post-14790","1":"product","2":"type-product","3":"status-publish","4":"has-post-thumbnail","6":"product_cat-uncategorized","7":"desktop-align-left","8":"tablet-align-left","9":"mobile-align-left","11":"first","12":"instock","13":"shipping-taxable","14":"purchasable","15":"product-type-simple"},"acf":[],"yoast_head":"<!-- This site is optimized with the Yoast SEO plugin v27.0 - https:\/\/yoast.com\/product\/yoast-seo-wordpress\/ -->\n<title>Vera<\/title>\n<meta name=\"description\" content=\"Sederi\u0173 \u0161eimos ir nematomos \u017emonos istorija... 1945 m. gruodis. Aristokrat\u0173 Sederi\u0173 \u0161eima ruo\u0161ia prabangias vestuves vyriausiam s\u016bnui. Nors aplinkui\" \/>\n<meta name=\"robots\" content=\"index, follow, max-snippet:-1, max-image-preview:large, max-video-preview:-1\" \/>\n<link rel=\"canonical\" href=\"https:\/\/skaitytaknyga.lt\/en\/produktas\/vera\/\" \/>\n<meta property=\"og:locale\" content=\"en_GB\" \/>\n<meta property=\"og:locale:alternate\" content=\"lt_LT\" \/>\n<meta property=\"og:type\" content=\"article\" \/>\n<meta property=\"og:title\" content=\"Vera\" \/>\n<meta property=\"og:description\" content=\"Sederi\u0173 \u0161eimos ir nematomos \u017emonos istorija... 1945 m. gruodis. Aristokrat\u0173 Sederi\u0173 \u0161eima ruo\u0161ia prabangias vestuves vyriausiam s\u016bnui. Nors aplinkui\" \/>\n<meta property=\"og:url\" content=\"https:\/\/skaitytaknyga.lt\/en\/produktas\/vera\/\" \/>\n<meta property=\"og:site_name\" content=\"Skaitytaknyga\" \/>\n<meta property=\"article:publisher\" content=\"https:\/\/www.facebook.com\/skaitytaknyga\/\" \/>\n<meta property=\"article:modified_time\" content=\"2025-06-12T05:07:31+00:00\" \/>\n<meta property=\"og:image\" content=\"https:\/\/skaitytaknyga.lt\/wp-content\/uploads\/2024\/11\/vera.webp\" \/>\n\t<meta property=\"og:image:width\" content=\"366\" \/>\n\t<meta property=\"og:image:height\" content=\"600\" \/>\n\t<meta property=\"og:image:type\" content=\"image\/webp\" \/>\n<meta name=\"twitter:card\" content=\"summary_large_image\" \/>\n<meta name=\"twitter:label1\" content=\"Estimated reading time\" \/>\n\t<meta name=\"twitter:data1\" content=\"2 minutes\" \/>\n<script type=\"application\/ld+json\" class=\"yoast-schema-graph\">{\"@context\":\"https:\/\/schema.org\",\"@graph\":[{\"@type\":\"WebPage\",\"@id\":\"https:\/\/skaitytaknyga.lt\/produktas\/vera\/\",\"url\":\"https:\/\/skaitytaknyga.lt\/produktas\/vera\/\",\"name\":\"Vera\",\"isPartOf\":{\"@id\":\"https:\/\/skaitytaknyga.lt\/#website\"},\"primaryImageOfPage\":{\"@id\":\"https:\/\/skaitytaknyga.lt\/produktas\/vera\/#primaryimage\"},\"image\":{\"@id\":\"https:\/\/skaitytaknyga.lt\/produktas\/vera\/#primaryimage\"},\"thumbnailUrl\":\"https:\/\/skaitytaknyga.lt\/wp-content\/uploads\/2024\/11\/vera.webp\",\"datePublished\":\"2024-11-23T11:59:53+00:00\",\"dateModified\":\"2025-06-12T05:07:31+00:00\",\"description\":\"Sederi\u0173 \u0161eimos ir nematomos \u017emonos istorija... 1945 m. gruodis. Aristokrat\u0173 Sederi\u0173 \u0161eima ruo\u0161ia prabangias vestuves vyriausiam s\u016bnui. Nors aplinkui\",\"breadcrumb\":{\"@id\":\"https:\/\/skaitytaknyga.lt\/produktas\/vera\/#breadcrumb\"},\"inLanguage\":\"en-GB\",\"potentialAction\":[{\"@type\":\"ReadAction\",\"target\":[\"https:\/\/skaitytaknyga.lt\/produktas\/vera\/\"]}]},{\"@type\":\"ImageObject\",\"inLanguage\":\"en-GB\",\"@id\":\"https:\/\/skaitytaknyga.lt\/produktas\/vera\/#primaryimage\",\"url\":\"https:\/\/skaitytaknyga.lt\/wp-content\/uploads\/2024\/11\/vera.webp\",\"contentUrl\":\"https:\/\/skaitytaknyga.lt\/wp-content\/uploads\/2024\/11\/vera.webp\",\"width\":366,\"height\":600,\"caption\":\"vera\"},{\"@type\":\"BreadcrumbList\",\"@id\":\"https:\/\/skaitytaknyga.lt\/produktas\/vera\/#breadcrumb\",\"itemListElement\":[{\"@type\":\"ListItem\",\"position\":1,\"name\":\"Home\",\"item\":\"https:\/\/skaitytaknyga.lt\/\"},{\"@type\":\"ListItem\",\"position\":2,\"name\":\"Parduotuv\u0117\",\"item\":\"https:\/\/skaitytaknyga.lt\/knygu-parduotuve\/\"},{\"@type\":\"ListItem\",\"position\":3,\"name\":\"Vera\"}]},{\"@type\":\"WebSite\",\"@id\":\"https:\/\/skaitytaknyga.lt\/#website\",\"url\":\"https:\/\/skaitytaknyga.lt\/\",\"name\":\"skaitytaknyga.lt\",\"description\":\"Skaitytaknyga.lt \u2013 tai ma\u017eas \u0161eimos verslas, kuris prasid\u0117jo nuo meil\u0117s knygoms ir siekio i\u0161gelb\u0117ti knygas nuo likimo prie konteinerio. Kas vienam nereikalingas daiktas \u2013 kitam lobis, o mes esame tarpininkai, kurie padeda abiems tapti laimingesniems ???? \u017dinome kaip nelengva i\u0161gyventi ma\u017eiems verslams, tad nuo \u0161iol, \u010dia rasite ir kit\u0173, ma\u017e\u0173 \u0161eim\u0173 versl\u0173, rank\u0173 darbo, dovan\u0173 sau ir artimiesiems.\",\"publisher\":{\"@id\":\"https:\/\/skaitytaknyga.lt\/#organization\"},\"potentialAction\":[{\"@type\":\"SearchAction\",\"target\":{\"@type\":\"EntryPoint\",\"urlTemplate\":\"https:\/\/skaitytaknyga.lt\/?s={search_term_string}\"},\"query-input\":{\"@type\":\"PropertyValueSpecification\",\"valueRequired\":true,\"valueName\":\"search_term_string\"}}],\"inLanguage\":\"en-GB\"},{\"@type\":\"Organization\",\"@id\":\"https:\/\/skaitytaknyga.lt\/#organization\",\"name\":\"skaitytaknyga.lt\",\"url\":\"https:\/\/skaitytaknyga.lt\/\",\"logo\":{\"@type\":\"ImageObject\",\"inLanguage\":\"en-GB\",\"@id\":\"https:\/\/skaitytaknyga.lt\/#\/schema\/logo\/image\/\",\"url\":\"https:\/\/skaitytaknyga.lt\/wp-content\/uploads\/2024\/05\/cropped-cropped-cropped-02_00843_jt3bggkj1j3HLc7SyY6rEUpg.jpeg\",\"contentUrl\":\"https:\/\/skaitytaknyga.lt\/wp-content\/uploads\/2024\/05\/cropped-cropped-cropped-02_00843_jt3bggkj1j3HLc7SyY6rEUpg.jpeg\",\"width\":1600,\"height\":1600,\"caption\":\"skaitytaknyga.lt\"},\"image\":{\"@id\":\"https:\/\/skaitytaknyga.lt\/#\/schema\/logo\/image\/\"},\"sameAs\":[\"https:\/\/www.facebook.com\/skaitytaknyga\/\"]}]}<\/script>\n<!-- \/ Yoast SEO plugin. -->","yoast_head_json":{"title":"Vera","description":"Sederi\u0173 \u0161eimos ir nematomos \u017emonos istorija... 1945 m. gruodis. Aristokrat\u0173 Sederi\u0173 \u0161eima ruo\u0161ia prabangias vestuves vyriausiam s\u016bnui. Nors aplinkui","robots":{"index":"index","follow":"follow","max-snippet":"max-snippet:-1","max-image-preview":"max-image-preview:large","max-video-preview":"max-video-preview:-1"},"canonical":"https:\/\/skaitytaknyga.lt\/en\/produktas\/vera\/","og_locale":"en_GB","og_type":"article","og_title":"[:lt]Vera[:] - Skaitytaknyga","og_description":"Sederi\u0173 \u0161eimos ir nematomos \u017emonos istorija... 1945 m. gruodis. Aristokrat\u0173 Sederi\u0173 \u0161eima ruo\u0161ia prabangias vestuves vyriausiam s\u016bnui. Nors aplinkui","og_url":"https:\/\/skaitytaknyga.lt\/en\/produktas\/vera\/","og_site_name":"Skaitytaknyga","article_publisher":"https:\/\/www.facebook.com\/skaitytaknyga\/","article_modified_time":"2025-06-12T05:07:31+00:00","og_image":[{"width":366,"height":600,"url":"https:\/\/skaitytaknyga.lt\/wp-content\/uploads\/2024\/11\/vera.webp","type":"image\/webp"}],"twitter_card":"summary_large_image","twitter_misc":{"Estimated reading time":"2 minutes"},"schema":{"@context":"https:\/\/schema.org","@graph":[{"@type":"WebPage","@id":"https:\/\/skaitytaknyga.lt\/produktas\/vera\/","url":"https:\/\/skaitytaknyga.lt\/produktas\/vera\/","name":"Vera","isPartOf":{"@id":"https:\/\/skaitytaknyga.lt\/#website"},"primaryImageOfPage":{"@id":"https:\/\/skaitytaknyga.lt\/produktas\/vera\/#primaryimage"},"image":{"@id":"https:\/\/skaitytaknyga.lt\/produktas\/vera\/#primaryimage"},"thumbnailUrl":"https:\/\/skaitytaknyga.lt\/wp-content\/uploads\/2024\/11\/vera.webp","datePublished":"2024-11-23T11:59:53+00:00","dateModified":"2025-06-12T05:07:31+00:00","description":"Sederi\u0173 \u0161eimos ir nematomos \u017emonos istorija... 1945 m. gruodis. Aristokrat\u0173 Sederi\u0173 \u0161eima ruo\u0161ia prabangias vestuves vyriausiam s\u016bnui. Nors aplinkui","breadcrumb":{"@id":"https:\/\/skaitytaknyga.lt\/produktas\/vera\/#breadcrumb"},"inLanguage":"en-GB","potentialAction":[{"@type":"ReadAction","target":["https:\/\/skaitytaknyga.lt\/produktas\/vera\/"]}]},{"@type":"ImageObject","inLanguage":"en-GB","@id":"https:\/\/skaitytaknyga.lt\/produktas\/vera\/#primaryimage","url":"https:\/\/skaitytaknyga.lt\/wp-content\/uploads\/2024\/11\/vera.webp","contentUrl":"https:\/\/skaitytaknyga.lt\/wp-content\/uploads\/2024\/11\/vera.webp","width":366,"height":600,"caption":"vera"},{"@type":"BreadcrumbList","@id":"https:\/\/skaitytaknyga.lt\/produktas\/vera\/#breadcrumb","itemListElement":[{"@type":"ListItem","position":1,"name":"Home","item":"https:\/\/skaitytaknyga.lt\/"},{"@type":"ListItem","position":2,"name":"Parduotuv\u0117","item":"https:\/\/skaitytaknyga.lt\/knygu-parduotuve\/"},{"@type":"ListItem","position":3,"name":"Vera"}]},{"@type":"WebSite","@id":"https:\/\/skaitytaknyga.lt\/#website","url":"https:\/\/skaitytaknyga.lt\/","name":"skaitytaknyga.lt","description":"Skaitytaknyga.lt \u2013 tai ma\u017eas \u0161eimos verslas, kuris prasid\u0117jo nuo meil\u0117s knygoms ir siekio i\u0161gelb\u0117ti knygas nuo likimo prie konteinerio. Kas vienam nereikalingas daiktas \u2013 kitam lobis, o mes esame tarpininkai, kurie padeda abiems tapti laimingesniems ???? \u017dinome kaip nelengva i\u0161gyventi ma\u017eiems verslams, tad nuo \u0161iol, \u010dia rasite ir kit\u0173, ma\u017e\u0173 \u0161eim\u0173 versl\u0173, rank\u0173 darbo, dovan\u0173 sau ir artimiesiems.","publisher":{"@id":"https:\/\/skaitytaknyga.lt\/#organization"},"potentialAction":[{"@type":"SearchAction","target":{"@type":"EntryPoint","urlTemplate":"https:\/\/skaitytaknyga.lt\/?s={search_term_string}"},"query-input":{"@type":"PropertyValueSpecification","valueRequired":true,"valueName":"search_term_string"}}],"inLanguage":"en-GB"},{"@type":"Organization","@id":"https:\/\/skaitytaknyga.lt\/#organization","name":"skaitytaknyga.lt","url":"https:\/\/skaitytaknyga.lt\/","logo":{"@type":"ImageObject","inLanguage":"en-GB","@id":"https:\/\/skaitytaknyga.lt\/#\/schema\/logo\/image\/","url":"https:\/\/skaitytaknyga.lt\/wp-content\/uploads\/2024\/05\/cropped-cropped-cropped-02_00843_jt3bggkj1j3HLc7SyY6rEUpg.jpeg","contentUrl":"https:\/\/skaitytaknyga.lt\/wp-content\/uploads\/2024\/05\/cropped-cropped-cropped-02_00843_jt3bggkj1j3HLc7SyY6rEUpg.jpeg","width":1600,"height":1600,"caption":"skaitytaknyga.lt"},"image":{"@id":"https:\/\/skaitytaknyga.lt\/#\/schema\/logo\/image\/"},"sameAs":["https:\/\/www.facebook.com\/skaitytaknyga\/"]}]}},"_links":{"self":[{"href":"https:\/\/skaitytaknyga.lt\/en\/wp-json\/wp\/v2\/product\/14790","targetHints":{"allow":["GET"]}}],"collection":[{"href":"https:\/\/skaitytaknyga.lt\/en\/wp-json\/wp\/v2\/product"}],"about":[{"href":"https:\/\/skaitytaknyga.lt\/en\/wp-json\/wp\/v2\/types\/product"}],"replies":[{"embeddable":true,"href":"https:\/\/skaitytaknyga.lt\/en\/wp-json\/wp\/v2\/comments?post=14790"}],"wp:featuredmedia":[{"embeddable":true,"href":"https:\/\/skaitytaknyga.lt\/en\/wp-json\/wp\/v2\/media\/14835"}],"wp:attachment":[{"href":"https:\/\/skaitytaknyga.lt\/en\/wp-json\/wp\/v2\/media?parent=14790"}],"wp:term":[{"taxonomy":"product_brand","embeddable":true,"href":"https:\/\/skaitytaknyga.lt\/en\/wp-json\/wp\/v2\/product_brand?post=14790"},{"taxonomy":"product_cat","embeddable":true,"href":"https:\/\/skaitytaknyga.lt\/en\/wp-json\/wp\/v2\/product_cat?post=14790"},{"taxonomy":"product_tag","embeddable":true,"href":"https:\/\/skaitytaknyga.lt\/en\/wp-json\/wp\/v2\/product_tag?post=14790"}],"curies":[{"name":"wp","href":"https:\/\/api.w.org\/{rel}","templated":true}]}}