{"id":14789,"date":"2024-11-23T13:59:52","date_gmt":"2024-11-23T11:59:52","guid":{"rendered":"https:\/\/skaitytaknyga.lt\/?post_type=product&#038;p=14789"},"modified":"2024-11-23T20:04:50","modified_gmt":"2024-11-23T18:04:50","slug":"karas-kuri-galiausiai-laimejau","status":"publish","type":"product","link":"https:\/\/skaitytaknyga.lt\/en\/produktas\/karas-kuri-galiausiai-laimejau\/","title":{"rendered":"Karas, kur\u012f galiausiai laim\u0117jau"},"content":{"rendered":"<p><em>Gali galvoti, kas tik patinka, bet tai nerei\u0161kia, kad tuo tiki.<\/em><\/p>\n<p>&nbsp;<\/p>\n<p>Ada kartu su ma\u017euoju broliuku D\u017eeimiu gyvena glob\u0117jos Suzanos namuose, ta\u010diau Adai vis dar sunku patik\u0117ti, kad pagaliau viskas bus gerai.<\/p>\n<p>Ir tikrai nelengva tik\u0117ti gra\u017eia ateitimi, kai tebevyksta Antrasis pasaulinis karas. Net jei nuo\u0161aliame Anglijos kaimelyje karas ir tur\u0117t\u0173 b\u016bti toli, jis vis tiek ar\u010diau, negu nor\u0117tum.<\/p>\n<p>Ta\u010diau Ada yra tikra kovotoja. Ji i\u0161moko vaik\u0161\u010dioti bei jodin\u0117ti net ir su nesveika koja, jos nepalau\u017e\u0117 nei skurdas, nei nemylinti mama. Ada sugeb\u0117s pasiprie\u0161inti bet kokiai neteisybei.<\/p>\n<p>&nbsp;<\/p>\n<p><em>Gali galvoti, kas tik patinka, ir vien\u0105 dien\u0105 gal tuo patik\u0117si.<\/em><\/p>\n<p><strong>Kuo \u0161i knyga\u00a0naudinga:<\/strong><\/p>\n<p>&#8211; Prasmingas, \u012ftaigus, meistri\u0161kai para\u0161ytas ir i\u0161verstas tekstas pad\u0117s lavinti menin\u012f suvokim\u0105, i\u0161kalb\u0105 ir empatij\u0105<\/p>\n<p>&#8211; \u012egimt\u0105 lig\u0105 turin\u010dios, ta\u010diau savo atkaklumu, tvirtybe ir noru gyventi piln\u0105 ir prasming\u0105 gyvenim\u0105 \u012fkvepian\u010dios mergait\u0117s Ados pavyzdys \u012ftikins ir \u012fgalins siekti savo svajoni\u0173 ir tiksl\u0173<\/p>\n<p>&#8211; Antrojo pasaulinio karo metais vykstantis k\u016brinio veiksmas ne tik sudomins, bet ir suteiks istorini\u0173 \u017eini\u0173<\/p>\n<p>\u201eKaras, kur\u012f galiausiai laim\u0117jau\u201c \u2013 tai tarp vaik\u0173 populiarios ir ne vien\u0105 tarptautin\u012f apdovanojim\u0105 pelniusios knygos\u00a0\u201eKaras, i\u0161gelb\u0117j\u0119s mano gyvenim\u0105\u201c\u00a0t\u0119sinys.\u00a0<strong>Kimberly Brubaker Bradley<\/strong>\u00a0yra amerikie\u010di\u0173 ra\u0161ytoja, jos k\u016bryba dedikuojama vaikams ir paaugliams. \u0160iame romane t\u0119siama pagrindin\u0117s heroj\u0117s mergait\u0117s Ados ir jos brolio D\u017eeimio gyvenimo istorija Antrojo pasaulinio karo metu. Tai \u012ftraukiantis pasakojimas apie \u0161eim\u0105, tik\u0117jim\u0105, teising\u0173 pasirinkim\u0173 dr\u0105s\u0105 ir sav\u0119s pa\u017einim\u0105. Ada yra tikra kovotoja, kuri stengiasi \u012fveikti visus gyvenimo i\u0161\u0161\u016bkius.<\/p>\n<p>Knyga skirta vaikams nuo 11 met\u0173, ta\u010diau j\u0105 su malonumu skaitys ir j\u0173 t\u0117vai bei vyresni broliai ir seserys.<\/p>\n<ul class=\"about-product d-none d-xl-block mt-4\">\n<li><\/li>\n<li><strong>Originalus pavadinimas:<\/strong>\u00a0THE WAR I FINALLY WON<\/li>\n<li><strong>Autorius:<\/strong>\u00a0Kimberly Brubaker Bradley<\/li>\n<li><strong>Leid\u0117jas:<\/strong>\u00a0Nieko rimto<\/li>\n<li><strong>Metai:<\/strong>\u00a02020<\/li>\n<li><strong>Puslapiai:<\/strong>\u00a0328<\/li>\n<li class=\"toggleable type-new-formats \"><strong>ISBN:<\/strong>\u00a09786094415470<\/li>\n<li class=\"toggleable type-new-formats \"><strong>Formatas:<\/strong>\u00a014 x 20,8 x 3 cm, kieti vir\u0161eliai<\/li>\n<li><strong>Kalba:<\/strong>\u00a0Lietuvi\u0173<\/li>\n<li><strong>Vert\u0117jas:<\/strong>\u00a0Inga Tuli\u0161evskait\u0117<\/li>\n<\/ul>\n","protected":false},"excerpt":{"rendered":"<p>Gali galvoti, kas tik patinka, bet tai nerei\u0161kia, kad tuo tiki. &nbsp; Ada kartu su ma\u017euoju broliuku D\u017eeimiu gyvena glob\u0117jos Suzanos namuose, ta\u010diau Adai vis dar sunku patik\u0117ti, kad pagaliau viskas bus gerai. Ir tikrai nelengva tik\u0117ti gra\u017eia ateitimi, kai tebevyksta Antrasis pasaulinis karas. Net jei nuo\u0161aliame Anglijos kaimelyje karas ir tur\u0117t\u0173 b\u016bti toli, jis vis tiek ar\u010diau, negu nor\u0117tum. Ta\u010diau Ada yra tikra kovotoja. Ji i\u0161moko vaik\u0161\u010dioti bei jodin\u0117ti net ir su nesveika koja, jos nepalau\u017e\u0117 nei skurdas, nei nemylinti mama. Ada sugeb\u0117s pasiprie\u0161inti bet kokiai neteisybei. &nbsp; Gali galvoti, kas tik patinka, ir vien\u0105 dien\u0105 gal tuo patik\u0117si. Kuo \u0161i knyga\u00a0naudinga: &#8211; Prasmingas, \u012ftaigus, meistri\u0161kai para\u0161ytas ir i\u0161verstas tekstas pad\u0117s lavinti menin\u012f suvokim\u0105, i\u0161kalb\u0105 ir empatij\u0105 &#8211; \u012egimt\u0105 lig\u0105 turin\u010dios, ta\u010diau savo atkaklumu, tvirtybe ir noru gyventi piln\u0105 ir prasming\u0105 gyvenim\u0105 \u012fkvepian\u010dios mergait\u0117s Ados pavyzdys \u012ftikins ir \u012fgalins siekti savo svajoni\u0173 ir tiksl\u0173 &#8211; Antrojo pasaulinio karo metais vykstantis k\u016brinio veiksmas ne tik sudomins, bet ir suteiks istorini\u0173 \u017eini\u0173 \u201eKaras, kur\u012f galiausiai laim\u0117jau\u201c \u2013 tai tarp vaik\u0173 populiarios ir ne vien\u0105 tarptautin\u012f apdovanojim\u0105 pelniusios knygos\u00a0\u201eKaras, i\u0161gelb\u0117j\u0119s mano gyvenim\u0105\u201c\u00a0t\u0119sinys.\u00a0Kimberly Brubaker Bradley\u00a0yra amerikie\u010di\u0173 ra\u0161ytoja, jos k\u016bryba dedikuojama vaikams ir paaugliams. \u0160iame romane t\u0119siama pagrindin\u0117s heroj\u0117s mergait\u0117s Ados ir jos brolio D\u017eeimio gyvenimo istorija Antrojo pasaulinio karo metu. Tai \u012ftraukiantis pasakojimas apie \u0161eim\u0105, tik\u0117jim\u0105, teising\u0173 pasirinkim\u0173 dr\u0105s\u0105 ir sav\u0119s pa\u017einim\u0105. Ada yra tikra kovotoja, kuri stengiasi \u012fveikti visus gyvenimo i\u0161\u0161\u016bkius. Knyga skirta vaikams nuo 11 met\u0173, ta\u010diau j\u0105 su malonumu skaitys ir j\u0173 t\u0117vai bei vyresni broliai ir seserys. Originalus pavadinimas:\u00a0THE WAR I FINALLY WON Autorius:\u00a0Kimberly Brubaker Bradley Leid\u0117jas:\u00a0Nieko rimto Metai:\u00a02020 Puslapiai:\u00a0328 ISBN:\u00a09786094415470 Formatas:\u00a014 x 20,8 x 3 cm, kieti vir\u0161eliai Kalba:\u00a0Lietuvi\u0173 Vert\u0117jas:\u00a0Inga Tuli\u0161evskait\u0117<\/p>\n","protected":false},"featured_media":14840,"comment_status":"open","ping_status":"closed","template":"","meta":{"_acf_changed":false,"site-sidebar-layout":"default","site-content-layout":"","ast-site-content-layout":"default","site-content-style":"default","site-sidebar-style":"default","ast-global-header-display":"","ast-banner-title-visibility":"","ast-main-header-display":"","ast-hfb-above-header-display":"","ast-hfb-below-header-display":"","ast-hfb-mobile-header-display":"","site-post-title":"","ast-breadcrumbs-content":"","ast-featured-img":"","footer-sml-layout":"","ast-disable-related-posts":"","theme-transparent-header-meta":"default","adv-header-id-meta":"","stick-header-meta":"","header-above-stick-meta":"","header-main-stick-meta":"","header-below-stick-meta":"","astra-migrate-meta-layouts":"set","ast-page-background-enabled":"default","ast-page-background-meta":{"desktop":{"background-color":"","background-image":"","background-repeat":"repeat","background-position":"center center","background-size":"auto","background-attachment":"scroll","background-type":"","background-media":"","overlay-type":"","overlay-color":"","overlay-opacity":"","overlay-gradient":""},"tablet":{"background-color":"","background-image":"","background-repeat":"repeat","background-position":"center center","background-size":"auto","background-attachment":"scroll","background-type":"","background-media":"","overlay-type":"","overlay-color":"","overlay-opacity":"","overlay-gradient":""},"mobile":{"background-color":"","background-image":"","background-repeat":"repeat","background-position":"center center","background-size":"auto","background-attachment":"scroll","background-type":"","background-media":"","overlay-type":"","overlay-color":"","overlay-opacity":"","overlay-gradient":""}},"ast-content-background-meta":{"desktop":{"background-color":"var(--ast-global-color-4)","background-image":"","background-repeat":"repeat","background-position":"center center","background-size":"auto","background-attachment":"scroll","background-type":"","background-media":"","overlay-type":"","overlay-color":"","overlay-opacity":"","overlay-gradient":""},"tablet":{"background-color":"var(--ast-global-color-4)","background-image":"","background-repeat":"repeat","background-position":"center center","background-size":"auto","background-attachment":"scroll","background-type":"","background-media":"","overlay-type":"","overlay-color":"","overlay-opacity":"","overlay-gradient":""},"mobile":{"background-color":"var(--ast-global-color-4)","background-image":"","background-repeat":"repeat","background-position":"center center","background-size":"auto","background-attachment":"scroll","background-type":"","background-media":"","overlay-type":"","overlay-color":"","overlay-opacity":"","overlay-gradient":""}}},"product_brand":[],"product_cat":[15,35],"product_tag":[],"class_list":{"0":"post-14789","1":"product","2":"type-product","3":"status-publish","4":"has-post-thumbnail","6":"product_cat-uncategorized","7":"product_cat-vaikams-ir-paaugliams","8":"desktop-align-left","9":"tablet-align-left","10":"mobile-align-left","12":"first","13":"instock","14":"shipping-taxable","15":"purchasable","16":"product-type-simple"},"acf":[],"yoast_head":"<!-- This site is optimized with the Yoast SEO plugin v27.0 - https:\/\/yoast.com\/product\/yoast-seo-wordpress\/ -->\n<title>Karas, kur\u012f galiausiai laim\u0117jau<\/title>\n<meta name=\"description\" content=\"Gali galvoti, kas tik patinka, bet tai nerei\u0161kia, kad tuo tiki. &nbsp; Ada kartu su ma\u017euoju broliuku D\u017eeimiu gyvena glob\u0117jos Suzanos namuose, ta\u010diau Adai\" \/>\n<meta name=\"robots\" content=\"index, follow, max-snippet:-1, max-image-preview:large, max-video-preview:-1\" \/>\n<link rel=\"canonical\" href=\"https:\/\/skaitytaknyga.lt\/en\/produktas\/karas-kuri-galiausiai-laimejau\/\" \/>\n<meta property=\"og:locale\" content=\"en_GB\" \/>\n<meta property=\"og:locale:alternate\" content=\"lt_LT\" \/>\n<meta property=\"og:type\" content=\"article\" \/>\n<meta property=\"og:title\" content=\"Karas, kur\u012f galiausiai laim\u0117jau\" \/>\n<meta property=\"og:description\" content=\"Gali galvoti, kas tik patinka, bet tai nerei\u0161kia, kad tuo tiki. &nbsp; Ada kartu su ma\u017euoju broliuku D\u017eeimiu gyvena glob\u0117jos Suzanos namuose, ta\u010diau Adai\" \/>\n<meta property=\"og:url\" content=\"https:\/\/skaitytaknyga.lt\/en\/produktas\/karas-kuri-galiausiai-laimejau\/\" \/>\n<meta property=\"og:site_name\" content=\"Skaitytaknyga\" \/>\n<meta property=\"article:publisher\" content=\"https:\/\/www.facebook.com\/skaitytaknyga\/\" \/>\n<meta property=\"article:modified_time\" content=\"2024-11-23T18:04:50+00:00\" \/>\n<meta property=\"og:image\" content=\"https:\/\/skaitytaknyga.lt\/wp-content\/uploads\/2024\/11\/Karas-kuri-galiausiai-laimejau.webp\" \/>\n\t<meta property=\"og:image:width\" content=\"540\" \/>\n\t<meta property=\"og:image:height\" content=\"799\" \/>\n\t<meta property=\"og:image:type\" content=\"image\/webp\" \/>\n<meta name=\"twitter:card\" content=\"summary_large_image\" \/>\n<meta name=\"twitter:label1\" content=\"Estimated reading time\" \/>\n\t<meta name=\"twitter:data1\" content=\"2 minutes\" \/>\n<script type=\"application\/ld+json\" class=\"yoast-schema-graph\">{\"@context\":\"https:\/\/schema.org\",\"@graph\":[{\"@type\":\"WebPage\",\"@id\":\"https:\/\/skaitytaknyga.lt\/produktas\/karas-kuri-galiausiai-laimejau\/\",\"url\":\"https:\/\/skaitytaknyga.lt\/produktas\/karas-kuri-galiausiai-laimejau\/\",\"name\":\"Karas, kur\u012f galiausiai laim\u0117jau\",\"isPartOf\":{\"@id\":\"https:\/\/skaitytaknyga.lt\/#website\"},\"primaryImageOfPage\":{\"@id\":\"https:\/\/skaitytaknyga.lt\/produktas\/karas-kuri-galiausiai-laimejau\/#primaryimage\"},\"image\":{\"@id\":\"https:\/\/skaitytaknyga.lt\/produktas\/karas-kuri-galiausiai-laimejau\/#primaryimage\"},\"thumbnailUrl\":\"https:\/\/skaitytaknyga.lt\/wp-content\/uploads\/2024\/11\/Karas-kuri-galiausiai-laimejau.webp\",\"datePublished\":\"2024-11-23T11:59:52+00:00\",\"dateModified\":\"2024-11-23T18:04:50+00:00\",\"description\":\"Gali galvoti, kas tik patinka, bet tai nerei\u0161kia, kad tuo tiki. &nbsp; Ada kartu su ma\u017euoju broliuku D\u017eeimiu gyvena glob\u0117jos Suzanos namuose, ta\u010diau Adai\",\"breadcrumb\":{\"@id\":\"https:\/\/skaitytaknyga.lt\/produktas\/karas-kuri-galiausiai-laimejau\/#breadcrumb\"},\"inLanguage\":\"en-GB\",\"potentialAction\":[{\"@type\":\"ReadAction\",\"target\":[\"https:\/\/skaitytaknyga.lt\/produktas\/karas-kuri-galiausiai-laimejau\/\"]}]},{\"@type\":\"ImageObject\",\"inLanguage\":\"en-GB\",\"@id\":\"https:\/\/skaitytaknyga.lt\/produktas\/karas-kuri-galiausiai-laimejau\/#primaryimage\",\"url\":\"https:\/\/skaitytaknyga.lt\/wp-content\/uploads\/2024\/11\/Karas-kuri-galiausiai-laimejau.webp\",\"contentUrl\":\"https:\/\/skaitytaknyga.lt\/wp-content\/uploads\/2024\/11\/Karas-kuri-galiausiai-laimejau.webp\",\"width\":540,\"height\":799,\"caption\":\"Karas, kur\u012f galiausiai laim\u0117jau\"},{\"@type\":\"BreadcrumbList\",\"@id\":\"https:\/\/skaitytaknyga.lt\/produktas\/karas-kuri-galiausiai-laimejau\/#breadcrumb\",\"itemListElement\":[{\"@type\":\"ListItem\",\"position\":1,\"name\":\"Home\",\"item\":\"https:\/\/skaitytaknyga.lt\/\"},{\"@type\":\"ListItem\",\"position\":2,\"name\":\"Parduotuv\u0117\",\"item\":\"https:\/\/skaitytaknyga.lt\/knygu-parduotuve\/\"},{\"@type\":\"ListItem\",\"position\":3,\"name\":\"Karas, kur\u012f galiausiai laim\u0117jau\"}]},{\"@type\":\"WebSite\",\"@id\":\"https:\/\/skaitytaknyga.lt\/#website\",\"url\":\"https:\/\/skaitytaknyga.lt\/\",\"name\":\"skaitytaknyga.lt\",\"description\":\"Skaitytaknyga.lt \u2013 tai ma\u017eas \u0161eimos verslas, kuris prasid\u0117jo nuo meil\u0117s knygoms ir siekio i\u0161gelb\u0117ti knygas nuo likimo prie konteinerio. Kas vienam nereikalingas daiktas \u2013 kitam lobis, o mes esame tarpininkai, kurie padeda abiems tapti laimingesniems ???? \u017dinome kaip nelengva i\u0161gyventi ma\u017eiems verslams, tad nuo \u0161iol, \u010dia rasite ir kit\u0173, ma\u017e\u0173 \u0161eim\u0173 versl\u0173, rank\u0173 darbo, dovan\u0173 sau ir artimiesiems.\",\"publisher\":{\"@id\":\"https:\/\/skaitytaknyga.lt\/#organization\"},\"potentialAction\":[{\"@type\":\"SearchAction\",\"target\":{\"@type\":\"EntryPoint\",\"urlTemplate\":\"https:\/\/skaitytaknyga.lt\/?s={search_term_string}\"},\"query-input\":{\"@type\":\"PropertyValueSpecification\",\"valueRequired\":true,\"valueName\":\"search_term_string\"}}],\"inLanguage\":\"en-GB\"},{\"@type\":\"Organization\",\"@id\":\"https:\/\/skaitytaknyga.lt\/#organization\",\"name\":\"skaitytaknyga.lt\",\"url\":\"https:\/\/skaitytaknyga.lt\/\",\"logo\":{\"@type\":\"ImageObject\",\"inLanguage\":\"en-GB\",\"@id\":\"https:\/\/skaitytaknyga.lt\/#\/schema\/logo\/image\/\",\"url\":\"https:\/\/skaitytaknyga.lt\/wp-content\/uploads\/2024\/05\/cropped-cropped-cropped-02_00843_jt3bggkj1j3HLc7SyY6rEUpg.jpeg\",\"contentUrl\":\"https:\/\/skaitytaknyga.lt\/wp-content\/uploads\/2024\/05\/cropped-cropped-cropped-02_00843_jt3bggkj1j3HLc7SyY6rEUpg.jpeg\",\"width\":1600,\"height\":1600,\"caption\":\"skaitytaknyga.lt\"},\"image\":{\"@id\":\"https:\/\/skaitytaknyga.lt\/#\/schema\/logo\/image\/\"},\"sameAs\":[\"https:\/\/www.facebook.com\/skaitytaknyga\/\"]}]}<\/script>\n<!-- \/ Yoast SEO plugin. -->","yoast_head_json":{"title":"Karas, kur\u012f galiausiai laim\u0117jau","description":"Gali galvoti, kas tik patinka, bet tai nerei\u0161kia, kad tuo tiki. &nbsp; Ada kartu su ma\u017euoju broliuku D\u017eeimiu gyvena glob\u0117jos Suzanos namuose, ta\u010diau Adai","robots":{"index":"index","follow":"follow","max-snippet":"max-snippet:-1","max-image-preview":"max-image-preview:large","max-video-preview":"max-video-preview:-1"},"canonical":"https:\/\/skaitytaknyga.lt\/en\/produktas\/karas-kuri-galiausiai-laimejau\/","og_locale":"en_GB","og_type":"article","og_title":"[:lt]Karas, kur\u012f galiausiai laim\u0117jau[:] - Skaitytaknyga","og_description":"Gali galvoti, kas tik patinka, bet tai nerei\u0161kia, kad tuo tiki. &nbsp; Ada kartu su ma\u017euoju broliuku D\u017eeimiu gyvena glob\u0117jos Suzanos namuose, ta\u010diau Adai","og_url":"https:\/\/skaitytaknyga.lt\/en\/produktas\/karas-kuri-galiausiai-laimejau\/","og_site_name":"Skaitytaknyga","article_publisher":"https:\/\/www.facebook.com\/skaitytaknyga\/","article_modified_time":"2024-11-23T18:04:50+00:00","og_image":[{"width":540,"height":799,"url":"https:\/\/skaitytaknyga.lt\/wp-content\/uploads\/2024\/11\/Karas-kuri-galiausiai-laimejau.webp","type":"image\/webp"}],"twitter_card":"summary_large_image","twitter_misc":{"Estimated reading time":"2 minutes"},"schema":{"@context":"https:\/\/schema.org","@graph":[{"@type":"WebPage","@id":"https:\/\/skaitytaknyga.lt\/produktas\/karas-kuri-galiausiai-laimejau\/","url":"https:\/\/skaitytaknyga.lt\/produktas\/karas-kuri-galiausiai-laimejau\/","name":"Karas, kur\u012f galiausiai laim\u0117jau","isPartOf":{"@id":"https:\/\/skaitytaknyga.lt\/#website"},"primaryImageOfPage":{"@id":"https:\/\/skaitytaknyga.lt\/produktas\/karas-kuri-galiausiai-laimejau\/#primaryimage"},"image":{"@id":"https:\/\/skaitytaknyga.lt\/produktas\/karas-kuri-galiausiai-laimejau\/#primaryimage"},"thumbnailUrl":"https:\/\/skaitytaknyga.lt\/wp-content\/uploads\/2024\/11\/Karas-kuri-galiausiai-laimejau.webp","datePublished":"2024-11-23T11:59:52+00:00","dateModified":"2024-11-23T18:04:50+00:00","description":"Gali galvoti, kas tik patinka, bet tai nerei\u0161kia, kad tuo tiki. &nbsp; Ada kartu su ma\u017euoju broliuku D\u017eeimiu gyvena glob\u0117jos Suzanos namuose, ta\u010diau Adai","breadcrumb":{"@id":"https:\/\/skaitytaknyga.lt\/produktas\/karas-kuri-galiausiai-laimejau\/#breadcrumb"},"inLanguage":"en-GB","potentialAction":[{"@type":"ReadAction","target":["https:\/\/skaitytaknyga.lt\/produktas\/karas-kuri-galiausiai-laimejau\/"]}]},{"@type":"ImageObject","inLanguage":"en-GB","@id":"https:\/\/skaitytaknyga.lt\/produktas\/karas-kuri-galiausiai-laimejau\/#primaryimage","url":"https:\/\/skaitytaknyga.lt\/wp-content\/uploads\/2024\/11\/Karas-kuri-galiausiai-laimejau.webp","contentUrl":"https:\/\/skaitytaknyga.lt\/wp-content\/uploads\/2024\/11\/Karas-kuri-galiausiai-laimejau.webp","width":540,"height":799,"caption":"Karas, kur\u012f galiausiai laim\u0117jau"},{"@type":"BreadcrumbList","@id":"https:\/\/skaitytaknyga.lt\/produktas\/karas-kuri-galiausiai-laimejau\/#breadcrumb","itemListElement":[{"@type":"ListItem","position":1,"name":"Home","item":"https:\/\/skaitytaknyga.lt\/"},{"@type":"ListItem","position":2,"name":"Parduotuv\u0117","item":"https:\/\/skaitytaknyga.lt\/knygu-parduotuve\/"},{"@type":"ListItem","position":3,"name":"Karas, kur\u012f galiausiai laim\u0117jau"}]},{"@type":"WebSite","@id":"https:\/\/skaitytaknyga.lt\/#website","url":"https:\/\/skaitytaknyga.lt\/","name":"skaitytaknyga.lt","description":"Skaitytaknyga.lt \u2013 tai ma\u017eas \u0161eimos verslas, kuris prasid\u0117jo nuo meil\u0117s knygoms ir siekio i\u0161gelb\u0117ti knygas nuo likimo prie konteinerio. Kas vienam nereikalingas daiktas \u2013 kitam lobis, o mes esame tarpininkai, kurie padeda abiems tapti laimingesniems ???? \u017dinome kaip nelengva i\u0161gyventi ma\u017eiems verslams, tad nuo \u0161iol, \u010dia rasite ir kit\u0173, ma\u017e\u0173 \u0161eim\u0173 versl\u0173, rank\u0173 darbo, dovan\u0173 sau ir artimiesiems.","publisher":{"@id":"https:\/\/skaitytaknyga.lt\/#organization"},"potentialAction":[{"@type":"SearchAction","target":{"@type":"EntryPoint","urlTemplate":"https:\/\/skaitytaknyga.lt\/?s={search_term_string}"},"query-input":{"@type":"PropertyValueSpecification","valueRequired":true,"valueName":"search_term_string"}}],"inLanguage":"en-GB"},{"@type":"Organization","@id":"https:\/\/skaitytaknyga.lt\/#organization","name":"skaitytaknyga.lt","url":"https:\/\/skaitytaknyga.lt\/","logo":{"@type":"ImageObject","inLanguage":"en-GB","@id":"https:\/\/skaitytaknyga.lt\/#\/schema\/logo\/image\/","url":"https:\/\/skaitytaknyga.lt\/wp-content\/uploads\/2024\/05\/cropped-cropped-cropped-02_00843_jt3bggkj1j3HLc7SyY6rEUpg.jpeg","contentUrl":"https:\/\/skaitytaknyga.lt\/wp-content\/uploads\/2024\/05\/cropped-cropped-cropped-02_00843_jt3bggkj1j3HLc7SyY6rEUpg.jpeg","width":1600,"height":1600,"caption":"skaitytaknyga.lt"},"image":{"@id":"https:\/\/skaitytaknyga.lt\/#\/schema\/logo\/image\/"},"sameAs":["https:\/\/www.facebook.com\/skaitytaknyga\/"]}]}},"_links":{"self":[{"href":"https:\/\/skaitytaknyga.lt\/en\/wp-json\/wp\/v2\/product\/14789","targetHints":{"allow":["GET"]}}],"collection":[{"href":"https:\/\/skaitytaknyga.lt\/en\/wp-json\/wp\/v2\/product"}],"about":[{"href":"https:\/\/skaitytaknyga.lt\/en\/wp-json\/wp\/v2\/types\/product"}],"replies":[{"embeddable":true,"href":"https:\/\/skaitytaknyga.lt\/en\/wp-json\/wp\/v2\/comments?post=14789"}],"wp:featuredmedia":[{"embeddable":true,"href":"https:\/\/skaitytaknyga.lt\/en\/wp-json\/wp\/v2\/media\/14840"}],"wp:attachment":[{"href":"https:\/\/skaitytaknyga.lt\/en\/wp-json\/wp\/v2\/media?parent=14789"}],"wp:term":[{"taxonomy":"product_brand","embeddable":true,"href":"https:\/\/skaitytaknyga.lt\/en\/wp-json\/wp\/v2\/product_brand?post=14789"},{"taxonomy":"product_cat","embeddable":true,"href":"https:\/\/skaitytaknyga.lt\/en\/wp-json\/wp\/v2\/product_cat?post=14789"},{"taxonomy":"product_tag","embeddable":true,"href":"https:\/\/skaitytaknyga.lt\/en\/wp-json\/wp\/v2\/product_tag?post=14789"}],"curies":[{"name":"wp","href":"https:\/\/api.w.org\/{rel}","templated":true}]}}