{"id":14785,"date":"2024-11-23T13:02:55","date_gmt":"2024-11-23T11:02:55","guid":{"rendered":"https:\/\/skaitytaknyga.lt\/?post_type=product&#038;p=14785"},"modified":"2025-08-08T19:27:27","modified_gmt":"2025-08-08T16:27:27","slug":"senoliu-sodininkavimo-paslaptys-ir-patarimai","status":"publish","type":"product","link":"https:\/\/skaitytaknyga.lt\/en\/produktas\/senoliu-sodininkavimo-paslaptys-ir-patarimai\/","title":{"rendered":"Senoli\u0173 sodininkavimo paslaptys ir patarimai"},"content":{"rendered":"<p>Pasinaudokite senov\u0117s sodinink\u0173 i\u0161mintimi, kad \u0161iandien gal\u0117tum\u0117te sukurti patraukl\u0173 ir na\u0161\u0173 ekologi\u0161k\u0105 sod\u0105.<\/p>\n<p>Su\u017einokite nuostabiausi\u0173 g\u0117li\u0173, tvirt\u0173 kr\u016bm\u0173 ir gard\u017ei\u0173 vaisi\u0173 bei dar\u017eovi\u0173 auginimo paslaptis ir atsisakykite kenksming\u0173 chemini\u0173 med\u017eiag\u0173.<br \/>\nBet kok\u012f darb\u0105 sode atlikite tobulai, pasitelk\u0119 daugiau nei 1000 spalvot\u0173 nuotrauk\u0173, ai\u0161ki\u0173 ir detali\u0173 apra\u0161ym\u0173 ir laiko patikrint\u0173 patarim\u0173.<br \/>\nSu\u017einokite, kada, kur ir kaip gen\u0117ti, dalinti, s\u0117ti, persodinti, prirai\u0161ioti, nuimti derli\u0173, retinti, skiepyti ir dar daug kit\u0173 dalyk\u0173.<br \/>\nAtlikite sodininko kalendoriuje numatytus kiekvienam met\u0173 laikui darbus ir vaisius bei dar\u017eoves nuimkite tada, kai jie yra prinok\u0119 ir skan\u016bs.<br \/>\nI\u0161 gausyb\u0117s ekologi\u0161k\u0173 metod\u0173 i\u0161sirinkite tinkamiausius \u012fprastiems sodo kenk\u0117jams ir lig\u0173 suk\u0117l\u0117jams naikinti ir atbaidyti.<\/p>\n<ul class=\"about-product d-none d-xl-block mt-4\">\n<li><strong>Leid\u0117jas:<\/strong>\u00a0Alma littera<\/li>\n<li><strong>Metai:<\/strong>\u00a02008<\/li>\n<li><strong>Puslapiai:<\/strong>\u00a0319<\/li>\n<li class=\"toggleable type-new-formats \"><strong>ISBN:<\/strong>\u00a09789955249795<\/li>\n<li class=\"toggleable type-new-formats \"><strong>Formatas:<\/strong>\u00a022 x 28 x 2 cm, kieti vir\u0161eliai<\/li>\n<li><strong>Kalba:<\/strong>\u00a0Lietuvi\u0173<\/li>\n<li><strong>Vert\u0117jas:<\/strong>\u00a0Dalyt\u0117 Matulevi\u010di\u016bt\u0117<\/li>\n<\/ul>\n","protected":false},"excerpt":{"rendered":"<p>Pasinaudokite senov\u0117s sodinink\u0173 i\u0161mintimi, kad \u0161iandien gal\u0117tum\u0117te sukurti patraukl\u0173 ir na\u0161\u0173 ekologi\u0161k\u0105 sod\u0105. Su\u017einokite nuostabiausi\u0173 g\u0117li\u0173, tvirt\u0173 kr\u016bm\u0173 ir gard\u017ei\u0173 vaisi\u0173 bei dar\u017eovi\u0173 auginimo paslaptis ir atsisakykite kenksming\u0173 chemini\u0173 med\u017eiag\u0173. Bet kok\u012f darb\u0105 sode atlikite tobulai, pasitelk\u0119 daugiau nei 1000 spalvot\u0173 nuotrauk\u0173, ai\u0161ki\u0173 ir detali\u0173 apra\u0161ym\u0173 ir laiko patikrint\u0173 patarim\u0173. Su\u017einokite, kada, kur ir kaip gen\u0117ti, dalinti, s\u0117ti, persodinti, prirai\u0161ioti, nuimti derli\u0173, retinti, skiepyti ir dar daug kit\u0173 dalyk\u0173. Atlikite sodininko kalendoriuje numatytus kiekvienam met\u0173 laikui darbus ir vaisius bei dar\u017eoves nuimkite tada, kai jie yra prinok\u0119 ir skan\u016bs. I\u0161 gausyb\u0117s ekologi\u0161k\u0173 metod\u0173 i\u0161sirinkite tinkamiausius \u012fprastiems sodo kenk\u0117jams ir lig\u0173 suk\u0117l\u0117jams naikinti ir atbaidyti. Leid\u0117jas:\u00a0Alma littera Metai:\u00a02008 Puslapiai:\u00a0319 ISBN:\u00a09789955249795 Formatas:\u00a022 x 28 x 2 cm, kieti vir\u0161eliai Kalba:\u00a0Lietuvi\u0173 Vert\u0117jas:\u00a0Dalyt\u0117 Matulevi\u010di\u016bt\u0117<\/p>\n","protected":false},"featured_media":14843,"comment_status":"open","ping_status":"closed","template":"","meta":{"_acf_changed":false,"site-sidebar-layout":"default","site-content-layout":"","ast-site-content-layout":"default","site-content-style":"default","site-sidebar-style":"default","ast-global-header-display":"","ast-banner-title-visibility":"","ast-main-header-display":"","ast-hfb-above-header-display":"","ast-hfb-below-header-display":"","ast-hfb-mobile-header-display":"","site-post-title":"","ast-breadcrumbs-content":"","ast-featured-img":"","footer-sml-layout":"","ast-disable-related-posts":"","theme-transparent-header-meta":"default","adv-header-id-meta":"","stick-header-meta":"","header-above-stick-meta":"","header-main-stick-meta":"","header-below-stick-meta":"","astra-migrate-meta-layouts":"set","ast-page-background-enabled":"default","ast-page-background-meta":{"desktop":{"background-color":"","background-image":"","background-repeat":"repeat","background-position":"center center","background-size":"auto","background-attachment":"scroll","background-type":"","background-media":"","overlay-type":"","overlay-color":"","overlay-opacity":"","overlay-gradient":""},"tablet":{"background-color":"","background-image":"","background-repeat":"repeat","background-position":"center center","background-size":"auto","background-attachment":"scroll","background-type":"","background-media":"","overlay-type":"","overlay-color":"","overlay-opacity":"","overlay-gradient":""},"mobile":{"background-color":"","background-image":"","background-repeat":"repeat","background-position":"center center","background-size":"auto","background-attachment":"scroll","background-type":"","background-media":"","overlay-type":"","overlay-color":"","overlay-opacity":"","overlay-gradient":""}},"ast-content-background-meta":{"desktop":{"background-color":"var(--ast-global-color-4)","background-image":"","background-repeat":"repeat","background-position":"center center","background-size":"auto","background-attachment":"scroll","background-type":"","background-media":"","overlay-type":"","overlay-color":"","overlay-opacity":"","overlay-gradient":""},"tablet":{"background-color":"var(--ast-global-color-4)","background-image":"","background-repeat":"repeat","background-position":"center center","background-size":"auto","background-attachment":"scroll","background-type":"","background-media":"","overlay-type":"","overlay-color":"","overlay-opacity":"","overlay-gradient":""},"mobile":{"background-color":"var(--ast-global-color-4)","background-image":"","background-repeat":"repeat","background-position":"center center","background-size":"auto","background-attachment":"scroll","background-type":"","background-media":"","overlay-type":"","overlay-color":"","overlay-opacity":"","overlay-gradient":""}}},"product_brand":[],"product_cat":[15,74],"product_tag":[1097],"class_list":{"0":"post-14785","1":"product","2":"type-product","3":"status-publish","4":"has-post-thumbnail","6":"product_cat-uncategorized","7":"product_cat-sodas-darzas-ir-gelynai","8":"product_tag-sodo-prieziura","9":"desktop-align-left","10":"tablet-align-left","11":"mobile-align-left","13":"first","14":"instock","15":"shipping-taxable","16":"purchasable","17":"product-type-simple"},"acf":[],"yoast_head":"<!-- This site is optimized with the Yoast SEO plugin v27.0 - https:\/\/yoast.com\/product\/yoast-seo-wordpress\/ -->\n<title>Senoli\u0173 sodininkavimo paslaptys ir patarimai<\/title>\n<meta name=\"description\" content=\"Pasinaudokite senov\u0117s sodinink\u0173 i\u0161mintimi, kad \u0161iandien gal\u0117tum\u0117te sukurti patraukl\u0173 ir na\u0161\u0173 ekologi\u0161k\u0105 sod\u0105. Su\u017einokite nuostabiausi\u0173 g\u0117li\u0173, tvirt\u0173 kr\u016bm\u0173\" \/>\n<meta name=\"robots\" content=\"index, follow, max-snippet:-1, max-image-preview:large, max-video-preview:-1\" \/>\n<link rel=\"canonical\" href=\"https:\/\/skaitytaknyga.lt\/en\/produktas\/senoliu-sodininkavimo-paslaptys-ir-patarimai\/\" \/>\n<meta property=\"og:locale\" content=\"en_GB\" \/>\n<meta property=\"og:locale:alternate\" content=\"lt_LT\" \/>\n<meta property=\"og:type\" content=\"article\" \/>\n<meta property=\"og:title\" content=\"Senoli\u0173 sodininkavimo paslaptys ir patarimai\" \/>\n<meta property=\"og:description\" content=\"Pasinaudokite senov\u0117s sodinink\u0173 i\u0161mintimi, kad \u0161iandien gal\u0117tum\u0117te sukurti patraukl\u0173 ir na\u0161\u0173 ekologi\u0161k\u0105 sod\u0105. Su\u017einokite nuostabiausi\u0173 g\u0117li\u0173, tvirt\u0173 kr\u016bm\u0173\" \/>\n<meta property=\"og:url\" content=\"https:\/\/skaitytaknyga.lt\/en\/produktas\/senoliu-sodininkavimo-paslaptys-ir-patarimai\/\" \/>\n<meta property=\"og:site_name\" content=\"Skaitytaknyga\" \/>\n<meta property=\"article:publisher\" content=\"https:\/\/www.facebook.com\/skaitytaknyga\/\" \/>\n<meta property=\"article:modified_time\" content=\"2025-08-08T16:27:27+00:00\" \/>\n<meta property=\"og:image\" content=\"https:\/\/skaitytaknyga.lt\/wp-content\/uploads\/2024\/11\/Senoliu-sodininkavimo-paslaptys-ir-patarimai.webp\" \/>\n\t<meta property=\"og:image:width\" content=\"616\" \/>\n\t<meta property=\"og:image:height\" content=\"800\" \/>\n\t<meta property=\"og:image:type\" content=\"image\/webp\" \/>\n<meta name=\"twitter:card\" content=\"summary_large_image\" \/>\n<meta name=\"twitter:label1\" content=\"Estimated reading time\" \/>\n\t<meta name=\"twitter:data1\" content=\"1 minute\" \/>\n<script type=\"application\/ld+json\" class=\"yoast-schema-graph\">{\"@context\":\"https:\/\/schema.org\",\"@graph\":[{\"@type\":\"WebPage\",\"@id\":\"https:\/\/skaitytaknyga.lt\/produktas\/senoliu-sodininkavimo-paslaptys-ir-patarimai\/\",\"url\":\"https:\/\/skaitytaknyga.lt\/produktas\/senoliu-sodininkavimo-paslaptys-ir-patarimai\/\",\"name\":\"Senoli\u0173 sodininkavimo paslaptys ir patarimai\",\"isPartOf\":{\"@id\":\"https:\/\/skaitytaknyga.lt\/#website\"},\"primaryImageOfPage\":{\"@id\":\"https:\/\/skaitytaknyga.lt\/produktas\/senoliu-sodininkavimo-paslaptys-ir-patarimai\/#primaryimage\"},\"image\":{\"@id\":\"https:\/\/skaitytaknyga.lt\/produktas\/senoliu-sodininkavimo-paslaptys-ir-patarimai\/#primaryimage\"},\"thumbnailUrl\":\"https:\/\/skaitytaknyga.lt\/wp-content\/uploads\/2024\/11\/Senoliu-sodininkavimo-paslaptys-ir-patarimai.webp\",\"datePublished\":\"2024-11-23T11:02:55+00:00\",\"dateModified\":\"2025-08-08T16:27:27+00:00\",\"description\":\"Pasinaudokite senov\u0117s sodinink\u0173 i\u0161mintimi, kad \u0161iandien gal\u0117tum\u0117te sukurti patraukl\u0173 ir na\u0161\u0173 ekologi\u0161k\u0105 sod\u0105. Su\u017einokite nuostabiausi\u0173 g\u0117li\u0173, tvirt\u0173 kr\u016bm\u0173\",\"breadcrumb\":{\"@id\":\"https:\/\/skaitytaknyga.lt\/produktas\/senoliu-sodininkavimo-paslaptys-ir-patarimai\/#breadcrumb\"},\"inLanguage\":\"en-GB\",\"potentialAction\":[{\"@type\":\"ReadAction\",\"target\":[\"https:\/\/skaitytaknyga.lt\/produktas\/senoliu-sodininkavimo-paslaptys-ir-patarimai\/\"]}]},{\"@type\":\"ImageObject\",\"inLanguage\":\"en-GB\",\"@id\":\"https:\/\/skaitytaknyga.lt\/produktas\/senoliu-sodininkavimo-paslaptys-ir-patarimai\/#primaryimage\",\"url\":\"https:\/\/skaitytaknyga.lt\/wp-content\/uploads\/2024\/11\/Senoliu-sodininkavimo-paslaptys-ir-patarimai.webp\",\"contentUrl\":\"https:\/\/skaitytaknyga.lt\/wp-content\/uploads\/2024\/11\/Senoliu-sodininkavimo-paslaptys-ir-patarimai.webp\",\"width\":616,\"height\":800,\"caption\":\"Senoli\u0173 sodininkavimo paslaptys ir patarimai\"},{\"@type\":\"BreadcrumbList\",\"@id\":\"https:\/\/skaitytaknyga.lt\/produktas\/senoliu-sodininkavimo-paslaptys-ir-patarimai\/#breadcrumb\",\"itemListElement\":[{\"@type\":\"ListItem\",\"position\":1,\"name\":\"Home\",\"item\":\"https:\/\/skaitytaknyga.lt\/\"},{\"@type\":\"ListItem\",\"position\":2,\"name\":\"Parduotuv\u0117\",\"item\":\"https:\/\/skaitytaknyga.lt\/knygu-parduotuve\/\"},{\"@type\":\"ListItem\",\"position\":3,\"name\":\"Senoli\u0173 sodininkavimo paslaptys ir patarimai\"}]},{\"@type\":\"WebSite\",\"@id\":\"https:\/\/skaitytaknyga.lt\/#website\",\"url\":\"https:\/\/skaitytaknyga.lt\/\",\"name\":\"skaitytaknyga.lt\",\"description\":\"Skaitytaknyga.lt \u2013 tai ma\u017eas \u0161eimos verslas, kuris prasid\u0117jo nuo meil\u0117s knygoms ir siekio i\u0161gelb\u0117ti knygas nuo likimo prie konteinerio. Kas vienam nereikalingas daiktas \u2013 kitam lobis, o mes esame tarpininkai, kurie padeda abiems tapti laimingesniems ???? \u017dinome kaip nelengva i\u0161gyventi ma\u017eiems verslams, tad nuo \u0161iol, \u010dia rasite ir kit\u0173, ma\u017e\u0173 \u0161eim\u0173 versl\u0173, rank\u0173 darbo, dovan\u0173 sau ir artimiesiems.\",\"publisher\":{\"@id\":\"https:\/\/skaitytaknyga.lt\/#organization\"},\"potentialAction\":[{\"@type\":\"SearchAction\",\"target\":{\"@type\":\"EntryPoint\",\"urlTemplate\":\"https:\/\/skaitytaknyga.lt\/?s={search_term_string}\"},\"query-input\":{\"@type\":\"PropertyValueSpecification\",\"valueRequired\":true,\"valueName\":\"search_term_string\"}}],\"inLanguage\":\"en-GB\"},{\"@type\":\"Organization\",\"@id\":\"https:\/\/skaitytaknyga.lt\/#organization\",\"name\":\"skaitytaknyga.lt\",\"url\":\"https:\/\/skaitytaknyga.lt\/\",\"logo\":{\"@type\":\"ImageObject\",\"inLanguage\":\"en-GB\",\"@id\":\"https:\/\/skaitytaknyga.lt\/#\/schema\/logo\/image\/\",\"url\":\"https:\/\/skaitytaknyga.lt\/wp-content\/uploads\/2024\/05\/cropped-cropped-cropped-02_00843_jt3bggkj1j3HLc7SyY6rEUpg.jpeg\",\"contentUrl\":\"https:\/\/skaitytaknyga.lt\/wp-content\/uploads\/2024\/05\/cropped-cropped-cropped-02_00843_jt3bggkj1j3HLc7SyY6rEUpg.jpeg\",\"width\":1600,\"height\":1600,\"caption\":\"skaitytaknyga.lt\"},\"image\":{\"@id\":\"https:\/\/skaitytaknyga.lt\/#\/schema\/logo\/image\/\"},\"sameAs\":[\"https:\/\/www.facebook.com\/skaitytaknyga\/\"]}]}<\/script>\n<!-- \/ Yoast SEO plugin. -->","yoast_head_json":{"title":"Senoli\u0173 sodininkavimo paslaptys ir patarimai","description":"Pasinaudokite senov\u0117s sodinink\u0173 i\u0161mintimi, kad \u0161iandien gal\u0117tum\u0117te sukurti patraukl\u0173 ir na\u0161\u0173 ekologi\u0161k\u0105 sod\u0105. Su\u017einokite nuostabiausi\u0173 g\u0117li\u0173, tvirt\u0173 kr\u016bm\u0173","robots":{"index":"index","follow":"follow","max-snippet":"max-snippet:-1","max-image-preview":"max-image-preview:large","max-video-preview":"max-video-preview:-1"},"canonical":"https:\/\/skaitytaknyga.lt\/en\/produktas\/senoliu-sodininkavimo-paslaptys-ir-patarimai\/","og_locale":"en_GB","og_type":"article","og_title":"[:lt]Senoli\u0173 sodininkavimo paslaptys ir patarimai[:] - Skaitytaknyga","og_description":"Pasinaudokite senov\u0117s sodinink\u0173 i\u0161mintimi, kad \u0161iandien gal\u0117tum\u0117te sukurti patraukl\u0173 ir na\u0161\u0173 ekologi\u0161k\u0105 sod\u0105. Su\u017einokite nuostabiausi\u0173 g\u0117li\u0173, tvirt\u0173 kr\u016bm\u0173","og_url":"https:\/\/skaitytaknyga.lt\/en\/produktas\/senoliu-sodininkavimo-paslaptys-ir-patarimai\/","og_site_name":"Skaitytaknyga","article_publisher":"https:\/\/www.facebook.com\/skaitytaknyga\/","article_modified_time":"2025-08-08T16:27:27+00:00","og_image":[{"width":616,"height":800,"url":"https:\/\/skaitytaknyga.lt\/wp-content\/uploads\/2024\/11\/Senoliu-sodininkavimo-paslaptys-ir-patarimai.webp","type":"image\/webp"}],"twitter_card":"summary_large_image","twitter_misc":{"Estimated reading time":"1 minute"},"schema":{"@context":"https:\/\/schema.org","@graph":[{"@type":"WebPage","@id":"https:\/\/skaitytaknyga.lt\/produktas\/senoliu-sodininkavimo-paslaptys-ir-patarimai\/","url":"https:\/\/skaitytaknyga.lt\/produktas\/senoliu-sodininkavimo-paslaptys-ir-patarimai\/","name":"Senoli\u0173 sodininkavimo paslaptys ir patarimai","isPartOf":{"@id":"https:\/\/skaitytaknyga.lt\/#website"},"primaryImageOfPage":{"@id":"https:\/\/skaitytaknyga.lt\/produktas\/senoliu-sodininkavimo-paslaptys-ir-patarimai\/#primaryimage"},"image":{"@id":"https:\/\/skaitytaknyga.lt\/produktas\/senoliu-sodininkavimo-paslaptys-ir-patarimai\/#primaryimage"},"thumbnailUrl":"https:\/\/skaitytaknyga.lt\/wp-content\/uploads\/2024\/11\/Senoliu-sodininkavimo-paslaptys-ir-patarimai.webp","datePublished":"2024-11-23T11:02:55+00:00","dateModified":"2025-08-08T16:27:27+00:00","description":"Pasinaudokite senov\u0117s sodinink\u0173 i\u0161mintimi, kad \u0161iandien gal\u0117tum\u0117te sukurti patraukl\u0173 ir na\u0161\u0173 ekologi\u0161k\u0105 sod\u0105. Su\u017einokite nuostabiausi\u0173 g\u0117li\u0173, tvirt\u0173 kr\u016bm\u0173","breadcrumb":{"@id":"https:\/\/skaitytaknyga.lt\/produktas\/senoliu-sodininkavimo-paslaptys-ir-patarimai\/#breadcrumb"},"inLanguage":"en-GB","potentialAction":[{"@type":"ReadAction","target":["https:\/\/skaitytaknyga.lt\/produktas\/senoliu-sodininkavimo-paslaptys-ir-patarimai\/"]}]},{"@type":"ImageObject","inLanguage":"en-GB","@id":"https:\/\/skaitytaknyga.lt\/produktas\/senoliu-sodininkavimo-paslaptys-ir-patarimai\/#primaryimage","url":"https:\/\/skaitytaknyga.lt\/wp-content\/uploads\/2024\/11\/Senoliu-sodininkavimo-paslaptys-ir-patarimai.webp","contentUrl":"https:\/\/skaitytaknyga.lt\/wp-content\/uploads\/2024\/11\/Senoliu-sodininkavimo-paslaptys-ir-patarimai.webp","width":616,"height":800,"caption":"Senoli\u0173 sodininkavimo paslaptys ir patarimai"},{"@type":"BreadcrumbList","@id":"https:\/\/skaitytaknyga.lt\/produktas\/senoliu-sodininkavimo-paslaptys-ir-patarimai\/#breadcrumb","itemListElement":[{"@type":"ListItem","position":1,"name":"Home","item":"https:\/\/skaitytaknyga.lt\/"},{"@type":"ListItem","position":2,"name":"Parduotuv\u0117","item":"https:\/\/skaitytaknyga.lt\/knygu-parduotuve\/"},{"@type":"ListItem","position":3,"name":"Senoli\u0173 sodininkavimo paslaptys ir patarimai"}]},{"@type":"WebSite","@id":"https:\/\/skaitytaknyga.lt\/#website","url":"https:\/\/skaitytaknyga.lt\/","name":"skaitytaknyga.lt","description":"Skaitytaknyga.lt \u2013 tai ma\u017eas \u0161eimos verslas, kuris prasid\u0117jo nuo meil\u0117s knygoms ir siekio i\u0161gelb\u0117ti knygas nuo likimo prie konteinerio. Kas vienam nereikalingas daiktas \u2013 kitam lobis, o mes esame tarpininkai, kurie padeda abiems tapti laimingesniems ???? \u017dinome kaip nelengva i\u0161gyventi ma\u017eiems verslams, tad nuo \u0161iol, \u010dia rasite ir kit\u0173, ma\u017e\u0173 \u0161eim\u0173 versl\u0173, rank\u0173 darbo, dovan\u0173 sau ir artimiesiems.","publisher":{"@id":"https:\/\/skaitytaknyga.lt\/#organization"},"potentialAction":[{"@type":"SearchAction","target":{"@type":"EntryPoint","urlTemplate":"https:\/\/skaitytaknyga.lt\/?s={search_term_string}"},"query-input":{"@type":"PropertyValueSpecification","valueRequired":true,"valueName":"search_term_string"}}],"inLanguage":"en-GB"},{"@type":"Organization","@id":"https:\/\/skaitytaknyga.lt\/#organization","name":"skaitytaknyga.lt","url":"https:\/\/skaitytaknyga.lt\/","logo":{"@type":"ImageObject","inLanguage":"en-GB","@id":"https:\/\/skaitytaknyga.lt\/#\/schema\/logo\/image\/","url":"https:\/\/skaitytaknyga.lt\/wp-content\/uploads\/2024\/05\/cropped-cropped-cropped-02_00843_jt3bggkj1j3HLc7SyY6rEUpg.jpeg","contentUrl":"https:\/\/skaitytaknyga.lt\/wp-content\/uploads\/2024\/05\/cropped-cropped-cropped-02_00843_jt3bggkj1j3HLc7SyY6rEUpg.jpeg","width":1600,"height":1600,"caption":"skaitytaknyga.lt"},"image":{"@id":"https:\/\/skaitytaknyga.lt\/#\/schema\/logo\/image\/"},"sameAs":["https:\/\/www.facebook.com\/skaitytaknyga\/"]}]}},"_links":{"self":[{"href":"https:\/\/skaitytaknyga.lt\/en\/wp-json\/wp\/v2\/product\/14785","targetHints":{"allow":["GET"]}}],"collection":[{"href":"https:\/\/skaitytaknyga.lt\/en\/wp-json\/wp\/v2\/product"}],"about":[{"href":"https:\/\/skaitytaknyga.lt\/en\/wp-json\/wp\/v2\/types\/product"}],"replies":[{"embeddable":true,"href":"https:\/\/skaitytaknyga.lt\/en\/wp-json\/wp\/v2\/comments?post=14785"}],"wp:featuredmedia":[{"embeddable":true,"href":"https:\/\/skaitytaknyga.lt\/en\/wp-json\/wp\/v2\/media\/14843"}],"wp:attachment":[{"href":"https:\/\/skaitytaknyga.lt\/en\/wp-json\/wp\/v2\/media?parent=14785"}],"wp:term":[{"taxonomy":"product_brand","embeddable":true,"href":"https:\/\/skaitytaknyga.lt\/en\/wp-json\/wp\/v2\/product_brand?post=14785"},{"taxonomy":"product_cat","embeddable":true,"href":"https:\/\/skaitytaknyga.lt\/en\/wp-json\/wp\/v2\/product_cat?post=14785"},{"taxonomy":"product_tag","embeddable":true,"href":"https:\/\/skaitytaknyga.lt\/en\/wp-json\/wp\/v2\/product_tag?post=14785"}],"curies":[{"name":"wp","href":"https:\/\/api.w.org\/{rel}","templated":true}]}}