{"id":14784,"date":"2024-11-23T13:02:55","date_gmt":"2024-11-23T11:02:55","guid":{"rendered":"https:\/\/skaitytaknyga.lt\/?post_type=product&#038;p=14784"},"modified":"2025-09-27T21:41:38","modified_gmt":"2025-09-27T18:41:38","slug":"puikus-naujas-pasaulis","status":"publish","type":"product","link":"https:\/\/skaitytaknyga.lt\/en\/produktas\/puikus-naujas-pasaulis\/","title":{"rendered":"Puikus naujas pasaulis"},"content":{"rendered":"<p>Aldous Huxley (1894-1963) \u2013 vienas talentingiausi\u0173 ir \u012ftakingiausi\u0173 XX a. angl\u0173 ra\u0161ytoj\u0173.<br \/>\nJo romanas \u201ePuikus naujas pasaulis&#8221; \u2013 sukre\u010dianti ir prana\u0161inga antiutopija. Joje \u012ftaigiai vaizduojama ateities visuomen\u0117, kurios totalitarin\u0117 santvarka naikina \u017emogi\u0161kum\u0105, gyvenimo form\u0173 laisv\u0119 ir \u012fvairov\u0119. Glumin\u0119s ir \u0161okirav\u0119s daugel\u012f t\u0173 laik\u0173 skaitytoj\u0173, \u201ePuikus naujas pasaulis&#8221; ligi \u0161iol teb\u0117ra populiariausias ir garsiausias autoriaus k\u016brinys.<br \/>\n\u017dmoni\u0173 klonavimas ir jo padariniai, rausvoje diskotek\u0173 prietemoje apsvaigusios nuo narkotik\u0173 poros, seksas be meil\u0117s vis\u0173 su visais, \u0161eimos nykimas, materialini\u0173 g\u0117rybi\u0173 sudievinimas, kolektyvin\u0117s isterijos priepuoliai, juodlig\u0117s bomb\u0173 sprogimai, \u201ejausm\u0173 in\u017einerija\u201c, arba valstyb\u0117, diktuojanti ra\u0161ytojams k\u0105 ra\u0161yti \u2013 k\u0105 nors apie niek\u0105 (prisiminkime Stalino \u201esiel\u0173 in\u017einierius\u201c), po\u017ei\u016bris, jog istorija \u2013 paistalai, jog mums nereikia senien\u0173 \u2013 visa tai prana\u0161i\u0161kai apra\u0161\u0117 talentingas ra\u0161ytojas.<br \/>\n\u201ePuikus naujas pasaulis\u201c \u2013 vienas i\u0161 geriausi\u0173 XX a. roman\u0173, \u0161iurpus bet kokio universalios laim\u0117s re\u017eimo simbolis.<\/p>\n","protected":false},"excerpt":{"rendered":"<p>Aldous Huxley (1894-1963) \u2013 vienas talentingiausi\u0173 ir \u012ftakingiausi\u0173 XX a. angl\u0173 ra\u0161ytoj\u0173. Jo romanas \u201ePuikus naujas pasaulis&#8221; \u2013 sukre\u010dianti ir prana\u0161inga antiutopija. Joje \u012ftaigiai vaizduojama ateities visuomen\u0117, kurios totalitarin\u0117 santvarka naikina \u017emogi\u0161kum\u0105, gyvenimo form\u0173 laisv\u0119 ir \u012fvairov\u0119. Glumin\u0119s ir \u0161okirav\u0119s daugel\u012f t\u0173 laik\u0173 skaitytoj\u0173, \u201ePuikus naujas pasaulis&#8221; ligi \u0161iol teb\u0117ra populiariausias ir garsiausias autoriaus k\u016brinys. \u017dmoni\u0173 klonavimas ir jo padariniai, rausvoje diskotek\u0173 prietemoje apsvaigusios nuo narkotik\u0173 poros, seksas be meil\u0117s vis\u0173 su visais, \u0161eimos nykimas, materialini\u0173 g\u0117rybi\u0173 sudievinimas, kolektyvin\u0117s isterijos priepuoliai, juodlig\u0117s bomb\u0173 sprogimai, \u201ejausm\u0173 in\u017einerija\u201c, arba valstyb\u0117, diktuojanti ra\u0161ytojams k\u0105 ra\u0161yti \u2013 k\u0105 nors apie niek\u0105 (prisiminkime Stalino \u201esiel\u0173 in\u017einierius\u201c), po\u017ei\u016bris, jog istorija \u2013 paistalai, jog mums nereikia senien\u0173 \u2013 visa tai prana\u0161i\u0161kai apra\u0161\u0117 talentingas ra\u0161ytojas. \u201ePuikus naujas pasaulis\u201c \u2013 vienas i\u0161 geriausi\u0173 XX a. roman\u0173, \u0161iurpus bet kokio universalios laim\u0117s re\u017eimo simbolis.<\/p>\n","protected":false},"featured_media":14844,"comment_status":"open","ping_status":"closed","template":"","meta":{"_acf_changed":false,"site-sidebar-layout":"default","site-content-layout":"","ast-site-content-layout":"default","site-content-style":"default","site-sidebar-style":"default","ast-global-header-display":"","ast-banner-title-visibility":"","ast-main-header-display":"","ast-hfb-above-header-display":"","ast-hfb-below-header-display":"","ast-hfb-mobile-header-display":"","site-post-title":"","ast-breadcrumbs-content":"","ast-featured-img":"","footer-sml-layout":"","ast-disable-related-posts":"","theme-transparent-header-meta":"default","adv-header-id-meta":"","stick-header-meta":"","header-above-stick-meta":"","header-main-stick-meta":"","header-below-stick-meta":"","astra-migrate-meta-layouts":"set","ast-page-background-enabled":"default","ast-page-background-meta":{"desktop":{"background-color":"","background-image":"","background-repeat":"repeat","background-position":"center center","background-size":"auto","background-attachment":"scroll","background-type":"","background-media":"","overlay-type":"","overlay-color":"","overlay-opacity":"","overlay-gradient":""},"tablet":{"background-color":"","background-image":"","background-repeat":"repeat","background-position":"center center","background-size":"auto","background-attachment":"scroll","background-type":"","background-media":"","overlay-type":"","overlay-color":"","overlay-opacity":"","overlay-gradient":""},"mobile":{"background-color":"","background-image":"","background-repeat":"repeat","background-position":"center center","background-size":"auto","background-attachment":"scroll","background-type":"","background-media":"","overlay-type":"","overlay-color":"","overlay-opacity":"","overlay-gradient":""}},"ast-content-background-meta":{"desktop":{"background-color":"var(--ast-global-color-4)","background-image":"","background-repeat":"repeat","background-position":"center center","background-size":"auto","background-attachment":"scroll","background-type":"","background-media":"","overlay-type":"","overlay-color":"","overlay-opacity":"","overlay-gradient":""},"tablet":{"background-color":"var(--ast-global-color-4)","background-image":"","background-repeat":"repeat","background-position":"center center","background-size":"auto","background-attachment":"scroll","background-type":"","background-media":"","overlay-type":"","overlay-color":"","overlay-opacity":"","overlay-gradient":""},"mobile":{"background-color":"var(--ast-global-color-4)","background-image":"","background-repeat":"repeat","background-position":"center center","background-size":"auto","background-attachment":"scroll","background-type":"","background-media":"","overlay-type":"","overlay-color":"","overlay-opacity":"","overlay-gradient":""}}},"product_brand":[],"product_cat":[31,15],"product_tag":[1672,1674,1673,1467,1492,1676,1675],"class_list":{"0":"post-14784","1":"product","2":"type-product","3":"status-publish","4":"has-post-thumbnail","6":"product_cat-grozine-literatura","7":"product_cat-uncategorized","8":"product_tag-aldous-huxley","9":"product_tag-ateities-visuomene","10":"product_tag-distopija","11":"product_tag-filosofija","12":"product_tag-literatura","13":"product_tag-socialine-kontrole","14":"product_tag-technologiju-itaka","15":"desktop-align-left","16":"tablet-align-left","17":"mobile-align-left","19":"first","20":"outofstock","21":"shipping-taxable","22":"purchasable","23":"product-type-simple"},"acf":[],"yoast_head":"<!-- This site is optimized with the Yoast SEO plugin v27.4 - https:\/\/yoast.com\/product\/yoast-seo-wordpress\/ -->\n<title>Puikus naujas pasaulis<\/title>\n<meta name=\"description\" content=\"Aldous Huxley (1894-1963) \u2013 vienas talentingiausi\u0173 ir \u012ftakingiausi\u0173 XX a. angl\u0173 ra\u0161ytoj\u0173. Jo romanas \u201ePuikus naujas pasaulis&quot; \u2013 sukre\u010dianti ir prana\u0161inga\" \/>\n<meta name=\"robots\" content=\"index, follow, max-snippet:-1, max-image-preview:large, max-video-preview:-1\" \/>\n<link rel=\"canonical\" href=\"https:\/\/skaitytaknyga.lt\/en\/produktas\/puikus-naujas-pasaulis\/\" \/>\n<meta property=\"og:locale\" content=\"en_GB\" \/>\n<meta property=\"og:locale:alternate\" content=\"lt_LT\" \/>\n<meta property=\"og:type\" content=\"article\" \/>\n<meta property=\"og:title\" content=\"Puikus naujas pasaulis\" \/>\n<meta property=\"og:description\" content=\"Aldous Huxley (1894-1963) \u2013 vienas talentingiausi\u0173 ir \u012ftakingiausi\u0173 XX a. angl\u0173 ra\u0161ytoj\u0173. Jo romanas \u201ePuikus naujas pasaulis&quot; \u2013 sukre\u010dianti ir prana\u0161inga\" \/>\n<meta property=\"og:url\" content=\"https:\/\/skaitytaknyga.lt\/en\/produktas\/puikus-naujas-pasaulis\/\" \/>\n<meta property=\"og:site_name\" content=\"Skaitytaknyga\" \/>\n<meta property=\"article:publisher\" content=\"https:\/\/www.facebook.com\/skaitytaknyga\/\" \/>\n<meta property=\"article:modified_time\" content=\"2025-09-27T18:41:38+00:00\" \/>\n<meta property=\"og:image\" content=\"https:\/\/skaitytaknyga.lt\/wp-content\/uploads\/2024\/11\/Puikus-naujas-pasaulis.jpg\" \/>\n\t<meta property=\"og:image:width\" content=\"670\" \/>\n\t<meta property=\"og:image:height\" content=\"1000\" \/>\n\t<meta property=\"og:image:type\" content=\"image\/jpeg\" \/>\n<meta name=\"twitter:card\" content=\"summary_large_image\" \/>\n<meta name=\"twitter:label1\" content=\"Estimated reading time\" \/>\n\t<meta name=\"twitter:data1\" content=\"1 minute\" \/>\n<script type=\"application\/ld+json\" class=\"yoast-schema-graph\">{\"@context\":\"https:\\\/\\\/schema.org\",\"@graph\":[{\"@type\":\"WebPage\",\"@id\":\"https:\\\/\\\/skaitytaknyga.lt\\\/produktas\\\/puikus-naujas-pasaulis\\\/\",\"url\":\"https:\\\/\\\/skaitytaknyga.lt\\\/produktas\\\/puikus-naujas-pasaulis\\\/\",\"name\":\"Puikus naujas pasaulis\",\"isPartOf\":{\"@id\":\"https:\\\/\\\/skaitytaknyga.lt\\\/#website\"},\"primaryImageOfPage\":{\"@id\":\"https:\\\/\\\/skaitytaknyga.lt\\\/produktas\\\/puikus-naujas-pasaulis\\\/#primaryimage\"},\"image\":{\"@id\":\"https:\\\/\\\/skaitytaknyga.lt\\\/produktas\\\/puikus-naujas-pasaulis\\\/#primaryimage\"},\"thumbnailUrl\":\"https:\\\/\\\/skaitytaknyga.lt\\\/wp-content\\\/uploads\\\/2024\\\/11\\\/Puikus-naujas-pasaulis.jpg\",\"datePublished\":\"2024-11-23T11:02:55+00:00\",\"dateModified\":\"2025-09-27T18:41:38+00:00\",\"description\":\"Aldous Huxley (1894-1963) \u2013 vienas talentingiausi\u0173 ir \u012ftakingiausi\u0173 XX a. angl\u0173 ra\u0161ytoj\u0173. Jo romanas \u201ePuikus naujas pasaulis\\\" \u2013 sukre\u010dianti ir prana\u0161inga\",\"breadcrumb\":{\"@id\":\"https:\\\/\\\/skaitytaknyga.lt\\\/produktas\\\/puikus-naujas-pasaulis\\\/#breadcrumb\"},\"inLanguage\":\"en-GB\",\"potentialAction\":[{\"@type\":\"ReadAction\",\"target\":[\"https:\\\/\\\/skaitytaknyga.lt\\\/produktas\\\/puikus-naujas-pasaulis\\\/\"]}]},{\"@type\":\"ImageObject\",\"inLanguage\":\"en-GB\",\"@id\":\"https:\\\/\\\/skaitytaknyga.lt\\\/produktas\\\/puikus-naujas-pasaulis\\\/#primaryimage\",\"url\":\"https:\\\/\\\/skaitytaknyga.lt\\\/wp-content\\\/uploads\\\/2024\\\/11\\\/Puikus-naujas-pasaulis.jpg\",\"contentUrl\":\"https:\\\/\\\/skaitytaknyga.lt\\\/wp-content\\\/uploads\\\/2024\\\/11\\\/Puikus-naujas-pasaulis.jpg\",\"width\":670,\"height\":1000,\"caption\":\"Puikus naujas pasaulis\"},{\"@type\":\"BreadcrumbList\",\"@id\":\"https:\\\/\\\/skaitytaknyga.lt\\\/produktas\\\/puikus-naujas-pasaulis\\\/#breadcrumb\",\"itemListElement\":[{\"@type\":\"ListItem\",\"position\":1,\"name\":\"Home\",\"item\":\"https:\\\/\\\/skaitytaknyga.lt\\\/\"},{\"@type\":\"ListItem\",\"position\":2,\"name\":\"Parduotuv\u0117\",\"item\":\"https:\\\/\\\/skaitytaknyga.lt\\\/knygu-parduotuve\\\/\"},{\"@type\":\"ListItem\",\"position\":3,\"name\":\"Puikus naujas pasaulis\"}]},{\"@type\":\"WebSite\",\"@id\":\"https:\\\/\\\/skaitytaknyga.lt\\\/#website\",\"url\":\"https:\\\/\\\/skaitytaknyga.lt\\\/\",\"name\":\"skaitytaknyga.lt\",\"description\":\"Skaitytaknyga.lt \u2013 tai ma\u017eas \u0161eimos verslas, kuris prasid\u0117jo nuo meil\u0117s knygoms ir siekio i\u0161gelb\u0117ti knygas nuo likimo prie konteinerio. Kas vienam nereikalingas daiktas \u2013 kitam lobis, o mes esame tarpininkai, kurie padeda abiems tapti laimingesniems ???? \u017dinome kaip nelengva i\u0161gyventi ma\u017eiems verslams, tad nuo \u0161iol, \u010dia rasite ir kit\u0173, ma\u017e\u0173 \u0161eim\u0173 versl\u0173, rank\u0173 darbo, dovan\u0173 sau ir artimiesiems.\",\"publisher\":{\"@id\":\"https:\\\/\\\/skaitytaknyga.lt\\\/#organization\"},\"potentialAction\":[{\"@type\":\"SearchAction\",\"target\":{\"@type\":\"EntryPoint\",\"urlTemplate\":\"https:\\\/\\\/skaitytaknyga.lt\\\/?s={search_term_string}\"},\"query-input\":{\"@type\":\"PropertyValueSpecification\",\"valueRequired\":true,\"valueName\":\"search_term_string\"}}],\"inLanguage\":\"en-GB\"},{\"@type\":\"Organization\",\"@id\":\"https:\\\/\\\/skaitytaknyga.lt\\\/#organization\",\"name\":\"skaitytaknyga.lt\",\"url\":\"https:\\\/\\\/skaitytaknyga.lt\\\/\",\"logo\":{\"@type\":\"ImageObject\",\"inLanguage\":\"en-GB\",\"@id\":\"https:\\\/\\\/skaitytaknyga.lt\\\/#\\\/schema\\\/logo\\\/image\\\/\",\"url\":\"https:\\\/\\\/skaitytaknyga.lt\\\/wp-content\\\/uploads\\\/2024\\\/05\\\/cropped-cropped-cropped-02_00843_jt3bggkj1j3HLc7SyY6rEUpg.jpeg\",\"contentUrl\":\"https:\\\/\\\/skaitytaknyga.lt\\\/wp-content\\\/uploads\\\/2024\\\/05\\\/cropped-cropped-cropped-02_00843_jt3bggkj1j3HLc7SyY6rEUpg.jpeg\",\"width\":1600,\"height\":1600,\"caption\":\"skaitytaknyga.lt\"},\"image\":{\"@id\":\"https:\\\/\\\/skaitytaknyga.lt\\\/#\\\/schema\\\/logo\\\/image\\\/\"},\"sameAs\":[\"https:\\\/\\\/www.facebook.com\\\/skaitytaknyga\\\/\"]}]}<\/script>\n<!-- \/ Yoast SEO plugin. -->","yoast_head_json":{"title":"Puikus naujas pasaulis","description":"Aldous Huxley (1894-1963) \u2013 vienas talentingiausi\u0173 ir \u012ftakingiausi\u0173 XX a. angl\u0173 ra\u0161ytoj\u0173. Jo romanas \u201ePuikus naujas pasaulis\" \u2013 sukre\u010dianti ir prana\u0161inga","robots":{"index":"index","follow":"follow","max-snippet":"max-snippet:-1","max-image-preview":"max-image-preview:large","max-video-preview":"max-video-preview:-1"},"canonical":"https:\/\/skaitytaknyga.lt\/en\/produktas\/puikus-naujas-pasaulis\/","og_locale":"en_GB","og_type":"article","og_title":"[:lt]Puikus naujas pasaulis[:] - Skaitytaknyga","og_description":"Aldous Huxley (1894-1963) \u2013 vienas talentingiausi\u0173 ir \u012ftakingiausi\u0173 XX a. angl\u0173 ra\u0161ytoj\u0173. Jo romanas \u201ePuikus naujas pasaulis\" \u2013 sukre\u010dianti ir prana\u0161inga","og_url":"https:\/\/skaitytaknyga.lt\/en\/produktas\/puikus-naujas-pasaulis\/","og_site_name":"Skaitytaknyga","article_publisher":"https:\/\/www.facebook.com\/skaitytaknyga\/","article_modified_time":"2025-09-27T18:41:38+00:00","og_image":[{"width":670,"height":1000,"url":"https:\/\/skaitytaknyga.lt\/wp-content\/uploads\/2024\/11\/Puikus-naujas-pasaulis.jpg","type":"image\/jpeg"}],"twitter_card":"summary_large_image","twitter_misc":{"Estimated reading time":"1 minute"},"schema":{"@context":"https:\/\/schema.org","@graph":[{"@type":"WebPage","@id":"https:\/\/skaitytaknyga.lt\/produktas\/puikus-naujas-pasaulis\/","url":"https:\/\/skaitytaknyga.lt\/produktas\/puikus-naujas-pasaulis\/","name":"Puikus naujas pasaulis","isPartOf":{"@id":"https:\/\/skaitytaknyga.lt\/#website"},"primaryImageOfPage":{"@id":"https:\/\/skaitytaknyga.lt\/produktas\/puikus-naujas-pasaulis\/#primaryimage"},"image":{"@id":"https:\/\/skaitytaknyga.lt\/produktas\/puikus-naujas-pasaulis\/#primaryimage"},"thumbnailUrl":"https:\/\/skaitytaknyga.lt\/wp-content\/uploads\/2024\/11\/Puikus-naujas-pasaulis.jpg","datePublished":"2024-11-23T11:02:55+00:00","dateModified":"2025-09-27T18:41:38+00:00","description":"Aldous Huxley (1894-1963) \u2013 vienas talentingiausi\u0173 ir \u012ftakingiausi\u0173 XX a. angl\u0173 ra\u0161ytoj\u0173. Jo romanas \u201ePuikus naujas pasaulis\" \u2013 sukre\u010dianti ir prana\u0161inga","breadcrumb":{"@id":"https:\/\/skaitytaknyga.lt\/produktas\/puikus-naujas-pasaulis\/#breadcrumb"},"inLanguage":"en-GB","potentialAction":[{"@type":"ReadAction","target":["https:\/\/skaitytaknyga.lt\/produktas\/puikus-naujas-pasaulis\/"]}]},{"@type":"ImageObject","inLanguage":"en-GB","@id":"https:\/\/skaitytaknyga.lt\/produktas\/puikus-naujas-pasaulis\/#primaryimage","url":"https:\/\/skaitytaknyga.lt\/wp-content\/uploads\/2024\/11\/Puikus-naujas-pasaulis.jpg","contentUrl":"https:\/\/skaitytaknyga.lt\/wp-content\/uploads\/2024\/11\/Puikus-naujas-pasaulis.jpg","width":670,"height":1000,"caption":"Puikus naujas pasaulis"},{"@type":"BreadcrumbList","@id":"https:\/\/skaitytaknyga.lt\/produktas\/puikus-naujas-pasaulis\/#breadcrumb","itemListElement":[{"@type":"ListItem","position":1,"name":"Home","item":"https:\/\/skaitytaknyga.lt\/"},{"@type":"ListItem","position":2,"name":"Parduotuv\u0117","item":"https:\/\/skaitytaknyga.lt\/knygu-parduotuve\/"},{"@type":"ListItem","position":3,"name":"Puikus naujas pasaulis"}]},{"@type":"WebSite","@id":"https:\/\/skaitytaknyga.lt\/#website","url":"https:\/\/skaitytaknyga.lt\/","name":"skaitytaknyga.lt","description":"Skaitytaknyga.lt \u2013 tai ma\u017eas \u0161eimos verslas, kuris prasid\u0117jo nuo meil\u0117s knygoms ir siekio i\u0161gelb\u0117ti knygas nuo likimo prie konteinerio. Kas vienam nereikalingas daiktas \u2013 kitam lobis, o mes esame tarpininkai, kurie padeda abiems tapti laimingesniems ???? \u017dinome kaip nelengva i\u0161gyventi ma\u017eiems verslams, tad nuo \u0161iol, \u010dia rasite ir kit\u0173, ma\u017e\u0173 \u0161eim\u0173 versl\u0173, rank\u0173 darbo, dovan\u0173 sau ir artimiesiems.","publisher":{"@id":"https:\/\/skaitytaknyga.lt\/#organization"},"potentialAction":[{"@type":"SearchAction","target":{"@type":"EntryPoint","urlTemplate":"https:\/\/skaitytaknyga.lt\/?s={search_term_string}"},"query-input":{"@type":"PropertyValueSpecification","valueRequired":true,"valueName":"search_term_string"}}],"inLanguage":"en-GB"},{"@type":"Organization","@id":"https:\/\/skaitytaknyga.lt\/#organization","name":"skaitytaknyga.lt","url":"https:\/\/skaitytaknyga.lt\/","logo":{"@type":"ImageObject","inLanguage":"en-GB","@id":"https:\/\/skaitytaknyga.lt\/#\/schema\/logo\/image\/","url":"https:\/\/skaitytaknyga.lt\/wp-content\/uploads\/2024\/05\/cropped-cropped-cropped-02_00843_jt3bggkj1j3HLc7SyY6rEUpg.jpeg","contentUrl":"https:\/\/skaitytaknyga.lt\/wp-content\/uploads\/2024\/05\/cropped-cropped-cropped-02_00843_jt3bggkj1j3HLc7SyY6rEUpg.jpeg","width":1600,"height":1600,"caption":"skaitytaknyga.lt"},"image":{"@id":"https:\/\/skaitytaknyga.lt\/#\/schema\/logo\/image\/"},"sameAs":["https:\/\/www.facebook.com\/skaitytaknyga\/"]}]}},"_links":{"self":[{"href":"https:\/\/skaitytaknyga.lt\/en\/wp-json\/wp\/v2\/product\/14784","targetHints":{"allow":["GET"]}}],"collection":[{"href":"https:\/\/skaitytaknyga.lt\/en\/wp-json\/wp\/v2\/product"}],"about":[{"href":"https:\/\/skaitytaknyga.lt\/en\/wp-json\/wp\/v2\/types\/product"}],"replies":[{"embeddable":true,"href":"https:\/\/skaitytaknyga.lt\/en\/wp-json\/wp\/v2\/comments?post=14784"}],"wp:featuredmedia":[{"embeddable":true,"href":"https:\/\/skaitytaknyga.lt\/en\/wp-json\/wp\/v2\/media\/14844"}],"wp:attachment":[{"href":"https:\/\/skaitytaknyga.lt\/en\/wp-json\/wp\/v2\/media?parent=14784"}],"wp:term":[{"taxonomy":"product_brand","embeddable":true,"href":"https:\/\/skaitytaknyga.lt\/en\/wp-json\/wp\/v2\/product_brand?post=14784"},{"taxonomy":"product_cat","embeddable":true,"href":"https:\/\/skaitytaknyga.lt\/en\/wp-json\/wp\/v2\/product_cat?post=14784"},{"taxonomy":"product_tag","embeddable":true,"href":"https:\/\/skaitytaknyga.lt\/en\/wp-json\/wp\/v2\/product_tag?post=14784"}],"curies":[{"name":"wp","href":"https:\/\/api.w.org\/{rel}","templated":true}]}}