{"id":14783,"date":"2024-11-23T13:02:55","date_gmt":"2024-11-23T11:02:55","guid":{"rendered":"https:\/\/skaitytaknyga.lt\/?post_type=product&#038;p=14783"},"modified":"2026-03-18T15:02:38","modified_gmt":"2026-03-18T13:02:38","slug":"slaptos-sovietines-nso-bylos","status":"publish","type":"product","link":"https:\/\/skaitytaknyga.lt\/en\/produktas\/slaptos-sovietines-nso-bylos\/","title":{"rendered":"Slaptos sovietin\u0117s NSO bylos"},"content":{"rendered":"<p>Pati Rusija yra kaip labirintas: pilna paslap\u010di\u0173, m\u012fsli\u0173 ir sl\u0117pini\u0173. NSO skland\u0117 vir\u0161 jos dar istorijos au\u0161roje. Per kruviniausi\u0105 Rusijos istorijos \u0161imtmet\u012f NSO nuolat pasirodydavo \u0161alyje. Ne visi, mat\u0119 keistus rei\u0161kinius danguje, tebegyvi, kad papasakot\u0173 savo istorijas. J\u0173 prane\u0161imus i\u0161ne\u0161iojo at\u0161iaur\u016bs soviet\u0173 istorijos v\u0117jai. Daugyb\u0117 dokument\u0173, rankra\u0161\u010di\u0173, steb\u0117jim\u0173 ir ra\u0161ytini\u0173 ataskait\u0173 tebeslypi slapt\u0173j\u0173 tarnyb\u0173 po\u017eemiuose.<\/p>\n<p>\u0160i knyga \u2013 tai i\u0161sami Rusijos bei aplinkini\u0173 \u0161ali\u0173 NSO kronika nuo Imperijos laik\u0173 iki Soviet\u0173 S\u0105jungos \u017elugimo ir \u0161i\u0173 dien\u0173; nuo i\u0161likusi\u0173 liudijim\u0173 apie senov\u0117je reg\u0117tus pavidalus danguje iki naujausi\u0173 kosmonaut\u0173 steb\u0117jim\u0173. Kas i\u0161 ties\u0173 \u012fvyko prie Tunguskos? Kas pad\u0117jo gelb\u0117tojams po \u010cernobylio avarijos? Kod\u0117l NSO dom\u0117josi pats Josifas Stalinas, o mokslininkus tild\u0117 saugumo tarnybos?<\/p>\n<p>Remiantis pa\u010di\u0173 autori\u0173 tyrimais, \u017eymiausi\u0173 Rusijos ir Ukrainos ufolog\u0173 atradimais, mokslinink\u0173 i\u0161vadomis, liudinink\u0173 parei\u0161kimais ir daugybe kit\u0173 \u0161altini\u0173, Slaptos sovietin\u0117s NSO bylos\u201c atskleid\u017eia iki \u0161iol sistemingai nenagrin\u0117tus, keistus ir paslaptingus Ryt\u0173 Europos istorijos \u012fvykius.<\/p>\n<ul class=\"about-product d-none d-xl-block mt-4\">\n<li><strong>Autorius:<\/strong>\u00a0Philip Mantle,\u00a0Paul Stonehill<\/li>\n<li><strong>Leid\u0117jas:<\/strong>\u00a0Obuolys<\/li>\n<li><strong>Metai:<\/strong>\u00a02011<\/li>\n<li><strong>Puslapiai:<\/strong>\u00a0624<\/li>\n<li class=\"toggleable type-new-formats \"><strong>ISBN:<\/strong>\u00a09786094032783<\/li>\n<li class=\"toggleable type-new-formats \"><strong>Formatas:<\/strong>\u00a016,9 x 23,4 cm, kieti vir\u0161eliai<\/li>\n<li><strong>Kalba:<\/strong>\u00a0Lietuvi\u0173<\/li>\n<li><strong>Vert\u0117jas:<\/strong>\u00a0Giedr\u0117 Tart\u0117nien\u0117<\/li>\n<li><strong>Knyg\u0173 serija:<\/strong>\u00a0Sensacingi faktai<\/li>\n<\/ul>\n","protected":false},"excerpt":{"rendered":"<p>Pati Rusija yra kaip labirintas: pilna paslap\u010di\u0173, m\u012fsli\u0173 ir sl\u0117pini\u0173. NSO skland\u0117 vir\u0161 jos dar istorijos au\u0161roje. Per kruviniausi\u0105 Rusijos istorijos \u0161imtmet\u012f NSO nuolat pasirodydavo \u0161alyje. Ne visi, mat\u0119 keistus rei\u0161kinius danguje, tebegyvi, kad papasakot\u0173 savo istorijas. J\u0173 prane\u0161imus i\u0161ne\u0161iojo at\u0161iaur\u016bs soviet\u0173 istorijos v\u0117jai. Daugyb\u0117 dokument\u0173, rankra\u0161\u010di\u0173, steb\u0117jim\u0173 ir ra\u0161ytini\u0173 ataskait\u0173 tebeslypi slapt\u0173j\u0173 tarnyb\u0173 po\u017eemiuose. \u0160i knyga \u2013 tai i\u0161sami Rusijos bei aplinkini\u0173 \u0161ali\u0173 NSO kronika nuo Imperijos laik\u0173 iki Soviet\u0173 S\u0105jungos \u017elugimo ir \u0161i\u0173 dien\u0173; nuo i\u0161likusi\u0173 liudijim\u0173 apie senov\u0117je reg\u0117tus pavidalus danguje iki naujausi\u0173 kosmonaut\u0173 steb\u0117jim\u0173. Kas i\u0161 ties\u0173 \u012fvyko prie Tunguskos? Kas pad\u0117jo gelb\u0117tojams po \u010cernobylio avarijos? Kod\u0117l NSO dom\u0117josi pats Josifas Stalinas, o mokslininkus tild\u0117 saugumo tarnybos? Remiantis pa\u010di\u0173 autori\u0173 tyrimais, \u017eymiausi\u0173 Rusijos ir Ukrainos ufolog\u0173 atradimais, mokslinink\u0173 i\u0161vadomis, liudinink\u0173 parei\u0161kimais ir daugybe kit\u0173 \u0161altini\u0173, Slaptos sovietin\u0117s NSO bylos\u201c atskleid\u017eia iki \u0161iol sistemingai nenagrin\u0117tus, keistus ir paslaptingus Ryt\u0173 Europos istorijos \u012fvykius. Autorius:\u00a0Philip Mantle,\u00a0Paul Stonehill Leid\u0117jas:\u00a0Obuolys Metai:\u00a02011 Puslapiai:\u00a0624 ISBN:\u00a09786094032783 Formatas:\u00a016,9 x 23,4 cm, kieti vir\u0161eliai Kalba:\u00a0Lietuvi\u0173 Vert\u0117jas:\u00a0Giedr\u0117 Tart\u0117nien\u0117 Knyg\u0173 serija:\u00a0Sensacingi faktai<\/p>\n","protected":false},"featured_media":14845,"comment_status":"open","ping_status":"closed","template":"","meta":{"_acf_changed":false,"site-sidebar-layout":"default","site-content-layout":"","ast-site-content-layout":"default","site-content-style":"default","site-sidebar-style":"default","ast-global-header-display":"","ast-banner-title-visibility":"","ast-main-header-display":"","ast-hfb-above-header-display":"","ast-hfb-below-header-display":"","ast-hfb-mobile-header-display":"","site-post-title":"","ast-breadcrumbs-content":"","ast-featured-img":"","footer-sml-layout":"","ast-disable-related-posts":"","theme-transparent-header-meta":"default","adv-header-id-meta":"","stick-header-meta":"","header-above-stick-meta":"","header-main-stick-meta":"","header-below-stick-meta":"","astra-migrate-meta-layouts":"set","ast-page-background-enabled":"default","ast-page-background-meta":{"desktop":{"background-color":"","background-image":"","background-repeat":"repeat","background-position":"center center","background-size":"auto","background-attachment":"scroll","background-type":"","background-media":"","overlay-type":"","overlay-color":"","overlay-opacity":"","overlay-gradient":""},"tablet":{"background-color":"","background-image":"","background-repeat":"repeat","background-position":"center center","background-size":"auto","background-attachment":"scroll","background-type":"","background-media":"","overlay-type":"","overlay-color":"","overlay-opacity":"","overlay-gradient":""},"mobile":{"background-color":"","background-image":"","background-repeat":"repeat","background-position":"center center","background-size":"auto","background-attachment":"scroll","background-type":"","background-media":"","overlay-type":"","overlay-color":"","overlay-opacity":"","overlay-gradient":""}},"ast-content-background-meta":{"desktop":{"background-color":"var(--ast-global-color-4)","background-image":"","background-repeat":"repeat","background-position":"center center","background-size":"auto","background-attachment":"scroll","background-type":"","background-media":"","overlay-type":"","overlay-color":"","overlay-opacity":"","overlay-gradient":""},"tablet":{"background-color":"var(--ast-global-color-4)","background-image":"","background-repeat":"repeat","background-position":"center center","background-size":"auto","background-attachment":"scroll","background-type":"","background-media":"","overlay-type":"","overlay-color":"","overlay-opacity":"","overlay-gradient":""},"mobile":{"background-color":"var(--ast-global-color-4)","background-image":"","background-repeat":"repeat","background-position":"center center","background-size":"auto","background-attachment":"scroll","background-type":"","background-media":"","overlay-type":"","overlay-color":"","overlay-opacity":"","overlay-gradient":""}}},"product_brand":[],"product_cat":[9863,174,15],"product_tag":[3895,1478,3899,3898,3897,3626,3896],"class_list":{"0":"post-14783","1":"product","2":"type-product","3":"status-publish","4":"has-post-thumbnail","6":"product_cat-europos-istorija","7":"product_cat-istorija-ir-politologija","8":"product_cat-uncategorized","9":"product_tag-nso","10":"product_tag-paslaptys","11":"product_tag-paul-stonehill","12":"product_tag-philip-mantle","13":"product_tag-rytu-europa","14":"product_tag-sovietu-sajunga","15":"product_tag-ufologija","16":"desktop-align-left","17":"tablet-align-left","18":"mobile-align-left","20":"first","21":"instock","22":"shipping-taxable","23":"purchasable","24":"product-type-simple"},"acf":[],"yoast_head":"<!-- This site is optimized with the Yoast SEO plugin v27.0 - https:\/\/yoast.com\/product\/yoast-seo-wordpress\/ -->\n<title>Slaptos sovietin\u0117s NSO bylos<\/title>\n<meta name=\"description\" content=\"Pati Rusija yra kaip labirintas: pilna paslap\u010di\u0173, m\u012fsli\u0173 ir sl\u0117pini\u0173. NSO skland\u0117 vir\u0161 jos dar istorijos au\u0161roje. Per kruviniausi\u0105 Rusijos istorijos\" \/>\n<meta name=\"robots\" content=\"index, follow, max-snippet:-1, max-image-preview:large, max-video-preview:-1\" \/>\n<link rel=\"canonical\" href=\"https:\/\/skaitytaknyga.lt\/en\/produktas\/slaptos-sovietines-nso-bylos\/\" \/>\n<meta property=\"og:locale\" content=\"en_GB\" \/>\n<meta property=\"og:locale:alternate\" content=\"lt_LT\" \/>\n<meta property=\"og:type\" content=\"article\" \/>\n<meta property=\"og:title\" content=\"Slaptos sovietin\u0117s NSO bylos\" \/>\n<meta property=\"og:description\" content=\"Pati Rusija yra kaip labirintas: pilna paslap\u010di\u0173, m\u012fsli\u0173 ir sl\u0117pini\u0173. NSO skland\u0117 vir\u0161 jos dar istorijos au\u0161roje. Per kruviniausi\u0105 Rusijos istorijos\" \/>\n<meta property=\"og:url\" content=\"https:\/\/skaitytaknyga.lt\/en\/produktas\/slaptos-sovietines-nso-bylos\/\" \/>\n<meta property=\"og:site_name\" content=\"Skaitytaknyga\" \/>\n<meta property=\"article:publisher\" content=\"https:\/\/www.facebook.com\/skaitytaknyga\/\" \/>\n<meta property=\"article:modified_time\" content=\"2026-03-18T13:02:38+00:00\" \/>\n<meta property=\"og:image\" content=\"https:\/\/skaitytaknyga.lt\/wp-content\/uploads\/2024\/11\/Slaptos-sovietines-NSO-bylos.webp\" \/>\n\t<meta property=\"og:image:width\" content=\"581\" \/>\n\t<meta property=\"og:image:height\" content=\"800\" \/>\n\t<meta property=\"og:image:type\" content=\"image\/webp\" \/>\n<meta name=\"twitter:card\" content=\"summary_large_image\" \/>\n<meta name=\"twitter:label1\" content=\"Estimated reading time\" \/>\n\t<meta name=\"twitter:data1\" content=\"1 minute\" \/>\n<script type=\"application\/ld+json\" class=\"yoast-schema-graph\">{\"@context\":\"https:\/\/schema.org\",\"@graph\":[{\"@type\":\"WebPage\",\"@id\":\"https:\/\/skaitytaknyga.lt\/produktas\/slaptos-sovietines-nso-bylos\/\",\"url\":\"https:\/\/skaitytaknyga.lt\/produktas\/slaptos-sovietines-nso-bylos\/\",\"name\":\"Slaptos sovietin\u0117s NSO bylos\",\"isPartOf\":{\"@id\":\"https:\/\/skaitytaknyga.lt\/#website\"},\"primaryImageOfPage\":{\"@id\":\"https:\/\/skaitytaknyga.lt\/produktas\/slaptos-sovietines-nso-bylos\/#primaryimage\"},\"image\":{\"@id\":\"https:\/\/skaitytaknyga.lt\/produktas\/slaptos-sovietines-nso-bylos\/#primaryimage\"},\"thumbnailUrl\":\"https:\/\/skaitytaknyga.lt\/wp-content\/uploads\/2024\/11\/Slaptos-sovietines-NSO-bylos.webp\",\"datePublished\":\"2024-11-23T11:02:55+00:00\",\"dateModified\":\"2026-03-18T13:02:38+00:00\",\"description\":\"Pati Rusija yra kaip labirintas: pilna paslap\u010di\u0173, m\u012fsli\u0173 ir sl\u0117pini\u0173. NSO skland\u0117 vir\u0161 jos dar istorijos au\u0161roje. Per kruviniausi\u0105 Rusijos istorijos\",\"breadcrumb\":{\"@id\":\"https:\/\/skaitytaknyga.lt\/produktas\/slaptos-sovietines-nso-bylos\/#breadcrumb\"},\"inLanguage\":\"en-GB\",\"potentialAction\":[{\"@type\":\"ReadAction\",\"target\":[\"https:\/\/skaitytaknyga.lt\/produktas\/slaptos-sovietines-nso-bylos\/\"]}]},{\"@type\":\"ImageObject\",\"inLanguage\":\"en-GB\",\"@id\":\"https:\/\/skaitytaknyga.lt\/produktas\/slaptos-sovietines-nso-bylos\/#primaryimage\",\"url\":\"https:\/\/skaitytaknyga.lt\/wp-content\/uploads\/2024\/11\/Slaptos-sovietines-NSO-bylos.webp\",\"contentUrl\":\"https:\/\/skaitytaknyga.lt\/wp-content\/uploads\/2024\/11\/Slaptos-sovietines-NSO-bylos.webp\",\"width\":581,\"height\":800,\"caption\":\"Slaptos sovietin\u0117s NSO bylos\"},{\"@type\":\"BreadcrumbList\",\"@id\":\"https:\/\/skaitytaknyga.lt\/produktas\/slaptos-sovietines-nso-bylos\/#breadcrumb\",\"itemListElement\":[{\"@type\":\"ListItem\",\"position\":1,\"name\":\"Home\",\"item\":\"https:\/\/skaitytaknyga.lt\/\"},{\"@type\":\"ListItem\",\"position\":2,\"name\":\"Parduotuv\u0117\",\"item\":\"https:\/\/skaitytaknyga.lt\/knygu-parduotuve\/\"},{\"@type\":\"ListItem\",\"position\":3,\"name\":\"Slaptos sovietin\u0117s NSO bylos\"}]},{\"@type\":\"WebSite\",\"@id\":\"https:\/\/skaitytaknyga.lt\/#website\",\"url\":\"https:\/\/skaitytaknyga.lt\/\",\"name\":\"skaitytaknyga.lt\",\"description\":\"Skaitytaknyga.lt \u2013 tai ma\u017eas \u0161eimos verslas, kuris prasid\u0117jo nuo meil\u0117s knygoms ir siekio i\u0161gelb\u0117ti knygas nuo likimo prie konteinerio. Kas vienam nereikalingas daiktas \u2013 kitam lobis, o mes esame tarpininkai, kurie padeda abiems tapti laimingesniems ???? \u017dinome kaip nelengva i\u0161gyventi ma\u017eiems verslams, tad nuo \u0161iol, \u010dia rasite ir kit\u0173, ma\u017e\u0173 \u0161eim\u0173 versl\u0173, rank\u0173 darbo, dovan\u0173 sau ir artimiesiems.\",\"publisher\":{\"@id\":\"https:\/\/skaitytaknyga.lt\/#organization\"},\"potentialAction\":[{\"@type\":\"SearchAction\",\"target\":{\"@type\":\"EntryPoint\",\"urlTemplate\":\"https:\/\/skaitytaknyga.lt\/?s={search_term_string}\"},\"query-input\":{\"@type\":\"PropertyValueSpecification\",\"valueRequired\":true,\"valueName\":\"search_term_string\"}}],\"inLanguage\":\"en-GB\"},{\"@type\":\"Organization\",\"@id\":\"https:\/\/skaitytaknyga.lt\/#organization\",\"name\":\"skaitytaknyga.lt\",\"url\":\"https:\/\/skaitytaknyga.lt\/\",\"logo\":{\"@type\":\"ImageObject\",\"inLanguage\":\"en-GB\",\"@id\":\"https:\/\/skaitytaknyga.lt\/#\/schema\/logo\/image\/\",\"url\":\"https:\/\/skaitytaknyga.lt\/wp-content\/uploads\/2024\/05\/cropped-cropped-cropped-02_00843_jt3bggkj1j3HLc7SyY6rEUpg.jpeg\",\"contentUrl\":\"https:\/\/skaitytaknyga.lt\/wp-content\/uploads\/2024\/05\/cropped-cropped-cropped-02_00843_jt3bggkj1j3HLc7SyY6rEUpg.jpeg\",\"width\":1600,\"height\":1600,\"caption\":\"skaitytaknyga.lt\"},\"image\":{\"@id\":\"https:\/\/skaitytaknyga.lt\/#\/schema\/logo\/image\/\"},\"sameAs\":[\"https:\/\/www.facebook.com\/skaitytaknyga\/\"]}]}<\/script>\n<!-- \/ Yoast SEO plugin. -->","yoast_head_json":{"title":"Slaptos sovietin\u0117s NSO bylos","description":"Pati Rusija yra kaip labirintas: pilna paslap\u010di\u0173, m\u012fsli\u0173 ir sl\u0117pini\u0173. NSO skland\u0117 vir\u0161 jos dar istorijos au\u0161roje. Per kruviniausi\u0105 Rusijos istorijos","robots":{"index":"index","follow":"follow","max-snippet":"max-snippet:-1","max-image-preview":"max-image-preview:large","max-video-preview":"max-video-preview:-1"},"canonical":"https:\/\/skaitytaknyga.lt\/en\/produktas\/slaptos-sovietines-nso-bylos\/","og_locale":"en_GB","og_type":"article","og_title":"[:lt]Slaptos sovietin\u0117s NSO bylos[:] - Skaitytaknyga","og_description":"Pati Rusija yra kaip labirintas: pilna paslap\u010di\u0173, m\u012fsli\u0173 ir sl\u0117pini\u0173. NSO skland\u0117 vir\u0161 jos dar istorijos au\u0161roje. Per kruviniausi\u0105 Rusijos istorijos","og_url":"https:\/\/skaitytaknyga.lt\/en\/produktas\/slaptos-sovietines-nso-bylos\/","og_site_name":"Skaitytaknyga","article_publisher":"https:\/\/www.facebook.com\/skaitytaknyga\/","article_modified_time":"2026-03-18T13:02:38+00:00","og_image":[{"width":581,"height":800,"url":"https:\/\/skaitytaknyga.lt\/wp-content\/uploads\/2024\/11\/Slaptos-sovietines-NSO-bylos.webp","type":"image\/webp"}],"twitter_card":"summary_large_image","twitter_misc":{"Estimated reading time":"1 minute"},"schema":{"@context":"https:\/\/schema.org","@graph":[{"@type":"WebPage","@id":"https:\/\/skaitytaknyga.lt\/produktas\/slaptos-sovietines-nso-bylos\/","url":"https:\/\/skaitytaknyga.lt\/produktas\/slaptos-sovietines-nso-bylos\/","name":"Slaptos sovietin\u0117s NSO bylos","isPartOf":{"@id":"https:\/\/skaitytaknyga.lt\/#website"},"primaryImageOfPage":{"@id":"https:\/\/skaitytaknyga.lt\/produktas\/slaptos-sovietines-nso-bylos\/#primaryimage"},"image":{"@id":"https:\/\/skaitytaknyga.lt\/produktas\/slaptos-sovietines-nso-bylos\/#primaryimage"},"thumbnailUrl":"https:\/\/skaitytaknyga.lt\/wp-content\/uploads\/2024\/11\/Slaptos-sovietines-NSO-bylos.webp","datePublished":"2024-11-23T11:02:55+00:00","dateModified":"2026-03-18T13:02:38+00:00","description":"Pati Rusija yra kaip labirintas: pilna paslap\u010di\u0173, m\u012fsli\u0173 ir sl\u0117pini\u0173. NSO skland\u0117 vir\u0161 jos dar istorijos au\u0161roje. Per kruviniausi\u0105 Rusijos istorijos","breadcrumb":{"@id":"https:\/\/skaitytaknyga.lt\/produktas\/slaptos-sovietines-nso-bylos\/#breadcrumb"},"inLanguage":"en-GB","potentialAction":[{"@type":"ReadAction","target":["https:\/\/skaitytaknyga.lt\/produktas\/slaptos-sovietines-nso-bylos\/"]}]},{"@type":"ImageObject","inLanguage":"en-GB","@id":"https:\/\/skaitytaknyga.lt\/produktas\/slaptos-sovietines-nso-bylos\/#primaryimage","url":"https:\/\/skaitytaknyga.lt\/wp-content\/uploads\/2024\/11\/Slaptos-sovietines-NSO-bylos.webp","contentUrl":"https:\/\/skaitytaknyga.lt\/wp-content\/uploads\/2024\/11\/Slaptos-sovietines-NSO-bylos.webp","width":581,"height":800,"caption":"Slaptos sovietin\u0117s NSO bylos"},{"@type":"BreadcrumbList","@id":"https:\/\/skaitytaknyga.lt\/produktas\/slaptos-sovietines-nso-bylos\/#breadcrumb","itemListElement":[{"@type":"ListItem","position":1,"name":"Home","item":"https:\/\/skaitytaknyga.lt\/"},{"@type":"ListItem","position":2,"name":"Parduotuv\u0117","item":"https:\/\/skaitytaknyga.lt\/knygu-parduotuve\/"},{"@type":"ListItem","position":3,"name":"Slaptos sovietin\u0117s NSO bylos"}]},{"@type":"WebSite","@id":"https:\/\/skaitytaknyga.lt\/#website","url":"https:\/\/skaitytaknyga.lt\/","name":"skaitytaknyga.lt","description":"Skaitytaknyga.lt \u2013 tai ma\u017eas \u0161eimos verslas, kuris prasid\u0117jo nuo meil\u0117s knygoms ir siekio i\u0161gelb\u0117ti knygas nuo likimo prie konteinerio. Kas vienam nereikalingas daiktas \u2013 kitam lobis, o mes esame tarpininkai, kurie padeda abiems tapti laimingesniems ???? \u017dinome kaip nelengva i\u0161gyventi ma\u017eiems verslams, tad nuo \u0161iol, \u010dia rasite ir kit\u0173, ma\u017e\u0173 \u0161eim\u0173 versl\u0173, rank\u0173 darbo, dovan\u0173 sau ir artimiesiems.","publisher":{"@id":"https:\/\/skaitytaknyga.lt\/#organization"},"potentialAction":[{"@type":"SearchAction","target":{"@type":"EntryPoint","urlTemplate":"https:\/\/skaitytaknyga.lt\/?s={search_term_string}"},"query-input":{"@type":"PropertyValueSpecification","valueRequired":true,"valueName":"search_term_string"}}],"inLanguage":"en-GB"},{"@type":"Organization","@id":"https:\/\/skaitytaknyga.lt\/#organization","name":"skaitytaknyga.lt","url":"https:\/\/skaitytaknyga.lt\/","logo":{"@type":"ImageObject","inLanguage":"en-GB","@id":"https:\/\/skaitytaknyga.lt\/#\/schema\/logo\/image\/","url":"https:\/\/skaitytaknyga.lt\/wp-content\/uploads\/2024\/05\/cropped-cropped-cropped-02_00843_jt3bggkj1j3HLc7SyY6rEUpg.jpeg","contentUrl":"https:\/\/skaitytaknyga.lt\/wp-content\/uploads\/2024\/05\/cropped-cropped-cropped-02_00843_jt3bggkj1j3HLc7SyY6rEUpg.jpeg","width":1600,"height":1600,"caption":"skaitytaknyga.lt"},"image":{"@id":"https:\/\/skaitytaknyga.lt\/#\/schema\/logo\/image\/"},"sameAs":["https:\/\/www.facebook.com\/skaitytaknyga\/"]}]}},"_links":{"self":[{"href":"https:\/\/skaitytaknyga.lt\/en\/wp-json\/wp\/v2\/product\/14783","targetHints":{"allow":["GET"]}}],"collection":[{"href":"https:\/\/skaitytaknyga.lt\/en\/wp-json\/wp\/v2\/product"}],"about":[{"href":"https:\/\/skaitytaknyga.lt\/en\/wp-json\/wp\/v2\/types\/product"}],"replies":[{"embeddable":true,"href":"https:\/\/skaitytaknyga.lt\/en\/wp-json\/wp\/v2\/comments?post=14783"}],"wp:featuredmedia":[{"embeddable":true,"href":"https:\/\/skaitytaknyga.lt\/en\/wp-json\/wp\/v2\/media\/14845"}],"wp:attachment":[{"href":"https:\/\/skaitytaknyga.lt\/en\/wp-json\/wp\/v2\/media?parent=14783"}],"wp:term":[{"taxonomy":"product_brand","embeddable":true,"href":"https:\/\/skaitytaknyga.lt\/en\/wp-json\/wp\/v2\/product_brand?post=14783"},{"taxonomy":"product_cat","embeddable":true,"href":"https:\/\/skaitytaknyga.lt\/en\/wp-json\/wp\/v2\/product_cat?post=14783"},{"taxonomy":"product_tag","embeddable":true,"href":"https:\/\/skaitytaknyga.lt\/en\/wp-json\/wp\/v2\/product_tag?post=14783"}],"curies":[{"name":"wp","href":"https:\/\/api.w.org\/{rel}","templated":true}]}}