{"id":14782,"date":"2024-11-23T13:02:54","date_gmt":"2024-11-23T11:02:54","guid":{"rendered":"https:\/\/skaitytaknyga.lt\/?post_type=product&#038;p=14782"},"modified":"2026-03-18T14:59:52","modified_gmt":"2026-03-18T12:59:52","slug":"aukstaitijos-partizanu-prisiminimai-ii-dalis-1-knyga","status":"publish","type":"product","link":"https:\/\/skaitytaknyga.lt\/en\/produktas\/aukstaitijos-partizanu-prisiminimai-ii-dalis-1-knyga\/","title":{"rendered":"Auk\u0161taitijos partizan\u0173 prisiminimai II dalis 1 knyga"},"content":{"rendered":"<p>Lietuvos partizan\u0173 \u201eVy\u010dio\u201c apygardos prisiminimai (Panev\u0117\u017eio, K\u0117daini\u0173, Ukmerg\u0117s rajonai). Knyga gausiai iliustruota nuotraukomis.<\/p>\n<ul class=\"about-product d-none d-xl-block mt-4\">\n<li><strong>Autorius:<\/strong>\u00a0Romas Kaunietis<\/li>\n<li><strong>Leid\u0117jas:<\/strong>\u00a0Vaga<\/li>\n<li><strong>Metai:<\/strong>\u00a01998<\/li>\n<li><strong>Puslapiai:<\/strong>\u00a0720<\/li>\n<li class=\"toggleable type-new-formats \"><strong>ISBN:<\/strong>\u00a05415013385<\/li>\n<li class=\"toggleable type-new-formats \"><strong>Formatas:<\/strong>\u00a013 x 20,5 cm, kieti vir\u0161eliai<\/li>\n<li><strong>Kalba:<\/strong>\u00a0Lietuvi\u0173<\/li>\n<\/ul>\n","protected":false},"excerpt":{"rendered":"<p>Lietuvos partizan\u0173 \u201eVy\u010dio\u201c apygardos prisiminimai (Panev\u0117\u017eio, K\u0117daini\u0173, Ukmerg\u0117s rajonai). Knyga gausiai iliustruota nuotraukomis. Autorius:\u00a0Romas Kaunietis Leid\u0117jas:\u00a0Vaga Metai:\u00a01998 Puslapiai:\u00a0720 ISBN:\u00a05415013385 Formatas:\u00a013 x 20,5 cm, kieti vir\u0161eliai Kalba:\u00a0Lietuvi\u0173<\/p>\n","protected":false},"featured_media":14846,"comment_status":"open","ping_status":"closed","template":"","meta":{"_acf_changed":false,"site-sidebar-layout":"default","site-content-layout":"","ast-site-content-layout":"default","site-content-style":"default","site-sidebar-style":"default","ast-global-header-display":"","ast-banner-title-visibility":"","ast-main-header-display":"","ast-hfb-above-header-display":"","ast-hfb-below-header-display":"","ast-hfb-mobile-header-display":"","site-post-title":"","ast-breadcrumbs-content":"","ast-featured-img":"","footer-sml-layout":"","ast-disable-related-posts":"","theme-transparent-header-meta":"default","adv-header-id-meta":"","stick-header-meta":"","header-above-stick-meta":"","header-main-stick-meta":"","header-below-stick-meta":"","astra-migrate-meta-layouts":"set","ast-page-background-enabled":"default","ast-page-background-meta":{"desktop":{"background-color":"","background-image":"","background-repeat":"repeat","background-position":"center center","background-size":"auto","background-attachment":"scroll","background-type":"","background-media":"","overlay-type":"","overlay-color":"","overlay-opacity":"","overlay-gradient":""},"tablet":{"background-color":"","background-image":"","background-repeat":"repeat","background-position":"center center","background-size":"auto","background-attachment":"scroll","background-type":"","background-media":"","overlay-type":"","overlay-color":"","overlay-opacity":"","overlay-gradient":""},"mobile":{"background-color":"","background-image":"","background-repeat":"repeat","background-position":"center center","background-size":"auto","background-attachment":"scroll","background-type":"","background-media":"","overlay-type":"","overlay-color":"","overlay-opacity":"","overlay-gradient":""}},"ast-content-background-meta":{"desktop":{"background-color":"var(--ast-global-color-4)","background-image":"","background-repeat":"repeat","background-position":"center center","background-size":"auto","background-attachment":"scroll","background-type":"","background-media":"","overlay-type":"","overlay-color":"","overlay-opacity":"","overlay-gradient":""},"tablet":{"background-color":"var(--ast-global-color-4)","background-image":"","background-repeat":"repeat","background-position":"center center","background-size":"auto","background-attachment":"scroll","background-type":"","background-media":"","overlay-type":"","overlay-color":"","overlay-opacity":"","overlay-gradient":""},"mobile":{"background-color":"var(--ast-global-color-4)","background-image":"","background-repeat":"repeat","background-position":"center center","background-size":"auto","background-attachment":"scroll","background-type":"","background-media":"","overlay-type":"","overlay-color":"","overlay-opacity":"","overlay-gradient":""}}},"product_brand":[],"product_cat":[9862,174,15],"product_tag":[1349,2451,2228,2225,2441],"class_list":{"0":"post-14782","1":"product","2":"type-product","3":"status-publish","4":"has-post-thumbnail","6":"product_cat-lietuvos-istorija","7":"product_cat-istorija-ir-politologija","8":"product_cat-uncategorized","9":"product_tag-atsiminimai","10":"product_tag-aukstaitija","11":"product_tag-lietuvos-istorija","12":"product_tag-partizanai","13":"product_tag-rezistencija","14":"desktop-align-left","15":"tablet-align-left","16":"mobile-align-left","18":"first","19":"outofstock","20":"shipping-taxable","21":"purchasable","22":"product-type-simple"},"acf":[],"yoast_head":"<!-- This site is optimized with the Yoast SEO plugin v27.0 - https:\/\/yoast.com\/product\/yoast-seo-wordpress\/ -->\n<title>Auk\u0161taitijos partizan\u0173 prisiminimai II dalis 1 knyga<\/title>\n<meta name=\"description\" content=\"Lietuvos partizan\u0173 \u201eVy\u010dio\u201c apygardos prisiminimai (Panev\u0117\u017eio, K\u0117daini\u0173, Ukmerg\u0117s rajonai). Knyga gausiai iliustruota nuotraukomis. Autorius:\u00a0Romas\" \/>\n<meta name=\"robots\" content=\"index, follow, max-snippet:-1, max-image-preview:large, max-video-preview:-1\" \/>\n<link rel=\"canonical\" href=\"https:\/\/skaitytaknyga.lt\/en\/produktas\/aukstaitijos-partizanu-prisiminimai-ii-dalis-1-knyga\/\" \/>\n<meta property=\"og:locale\" content=\"en_GB\" \/>\n<meta property=\"og:locale:alternate\" content=\"lt_LT\" \/>\n<meta property=\"og:type\" content=\"article\" \/>\n<meta property=\"og:title\" content=\"Auk\u0161taitijos partizan\u0173 prisiminimai II dalis 1 knyga\" \/>\n<meta property=\"og:description\" content=\"Lietuvos partizan\u0173 \u201eVy\u010dio\u201c apygardos prisiminimai (Panev\u0117\u017eio, K\u0117daini\u0173, Ukmerg\u0117s rajonai). Knyga gausiai iliustruota nuotraukomis. Autorius:\u00a0Romas\" \/>\n<meta property=\"og:url\" content=\"https:\/\/skaitytaknyga.lt\/en\/produktas\/aukstaitijos-partizanu-prisiminimai-ii-dalis-1-knyga\/\" \/>\n<meta property=\"og:site_name\" content=\"Skaitytaknyga\" \/>\n<meta property=\"article:publisher\" content=\"https:\/\/www.facebook.com\/skaitytaknyga\/\" \/>\n<meta property=\"article:modified_time\" content=\"2026-03-18T12:59:52+00:00\" \/>\n<meta property=\"og:image\" content=\"https:\/\/skaitytaknyga.lt\/wp-content\/uploads\/2024\/11\/Aukstaitijos-partizanu-prisiminimai-II-dalis-1-knyga.webp\" \/>\n\t<meta property=\"og:image:width\" content=\"505\" \/>\n\t<meta property=\"og:image:height\" content=\"799\" \/>\n\t<meta property=\"og:image:type\" content=\"image\/webp\" \/>\n<meta name=\"twitter:card\" content=\"summary_large_image\" \/>\n<meta name=\"twitter:label1\" content=\"Estimated reading time\" \/>\n\t<meta name=\"twitter:data1\" content=\"1 minute\" \/>\n<script type=\"application\/ld+json\" class=\"yoast-schema-graph\">{\"@context\":\"https:\/\/schema.org\",\"@graph\":[{\"@type\":\"WebPage\",\"@id\":\"https:\/\/skaitytaknyga.lt\/produktas\/aukstaitijos-partizanu-prisiminimai-ii-dalis-1-knyga\/\",\"url\":\"https:\/\/skaitytaknyga.lt\/produktas\/aukstaitijos-partizanu-prisiminimai-ii-dalis-1-knyga\/\",\"name\":\"Auk\u0161taitijos partizan\u0173 prisiminimai II dalis 1 knyga\",\"isPartOf\":{\"@id\":\"https:\/\/skaitytaknyga.lt\/#website\"},\"primaryImageOfPage\":{\"@id\":\"https:\/\/skaitytaknyga.lt\/produktas\/aukstaitijos-partizanu-prisiminimai-ii-dalis-1-knyga\/#primaryimage\"},\"image\":{\"@id\":\"https:\/\/skaitytaknyga.lt\/produktas\/aukstaitijos-partizanu-prisiminimai-ii-dalis-1-knyga\/#primaryimage\"},\"thumbnailUrl\":\"https:\/\/skaitytaknyga.lt\/wp-content\/uploads\/2024\/11\/Aukstaitijos-partizanu-prisiminimai-II-dalis-1-knyga.webp\",\"datePublished\":\"2024-11-23T11:02:54+00:00\",\"dateModified\":\"2026-03-18T12:59:52+00:00\",\"description\":\"Lietuvos partizan\u0173 \u201eVy\u010dio\u201c apygardos prisiminimai (Panev\u0117\u017eio, K\u0117daini\u0173, Ukmerg\u0117s rajonai). Knyga gausiai iliustruota nuotraukomis. Autorius:\u00a0Romas\",\"breadcrumb\":{\"@id\":\"https:\/\/skaitytaknyga.lt\/produktas\/aukstaitijos-partizanu-prisiminimai-ii-dalis-1-knyga\/#breadcrumb\"},\"inLanguage\":\"en-GB\",\"potentialAction\":[{\"@type\":\"ReadAction\",\"target\":[\"https:\/\/skaitytaknyga.lt\/produktas\/aukstaitijos-partizanu-prisiminimai-ii-dalis-1-knyga\/\"]}]},{\"@type\":\"ImageObject\",\"inLanguage\":\"en-GB\",\"@id\":\"https:\/\/skaitytaknyga.lt\/produktas\/aukstaitijos-partizanu-prisiminimai-ii-dalis-1-knyga\/#primaryimage\",\"url\":\"https:\/\/skaitytaknyga.lt\/wp-content\/uploads\/2024\/11\/Aukstaitijos-partizanu-prisiminimai-II-dalis-1-knyga.webp\",\"contentUrl\":\"https:\/\/skaitytaknyga.lt\/wp-content\/uploads\/2024\/11\/Aukstaitijos-partizanu-prisiminimai-II-dalis-1-knyga.webp\",\"width\":505,\"height\":799,\"caption\":\"Auk\u0161taitijos partizan\u0173 prisiminimai II dalis 1 knyga\"},{\"@type\":\"BreadcrumbList\",\"@id\":\"https:\/\/skaitytaknyga.lt\/produktas\/aukstaitijos-partizanu-prisiminimai-ii-dalis-1-knyga\/#breadcrumb\",\"itemListElement\":[{\"@type\":\"ListItem\",\"position\":1,\"name\":\"Home\",\"item\":\"https:\/\/skaitytaknyga.lt\/\"},{\"@type\":\"ListItem\",\"position\":2,\"name\":\"Parduotuv\u0117\",\"item\":\"https:\/\/skaitytaknyga.lt\/knygu-parduotuve\/\"},{\"@type\":\"ListItem\",\"position\":3,\"name\":\"Auk\u0161taitijos partizan\u0173 prisiminimai II dalis 1 knyga\"}]},{\"@type\":\"WebSite\",\"@id\":\"https:\/\/skaitytaknyga.lt\/#website\",\"url\":\"https:\/\/skaitytaknyga.lt\/\",\"name\":\"skaitytaknyga.lt\",\"description\":\"Skaitytaknyga.lt \u2013 tai ma\u017eas \u0161eimos verslas, kuris prasid\u0117jo nuo meil\u0117s knygoms ir siekio i\u0161gelb\u0117ti knygas nuo likimo prie konteinerio. Kas vienam nereikalingas daiktas \u2013 kitam lobis, o mes esame tarpininkai, kurie padeda abiems tapti laimingesniems ???? \u017dinome kaip nelengva i\u0161gyventi ma\u017eiems verslams, tad nuo \u0161iol, \u010dia rasite ir kit\u0173, ma\u017e\u0173 \u0161eim\u0173 versl\u0173, rank\u0173 darbo, dovan\u0173 sau ir artimiesiems.\",\"publisher\":{\"@id\":\"https:\/\/skaitytaknyga.lt\/#organization\"},\"potentialAction\":[{\"@type\":\"SearchAction\",\"target\":{\"@type\":\"EntryPoint\",\"urlTemplate\":\"https:\/\/skaitytaknyga.lt\/?s={search_term_string}\"},\"query-input\":{\"@type\":\"PropertyValueSpecification\",\"valueRequired\":true,\"valueName\":\"search_term_string\"}}],\"inLanguage\":\"en-GB\"},{\"@type\":\"Organization\",\"@id\":\"https:\/\/skaitytaknyga.lt\/#organization\",\"name\":\"skaitytaknyga.lt\",\"url\":\"https:\/\/skaitytaknyga.lt\/\",\"logo\":{\"@type\":\"ImageObject\",\"inLanguage\":\"en-GB\",\"@id\":\"https:\/\/skaitytaknyga.lt\/#\/schema\/logo\/image\/\",\"url\":\"https:\/\/skaitytaknyga.lt\/wp-content\/uploads\/2024\/05\/cropped-cropped-cropped-02_00843_jt3bggkj1j3HLc7SyY6rEUpg.jpeg\",\"contentUrl\":\"https:\/\/skaitytaknyga.lt\/wp-content\/uploads\/2024\/05\/cropped-cropped-cropped-02_00843_jt3bggkj1j3HLc7SyY6rEUpg.jpeg\",\"width\":1600,\"height\":1600,\"caption\":\"skaitytaknyga.lt\"},\"image\":{\"@id\":\"https:\/\/skaitytaknyga.lt\/#\/schema\/logo\/image\/\"},\"sameAs\":[\"https:\/\/www.facebook.com\/skaitytaknyga\/\"]}]}<\/script>\n<!-- \/ Yoast SEO plugin. -->","yoast_head_json":{"title":"Auk\u0161taitijos partizan\u0173 prisiminimai II dalis 1 knyga","description":"Lietuvos partizan\u0173 \u201eVy\u010dio\u201c apygardos prisiminimai (Panev\u0117\u017eio, K\u0117daini\u0173, Ukmerg\u0117s rajonai). Knyga gausiai iliustruota nuotraukomis. Autorius:\u00a0Romas","robots":{"index":"index","follow":"follow","max-snippet":"max-snippet:-1","max-image-preview":"max-image-preview:large","max-video-preview":"max-video-preview:-1"},"canonical":"https:\/\/skaitytaknyga.lt\/en\/produktas\/aukstaitijos-partizanu-prisiminimai-ii-dalis-1-knyga\/","og_locale":"en_GB","og_type":"article","og_title":"[:lt]Auk\u0161taitijos partizan\u0173 prisiminimai II dalis 1 knyga[:] - Skaitytaknyga","og_description":"Lietuvos partizan\u0173 \u201eVy\u010dio\u201c apygardos prisiminimai (Panev\u0117\u017eio, K\u0117daini\u0173, Ukmerg\u0117s rajonai). Knyga gausiai iliustruota nuotraukomis. Autorius:\u00a0Romas","og_url":"https:\/\/skaitytaknyga.lt\/en\/produktas\/aukstaitijos-partizanu-prisiminimai-ii-dalis-1-knyga\/","og_site_name":"Skaitytaknyga","article_publisher":"https:\/\/www.facebook.com\/skaitytaknyga\/","article_modified_time":"2026-03-18T12:59:52+00:00","og_image":[{"width":505,"height":799,"url":"https:\/\/skaitytaknyga.lt\/wp-content\/uploads\/2024\/11\/Aukstaitijos-partizanu-prisiminimai-II-dalis-1-knyga.webp","type":"image\/webp"}],"twitter_card":"summary_large_image","twitter_misc":{"Estimated reading time":"1 minute"},"schema":{"@context":"https:\/\/schema.org","@graph":[{"@type":"WebPage","@id":"https:\/\/skaitytaknyga.lt\/produktas\/aukstaitijos-partizanu-prisiminimai-ii-dalis-1-knyga\/","url":"https:\/\/skaitytaknyga.lt\/produktas\/aukstaitijos-partizanu-prisiminimai-ii-dalis-1-knyga\/","name":"Auk\u0161taitijos partizan\u0173 prisiminimai II dalis 1 knyga","isPartOf":{"@id":"https:\/\/skaitytaknyga.lt\/#website"},"primaryImageOfPage":{"@id":"https:\/\/skaitytaknyga.lt\/produktas\/aukstaitijos-partizanu-prisiminimai-ii-dalis-1-knyga\/#primaryimage"},"image":{"@id":"https:\/\/skaitytaknyga.lt\/produktas\/aukstaitijos-partizanu-prisiminimai-ii-dalis-1-knyga\/#primaryimage"},"thumbnailUrl":"https:\/\/skaitytaknyga.lt\/wp-content\/uploads\/2024\/11\/Aukstaitijos-partizanu-prisiminimai-II-dalis-1-knyga.webp","datePublished":"2024-11-23T11:02:54+00:00","dateModified":"2026-03-18T12:59:52+00:00","description":"Lietuvos partizan\u0173 \u201eVy\u010dio\u201c apygardos prisiminimai (Panev\u0117\u017eio, K\u0117daini\u0173, Ukmerg\u0117s rajonai). Knyga gausiai iliustruota nuotraukomis. Autorius:\u00a0Romas","breadcrumb":{"@id":"https:\/\/skaitytaknyga.lt\/produktas\/aukstaitijos-partizanu-prisiminimai-ii-dalis-1-knyga\/#breadcrumb"},"inLanguage":"en-GB","potentialAction":[{"@type":"ReadAction","target":["https:\/\/skaitytaknyga.lt\/produktas\/aukstaitijos-partizanu-prisiminimai-ii-dalis-1-knyga\/"]}]},{"@type":"ImageObject","inLanguage":"en-GB","@id":"https:\/\/skaitytaknyga.lt\/produktas\/aukstaitijos-partizanu-prisiminimai-ii-dalis-1-knyga\/#primaryimage","url":"https:\/\/skaitytaknyga.lt\/wp-content\/uploads\/2024\/11\/Aukstaitijos-partizanu-prisiminimai-II-dalis-1-knyga.webp","contentUrl":"https:\/\/skaitytaknyga.lt\/wp-content\/uploads\/2024\/11\/Aukstaitijos-partizanu-prisiminimai-II-dalis-1-knyga.webp","width":505,"height":799,"caption":"Auk\u0161taitijos partizan\u0173 prisiminimai II dalis 1 knyga"},{"@type":"BreadcrumbList","@id":"https:\/\/skaitytaknyga.lt\/produktas\/aukstaitijos-partizanu-prisiminimai-ii-dalis-1-knyga\/#breadcrumb","itemListElement":[{"@type":"ListItem","position":1,"name":"Home","item":"https:\/\/skaitytaknyga.lt\/"},{"@type":"ListItem","position":2,"name":"Parduotuv\u0117","item":"https:\/\/skaitytaknyga.lt\/knygu-parduotuve\/"},{"@type":"ListItem","position":3,"name":"Auk\u0161taitijos partizan\u0173 prisiminimai II dalis 1 knyga"}]},{"@type":"WebSite","@id":"https:\/\/skaitytaknyga.lt\/#website","url":"https:\/\/skaitytaknyga.lt\/","name":"skaitytaknyga.lt","description":"Skaitytaknyga.lt \u2013 tai ma\u017eas \u0161eimos verslas, kuris prasid\u0117jo nuo meil\u0117s knygoms ir siekio i\u0161gelb\u0117ti knygas nuo likimo prie konteinerio. Kas vienam nereikalingas daiktas \u2013 kitam lobis, o mes esame tarpininkai, kurie padeda abiems tapti laimingesniems ???? \u017dinome kaip nelengva i\u0161gyventi ma\u017eiems verslams, tad nuo \u0161iol, \u010dia rasite ir kit\u0173, ma\u017e\u0173 \u0161eim\u0173 versl\u0173, rank\u0173 darbo, dovan\u0173 sau ir artimiesiems.","publisher":{"@id":"https:\/\/skaitytaknyga.lt\/#organization"},"potentialAction":[{"@type":"SearchAction","target":{"@type":"EntryPoint","urlTemplate":"https:\/\/skaitytaknyga.lt\/?s={search_term_string}"},"query-input":{"@type":"PropertyValueSpecification","valueRequired":true,"valueName":"search_term_string"}}],"inLanguage":"en-GB"},{"@type":"Organization","@id":"https:\/\/skaitytaknyga.lt\/#organization","name":"skaitytaknyga.lt","url":"https:\/\/skaitytaknyga.lt\/","logo":{"@type":"ImageObject","inLanguage":"en-GB","@id":"https:\/\/skaitytaknyga.lt\/#\/schema\/logo\/image\/","url":"https:\/\/skaitytaknyga.lt\/wp-content\/uploads\/2024\/05\/cropped-cropped-cropped-02_00843_jt3bggkj1j3HLc7SyY6rEUpg.jpeg","contentUrl":"https:\/\/skaitytaknyga.lt\/wp-content\/uploads\/2024\/05\/cropped-cropped-cropped-02_00843_jt3bggkj1j3HLc7SyY6rEUpg.jpeg","width":1600,"height":1600,"caption":"skaitytaknyga.lt"},"image":{"@id":"https:\/\/skaitytaknyga.lt\/#\/schema\/logo\/image\/"},"sameAs":["https:\/\/www.facebook.com\/skaitytaknyga\/"]}]}},"_links":{"self":[{"href":"https:\/\/skaitytaknyga.lt\/en\/wp-json\/wp\/v2\/product\/14782","targetHints":{"allow":["GET"]}}],"collection":[{"href":"https:\/\/skaitytaknyga.lt\/en\/wp-json\/wp\/v2\/product"}],"about":[{"href":"https:\/\/skaitytaknyga.lt\/en\/wp-json\/wp\/v2\/types\/product"}],"replies":[{"embeddable":true,"href":"https:\/\/skaitytaknyga.lt\/en\/wp-json\/wp\/v2\/comments?post=14782"}],"wp:featuredmedia":[{"embeddable":true,"href":"https:\/\/skaitytaknyga.lt\/en\/wp-json\/wp\/v2\/media\/14846"}],"wp:attachment":[{"href":"https:\/\/skaitytaknyga.lt\/en\/wp-json\/wp\/v2\/media?parent=14782"}],"wp:term":[{"taxonomy":"product_brand","embeddable":true,"href":"https:\/\/skaitytaknyga.lt\/en\/wp-json\/wp\/v2\/product_brand?post=14782"},{"taxonomy":"product_cat","embeddable":true,"href":"https:\/\/skaitytaknyga.lt\/en\/wp-json\/wp\/v2\/product_cat?post=14782"},{"taxonomy":"product_tag","embeddable":true,"href":"https:\/\/skaitytaknyga.lt\/en\/wp-json\/wp\/v2\/product_tag?post=14782"}],"curies":[{"name":"wp","href":"https:\/\/api.w.org\/{rel}","templated":true}]}}