{"id":14761,"date":"2024-11-22T14:10:39","date_gmt":"2024-11-22T12:10:39","guid":{"rendered":"https:\/\/skaitytaknyga.lt\/?post_type=product&#038;p=14761"},"modified":"2025-01-11T13:55:14","modified_gmt":"2025-01-11T11:55:14","slug":"dendrologija-isoreje-yra-demeliu-ir-patamsejimu-nuo-vartymo","status":"publish","type":"product","link":"https:\/\/skaitytaknyga.lt\/en\/produktas\/dendrologija-isoreje-yra-demeliu-ir-patamsejimu-nuo-vartymo\/","title":{"rendered":"Dendrologija (i\u0161or\u0117je yra d\u0117m\u0117li\u0173 ir patams\u0117jim\u0173 nuo vartymo)"},"content":{"rendered":"<p>Tai \u017eymaus Lietuvos med\u017ei\u0173 \u017einovo profesoriaus Mindaugo Navasai\u010dio parengtas i\u0161samus vadov\u0117lis apie visas Lietuvoje augan\u010dias med\u017ei\u0173 r\u016b\u0161is, j\u0173 morfologin\u0119 sandar\u0105 ir vystymosi ypatumus.<\/p>\n<p>Vadov\u0117lis pirmiausia skiriamas Lietuvos \u017d\u016a universiteto Mi\u0161k\u0173 fakulteto studentams ir mi\u0161kininkams. Jis pravers ir kit\u0173 auk\u0161t\u0173j\u0173 mokykl\u0173 bei kolegij\u0173 studentams bei sodininkams.<\/p>\n<ul class=\"about-product d-none d-xl-block mt-4\">\n<li><strong>Autorius:<\/strong>\u00a0Mindaugas Navasaitis<\/li>\n<li><strong>Leid\u0117jas:<\/strong>\u00a0Margi ra\u0161tai<\/li>\n<li><strong>Metai:<\/strong>\u00a02004<\/li>\n<li><strong>Puslapiai:<\/strong>\u00a0856<\/li>\n<li class=\"toggleable type-new-formats \"><strong>ISBN:<\/strong>\u00a09789986092865<\/li>\n<li class=\"toggleable type-new-formats \"><strong>Formatas:<\/strong>\u00a017,5 x 24,5 x 5,5 cm, kieti vir\u0161eliai<\/li>\n<li><strong>Kalba:<\/strong>\u00a0Lietuvi\u0173<\/li>\n<\/ul>\n","protected":false},"excerpt":{"rendered":"<p>Tai \u017eymaus Lietuvos med\u017ei\u0173 \u017einovo profesoriaus Mindaugo Navasai\u010dio parengtas i\u0161samus vadov\u0117lis apie visas Lietuvoje augan\u010dias med\u017ei\u0173 r\u016b\u0161is, j\u0173 morfologin\u0119 sandar\u0105 ir vystymosi ypatumus. Vadov\u0117lis pirmiausia skiriamas Lietuvos \u017d\u016a universiteto Mi\u0161k\u0173 fakulteto studentams ir mi\u0161kininkams. Jis pravers ir kit\u0173 auk\u0161t\u0173j\u0173 mokykl\u0173 bei kolegij\u0173 studentams bei sodininkams. Autorius:\u00a0Mindaugas Navasaitis Leid\u0117jas:\u00a0Margi ra\u0161tai Metai:\u00a02004 Puslapiai:\u00a0856 ISBN:\u00a09789986092865 Formatas:\u00a017,5 x 24,5 x 5,5 cm, kieti vir\u0161eliai Kalba:\u00a0Lietuvi\u0173<\/p>\n","protected":false},"featured_media":14766,"comment_status":"open","ping_status":"closed","template":"","meta":{"_acf_changed":false,"site-sidebar-layout":"default","site-content-layout":"","ast-site-content-layout":"default","site-content-style":"default","site-sidebar-style":"default","ast-global-header-display":"","ast-banner-title-visibility":"","ast-main-header-display":"","ast-hfb-above-header-display":"","ast-hfb-below-header-display":"","ast-hfb-mobile-header-display":"","site-post-title":"","ast-breadcrumbs-content":"","ast-featured-img":"","footer-sml-layout":"","ast-disable-related-posts":"","theme-transparent-header-meta":"default","adv-header-id-meta":"","stick-header-meta":"","header-above-stick-meta":"","header-main-stick-meta":"","header-below-stick-meta":"","astra-migrate-meta-layouts":"set","ast-page-background-enabled":"default","ast-page-background-meta":{"desktop":{"background-color":"","background-image":"","background-repeat":"repeat","background-position":"center center","background-size":"auto","background-attachment":"scroll","background-type":"","background-media":"","overlay-type":"","overlay-color":"","overlay-opacity":"","overlay-gradient":""},"tablet":{"background-color":"","background-image":"","background-repeat":"repeat","background-position":"center center","background-size":"auto","background-attachment":"scroll","background-type":"","background-media":"","overlay-type":"","overlay-color":"","overlay-opacity":"","overlay-gradient":""},"mobile":{"background-color":"","background-image":"","background-repeat":"repeat","background-position":"center center","background-size":"auto","background-attachment":"scroll","background-type":"","background-media":"","overlay-type":"","overlay-color":"","overlay-opacity":"","overlay-gradient":""}},"ast-content-background-meta":{"desktop":{"background-color":"var(--ast-global-color-4)","background-image":"","background-repeat":"repeat","background-position":"center center","background-size":"auto","background-attachment":"scroll","background-type":"","background-media":"","overlay-type":"","overlay-color":"","overlay-opacity":"","overlay-gradient":""},"tablet":{"background-color":"var(--ast-global-color-4)","background-image":"","background-repeat":"repeat","background-position":"center center","background-size":"auto","background-attachment":"scroll","background-type":"","background-media":"","overlay-type":"","overlay-color":"","overlay-opacity":"","overlay-gradient":""},"mobile":{"background-color":"var(--ast-global-color-4)","background-image":"","background-repeat":"repeat","background-position":"center center","background-size":"auto","background-attachment":"scroll","background-type":"","background-media":"","overlay-type":"","overlay-color":"","overlay-opacity":"","overlay-gradient":""}}},"product_brand":[],"product_cat":[269,15],"product_tag":[],"class_list":{"0":"post-14761","1":"product","2":"type-product","3":"status-publish","4":"has-post-thumbnail","6":"product_cat-gamtos-mokslai","7":"product_cat-uncategorized","8":"desktop-align-left","9":"tablet-align-left","10":"mobile-align-left","12":"first","13":"outofstock","14":"shipping-taxable","15":"purchasable","16":"product-type-simple"},"acf":[],"yoast_head":"<!-- This site is optimized with the Yoast SEO plugin v27.0 - https:\/\/yoast.com\/product\/yoast-seo-wordpress\/ -->\n<title>Dendrologija (i\u0161or\u0117je yra d\u0117m\u0117li\u0173 ir patams\u0117jim\u0173 nuo vartymo)<\/title>\n<meta name=\"description\" content=\"Tai \u017eymaus Lietuvos med\u017ei\u0173 \u017einovo profesoriaus Mindaugo Navasai\u010dio parengtas i\u0161samus vadov\u0117lis apie visas Lietuvoje augan\u010dias med\u017ei\u0173 r\u016b\u0161is, j\u0173 morfologin\u0119\" \/>\n<meta name=\"robots\" content=\"index, follow, max-snippet:-1, max-image-preview:large, max-video-preview:-1\" \/>\n<link rel=\"canonical\" href=\"https:\/\/skaitytaknyga.lt\/en\/produktas\/dendrologija-isoreje-yra-demeliu-ir-patamsejimu-nuo-vartymo\/\" \/>\n<meta property=\"og:locale\" content=\"en_GB\" \/>\n<meta property=\"og:locale:alternate\" content=\"lt_LT\" \/>\n<meta property=\"og:type\" content=\"article\" \/>\n<meta property=\"og:title\" content=\"Dendrologija (i\u0161or\u0117je yra d\u0117m\u0117li\u0173 ir patams\u0117jim\u0173 nuo vartymo)\" \/>\n<meta property=\"og:description\" content=\"Tai \u017eymaus Lietuvos med\u017ei\u0173 \u017einovo profesoriaus Mindaugo Navasai\u010dio parengtas i\u0161samus vadov\u0117lis apie visas Lietuvoje augan\u010dias med\u017ei\u0173 r\u016b\u0161is, j\u0173 morfologin\u0119\" \/>\n<meta property=\"og:url\" content=\"https:\/\/skaitytaknyga.lt\/en\/produktas\/dendrologija-isoreje-yra-demeliu-ir-patamsejimu-nuo-vartymo\/\" \/>\n<meta property=\"og:site_name\" content=\"Skaitytaknyga\" \/>\n<meta property=\"article:publisher\" content=\"https:\/\/www.facebook.com\/skaitytaknyga\/\" \/>\n<meta property=\"article:modified_time\" content=\"2025-01-11T11:55:14+00:00\" \/>\n<meta property=\"og:image\" content=\"https:\/\/skaitytaknyga.lt\/wp-content\/uploads\/2024\/11\/Dendrologija.webp\" \/>\n\t<meta property=\"og:image:width\" content=\"585\" \/>\n\t<meta property=\"og:image:height\" content=\"800\" \/>\n\t<meta property=\"og:image:type\" content=\"image\/webp\" \/>\n<meta name=\"twitter:card\" content=\"summary_large_image\" \/>\n<meta name=\"twitter:label1\" content=\"Estimated reading time\" \/>\n\t<meta name=\"twitter:data1\" content=\"1 minute\" \/>\n<script type=\"application\/ld+json\" class=\"yoast-schema-graph\">{\"@context\":\"https:\/\/schema.org\",\"@graph\":[{\"@type\":\"WebPage\",\"@id\":\"https:\/\/skaitytaknyga.lt\/produktas\/dendrologija-isoreje-yra-demeliu-ir-patamsejimu-nuo-vartymo\/\",\"url\":\"https:\/\/skaitytaknyga.lt\/produktas\/dendrologija-isoreje-yra-demeliu-ir-patamsejimu-nuo-vartymo\/\",\"name\":\"Dendrologija (i\u0161or\u0117je yra d\u0117m\u0117li\u0173 ir patams\u0117jim\u0173 nuo vartymo)\",\"isPartOf\":{\"@id\":\"https:\/\/skaitytaknyga.lt\/#website\"},\"primaryImageOfPage\":{\"@id\":\"https:\/\/skaitytaknyga.lt\/produktas\/dendrologija-isoreje-yra-demeliu-ir-patamsejimu-nuo-vartymo\/#primaryimage\"},\"image\":{\"@id\":\"https:\/\/skaitytaknyga.lt\/produktas\/dendrologija-isoreje-yra-demeliu-ir-patamsejimu-nuo-vartymo\/#primaryimage\"},\"thumbnailUrl\":\"https:\/\/skaitytaknyga.lt\/wp-content\/uploads\/2024\/11\/Dendrologija.webp\",\"datePublished\":\"2024-11-22T12:10:39+00:00\",\"dateModified\":\"2025-01-11T11:55:14+00:00\",\"description\":\"Tai \u017eymaus Lietuvos med\u017ei\u0173 \u017einovo profesoriaus Mindaugo Navasai\u010dio parengtas i\u0161samus vadov\u0117lis apie visas Lietuvoje augan\u010dias med\u017ei\u0173 r\u016b\u0161is, j\u0173 morfologin\u0119\",\"breadcrumb\":{\"@id\":\"https:\/\/skaitytaknyga.lt\/produktas\/dendrologija-isoreje-yra-demeliu-ir-patamsejimu-nuo-vartymo\/#breadcrumb\"},\"inLanguage\":\"en-GB\",\"potentialAction\":[{\"@type\":\"ReadAction\",\"target\":[\"https:\/\/skaitytaknyga.lt\/produktas\/dendrologija-isoreje-yra-demeliu-ir-patamsejimu-nuo-vartymo\/\"]}]},{\"@type\":\"ImageObject\",\"inLanguage\":\"en-GB\",\"@id\":\"https:\/\/skaitytaknyga.lt\/produktas\/dendrologija-isoreje-yra-demeliu-ir-patamsejimu-nuo-vartymo\/#primaryimage\",\"url\":\"https:\/\/skaitytaknyga.lt\/wp-content\/uploads\/2024\/11\/Dendrologija.webp\",\"contentUrl\":\"https:\/\/skaitytaknyga.lt\/wp-content\/uploads\/2024\/11\/Dendrologija.webp\",\"width\":585,\"height\":800,\"caption\":\"Dendrologija\"},{\"@type\":\"BreadcrumbList\",\"@id\":\"https:\/\/skaitytaknyga.lt\/produktas\/dendrologija-isoreje-yra-demeliu-ir-patamsejimu-nuo-vartymo\/#breadcrumb\",\"itemListElement\":[{\"@type\":\"ListItem\",\"position\":1,\"name\":\"Home\",\"item\":\"https:\/\/skaitytaknyga.lt\/\"},{\"@type\":\"ListItem\",\"position\":2,\"name\":\"Parduotuv\u0117\",\"item\":\"https:\/\/skaitytaknyga.lt\/knygu-parduotuve\/\"},{\"@type\":\"ListItem\",\"position\":3,\"name\":\"Dendrologija (i\u0161or\u0117je yra d\u0117m\u0117li\u0173 ir patams\u0117jim\u0173 nuo vartymo)\"}]},{\"@type\":\"WebSite\",\"@id\":\"https:\/\/skaitytaknyga.lt\/#website\",\"url\":\"https:\/\/skaitytaknyga.lt\/\",\"name\":\"skaitytaknyga.lt\",\"description\":\"Skaitytaknyga.lt \u2013 tai ma\u017eas \u0161eimos verslas, kuris prasid\u0117jo nuo meil\u0117s knygoms ir siekio i\u0161gelb\u0117ti knygas nuo likimo prie konteinerio. Kas vienam nereikalingas daiktas \u2013 kitam lobis, o mes esame tarpininkai, kurie padeda abiems tapti laimingesniems ???? \u017dinome kaip nelengva i\u0161gyventi ma\u017eiems verslams, tad nuo \u0161iol, \u010dia rasite ir kit\u0173, ma\u017e\u0173 \u0161eim\u0173 versl\u0173, rank\u0173 darbo, dovan\u0173 sau ir artimiesiems.\",\"publisher\":{\"@id\":\"https:\/\/skaitytaknyga.lt\/#organization\"},\"potentialAction\":[{\"@type\":\"SearchAction\",\"target\":{\"@type\":\"EntryPoint\",\"urlTemplate\":\"https:\/\/skaitytaknyga.lt\/?s={search_term_string}\"},\"query-input\":{\"@type\":\"PropertyValueSpecification\",\"valueRequired\":true,\"valueName\":\"search_term_string\"}}],\"inLanguage\":\"en-GB\"},{\"@type\":\"Organization\",\"@id\":\"https:\/\/skaitytaknyga.lt\/#organization\",\"name\":\"skaitytaknyga.lt\",\"url\":\"https:\/\/skaitytaknyga.lt\/\",\"logo\":{\"@type\":\"ImageObject\",\"inLanguage\":\"en-GB\",\"@id\":\"https:\/\/skaitytaknyga.lt\/#\/schema\/logo\/image\/\",\"url\":\"https:\/\/skaitytaknyga.lt\/wp-content\/uploads\/2024\/05\/cropped-cropped-cropped-02_00843_jt3bggkj1j3HLc7SyY6rEUpg.jpeg\",\"contentUrl\":\"https:\/\/skaitytaknyga.lt\/wp-content\/uploads\/2024\/05\/cropped-cropped-cropped-02_00843_jt3bggkj1j3HLc7SyY6rEUpg.jpeg\",\"width\":1600,\"height\":1600,\"caption\":\"skaitytaknyga.lt\"},\"image\":{\"@id\":\"https:\/\/skaitytaknyga.lt\/#\/schema\/logo\/image\/\"},\"sameAs\":[\"https:\/\/www.facebook.com\/skaitytaknyga\/\"]}]}<\/script>\n<!-- \/ Yoast SEO plugin. -->","yoast_head_json":{"title":"Dendrologija (i\u0161or\u0117je yra d\u0117m\u0117li\u0173 ir patams\u0117jim\u0173 nuo vartymo)","description":"Tai \u017eymaus Lietuvos med\u017ei\u0173 \u017einovo profesoriaus Mindaugo Navasai\u010dio parengtas i\u0161samus vadov\u0117lis apie visas Lietuvoje augan\u010dias med\u017ei\u0173 r\u016b\u0161is, j\u0173 morfologin\u0119","robots":{"index":"index","follow":"follow","max-snippet":"max-snippet:-1","max-image-preview":"max-image-preview:large","max-video-preview":"max-video-preview:-1"},"canonical":"https:\/\/skaitytaknyga.lt\/en\/produktas\/dendrologija-isoreje-yra-demeliu-ir-patamsejimu-nuo-vartymo\/","og_locale":"en_GB","og_type":"article","og_title":"[:lt]Dendrologija (i\u0161or\u0117je yra d\u0117m\u0117li\u0173 ir patams\u0117jim\u0173 nuo vartymo)[:] - Skaitytaknyga","og_description":"Tai \u017eymaus Lietuvos med\u017ei\u0173 \u017einovo profesoriaus Mindaugo Navasai\u010dio parengtas i\u0161samus vadov\u0117lis apie visas Lietuvoje augan\u010dias med\u017ei\u0173 r\u016b\u0161is, j\u0173 morfologin\u0119","og_url":"https:\/\/skaitytaknyga.lt\/en\/produktas\/dendrologija-isoreje-yra-demeliu-ir-patamsejimu-nuo-vartymo\/","og_site_name":"Skaitytaknyga","article_publisher":"https:\/\/www.facebook.com\/skaitytaknyga\/","article_modified_time":"2025-01-11T11:55:14+00:00","og_image":[{"width":585,"height":800,"url":"https:\/\/skaitytaknyga.lt\/wp-content\/uploads\/2024\/11\/Dendrologija.webp","type":"image\/webp"}],"twitter_card":"summary_large_image","twitter_misc":{"Estimated reading time":"1 minute"},"schema":{"@context":"https:\/\/schema.org","@graph":[{"@type":"WebPage","@id":"https:\/\/skaitytaknyga.lt\/produktas\/dendrologija-isoreje-yra-demeliu-ir-patamsejimu-nuo-vartymo\/","url":"https:\/\/skaitytaknyga.lt\/produktas\/dendrologija-isoreje-yra-demeliu-ir-patamsejimu-nuo-vartymo\/","name":"Dendrologija (i\u0161or\u0117je yra d\u0117m\u0117li\u0173 ir patams\u0117jim\u0173 nuo vartymo)","isPartOf":{"@id":"https:\/\/skaitytaknyga.lt\/#website"},"primaryImageOfPage":{"@id":"https:\/\/skaitytaknyga.lt\/produktas\/dendrologija-isoreje-yra-demeliu-ir-patamsejimu-nuo-vartymo\/#primaryimage"},"image":{"@id":"https:\/\/skaitytaknyga.lt\/produktas\/dendrologija-isoreje-yra-demeliu-ir-patamsejimu-nuo-vartymo\/#primaryimage"},"thumbnailUrl":"https:\/\/skaitytaknyga.lt\/wp-content\/uploads\/2024\/11\/Dendrologija.webp","datePublished":"2024-11-22T12:10:39+00:00","dateModified":"2025-01-11T11:55:14+00:00","description":"Tai \u017eymaus Lietuvos med\u017ei\u0173 \u017einovo profesoriaus Mindaugo Navasai\u010dio parengtas i\u0161samus vadov\u0117lis apie visas Lietuvoje augan\u010dias med\u017ei\u0173 r\u016b\u0161is, j\u0173 morfologin\u0119","breadcrumb":{"@id":"https:\/\/skaitytaknyga.lt\/produktas\/dendrologija-isoreje-yra-demeliu-ir-patamsejimu-nuo-vartymo\/#breadcrumb"},"inLanguage":"en-GB","potentialAction":[{"@type":"ReadAction","target":["https:\/\/skaitytaknyga.lt\/produktas\/dendrologija-isoreje-yra-demeliu-ir-patamsejimu-nuo-vartymo\/"]}]},{"@type":"ImageObject","inLanguage":"en-GB","@id":"https:\/\/skaitytaknyga.lt\/produktas\/dendrologija-isoreje-yra-demeliu-ir-patamsejimu-nuo-vartymo\/#primaryimage","url":"https:\/\/skaitytaknyga.lt\/wp-content\/uploads\/2024\/11\/Dendrologija.webp","contentUrl":"https:\/\/skaitytaknyga.lt\/wp-content\/uploads\/2024\/11\/Dendrologija.webp","width":585,"height":800,"caption":"Dendrologija"},{"@type":"BreadcrumbList","@id":"https:\/\/skaitytaknyga.lt\/produktas\/dendrologija-isoreje-yra-demeliu-ir-patamsejimu-nuo-vartymo\/#breadcrumb","itemListElement":[{"@type":"ListItem","position":1,"name":"Home","item":"https:\/\/skaitytaknyga.lt\/"},{"@type":"ListItem","position":2,"name":"Parduotuv\u0117","item":"https:\/\/skaitytaknyga.lt\/knygu-parduotuve\/"},{"@type":"ListItem","position":3,"name":"Dendrologija (i\u0161or\u0117je yra d\u0117m\u0117li\u0173 ir patams\u0117jim\u0173 nuo vartymo)"}]},{"@type":"WebSite","@id":"https:\/\/skaitytaknyga.lt\/#website","url":"https:\/\/skaitytaknyga.lt\/","name":"skaitytaknyga.lt","description":"Skaitytaknyga.lt \u2013 tai ma\u017eas \u0161eimos verslas, kuris prasid\u0117jo nuo meil\u0117s knygoms ir siekio i\u0161gelb\u0117ti knygas nuo likimo prie konteinerio. Kas vienam nereikalingas daiktas \u2013 kitam lobis, o mes esame tarpininkai, kurie padeda abiems tapti laimingesniems ???? \u017dinome kaip nelengva i\u0161gyventi ma\u017eiems verslams, tad nuo \u0161iol, \u010dia rasite ir kit\u0173, ma\u017e\u0173 \u0161eim\u0173 versl\u0173, rank\u0173 darbo, dovan\u0173 sau ir artimiesiems.","publisher":{"@id":"https:\/\/skaitytaknyga.lt\/#organization"},"potentialAction":[{"@type":"SearchAction","target":{"@type":"EntryPoint","urlTemplate":"https:\/\/skaitytaknyga.lt\/?s={search_term_string}"},"query-input":{"@type":"PropertyValueSpecification","valueRequired":true,"valueName":"search_term_string"}}],"inLanguage":"en-GB"},{"@type":"Organization","@id":"https:\/\/skaitytaknyga.lt\/#organization","name":"skaitytaknyga.lt","url":"https:\/\/skaitytaknyga.lt\/","logo":{"@type":"ImageObject","inLanguage":"en-GB","@id":"https:\/\/skaitytaknyga.lt\/#\/schema\/logo\/image\/","url":"https:\/\/skaitytaknyga.lt\/wp-content\/uploads\/2024\/05\/cropped-cropped-cropped-02_00843_jt3bggkj1j3HLc7SyY6rEUpg.jpeg","contentUrl":"https:\/\/skaitytaknyga.lt\/wp-content\/uploads\/2024\/05\/cropped-cropped-cropped-02_00843_jt3bggkj1j3HLc7SyY6rEUpg.jpeg","width":1600,"height":1600,"caption":"skaitytaknyga.lt"},"image":{"@id":"https:\/\/skaitytaknyga.lt\/#\/schema\/logo\/image\/"},"sameAs":["https:\/\/www.facebook.com\/skaitytaknyga\/"]}]}},"_links":{"self":[{"href":"https:\/\/skaitytaknyga.lt\/en\/wp-json\/wp\/v2\/product\/14761","targetHints":{"allow":["GET"]}}],"collection":[{"href":"https:\/\/skaitytaknyga.lt\/en\/wp-json\/wp\/v2\/product"}],"about":[{"href":"https:\/\/skaitytaknyga.lt\/en\/wp-json\/wp\/v2\/types\/product"}],"replies":[{"embeddable":true,"href":"https:\/\/skaitytaknyga.lt\/en\/wp-json\/wp\/v2\/comments?post=14761"}],"wp:featuredmedia":[{"embeddable":true,"href":"https:\/\/skaitytaknyga.lt\/en\/wp-json\/wp\/v2\/media\/14766"}],"wp:attachment":[{"href":"https:\/\/skaitytaknyga.lt\/en\/wp-json\/wp\/v2\/media?parent=14761"}],"wp:term":[{"taxonomy":"product_brand","embeddable":true,"href":"https:\/\/skaitytaknyga.lt\/en\/wp-json\/wp\/v2\/product_brand?post=14761"},{"taxonomy":"product_cat","embeddable":true,"href":"https:\/\/skaitytaknyga.lt\/en\/wp-json\/wp\/v2\/product_cat?post=14761"},{"taxonomy":"product_tag","embeddable":true,"href":"https:\/\/skaitytaknyga.lt\/en\/wp-json\/wp\/v2\/product_tag?post=14761"}],"curies":[{"name":"wp","href":"https:\/\/api.w.org\/{rel}","templated":true}]}}