{"id":14750,"date":"2024-11-22T13:53:47","date_gmt":"2024-11-22T11:53:47","guid":{"rendered":"https:\/\/skaitytaknyga.lt\/?post_type=product&#038;p=14750"},"modified":"2026-03-18T13:15:54","modified_gmt":"2026-03-18T11:15:54","slug":"vidaus-ligu-propedeutika","status":"publish","type":"product","link":"https:\/\/skaitytaknyga.lt\/en\/produktas\/vidaus-ligu-propedeutika\/","title":{"rendered":"Vidaus lig\u0173 propedeutika"},"content":{"rendered":"<p>Vidaus lig\u0173 propedeutika ir kitos vidaus lig\u0173 disciplinos. Kv\u0117pavimo organ\u0173 sistema, funkcijos, trach\u0117jos, bronch\u0173, plau\u010di\u0173 ligos, pleuros susirgimai. Kraujotakos sistemos ligos, sutrikimai, elektrokardiografija, \u0161irdies funkcijos nepakankamumas, kraujotakos sistemos ligos. \u0160lapimo i\u0161skyrimo sistema, sutrikimai. Vir\u0161kinimo organ\u0173 sistema, tyrimo metodai, stempl\u0117s, skrand\u017eio, \u017earn\u0173 ligos. Kepen\u0173 ir tul\u017eies, kasos, pilvapl\u0117v\u0117s ligos. Kraujo bei limfos sistema, ligos. Endokrinini\u0173 liauk\u0173 ligos, hipofiz\u0117s, skydliauk\u0117s, lytini\u0173 liauk\u0173 ligos. Med\u017eiag\u0173 apykaitos ligos. S\u0105nari\u0173 ir kolagenin\u0117s ligos.<\/p>\n","protected":false},"excerpt":{"rendered":"<p>Vidaus lig\u0173 propedeutika ir kitos vidaus lig\u0173 disciplinos. Kv\u0117pavimo organ\u0173 sistema, funkcijos, trach\u0117jos, bronch\u0173, plau\u010di\u0173 ligos, pleuros susirgimai. Kraujotakos sistemos ligos, sutrikimai, elektrokardiografija, \u0161irdies funkcijos nepakankamumas, kraujotakos sistemos ligos. \u0160lapimo i\u0161skyrimo sistema, sutrikimai. Vir\u0161kinimo organ\u0173 sistema, tyrimo metodai, stempl\u0117s, skrand\u017eio, \u017earn\u0173 ligos. Kepen\u0173 ir tul\u017eies, kasos, pilvapl\u0117v\u0117s ligos. Kraujo bei limfos sistema, ligos. Endokrinini\u0173 liauk\u0173 ligos, hipofiz\u0117s, skydliauk\u0117s, lytini\u0173 liauk\u0173 ligos. Med\u017eiag\u0173 apykaitos ligos. S\u0105nari\u0173 ir kolagenin\u0117s ligos.<\/p>\n","protected":false},"featured_media":14781,"comment_status":"open","ping_status":"closed","template":"","meta":{"_acf_changed":false,"site-sidebar-layout":"default","site-content-layout":"","ast-site-content-layout":"default","site-content-style":"default","site-sidebar-style":"default","ast-global-header-display":"","ast-banner-title-visibility":"","ast-main-header-display":"","ast-hfb-above-header-display":"","ast-hfb-below-header-display":"","ast-hfb-mobile-header-display":"","site-post-title":"","ast-breadcrumbs-content":"","ast-featured-img":"","footer-sml-layout":"","ast-disable-related-posts":"","theme-transparent-header-meta":"default","adv-header-id-meta":"","stick-header-meta":"","header-above-stick-meta":"","header-main-stick-meta":"","header-below-stick-meta":"","astra-migrate-meta-layouts":"set","ast-page-background-enabled":"default","ast-page-background-meta":{"desktop":{"background-color":"","background-image":"","background-repeat":"repeat","background-position":"center center","background-size":"auto","background-attachment":"scroll","background-type":"","background-media":"","overlay-type":"","overlay-color":"","overlay-opacity":"","overlay-gradient":""},"tablet":{"background-color":"","background-image":"","background-repeat":"repeat","background-position":"center center","background-size":"auto","background-attachment":"scroll","background-type":"","background-media":"","overlay-type":"","overlay-color":"","overlay-opacity":"","overlay-gradient":""},"mobile":{"background-color":"","background-image":"","background-repeat":"repeat","background-position":"center center","background-size":"auto","background-attachment":"scroll","background-type":"","background-media":"","overlay-type":"","overlay-color":"","overlay-opacity":"","overlay-gradient":""}},"ast-content-background-meta":{"desktop":{"background-color":"var(--ast-global-color-4)","background-image":"","background-repeat":"repeat","background-position":"center center","background-size":"auto","background-attachment":"scroll","background-type":"","background-media":"","overlay-type":"","overlay-color":"","overlay-opacity":"","overlay-gradient":""},"tablet":{"background-color":"var(--ast-global-color-4)","background-image":"","background-repeat":"repeat","background-position":"center center","background-size":"auto","background-attachment":"scroll","background-type":"","background-media":"","overlay-type":"","overlay-color":"","overlay-opacity":"","overlay-gradient":""},"mobile":{"background-color":"var(--ast-global-color-4)","background-image":"","background-repeat":"repeat","background-position":"center center","background-size":"auto","background-attachment":"scroll","background-type":"","background-media":"","overlay-type":"","overlay-color":"","overlay-opacity":"","overlay-gradient":""}}},"product_brand":[],"product_cat":[9854,15,55],"product_tag":[],"class_list":{"0":"post-14750","1":"product","2":"type-product","3":"status-publish","4":"has-post-thumbnail","6":"product_cat-medicina","7":"product_cat-uncategorized","8":"product_cat-sveikata-ir-sveika-mityba","9":"desktop-align-left","10":"tablet-align-left","11":"mobile-align-left","13":"first","14":"instock","15":"shipping-taxable","16":"purchasable","17":"product-type-simple"},"acf":[],"yoast_head":"<!-- This site is optimized with the Yoast SEO plugin v27.0 - https:\/\/yoast.com\/product\/yoast-seo-wordpress\/ -->\n<title>Vidaus lig\u0173 propedeutika<\/title>\n<meta name=\"description\" content=\"Vidaus lig\u0173 propedeutika ir kitos vidaus lig\u0173 disciplinos. Kv\u0117pavimo organ\u0173 sistema, funkcijos, trach\u0117jos, bronch\u0173, plau\u010di\u0173 ligos, pleuros susirgimai.\" \/>\n<meta name=\"robots\" content=\"index, follow, max-snippet:-1, max-image-preview:large, max-video-preview:-1\" \/>\n<link rel=\"canonical\" href=\"https:\/\/skaitytaknyga.lt\/en\/produktas\/vidaus-ligu-propedeutika\/\" \/>\n<meta property=\"og:locale\" content=\"en_GB\" \/>\n<meta property=\"og:locale:alternate\" content=\"lt_LT\" \/>\n<meta property=\"og:type\" content=\"article\" \/>\n<meta property=\"og:title\" content=\"Vidaus lig\u0173 propedeutika\" \/>\n<meta property=\"og:description\" content=\"Vidaus lig\u0173 propedeutika ir kitos vidaus lig\u0173 disciplinos. Kv\u0117pavimo organ\u0173 sistema, funkcijos, trach\u0117jos, bronch\u0173, plau\u010di\u0173 ligos, pleuros susirgimai.\" \/>\n<meta property=\"og:url\" content=\"https:\/\/skaitytaknyga.lt\/en\/produktas\/vidaus-ligu-propedeutika\/\" \/>\n<meta property=\"og:site_name\" content=\"Skaitytaknyga\" \/>\n<meta property=\"article:publisher\" content=\"https:\/\/www.facebook.com\/skaitytaknyga\/\" \/>\n<meta property=\"article:modified_time\" content=\"2026-03-18T11:15:54+00:00\" \/>\n<meta property=\"og:image\" content=\"https:\/\/skaitytaknyga.lt\/wp-content\/uploads\/2024\/11\/Vidaus-ligu-propedeutika.jpeg\" \/>\n\t<meta property=\"og:image:width\" content=\"188\" \/>\n\t<meta property=\"og:image:height\" content=\"269\" \/>\n\t<meta property=\"og:image:type\" content=\"image\/jpeg\" \/>\n<meta name=\"twitter:card\" content=\"summary_large_image\" \/>\n<meta name=\"twitter:label1\" content=\"Estimated reading time\" \/>\n\t<meta name=\"twitter:data1\" content=\"1 minute\" \/>\n<script type=\"application\/ld+json\" class=\"yoast-schema-graph\">{\"@context\":\"https:\/\/schema.org\",\"@graph\":[{\"@type\":\"WebPage\",\"@id\":\"https:\/\/skaitytaknyga.lt\/produktas\/vidaus-ligu-propedeutika\/\",\"url\":\"https:\/\/skaitytaknyga.lt\/produktas\/vidaus-ligu-propedeutika\/\",\"name\":\"Vidaus lig\u0173 propedeutika\",\"isPartOf\":{\"@id\":\"https:\/\/skaitytaknyga.lt\/#website\"},\"primaryImageOfPage\":{\"@id\":\"https:\/\/skaitytaknyga.lt\/produktas\/vidaus-ligu-propedeutika\/#primaryimage\"},\"image\":{\"@id\":\"https:\/\/skaitytaknyga.lt\/produktas\/vidaus-ligu-propedeutika\/#primaryimage\"},\"thumbnailUrl\":\"https:\/\/skaitytaknyga.lt\/wp-content\/uploads\/2024\/11\/Vidaus-ligu-propedeutika.jpeg\",\"datePublished\":\"2024-11-22T11:53:47+00:00\",\"dateModified\":\"2026-03-18T11:15:54+00:00\",\"description\":\"Vidaus lig\u0173 propedeutika ir kitos vidaus lig\u0173 disciplinos. Kv\u0117pavimo organ\u0173 sistema, funkcijos, trach\u0117jos, bronch\u0173, plau\u010di\u0173 ligos, pleuros susirgimai.\",\"breadcrumb\":{\"@id\":\"https:\/\/skaitytaknyga.lt\/produktas\/vidaus-ligu-propedeutika\/#breadcrumb\"},\"inLanguage\":\"en-GB\",\"potentialAction\":[{\"@type\":\"ReadAction\",\"target\":[\"https:\/\/skaitytaknyga.lt\/produktas\/vidaus-ligu-propedeutika\/\"]}]},{\"@type\":\"ImageObject\",\"inLanguage\":\"en-GB\",\"@id\":\"https:\/\/skaitytaknyga.lt\/produktas\/vidaus-ligu-propedeutika\/#primaryimage\",\"url\":\"https:\/\/skaitytaknyga.lt\/wp-content\/uploads\/2024\/11\/Vidaus-ligu-propedeutika.jpeg\",\"contentUrl\":\"https:\/\/skaitytaknyga.lt\/wp-content\/uploads\/2024\/11\/Vidaus-ligu-propedeutika.jpeg\",\"width\":188,\"height\":269,\"caption\":\"Vidaus lig\u0173 propedeutika\"},{\"@type\":\"BreadcrumbList\",\"@id\":\"https:\/\/skaitytaknyga.lt\/produktas\/vidaus-ligu-propedeutika\/#breadcrumb\",\"itemListElement\":[{\"@type\":\"ListItem\",\"position\":1,\"name\":\"Home\",\"item\":\"https:\/\/skaitytaknyga.lt\/\"},{\"@type\":\"ListItem\",\"position\":2,\"name\":\"Parduotuv\u0117\",\"item\":\"https:\/\/skaitytaknyga.lt\/knygu-parduotuve\/\"},{\"@type\":\"ListItem\",\"position\":3,\"name\":\"Vidaus lig\u0173 propedeutika\"}]},{\"@type\":\"WebSite\",\"@id\":\"https:\/\/skaitytaknyga.lt\/#website\",\"url\":\"https:\/\/skaitytaknyga.lt\/\",\"name\":\"skaitytaknyga.lt\",\"description\":\"Skaitytaknyga.lt \u2013 tai ma\u017eas \u0161eimos verslas, kuris prasid\u0117jo nuo meil\u0117s knygoms ir siekio i\u0161gelb\u0117ti knygas nuo likimo prie konteinerio. Kas vienam nereikalingas daiktas \u2013 kitam lobis, o mes esame tarpininkai, kurie padeda abiems tapti laimingesniems ???? \u017dinome kaip nelengva i\u0161gyventi ma\u017eiems verslams, tad nuo \u0161iol, \u010dia rasite ir kit\u0173, ma\u017e\u0173 \u0161eim\u0173 versl\u0173, rank\u0173 darbo, dovan\u0173 sau ir artimiesiems.\",\"publisher\":{\"@id\":\"https:\/\/skaitytaknyga.lt\/#organization\"},\"potentialAction\":[{\"@type\":\"SearchAction\",\"target\":{\"@type\":\"EntryPoint\",\"urlTemplate\":\"https:\/\/skaitytaknyga.lt\/?s={search_term_string}\"},\"query-input\":{\"@type\":\"PropertyValueSpecification\",\"valueRequired\":true,\"valueName\":\"search_term_string\"}}],\"inLanguage\":\"en-GB\"},{\"@type\":\"Organization\",\"@id\":\"https:\/\/skaitytaknyga.lt\/#organization\",\"name\":\"skaitytaknyga.lt\",\"url\":\"https:\/\/skaitytaknyga.lt\/\",\"logo\":{\"@type\":\"ImageObject\",\"inLanguage\":\"en-GB\",\"@id\":\"https:\/\/skaitytaknyga.lt\/#\/schema\/logo\/image\/\",\"url\":\"https:\/\/skaitytaknyga.lt\/wp-content\/uploads\/2024\/05\/cropped-cropped-cropped-02_00843_jt3bggkj1j3HLc7SyY6rEUpg.jpeg\",\"contentUrl\":\"https:\/\/skaitytaknyga.lt\/wp-content\/uploads\/2024\/05\/cropped-cropped-cropped-02_00843_jt3bggkj1j3HLc7SyY6rEUpg.jpeg\",\"width\":1600,\"height\":1600,\"caption\":\"skaitytaknyga.lt\"},\"image\":{\"@id\":\"https:\/\/skaitytaknyga.lt\/#\/schema\/logo\/image\/\"},\"sameAs\":[\"https:\/\/www.facebook.com\/skaitytaknyga\/\"]}]}<\/script>\n<!-- \/ Yoast SEO plugin. -->","yoast_head_json":{"title":"Vidaus lig\u0173 propedeutika","description":"Vidaus lig\u0173 propedeutika ir kitos vidaus lig\u0173 disciplinos. Kv\u0117pavimo organ\u0173 sistema, funkcijos, trach\u0117jos, bronch\u0173, plau\u010di\u0173 ligos, pleuros susirgimai.","robots":{"index":"index","follow":"follow","max-snippet":"max-snippet:-1","max-image-preview":"max-image-preview:large","max-video-preview":"max-video-preview:-1"},"canonical":"https:\/\/skaitytaknyga.lt\/en\/produktas\/vidaus-ligu-propedeutika\/","og_locale":"en_GB","og_type":"article","og_title":"[:lt]Vidaus lig\u0173 propedeutika[:] - Skaitytaknyga","og_description":"Vidaus lig\u0173 propedeutika ir kitos vidaus lig\u0173 disciplinos. Kv\u0117pavimo organ\u0173 sistema, funkcijos, trach\u0117jos, bronch\u0173, plau\u010di\u0173 ligos, pleuros susirgimai.","og_url":"https:\/\/skaitytaknyga.lt\/en\/produktas\/vidaus-ligu-propedeutika\/","og_site_name":"Skaitytaknyga","article_publisher":"https:\/\/www.facebook.com\/skaitytaknyga\/","article_modified_time":"2026-03-18T11:15:54+00:00","og_image":[{"width":188,"height":269,"url":"https:\/\/skaitytaknyga.lt\/wp-content\/uploads\/2024\/11\/Vidaus-ligu-propedeutika.jpeg","type":"image\/jpeg"}],"twitter_card":"summary_large_image","twitter_misc":{"Estimated reading time":"1 minute"},"schema":{"@context":"https:\/\/schema.org","@graph":[{"@type":"WebPage","@id":"https:\/\/skaitytaknyga.lt\/produktas\/vidaus-ligu-propedeutika\/","url":"https:\/\/skaitytaknyga.lt\/produktas\/vidaus-ligu-propedeutika\/","name":"Vidaus lig\u0173 propedeutika","isPartOf":{"@id":"https:\/\/skaitytaknyga.lt\/#website"},"primaryImageOfPage":{"@id":"https:\/\/skaitytaknyga.lt\/produktas\/vidaus-ligu-propedeutika\/#primaryimage"},"image":{"@id":"https:\/\/skaitytaknyga.lt\/produktas\/vidaus-ligu-propedeutika\/#primaryimage"},"thumbnailUrl":"https:\/\/skaitytaknyga.lt\/wp-content\/uploads\/2024\/11\/Vidaus-ligu-propedeutika.jpeg","datePublished":"2024-11-22T11:53:47+00:00","dateModified":"2026-03-18T11:15:54+00:00","description":"Vidaus lig\u0173 propedeutika ir kitos vidaus lig\u0173 disciplinos. Kv\u0117pavimo organ\u0173 sistema, funkcijos, trach\u0117jos, bronch\u0173, plau\u010di\u0173 ligos, pleuros susirgimai.","breadcrumb":{"@id":"https:\/\/skaitytaknyga.lt\/produktas\/vidaus-ligu-propedeutika\/#breadcrumb"},"inLanguage":"en-GB","potentialAction":[{"@type":"ReadAction","target":["https:\/\/skaitytaknyga.lt\/produktas\/vidaus-ligu-propedeutika\/"]}]},{"@type":"ImageObject","inLanguage":"en-GB","@id":"https:\/\/skaitytaknyga.lt\/produktas\/vidaus-ligu-propedeutika\/#primaryimage","url":"https:\/\/skaitytaknyga.lt\/wp-content\/uploads\/2024\/11\/Vidaus-ligu-propedeutika.jpeg","contentUrl":"https:\/\/skaitytaknyga.lt\/wp-content\/uploads\/2024\/11\/Vidaus-ligu-propedeutika.jpeg","width":188,"height":269,"caption":"Vidaus lig\u0173 propedeutika"},{"@type":"BreadcrumbList","@id":"https:\/\/skaitytaknyga.lt\/produktas\/vidaus-ligu-propedeutika\/#breadcrumb","itemListElement":[{"@type":"ListItem","position":1,"name":"Home","item":"https:\/\/skaitytaknyga.lt\/"},{"@type":"ListItem","position":2,"name":"Parduotuv\u0117","item":"https:\/\/skaitytaknyga.lt\/knygu-parduotuve\/"},{"@type":"ListItem","position":3,"name":"Vidaus lig\u0173 propedeutika"}]},{"@type":"WebSite","@id":"https:\/\/skaitytaknyga.lt\/#website","url":"https:\/\/skaitytaknyga.lt\/","name":"skaitytaknyga.lt","description":"Skaitytaknyga.lt \u2013 tai ma\u017eas \u0161eimos verslas, kuris prasid\u0117jo nuo meil\u0117s knygoms ir siekio i\u0161gelb\u0117ti knygas nuo likimo prie konteinerio. Kas vienam nereikalingas daiktas \u2013 kitam lobis, o mes esame tarpininkai, kurie padeda abiems tapti laimingesniems ???? \u017dinome kaip nelengva i\u0161gyventi ma\u017eiems verslams, tad nuo \u0161iol, \u010dia rasite ir kit\u0173, ma\u017e\u0173 \u0161eim\u0173 versl\u0173, rank\u0173 darbo, dovan\u0173 sau ir artimiesiems.","publisher":{"@id":"https:\/\/skaitytaknyga.lt\/#organization"},"potentialAction":[{"@type":"SearchAction","target":{"@type":"EntryPoint","urlTemplate":"https:\/\/skaitytaknyga.lt\/?s={search_term_string}"},"query-input":{"@type":"PropertyValueSpecification","valueRequired":true,"valueName":"search_term_string"}}],"inLanguage":"en-GB"},{"@type":"Organization","@id":"https:\/\/skaitytaknyga.lt\/#organization","name":"skaitytaknyga.lt","url":"https:\/\/skaitytaknyga.lt\/","logo":{"@type":"ImageObject","inLanguage":"en-GB","@id":"https:\/\/skaitytaknyga.lt\/#\/schema\/logo\/image\/","url":"https:\/\/skaitytaknyga.lt\/wp-content\/uploads\/2024\/05\/cropped-cropped-cropped-02_00843_jt3bggkj1j3HLc7SyY6rEUpg.jpeg","contentUrl":"https:\/\/skaitytaknyga.lt\/wp-content\/uploads\/2024\/05\/cropped-cropped-cropped-02_00843_jt3bggkj1j3HLc7SyY6rEUpg.jpeg","width":1600,"height":1600,"caption":"skaitytaknyga.lt"},"image":{"@id":"https:\/\/skaitytaknyga.lt\/#\/schema\/logo\/image\/"},"sameAs":["https:\/\/www.facebook.com\/skaitytaknyga\/"]}]}},"_links":{"self":[{"href":"https:\/\/skaitytaknyga.lt\/en\/wp-json\/wp\/v2\/product\/14750","targetHints":{"allow":["GET"]}}],"collection":[{"href":"https:\/\/skaitytaknyga.lt\/en\/wp-json\/wp\/v2\/product"}],"about":[{"href":"https:\/\/skaitytaknyga.lt\/en\/wp-json\/wp\/v2\/types\/product"}],"replies":[{"embeddable":true,"href":"https:\/\/skaitytaknyga.lt\/en\/wp-json\/wp\/v2\/comments?post=14750"}],"wp:featuredmedia":[{"embeddable":true,"href":"https:\/\/skaitytaknyga.lt\/en\/wp-json\/wp\/v2\/media\/14781"}],"wp:attachment":[{"href":"https:\/\/skaitytaknyga.lt\/en\/wp-json\/wp\/v2\/media?parent=14750"}],"wp:term":[{"taxonomy":"product_brand","embeddable":true,"href":"https:\/\/skaitytaknyga.lt\/en\/wp-json\/wp\/v2\/product_brand?post=14750"},{"taxonomy":"product_cat","embeddable":true,"href":"https:\/\/skaitytaknyga.lt\/en\/wp-json\/wp\/v2\/product_cat?post=14750"},{"taxonomy":"product_tag","embeddable":true,"href":"https:\/\/skaitytaknyga.lt\/en\/wp-json\/wp\/v2\/product_tag?post=14750"}],"curies":[{"name":"wp","href":"https:\/\/api.w.org\/{rel}","templated":true}]}}