{"id":14749,"date":"2024-11-22T13:53:47","date_gmt":"2024-11-22T11:53:47","guid":{"rendered":"https:\/\/skaitytaknyga.lt\/?post_type=product&#038;p=14749"},"modified":"2026-02-08T13:02:17","modified_gmt":"2026-02-08T11:02:17","slug":"mano-vaikas-pradeda-lankyti-darzeli","status":"publish","type":"product","link":"https:\/\/skaitytaknyga.lt\/en\/produktas\/mano-vaikas-pradeda-lankyti-darzeli\/","title":{"rendered":"Mano vaikas pradeda lankyti dar\u017eel\u012f"},"content":{"rendered":"<p>Vaiko i\u0161leidimas \u012f dar\u017eel\u012f yra labai svarbus \u012fvykis kiekvienoje \u0161eimoje. T\u0117vams kyla daugyb\u0117 klausim\u0173: \u201eAr mano ma\u017eyliu gerai r\u016bpinsis?\u201c, \u201eAr jis gerai jausis?\u201c, \u201eKaip a\u0161 galiu pad\u0117ti savo vaikui?\u201c<\/p>\n<p>Beveik visi vaikai lengviau integruojasi naujoje grup\u0117je, jei pirmomis dienomis juos lydi artimas \u017emogus. Vienam pakanka tik retkar\u010diais susi\u017evalgyti su mama, kitam svarbu pas\u0117d\u0117ti t\u0117\u010diui ant keli\u0173. Tre\u010dias, prie\u0161ingai \u2212 greitai prisijungia prie vaik\u0173 grup\u0117s, \u017eaid\u017eian\u010dios sl\u0117pyni\u0173. Kad ir kokie skirtingi b\u016bt\u0173 vaikai, artimas \u017emogus jiems visiems tampa saugumo garantu. Anne Boller, remdamasi savo ilgamet\u0117s praktikos pavyzd\u017eiais, parodo, kaip galima pad\u0117ti vaikui, kad jis nesunkiai adaptuot\u0173si dar\u017eelyje.<\/p>\n<ul class=\"about-product d-none d-xl-block mt-4\">\n<li><strong>Autorius:<\/strong>\u00a0Anne Boller<\/li>\n<li><strong>Leid\u0117jas:<\/strong>\u00a0Gimtasis \u017eodis<\/li>\n<li><strong>Metai:<\/strong>\u00a02012<\/li>\n<li><strong>Puslapiai:<\/strong>\u00a0101<\/li>\n<li class=\"toggleable type-new-formats \"><strong>ISBN:<\/strong>\u00a09789955163749<\/li>\n<li><strong>Versijos kodas:<\/strong>\u00a0PT.<\/li>\n<li class=\"toggleable type-new-formats \"><strong>Formatas:<\/strong>\u00a013 x 20 cm, mink\u0161ti vir\u0161eliai<\/li>\n<li><strong>Kalba:<\/strong>\u00a0Lietuvi\u0173<\/li>\n<li><strong>Vert\u0117jas:<\/strong>\u00a0Skaidra Girdenien\u0117<\/li>\n<\/ul>\n","protected":false},"excerpt":{"rendered":"<p>Vaiko i\u0161leidimas \u012f dar\u017eel\u012f yra labai svarbus \u012fvykis kiekvienoje \u0161eimoje. T\u0117vams kyla daugyb\u0117 klausim\u0173: \u201eAr mano ma\u017eyliu gerai r\u016bpinsis?\u201c, \u201eAr jis gerai jausis?\u201c, \u201eKaip a\u0161 galiu pad\u0117ti savo vaikui?\u201c Beveik visi vaikai lengviau integruojasi naujoje grup\u0117je, jei pirmomis dienomis juos lydi artimas \u017emogus. Vienam pakanka tik retkar\u010diais susi\u017evalgyti su mama, kitam svarbu pas\u0117d\u0117ti t\u0117\u010diui ant keli\u0173. Tre\u010dias, prie\u0161ingai \u2212 greitai prisijungia prie vaik\u0173 grup\u0117s, \u017eaid\u017eian\u010dios sl\u0117pyni\u0173. Kad ir kokie skirtingi b\u016bt\u0173 vaikai, artimas \u017emogus jiems visiems tampa saugumo garantu. Anne Boller, remdamasi savo ilgamet\u0117s praktikos pavyzd\u017eiais, parodo, kaip galima pad\u0117ti vaikui, kad jis nesunkiai adaptuot\u0173si dar\u017eelyje. Autorius:\u00a0Anne Boller Leid\u0117jas:\u00a0Gimtasis \u017eodis Metai:\u00a02012 Puslapiai:\u00a0101 ISBN:\u00a09789955163749 Versijos kodas:\u00a0PT. Formatas:\u00a013 x 20 cm, mink\u0161ti vir\u0161eliai Kalba:\u00a0Lietuvi\u0173 Vert\u0117jas:\u00a0Skaidra Girdenien\u0117<\/p>\n","protected":false},"featured_media":14780,"comment_status":"open","ping_status":"closed","template":"","meta":{"_acf_changed":false,"site-sidebar-layout":"default","site-content-layout":"","ast-site-content-layout":"default","site-content-style":"default","site-sidebar-style":"default","ast-global-header-display":"","ast-banner-title-visibility":"","ast-main-header-display":"","ast-hfb-above-header-display":"","ast-hfb-below-header-display":"","ast-hfb-mobile-header-display":"","site-post-title":"","ast-breadcrumbs-content":"","ast-featured-img":"","footer-sml-layout":"","ast-disable-related-posts":"","theme-transparent-header-meta":"default","adv-header-id-meta":"","stick-header-meta":"","header-above-stick-meta":"","header-main-stick-meta":"","header-below-stick-meta":"","astra-migrate-meta-layouts":"set","ast-page-background-enabled":"default","ast-page-background-meta":{"desktop":{"background-color":"","background-image":"","background-repeat":"repeat","background-position":"center center","background-size":"auto","background-attachment":"scroll","background-type":"","background-media":"","overlay-type":"","overlay-color":"","overlay-opacity":"","overlay-gradient":""},"tablet":{"background-color":"","background-image":"","background-repeat":"repeat","background-position":"center center","background-size":"auto","background-attachment":"scroll","background-type":"","background-media":"","overlay-type":"","overlay-color":"","overlay-opacity":"","overlay-gradient":""},"mobile":{"background-color":"","background-image":"","background-repeat":"repeat","background-position":"center center","background-size":"auto","background-attachment":"scroll","background-type":"","background-media":"","overlay-type":"","overlay-color":"","overlay-opacity":"","overlay-gradient":""}},"ast-content-background-meta":{"desktop":{"background-color":"var(--ast-global-color-4)","background-image":"","background-repeat":"repeat","background-position":"center center","background-size":"auto","background-attachment":"scroll","background-type":"","background-media":"","overlay-type":"","overlay-color":"","overlay-opacity":"","overlay-gradient":""},"tablet":{"background-color":"var(--ast-global-color-4)","background-image":"","background-repeat":"repeat","background-position":"center center","background-size":"auto","background-attachment":"scroll","background-type":"","background-media":"","overlay-type":"","overlay-color":"","overlay-opacity":"","overlay-gradient":""},"mobile":{"background-color":"var(--ast-global-color-4)","background-image":"","background-repeat":"repeat","background-position":"center center","background-size":"auto","background-attachment":"scroll","background-type":"","background-media":"","overlay-type":"","overlay-color":"","overlay-opacity":"","overlay-gradient":""}}},"product_brand":[],"product_cat":[15,35],"product_tag":[],"class_list":{"0":"post-14749","1":"product","2":"type-product","3":"status-publish","4":"has-post-thumbnail","6":"product_cat-uncategorized","7":"product_cat-vaikams-ir-paaugliams","8":"desktop-align-left","9":"tablet-align-left","10":"mobile-align-left","12":"first","13":"instock","14":"shipping-taxable","15":"purchasable","16":"product-type-simple"},"acf":[],"yoast_head":"<!-- This site is optimized with the Yoast SEO plugin v27.0 - https:\/\/yoast.com\/product\/yoast-seo-wordpress\/ -->\n<title>Mano vaikas pradeda lankyti dar\u017eel\u012f<\/title>\n<meta name=\"description\" content=\"Vaiko i\u0161leidimas \u012f dar\u017eel\u012f yra labai svarbus \u012fvykis kiekvienoje \u0161eimoje. T\u0117vams kyla daugyb\u0117 klausim\u0173: \u201eAr mano ma\u017eyliu gerai r\u016bpinsis?\u201c, \u201eAr jis gerai\" \/>\n<meta name=\"robots\" content=\"index, follow, max-snippet:-1, max-image-preview:large, max-video-preview:-1\" \/>\n<link rel=\"canonical\" href=\"https:\/\/skaitytaknyga.lt\/en\/produktas\/mano-vaikas-pradeda-lankyti-darzeli\/\" \/>\n<meta property=\"og:locale\" content=\"en_GB\" \/>\n<meta property=\"og:locale:alternate\" content=\"lt_LT\" \/>\n<meta property=\"og:type\" content=\"article\" \/>\n<meta property=\"og:title\" content=\"Mano vaikas pradeda lankyti dar\u017eel\u012f\" \/>\n<meta property=\"og:description\" content=\"Vaiko i\u0161leidimas \u012f dar\u017eel\u012f yra labai svarbus \u012fvykis kiekvienoje \u0161eimoje. T\u0117vams kyla daugyb\u0117 klausim\u0173: \u201eAr mano ma\u017eyliu gerai r\u016bpinsis?\u201c, \u201eAr jis gerai\" \/>\n<meta property=\"og:url\" content=\"https:\/\/skaitytaknyga.lt\/en\/produktas\/mano-vaikas-pradeda-lankyti-darzeli\/\" \/>\n<meta property=\"og:site_name\" content=\"Skaitytaknyga\" \/>\n<meta property=\"article:publisher\" content=\"https:\/\/www.facebook.com\/skaitytaknyga\/\" \/>\n<meta property=\"article:modified_time\" content=\"2026-02-08T11:02:17+00:00\" \/>\n<meta property=\"og:image\" content=\"https:\/\/skaitytaknyga.lt\/wp-content\/uploads\/2024\/11\/Mano-vaikas-pradeda-lankyti-darzeli.webp\" \/>\n\t<meta property=\"og:image:width\" content=\"526\" \/>\n\t<meta property=\"og:image:height\" content=\"800\" \/>\n\t<meta property=\"og:image:type\" content=\"image\/webp\" \/>\n<meta name=\"twitter:card\" content=\"summary_large_image\" \/>\n<meta name=\"twitter:label1\" content=\"Estimated reading time\" \/>\n\t<meta name=\"twitter:data1\" content=\"1 minute\" \/>\n<script type=\"application\/ld+json\" class=\"yoast-schema-graph\">{\"@context\":\"https:\/\/schema.org\",\"@graph\":[{\"@type\":\"WebPage\",\"@id\":\"https:\/\/skaitytaknyga.lt\/produktas\/mano-vaikas-pradeda-lankyti-darzeli\/\",\"url\":\"https:\/\/skaitytaknyga.lt\/produktas\/mano-vaikas-pradeda-lankyti-darzeli\/\",\"name\":\"Mano vaikas pradeda lankyti dar\u017eel\u012f\",\"isPartOf\":{\"@id\":\"https:\/\/skaitytaknyga.lt\/#website\"},\"primaryImageOfPage\":{\"@id\":\"https:\/\/skaitytaknyga.lt\/produktas\/mano-vaikas-pradeda-lankyti-darzeli\/#primaryimage\"},\"image\":{\"@id\":\"https:\/\/skaitytaknyga.lt\/produktas\/mano-vaikas-pradeda-lankyti-darzeli\/#primaryimage\"},\"thumbnailUrl\":\"https:\/\/skaitytaknyga.lt\/wp-content\/uploads\/2024\/11\/Mano-vaikas-pradeda-lankyti-darzeli.webp\",\"datePublished\":\"2024-11-22T11:53:47+00:00\",\"dateModified\":\"2026-02-08T11:02:17+00:00\",\"description\":\"Vaiko i\u0161leidimas \u012f dar\u017eel\u012f yra labai svarbus \u012fvykis kiekvienoje \u0161eimoje. T\u0117vams kyla daugyb\u0117 klausim\u0173: \u201eAr mano ma\u017eyliu gerai r\u016bpinsis?\u201c, \u201eAr jis gerai\",\"breadcrumb\":{\"@id\":\"https:\/\/skaitytaknyga.lt\/produktas\/mano-vaikas-pradeda-lankyti-darzeli\/#breadcrumb\"},\"inLanguage\":\"en-GB\",\"potentialAction\":[{\"@type\":\"ReadAction\",\"target\":[\"https:\/\/skaitytaknyga.lt\/produktas\/mano-vaikas-pradeda-lankyti-darzeli\/\"]}]},{\"@type\":\"ImageObject\",\"inLanguage\":\"en-GB\",\"@id\":\"https:\/\/skaitytaknyga.lt\/produktas\/mano-vaikas-pradeda-lankyti-darzeli\/#primaryimage\",\"url\":\"https:\/\/skaitytaknyga.lt\/wp-content\/uploads\/2024\/11\/Mano-vaikas-pradeda-lankyti-darzeli.webp\",\"contentUrl\":\"https:\/\/skaitytaknyga.lt\/wp-content\/uploads\/2024\/11\/Mano-vaikas-pradeda-lankyti-darzeli.webp\",\"width\":526,\"height\":800,\"caption\":\"Mano vaikas pradeda lankyti dar\u017eel\u012f\"},{\"@type\":\"BreadcrumbList\",\"@id\":\"https:\/\/skaitytaknyga.lt\/produktas\/mano-vaikas-pradeda-lankyti-darzeli\/#breadcrumb\",\"itemListElement\":[{\"@type\":\"ListItem\",\"position\":1,\"name\":\"Home\",\"item\":\"https:\/\/skaitytaknyga.lt\/\"},{\"@type\":\"ListItem\",\"position\":2,\"name\":\"Parduotuv\u0117\",\"item\":\"https:\/\/skaitytaknyga.lt\/knygu-parduotuve\/\"},{\"@type\":\"ListItem\",\"position\":3,\"name\":\"Mano vaikas pradeda lankyti dar\u017eel\u012f\"}]},{\"@type\":\"WebSite\",\"@id\":\"https:\/\/skaitytaknyga.lt\/#website\",\"url\":\"https:\/\/skaitytaknyga.lt\/\",\"name\":\"skaitytaknyga.lt\",\"description\":\"Skaitytaknyga.lt \u2013 tai ma\u017eas \u0161eimos verslas, kuris prasid\u0117jo nuo meil\u0117s knygoms ir siekio i\u0161gelb\u0117ti knygas nuo likimo prie konteinerio. Kas vienam nereikalingas daiktas \u2013 kitam lobis, o mes esame tarpininkai, kurie padeda abiems tapti laimingesniems ???? \u017dinome kaip nelengva i\u0161gyventi ma\u017eiems verslams, tad nuo \u0161iol, \u010dia rasite ir kit\u0173, ma\u017e\u0173 \u0161eim\u0173 versl\u0173, rank\u0173 darbo, dovan\u0173 sau ir artimiesiems.\",\"publisher\":{\"@id\":\"https:\/\/skaitytaknyga.lt\/#organization\"},\"potentialAction\":[{\"@type\":\"SearchAction\",\"target\":{\"@type\":\"EntryPoint\",\"urlTemplate\":\"https:\/\/skaitytaknyga.lt\/?s={search_term_string}\"},\"query-input\":{\"@type\":\"PropertyValueSpecification\",\"valueRequired\":true,\"valueName\":\"search_term_string\"}}],\"inLanguage\":\"en-GB\"},{\"@type\":\"Organization\",\"@id\":\"https:\/\/skaitytaknyga.lt\/#organization\",\"name\":\"skaitytaknyga.lt\",\"url\":\"https:\/\/skaitytaknyga.lt\/\",\"logo\":{\"@type\":\"ImageObject\",\"inLanguage\":\"en-GB\",\"@id\":\"https:\/\/skaitytaknyga.lt\/#\/schema\/logo\/image\/\",\"url\":\"https:\/\/skaitytaknyga.lt\/wp-content\/uploads\/2024\/05\/cropped-cropped-cropped-02_00843_jt3bggkj1j3HLc7SyY6rEUpg.jpeg\",\"contentUrl\":\"https:\/\/skaitytaknyga.lt\/wp-content\/uploads\/2024\/05\/cropped-cropped-cropped-02_00843_jt3bggkj1j3HLc7SyY6rEUpg.jpeg\",\"width\":1600,\"height\":1600,\"caption\":\"skaitytaknyga.lt\"},\"image\":{\"@id\":\"https:\/\/skaitytaknyga.lt\/#\/schema\/logo\/image\/\"},\"sameAs\":[\"https:\/\/www.facebook.com\/skaitytaknyga\/\"]}]}<\/script>\n<!-- \/ Yoast SEO plugin. -->","yoast_head_json":{"title":"Mano vaikas pradeda lankyti dar\u017eel\u012f","description":"Vaiko i\u0161leidimas \u012f dar\u017eel\u012f yra labai svarbus \u012fvykis kiekvienoje \u0161eimoje. T\u0117vams kyla daugyb\u0117 klausim\u0173: \u201eAr mano ma\u017eyliu gerai r\u016bpinsis?\u201c, \u201eAr jis gerai","robots":{"index":"index","follow":"follow","max-snippet":"max-snippet:-1","max-image-preview":"max-image-preview:large","max-video-preview":"max-video-preview:-1"},"canonical":"https:\/\/skaitytaknyga.lt\/en\/produktas\/mano-vaikas-pradeda-lankyti-darzeli\/","og_locale":"en_GB","og_type":"article","og_title":"[:lt]Mano vaikas pradeda lankyti dar\u017eel\u012f[:] - Skaitytaknyga","og_description":"Vaiko i\u0161leidimas \u012f dar\u017eel\u012f yra labai svarbus \u012fvykis kiekvienoje \u0161eimoje. T\u0117vams kyla daugyb\u0117 klausim\u0173: \u201eAr mano ma\u017eyliu gerai r\u016bpinsis?\u201c, \u201eAr jis gerai","og_url":"https:\/\/skaitytaknyga.lt\/en\/produktas\/mano-vaikas-pradeda-lankyti-darzeli\/","og_site_name":"Skaitytaknyga","article_publisher":"https:\/\/www.facebook.com\/skaitytaknyga\/","article_modified_time":"2026-02-08T11:02:17+00:00","og_image":[{"width":526,"height":800,"url":"https:\/\/skaitytaknyga.lt\/wp-content\/uploads\/2024\/11\/Mano-vaikas-pradeda-lankyti-darzeli.webp","type":"image\/webp"}],"twitter_card":"summary_large_image","twitter_misc":{"Estimated reading time":"1 minute"},"schema":{"@context":"https:\/\/schema.org","@graph":[{"@type":"WebPage","@id":"https:\/\/skaitytaknyga.lt\/produktas\/mano-vaikas-pradeda-lankyti-darzeli\/","url":"https:\/\/skaitytaknyga.lt\/produktas\/mano-vaikas-pradeda-lankyti-darzeli\/","name":"Mano vaikas pradeda lankyti dar\u017eel\u012f","isPartOf":{"@id":"https:\/\/skaitytaknyga.lt\/#website"},"primaryImageOfPage":{"@id":"https:\/\/skaitytaknyga.lt\/produktas\/mano-vaikas-pradeda-lankyti-darzeli\/#primaryimage"},"image":{"@id":"https:\/\/skaitytaknyga.lt\/produktas\/mano-vaikas-pradeda-lankyti-darzeli\/#primaryimage"},"thumbnailUrl":"https:\/\/skaitytaknyga.lt\/wp-content\/uploads\/2024\/11\/Mano-vaikas-pradeda-lankyti-darzeli.webp","datePublished":"2024-11-22T11:53:47+00:00","dateModified":"2026-02-08T11:02:17+00:00","description":"Vaiko i\u0161leidimas \u012f dar\u017eel\u012f yra labai svarbus \u012fvykis kiekvienoje \u0161eimoje. T\u0117vams kyla daugyb\u0117 klausim\u0173: \u201eAr mano ma\u017eyliu gerai r\u016bpinsis?\u201c, \u201eAr jis gerai","breadcrumb":{"@id":"https:\/\/skaitytaknyga.lt\/produktas\/mano-vaikas-pradeda-lankyti-darzeli\/#breadcrumb"},"inLanguage":"en-GB","potentialAction":[{"@type":"ReadAction","target":["https:\/\/skaitytaknyga.lt\/produktas\/mano-vaikas-pradeda-lankyti-darzeli\/"]}]},{"@type":"ImageObject","inLanguage":"en-GB","@id":"https:\/\/skaitytaknyga.lt\/produktas\/mano-vaikas-pradeda-lankyti-darzeli\/#primaryimage","url":"https:\/\/skaitytaknyga.lt\/wp-content\/uploads\/2024\/11\/Mano-vaikas-pradeda-lankyti-darzeli.webp","contentUrl":"https:\/\/skaitytaknyga.lt\/wp-content\/uploads\/2024\/11\/Mano-vaikas-pradeda-lankyti-darzeli.webp","width":526,"height":800,"caption":"Mano vaikas pradeda lankyti dar\u017eel\u012f"},{"@type":"BreadcrumbList","@id":"https:\/\/skaitytaknyga.lt\/produktas\/mano-vaikas-pradeda-lankyti-darzeli\/#breadcrumb","itemListElement":[{"@type":"ListItem","position":1,"name":"Home","item":"https:\/\/skaitytaknyga.lt\/"},{"@type":"ListItem","position":2,"name":"Parduotuv\u0117","item":"https:\/\/skaitytaknyga.lt\/knygu-parduotuve\/"},{"@type":"ListItem","position":3,"name":"Mano vaikas pradeda lankyti dar\u017eel\u012f"}]},{"@type":"WebSite","@id":"https:\/\/skaitytaknyga.lt\/#website","url":"https:\/\/skaitytaknyga.lt\/","name":"skaitytaknyga.lt","description":"Skaitytaknyga.lt \u2013 tai ma\u017eas \u0161eimos verslas, kuris prasid\u0117jo nuo meil\u0117s knygoms ir siekio i\u0161gelb\u0117ti knygas nuo likimo prie konteinerio. Kas vienam nereikalingas daiktas \u2013 kitam lobis, o mes esame tarpininkai, kurie padeda abiems tapti laimingesniems ???? \u017dinome kaip nelengva i\u0161gyventi ma\u017eiems verslams, tad nuo \u0161iol, \u010dia rasite ir kit\u0173, ma\u017e\u0173 \u0161eim\u0173 versl\u0173, rank\u0173 darbo, dovan\u0173 sau ir artimiesiems.","publisher":{"@id":"https:\/\/skaitytaknyga.lt\/#organization"},"potentialAction":[{"@type":"SearchAction","target":{"@type":"EntryPoint","urlTemplate":"https:\/\/skaitytaknyga.lt\/?s={search_term_string}"},"query-input":{"@type":"PropertyValueSpecification","valueRequired":true,"valueName":"search_term_string"}}],"inLanguage":"en-GB"},{"@type":"Organization","@id":"https:\/\/skaitytaknyga.lt\/#organization","name":"skaitytaknyga.lt","url":"https:\/\/skaitytaknyga.lt\/","logo":{"@type":"ImageObject","inLanguage":"en-GB","@id":"https:\/\/skaitytaknyga.lt\/#\/schema\/logo\/image\/","url":"https:\/\/skaitytaknyga.lt\/wp-content\/uploads\/2024\/05\/cropped-cropped-cropped-02_00843_jt3bggkj1j3HLc7SyY6rEUpg.jpeg","contentUrl":"https:\/\/skaitytaknyga.lt\/wp-content\/uploads\/2024\/05\/cropped-cropped-cropped-02_00843_jt3bggkj1j3HLc7SyY6rEUpg.jpeg","width":1600,"height":1600,"caption":"skaitytaknyga.lt"},"image":{"@id":"https:\/\/skaitytaknyga.lt\/#\/schema\/logo\/image\/"},"sameAs":["https:\/\/www.facebook.com\/skaitytaknyga\/"]}]}},"_links":{"self":[{"href":"https:\/\/skaitytaknyga.lt\/en\/wp-json\/wp\/v2\/product\/14749","targetHints":{"allow":["GET"]}}],"collection":[{"href":"https:\/\/skaitytaknyga.lt\/en\/wp-json\/wp\/v2\/product"}],"about":[{"href":"https:\/\/skaitytaknyga.lt\/en\/wp-json\/wp\/v2\/types\/product"}],"replies":[{"embeddable":true,"href":"https:\/\/skaitytaknyga.lt\/en\/wp-json\/wp\/v2\/comments?post=14749"}],"wp:featuredmedia":[{"embeddable":true,"href":"https:\/\/skaitytaknyga.lt\/en\/wp-json\/wp\/v2\/media\/14780"}],"wp:attachment":[{"href":"https:\/\/skaitytaknyga.lt\/en\/wp-json\/wp\/v2\/media?parent=14749"}],"wp:term":[{"taxonomy":"product_brand","embeddable":true,"href":"https:\/\/skaitytaknyga.lt\/en\/wp-json\/wp\/v2\/product_brand?post=14749"},{"taxonomy":"product_cat","embeddable":true,"href":"https:\/\/skaitytaknyga.lt\/en\/wp-json\/wp\/v2\/product_cat?post=14749"},{"taxonomy":"product_tag","embeddable":true,"href":"https:\/\/skaitytaknyga.lt\/en\/wp-json\/wp\/v2\/product_tag?post=14749"}],"curies":[{"name":"wp","href":"https:\/\/api.w.org\/{rel}","templated":true}]}}