{"id":14702,"date":"2024-11-17T16:48:08","date_gmt":"2024-11-17T14:48:08","guid":{"rendered":"https:\/\/skaitytaknyga.lt\/?post_type=product&#038;p=14702"},"modified":"2026-03-18T13:28:20","modified_gmt":"2026-03-18T11:28:20","slug":"kvepavimo-organu-ligu-rentgenodiagnostika","status":"publish","type":"product","link":"https:\/\/skaitytaknyga.lt\/en\/produktas\/kvepavimo-organu-ligu-rentgenodiagnostika\/","title":{"rendered":"Kv\u0117pavimo organ\u0173 lig\u0173 rentgenodiagnostika"},"content":{"rendered":"<p>Knygoje pateikiama pneumonij\u0173, plauk\u010di\u0173 tuberkulioz\u0117s bei v\u0117\u017eio ir kit\u0173 kv\u0117pavimo organ\u0173 lig\u0173 diagnostika. I\u0161 prad\u017ei\u0173 nurodomi paprasti, visiems prieinami rentgenologinio plau\u010di\u0173 tyrimo metodai, o toliau &#8211; sud\u0117tingesni ir retesni. Knygoje i\u0161samiai nu\u0161viesta diferencin\u0117 rentgenodiagnostika.<\/p>\n","protected":false},"excerpt":{"rendered":"<p>Knygoje pateikiama pneumonij\u0173, plauk\u010di\u0173 tuberkulioz\u0117s bei v\u0117\u017eio ir kit\u0173 kv\u0117pavimo organ\u0173 lig\u0173 diagnostika. I\u0161 prad\u017ei\u0173 nurodomi paprasti, visiems prieinami rentgenologinio plau\u010di\u0173 tyrimo metodai, o toliau &#8211; sud\u0117tingesni ir retesni. Knygoje i\u0161samiai nu\u0161viesta diferencin\u0117 rentgenodiagnostika.<\/p>\n","protected":false},"featured_media":14714,"comment_status":"open","ping_status":"closed","template":"","meta":{"_acf_changed":false,"site-sidebar-layout":"default","site-content-layout":"","ast-site-content-layout":"default","site-content-style":"default","site-sidebar-style":"default","ast-global-header-display":"","ast-banner-title-visibility":"","ast-main-header-display":"","ast-hfb-above-header-display":"","ast-hfb-below-header-display":"","ast-hfb-mobile-header-display":"","site-post-title":"","ast-breadcrumbs-content":"","ast-featured-img":"","footer-sml-layout":"","ast-disable-related-posts":"","theme-transparent-header-meta":"default","adv-header-id-meta":"","stick-header-meta":"","header-above-stick-meta":"","header-main-stick-meta":"","header-below-stick-meta":"","astra-migrate-meta-layouts":"set","ast-page-background-enabled":"default","ast-page-background-meta":{"desktop":{"background-color":"","background-image":"","background-repeat":"repeat","background-position":"center center","background-size":"auto","background-attachment":"scroll","background-type":"","background-media":"","overlay-type":"","overlay-color":"","overlay-opacity":"","overlay-gradient":""},"tablet":{"background-color":"","background-image":"","background-repeat":"repeat","background-position":"center center","background-size":"auto","background-attachment":"scroll","background-type":"","background-media":"","overlay-type":"","overlay-color":"","overlay-opacity":"","overlay-gradient":""},"mobile":{"background-color":"","background-image":"","background-repeat":"repeat","background-position":"center center","background-size":"auto","background-attachment":"scroll","background-type":"","background-media":"","overlay-type":"","overlay-color":"","overlay-opacity":"","overlay-gradient":""}},"ast-content-background-meta":{"desktop":{"background-color":"var(--ast-global-color-4)","background-image":"","background-repeat":"repeat","background-position":"center center","background-size":"auto","background-attachment":"scroll","background-type":"","background-media":"","overlay-type":"","overlay-color":"","overlay-opacity":"","overlay-gradient":""},"tablet":{"background-color":"var(--ast-global-color-4)","background-image":"","background-repeat":"repeat","background-position":"center center","background-size":"auto","background-attachment":"scroll","background-type":"","background-media":"","overlay-type":"","overlay-color":"","overlay-opacity":"","overlay-gradient":""},"mobile":{"background-color":"var(--ast-global-color-4)","background-image":"","background-repeat":"repeat","background-position":"center center","background-size":"auto","background-attachment":"scroll","background-type":"","background-media":"","overlay-type":"","overlay-color":"","overlay-opacity":"","overlay-gradient":""}}},"product_brand":[],"product_cat":[9854],"product_tag":[],"class_list":{"0":"post-14702","1":"product","2":"type-product","3":"status-publish","4":"has-post-thumbnail","6":"product_cat-medicina","7":"desktop-align-left","8":"tablet-align-left","9":"mobile-align-left","11":"first","12":"instock","13":"shipping-taxable","14":"purchasable","15":"product-type-simple"},"acf":[],"yoast_head":"<!-- This site is optimized with the Yoast SEO plugin v27.0 - https:\/\/yoast.com\/product\/yoast-seo-wordpress\/ -->\n<title>Kv\u0117pavimo organ\u0173 lig\u0173 rentgenodiagnostika<\/title>\n<meta name=\"description\" content=\"Knygoje pateikiama pneumonij\u0173, plauk\u010di\u0173 tuberkulioz\u0117s bei v\u0117\u017eio ir kit\u0173 kv\u0117pavimo organ\u0173 lig\u0173 diagnostika. I\u0161 prad\u017ei\u0173 nurodomi paprasti, visiems prieinami\" \/>\n<meta name=\"robots\" content=\"index, follow, max-snippet:-1, max-image-preview:large, max-video-preview:-1\" \/>\n<link rel=\"canonical\" href=\"https:\/\/skaitytaknyga.lt\/en\/produktas\/kvepavimo-organu-ligu-rentgenodiagnostika\/\" \/>\n<meta property=\"og:locale\" content=\"en_GB\" \/>\n<meta property=\"og:locale:alternate\" content=\"lt_LT\" \/>\n<meta property=\"og:type\" content=\"article\" \/>\n<meta property=\"og:title\" content=\"Kv\u0117pavimo organ\u0173 lig\u0173 rentgenodiagnostika\" \/>\n<meta property=\"og:description\" content=\"Knygoje pateikiama pneumonij\u0173, plauk\u010di\u0173 tuberkulioz\u0117s bei v\u0117\u017eio ir kit\u0173 kv\u0117pavimo organ\u0173 lig\u0173 diagnostika. I\u0161 prad\u017ei\u0173 nurodomi paprasti, visiems prieinami\" \/>\n<meta property=\"og:url\" content=\"https:\/\/skaitytaknyga.lt\/en\/produktas\/kvepavimo-organu-ligu-rentgenodiagnostika\/\" \/>\n<meta property=\"og:site_name\" content=\"Skaitytaknyga\" \/>\n<meta property=\"article:publisher\" content=\"https:\/\/www.facebook.com\/skaitytaknyga\/\" \/>\n<meta property=\"article:modified_time\" content=\"2026-03-18T11:28:20+00:00\" \/>\n<meta property=\"og:image\" content=\"https:\/\/skaitytaknyga.lt\/wp-content\/uploads\/2024\/11\/ambrozaitis_k_ir_kiti-kvepavimo_organu_ligu_rentgenodiagnostika-2005639.webp\" \/>\n\t<meta property=\"og:image:width\" content=\"544\" \/>\n\t<meta property=\"og:image:height\" content=\"800\" \/>\n\t<meta property=\"og:image:type\" content=\"image\/webp\" \/>\n<meta name=\"twitter:card\" content=\"summary_large_image\" \/>\n<meta name=\"twitter:label1\" content=\"Estimated reading time\" \/>\n\t<meta name=\"twitter:data1\" content=\"1 minute\" \/>\n<script type=\"application\/ld+json\" class=\"yoast-schema-graph\">{\"@context\":\"https:\/\/schema.org\",\"@graph\":[{\"@type\":\"WebPage\",\"@id\":\"https:\/\/skaitytaknyga.lt\/produktas\/kvepavimo-organu-ligu-rentgenodiagnostika\/\",\"url\":\"https:\/\/skaitytaknyga.lt\/produktas\/kvepavimo-organu-ligu-rentgenodiagnostika\/\",\"name\":\"Kv\u0117pavimo organ\u0173 lig\u0173 rentgenodiagnostika\",\"isPartOf\":{\"@id\":\"https:\/\/skaitytaknyga.lt\/#website\"},\"primaryImageOfPage\":{\"@id\":\"https:\/\/skaitytaknyga.lt\/produktas\/kvepavimo-organu-ligu-rentgenodiagnostika\/#primaryimage\"},\"image\":{\"@id\":\"https:\/\/skaitytaknyga.lt\/produktas\/kvepavimo-organu-ligu-rentgenodiagnostika\/#primaryimage\"},\"thumbnailUrl\":\"https:\/\/skaitytaknyga.lt\/wp-content\/uploads\/2024\/11\/ambrozaitis_k_ir_kiti-kvepavimo_organu_ligu_rentgenodiagnostika-2005639.webp\",\"datePublished\":\"2024-11-17T14:48:08+00:00\",\"dateModified\":\"2026-03-18T11:28:20+00:00\",\"description\":\"Knygoje pateikiama pneumonij\u0173, plauk\u010di\u0173 tuberkulioz\u0117s bei v\u0117\u017eio ir kit\u0173 kv\u0117pavimo organ\u0173 lig\u0173 diagnostika. I\u0161 prad\u017ei\u0173 nurodomi paprasti, visiems prieinami\",\"breadcrumb\":{\"@id\":\"https:\/\/skaitytaknyga.lt\/produktas\/kvepavimo-organu-ligu-rentgenodiagnostika\/#breadcrumb\"},\"inLanguage\":\"en-GB\",\"potentialAction\":[{\"@type\":\"ReadAction\",\"target\":[\"https:\/\/skaitytaknyga.lt\/produktas\/kvepavimo-organu-ligu-rentgenodiagnostika\/\"]}]},{\"@type\":\"ImageObject\",\"inLanguage\":\"en-GB\",\"@id\":\"https:\/\/skaitytaknyga.lt\/produktas\/kvepavimo-organu-ligu-rentgenodiagnostika\/#primaryimage\",\"url\":\"https:\/\/skaitytaknyga.lt\/wp-content\/uploads\/2024\/11\/ambrozaitis_k_ir_kiti-kvepavimo_organu_ligu_rentgenodiagnostika-2005639.webp\",\"contentUrl\":\"https:\/\/skaitytaknyga.lt\/wp-content\/uploads\/2024\/11\/ambrozaitis_k_ir_kiti-kvepavimo_organu_ligu_rentgenodiagnostika-2005639.webp\",\"width\":544,\"height\":800,\"caption\":\"Kv\u0117pavimo organ\u0173 lig\u0173 rentgenodiagnostika\"},{\"@type\":\"BreadcrumbList\",\"@id\":\"https:\/\/skaitytaknyga.lt\/produktas\/kvepavimo-organu-ligu-rentgenodiagnostika\/#breadcrumb\",\"itemListElement\":[{\"@type\":\"ListItem\",\"position\":1,\"name\":\"Home\",\"item\":\"https:\/\/skaitytaknyga.lt\/\"},{\"@type\":\"ListItem\",\"position\":2,\"name\":\"Parduotuv\u0117\",\"item\":\"https:\/\/skaitytaknyga.lt\/knygu-parduotuve\/\"},{\"@type\":\"ListItem\",\"position\":3,\"name\":\"Kv\u0117pavimo organ\u0173 lig\u0173 rentgenodiagnostika\"}]},{\"@type\":\"WebSite\",\"@id\":\"https:\/\/skaitytaknyga.lt\/#website\",\"url\":\"https:\/\/skaitytaknyga.lt\/\",\"name\":\"skaitytaknyga.lt\",\"description\":\"Skaitytaknyga.lt \u2013 tai ma\u017eas \u0161eimos verslas, kuris prasid\u0117jo nuo meil\u0117s knygoms ir siekio i\u0161gelb\u0117ti knygas nuo likimo prie konteinerio. Kas vienam nereikalingas daiktas \u2013 kitam lobis, o mes esame tarpininkai, kurie padeda abiems tapti laimingesniems ???? \u017dinome kaip nelengva i\u0161gyventi ma\u017eiems verslams, tad nuo \u0161iol, \u010dia rasite ir kit\u0173, ma\u017e\u0173 \u0161eim\u0173 versl\u0173, rank\u0173 darbo, dovan\u0173 sau ir artimiesiems.\",\"publisher\":{\"@id\":\"https:\/\/skaitytaknyga.lt\/#organization\"},\"potentialAction\":[{\"@type\":\"SearchAction\",\"target\":{\"@type\":\"EntryPoint\",\"urlTemplate\":\"https:\/\/skaitytaknyga.lt\/?s={search_term_string}\"},\"query-input\":{\"@type\":\"PropertyValueSpecification\",\"valueRequired\":true,\"valueName\":\"search_term_string\"}}],\"inLanguage\":\"en-GB\"},{\"@type\":\"Organization\",\"@id\":\"https:\/\/skaitytaknyga.lt\/#organization\",\"name\":\"skaitytaknyga.lt\",\"url\":\"https:\/\/skaitytaknyga.lt\/\",\"logo\":{\"@type\":\"ImageObject\",\"inLanguage\":\"en-GB\",\"@id\":\"https:\/\/skaitytaknyga.lt\/#\/schema\/logo\/image\/\",\"url\":\"https:\/\/skaitytaknyga.lt\/wp-content\/uploads\/2024\/05\/cropped-cropped-cropped-02_00843_jt3bggkj1j3HLc7SyY6rEUpg.jpeg\",\"contentUrl\":\"https:\/\/skaitytaknyga.lt\/wp-content\/uploads\/2024\/05\/cropped-cropped-cropped-02_00843_jt3bggkj1j3HLc7SyY6rEUpg.jpeg\",\"width\":1600,\"height\":1600,\"caption\":\"skaitytaknyga.lt\"},\"image\":{\"@id\":\"https:\/\/skaitytaknyga.lt\/#\/schema\/logo\/image\/\"},\"sameAs\":[\"https:\/\/www.facebook.com\/skaitytaknyga\/\"]}]}<\/script>\n<!-- \/ Yoast SEO plugin. -->","yoast_head_json":{"title":"Kv\u0117pavimo organ\u0173 lig\u0173 rentgenodiagnostika","description":"Knygoje pateikiama pneumonij\u0173, plauk\u010di\u0173 tuberkulioz\u0117s bei v\u0117\u017eio ir kit\u0173 kv\u0117pavimo organ\u0173 lig\u0173 diagnostika. I\u0161 prad\u017ei\u0173 nurodomi paprasti, visiems prieinami","robots":{"index":"index","follow":"follow","max-snippet":"max-snippet:-1","max-image-preview":"max-image-preview:large","max-video-preview":"max-video-preview:-1"},"canonical":"https:\/\/skaitytaknyga.lt\/en\/produktas\/kvepavimo-organu-ligu-rentgenodiagnostika\/","og_locale":"en_GB","og_type":"article","og_title":"[:lt]Kv\u0117pavimo organ\u0173 lig\u0173 rentgenodiagnostika[:] - Skaitytaknyga","og_description":"Knygoje pateikiama pneumonij\u0173, plauk\u010di\u0173 tuberkulioz\u0117s bei v\u0117\u017eio ir kit\u0173 kv\u0117pavimo organ\u0173 lig\u0173 diagnostika. I\u0161 prad\u017ei\u0173 nurodomi paprasti, visiems prieinami","og_url":"https:\/\/skaitytaknyga.lt\/en\/produktas\/kvepavimo-organu-ligu-rentgenodiagnostika\/","og_site_name":"Skaitytaknyga","article_publisher":"https:\/\/www.facebook.com\/skaitytaknyga\/","article_modified_time":"2026-03-18T11:28:20+00:00","og_image":[{"width":544,"height":800,"url":"https:\/\/skaitytaknyga.lt\/wp-content\/uploads\/2024\/11\/ambrozaitis_k_ir_kiti-kvepavimo_organu_ligu_rentgenodiagnostika-2005639.webp","type":"image\/webp"}],"twitter_card":"summary_large_image","twitter_misc":{"Estimated reading time":"1 minute"},"schema":{"@context":"https:\/\/schema.org","@graph":[{"@type":"WebPage","@id":"https:\/\/skaitytaknyga.lt\/produktas\/kvepavimo-organu-ligu-rentgenodiagnostika\/","url":"https:\/\/skaitytaknyga.lt\/produktas\/kvepavimo-organu-ligu-rentgenodiagnostika\/","name":"Kv\u0117pavimo organ\u0173 lig\u0173 rentgenodiagnostika","isPartOf":{"@id":"https:\/\/skaitytaknyga.lt\/#website"},"primaryImageOfPage":{"@id":"https:\/\/skaitytaknyga.lt\/produktas\/kvepavimo-organu-ligu-rentgenodiagnostika\/#primaryimage"},"image":{"@id":"https:\/\/skaitytaknyga.lt\/produktas\/kvepavimo-organu-ligu-rentgenodiagnostika\/#primaryimage"},"thumbnailUrl":"https:\/\/skaitytaknyga.lt\/wp-content\/uploads\/2024\/11\/ambrozaitis_k_ir_kiti-kvepavimo_organu_ligu_rentgenodiagnostika-2005639.webp","datePublished":"2024-11-17T14:48:08+00:00","dateModified":"2026-03-18T11:28:20+00:00","description":"Knygoje pateikiama pneumonij\u0173, plauk\u010di\u0173 tuberkulioz\u0117s bei v\u0117\u017eio ir kit\u0173 kv\u0117pavimo organ\u0173 lig\u0173 diagnostika. I\u0161 prad\u017ei\u0173 nurodomi paprasti, visiems prieinami","breadcrumb":{"@id":"https:\/\/skaitytaknyga.lt\/produktas\/kvepavimo-organu-ligu-rentgenodiagnostika\/#breadcrumb"},"inLanguage":"en-GB","potentialAction":[{"@type":"ReadAction","target":["https:\/\/skaitytaknyga.lt\/produktas\/kvepavimo-organu-ligu-rentgenodiagnostika\/"]}]},{"@type":"ImageObject","inLanguage":"en-GB","@id":"https:\/\/skaitytaknyga.lt\/produktas\/kvepavimo-organu-ligu-rentgenodiagnostika\/#primaryimage","url":"https:\/\/skaitytaknyga.lt\/wp-content\/uploads\/2024\/11\/ambrozaitis_k_ir_kiti-kvepavimo_organu_ligu_rentgenodiagnostika-2005639.webp","contentUrl":"https:\/\/skaitytaknyga.lt\/wp-content\/uploads\/2024\/11\/ambrozaitis_k_ir_kiti-kvepavimo_organu_ligu_rentgenodiagnostika-2005639.webp","width":544,"height":800,"caption":"Kv\u0117pavimo organ\u0173 lig\u0173 rentgenodiagnostika"},{"@type":"BreadcrumbList","@id":"https:\/\/skaitytaknyga.lt\/produktas\/kvepavimo-organu-ligu-rentgenodiagnostika\/#breadcrumb","itemListElement":[{"@type":"ListItem","position":1,"name":"Home","item":"https:\/\/skaitytaknyga.lt\/"},{"@type":"ListItem","position":2,"name":"Parduotuv\u0117","item":"https:\/\/skaitytaknyga.lt\/knygu-parduotuve\/"},{"@type":"ListItem","position":3,"name":"Kv\u0117pavimo organ\u0173 lig\u0173 rentgenodiagnostika"}]},{"@type":"WebSite","@id":"https:\/\/skaitytaknyga.lt\/#website","url":"https:\/\/skaitytaknyga.lt\/","name":"skaitytaknyga.lt","description":"Skaitytaknyga.lt \u2013 tai ma\u017eas \u0161eimos verslas, kuris prasid\u0117jo nuo meil\u0117s knygoms ir siekio i\u0161gelb\u0117ti knygas nuo likimo prie konteinerio. Kas vienam nereikalingas daiktas \u2013 kitam lobis, o mes esame tarpininkai, kurie padeda abiems tapti laimingesniems ???? \u017dinome kaip nelengva i\u0161gyventi ma\u017eiems verslams, tad nuo \u0161iol, \u010dia rasite ir kit\u0173, ma\u017e\u0173 \u0161eim\u0173 versl\u0173, rank\u0173 darbo, dovan\u0173 sau ir artimiesiems.","publisher":{"@id":"https:\/\/skaitytaknyga.lt\/#organization"},"potentialAction":[{"@type":"SearchAction","target":{"@type":"EntryPoint","urlTemplate":"https:\/\/skaitytaknyga.lt\/?s={search_term_string}"},"query-input":{"@type":"PropertyValueSpecification","valueRequired":true,"valueName":"search_term_string"}}],"inLanguage":"en-GB"},{"@type":"Organization","@id":"https:\/\/skaitytaknyga.lt\/#organization","name":"skaitytaknyga.lt","url":"https:\/\/skaitytaknyga.lt\/","logo":{"@type":"ImageObject","inLanguage":"en-GB","@id":"https:\/\/skaitytaknyga.lt\/#\/schema\/logo\/image\/","url":"https:\/\/skaitytaknyga.lt\/wp-content\/uploads\/2024\/05\/cropped-cropped-cropped-02_00843_jt3bggkj1j3HLc7SyY6rEUpg.jpeg","contentUrl":"https:\/\/skaitytaknyga.lt\/wp-content\/uploads\/2024\/05\/cropped-cropped-cropped-02_00843_jt3bggkj1j3HLc7SyY6rEUpg.jpeg","width":1600,"height":1600,"caption":"skaitytaknyga.lt"},"image":{"@id":"https:\/\/skaitytaknyga.lt\/#\/schema\/logo\/image\/"},"sameAs":["https:\/\/www.facebook.com\/skaitytaknyga\/"]}]}},"_links":{"self":[{"href":"https:\/\/skaitytaknyga.lt\/en\/wp-json\/wp\/v2\/product\/14702","targetHints":{"allow":["GET"]}}],"collection":[{"href":"https:\/\/skaitytaknyga.lt\/en\/wp-json\/wp\/v2\/product"}],"about":[{"href":"https:\/\/skaitytaknyga.lt\/en\/wp-json\/wp\/v2\/types\/product"}],"replies":[{"embeddable":true,"href":"https:\/\/skaitytaknyga.lt\/en\/wp-json\/wp\/v2\/comments?post=14702"}],"wp:featuredmedia":[{"embeddable":true,"href":"https:\/\/skaitytaknyga.lt\/en\/wp-json\/wp\/v2\/media\/14714"}],"wp:attachment":[{"href":"https:\/\/skaitytaknyga.lt\/en\/wp-json\/wp\/v2\/media?parent=14702"}],"wp:term":[{"taxonomy":"product_brand","embeddable":true,"href":"https:\/\/skaitytaknyga.lt\/en\/wp-json\/wp\/v2\/product_brand?post=14702"},{"taxonomy":"product_cat","embeddable":true,"href":"https:\/\/skaitytaknyga.lt\/en\/wp-json\/wp\/v2\/product_cat?post=14702"},{"taxonomy":"product_tag","embeddable":true,"href":"https:\/\/skaitytaknyga.lt\/en\/wp-json\/wp\/v2\/product_tag?post=14702"}],"curies":[{"name":"wp","href":"https:\/\/api.w.org\/{rel}","templated":true}]}}