{"id":14700,"date":"2024-11-17T16:48:08","date_gmt":"2024-11-17T14:48:08","guid":{"rendered":"https:\/\/skaitytaknyga.lt\/?post_type=product&#038;p=14700"},"modified":"2024-11-22T13:06:27","modified_gmt":"2024-11-22T11:06:27","slug":"molio-motiejus-zmoniu-karalius-atsirises-vienas-lankas","status":"publish","type":"product","link":"https:\/\/skaitytaknyga.lt\/en\/produktas\/molio-motiejus-zmoniu-karalius-atsirises-vienas-lankas\/","title":{"rendered":"Molio Motiejus &#8211; \u017emoni\u0173 karalius (atsiri\u0161\u0119s vienas lankas)"},"content":{"rendered":"<p>Nuostabi ir spalvinga, gyva ir \u0161maik\u0161ti, pamokanti ir juokinga, i\u0161 liaudies sakmi\u0173 ir padavim\u0173 kilusi lietuvi\u0173 vaik\u0173 ra\u0161ytojo klasiko pasaka apie i\u0161 molio nulipdyt\u0105 ir atgijus\u012f bebaim\u012f kovotoj\u0105 Molio Motiej\u0173, u\u017e ties\u0105 ir \u017emones paaukojus\u012f savo gyvyb\u0119 ir \u012f\u017eengus\u012f \u012f ugn\u012f.<\/p>\n<ul class=\"about-product d-none d-xl-block mt-4\">\n<li><strong>Autorius:<\/strong>\u00a0Vytautas Petkevi\u010dius<\/li>\n<li><strong>Leid\u0117jas:<\/strong>\u00a0Vaga<\/li>\n<li><strong>Metai:<\/strong>\u00a01984<\/li>\n<li><strong>Puslapiai:<\/strong>\u00a0204<\/li>\n<li class=\"toggleable type-new-formats \"><strong>Formatas:<\/strong>\u00a020 x 26,5 x 20 cm, kieti vir\u0161eliai<\/li>\n<\/ul>\n","protected":false},"excerpt":{"rendered":"<p>Nuostabi ir spalvinga, gyva ir \u0161maik\u0161ti, pamokanti ir juokinga, i\u0161 liaudies sakmi\u0173 ir padavim\u0173 kilusi lietuvi\u0173 vaik\u0173 ra\u0161ytojo klasiko pasaka apie i\u0161 molio nulipdyt\u0105 ir atgijus\u012f bebaim\u012f kovotoj\u0105 Molio Motiej\u0173, u\u017e ties\u0105 ir \u017emones paaukojus\u012f savo gyvyb\u0119 ir \u012f\u017eengus\u012f \u012f ugn\u012f. Autorius:\u00a0Vytautas Petkevi\u010dius Leid\u0117jas:\u00a0Vaga Metai:\u00a01984 Puslapiai:\u00a0204 Formatas:\u00a020 x 26,5 x 20 cm, kieti vir\u0161eliai<\/p>\n","protected":false},"featured_media":14715,"comment_status":"open","ping_status":"closed","template":"","meta":{"_acf_changed":false,"site-sidebar-layout":"default","site-content-layout":"","ast-site-content-layout":"default","site-content-style":"default","site-sidebar-style":"default","ast-global-header-display":"","ast-banner-title-visibility":"","ast-main-header-display":"","ast-hfb-above-header-display":"","ast-hfb-below-header-display":"","ast-hfb-mobile-header-display":"","site-post-title":"","ast-breadcrumbs-content":"","ast-featured-img":"","footer-sml-layout":"","ast-disable-related-posts":"","theme-transparent-header-meta":"default","adv-header-id-meta":"","stick-header-meta":"","header-above-stick-meta":"","header-main-stick-meta":"","header-below-stick-meta":"","astra-migrate-meta-layouts":"set","ast-page-background-enabled":"default","ast-page-background-meta":{"desktop":{"background-color":"","background-image":"","background-repeat":"repeat","background-position":"center center","background-size":"auto","background-attachment":"scroll","background-type":"","background-media":"","overlay-type":"","overlay-color":"","overlay-opacity":"","overlay-gradient":""},"tablet":{"background-color":"","background-image":"","background-repeat":"repeat","background-position":"center center","background-size":"auto","background-attachment":"scroll","background-type":"","background-media":"","overlay-type":"","overlay-color":"","overlay-opacity":"","overlay-gradient":""},"mobile":{"background-color":"","background-image":"","background-repeat":"repeat","background-position":"center center","background-size":"auto","background-attachment":"scroll","background-type":"","background-media":"","overlay-type":"","overlay-color":"","overlay-opacity":"","overlay-gradient":""}},"ast-content-background-meta":{"desktop":{"background-color":"var(--ast-global-color-4)","background-image":"","background-repeat":"repeat","background-position":"center center","background-size":"auto","background-attachment":"scroll","background-type":"","background-media":"","overlay-type":"","overlay-color":"","overlay-opacity":"","overlay-gradient":""},"tablet":{"background-color":"var(--ast-global-color-4)","background-image":"","background-repeat":"repeat","background-position":"center center","background-size":"auto","background-attachment":"scroll","background-type":"","background-media":"","overlay-type":"","overlay-color":"","overlay-opacity":"","overlay-gradient":""},"mobile":{"background-color":"var(--ast-global-color-4)","background-image":"","background-repeat":"repeat","background-position":"center center","background-size":"auto","background-attachment":"scroll","background-type":"","background-media":"","overlay-type":"","overlay-color":"","overlay-opacity":"","overlay-gradient":""}}},"product_brand":[],"product_cat":[35,15],"product_tag":[],"class_list":{"0":"post-14700","1":"product","2":"type-product","3":"status-publish","4":"has-post-thumbnail","6":"product_cat-vaikams-ir-paaugliams","7":"product_cat-uncategorized","8":"desktop-align-left","9":"tablet-align-left","10":"mobile-align-left","12":"first","13":"instock","14":"shipping-taxable","15":"purchasable","16":"product-type-simple"},"acf":[],"yoast_head":"<!-- This site is optimized with the Yoast SEO plugin v27.4 - https:\/\/yoast.com\/product\/yoast-seo-wordpress\/ -->\n<title>Molio Motiejus - \u017emoni\u0173 karalius (atsiri\u0161\u0119s vienas lankas)<\/title>\n<meta name=\"description\" content=\"Nuostabi ir spalvinga, gyva ir \u0161maik\u0161ti, pamokanti ir juokinga, i\u0161 liaudies sakmi\u0173 ir padavim\u0173 kilusi lietuvi\u0173 vaik\u0173 ra\u0161ytojo klasiko pasaka apie i\u0161 molio\" \/>\n<meta name=\"robots\" content=\"index, follow, max-snippet:-1, max-image-preview:large, max-video-preview:-1\" \/>\n<link rel=\"canonical\" href=\"https:\/\/skaitytaknyga.lt\/en\/produktas\/molio-motiejus-zmoniu-karalius-atsirises-vienas-lankas\/\" \/>\n<meta property=\"og:locale\" content=\"en_GB\" \/>\n<meta property=\"og:locale:alternate\" content=\"lt_LT\" \/>\n<meta property=\"og:type\" content=\"article\" \/>\n<meta property=\"og:title\" content=\"Molio Motiejus - \u017emoni\u0173 karalius (atsiri\u0161\u0119s vienas lankas)\" \/>\n<meta property=\"og:description\" content=\"Nuostabi ir spalvinga, gyva ir \u0161maik\u0161ti, pamokanti ir juokinga, i\u0161 liaudies sakmi\u0173 ir padavim\u0173 kilusi lietuvi\u0173 vaik\u0173 ra\u0161ytojo klasiko pasaka apie i\u0161 molio\" \/>\n<meta property=\"og:url\" content=\"https:\/\/skaitytaknyga.lt\/en\/produktas\/molio-motiejus-zmoniu-karalius-atsirises-vienas-lankas\/\" \/>\n<meta property=\"og:site_name\" content=\"Skaitytaknyga\" \/>\n<meta property=\"article:publisher\" content=\"https:\/\/www.facebook.com\/skaitytaknyga\/\" \/>\n<meta property=\"article:modified_time\" content=\"2024-11-22T11:06:27+00:00\" \/>\n<meta property=\"og:image\" content=\"https:\/\/skaitytaknyga.lt\/wp-content\/uploads\/2024\/11\/Molio-Motiejus-zmoniu-karalius.webp\" \/>\n\t<meta property=\"og:image:width\" content=\"632\" \/>\n\t<meta property=\"og:image:height\" content=\"800\" \/>\n\t<meta property=\"og:image:type\" content=\"image\/webp\" \/>\n<meta name=\"twitter:card\" content=\"summary_large_image\" \/>\n<meta name=\"twitter:label1\" content=\"Estimated reading time\" \/>\n\t<meta name=\"twitter:data1\" content=\"1 minute\" \/>\n<script type=\"application\/ld+json\" class=\"yoast-schema-graph\">{\"@context\":\"https:\\\/\\\/schema.org\",\"@graph\":[{\"@type\":\"WebPage\",\"@id\":\"https:\\\/\\\/skaitytaknyga.lt\\\/produktas\\\/molio-motiejus-zmoniu-karalius-atsirises-vienas-lankas\\\/\",\"url\":\"https:\\\/\\\/skaitytaknyga.lt\\\/produktas\\\/molio-motiejus-zmoniu-karalius-atsirises-vienas-lankas\\\/\",\"name\":\"Molio Motiejus - \u017emoni\u0173 karalius (atsiri\u0161\u0119s vienas lankas)\",\"isPartOf\":{\"@id\":\"https:\\\/\\\/skaitytaknyga.lt\\\/#website\"},\"primaryImageOfPage\":{\"@id\":\"https:\\\/\\\/skaitytaknyga.lt\\\/produktas\\\/molio-motiejus-zmoniu-karalius-atsirises-vienas-lankas\\\/#primaryimage\"},\"image\":{\"@id\":\"https:\\\/\\\/skaitytaknyga.lt\\\/produktas\\\/molio-motiejus-zmoniu-karalius-atsirises-vienas-lankas\\\/#primaryimage\"},\"thumbnailUrl\":\"https:\\\/\\\/skaitytaknyga.lt\\\/wp-content\\\/uploads\\\/2024\\\/11\\\/Molio-Motiejus-zmoniu-karalius.webp\",\"datePublished\":\"2024-11-17T14:48:08+00:00\",\"dateModified\":\"2024-11-22T11:06:27+00:00\",\"description\":\"Nuostabi ir spalvinga, gyva ir \u0161maik\u0161ti, pamokanti ir juokinga, i\u0161 liaudies sakmi\u0173 ir padavim\u0173 kilusi lietuvi\u0173 vaik\u0173 ra\u0161ytojo klasiko pasaka apie i\u0161 molio\",\"breadcrumb\":{\"@id\":\"https:\\\/\\\/skaitytaknyga.lt\\\/produktas\\\/molio-motiejus-zmoniu-karalius-atsirises-vienas-lankas\\\/#breadcrumb\"},\"inLanguage\":\"en-GB\",\"potentialAction\":[{\"@type\":\"ReadAction\",\"target\":[\"https:\\\/\\\/skaitytaknyga.lt\\\/produktas\\\/molio-motiejus-zmoniu-karalius-atsirises-vienas-lankas\\\/\"]}]},{\"@type\":\"ImageObject\",\"inLanguage\":\"en-GB\",\"@id\":\"https:\\\/\\\/skaitytaknyga.lt\\\/produktas\\\/molio-motiejus-zmoniu-karalius-atsirises-vienas-lankas\\\/#primaryimage\",\"url\":\"https:\\\/\\\/skaitytaknyga.lt\\\/wp-content\\\/uploads\\\/2024\\\/11\\\/Molio-Motiejus-zmoniu-karalius.webp\",\"contentUrl\":\"https:\\\/\\\/skaitytaknyga.lt\\\/wp-content\\\/uploads\\\/2024\\\/11\\\/Molio-Motiejus-zmoniu-karalius.webp\",\"width\":632,\"height\":800,\"caption\":\"Molio Motiejus - \u017emoni\u0173 karalius\"},{\"@type\":\"BreadcrumbList\",\"@id\":\"https:\\\/\\\/skaitytaknyga.lt\\\/produktas\\\/molio-motiejus-zmoniu-karalius-atsirises-vienas-lankas\\\/#breadcrumb\",\"itemListElement\":[{\"@type\":\"ListItem\",\"position\":1,\"name\":\"Home\",\"item\":\"https:\\\/\\\/skaitytaknyga.lt\\\/\"},{\"@type\":\"ListItem\",\"position\":2,\"name\":\"Parduotuv\u0117\",\"item\":\"https:\\\/\\\/skaitytaknyga.lt\\\/knygu-parduotuve\\\/\"},{\"@type\":\"ListItem\",\"position\":3,\"name\":\"Molio Motiejus &#8211; \u017emoni\u0173 karalius (atsiri\u0161\u0119s vienas lankas)\"}]},{\"@type\":\"WebSite\",\"@id\":\"https:\\\/\\\/skaitytaknyga.lt\\\/#website\",\"url\":\"https:\\\/\\\/skaitytaknyga.lt\\\/\",\"name\":\"skaitytaknyga.lt\",\"description\":\"Skaitytaknyga.lt \u2013 tai ma\u017eas \u0161eimos verslas, kuris prasid\u0117jo nuo meil\u0117s knygoms ir siekio i\u0161gelb\u0117ti knygas nuo likimo prie konteinerio. Kas vienam nereikalingas daiktas \u2013 kitam lobis, o mes esame tarpininkai, kurie padeda abiems tapti laimingesniems ???? \u017dinome kaip nelengva i\u0161gyventi ma\u017eiems verslams, tad nuo \u0161iol, \u010dia rasite ir kit\u0173, ma\u017e\u0173 \u0161eim\u0173 versl\u0173, rank\u0173 darbo, dovan\u0173 sau ir artimiesiems.\",\"publisher\":{\"@id\":\"https:\\\/\\\/skaitytaknyga.lt\\\/#organization\"},\"potentialAction\":[{\"@type\":\"SearchAction\",\"target\":{\"@type\":\"EntryPoint\",\"urlTemplate\":\"https:\\\/\\\/skaitytaknyga.lt\\\/?s={search_term_string}\"},\"query-input\":{\"@type\":\"PropertyValueSpecification\",\"valueRequired\":true,\"valueName\":\"search_term_string\"}}],\"inLanguage\":\"en-GB\"},{\"@type\":\"Organization\",\"@id\":\"https:\\\/\\\/skaitytaknyga.lt\\\/#organization\",\"name\":\"skaitytaknyga.lt\",\"url\":\"https:\\\/\\\/skaitytaknyga.lt\\\/\",\"logo\":{\"@type\":\"ImageObject\",\"inLanguage\":\"en-GB\",\"@id\":\"https:\\\/\\\/skaitytaknyga.lt\\\/#\\\/schema\\\/logo\\\/image\\\/\",\"url\":\"https:\\\/\\\/skaitytaknyga.lt\\\/wp-content\\\/uploads\\\/2024\\\/05\\\/cropped-cropped-cropped-02_00843_jt3bggkj1j3HLc7SyY6rEUpg.jpeg\",\"contentUrl\":\"https:\\\/\\\/skaitytaknyga.lt\\\/wp-content\\\/uploads\\\/2024\\\/05\\\/cropped-cropped-cropped-02_00843_jt3bggkj1j3HLc7SyY6rEUpg.jpeg\",\"width\":1600,\"height\":1600,\"caption\":\"skaitytaknyga.lt\"},\"image\":{\"@id\":\"https:\\\/\\\/skaitytaknyga.lt\\\/#\\\/schema\\\/logo\\\/image\\\/\"},\"sameAs\":[\"https:\\\/\\\/www.facebook.com\\\/skaitytaknyga\\\/\"]}]}<\/script>\n<!-- \/ Yoast SEO plugin. -->","yoast_head_json":{"title":"Molio Motiejus - \u017emoni\u0173 karalius (atsiri\u0161\u0119s vienas lankas)","description":"Nuostabi ir spalvinga, gyva ir \u0161maik\u0161ti, pamokanti ir juokinga, i\u0161 liaudies sakmi\u0173 ir padavim\u0173 kilusi lietuvi\u0173 vaik\u0173 ra\u0161ytojo klasiko pasaka apie i\u0161 molio","robots":{"index":"index","follow":"follow","max-snippet":"max-snippet:-1","max-image-preview":"max-image-preview:large","max-video-preview":"max-video-preview:-1"},"canonical":"https:\/\/skaitytaknyga.lt\/en\/produktas\/molio-motiejus-zmoniu-karalius-atsirises-vienas-lankas\/","og_locale":"en_GB","og_type":"article","og_title":"[:lt]Molio Motiejus - \u017emoni\u0173 karalius (atsiri\u0161\u0119s vienas lankas)[:] - Skaitytaknyga","og_description":"Nuostabi ir spalvinga, gyva ir \u0161maik\u0161ti, pamokanti ir juokinga, i\u0161 liaudies sakmi\u0173 ir padavim\u0173 kilusi lietuvi\u0173 vaik\u0173 ra\u0161ytojo klasiko pasaka apie i\u0161 molio","og_url":"https:\/\/skaitytaknyga.lt\/en\/produktas\/molio-motiejus-zmoniu-karalius-atsirises-vienas-lankas\/","og_site_name":"Skaitytaknyga","article_publisher":"https:\/\/www.facebook.com\/skaitytaknyga\/","article_modified_time":"2024-11-22T11:06:27+00:00","og_image":[{"width":632,"height":800,"url":"https:\/\/skaitytaknyga.lt\/wp-content\/uploads\/2024\/11\/Molio-Motiejus-zmoniu-karalius.webp","type":"image\/webp"}],"twitter_card":"summary_large_image","twitter_misc":{"Estimated reading time":"1 minute"},"schema":{"@context":"https:\/\/schema.org","@graph":[{"@type":"WebPage","@id":"https:\/\/skaitytaknyga.lt\/produktas\/molio-motiejus-zmoniu-karalius-atsirises-vienas-lankas\/","url":"https:\/\/skaitytaknyga.lt\/produktas\/molio-motiejus-zmoniu-karalius-atsirises-vienas-lankas\/","name":"Molio Motiejus - \u017emoni\u0173 karalius (atsiri\u0161\u0119s vienas lankas)","isPartOf":{"@id":"https:\/\/skaitytaknyga.lt\/#website"},"primaryImageOfPage":{"@id":"https:\/\/skaitytaknyga.lt\/produktas\/molio-motiejus-zmoniu-karalius-atsirises-vienas-lankas\/#primaryimage"},"image":{"@id":"https:\/\/skaitytaknyga.lt\/produktas\/molio-motiejus-zmoniu-karalius-atsirises-vienas-lankas\/#primaryimage"},"thumbnailUrl":"https:\/\/skaitytaknyga.lt\/wp-content\/uploads\/2024\/11\/Molio-Motiejus-zmoniu-karalius.webp","datePublished":"2024-11-17T14:48:08+00:00","dateModified":"2024-11-22T11:06:27+00:00","description":"Nuostabi ir spalvinga, gyva ir \u0161maik\u0161ti, pamokanti ir juokinga, i\u0161 liaudies sakmi\u0173 ir padavim\u0173 kilusi lietuvi\u0173 vaik\u0173 ra\u0161ytojo klasiko pasaka apie i\u0161 molio","breadcrumb":{"@id":"https:\/\/skaitytaknyga.lt\/produktas\/molio-motiejus-zmoniu-karalius-atsirises-vienas-lankas\/#breadcrumb"},"inLanguage":"en-GB","potentialAction":[{"@type":"ReadAction","target":["https:\/\/skaitytaknyga.lt\/produktas\/molio-motiejus-zmoniu-karalius-atsirises-vienas-lankas\/"]}]},{"@type":"ImageObject","inLanguage":"en-GB","@id":"https:\/\/skaitytaknyga.lt\/produktas\/molio-motiejus-zmoniu-karalius-atsirises-vienas-lankas\/#primaryimage","url":"https:\/\/skaitytaknyga.lt\/wp-content\/uploads\/2024\/11\/Molio-Motiejus-zmoniu-karalius.webp","contentUrl":"https:\/\/skaitytaknyga.lt\/wp-content\/uploads\/2024\/11\/Molio-Motiejus-zmoniu-karalius.webp","width":632,"height":800,"caption":"Molio Motiejus - \u017emoni\u0173 karalius"},{"@type":"BreadcrumbList","@id":"https:\/\/skaitytaknyga.lt\/produktas\/molio-motiejus-zmoniu-karalius-atsirises-vienas-lankas\/#breadcrumb","itemListElement":[{"@type":"ListItem","position":1,"name":"Home","item":"https:\/\/skaitytaknyga.lt\/"},{"@type":"ListItem","position":2,"name":"Parduotuv\u0117","item":"https:\/\/skaitytaknyga.lt\/knygu-parduotuve\/"},{"@type":"ListItem","position":3,"name":"Molio Motiejus &#8211; \u017emoni\u0173 karalius (atsiri\u0161\u0119s vienas lankas)"}]},{"@type":"WebSite","@id":"https:\/\/skaitytaknyga.lt\/#website","url":"https:\/\/skaitytaknyga.lt\/","name":"skaitytaknyga.lt","description":"Skaitytaknyga.lt \u2013 tai ma\u017eas \u0161eimos verslas, kuris prasid\u0117jo nuo meil\u0117s knygoms ir siekio i\u0161gelb\u0117ti knygas nuo likimo prie konteinerio. Kas vienam nereikalingas daiktas \u2013 kitam lobis, o mes esame tarpininkai, kurie padeda abiems tapti laimingesniems ???? \u017dinome kaip nelengva i\u0161gyventi ma\u017eiems verslams, tad nuo \u0161iol, \u010dia rasite ir kit\u0173, ma\u017e\u0173 \u0161eim\u0173 versl\u0173, rank\u0173 darbo, dovan\u0173 sau ir artimiesiems.","publisher":{"@id":"https:\/\/skaitytaknyga.lt\/#organization"},"potentialAction":[{"@type":"SearchAction","target":{"@type":"EntryPoint","urlTemplate":"https:\/\/skaitytaknyga.lt\/?s={search_term_string}"},"query-input":{"@type":"PropertyValueSpecification","valueRequired":true,"valueName":"search_term_string"}}],"inLanguage":"en-GB"},{"@type":"Organization","@id":"https:\/\/skaitytaknyga.lt\/#organization","name":"skaitytaknyga.lt","url":"https:\/\/skaitytaknyga.lt\/","logo":{"@type":"ImageObject","inLanguage":"en-GB","@id":"https:\/\/skaitytaknyga.lt\/#\/schema\/logo\/image\/","url":"https:\/\/skaitytaknyga.lt\/wp-content\/uploads\/2024\/05\/cropped-cropped-cropped-02_00843_jt3bggkj1j3HLc7SyY6rEUpg.jpeg","contentUrl":"https:\/\/skaitytaknyga.lt\/wp-content\/uploads\/2024\/05\/cropped-cropped-cropped-02_00843_jt3bggkj1j3HLc7SyY6rEUpg.jpeg","width":1600,"height":1600,"caption":"skaitytaknyga.lt"},"image":{"@id":"https:\/\/skaitytaknyga.lt\/#\/schema\/logo\/image\/"},"sameAs":["https:\/\/www.facebook.com\/skaitytaknyga\/"]}]}},"_links":{"self":[{"href":"https:\/\/skaitytaknyga.lt\/en\/wp-json\/wp\/v2\/product\/14700","targetHints":{"allow":["GET"]}}],"collection":[{"href":"https:\/\/skaitytaknyga.lt\/en\/wp-json\/wp\/v2\/product"}],"about":[{"href":"https:\/\/skaitytaknyga.lt\/en\/wp-json\/wp\/v2\/types\/product"}],"replies":[{"embeddable":true,"href":"https:\/\/skaitytaknyga.lt\/en\/wp-json\/wp\/v2\/comments?post=14700"}],"wp:featuredmedia":[{"embeddable":true,"href":"https:\/\/skaitytaknyga.lt\/en\/wp-json\/wp\/v2\/media\/14715"}],"wp:attachment":[{"href":"https:\/\/skaitytaknyga.lt\/en\/wp-json\/wp\/v2\/media?parent=14700"}],"wp:term":[{"taxonomy":"product_brand","embeddable":true,"href":"https:\/\/skaitytaknyga.lt\/en\/wp-json\/wp\/v2\/product_brand?post=14700"},{"taxonomy":"product_cat","embeddable":true,"href":"https:\/\/skaitytaknyga.lt\/en\/wp-json\/wp\/v2\/product_cat?post=14700"},{"taxonomy":"product_tag","embeddable":true,"href":"https:\/\/skaitytaknyga.lt\/en\/wp-json\/wp\/v2\/product_tag?post=14700"}],"curies":[{"name":"wp","href":"https:\/\/api.w.org\/{rel}","templated":true}]}}