{"id":14698,"date":"2024-11-17T16:48:07","date_gmt":"2024-11-17T14:48:07","guid":{"rendered":"https:\/\/skaitytaknyga.lt\/?post_type=product&#038;p=14698"},"modified":"2024-11-22T13:24:01","modified_gmt":"2024-11-22T11:24:01","slug":"didysis-medziotojas-mikas-pupkus","status":"publish","type":"product","link":"https:\/\/skaitytaknyga.lt\/en\/produktas\/didysis-medziotojas-mikas-pupkus\/","title":{"rendered":"Didysis med\u017eiotojas Mikas Pupkus"},"content":{"rendered":"<p><b>Vytauto Petkevi\u010diaus<\/b>\u00a0(1930-2008)\u00a0<b>\u201eDidysis med\u017eiotojas Mikas Pupkus\u201c\u00a0<\/b>\u2013 smagi, juok\u0173 ir pok\u0161t\u0173 kupina nuotyki\u0173 apysaka, skirta ir dideliems, ir ma\u017eiems priminti, ra\u0161ytojo \u017eod\u017eiais tariant, \u201ei\u0161 kur mes pareiname\u201c, kur m\u016bs\u0173, \u017emoni\u0173, i\u0161takos ir kam turime b\u016bti d\u0117kingi, kad i\u0161 viso esame.<\/p>\n<p>\u012estabu, jog \u0161\u012f k\u016brin\u012f kiekvienas gal\u0117s perskaityti pagal savo gebas ar i\u0161gales. Pyplys ir kiek pa\u016bg\u0117j\u0119s ten ras gra\u017ei\u0105, \u017eoding\u0105, meistri\u0161kai pasekt\u0105 ir d\u0117mes\u012f prikaustan\u010di\u0105 \u0161maik\u0161\u010di\u0105 pasak\u0105, vyresnis \u2013 gili\u0173, jaudinan\u010di\u0173 min\u010di\u0173, kokia brangi ir \u0161venta yra gamta ir kaip svarbu j\u0105 myl\u0117ti, saugoti, tausoti. Suaug\u0119s gaus susim\u0105styti, ar visada buvo teisus, pasirink\u0119s ner\u016bpestingo eikvotojo keli\u0105.<\/p>\n<p>Trumpai tariant, knygos \u0161\u016bkis \u201eGAMTA \u2013 M\u016aS\u0172 MOTINA\u201c, beje, nuspalvin\u0119s vis\u0105 ra\u0161ytojo gyvenim\u0105 bei k\u016bryb\u0105. \u0160ioje knygoje jis \u012fd\u0117tas \u012f labai savito, sta\u010diai neprilygstamo pad\u016bk\u0117lio, pramani\u016bgo ir vali\u016bgo, med\u017eiotojo Miko Pupkaus, l\u016bpas.<\/p>\n<p>\u0160tai keletas jo \u017eod\u017ei\u0173 apie save pat\u012f \u2013 susipa\u017einimui:<\/p>\n<p><i>DAUG KALB\u0116DAMAS SUMELUOSI IR NENOR\u0116DAMAS<\/i><\/p>\n<p><i>Pirma ir paskutin\u0117 prakalba<\/i><\/p>\n<p><i>Sako, \u017evejai dideli pagyr\u016bnai. Galb\u016bt. Argi visi \u017emon\u0117s kiaurai vanden\u012f mato?<\/i><\/p>\n<p><i>Kalba, med\u017eiotojai dar didesni pramani\u016bgai. Bet kas \u010dia tokio? Po kepure gyvenant visko pasitaiko.<\/i><\/p>\n<p><i>Plepa, keliauninkai vis\u0173 did\u017eiausi melagiai. Ir nieko baisaus: kas daug pamato, tas dar daugiau pasako.<\/i><\/p>\n<p><i>Tik tam nieko nenutinka, kas namie kiauras dienas r\u016bgsta, galv\u0105 po duknom paki\u0161\u0119s dr\u016bnija ir sald\u017ei\u0173 sapn\u0173 nesapnuoja arba stor\u0173 knyg\u0173 neskaito.<\/i><\/p>\n<p><i>O a\u0161 nuo pat ma\u017eens po marg\u0105 pasaul\u012f klajoju, lip\u010diaus kulkom \u0161audau, kaltu \u017euvis gaudau, ta\u010diau vis viena niekada ir niekam nemeluoju, nes ir taip visos teisyb\u0117s apie savo nepaprastus nuotykius i\u0161pasakot nesp\u0117ju.<\/i><\/p>\n","protected":false},"excerpt":{"rendered":"<p>Vytauto Petkevi\u010diaus\u00a0(1930-2008)\u00a0\u201eDidysis med\u017eiotojas Mikas Pupkus\u201c\u00a0\u2013 smagi, juok\u0173 ir pok\u0161t\u0173 kupina nuotyki\u0173 apysaka, skirta ir dideliems, ir ma\u017eiems priminti, ra\u0161ytojo \u017eod\u017eiais tariant, \u201ei\u0161 kur mes pareiname\u201c, kur m\u016bs\u0173, \u017emoni\u0173, i\u0161takos ir kam turime b\u016bti d\u0117kingi, kad i\u0161 viso esame. \u012estabu, jog \u0161\u012f k\u016brin\u012f kiekvienas gal\u0117s perskaityti pagal savo gebas ar i\u0161gales. Pyplys ir kiek pa\u016bg\u0117j\u0119s ten ras gra\u017ei\u0105, \u017eoding\u0105, meistri\u0161kai pasekt\u0105 ir d\u0117mes\u012f prikaustan\u010di\u0105 \u0161maik\u0161\u010di\u0105 pasak\u0105, vyresnis \u2013 gili\u0173, jaudinan\u010di\u0173 min\u010di\u0173, kokia brangi ir \u0161venta yra gamta ir kaip svarbu j\u0105 myl\u0117ti, saugoti, tausoti. Suaug\u0119s gaus susim\u0105styti, ar visada buvo teisus, pasirink\u0119s ner\u016bpestingo eikvotojo keli\u0105. Trumpai tariant, knygos \u0161\u016bkis \u201eGAMTA \u2013 M\u016aS\u0172 MOTINA\u201c, beje, nuspalvin\u0119s vis\u0105 ra\u0161ytojo gyvenim\u0105 bei k\u016bryb\u0105. \u0160ioje knygoje jis \u012fd\u0117tas \u012f labai savito, sta\u010diai neprilygstamo pad\u016bk\u0117lio, pramani\u016bgo ir vali\u016bgo, med\u017eiotojo Miko Pupkaus, l\u016bpas. \u0160tai keletas jo \u017eod\u017ei\u0173 apie save pat\u012f \u2013 susipa\u017einimui: DAUG KALB\u0116DAMAS SUMELUOSI IR NENOR\u0116DAMAS Pirma ir paskutin\u0117 prakalba Sako, \u017evejai dideli pagyr\u016bnai. Galb\u016bt. Argi visi \u017emon\u0117s kiaurai vanden\u012f mato? Kalba, med\u017eiotojai dar didesni pramani\u016bgai. Bet kas \u010dia tokio? Po kepure gyvenant visko pasitaiko. Plepa, keliauninkai vis\u0173 did\u017eiausi melagiai. Ir nieko baisaus: kas daug pamato, tas dar daugiau pasako. Tik tam nieko nenutinka, kas namie kiauras dienas r\u016bgsta, galv\u0105 po duknom paki\u0161\u0119s dr\u016bnija ir sald\u017ei\u0173 sapn\u0173 nesapnuoja arba stor\u0173 knyg\u0173 neskaito. O a\u0161 nuo pat ma\u017eens po marg\u0105 pasaul\u012f klajoju, lip\u010diaus kulkom \u0161audau, kaltu \u017euvis gaudau, ta\u010diau vis viena niekada ir niekam nemeluoju, nes ir taip visos teisyb\u0117s apie savo nepaprastus nuotykius i\u0161pasakot nesp\u0117ju.<\/p>\n","protected":false},"featured_media":14717,"comment_status":"open","ping_status":"closed","template":"","meta":{"_acf_changed":false,"site-sidebar-layout":"default","site-content-layout":"","ast-site-content-layout":"default","site-content-style":"default","site-sidebar-style":"default","ast-global-header-display":"","ast-banner-title-visibility":"","ast-main-header-display":"","ast-hfb-above-header-display":"","ast-hfb-below-header-display":"","ast-hfb-mobile-header-display":"","site-post-title":"","ast-breadcrumbs-content":"","ast-featured-img":"","footer-sml-layout":"","ast-disable-related-posts":"","theme-transparent-header-meta":"default","adv-header-id-meta":"","stick-header-meta":"","header-above-stick-meta":"","header-main-stick-meta":"","header-below-stick-meta":"","astra-migrate-meta-layouts":"set","ast-page-background-enabled":"default","ast-page-background-meta":{"desktop":{"background-color":"","background-image":"","background-repeat":"repeat","background-position":"center center","background-size":"auto","background-attachment":"scroll","background-type":"","background-media":"","overlay-type":"","overlay-color":"","overlay-opacity":"","overlay-gradient":""},"tablet":{"background-color":"","background-image":"","background-repeat":"repeat","background-position":"center center","background-size":"auto","background-attachment":"scroll","background-type":"","background-media":"","overlay-type":"","overlay-color":"","overlay-opacity":"","overlay-gradient":""},"mobile":{"background-color":"","background-image":"","background-repeat":"repeat","background-position":"center center","background-size":"auto","background-attachment":"scroll","background-type":"","background-media":"","overlay-type":"","overlay-color":"","overlay-opacity":"","overlay-gradient":""}},"ast-content-background-meta":{"desktop":{"background-color":"var(--ast-global-color-4)","background-image":"","background-repeat":"repeat","background-position":"center center","background-size":"auto","background-attachment":"scroll","background-type":"","background-media":"","overlay-type":"","overlay-color":"","overlay-opacity":"","overlay-gradient":""},"tablet":{"background-color":"var(--ast-global-color-4)","background-image":"","background-repeat":"repeat","background-position":"center center","background-size":"auto","background-attachment":"scroll","background-type":"","background-media":"","overlay-type":"","overlay-color":"","overlay-opacity":"","overlay-gradient":""},"mobile":{"background-color":"var(--ast-global-color-4)","background-image":"","background-repeat":"repeat","background-position":"center center","background-size":"auto","background-attachment":"scroll","background-type":"","background-media":"","overlay-type":"","overlay-color":"","overlay-opacity":"","overlay-gradient":""}}},"product_brand":[],"product_cat":[35,15],"product_tag":[],"class_list":{"0":"post-14698","1":"product","2":"type-product","3":"status-publish","4":"has-post-thumbnail","6":"product_cat-vaikams-ir-paaugliams","7":"product_cat-uncategorized","8":"desktop-align-left","9":"tablet-align-left","10":"mobile-align-left","12":"first","13":"instock","14":"shipping-taxable","15":"purchasable","16":"product-type-simple"},"acf":[],"yoast_head":"<!-- This site is optimized with the Yoast SEO plugin v27.4 - https:\/\/yoast.com\/product\/yoast-seo-wordpress\/ -->\n<title>Didysis med\u017eiotojas Mikas Pupkus<\/title>\n<meta name=\"description\" content=\"Vytauto Petkevi\u010diaus\u00a0(1930-2008)\u00a0\u201eDidysis med\u017eiotojas Mikas Pupkus\u201c\u00a0\u2013 smagi, juok\u0173 ir pok\u0161t\u0173 kupina nuotyki\u0173 apysaka, skirta ir dideliems, ir ma\u017eiems\" \/>\n<meta name=\"robots\" content=\"index, follow, max-snippet:-1, max-image-preview:large, max-video-preview:-1\" \/>\n<link rel=\"canonical\" href=\"https:\/\/skaitytaknyga.lt\/en\/produktas\/didysis-medziotojas-mikas-pupkus\/\" \/>\n<meta property=\"og:locale\" content=\"en_GB\" \/>\n<meta property=\"og:locale:alternate\" content=\"lt_LT\" \/>\n<meta property=\"og:type\" content=\"article\" \/>\n<meta property=\"og:title\" content=\"Didysis med\u017eiotojas Mikas Pupkus\" \/>\n<meta property=\"og:description\" content=\"Vytauto Petkevi\u010diaus\u00a0(1930-2008)\u00a0\u201eDidysis med\u017eiotojas Mikas Pupkus\u201c\u00a0\u2013 smagi, juok\u0173 ir pok\u0161t\u0173 kupina nuotyki\u0173 apysaka, skirta ir dideliems, ir ma\u017eiems\" \/>\n<meta property=\"og:url\" content=\"https:\/\/skaitytaknyga.lt\/en\/produktas\/didysis-medziotojas-mikas-pupkus\/\" \/>\n<meta property=\"og:site_name\" content=\"Skaitytaknyga\" \/>\n<meta property=\"article:publisher\" content=\"https:\/\/www.facebook.com\/skaitytaknyga\/\" \/>\n<meta property=\"article:modified_time\" content=\"2024-11-22T11:24:01+00:00\" \/>\n<meta property=\"og:image\" content=\"https:\/\/skaitytaknyga.lt\/wp-content\/uploads\/2024\/11\/Didysis-medziotojas-Mikas-Pupkus.jpg\" \/>\n\t<meta property=\"og:image:width\" content=\"600\" \/>\n\t<meta property=\"og:image:height\" content=\"776\" \/>\n\t<meta property=\"og:image:type\" content=\"image\/jpeg\" \/>\n<meta name=\"twitter:card\" content=\"summary_large_image\" \/>\n<meta name=\"twitter:label1\" content=\"Estimated reading time\" \/>\n\t<meta name=\"twitter:data1\" content=\"2 minutes\" \/>\n<script type=\"application\/ld+json\" class=\"yoast-schema-graph\">{\"@context\":\"https:\\\/\\\/schema.org\",\"@graph\":[{\"@type\":\"WebPage\",\"@id\":\"https:\\\/\\\/skaitytaknyga.lt\\\/produktas\\\/didysis-medziotojas-mikas-pupkus\\\/\",\"url\":\"https:\\\/\\\/skaitytaknyga.lt\\\/produktas\\\/didysis-medziotojas-mikas-pupkus\\\/\",\"name\":\"Didysis med\u017eiotojas Mikas Pupkus\",\"isPartOf\":{\"@id\":\"https:\\\/\\\/skaitytaknyga.lt\\\/#website\"},\"primaryImageOfPage\":{\"@id\":\"https:\\\/\\\/skaitytaknyga.lt\\\/produktas\\\/didysis-medziotojas-mikas-pupkus\\\/#primaryimage\"},\"image\":{\"@id\":\"https:\\\/\\\/skaitytaknyga.lt\\\/produktas\\\/didysis-medziotojas-mikas-pupkus\\\/#primaryimage\"},\"thumbnailUrl\":\"https:\\\/\\\/skaitytaknyga.lt\\\/wp-content\\\/uploads\\\/2024\\\/11\\\/Didysis-medziotojas-Mikas-Pupkus.jpg\",\"datePublished\":\"2024-11-17T14:48:07+00:00\",\"dateModified\":\"2024-11-22T11:24:01+00:00\",\"description\":\"Vytauto Petkevi\u010diaus\u00a0(1930-2008)\u00a0\u201eDidysis med\u017eiotojas Mikas Pupkus\u201c\u00a0\u2013 smagi, juok\u0173 ir pok\u0161t\u0173 kupina nuotyki\u0173 apysaka, skirta ir dideliems, ir ma\u017eiems\",\"breadcrumb\":{\"@id\":\"https:\\\/\\\/skaitytaknyga.lt\\\/produktas\\\/didysis-medziotojas-mikas-pupkus\\\/#breadcrumb\"},\"inLanguage\":\"en-GB\",\"potentialAction\":[{\"@type\":\"ReadAction\",\"target\":[\"https:\\\/\\\/skaitytaknyga.lt\\\/produktas\\\/didysis-medziotojas-mikas-pupkus\\\/\"]}]},{\"@type\":\"ImageObject\",\"inLanguage\":\"en-GB\",\"@id\":\"https:\\\/\\\/skaitytaknyga.lt\\\/produktas\\\/didysis-medziotojas-mikas-pupkus\\\/#primaryimage\",\"url\":\"https:\\\/\\\/skaitytaknyga.lt\\\/wp-content\\\/uploads\\\/2024\\\/11\\\/Didysis-medziotojas-Mikas-Pupkus.jpg\",\"contentUrl\":\"https:\\\/\\\/skaitytaknyga.lt\\\/wp-content\\\/uploads\\\/2024\\\/11\\\/Didysis-medziotojas-Mikas-Pupkus.jpg\",\"width\":600,\"height\":776,\"caption\":\"Didysis med\u017eiotojas Mikas Pupkus\"},{\"@type\":\"BreadcrumbList\",\"@id\":\"https:\\\/\\\/skaitytaknyga.lt\\\/produktas\\\/didysis-medziotojas-mikas-pupkus\\\/#breadcrumb\",\"itemListElement\":[{\"@type\":\"ListItem\",\"position\":1,\"name\":\"Home\",\"item\":\"https:\\\/\\\/skaitytaknyga.lt\\\/\"},{\"@type\":\"ListItem\",\"position\":2,\"name\":\"Parduotuv\u0117\",\"item\":\"https:\\\/\\\/skaitytaknyga.lt\\\/knygu-parduotuve\\\/\"},{\"@type\":\"ListItem\",\"position\":3,\"name\":\"Didysis med\u017eiotojas Mikas Pupkus\"}]},{\"@type\":\"WebSite\",\"@id\":\"https:\\\/\\\/skaitytaknyga.lt\\\/#website\",\"url\":\"https:\\\/\\\/skaitytaknyga.lt\\\/\",\"name\":\"skaitytaknyga.lt\",\"description\":\"Skaitytaknyga.lt \u2013 tai ma\u017eas \u0161eimos verslas, kuris prasid\u0117jo nuo meil\u0117s knygoms ir siekio i\u0161gelb\u0117ti knygas nuo likimo prie konteinerio. Kas vienam nereikalingas daiktas \u2013 kitam lobis, o mes esame tarpininkai, kurie padeda abiems tapti laimingesniems ???? \u017dinome kaip nelengva i\u0161gyventi ma\u017eiems verslams, tad nuo \u0161iol, \u010dia rasite ir kit\u0173, ma\u017e\u0173 \u0161eim\u0173 versl\u0173, rank\u0173 darbo, dovan\u0173 sau ir artimiesiems.\",\"publisher\":{\"@id\":\"https:\\\/\\\/skaitytaknyga.lt\\\/#organization\"},\"potentialAction\":[{\"@type\":\"SearchAction\",\"target\":{\"@type\":\"EntryPoint\",\"urlTemplate\":\"https:\\\/\\\/skaitytaknyga.lt\\\/?s={search_term_string}\"},\"query-input\":{\"@type\":\"PropertyValueSpecification\",\"valueRequired\":true,\"valueName\":\"search_term_string\"}}],\"inLanguage\":\"en-GB\"},{\"@type\":\"Organization\",\"@id\":\"https:\\\/\\\/skaitytaknyga.lt\\\/#organization\",\"name\":\"skaitytaknyga.lt\",\"url\":\"https:\\\/\\\/skaitytaknyga.lt\\\/\",\"logo\":{\"@type\":\"ImageObject\",\"inLanguage\":\"en-GB\",\"@id\":\"https:\\\/\\\/skaitytaknyga.lt\\\/#\\\/schema\\\/logo\\\/image\\\/\",\"url\":\"https:\\\/\\\/skaitytaknyga.lt\\\/wp-content\\\/uploads\\\/2024\\\/05\\\/cropped-cropped-cropped-02_00843_jt3bggkj1j3HLc7SyY6rEUpg.jpeg\",\"contentUrl\":\"https:\\\/\\\/skaitytaknyga.lt\\\/wp-content\\\/uploads\\\/2024\\\/05\\\/cropped-cropped-cropped-02_00843_jt3bggkj1j3HLc7SyY6rEUpg.jpeg\",\"width\":1600,\"height\":1600,\"caption\":\"skaitytaknyga.lt\"},\"image\":{\"@id\":\"https:\\\/\\\/skaitytaknyga.lt\\\/#\\\/schema\\\/logo\\\/image\\\/\"},\"sameAs\":[\"https:\\\/\\\/www.facebook.com\\\/skaitytaknyga\\\/\"]}]}<\/script>\n<!-- \/ Yoast SEO plugin. -->","yoast_head_json":{"title":"Didysis med\u017eiotojas Mikas Pupkus","description":"Vytauto Petkevi\u010diaus\u00a0(1930-2008)\u00a0\u201eDidysis med\u017eiotojas Mikas Pupkus\u201c\u00a0\u2013 smagi, juok\u0173 ir pok\u0161t\u0173 kupina nuotyki\u0173 apysaka, skirta ir dideliems, ir ma\u017eiems","robots":{"index":"index","follow":"follow","max-snippet":"max-snippet:-1","max-image-preview":"max-image-preview:large","max-video-preview":"max-video-preview:-1"},"canonical":"https:\/\/skaitytaknyga.lt\/en\/produktas\/didysis-medziotojas-mikas-pupkus\/","og_locale":"en_GB","og_type":"article","og_title":"[:lt]Didysis med\u017eiotojas Mikas Pupkus[:] - Skaitytaknyga","og_description":"Vytauto Petkevi\u010diaus\u00a0(1930-2008)\u00a0\u201eDidysis med\u017eiotojas Mikas Pupkus\u201c\u00a0\u2013 smagi, juok\u0173 ir pok\u0161t\u0173 kupina nuotyki\u0173 apysaka, skirta ir dideliems, ir ma\u017eiems","og_url":"https:\/\/skaitytaknyga.lt\/en\/produktas\/didysis-medziotojas-mikas-pupkus\/","og_site_name":"Skaitytaknyga","article_publisher":"https:\/\/www.facebook.com\/skaitytaknyga\/","article_modified_time":"2024-11-22T11:24:01+00:00","og_image":[{"width":600,"height":776,"url":"https:\/\/skaitytaknyga.lt\/wp-content\/uploads\/2024\/11\/Didysis-medziotojas-Mikas-Pupkus.jpg","type":"image\/jpeg"}],"twitter_card":"summary_large_image","twitter_misc":{"Estimated reading time":"2 minutes"},"schema":{"@context":"https:\/\/schema.org","@graph":[{"@type":"WebPage","@id":"https:\/\/skaitytaknyga.lt\/produktas\/didysis-medziotojas-mikas-pupkus\/","url":"https:\/\/skaitytaknyga.lt\/produktas\/didysis-medziotojas-mikas-pupkus\/","name":"Didysis med\u017eiotojas Mikas Pupkus","isPartOf":{"@id":"https:\/\/skaitytaknyga.lt\/#website"},"primaryImageOfPage":{"@id":"https:\/\/skaitytaknyga.lt\/produktas\/didysis-medziotojas-mikas-pupkus\/#primaryimage"},"image":{"@id":"https:\/\/skaitytaknyga.lt\/produktas\/didysis-medziotojas-mikas-pupkus\/#primaryimage"},"thumbnailUrl":"https:\/\/skaitytaknyga.lt\/wp-content\/uploads\/2024\/11\/Didysis-medziotojas-Mikas-Pupkus.jpg","datePublished":"2024-11-17T14:48:07+00:00","dateModified":"2024-11-22T11:24:01+00:00","description":"Vytauto Petkevi\u010diaus\u00a0(1930-2008)\u00a0\u201eDidysis med\u017eiotojas Mikas Pupkus\u201c\u00a0\u2013 smagi, juok\u0173 ir pok\u0161t\u0173 kupina nuotyki\u0173 apysaka, skirta ir dideliems, ir ma\u017eiems","breadcrumb":{"@id":"https:\/\/skaitytaknyga.lt\/produktas\/didysis-medziotojas-mikas-pupkus\/#breadcrumb"},"inLanguage":"en-GB","potentialAction":[{"@type":"ReadAction","target":["https:\/\/skaitytaknyga.lt\/produktas\/didysis-medziotojas-mikas-pupkus\/"]}]},{"@type":"ImageObject","inLanguage":"en-GB","@id":"https:\/\/skaitytaknyga.lt\/produktas\/didysis-medziotojas-mikas-pupkus\/#primaryimage","url":"https:\/\/skaitytaknyga.lt\/wp-content\/uploads\/2024\/11\/Didysis-medziotojas-Mikas-Pupkus.jpg","contentUrl":"https:\/\/skaitytaknyga.lt\/wp-content\/uploads\/2024\/11\/Didysis-medziotojas-Mikas-Pupkus.jpg","width":600,"height":776,"caption":"Didysis med\u017eiotojas Mikas Pupkus"},{"@type":"BreadcrumbList","@id":"https:\/\/skaitytaknyga.lt\/produktas\/didysis-medziotojas-mikas-pupkus\/#breadcrumb","itemListElement":[{"@type":"ListItem","position":1,"name":"Home","item":"https:\/\/skaitytaknyga.lt\/"},{"@type":"ListItem","position":2,"name":"Parduotuv\u0117","item":"https:\/\/skaitytaknyga.lt\/knygu-parduotuve\/"},{"@type":"ListItem","position":3,"name":"Didysis med\u017eiotojas Mikas Pupkus"}]},{"@type":"WebSite","@id":"https:\/\/skaitytaknyga.lt\/#website","url":"https:\/\/skaitytaknyga.lt\/","name":"skaitytaknyga.lt","description":"Skaitytaknyga.lt \u2013 tai ma\u017eas \u0161eimos verslas, kuris prasid\u0117jo nuo meil\u0117s knygoms ir siekio i\u0161gelb\u0117ti knygas nuo likimo prie konteinerio. Kas vienam nereikalingas daiktas \u2013 kitam lobis, o mes esame tarpininkai, kurie padeda abiems tapti laimingesniems ???? \u017dinome kaip nelengva i\u0161gyventi ma\u017eiems verslams, tad nuo \u0161iol, \u010dia rasite ir kit\u0173, ma\u017e\u0173 \u0161eim\u0173 versl\u0173, rank\u0173 darbo, dovan\u0173 sau ir artimiesiems.","publisher":{"@id":"https:\/\/skaitytaknyga.lt\/#organization"},"potentialAction":[{"@type":"SearchAction","target":{"@type":"EntryPoint","urlTemplate":"https:\/\/skaitytaknyga.lt\/?s={search_term_string}"},"query-input":{"@type":"PropertyValueSpecification","valueRequired":true,"valueName":"search_term_string"}}],"inLanguage":"en-GB"},{"@type":"Organization","@id":"https:\/\/skaitytaknyga.lt\/#organization","name":"skaitytaknyga.lt","url":"https:\/\/skaitytaknyga.lt\/","logo":{"@type":"ImageObject","inLanguage":"en-GB","@id":"https:\/\/skaitytaknyga.lt\/#\/schema\/logo\/image\/","url":"https:\/\/skaitytaknyga.lt\/wp-content\/uploads\/2024\/05\/cropped-cropped-cropped-02_00843_jt3bggkj1j3HLc7SyY6rEUpg.jpeg","contentUrl":"https:\/\/skaitytaknyga.lt\/wp-content\/uploads\/2024\/05\/cropped-cropped-cropped-02_00843_jt3bggkj1j3HLc7SyY6rEUpg.jpeg","width":1600,"height":1600,"caption":"skaitytaknyga.lt"},"image":{"@id":"https:\/\/skaitytaknyga.lt\/#\/schema\/logo\/image\/"},"sameAs":["https:\/\/www.facebook.com\/skaitytaknyga\/"]}]}},"_links":{"self":[{"href":"https:\/\/skaitytaknyga.lt\/en\/wp-json\/wp\/v2\/product\/14698","targetHints":{"allow":["GET"]}}],"collection":[{"href":"https:\/\/skaitytaknyga.lt\/en\/wp-json\/wp\/v2\/product"}],"about":[{"href":"https:\/\/skaitytaknyga.lt\/en\/wp-json\/wp\/v2\/types\/product"}],"replies":[{"embeddable":true,"href":"https:\/\/skaitytaknyga.lt\/en\/wp-json\/wp\/v2\/comments?post=14698"}],"wp:featuredmedia":[{"embeddable":true,"href":"https:\/\/skaitytaknyga.lt\/en\/wp-json\/wp\/v2\/media\/14717"}],"wp:attachment":[{"href":"https:\/\/skaitytaknyga.lt\/en\/wp-json\/wp\/v2\/media?parent=14698"}],"wp:term":[{"taxonomy":"product_brand","embeddable":true,"href":"https:\/\/skaitytaknyga.lt\/en\/wp-json\/wp\/v2\/product_brand?post=14698"},{"taxonomy":"product_cat","embeddable":true,"href":"https:\/\/skaitytaknyga.lt\/en\/wp-json\/wp\/v2\/product_cat?post=14698"},{"taxonomy":"product_tag","embeddable":true,"href":"https:\/\/skaitytaknyga.lt\/en\/wp-json\/wp\/v2\/product_tag?post=14698"}],"curies":[{"name":"wp","href":"https:\/\/api.w.org\/{rel}","templated":true}]}}